{"id":40407,"date":"2020-05-18T14:58:04","date_gmt":"2020-05-18T11:58:04","guid":{"rendered":"https:\/\/www.officialguides.net\/rehber-kaydi-2\/"},"modified":"2020-05-25T13:45:37","modified_gmt":"2020-05-25T10:45:37","slug":"rehber-kaydi-2","status":"publish","type":"page","link":"https:\/\/officialguides.com\/tr\/rehber-kaydi-2\/","title":{"rendered":"Rehber Kayd\u0131"},"content":{"rendered":"<h2>Rehber Kayd\u0131<\/h2>\n<p>Officialguide.net, d\u00fcnyan\u0131n d\u00f6rt bir yan\u0131ndaki resmi tur rehberlerini bir araya getiren bir web sitesidir. Web sayfalar\u0131m\u0131zda \u00f6zel turlar\u0131n\u0131z\u0131 do\u011frudan gezginlere sunabilir ve satabilirsiniz. Web sitemizde nas\u0131l listelenece\u011finizi \u00f6\u011frenmek i\u00e7in l\u00fctfen a\u015fa\u011f\u0131daki formu doldurun.<\/p>\n<h3>\u00d6zel turlar\u0131m\u0131 neden internette satay\u0131m?<\/h3>\n<p>Koronavir\u00fcs ile birlikte maalesef 2020&#8217;de yepyeni bir d\u00fczenin ba\u015flang\u0131c\u0131nday\u0131z. T\u00fcm farkl\u0131 sekt\u00f6rler aras\u0131nda turizm belki de en olumsuz etkilenen sekt\u00f6rd\u00fcr. Uzmanlara g\u00f6re, bu yeni ve al\u0131\u015f\u0131lmad\u0131k konseptte, turistik geziler gruplardan ziyade bireysel bazda ger\u00e7ekle\u015ftirilecek. Bu nedenle, geziler, transferler, \u015fehir turlar\u0131 ve di\u011fer t\u00fcm geziler \u00f6zel olacak ve bu yeni konsept ki\u015fi ba\u015f\u0131na maliyeti art\u0131racakt\u0131r. Aileler veya k\u00fc\u00e7\u00fck gruplar, \u00f6zel bir hizmet bulmak i\u00e7in seyahat acenteleri yerine do\u011frudan tur rehberleriyle ileti\u015fim kurmay\u0131 tercih edecektir. Ve elbette ilk adresleri Google olacak. Bu noktada, bu her tur rehberi i\u00e7in bir web sitesi olmas\u0131 meselesidir ve herkesin bir web sitesine sahip olmas\u0131 beklenemez. Ki\u015fisel bir web sitesine sahip olsan\u0131z bile, ciddi bir SEO \u00e7al\u0131\u015fmas\u0131 i\u00e7in \u00e7ok para \u00f6demek ve sonu\u00e7lar\u0131 g\u00f6rmek i\u00e7in uzun s\u00fcre beklemek zorunda kalacaks\u0131n\u0131z. Bu \u00e7aba Google&#8217;da da iyi bir s\u0131ralamay\u0131 garanti etmeyecektir. Bu nedenle, alternatif bir \u00e7\u00f6z\u00fcm olarak, Officialguides.net \u015fimdi t\u00fcm i\u015fi sizin i\u00e7in yapmay\u0131 teklif ediyor. Sonu\u00e7 olarak kendi web profiliniz olacak ve \u00f6zel turlar\u0131n\u0131z\u0131 \u00e7evrimi\u00e7i satabilirsiniz. Bu \u00fccretsiz hizmetten yararlanmak i\u00e7in l\u00fctfen bu sayfadaki formu doldurun.<\/p>\n<h3>Neden officialguides.net web sitesini se\u00e7melisiniz?<\/h3>\n<p>\u00c7\u00fcnk\u00fc Officialguides.net \u00e7ok dilli bir web sitesidir ve \u00f6zel turlar\u0131n\u0131z\u0131 diledi\u011finiz herhangi bir dilde (T\u00fcrk\u00e7e dahil) ve hatta birden fazla dilde sunabilirsiniz. Ayr\u0131ca, kulland\u0131\u011f\u0131m\u0131z en son SEO tekniklerinin yard\u0131m\u0131yla Google&#8217;daki potansiyel ziyaret\u00e7ilere ula\u015fmak zor olmayacakt\u0131r.<\/p>\n<p>\t\t\t\t\t\t\t\t\t\t<img decoding=\"async\" width=\"1024\" height=\"365\" src=\"https:\/\/www.officialguides.net\/wp-content\/uploads\/2020\/05\/how-to-sell-my-private-tours-online-1024x365.jpg\" alt=\"how to sell my private tours and excursions in internet directly to the guest\" srcset=\"https:\/\/www.officialguides.net\/wp-content\/uploads\/2020\/05\/how-to-sell-my-private-tours-online-1024x365.jpg 1024w, https:\/\/www.officialguides.net\/wp-content\/uploads\/2020\/05\/how-to-sell-my-private-tours-online-300x107.jpg 300w, https:\/\/www.officialguides.net\/wp-content\/uploads\/2020\/05\/how-to-sell-my-private-tours-online-768x274.jpg 768w, https:\/\/www.officialguides.net\/wp-content\/uploads\/2020\/05\/how-to-sell-my-private-tours-online.jpg 1280w\" sizes=\"(max-width: 1024px) 100vw, 1024px\" \/><\/p>\n","protected":false},"excerpt":{"rendered":"<p>Rehber Kayd\u0131 Officialguide.net, d\u00fcnyan\u0131n d\u00f6rt bir yan\u0131ndaki resmi tur rehberlerini bir araya getiren bir web sitesidir. Web sayfalar\u0131m\u0131zda \u00f6zel turlar\u0131n\u0131z\u0131 do\u011frudan gezginlere sunabilir ve satabilirsiniz. Web sitemizde nas\u0131l listelenece\u011finizi \u00f6\u011frenmek i\u00e7in l\u00fctfen a\u015fa\u011f\u0131daki formu doldurun. \u00d6zel turlar\u0131m\u0131 neden internette satay\u0131m? Koronavir\u00fcs ile birlikte maalesef 2020&#8217;de yepyeni bir d\u00fczenin ba\u015flang\u0131c\u0131nday\u0131z. T\u00fcm farkl\u0131 sekt\u00f6rler aras\u0131nda turizm belki &#8230; <a title=\"Rehber Kayd\u0131\" class=\"read-more\" href=\"https:\/\/officialguides.com\/tr\/rehber-kaydi-2\/\" aria-label=\"Read more about Rehber Kayd\u0131\">Read more<\/a><\/p>\n","protected":false},"author":3,"featured_media":0,"parent":0,"menu_order":0,"comment_status":"closed","ping_status":"closed","template":"","meta":{"_acf_changed":false,"_lmt_disableupdate":"","_lmt_disable":"","footnotes":""},"class_list":["post-40407","page","type-page","status-publish"],"acf":[],"yoast_head":"<!-- This site is optimized with the Yoast SEO plugin v27.6 - https:\/\/yoast.com\/product\/yoast-seo-wordpress\/ -->\n<title>T\u00fcrk\u00e7e Rehberler \u0130\u00e7in Kay\u0131t | \u00d6zel Turlar\u0131m\u0131 \u0130nternetten Nas\u0131l Satar\u0131m?<\/title>\n<meta name=\"description\" content=\"Turlar\u0131m\u0131 Google \/ Internet&#039;te nas\u0131l satabilirim? Profesyonel bir rehber misiniz? Lisans\u0131n\u0131z var m\u0131? Gezilerinizi web sitemiz \u00fczerinden sunun.\" \/>\n<meta name=\"robots\" content=\"index, follow, max-snippet:-1, max-image-preview:large, max-video-preview:-1\" \/>\n<link rel=\"canonical\" href=\"https:\/\/officialguides.com\/tr\/rehber-kaydi-2\/\" \/>\n<meta property=\"og:locale\" content=\"tr_TR\" \/>\n<meta property=\"og:type\" content=\"article\" \/>\n<meta property=\"og:title\" content=\"T\u00fcrk\u00e7e Rehberler \u0130\u00e7in Kay\u0131t | \u00d6zel Turlar\u0131m\u0131 \u0130nternetten Nas\u0131l Satar\u0131m?\" \/>\n<meta property=\"og:description\" content=\"Turlar\u0131m\u0131 Google \/ Internet&#039;te nas\u0131l satabilirim? Profesyonel bir rehber misiniz? Lisans\u0131n\u0131z var m\u0131? Gezilerinizi web sitemiz \u00fczerinden sunun.\" \/>\n<meta property=\"og:url\" content=\"https:\/\/officialguides.com\/tr\/rehber-kaydi-2\/\" \/>\n<meta property=\"og:site_name\" content=\"Find Your Private Tour Guide Around The World!\" \/>\n<meta property=\"article:modified_time\" content=\"2020-05-25T10:45:37+00:00\" \/>\n<meta property=\"og:image\" content=\"https:\/\/www.officialguides.net\/wp-content\/uploads\/2020\/05\/how-to-sell-my-private-tours-online-1024x365.jpg\" \/>\n<meta name=\"twitter:card\" content=\"summary_large_image\" \/>\n<meta name=\"twitter:label1\" content=\"Tahmini okuma s\u00fcresi\" \/>\n\t<meta name=\"twitter:data1\" content=\"2 dakika\" \/>\n<script type=\"application\/ld+json\" class=\"yoast-schema-graph\">{\"@context\":\"https:\\\/\\\/schema.org\",\"@graph\":[{\"@type\":\"WebPage\",\"@id\":\"https:\\\/\\\/officialguides.com\\\/tr\\\/rehber-kaydi-2\\\/\",\"url\":\"https:\\\/\\\/officialguides.com\\\/tr\\\/rehber-kaydi-2\\\/\",\"name\":\"T\u00fcrk\u00e7e Rehberler \u0130\u00e7in Kay\u0131t | \u00d6zel Turlar\u0131m\u0131 \u0130nternetten Nas\u0131l Satar\u0131m?\",\"isPartOf\":{\"@id\":\"https:\\\/\\\/officialguides.com\\\/tr\\\/#website\"},\"primaryImageOfPage\":{\"@id\":\"https:\\\/\\\/officialguides.com\\\/tr\\\/rehber-kaydi-2\\\/#primaryimage\"},\"image\":{\"@id\":\"https:\\\/\\\/officialguides.com\\\/tr\\\/rehber-kaydi-2\\\/#primaryimage\"},\"thumbnailUrl\":\"https:\\\/\\\/www.officialguides.net\\\/wp-content\\\/uploads\\\/2020\\\/05\\\/how-to-sell-my-private-tours-online-1024x365.jpg\",\"datePublished\":\"2020-05-18T11:58:04+00:00\",\"dateModified\":\"2020-05-25T10:45:37+00:00\",\"description\":\"Turlar\u0131m\u0131 Google \\\/ Internet'te nas\u0131l satabilirim? Profesyonel bir rehber misiniz? Lisans\u0131n\u0131z var m\u0131? Gezilerinizi web sitemiz \u00fczerinden sunun.\",\"breadcrumb\":{\"@id\":\"https:\\\/\\\/officialguides.com\\\/tr\\\/rehber-kaydi-2\\\/#breadcrumb\"},\"inLanguage\":\"tr\",\"potentialAction\":[{\"@type\":\"ReadAction\",\"target\":[\"https:\\\/\\\/officialguides.com\\\/tr\\\/rehber-kaydi-2\\\/\"]}]},{\"@type\":\"ImageObject\",\"inLanguage\":\"tr\",\"@id\":\"https:\\\/\\\/officialguides.com\\\/tr\\\/rehber-kaydi-2\\\/#primaryimage\",\"url\":\"https:\\\/\\\/www.officialguides.net\\\/wp-content\\\/uploads\\\/2020\\\/05\\\/how-to-sell-my-private-tours-online-1024x365.jpg\",\"contentUrl\":\"https:\\\/\\\/www.officialguides.net\\\/wp-content\\\/uploads\\\/2020\\\/05\\\/how-to-sell-my-private-tours-online-1024x365.jpg\"},{\"@type\":\"BreadcrumbList\",\"@id\":\"https:\\\/\\\/officialguides.com\\\/tr\\\/rehber-kaydi-2\\\/#breadcrumb\",\"itemListElement\":[{\"@type\":\"ListItem\",\"position\":1,\"name\":\"Home\",\"item\":\"https:\\\/\\\/officialguides.com\\\/tr\\\/\"},{\"@type\":\"ListItem\",\"position\":2,\"name\":\"Rehber Kayd\u0131\"}]},{\"@type\":\"WebSite\",\"@id\":\"https:\\\/\\\/officialguides.com\\\/tr\\\/#website\",\"url\":\"https:\\\/\\\/officialguides.com\\\/tr\\\/\",\"name\":\"Official Tour Guides Around The World! Istanbul, Paris, Rome, Dubai...\",\"description\":\"Explore cities and popular destinations with professional, official, certified tour guides\",\"alternateName\":\"Official Guides\",\"potentialAction\":[{\"@type\":\"SearchAction\",\"target\":{\"@type\":\"EntryPoint\",\"urlTemplate\":\"https:\\\/\\\/officialguides.com\\\/tr\\\/?s={search_term_string}\"},\"query-input\":{\"@type\":\"PropertyValueSpecification\",\"valueRequired\":true,\"valueName\":\"search_term_string\"}}],\"inLanguage\":\"tr\"}]}<\/script>\n<!-- \/ Yoast SEO plugin. -->","yoast_head_json":{"title":"T\u00fcrk\u00e7e Rehberler \u0130\u00e7in Kay\u0131t | \u00d6zel Turlar\u0131m\u0131 \u0130nternetten Nas\u0131l Satar\u0131m?","description":"Turlar\u0131m\u0131 Google \/ Internet'te nas\u0131l satabilirim? Profesyonel bir rehber misiniz? Lisans\u0131n\u0131z var m\u0131? Gezilerinizi web sitemiz \u00fczerinden sunun.","robots":{"index":"index","follow":"follow","max-snippet":"max-snippet:-1","max-image-preview":"max-image-preview:large","max-video-preview":"max-video-preview:-1"},"canonical":"https:\/\/officialguides.com\/tr\/rehber-kaydi-2\/","og_locale":"tr_TR","og_type":"article","og_title":"T\u00fcrk\u00e7e Rehberler \u0130\u00e7in Kay\u0131t | \u00d6zel Turlar\u0131m\u0131 \u0130nternetten Nas\u0131l Satar\u0131m?","og_description":"Turlar\u0131m\u0131 Google \/ Internet'te nas\u0131l satabilirim? Profesyonel bir rehber misiniz? Lisans\u0131n\u0131z var m\u0131? Gezilerinizi web sitemiz \u00fczerinden sunun.","og_url":"https:\/\/officialguides.com\/tr\/rehber-kaydi-2\/","og_site_name":"Find Your Private Tour Guide Around The World!","article_modified_time":"2020-05-25T10:45:37+00:00","og_image":[{"url":"https:\/\/www.officialguides.net\/wp-content\/uploads\/2020\/05\/how-to-sell-my-private-tours-online-1024x365.jpg","type":"","width":"","height":""}],"twitter_card":"summary_large_image","twitter_misc":{"Tahmini okuma s\u00fcresi":"2 dakika"},"schema":{"@context":"https:\/\/schema.org","@graph":[{"@type":"WebPage","@id":"https:\/\/officialguides.com\/tr\/rehber-kaydi-2\/","url":"https:\/\/officialguides.com\/tr\/rehber-kaydi-2\/","name":"T\u00fcrk\u00e7e Rehberler \u0130\u00e7in Kay\u0131t | \u00d6zel Turlar\u0131m\u0131 \u0130nternetten Nas\u0131l Satar\u0131m?","isPartOf":{"@id":"https:\/\/officialguides.com\/tr\/#website"},"primaryImageOfPage":{"@id":"https:\/\/officialguides.com\/tr\/rehber-kaydi-2\/#primaryimage"},"image":{"@id":"https:\/\/officialguides.com\/tr\/rehber-kaydi-2\/#primaryimage"},"thumbnailUrl":"https:\/\/www.officialguides.net\/wp-content\/uploads\/2020\/05\/how-to-sell-my-private-tours-online-1024x365.jpg","datePublished":"2020-05-18T11:58:04+00:00","dateModified":"2020-05-25T10:45:37+00:00","description":"Turlar\u0131m\u0131 Google \/ Internet'te nas\u0131l satabilirim? Profesyonel bir rehber misiniz? Lisans\u0131n\u0131z var m\u0131? Gezilerinizi web sitemiz \u00fczerinden sunun.","breadcrumb":{"@id":"https:\/\/officialguides.com\/tr\/rehber-kaydi-2\/#breadcrumb"},"inLanguage":"tr","potentialAction":[{"@type":"ReadAction","target":["https:\/\/officialguides.com\/tr\/rehber-kaydi-2\/"]}]},{"@type":"ImageObject","inLanguage":"tr","@id":"https:\/\/officialguides.com\/tr\/rehber-kaydi-2\/#primaryimage","url":"https:\/\/www.officialguides.net\/wp-content\/uploads\/2020\/05\/how-to-sell-my-private-tours-online-1024x365.jpg","contentUrl":"https:\/\/www.officialguides.net\/wp-content\/uploads\/2020\/05\/how-to-sell-my-private-tours-online-1024x365.jpg"},{"@type":"BreadcrumbList","@id":"https:\/\/officialguides.com\/tr\/rehber-kaydi-2\/#breadcrumb","itemListElement":[{"@type":"ListItem","position":1,"name":"Home","item":"https:\/\/officialguides.com\/tr\/"},{"@type":"ListItem","position":2,"name":"Rehber Kayd\u0131"}]},{"@type":"WebSite","@id":"https:\/\/officialguides.com\/tr\/#website","url":"https:\/\/officialguides.com\/tr\/","name":"Official Tour Guides Around The World! Istanbul, Paris, Rome, Dubai...","description":"Explore cities and popular destinations with professional, official, certified tour guides","alternateName":"Official Guides","potentialAction":[{"@type":"SearchAction","target":{"@type":"EntryPoint","urlTemplate":"https:\/\/officialguides.com\/tr\/?s={search_term_string}"},"query-input":{"@type":"PropertyValueSpecification","valueRequired":true,"valueName":"search_term_string"}}],"inLanguage":"tr"}]}},"_links":{"self":[{"href":"https:\/\/officialguides.com\/tr\/wp-json\/wp\/v2\/pages\/40407","targetHints":{"allow":["GET"]}}],"collection":[{"href":"https:\/\/officialguides.com\/tr\/wp-json\/wp\/v2\/pages"}],"about":[{"href":"https:\/\/officialguides.com\/tr\/wp-json\/wp\/v2\/types\/page"}],"author":[{"embeddable":true,"href":"https:\/\/officialguides.com\/tr\/wp-json\/wp\/v2\/users\/3"}],"replies":[{"embeddable":true,"href":"https:\/\/officialguides.com\/tr\/wp-json\/wp\/v2\/comments?post=40407"}],"version-history":[{"count":0,"href":"https:\/\/officialguides.com\/tr\/wp-json\/wp\/v2\/pages\/40407\/revisions"}],"wp:attachment":[{"href":"https:\/\/officialguides.com\/tr\/wp-json\/wp\/v2\/media?parent=40407"}],"curies":[{"name":"wp","href":"https:\/\/api.w.org\/{rel}","templated":true}]}}