{"id":397952,"date":"2026-01-30T22:32:27","date_gmt":"2026-01-30T19:32:27","guid":{"rendered":"https:\/\/officialguides.com\/gizlilik-politikasi\/"},"modified":"2026-01-30T22:32:27","modified_gmt":"2026-01-30T19:32:27","slug":"gizlilik-politikasi","status":"publish","type":"page","link":"https:\/\/officialguides.com\/tr\/gizlilik-politikasi\/","title":{"rendered":"Gizlilik Politikas\u0131"},"content":{"rendered":"<h2 data-path-to-node=\"21\">1. Veri Sorumlusu<\/h2>\n<p data-path-to-node=\"22\">Bu web sitesi i\u00e7in veri sorumlusu <b data-path-to-node=\"22\" data-index-in-node=\"34\">OfficialGuides.com<\/b>&#8216;dur. Ki\u015fisel verilerinizle ilgili her t\u00fcrl\u00fc sorunuz i\u00e7in bize \u015fu adresten ula\u015fabilirsiniz: <b data-path-to-node=\"22\" data-index-in-node=\"144\">info@officialguides.com<\/b>.<\/p>\n<h2 data-path-to-node=\"23\">2. Toplad\u0131\u011f\u0131m\u0131z Bilgiler<\/h2>\n<p data-path-to-node=\"24\">Gezginler ve rehberler aras\u0131ndaki ileti\u015fimi kolayla\u015ft\u0131rmak i\u00e7in yaln\u0131zca gerekli olan bilgileri topluyoruz:<\/p>\n<ul data-path-to-node=\"25\">\n<li>\n<p data-path-to-node=\"25,0,0\"><b data-path-to-node=\"25,0,0\" data-index-in-node=\"0\">Gezginler \u0130\u00e7in:<\/b> \u0130sim, e-posta adresi ve telefon numaras\u0131.<\/p>\n<\/li>\n<li>\n<p data-path-to-node=\"25,1,0\"><b data-path-to-node=\"25,1,0\" data-index-in-node=\"0\">Rehberler \u0130\u00e7in:<\/b> \u0130sim, e-posta, telefon numaras\u0131, profil foto\u011fraf\u0131, biyografi ve (ge\u00e7erli olan durumlarda) mesleki lisans belgeleri.<\/p>\n<\/li>\n<\/ul>\n<h2 data-path-to-node=\"26\">3. Verilerinizin Kullan\u0131m\u0131 ve Payla\u015f\u0131m\u0131<\/h2>\n<p data-path-to-node=\"27\">OfficialGuides.com bir pazar yeri (marketplace) olarak faaliyet g\u00f6sterir. Verileriniz \u015fu \u015fekilde i\u015flenir:<\/p>\n<ul data-path-to-node=\"28\">\n<li>\n<p data-path-to-node=\"28,0,0\"><b data-path-to-node=\"28,0,0\" data-index-in-node=\"0\">Platform Etkile\u015fimi:<\/b> Gezginler ve Rehberler aras\u0131ndaki ilk ileti\u015fim dahili sistemimiz \u00fczerinden ger\u00e7ekle\u015fir.<\/p>\n<\/li>\n<li>\n<p data-path-to-node=\"28,1,0\"><b data-path-to-node=\"28,1,0\" data-index-in-node=\"0\">\u0130leti\u015fim Bilgilerinin Payla\u015f\u0131m\u0131:<\/b> E-posta adresiniz ve telefon numaran\u0131z, bir kullan\u0131c\u0131 a\u00e7\u0131k\u00e7a <b data-path-to-node=\"28,1,0\" data-index-in-node=\"94\">&#8220;Confirm&#8221;<\/b> (Onayla) butonuna t\u0131klamad\u0131\u011f\u0131 s\u00fcrece payla\u015f\u0131lmaz. Bu butona t\u0131klayarak, tur ayarlamalar\u0131n\u0131 kesinle\u015ftirmek amac\u0131yla ileti\u015fim bilgilerinizi kar\u015f\u0131 tarafla payla\u015fmay\u0131 g\u00f6n\u00fcll\u00fc olarak kabul etmi\u015f olursunuz.<\/p>\n<\/li>\n<li>\n<p data-path-to-node=\"28,2,0\"><b data-path-to-node=\"28,2,0\" data-index-in-node=\"0\">Analiz:<\/b> Web sitesi trafi\u011fini anonim olarak izlemek i\u00e7in <b data-path-to-node=\"28,2,0\" data-index-in-node=\"56\">Google Analytics<\/b> kullan\u0131yoruz.<\/p>\n<\/li>\n<li>\n<p data-path-to-node=\"28,3,0\"><b data-path-to-node=\"28,3,0\" data-index-in-node=\"0\">\u00d6demeler:<\/b> Platformumuz \u00fczerinde herhangi bir \u00f6deme i\u015flemi ger\u00e7ekle\u015ftirilmedi\u011fi i\u00e7in kredi kart\u0131 veya banka bilgilerinizi toplam\u0131yoruz ve saklam\u0131yoruz.<\/p>\n<\/li>\n<\/ul>\n<h2 data-path-to-node=\"29\">4. Veri Saklama S\u00fcresi<\/h2>\n<p data-path-to-node=\"30\">Ki\u015fisel verilerinizi, hesab\u0131n\u0131z\u0131n kapat\u0131lmas\u0131ndan itibaren <b data-path-to-node=\"30\" data-index-in-node=\"59\">1 y\u0131l<\/b> s\u00fcreyle sakl\u0131yoruz. Bu s\u00fcrenin sonunda verileriniz kal\u0131c\u0131 olarak silinir.<\/p>\n<h2 data-path-to-node=\"31\">5. Haklar\u0131n\u0131z<\/h2>\n<p data-path-to-node=\"32\">Ki\u015fisel verilerinize eri\u015fme, bunlar\u0131 d\u00fczeltme veya silme hakk\u0131na sahipsiniz. Bu haklar\u0131n\u0131z\u0131 kullanmak i\u00e7in l\u00fctfen <b data-path-to-node=\"32\" data-index-in-node=\"114\">info@officialguides.com<\/b> adresi \u00fczerinden bizimle ileti\u015fime ge\u00e7in.<\/p>\n","protected":false},"excerpt":{"rendered":"<p>1. Veri Sorumlusu Bu web sitesi i\u00e7in veri sorumlusu OfficialGuides.com&#8216;dur. Ki\u015fisel verilerinizle ilgili her t\u00fcrl\u00fc sorunuz i\u00e7in bize \u015fu adresten ula\u015fabilirsiniz: info@officialguides.com. 2. Toplad\u0131\u011f\u0131m\u0131z Bilgiler Gezginler ve rehberler aras\u0131ndaki ileti\u015fimi kolayla\u015ft\u0131rmak i\u00e7in yaln\u0131zca gerekli olan bilgileri topluyoruz: Gezginler \u0130\u00e7in: \u0130sim, e-posta adresi ve telefon numaras\u0131. Rehberler \u0130\u00e7in: \u0130sim, e-posta, telefon numaras\u0131, profil foto\u011fraf\u0131, biyografi ve &#8230; <a title=\"Gizlilik Politikas\u0131\" class=\"read-more\" href=\"https:\/\/officialguides.com\/tr\/gizlilik-politikasi\/\" aria-label=\"Read more about Gizlilik Politikas\u0131\">Read more<\/a><\/p>\n","protected":false},"author":3,"featured_media":0,"parent":0,"menu_order":0,"comment_status":"closed","ping_status":"closed","template":"","meta":{"_acf_changed":false,"footnotes":""},"class_list":["post-397952","page","type-page","status-publish"],"acf":[],"yoast_head":"<!-- This site is optimized with the Yoast SEO plugin v27.5 - https:\/\/yoast.com\/product\/yoast-seo-wordpress\/ -->\n<title>Gizlilik Politikas\u0131 | OfficialGuides.com<\/title>\n<meta name=\"description\" content=\"OfficialGuides.com&#039;un ki\u015fisel verilerinizi nas\u0131l korudu\u011funu \u00f6\u011frenin. Gezginler ve lisansl\u0131 rehberler i\u00e7in \u015feffaf gizlilik bilgilendirmesi.\" \/>\n<meta name=\"robots\" content=\"index, follow, max-snippet:-1, max-image-preview:large, max-video-preview:-1\" \/>\n<link rel=\"canonical\" href=\"https:\/\/officialguides.com\/tr\/gizlilik-politikasi\/\" \/>\n<meta property=\"og:locale\" content=\"tr_TR\" \/>\n<meta property=\"og:type\" content=\"article\" \/>\n<meta property=\"og:title\" content=\"Gizlilik Politikas\u0131 | OfficialGuides.com\" \/>\n<meta property=\"og:description\" content=\"OfficialGuides.com&#039;un ki\u015fisel verilerinizi nas\u0131l korudu\u011funu \u00f6\u011frenin. Gezginler ve lisansl\u0131 rehberler i\u00e7in \u015feffaf gizlilik bilgilendirmesi.\" \/>\n<meta property=\"og:url\" content=\"https:\/\/officialguides.com\/tr\/gizlilik-politikasi\/\" \/>\n<meta property=\"og:site_name\" content=\"Find Your Private Tour Guide Around The World!\" \/>\n<meta name=\"twitter:card\" content=\"summary_large_image\" \/>\n<meta name=\"twitter:label1\" content=\"Tahmini okuma s\u00fcresi\" \/>\n\t<meta name=\"twitter:data1\" content=\"1 dakika\" \/>\n<script type=\"application\/ld+json\" class=\"yoast-schema-graph\">{\"@context\":\"https:\\\/\\\/schema.org\",\"@graph\":[{\"@type\":\"WebPage\",\"@id\":\"https:\\\/\\\/officialguides.com\\\/tr\\\/gizlilik-politikasi\\\/\",\"url\":\"https:\\\/\\\/officialguides.com\\\/tr\\\/gizlilik-politikasi\\\/\",\"name\":\"Gizlilik Politikas\u0131 | OfficialGuides.com\",\"isPartOf\":{\"@id\":\"https:\\\/\\\/officialguides.com\\\/tr\\\/#website\"},\"datePublished\":\"2026-01-30T19:32:27+00:00\",\"description\":\"OfficialGuides.com'un ki\u015fisel verilerinizi nas\u0131l korudu\u011funu \u00f6\u011frenin. Gezginler ve lisansl\u0131 rehberler i\u00e7in \u015feffaf gizlilik bilgilendirmesi.\",\"breadcrumb\":{\"@id\":\"https:\\\/\\\/officialguides.com\\\/tr\\\/gizlilik-politikasi\\\/#breadcrumb\"},\"inLanguage\":\"tr\",\"potentialAction\":[{\"@type\":\"ReadAction\",\"target\":[\"https:\\\/\\\/officialguides.com\\\/tr\\\/gizlilik-politikasi\\\/\"]}]},{\"@type\":\"BreadcrumbList\",\"@id\":\"https:\\\/\\\/officialguides.com\\\/tr\\\/gizlilik-politikasi\\\/#breadcrumb\",\"itemListElement\":[{\"@type\":\"ListItem\",\"position\":1,\"name\":\"Home\",\"item\":\"https:\\\/\\\/officialguides.com\\\/tr\\\/\"},{\"@type\":\"ListItem\",\"position\":2,\"name\":\"Gizlilik Politikas\u0131\"}]},{\"@type\":\"WebSite\",\"@id\":\"https:\\\/\\\/officialguides.com\\\/tr\\\/#website\",\"url\":\"https:\\\/\\\/officialguides.com\\\/tr\\\/\",\"name\":\"Official Tour Guides Around The World! Istanbul, Paris, Rome, Dubai...\",\"description\":\"Explore cities and popular destinations with professional, official, certified tour guides\",\"alternateName\":\"Official Guides\",\"potentialAction\":[{\"@type\":\"SearchAction\",\"target\":{\"@type\":\"EntryPoint\",\"urlTemplate\":\"https:\\\/\\\/officialguides.com\\\/tr\\\/?s={search_term_string}\"},\"query-input\":{\"@type\":\"PropertyValueSpecification\",\"valueRequired\":true,\"valueName\":\"search_term_string\"}}],\"inLanguage\":\"tr\"}]}<\/script>\n<!-- \/ Yoast SEO plugin. -->","yoast_head_json":{"title":"Gizlilik Politikas\u0131 | OfficialGuides.com","description":"OfficialGuides.com'un ki\u015fisel verilerinizi nas\u0131l korudu\u011funu \u00f6\u011frenin. Gezginler ve lisansl\u0131 rehberler i\u00e7in \u015feffaf gizlilik bilgilendirmesi.","robots":{"index":"index","follow":"follow","max-snippet":"max-snippet:-1","max-image-preview":"max-image-preview:large","max-video-preview":"max-video-preview:-1"},"canonical":"https:\/\/officialguides.com\/tr\/gizlilik-politikasi\/","og_locale":"tr_TR","og_type":"article","og_title":"Gizlilik Politikas\u0131 | OfficialGuides.com","og_description":"OfficialGuides.com'un ki\u015fisel verilerinizi nas\u0131l korudu\u011funu \u00f6\u011frenin. Gezginler ve lisansl\u0131 rehberler i\u00e7in \u015feffaf gizlilik bilgilendirmesi.","og_url":"https:\/\/officialguides.com\/tr\/gizlilik-politikasi\/","og_site_name":"Find Your Private Tour Guide Around The World!","twitter_card":"summary_large_image","twitter_misc":{"Tahmini okuma s\u00fcresi":"1 dakika"},"schema":{"@context":"https:\/\/schema.org","@graph":[{"@type":"WebPage","@id":"https:\/\/officialguides.com\/tr\/gizlilik-politikasi\/","url":"https:\/\/officialguides.com\/tr\/gizlilik-politikasi\/","name":"Gizlilik Politikas\u0131 | OfficialGuides.com","isPartOf":{"@id":"https:\/\/officialguides.com\/tr\/#website"},"datePublished":"2026-01-30T19:32:27+00:00","description":"OfficialGuides.com'un ki\u015fisel verilerinizi nas\u0131l korudu\u011funu \u00f6\u011frenin. Gezginler ve lisansl\u0131 rehberler i\u00e7in \u015feffaf gizlilik bilgilendirmesi.","breadcrumb":{"@id":"https:\/\/officialguides.com\/tr\/gizlilik-politikasi\/#breadcrumb"},"inLanguage":"tr","potentialAction":[{"@type":"ReadAction","target":["https:\/\/officialguides.com\/tr\/gizlilik-politikasi\/"]}]},{"@type":"BreadcrumbList","@id":"https:\/\/officialguides.com\/tr\/gizlilik-politikasi\/#breadcrumb","itemListElement":[{"@type":"ListItem","position":1,"name":"Home","item":"https:\/\/officialguides.com\/tr\/"},{"@type":"ListItem","position":2,"name":"Gizlilik Politikas\u0131"}]},{"@type":"WebSite","@id":"https:\/\/officialguides.com\/tr\/#website","url":"https:\/\/officialguides.com\/tr\/","name":"Official Tour Guides Around The World! Istanbul, Paris, Rome, Dubai...","description":"Explore cities and popular destinations with professional, official, certified tour guides","alternateName":"Official Guides","potentialAction":[{"@type":"SearchAction","target":{"@type":"EntryPoint","urlTemplate":"https:\/\/officialguides.com\/tr\/?s={search_term_string}"},"query-input":{"@type":"PropertyValueSpecification","valueRequired":true,"valueName":"search_term_string"}}],"inLanguage":"tr"}]}},"_links":{"self":[{"href":"https:\/\/officialguides.com\/tr\/wp-json\/wp\/v2\/pages\/397952","targetHints":{"allow":["GET"]}}],"collection":[{"href":"https:\/\/officialguides.com\/tr\/wp-json\/wp\/v2\/pages"}],"about":[{"href":"https:\/\/officialguides.com\/tr\/wp-json\/wp\/v2\/types\/page"}],"author":[{"embeddable":true,"href":"https:\/\/officialguides.com\/tr\/wp-json\/wp\/v2\/users\/3"}],"replies":[{"embeddable":true,"href":"https:\/\/officialguides.com\/tr\/wp-json\/wp\/v2\/comments?post=397952"}],"version-history":[{"count":0,"href":"https:\/\/officialguides.com\/tr\/wp-json\/wp\/v2\/pages\/397952\/revisions"}],"wp:attachment":[{"href":"https:\/\/officialguides.com\/tr\/wp-json\/wp\/v2\/media?parent=397952"}],"curies":[{"name":"wp","href":"https:\/\/api.w.org\/{rel}","templated":true}]}}