{"id":394763,"date":"2025-04-18T20:45:18","date_gmt":"2025-04-18T17:45:18","guid":{"rendered":"https:\/\/officialguides.com\/medikal-turizm\/"},"modified":"2025-04-18T20:45:18","modified_gmt":"2025-04-18T17:45:18","slug":"medikal-turizm","status":"publish","type":"page","link":"https:\/\/officialguides.com\/tr\/medikal-turizm\/","title":{"rendered":"Medikal Turizm"},"content":{"rendered":"<h2 class=\"\" data-start=\"528\" data-end=\"563\">\ud83c\udf0d Uluslararas\u0131 Medikal Turizm<\/h2>\n<p class=\"\" data-start=\"564\" data-end=\"671\"><strong data-start=\"564\" data-end=\"671\">G\u00fcvenilir sa\u011fl\u0131k turizmi destinasyonlar\u0131n\u0131 ke\u015ffedin; \u015feffaf bilgilerle k\u00fclt\u00fcrel deneyimleri birle\u015ftirin<\/strong><\/p>\n<p class=\"\" data-start=\"673\" data-end=\"913\">D\u00fcnyan\u0131n en \u00e7ok tercih edilen <strong data-start=\"703\" data-end=\"734\">uluslararas\u0131 medikal turizm<\/strong> destinasyonlar\u0131n\u0131 ke\u015ffetmeniz i\u00e7in tasarlanm\u0131\u015f bir platforma ho\u015f geldiniz. Bu sayede y\u00fcksek kaliteli sa\u011fl\u0131k hizmetlerini, zengin k\u00fclt\u00fcrel deneyimlerle bir araya getirebilirsiniz.<\/p>\n<p class=\"\" data-start=\"915\" data-end=\"1202\"><strong data-start=\"915\" data-end=\"937\">officialguides.com<\/strong> \u00fczerinden, <strong data-start=\"949\" data-end=\"1034\">uluslararas\u0131 hastalar\u0131 kabul eden klinikler ve hastaneler hakk\u0131nda genel bilgiler<\/strong> sunuyoruz. Biz do\u011frudan tedavi hizmeti vermiyoruz; ancak g\u00fcvenilir sa\u011fl\u0131k kurumlar\u0131n\u0131 tan\u0131t\u0131yor ve bu s\u00fcreci k\u00fclt\u00fcrel i\u00e7eriklerle zenginle\u015ftirmenize yard\u0131mc\u0131 oluyoruz.<\/p>\n<hr class=\"\" data-start=\"1204\" data-end=\"1207\" \/>\n<h3 class=\"\" data-start=\"1209\" data-end=\"1250\">Neden Medikal Turizm Tercih Ediliyor?<\/h3>\n<p class=\"\" data-start=\"1252\" data-end=\"1338\">Her y\u0131l milyonlarca ki\u015fi, \u015fu nedenlerle sa\u011fl\u0131k hizmeti i\u00e7in yurt d\u0131\u015f\u0131n\u0131 tercih ediyor:<\/p>\n<ul>\n<li data-start=\"1342\" data-end=\"1396\">\ud83c\udfe5 Akredite kliniklere ve deneyimli uzmanlara eri\u015fim<\/li>\n<li data-start=\"1399\" data-end=\"1446\">\ud83d\udcb0 Kendi \u00fclkesine k\u0131yasla daha uygun fiyatlar<\/li>\n<li data-start=\"1449\" data-end=\"1480\">\ud83d\udcc6 Daha k\u0131sa bekleme s\u00fcreleri<\/li>\n<li data-start=\"1483\" data-end=\"1525\">\u2708\ufe0f Tatil ile tedaviyi birle\u015ftirme imk\u00e2n\u0131<\/li>\n<li data-start=\"1528\" data-end=\"1571\">\ud83d\udcac \u00c7ok dilli ve hasta dostu hizmet anlay\u0131\u015f\u0131<\/li>\n<\/ul>\n<p class=\"\" data-start=\"1573\" data-end=\"1700\">Biz de sizlere, <strong data-start=\"1589\" data-end=\"1689\">y\u00fcksek sa\u011fl\u0131k standartlar\u0131 ve yabanc\u0131 hastalara kar\u015f\u0131 misafirperverlikleriyle \u00f6ne \u00e7\u0131kan \u00fclkeleri<\/strong> sunuyoruz.<\/p>\n<hr class=\"\" data-start=\"1702\" data-end=\"1705\" \/>\n<h3 class=\"\" data-start=\"1707\" data-end=\"1746\">En \u00c7ok Tercih Edilen Tedavi T\u00fcrleri<\/h3>\n<p class=\"\" data-start=\"1748\" data-end=\"1798\">Medikal turizm kapsam\u0131nda en s\u0131k aranan hizmetler:<\/p>\n<ul>\n<li data-start=\"1802\" data-end=\"1861\">\u2705 <strong data-start=\"1804\" data-end=\"1822\">Di\u015f tedavileri<\/strong> (implant, zirkonyum, g\u00fcl\u00fc\u015f tasar\u0131m\u0131)<\/li>\n<li data-start=\"1864\" data-end=\"1901\">\u2705 <strong data-start=\"1866\" data-end=\"1899\">Estetik ve plastik cerrahiler<\/strong><\/li>\n<li data-start=\"1904\" data-end=\"1934\">\u2705 <strong data-start=\"1906\" data-end=\"1932\">Sa\u00e7 ekimi uygulamalar\u0131<\/strong><\/li>\n<li data-start=\"1937\" data-end=\"1971\">\u2705 <strong data-start=\"1939\" data-end=\"1969\">T\u00fcp bebek tedavileri (IVF)<\/strong><\/li>\n<li data-start=\"1974\" data-end=\"2012\">\u2705 <strong data-start=\"1976\" data-end=\"2010\">Ortopedi ve omurga cerrahileri<\/strong><\/li>\n<li data-start=\"2015\" data-end=\"2069\">\u2705 <strong data-start=\"2017\" data-end=\"2067\">Lazerle g\u00f6z tedavileri ve refraktif cerrahiler<\/strong><\/li>\n<li data-start=\"2072\" data-end=\"2141\">\u2705 <strong data-start=\"2074\" data-end=\"2141\">Rehabilitasyon, wellness programlar\u0131 ve anti-aging uygulamalar\u0131<\/strong><\/li>\n<\/ul>\n<p class=\"\" data-start=\"2143\" data-end=\"2294\">\ud83d\udccc <em data-start=\"2146\" data-end=\"2294\">Not: T\u0131bbi tavsiye vermiyoruz ve herhangi bir tedavi sonucu i\u00e7in garanti sunmuyoruz. T\u00fcm bilgiler yaln\u0131zca genel bilgi ve kar\u015f\u0131la\u015ft\u0131rma ama\u00e7l\u0131d\u0131r.<\/em><\/p>\n<hr class=\"\" data-start=\"2296\" data-end=\"2299\" \/>\n<h3 class=\"\" data-start=\"2301\" data-end=\"2337\">\u00d6nerilen Medikal Turizm \u00dclkeleri<\/h3>\n<p class=\"\" data-start=\"2339\" data-end=\"2414\">Uluslararas\u0131 hastalara g\u00fcvenilir sa\u011fl\u0131k hizmeti sunan baz\u0131 pop\u00fcler \u00fclkeler:<\/p>\n<ul>\n<li data-start=\"2418\" data-end=\"2582\">\ud83c\uddf9\ud83c\uddf7 <strong data-start=\"2423\" data-end=\"2434\">T\u00fcrkiye<\/strong> \u2013 estetik di\u015f tedavileri, plastik cerrahi, g\u00f6z tedavileri, organ nakli, onkoloji, kalp cerrahisi, ortopedik cerrahi ve t\u00fcp bebek (IVF) tedavileri<\/li>\n<li data-start=\"2585\" data-end=\"2641\">\ud83c\udded\ud83c\uddfa <strong data-start=\"2590\" data-end=\"2604\">Macaristan<\/strong> \u2013 estetik di\u015f hekimli\u011fi, ortodonti<\/li>\n<li data-start=\"2644\" data-end=\"2709\">\ud83c\udded\ud83c\uddf7 <strong data-start=\"2649\" data-end=\"2664\">H\u0131rvatistan<\/strong> \u2013 di\u015f tedavileri, wellness ve fizik tedavi<\/li>\n<li data-start=\"2712\" data-end=\"2772\">\ud83c\uddf2\ud83c\uddfd <strong data-start=\"2717\" data-end=\"2728\">Meksika<\/strong> \u2013 obezite cerrahisi, t\u00fcp bebek klinikleri<\/li>\n<li data-start=\"2775\" data-end=\"2833\">\ud83c\uddea\ud83c\uddf8 <strong data-start=\"2780\" data-end=\"2791\">\u0130spanya<\/strong> \u2013 estetik cerrahi, ya\u015flanma kar\u015f\u0131t\u0131 t\u0131p<\/li>\n<li data-start=\"2836\" data-end=\"2892\">\ud83c\uddf9\ud83c\udded <strong data-start=\"2841\" data-end=\"2852\">Tayland<\/strong> \u2013 medikal spalar, estetik uygulamalar<\/li>\n<li data-start=\"2895\" data-end=\"2958\">\ud83c\uddf0\ud83c\uddf7 <strong data-start=\"2900\" data-end=\"2914\">G\u00fcney Kore<\/strong> \u2013 dermatoloji ve ileri d\u00fczey y\u00fcz esteti\u011fi<\/li>\n<li data-start=\"2961\" data-end=\"3027\">\ud83c\uddee\ud83c\uddf3 <strong data-start=\"2966\" data-end=\"2979\">Hindistan<\/strong> \u2013 ortopedi, kalp cerrahisi, ayurveda terapileri<\/li>\n<\/ul>\n<p class=\"\" data-start=\"3029\" data-end=\"3125\">T\u00fcm kurumlar <strong data-start=\"3042\" data-end=\"3072\">ba\u011f\u0131ms\u0131z \u00f6zel kliniklerdir<\/strong> ve uluslararas\u0131 hasta kabul\u00fc konusunda deneyimlidir.<\/p>\n<hr class=\"\" data-start=\"3127\" data-end=\"3130\" \/>\n<h3 class=\"\" data-start=\"3132\" data-end=\"3180\">Tedavinizi K\u00fclt\u00fcrel Bir Yolculu\u011fa D\u00f6n\u00fc\u015ft\u00fcr\u00fcn<\/h3>\n<p class=\"\" data-start=\"3182\" data-end=\"3473\">Sundu\u011fumuz t\u0131bbi i\u00e7eriklerin yan\u0131 s\u0131ra, <strong data-start=\"3222\" data-end=\"3265\">lisansl\u0131 rehberlerle ileti\u015fim kurman\u0131za<\/strong> da yard\u0131mc\u0131 oluyoruz.<br data-start=\"3287\" data-end=\"3290\" \/>\u0130ster \u0130stanbul\u2019da tarihi bir y\u00fcr\u00fcy\u00fc\u015f turu, ister \u0130spanya\u2019da \u015farap rotas\u0131 ya da Tuna Nehri boyunca panoramik bir yolculuk olsun \u2014 iyile\u015fme s\u00fcreciniz unutulmaz bir deneyime d\u00f6n\u00fc\u015febilir.<\/p>\n<blockquote data-start=\"3475\" data-end=\"3569\">\n<p class=\"\" data-start=\"3477\" data-end=\"3569\">\ud83c\udfa7 <em data-start=\"3480\" data-end=\"3569\">\u00d6zel turlar iste\u011fe ba\u011fl\u0131d\u0131r ve profesyonel, onayl\u0131 rehberler e\u015fli\u011finde organize edilir.<\/em><\/p>\n<\/blockquote>\n<hr class=\"\" data-start=\"3571\" data-end=\"3574\" \/>\n<h3 class=\"\" data-start=\"3576\" data-end=\"3615\">Tarafs\u0131z ve Bilgilendirici Platform<\/h3>\n<ul>\n<li data-start=\"3619\" data-end=\"3684\">\u2757 <strong data-start=\"3621\" data-end=\"3682\">Herhangi bir tedavi y\u00f6ntemi veya t\u0131bbi i\u015flem \u00f6nermiyoruz.<\/strong><\/li>\n<li data-start=\"3687\" data-end=\"3774\">\ud83c\udfe5 Klinik, doktor ve tedavi y\u00f6nteminin se\u00e7imi tamamen kullan\u0131c\u0131n\u0131n sorumlulu\u011fundad\u0131r.<\/li>\n<li data-start=\"3777\" data-end=\"3862\">\ud83d\udcd1 Sunulan t\u00fcm bilgiler genel bilgilendirme ama\u00e7l\u0131d\u0131r, hukuki ba\u011flay\u0131c\u0131l\u0131\u011f\u0131 yoktur.<\/li>\n<li data-start=\"3865\" data-end=\"3969\">\ud83d\udee1\ufe0f <strong data-start=\"3869\" data-end=\"3969\">Tedavi sonu\u00e7lar\u0131 veya \u00fc\u00e7\u00fcnc\u00fc taraf hizmetleri konusunda herhangi bir sorumluluk kabul etmiyoruz.<\/strong><\/li>\n<\/ul>\n<hr class=\"\" data-start=\"3971\" data-end=\"3974\" \/>\n<h3 class=\"\" data-start=\"3976\" data-end=\"4009\">\u2709\ufe0f Bilgi Almak \u0130ster Misiniz?<\/h3>\n<p class=\"\" data-start=\"4011\" data-end=\"4170\">E\u011fer yurt d\u0131\u015f\u0131nda tedavi olmay\u0131 planl\u0131yorsan\u0131z ve hangi \u00fclke, klinik veya k\u00fclt\u00fcrel faaliyetlerin size uygun oldu\u011funu merak ediyorsan\u0131z bizimle ileti\u015fime ge\u00e7in.<\/p>\n<p class=\"\" data-start=\"4172\" data-end=\"4261\">\ud83d\udc49 <span style=\"text-decoration: underline;\"><strong data-start=\"4175\" data-end=\"4196\">HEMEN B\u0130ZE ULA\u015eIN<\/strong><\/span> \u2013 Tedavi se\u00e7enekleri ve \u00f6zel turlar hakk\u0131nda ilk bilgileri al\u0131n.<\/p>\n<p data-start=\"4172\" data-end=\"4261\"><div class=\"wpforms-container wpforms-container-full\" id=\"wpforms-4263\"><form id=\"wpforms-form-4263\" class=\"wpforms-validate wpforms-form\" data-formid=\"4263\" method=\"post\" enctype=\"multipart\/form-data\" action=\"\/tr\/wp-json\/wp\/v2\/pages\/394763\" data-token=\"e55905b6665478818f3198ba995420eb\" data-token-time=\"1777278756\"><noscript class=\"wpforms-error-noscript\">Bu formu bitirebilmek i\u00e7in taray\u0131c\u0131n\u0131zda JavaScript&#039;i etkinle\u015ftirin.<\/noscript><div class=\"wpforms-field-container\"><div id=\"wpforms-4263-field_0-container\" class=\"wpforms-field wpforms-field-name\" data-field-id=\"0\"><label class=\"wpforms-field-label\">Name <span class=\"wpforms-required-label\">*<\/span><\/label><div class=\"wpforms-field-row wpforms-field-medium\"><div class=\"wpforms-field-row-block wpforms-first wpforms-one-half\"><input type=\"text\" id=\"wpforms-4263-field_0\" class=\"wpforms-field-name-first wpforms-field-required\" name=\"wpforms[fields][0][first]\" required><label for=\"wpforms-4263-field_0\" class=\"wpforms-field-sublabel after\">Ad<\/label><\/div><div class=\"wpforms-field-row-block wpforms-one-half\"><input type=\"text\" id=\"wpforms-4263-field_0-last\" class=\"wpforms-field-name-last wpforms-field-required\" name=\"wpforms[fields][0][last]\" required><label for=\"wpforms-4263-field_0-last\" class=\"wpforms-field-sublabel after\">Soyad<\/label><\/div><\/div><\/div><div id=\"wpforms-4263-field_1-container\" class=\"wpforms-field wpforms-field-email\" data-field-id=\"1\"><label class=\"wpforms-field-label\" for=\"wpforms-4263-field_1\">Email <span class=\"wpforms-required-label\">*<\/span><\/label><input type=\"email\" id=\"wpforms-4263-field_1\" class=\"wpforms-field-medium wpforms-field-required\" name=\"wpforms[fields][1]\" spellcheck=\"false\" required><\/div><div id=\"wpforms-4263-field_4-container\" class=\"wpforms-field wpforms-field-phone\" data-field-id=\"4\"><label class=\"wpforms-field-label\" for=\"wpforms-4263-field_4\">Mobile Phone<\/label><input type=\"tel\" id=\"wpforms-4263-field_4\" class=\"wpforms-field-medium wpforms-smart-phone-field\" data-rule-smart-phone-field=\"true\" name=\"wpforms[fields][4]\" aria-label=\"Mobile Phone\" ><\/div><div id=\"wpforms-4263-field_2-container\" class=\"wpforms-field wpforms-field-textarea\" data-field-id=\"2\"><label class=\"wpforms-field-label\" for=\"wpforms-4263-field_2\">Comment or Message <span class=\"wpforms-required-label\">*<\/span><\/label><textarea id=\"wpforms-4263-field_2\" class=\"wpforms-field-medium wpforms-field-required\" name=\"wpforms[fields][2]\" required><\/textarea><\/div><\/div><!-- .wpforms-field-container --><div class=\"wpforms-field wpforms-field-hp\"><label for=\"wpforms-4263-field-hp\" class=\"wpforms-field-label\">Website<\/label><input type=\"text\" name=\"wpforms[hp]\" id=\"wpforms-4263-field-hp\" class=\"wpforms-field-medium\"><\/div><div class=\"wpforms-recaptcha-container wpforms-is-recaptcha wpforms-is-recaptcha-type-v2\" ><div class=\"g-recaptcha\" data-sitekey=\"6LcUi_IZAAAAAPZECIskiqveM1KET8SQPPj592eW\"><\/div><input type=\"text\" name=\"g-recaptcha-hidden\" class=\"wpforms-recaptcha-hidden\" style=\"position:absolute!important;clip:rect(0,0,0,0)!important;height:1px!important;width:1px!important;border:0!important;overflow:hidden!important;padding:0!important;margin:0!important;\" data-rule-recaptcha=\"1\"><\/div><div class=\"wpforms-submit-container\" ><input type=\"hidden\" name=\"wpforms[id]\" value=\"4263\"><input type=\"hidden\" name=\"page_title\" value=\"\"><input type=\"hidden\" name=\"page_url\" value=\"https:\/\/officialguides.com\/tr\/wp-json\/wp\/v2\/pages\/394763\"><input type=\"hidden\" name=\"url_referer\" value=\"\"><button type=\"submit\" name=\"wpforms[submit]\" id=\"wpforms-submit-4263\" class=\"wpforms-submit\" data-alt-text=\"Sending...\" data-submit-text=\"Submit\" aria-live=\"assertive\" value=\"wpforms-submit\">Submit<\/button><\/div><\/form><\/div>  <!-- .wpforms-container --><\/p>\n","protected":false},"excerpt":{"rendered":"<p>\ud83c\udf0d Uluslararas\u0131 Medikal Turizm G\u00fcvenilir sa\u011fl\u0131k turizmi destinasyonlar\u0131n\u0131 ke\u015ffedin; \u015feffaf bilgilerle k\u00fclt\u00fcrel deneyimleri birle\u015ftirin D\u00fcnyan\u0131n en \u00e7ok tercih edilen uluslararas\u0131 medikal turizm destinasyonlar\u0131n\u0131 ke\u015ffetmeniz i\u00e7in tasarlanm\u0131\u015f bir platforma ho\u015f geldiniz. Bu sayede y\u00fcksek kaliteli sa\u011fl\u0131k hizmetlerini, zengin k\u00fclt\u00fcrel deneyimlerle bir araya getirebilirsiniz. officialguides.com \u00fczerinden, uluslararas\u0131 hastalar\u0131 kabul eden klinikler ve hastaneler hakk\u0131nda genel bilgiler sunuyoruz. &#8230; <a title=\"Medikal Turizm\" class=\"read-more\" href=\"https:\/\/officialguides.com\/tr\/medikal-turizm\/\" aria-label=\"Read more about Medikal Turizm\">Read more<\/a><\/p>\n","protected":false},"author":3,"featured_media":394736,"parent":0,"menu_order":0,"comment_status":"closed","ping_status":"closed","template":"","meta":{"_acf_changed":false,"footnotes":""},"class_list":["post-394763","page","type-page","status-publish","has-post-thumbnail"],"acf":[],"yoast_head":"<!-- This site is optimized with the Yoast SEO plugin v27.4 - https:\/\/yoast.com\/product\/yoast-seo-wordpress\/ -->\n<title>Uluslararas\u0131 Medikal Turizm \u2013 G\u00fcvenilir Klinikler ve K\u00fclt\u00fcrel Deneyimler<\/title>\n<meta name=\"description\" content=\"D\u00fcnya \u00e7ap\u0131ndaki en iyi sa\u011fl\u0131k turizmi destinasyonlar\u0131n\u0131 ke\u015ffedin. Uluslararas\u0131 klinikleri kar\u015f\u0131la\u015ft\u0131r\u0131n, tedaviyi k\u00fclt\u00fcrel gezilerle birle\u015ftirin.\" \/>\n<meta name=\"robots\" content=\"index, follow, max-snippet:-1, max-image-preview:large, max-video-preview:-1\" \/>\n<link rel=\"canonical\" href=\"https:\/\/officialguides.com\/tr\/medikal-turizm\/\" \/>\n<meta property=\"og:locale\" content=\"tr_TR\" \/>\n<meta property=\"og:type\" content=\"article\" \/>\n<meta property=\"og:title\" content=\"Uluslararas\u0131 Medikal Turizm \u2013 G\u00fcvenilir Klinikler ve K\u00fclt\u00fcrel Deneyimler\" \/>\n<meta property=\"og:description\" content=\"D\u00fcnya \u00e7ap\u0131ndaki en iyi sa\u011fl\u0131k turizmi destinasyonlar\u0131n\u0131 ke\u015ffedin. Uluslararas\u0131 klinikleri kar\u015f\u0131la\u015ft\u0131r\u0131n, tedaviyi k\u00fclt\u00fcrel gezilerle birle\u015ftirin.\" \/>\n<meta property=\"og:url\" content=\"https:\/\/officialguides.com\/tr\/medikal-turizm\/\" \/>\n<meta property=\"og:site_name\" content=\"Find Your Private Tour Guide Around The World!\" \/>\n<meta property=\"og:image\" content=\"https:\/\/officialguides.com\/wp-content\/uploads\/2025\/04\/medical-tourism.jpg\" \/>\n\t<meta property=\"og:image:width\" content=\"1023\" \/>\n\t<meta property=\"og:image:height\" content=\"373\" \/>\n\t<meta property=\"og:image:type\" content=\"image\/jpeg\" \/>\n<meta name=\"twitter:card\" content=\"summary_large_image\" \/>\n<meta name=\"twitter:label1\" content=\"Tahmini okuma s\u00fcresi\" \/>\n\t<meta name=\"twitter:data1\" content=\"3 dakika\" \/>\n<script type=\"application\/ld+json\" class=\"yoast-schema-graph\">{\"@context\":\"https:\\\/\\\/schema.org\",\"@graph\":[{\"@type\":\"WebPage\",\"@id\":\"https:\\\/\\\/officialguides.com\\\/tr\\\/medikal-turizm\\\/\",\"url\":\"https:\\\/\\\/officialguides.com\\\/tr\\\/medikal-turizm\\\/\",\"name\":\"Uluslararas\u0131 Medikal Turizm \u2013 G\u00fcvenilir Klinikler ve K\u00fclt\u00fcrel Deneyimler\",\"isPartOf\":{\"@id\":\"https:\\\/\\\/officialguides.com\\\/tr\\\/#website\"},\"primaryImageOfPage\":{\"@id\":\"https:\\\/\\\/officialguides.com\\\/tr\\\/medikal-turizm\\\/#primaryimage\"},\"image\":{\"@id\":\"https:\\\/\\\/officialguides.com\\\/tr\\\/medikal-turizm\\\/#primaryimage\"},\"thumbnailUrl\":\"https:\\\/\\\/officialguides.com\\\/wp-content\\\/uploads\\\/2025\\\/04\\\/medical-tourism.jpg\",\"datePublished\":\"2025-04-18T17:45:18+00:00\",\"description\":\"D\u00fcnya \u00e7ap\u0131ndaki en iyi sa\u011fl\u0131k turizmi destinasyonlar\u0131n\u0131 ke\u015ffedin. Uluslararas\u0131 klinikleri kar\u015f\u0131la\u015ft\u0131r\u0131n, tedaviyi k\u00fclt\u00fcrel gezilerle birle\u015ftirin.\",\"breadcrumb\":{\"@id\":\"https:\\\/\\\/officialguides.com\\\/tr\\\/medikal-turizm\\\/#breadcrumb\"},\"inLanguage\":\"tr\",\"potentialAction\":[{\"@type\":\"ReadAction\",\"target\":[\"https:\\\/\\\/officialguides.com\\\/tr\\\/medikal-turizm\\\/\"]}]},{\"@type\":\"ImageObject\",\"inLanguage\":\"tr\",\"@id\":\"https:\\\/\\\/officialguides.com\\\/tr\\\/medikal-turizm\\\/#primaryimage\",\"url\":\"https:\\\/\\\/officialguides.com\\\/wp-content\\\/uploads\\\/2025\\\/04\\\/medical-tourism.jpg\",\"contentUrl\":\"https:\\\/\\\/officialguides.com\\\/wp-content\\\/uploads\\\/2025\\\/04\\\/medical-tourism.jpg\",\"width\":1023,\"height\":373,\"caption\":\"Medical tourism destinations worldwide \u2013 dental, aesthetic and wellness treatments abroad\"},{\"@type\":\"BreadcrumbList\",\"@id\":\"https:\\\/\\\/officialguides.com\\\/tr\\\/medikal-turizm\\\/#breadcrumb\",\"itemListElement\":[{\"@type\":\"ListItem\",\"position\":1,\"name\":\"Home\",\"item\":\"https:\\\/\\\/officialguides.com\\\/tr\\\/\"},{\"@type\":\"ListItem\",\"position\":2,\"name\":\"Medikal Turizm\"}]},{\"@type\":\"WebSite\",\"@id\":\"https:\\\/\\\/officialguides.com\\\/tr\\\/#website\",\"url\":\"https:\\\/\\\/officialguides.com\\\/tr\\\/\",\"name\":\"Official Tour Guides Around The World! Istanbul, Paris, Rome, Dubai...\",\"description\":\"Explore cities and popular destinations with professional, official, certified tour guides\",\"alternateName\":\"Official Guides\",\"potentialAction\":[{\"@type\":\"SearchAction\",\"target\":{\"@type\":\"EntryPoint\",\"urlTemplate\":\"https:\\\/\\\/officialguides.com\\\/tr\\\/?s={search_term_string}\"},\"query-input\":{\"@type\":\"PropertyValueSpecification\",\"valueRequired\":true,\"valueName\":\"search_term_string\"}}],\"inLanguage\":\"tr\"}]}<\/script>\n<!-- \/ Yoast SEO plugin. -->","yoast_head_json":{"title":"Uluslararas\u0131 Medikal Turizm \u2013 G\u00fcvenilir Klinikler ve K\u00fclt\u00fcrel Deneyimler","description":"D\u00fcnya \u00e7ap\u0131ndaki en iyi sa\u011fl\u0131k turizmi destinasyonlar\u0131n\u0131 ke\u015ffedin. Uluslararas\u0131 klinikleri kar\u015f\u0131la\u015ft\u0131r\u0131n, tedaviyi k\u00fclt\u00fcrel gezilerle birle\u015ftirin.","robots":{"index":"index","follow":"follow","max-snippet":"max-snippet:-1","max-image-preview":"max-image-preview:large","max-video-preview":"max-video-preview:-1"},"canonical":"https:\/\/officialguides.com\/tr\/medikal-turizm\/","og_locale":"tr_TR","og_type":"article","og_title":"Uluslararas\u0131 Medikal Turizm \u2013 G\u00fcvenilir Klinikler ve K\u00fclt\u00fcrel Deneyimler","og_description":"D\u00fcnya \u00e7ap\u0131ndaki en iyi sa\u011fl\u0131k turizmi destinasyonlar\u0131n\u0131 ke\u015ffedin. Uluslararas\u0131 klinikleri kar\u015f\u0131la\u015ft\u0131r\u0131n, tedaviyi k\u00fclt\u00fcrel gezilerle birle\u015ftirin.","og_url":"https:\/\/officialguides.com\/tr\/medikal-turizm\/","og_site_name":"Find Your Private Tour Guide Around The World!","og_image":[{"width":1023,"height":373,"url":"https:\/\/officialguides.com\/wp-content\/uploads\/2025\/04\/medical-tourism.jpg","type":"image\/jpeg"}],"twitter_card":"summary_large_image","twitter_misc":{"Tahmini okuma s\u00fcresi":"3 dakika"},"schema":{"@context":"https:\/\/schema.org","@graph":[{"@type":"WebPage","@id":"https:\/\/officialguides.com\/tr\/medikal-turizm\/","url":"https:\/\/officialguides.com\/tr\/medikal-turizm\/","name":"Uluslararas\u0131 Medikal Turizm \u2013 G\u00fcvenilir Klinikler ve K\u00fclt\u00fcrel Deneyimler","isPartOf":{"@id":"https:\/\/officialguides.com\/tr\/#website"},"primaryImageOfPage":{"@id":"https:\/\/officialguides.com\/tr\/medikal-turizm\/#primaryimage"},"image":{"@id":"https:\/\/officialguides.com\/tr\/medikal-turizm\/#primaryimage"},"thumbnailUrl":"https:\/\/officialguides.com\/wp-content\/uploads\/2025\/04\/medical-tourism.jpg","datePublished":"2025-04-18T17:45:18+00:00","description":"D\u00fcnya \u00e7ap\u0131ndaki en iyi sa\u011fl\u0131k turizmi destinasyonlar\u0131n\u0131 ke\u015ffedin. Uluslararas\u0131 klinikleri kar\u015f\u0131la\u015ft\u0131r\u0131n, tedaviyi k\u00fclt\u00fcrel gezilerle birle\u015ftirin.","breadcrumb":{"@id":"https:\/\/officialguides.com\/tr\/medikal-turizm\/#breadcrumb"},"inLanguage":"tr","potentialAction":[{"@type":"ReadAction","target":["https:\/\/officialguides.com\/tr\/medikal-turizm\/"]}]},{"@type":"ImageObject","inLanguage":"tr","@id":"https:\/\/officialguides.com\/tr\/medikal-turizm\/#primaryimage","url":"https:\/\/officialguides.com\/wp-content\/uploads\/2025\/04\/medical-tourism.jpg","contentUrl":"https:\/\/officialguides.com\/wp-content\/uploads\/2025\/04\/medical-tourism.jpg","width":1023,"height":373,"caption":"Medical tourism destinations worldwide \u2013 dental, aesthetic and wellness treatments abroad"},{"@type":"BreadcrumbList","@id":"https:\/\/officialguides.com\/tr\/medikal-turizm\/#breadcrumb","itemListElement":[{"@type":"ListItem","position":1,"name":"Home","item":"https:\/\/officialguides.com\/tr\/"},{"@type":"ListItem","position":2,"name":"Medikal Turizm"}]},{"@type":"WebSite","@id":"https:\/\/officialguides.com\/tr\/#website","url":"https:\/\/officialguides.com\/tr\/","name":"Official Tour Guides Around The World! Istanbul, Paris, Rome, Dubai...","description":"Explore cities and popular destinations with professional, official, certified tour guides","alternateName":"Official Guides","potentialAction":[{"@type":"SearchAction","target":{"@type":"EntryPoint","urlTemplate":"https:\/\/officialguides.com\/tr\/?s={search_term_string}"},"query-input":{"@type":"PropertyValueSpecification","valueRequired":true,"valueName":"search_term_string"}}],"inLanguage":"tr"}]}},"_links":{"self":[{"href":"https:\/\/officialguides.com\/tr\/wp-json\/wp\/v2\/pages\/394763","targetHints":{"allow":["GET"]}}],"collection":[{"href":"https:\/\/officialguides.com\/tr\/wp-json\/wp\/v2\/pages"}],"about":[{"href":"https:\/\/officialguides.com\/tr\/wp-json\/wp\/v2\/types\/page"}],"author":[{"embeddable":true,"href":"https:\/\/officialguides.com\/tr\/wp-json\/wp\/v2\/users\/3"}],"replies":[{"embeddable":true,"href":"https:\/\/officialguides.com\/tr\/wp-json\/wp\/v2\/comments?post=394763"}],"version-history":[{"count":0,"href":"https:\/\/officialguides.com\/tr\/wp-json\/wp\/v2\/pages\/394763\/revisions"}],"wp:featuredmedia":[{"embeddable":true,"href":"https:\/\/officialguides.com\/tr\/wp-json\/wp\/v2\/media\/394736"}],"wp:attachment":[{"href":"https:\/\/officialguides.com\/tr\/wp-json\/wp\/v2\/media?parent=394763"}],"curies":[{"name":"wp","href":"https:\/\/api.w.org\/{rel}","templated":true}]}}