{"id":40403,"date":"2020-05-18T14:32:27","date_gmt":"2020-05-18T11:32:27","guid":{"rendered":"https:\/\/www.officialguides.net\/registrering-for-guider\/"},"modified":"2020-05-25T13:45:21","modified_gmt":"2020-05-25T10:45:21","slug":"registrering-for-guider","status":"publish","type":"page","link":"https:\/\/officialguides.com\/sv\/registrering-for-guider\/","title":{"rendered":"Registrering F\u00f6r Guider"},"content":{"rendered":"<h2>Registrering F\u00f6r Guider<\/h2>\n<p>Officialguide.net \u00e4r en webbplats f\u00f6r att samla de officiella reseguiderna runt om i v\u00e4rlden. P\u00e5 v\u00e5ra webbsidor kan du presentera och s\u00e4lja dina privata turer direkt till resen\u00e4rer. Fyll i formul\u00e4ret nedan f\u00f6r att l\u00e4ra dig hur du kommer att listas p\u00e5 v\u00e5r webbplats.<\/p>\n<h3>Varf\u00f6r ska jag s\u00e4lja mina privata turer online?<\/h3>\n<p>Tillsammans med koronaviruset \u00e4r vi tyv\u00e4rr i b\u00f6rjan av en helt ny order 2020. Bland alla olika sektorer \u00e4r turism kanske den mest negativt drabbade. Enligt experter, i detta nya och ovanliga koncept, kommer turistresor att realiseras mestadels p\u00e5 individuell basis snarare \u00e4n grupper. D\u00e4rf\u00f6r kommer resor, transfer, stadsturer och alla andra utflykter att vara privat och detta nya koncept kommer att \u00f6ka kostnaderna per person. Familjer eller sm\u00e5 grupper f\u00f6redrar att kontakta direkt med reseguiderna snarare \u00e4n resebyr\u00e5er f\u00f6r att hitta en privat tj\u00e4nst. Och naturligtvis deras f\u00f6rsta adress \u00e4r Google. Just nu handlar det om att ha en webbplats f\u00f6r varje reseguide och alla kan inte f\u00f6rv\u00e4ntas \u00e4ga en webbplats. \u00c4ven om du \u00e4ger en personlig webbplats m\u00e5ste du betala mycket pengar f\u00f6r ett seri\u00f6st SEO-arbete och v\u00e4nta l\u00e4nge p\u00e5 att se resultaten. Denna anstr\u00e4ngning garanterar inte heller en bra ranking i Google. D\u00e4rf\u00f6r erbjuder Officialguides.net, som en alternativ l\u00f6sning, att g\u00f6ra allt jobbet \u00e5t dig. Som ett resultat kommer du att ha din egen webbprofil och s\u00e4lja dina privata turer online. Fyll i formul\u00e4ret p\u00e5 denna sida f\u00f6r att dra nytta av denna gratistj\u00e4nst.<\/p>\n<h3>Varf\u00f6r ska du v\u00e4lja Officialguides.net webbplats?<\/h3>\n<p>Eftersom officiellguides.net \u00e4r en flerspr\u00e5kig webbplats och du kan erbjuda dina privata turer p\u00e5 alla spr\u00e5k (inklusive svenska) som du \u00f6nskar, och till och med p\u00e5 flera spr\u00e5k. Dessutom kommer det inte att vara sv\u00e5rt att n\u00e5 potentiella bes\u00f6kare p\u00e5 Google med hj\u00e4lp av de senaste SEO-teknikerna som vi anv\u00e4nder.<\/p>\n<p>\t\t\t\t\t\t\t\t\t\t<img decoding=\"async\" width=\"1024\" height=\"365\" src=\"https:\/\/www.officialguides.net\/wp-content\/uploads\/2020\/05\/how-to-sell-my-private-tours-online-1024x365.jpg\" alt=\"how to sell my private tours and excursions in internet directly to the guest\" srcset=\"https:\/\/www.officialguides.net\/wp-content\/uploads\/2020\/05\/how-to-sell-my-private-tours-online-1024x365.jpg 1024w, https:\/\/www.officialguides.net\/wp-content\/uploads\/2020\/05\/how-to-sell-my-private-tours-online-300x107.jpg 300w, https:\/\/www.officialguides.net\/wp-content\/uploads\/2020\/05\/how-to-sell-my-private-tours-online-768x274.jpg 768w, https:\/\/www.officialguides.net\/wp-content\/uploads\/2020\/05\/how-to-sell-my-private-tours-online.jpg 1280w\" sizes=\"(max-width: 1024px) 100vw, 1024px\" \/><\/p>\n","protected":false},"excerpt":{"rendered":"<p>Registrering F\u00f6r Guider Officialguide.net \u00e4r en webbplats f\u00f6r att samla de officiella reseguiderna runt om i v\u00e4rlden. P\u00e5 v\u00e5ra webbsidor kan du presentera och s\u00e4lja dina privata turer direkt till resen\u00e4rer. Fyll i formul\u00e4ret nedan f\u00f6r att l\u00e4ra dig hur du kommer att listas p\u00e5 v\u00e5r webbplats. Varf\u00f6r ska jag s\u00e4lja mina privata turer online? &#8230; <a title=\"Registrering F\u00f6r Guider\" class=\"read-more\" href=\"https:\/\/officialguides.com\/sv\/registrering-for-guider\/\" aria-label=\"L\u00e4s mer om Registrering F\u00f6r Guider\">L\u00e4s mer<\/a><\/p>\n","protected":false},"author":3,"featured_media":0,"parent":0,"menu_order":0,"comment_status":"closed","ping_status":"closed","template":"","meta":{"_acf_changed":false,"_lmt_disableupdate":"","_lmt_disable":"","footnotes":""},"class_list":["post-40403","page","type-page","status-publish"],"acf":[],"yoast_head":"<!-- This site is optimized with the Yoast SEO plugin v27.6 - https:\/\/yoast.com\/product\/yoast-seo-wordpress\/ -->\n<title>Registrering F\u00f6r Svenska Guider | Hur S\u00e4ljer Du Dina Privata Turer Online?<\/title>\n<meta name=\"description\" content=\"Hur kan jag s\u00e4lja mina turer p\u00e5 Google \/ Internet? \u00c4r du en professionell guide? Har du en licens? Erbjud dina utflykter via v\u00e5r webbplats.\" \/>\n<meta name=\"robots\" content=\"index, follow, max-snippet:-1, max-image-preview:large, max-video-preview:-1\" \/>\n<link rel=\"canonical\" href=\"https:\/\/officialguides.com\/sv\/registrering-for-guider\/\" \/>\n<meta property=\"og:locale\" content=\"sv_SE\" \/>\n<meta property=\"og:type\" content=\"article\" \/>\n<meta property=\"og:title\" content=\"Registrering F\u00f6r Svenska Guider | Hur S\u00e4ljer Du Dina Privata Turer Online?\" \/>\n<meta property=\"og:description\" content=\"Hur kan jag s\u00e4lja mina turer p\u00e5 Google \/ Internet? \u00c4r du en professionell guide? Har du en licens? Erbjud dina utflykter via v\u00e5r webbplats.\" \/>\n<meta property=\"og:url\" content=\"https:\/\/officialguides.com\/sv\/registrering-for-guider\/\" \/>\n<meta property=\"og:site_name\" content=\"Find Your Private Tour Guide Around The World!\" \/>\n<meta property=\"article:modified_time\" content=\"2020-05-25T10:45:21+00:00\" \/>\n<meta property=\"og:image\" content=\"https:\/\/www.officialguides.net\/wp-content\/uploads\/2020\/05\/how-to-sell-my-private-tours-online-1024x365.jpg\" \/>\n<meta name=\"twitter:card\" content=\"summary_large_image\" \/>\n<meta name=\"twitter:label1\" content=\"Ber\u00e4knad l\u00e4stid\" \/>\n\t<meta name=\"twitter:data1\" content=\"2 minuter\" \/>\n<script type=\"application\/ld+json\" class=\"yoast-schema-graph\">{\"@context\":\"https:\\\/\\\/schema.org\",\"@graph\":[{\"@type\":\"WebPage\",\"@id\":\"https:\\\/\\\/officialguides.com\\\/sv\\\/registrering-for-guider\\\/\",\"url\":\"https:\\\/\\\/officialguides.com\\\/sv\\\/registrering-for-guider\\\/\",\"name\":\"Registrering F\u00f6r Svenska Guider | Hur S\u00e4ljer Du Dina Privata Turer Online?\",\"isPartOf\":{\"@id\":\"https:\\\/\\\/officialguides.com\\\/sv\\\/#website\"},\"primaryImageOfPage\":{\"@id\":\"https:\\\/\\\/officialguides.com\\\/sv\\\/registrering-for-guider\\\/#primaryimage\"},\"image\":{\"@id\":\"https:\\\/\\\/officialguides.com\\\/sv\\\/registrering-for-guider\\\/#primaryimage\"},\"thumbnailUrl\":\"https:\\\/\\\/www.officialguides.net\\\/wp-content\\\/uploads\\\/2020\\\/05\\\/how-to-sell-my-private-tours-online-1024x365.jpg\",\"datePublished\":\"2020-05-18T11:32:27+00:00\",\"dateModified\":\"2020-05-25T10:45:21+00:00\",\"description\":\"Hur kan jag s\u00e4lja mina turer p\u00e5 Google \\\/ Internet? \u00c4r du en professionell guide? Har du en licens? Erbjud dina utflykter via v\u00e5r webbplats.\",\"breadcrumb\":{\"@id\":\"https:\\\/\\\/officialguides.com\\\/sv\\\/registrering-for-guider\\\/#breadcrumb\"},\"inLanguage\":\"sv-SE\",\"potentialAction\":[{\"@type\":\"ReadAction\",\"target\":[\"https:\\\/\\\/officialguides.com\\\/sv\\\/registrering-for-guider\\\/\"]}]},{\"@type\":\"ImageObject\",\"inLanguage\":\"sv-SE\",\"@id\":\"https:\\\/\\\/officialguides.com\\\/sv\\\/registrering-for-guider\\\/#primaryimage\",\"url\":\"https:\\\/\\\/www.officialguides.net\\\/wp-content\\\/uploads\\\/2020\\\/05\\\/how-to-sell-my-private-tours-online-1024x365.jpg\",\"contentUrl\":\"https:\\\/\\\/www.officialguides.net\\\/wp-content\\\/uploads\\\/2020\\\/05\\\/how-to-sell-my-private-tours-online-1024x365.jpg\"},{\"@type\":\"BreadcrumbList\",\"@id\":\"https:\\\/\\\/officialguides.com\\\/sv\\\/registrering-for-guider\\\/#breadcrumb\",\"itemListElement\":[{\"@type\":\"ListItem\",\"position\":1,\"name\":\"Home\",\"item\":\"https:\\\/\\\/officialguides.com\\\/sv\\\/\"},{\"@type\":\"ListItem\",\"position\":2,\"name\":\"Registrering F\u00f6r Guider\"}]},{\"@type\":\"WebSite\",\"@id\":\"https:\\\/\\\/officialguides.com\\\/sv\\\/#website\",\"url\":\"https:\\\/\\\/officialguides.com\\\/sv\\\/\",\"name\":\"Official Tour Guides Around The World! Istanbul, Paris, Rome, Dubai...\",\"description\":\"Explore cities and popular destinations with professional, official, certified tour guides\",\"alternateName\":\"Official Guides\",\"potentialAction\":[{\"@type\":\"SearchAction\",\"target\":{\"@type\":\"EntryPoint\",\"urlTemplate\":\"https:\\\/\\\/officialguides.com\\\/sv\\\/?s={search_term_string}\"},\"query-input\":{\"@type\":\"PropertyValueSpecification\",\"valueRequired\":true,\"valueName\":\"search_term_string\"}}],\"inLanguage\":\"sv-SE\"}]}<\/script>\n<!-- \/ Yoast SEO plugin. -->","yoast_head_json":{"title":"Registrering F\u00f6r Svenska Guider | Hur S\u00e4ljer Du Dina Privata Turer Online?","description":"Hur kan jag s\u00e4lja mina turer p\u00e5 Google \/ Internet? \u00c4r du en professionell guide? Har du en licens? Erbjud dina utflykter via v\u00e5r webbplats.","robots":{"index":"index","follow":"follow","max-snippet":"max-snippet:-1","max-image-preview":"max-image-preview:large","max-video-preview":"max-video-preview:-1"},"canonical":"https:\/\/officialguides.com\/sv\/registrering-for-guider\/","og_locale":"sv_SE","og_type":"article","og_title":"Registrering F\u00f6r Svenska Guider | Hur S\u00e4ljer Du Dina Privata Turer Online?","og_description":"Hur kan jag s\u00e4lja mina turer p\u00e5 Google \/ Internet? \u00c4r du en professionell guide? Har du en licens? Erbjud dina utflykter via v\u00e5r webbplats.","og_url":"https:\/\/officialguides.com\/sv\/registrering-for-guider\/","og_site_name":"Find Your Private Tour Guide Around The World!","article_modified_time":"2020-05-25T10:45:21+00:00","og_image":[{"url":"https:\/\/www.officialguides.net\/wp-content\/uploads\/2020\/05\/how-to-sell-my-private-tours-online-1024x365.jpg","type":"","width":"","height":""}],"twitter_card":"summary_large_image","twitter_misc":{"Ber\u00e4knad l\u00e4stid":"2 minuter"},"schema":{"@context":"https:\/\/schema.org","@graph":[{"@type":"WebPage","@id":"https:\/\/officialguides.com\/sv\/registrering-for-guider\/","url":"https:\/\/officialguides.com\/sv\/registrering-for-guider\/","name":"Registrering F\u00f6r Svenska Guider | Hur S\u00e4ljer Du Dina Privata Turer Online?","isPartOf":{"@id":"https:\/\/officialguides.com\/sv\/#website"},"primaryImageOfPage":{"@id":"https:\/\/officialguides.com\/sv\/registrering-for-guider\/#primaryimage"},"image":{"@id":"https:\/\/officialguides.com\/sv\/registrering-for-guider\/#primaryimage"},"thumbnailUrl":"https:\/\/www.officialguides.net\/wp-content\/uploads\/2020\/05\/how-to-sell-my-private-tours-online-1024x365.jpg","datePublished":"2020-05-18T11:32:27+00:00","dateModified":"2020-05-25T10:45:21+00:00","description":"Hur kan jag s\u00e4lja mina turer p\u00e5 Google \/ Internet? \u00c4r du en professionell guide? Har du en licens? Erbjud dina utflykter via v\u00e5r webbplats.","breadcrumb":{"@id":"https:\/\/officialguides.com\/sv\/registrering-for-guider\/#breadcrumb"},"inLanguage":"sv-SE","potentialAction":[{"@type":"ReadAction","target":["https:\/\/officialguides.com\/sv\/registrering-for-guider\/"]}]},{"@type":"ImageObject","inLanguage":"sv-SE","@id":"https:\/\/officialguides.com\/sv\/registrering-for-guider\/#primaryimage","url":"https:\/\/www.officialguides.net\/wp-content\/uploads\/2020\/05\/how-to-sell-my-private-tours-online-1024x365.jpg","contentUrl":"https:\/\/www.officialguides.net\/wp-content\/uploads\/2020\/05\/how-to-sell-my-private-tours-online-1024x365.jpg"},{"@type":"BreadcrumbList","@id":"https:\/\/officialguides.com\/sv\/registrering-for-guider\/#breadcrumb","itemListElement":[{"@type":"ListItem","position":1,"name":"Home","item":"https:\/\/officialguides.com\/sv\/"},{"@type":"ListItem","position":2,"name":"Registrering F\u00f6r Guider"}]},{"@type":"WebSite","@id":"https:\/\/officialguides.com\/sv\/#website","url":"https:\/\/officialguides.com\/sv\/","name":"Official Tour Guides Around The World! Istanbul, Paris, Rome, Dubai...","description":"Explore cities and popular destinations with professional, official, certified tour guides","alternateName":"Official Guides","potentialAction":[{"@type":"SearchAction","target":{"@type":"EntryPoint","urlTemplate":"https:\/\/officialguides.com\/sv\/?s={search_term_string}"},"query-input":{"@type":"PropertyValueSpecification","valueRequired":true,"valueName":"search_term_string"}}],"inLanguage":"sv-SE"}]}},"_links":{"self":[{"href":"https:\/\/officialguides.com\/sv\/wp-json\/wp\/v2\/pages\/40403","targetHints":{"allow":["GET"]}}],"collection":[{"href":"https:\/\/officialguides.com\/sv\/wp-json\/wp\/v2\/pages"}],"about":[{"href":"https:\/\/officialguides.com\/sv\/wp-json\/wp\/v2\/types\/page"}],"author":[{"embeddable":true,"href":"https:\/\/officialguides.com\/sv\/wp-json\/wp\/v2\/users\/3"}],"replies":[{"embeddable":true,"href":"https:\/\/officialguides.com\/sv\/wp-json\/wp\/v2\/comments?post=40403"}],"version-history":[{"count":0,"href":"https:\/\/officialguides.com\/sv\/wp-json\/wp\/v2\/pages\/40403\/revisions"}],"wp:attachment":[{"href":"https:\/\/officialguides.com\/sv\/wp-json\/wp\/v2\/media?parent=40403"}],"curies":[{"name":"wp","href":"https:\/\/api.w.org\/{rel}","templated":true}]}}