{"id":397914,"date":"2026-01-30T15:33:36","date_gmt":"2026-01-30T12:33:36","guid":{"rendered":"https:\/\/officialguides.com\/juridisk-ansvarsfriskrivning\/"},"modified":"2026-01-30T15:33:36","modified_gmt":"2026-01-30T12:33:36","slug":"juridisk-ansvarsfriskrivning","status":"publish","type":"page","link":"https:\/\/officialguides.com\/sv\/juridisk-ansvarsfriskrivning\/","title":{"rendered":"Juridisk Ansvarsfriskrivning"},"content":{"rendered":"<h2 data-path-to-node=\"4\">1. Plattformens roll och tj\u00e4nsternas natur<\/h2>\n<p data-path-to-node=\"5\">Official Guides verkar uteslutande som en oberoende marknadsplats online som kopplar samman resen\u00e4rer med auktoriserade turguider. Observera att Official Guides <b data-path-to-node=\"5\" data-index-in-node=\"161\">inte \u00e4r en resebyr\u00e5<\/b> och inte tillhandah\u00e5ller, administrerar eller kontrollerar resepaket, transport eller andra tj\u00e4nster relaterade till resebyr\u00e5verksamhet.<\/p>\n<h2 data-path-to-node=\"6\">2. Oberoende avtal<\/h2>\n<p data-path-to-node=\"7\">Alla avtal, bekr\u00e4ftelser eller kontrakt som ing\u00e5s avseende en rundtur \u00e4r strikt mellan <b data-path-to-node=\"7\" data-index-in-node=\"87\">Resen\u00e4ren<\/b> och <b data-path-to-node=\"7\" data-index-in-node=\"101\">Guiden<\/b>. Official Guides \u00e4r inte part i dessa privata arrangemang. F\u00f6ljaktligen har plattformen inget ansvar f\u00f6r uppfyllandet, kvaliteten eller tidsplaneringen av de \u00f6verenskomna tj\u00e4nsterna.<\/p>\n<h2 data-path-to-node=\"8\">3. Finansiella transaktioner och \u00e5terbetalningar<\/h2>\n<p data-path-to-node=\"9\">Alla \u00e4renden relaterade till betalningar, penning\u00f6verf\u00f6ringar, tidsfrister och \u00e5terbetalningspolicyer ska g\u00f6ras upp direkt mellan Resen\u00e4ren och Guiden. Official Guides hanterar inte betalningar och ansvarar inte f\u00f6r ekonomiska tvister, avbokningsavgifter eller utebliven behandling av \u00e5terbetalningar.<\/p>\n<h2 data-path-to-node=\"10\">4. Driftsm\u00e4ssiga begr\u00e4nsningar (Biljetter och v\u00e4ntetider)<\/h2>\n<p data-path-to-node=\"11\">\u00c4ven om v\u00e5ra guider str\u00e4var efter h\u00f6gsta kvalitet, ansvarar Official Guides inte f\u00f6r:<\/p>\n<ul data-path-to-node=\"12\">\n<li>\n<p data-path-to-node=\"12,0,0\"><b data-path-to-node=\"12,0,0\" data-index-in-node=\"0\">Biljetttillg\u00e4nglighet:<\/b> Bristande tillg\u00e4nglighet av intr\u00e4desbiljetter till museer eller sev\u00e4rdheter (t.ex. Louvren, Vatikanen, etc.).<\/p>\n<\/li>\n<li>\n<p data-path-to-node=\"12,1,0\"><b data-path-to-node=\"12,1,0\" data-index-in-node=\"0\">V\u00e4ntetider:<\/b> L\u00e5nga k\u00f6er eller ov\u00e4ntade f\u00f6rseningar vid ing\u00e5ngar till platser.<\/p>\n<\/li>\n<li>\n<p data-path-to-node=\"12,2,0\"><b data-path-to-node=\"12,2,0\" data-index-in-node=\"0\">Externa faktorer:<\/b> Eventuella of\u00f6rutsedda omst\u00e4ndigheter eller &#8221;force majeure&#8221;-h\u00e4ndelser som kan p\u00e5verka rundturen.<\/p>\n<\/li>\n<\/ul>\n<h2 data-path-to-node=\"13\">5. Tj\u00e4nstens utf\u00f6rande och n\u00f6jdhet<\/h2>\n<p data-path-to-node=\"14\">Official Guides garanterar inte n\u00f6jdhet eller att en rundtur kommer att uppfylla specifika f\u00f6rv\u00e4ntningar. Eventuellt missn\u00f6je med hur en tj\u00e4nst utf\u00f6rts, eller underl\u00e5tenhet att uppfylla beg\u00e4rda krav, m\u00e5ste hanteras direkt med guiden. Official Guides p\u00e5tar sig inget ansvar f\u00f6r skador, f\u00f6rluster eller besvikelser till f\u00f6ljd av anv\u00e4ndningen av tj\u00e4nster som hittats via denna plattform.<\/p>\n<h2 data-path-to-node=\"15\">6. Illustrativt inneh\u00e5ll<\/h2>\n<p data-path-to-node=\"16\">Turprogram och resplaner som publiceras p\u00e5 denna webbplats \u00e4r endast i <b data-path-to-node=\"16\" data-index-in-node=\"71\">illustrativt och informativt syfte<\/b>. De tj\u00e4nar till att ge id\u00e9er till resen\u00e4rer; den slutliga resplanen \u00e4r f\u00f6rem\u00e5l f\u00f6r direkt \u00f6verenskommelse mellan resen\u00e4ren och den auktoriserade guiden.<\/p>\n","protected":false},"excerpt":{"rendered":"<p>1. Plattformens roll och tj\u00e4nsternas natur Official Guides verkar uteslutande som en oberoende marknadsplats online som kopplar samman resen\u00e4rer med auktoriserade turguider. Observera att Official Guides inte \u00e4r en resebyr\u00e5 och inte tillhandah\u00e5ller, administrerar eller kontrollerar resepaket, transport eller andra tj\u00e4nster relaterade till resebyr\u00e5verksamhet. 2. Oberoende avtal Alla avtal, bekr\u00e4ftelser eller kontrakt som ing\u00e5s avseende &#8230; <a title=\"Juridisk Ansvarsfriskrivning\" class=\"read-more\" href=\"https:\/\/officialguides.com\/sv\/juridisk-ansvarsfriskrivning\/\" aria-label=\"L\u00e4s mer om Juridisk Ansvarsfriskrivning\">L\u00e4s mer<\/a><\/p>\n","protected":false},"author":3,"featured_media":0,"parent":0,"menu_order":0,"comment_status":"closed","ping_status":"closed","template":"","meta":{"_acf_changed":false,"footnotes":""},"class_list":["post-397914","page","type-page","status-publish"],"acf":[],"yoast_head":"<!-- This site is optimized with the Yoast SEO plugin v27.5 - https:\/\/yoast.com\/product\/yoast-seo-wordpress\/ -->\n<title>Juridisk ansvarsfriskrivning | Official Guides<\/title>\n<meta name=\"description\" content=\"L\u00e4s Official Guides juridiska ansvarsfriskrivning. Vi \u00e4r en oberoende marknadsplats som kopplar samman resen\u00e4rer med auktoriserade guider.\" \/>\n<meta name=\"robots\" content=\"index, follow, max-snippet:-1, max-image-preview:large, max-video-preview:-1\" \/>\n<link rel=\"canonical\" href=\"https:\/\/officialguides.com\/sv\/juridisk-ansvarsfriskrivning\/\" \/>\n<meta property=\"og:locale\" content=\"sv_SE\" \/>\n<meta property=\"og:type\" content=\"article\" \/>\n<meta property=\"og:title\" content=\"Juridisk ansvarsfriskrivning | Official Guides\" \/>\n<meta property=\"og:description\" content=\"L\u00e4s Official Guides juridiska ansvarsfriskrivning. Vi \u00e4r en oberoende marknadsplats som kopplar samman resen\u00e4rer med auktoriserade guider.\" \/>\n<meta property=\"og:url\" content=\"https:\/\/officialguides.com\/sv\/juridisk-ansvarsfriskrivning\/\" \/>\n<meta property=\"og:site_name\" content=\"Find Your Private Tour Guide Around The World!\" \/>\n<meta name=\"twitter:card\" content=\"summary_large_image\" \/>\n<meta name=\"twitter:label1\" content=\"Ber\u00e4knad l\u00e4stid\" \/>\n\t<meta name=\"twitter:data1\" content=\"2 minuter\" \/>\n<script type=\"application\/ld+json\" class=\"yoast-schema-graph\">{\"@context\":\"https:\\\/\\\/schema.org\",\"@graph\":[{\"@type\":\"WebPage\",\"@id\":\"https:\\\/\\\/officialguides.com\\\/sv\\\/juridisk-ansvarsfriskrivning\\\/\",\"url\":\"https:\\\/\\\/officialguides.com\\\/sv\\\/juridisk-ansvarsfriskrivning\\\/\",\"name\":\"Juridisk ansvarsfriskrivning | Official Guides\",\"isPartOf\":{\"@id\":\"https:\\\/\\\/officialguides.com\\\/sv\\\/#website\"},\"datePublished\":\"2026-01-30T12:33:36+00:00\",\"description\":\"L\u00e4s Official Guides juridiska ansvarsfriskrivning. Vi \u00e4r en oberoende marknadsplats som kopplar samman resen\u00e4rer med auktoriserade guider.\",\"breadcrumb\":{\"@id\":\"https:\\\/\\\/officialguides.com\\\/sv\\\/juridisk-ansvarsfriskrivning\\\/#breadcrumb\"},\"inLanguage\":\"sv-SE\",\"potentialAction\":[{\"@type\":\"ReadAction\",\"target\":[\"https:\\\/\\\/officialguides.com\\\/sv\\\/juridisk-ansvarsfriskrivning\\\/\"]}]},{\"@type\":\"BreadcrumbList\",\"@id\":\"https:\\\/\\\/officialguides.com\\\/sv\\\/juridisk-ansvarsfriskrivning\\\/#breadcrumb\",\"itemListElement\":[{\"@type\":\"ListItem\",\"position\":1,\"name\":\"Home\",\"item\":\"https:\\\/\\\/officialguides.com\\\/sv\\\/\"},{\"@type\":\"ListItem\",\"position\":2,\"name\":\"Juridisk Ansvarsfriskrivning\"}]},{\"@type\":\"WebSite\",\"@id\":\"https:\\\/\\\/officialguides.com\\\/sv\\\/#website\",\"url\":\"https:\\\/\\\/officialguides.com\\\/sv\\\/\",\"name\":\"Official Tour Guides Around The World! Istanbul, Paris, Rome, Dubai...\",\"description\":\"Explore cities and popular destinations with professional, official, certified tour guides\",\"alternateName\":\"Official Guides\",\"potentialAction\":[{\"@type\":\"SearchAction\",\"target\":{\"@type\":\"EntryPoint\",\"urlTemplate\":\"https:\\\/\\\/officialguides.com\\\/sv\\\/?s={search_term_string}\"},\"query-input\":{\"@type\":\"PropertyValueSpecification\",\"valueRequired\":true,\"valueName\":\"search_term_string\"}}],\"inLanguage\":\"sv-SE\"}]}<\/script>\n<!-- \/ Yoast SEO plugin. -->","yoast_head_json":{"title":"Juridisk ansvarsfriskrivning | Official Guides","description":"L\u00e4s Official Guides juridiska ansvarsfriskrivning. Vi \u00e4r en oberoende marknadsplats som kopplar samman resen\u00e4rer med auktoriserade guider.","robots":{"index":"index","follow":"follow","max-snippet":"max-snippet:-1","max-image-preview":"max-image-preview:large","max-video-preview":"max-video-preview:-1"},"canonical":"https:\/\/officialguides.com\/sv\/juridisk-ansvarsfriskrivning\/","og_locale":"sv_SE","og_type":"article","og_title":"Juridisk ansvarsfriskrivning | Official Guides","og_description":"L\u00e4s Official Guides juridiska ansvarsfriskrivning. Vi \u00e4r en oberoende marknadsplats som kopplar samman resen\u00e4rer med auktoriserade guider.","og_url":"https:\/\/officialguides.com\/sv\/juridisk-ansvarsfriskrivning\/","og_site_name":"Find Your Private Tour Guide Around The World!","twitter_card":"summary_large_image","twitter_misc":{"Ber\u00e4knad l\u00e4stid":"2 minuter"},"schema":{"@context":"https:\/\/schema.org","@graph":[{"@type":"WebPage","@id":"https:\/\/officialguides.com\/sv\/juridisk-ansvarsfriskrivning\/","url":"https:\/\/officialguides.com\/sv\/juridisk-ansvarsfriskrivning\/","name":"Juridisk ansvarsfriskrivning | Official Guides","isPartOf":{"@id":"https:\/\/officialguides.com\/sv\/#website"},"datePublished":"2026-01-30T12:33:36+00:00","description":"L\u00e4s Official Guides juridiska ansvarsfriskrivning. Vi \u00e4r en oberoende marknadsplats som kopplar samman resen\u00e4rer med auktoriserade guider.","breadcrumb":{"@id":"https:\/\/officialguides.com\/sv\/juridisk-ansvarsfriskrivning\/#breadcrumb"},"inLanguage":"sv-SE","potentialAction":[{"@type":"ReadAction","target":["https:\/\/officialguides.com\/sv\/juridisk-ansvarsfriskrivning\/"]}]},{"@type":"BreadcrumbList","@id":"https:\/\/officialguides.com\/sv\/juridisk-ansvarsfriskrivning\/#breadcrumb","itemListElement":[{"@type":"ListItem","position":1,"name":"Home","item":"https:\/\/officialguides.com\/sv\/"},{"@type":"ListItem","position":2,"name":"Juridisk Ansvarsfriskrivning"}]},{"@type":"WebSite","@id":"https:\/\/officialguides.com\/sv\/#website","url":"https:\/\/officialguides.com\/sv\/","name":"Official Tour Guides Around The World! Istanbul, Paris, Rome, Dubai...","description":"Explore cities and popular destinations with professional, official, certified tour guides","alternateName":"Official Guides","potentialAction":[{"@type":"SearchAction","target":{"@type":"EntryPoint","urlTemplate":"https:\/\/officialguides.com\/sv\/?s={search_term_string}"},"query-input":{"@type":"PropertyValueSpecification","valueRequired":true,"valueName":"search_term_string"}}],"inLanguage":"sv-SE"}]}},"_links":{"self":[{"href":"https:\/\/officialguides.com\/sv\/wp-json\/wp\/v2\/pages\/397914","targetHints":{"allow":["GET"]}}],"collection":[{"href":"https:\/\/officialguides.com\/sv\/wp-json\/wp\/v2\/pages"}],"about":[{"href":"https:\/\/officialguides.com\/sv\/wp-json\/wp\/v2\/types\/page"}],"author":[{"embeddable":true,"href":"https:\/\/officialguides.com\/sv\/wp-json\/wp\/v2\/users\/3"}],"replies":[{"embeddable":true,"href":"https:\/\/officialguides.com\/sv\/wp-json\/wp\/v2\/comments?post=397914"}],"version-history":[{"count":0,"href":"https:\/\/officialguides.com\/sv\/wp-json\/wp\/v2\/pages\/397914\/revisions"}],"wp:attachment":[{"href":"https:\/\/officialguides.com\/sv\/wp-json\/wp\/v2\/media?parent=397914"}],"curies":[{"name":"wp","href":"https:\/\/api.w.org\/{rel}","templated":true}]}}