{"id":394764,"date":"2025-04-18T20:48:49","date_gmt":"2025-04-18T17:48:49","guid":{"rendered":"https:\/\/officialguides.com\/medicinsk-turism\/"},"modified":"2025-04-18T20:48:49","modified_gmt":"2025-04-18T17:48:49","slug":"medicinsk-turism","status":"publish","type":"page","link":"https:\/\/officialguides.com\/sv\/medicinsk-turism\/","title":{"rendered":"Medicinsk Turism"},"content":{"rendered":"<h2 class=\"\" data-start=\"512\" data-end=\"551\">\ud83c\udf0d Internationell Medicinsk Turism<\/h2>\n<p class=\"\" data-start=\"552\" data-end=\"641\"><strong data-start=\"552\" data-end=\"641\">Uppt\u00e4ck p\u00e5litliga medicinska resm\u00e5l med tydlig information och kulturella upplevelser<\/strong><\/p>\n<p class=\"\" data-start=\"643\" data-end=\"842\">V\u00e4lkommen till en plattform som hj\u00e4lper dig att utforska v\u00e4rldens mest respekterade destinationer f\u00f6r <strong data-start=\"745\" data-end=\"780\">internationell medicinsk turism<\/strong> \u2013 d\u00e4r modern sjukv\u00e5rd kombineras med rika kulturella intryck.<\/p>\n<p class=\"\" data-start=\"844\" data-end=\"1122\">P\u00e5 <strong data-start=\"847\" data-end=\"869\">officialguides.com<\/strong> tillhandah\u00e5ller vi allm\u00e4n information om <strong data-start=\"911\" data-end=\"974\">kliniker och sjukhus som tar emot internationella patienter<\/strong>. Vi erbjuder inte medicinska behandlingar sj\u00e4lva, men hj\u00e4lper dig att hitta trov\u00e4rdiga v\u00e5rdgivare och berika din resa med guidade turer och kultur.<\/p>\n<hr class=\"\" data-start=\"1124\" data-end=\"1127\" \/>\n<h3 class=\"\" data-start=\"1129\" data-end=\"1163\">Varf\u00f6r V\u00e4lja Medicinsk Turism?<\/h3>\n<p class=\"\" data-start=\"1165\" data-end=\"1252\">Miljontals m\u00e4nniskor v\u00e4ljer varje \u00e5r att f\u00e5 medicinsk behandling utomlands p\u00e5 grund av:<\/p>\n<ul>\n<li data-start=\"1256\" data-end=\"1322\">\ud83c\udfe5 Tillg\u00e5ng till ackrediterade kliniker och erfarna specialister<\/li>\n<li data-start=\"1325\" data-end=\"1367\">\ud83d\udcb0 L\u00e4gre kostnader j\u00e4mf\u00f6rt med hemlandet<\/li>\n<li data-start=\"1370\" data-end=\"1393\">\ud83d\udcc6 Kortare v\u00e4ntetider<\/li>\n<li data-start=\"1396\" data-end=\"1442\">\u2708\ufe0f M\u00f6jlighet att kombinera v\u00e5rd med semester<\/li>\n<li data-start=\"1445\" data-end=\"1484\">\ud83d\udcac Fler spr\u00e5k och patientv\u00e4nlig service<\/li>\n<\/ul>\n<p class=\"\" data-start=\"1486\" data-end=\"1590\">Vi guidar dig till <strong data-start=\"1505\" data-end=\"1589\">l\u00e4nder k\u00e4nda f\u00f6r h\u00f6gkvalitativ v\u00e5rd och v\u00e4nligt bem\u00f6tande av utl\u00e4ndska patienter<\/strong>.<\/p>\n<hr class=\"\" data-start=\"1592\" data-end=\"1595\" \/>\n<h3 class=\"\" data-start=\"1597\" data-end=\"1643\">Vanliga Behandlingar inom Medicinsk Turism<\/h3>\n<p class=\"\" data-start=\"1645\" data-end=\"1701\">N\u00e5gra av de mest efterfr\u00e5gade behandlingarna inkluderar:<\/p>\n<ul>\n<li data-start=\"1705\" data-end=\"1756\">\u2705 <strong data-start=\"1707\" data-end=\"1719\">Tandv\u00e5rd<\/strong> (implantat, fasader, leendedesign)<\/li>\n<li data-start=\"1759\" data-end=\"1794\">\u2705 <strong data-start=\"1761\" data-end=\"1792\">Estetisk och plastikkirurgi<\/strong><\/li>\n<li data-start=\"1797\" data-end=\"1823\">\u2705 <strong data-start=\"1799\" data-end=\"1821\">H\u00e5rtransplantation<\/strong><\/li>\n<li data-start=\"1826\" data-end=\"1863\">\u2705 <strong data-start=\"1828\" data-end=\"1861\">Fertilitetsbehandlingar (IVF)<\/strong><\/li>\n<li data-start=\"1866\" data-end=\"1912\">\u2705 <strong data-start=\"1868\" data-end=\"1910\">Ortopedisk kirurgi och ryggoperationer<\/strong><\/li>\n<li data-start=\"1915\" data-end=\"1956\">\u2705 <strong data-start=\"1917\" data-end=\"1954\">Laserbehandlingar och \u00f6gonkirurgi<\/strong><\/li>\n<li data-start=\"1959\" data-end=\"2020\">\u2705 <strong data-start=\"1961\" data-end=\"2020\">Wellnessprogram, rehabilitering och anti-aging-terapier<\/strong><\/li>\n<\/ul>\n<p class=\"\" data-start=\"2022\" data-end=\"2178\">\ud83d\udccc <em data-start=\"2025\" data-end=\"2178\">Observera: Vi erbjuder inga medicinska r\u00e5d och garanterar inte n\u00e5gra behandlingsresultat. Informationen \u00e4r endast avsedd f\u00f6r v\u00e4gledning och j\u00e4mf\u00f6relse.<\/em><\/p>\n<hr class=\"\" data-start=\"2180\" data-end=\"2183\" \/>\n<h3 class=\"\" data-start=\"2185\" data-end=\"2231\">Rekommenderade L\u00e4nder f\u00f6r Medicinsk Turism<\/h3>\n<p class=\"\" data-start=\"2233\" data-end=\"2340\">H\u00e4r \u00e4r n\u00e5gra av de mest betrodda l\u00e4nderna som erbjuder v\u00e5rd av h\u00f6g kvalitet till internationella patienter:<\/p>\n<ul>\n<li class=\"\" data-start=\"2342\" data-end=\"2512\">\n<p class=\"\" data-start=\"2344\" data-end=\"2512\">\ud83c\uddf9\ud83c\uddf7 <strong data-start=\"2349\" data-end=\"2360\">Turkiet<\/strong> \u2013 estetisk tandv\u00e5rd, plastikkirurgi, \u00f6gonbehandlingar, organtransplantation, onkologi, hj\u00e4rtkirurgi, ortopedisk kirurgi och provr\u00f6rsbefruktning (IVF)<\/p>\n<\/li>\n<li data-start=\"2515\" data-end=\"2568\">\ud83c\udded\ud83c\uddfa <strong data-start=\"2520\" data-end=\"2530\">Ungern<\/strong> \u2013 kosmetisk tandv\u00e5rd, tandreglering<\/li>\n<li data-start=\"2571\" data-end=\"2630\">\ud83c\udded\ud83c\uddf7 <strong data-start=\"2576\" data-end=\"2588\">Kroatien<\/strong> \u2013 tandv\u00e5rd, wellness och rehabilitering<\/li>\n<li data-start=\"2633\" data-end=\"2690\">\ud83c\uddf2\ud83c\uddfd <strong data-start=\"2638\" data-end=\"2648\">Mexiko<\/strong> \u2013 \u00f6verviktskirurgi, fertilitetskliniker<\/li>\n<li data-start=\"2693\" data-end=\"2755\">\ud83c\uddea\ud83c\uddf8 <strong data-start=\"2698\" data-end=\"2709\">Spanien<\/strong> \u2013 estetisk kirurgi, anti-aging-behandlingar<\/li>\n<li data-start=\"2758\" data-end=\"2814\">\ud83c\uddf9\ud83c\udded <strong data-start=\"2763\" data-end=\"2775\">Thailand<\/strong> \u2013 medicinska span, estetiska ingrepp<\/li>\n<li data-start=\"2817\" data-end=\"2882\">\ud83c\uddf0\ud83c\uddf7 <strong data-start=\"2822\" data-end=\"2834\">Sydkorea<\/strong> \u2013 dermatologi, avancerade ansiktsbehandlingar<\/li>\n<li data-start=\"2885\" data-end=\"2951\">\ud83c\uddee\ud83c\uddf3 <strong data-start=\"2890\" data-end=\"2900\">Indien<\/strong> \u2013 ortopedi, hj\u00e4rtkirurgi, ayurvediska behandlingar<\/li>\n<\/ul>\n<p class=\"\" data-start=\"2953\" data-end=\"3047\">Alla n\u00e4mnda kliniker \u00e4r <strong data-start=\"2977\" data-end=\"3002\">frist\u00e5ende v\u00e5rdgivare<\/strong> med erfarenhet av internationella patienter.<\/p>\n<hr class=\"\" data-start=\"3049\" data-end=\"3052\" \/>\n<h3 class=\"\" data-start=\"3054\" data-end=\"3083\">Kombinera V\u00e5rd med Kultur<\/h3>\n<p class=\"\" data-start=\"3085\" data-end=\"3338\">F\u00f6rutom v\u00e5rdinformation erbjuder vi kontakt med <strong data-start=\"3133\" data-end=\"3157\">auktoriserade guider<\/strong> i olika st\u00e4der.<br data-start=\"3173\" data-end=\"3176\" \/>Oavsett om det \u00e4r en historisk rundtur i Istanbul, en vinresa i Spanien eller en b\u00e5ttur l\u00e4ngs Donau \u2013 din \u00e5terh\u00e4mtningsperiod kan bli en meningsfull del av resan.<\/p>\n<blockquote data-start=\"3340\" data-end=\"3428\">\n<p class=\"\" data-start=\"3342\" data-end=\"3428\">\ud83c\udfa7 <em data-start=\"3345\" data-end=\"3428\">Privata rundturer \u00e4r valfria och arrangeras p\u00e5 beg\u00e4ran med professionella guider.<\/em><\/p>\n<\/blockquote>\n<hr class=\"\" data-start=\"3430\" data-end=\"3433\" \/>\n<h3 class=\"\" data-start=\"3435\" data-end=\"3485\">En Oberoende och Informationsbaserad Plattform<\/h3>\n<ul>\n<li data-start=\"3489\" data-end=\"3559\">\u2757 <strong data-start=\"3491\" data-end=\"3557\">Vi rekommenderar inte specifika behandlingar eller procedurer.<\/strong><\/li>\n<li data-start=\"3562\" data-end=\"3627\">\ud83c\udfe5 Val av klinik, l\u00e4kare och metod \u00e4r helt upp till anv\u00e4ndaren.<\/li>\n<li data-start=\"3630\" data-end=\"3689\">\ud83d\udcd1 All information \u00e4r allm\u00e4n och inte juridiskt bindande.<\/li>\n<li data-start=\"3692\" data-end=\"3794\">\ud83d\udee1\ufe0f <strong data-start=\"3696\" data-end=\"3794\">Vi tar inget ansvar f\u00f6r resultatet av medicinska behandlingar eller tj\u00e4nster fr\u00e5n tredje part.<\/strong><\/li>\n<\/ul>\n<hr class=\"\" data-start=\"3796\" data-end=\"3799\" \/>\n<h3 class=\"\" data-start=\"3801\" data-end=\"3825\">\u2709\ufe0f Vill du Veta Mer?<\/h3>\n<p class=\"\" data-start=\"3827\" data-end=\"3958\">Om du \u00f6verv\u00e4ger att resa f\u00f6r v\u00e5rd och vill veta mer om resm\u00e5l, kliniker eller kulturella upplevelser \u2013 tveka inte att kontakta oss.<\/p>\n<p class=\"\" data-start=\"3960\" data-end=\"4055\">\ud83d\udc49 <span style=\"text-decoration: underline;\"><strong data-start=\"3963\" data-end=\"3982\">KONTAKTA OSS NU<\/strong><\/span> f\u00f6r en f\u00f6rsta introduktion till behandlingsalternativ och guidade turer.<\/p>\n<p data-start=\"3960\" data-end=\"4055\"><div class=\"wpforms-container wpforms-container-full\" id=\"wpforms-4263\"><form id=\"wpforms-form-4263\" class=\"wpforms-validate wpforms-form\" data-formid=\"4263\" method=\"post\" enctype=\"multipart\/form-data\" action=\"\/sv\/wp-json\/wp\/v2\/pages\/394764\" data-token=\"e55905b6665478818f3198ba995420eb\" data-token-time=\"1777278821\"><noscript class=\"wpforms-error-noscript\">Aktivera JavaScript i din webbl\u00e4sare f\u00f6r att fylla i formul\u00e4ret.<\/noscript><div class=\"wpforms-field-container\"><div id=\"wpforms-4263-field_0-container\" class=\"wpforms-field wpforms-field-name\" data-field-id=\"0\"><label class=\"wpforms-field-label\">Name <span class=\"wpforms-required-label\">*<\/span><\/label><div class=\"wpforms-field-row wpforms-field-medium\"><div class=\"wpforms-field-row-block wpforms-first wpforms-one-half\"><input type=\"text\" id=\"wpforms-4263-field_0\" class=\"wpforms-field-name-first wpforms-field-required\" name=\"wpforms[fields][0][first]\" required><label for=\"wpforms-4263-field_0\" class=\"wpforms-field-sublabel after\">F\u00f6rst<\/label><\/div><div class=\"wpforms-field-row-block wpforms-one-half\"><input type=\"text\" id=\"wpforms-4263-field_0-last\" class=\"wpforms-field-name-last wpforms-field-required\" name=\"wpforms[fields][0][last]\" required><label for=\"wpforms-4263-field_0-last\" class=\"wpforms-field-sublabel after\">Sist<\/label><\/div><\/div><\/div><div id=\"wpforms-4263-field_1-container\" class=\"wpforms-field wpforms-field-email\" data-field-id=\"1\"><label class=\"wpforms-field-label\" for=\"wpforms-4263-field_1\">Email <span class=\"wpforms-required-label\">*<\/span><\/label><input type=\"email\" id=\"wpforms-4263-field_1\" class=\"wpforms-field-medium wpforms-field-required\" name=\"wpforms[fields][1]\" spellcheck=\"false\" required><\/div><div id=\"wpforms-4263-field_4-container\" class=\"wpforms-field wpforms-field-phone\" data-field-id=\"4\"><label class=\"wpforms-field-label\" for=\"wpforms-4263-field_4\">Mobile Phone<\/label><input type=\"tel\" id=\"wpforms-4263-field_4\" class=\"wpforms-field-medium wpforms-smart-phone-field\" data-rule-smart-phone-field=\"true\" name=\"wpforms[fields][4]\" aria-label=\"Mobile Phone\" ><\/div><div id=\"wpforms-4263-field_2-container\" class=\"wpforms-field wpforms-field-textarea\" data-field-id=\"2\"><label class=\"wpforms-field-label\" for=\"wpforms-4263-field_2\">Comment or Message <span class=\"wpforms-required-label\">*<\/span><\/label><textarea id=\"wpforms-4263-field_2\" class=\"wpforms-field-medium wpforms-field-required\" name=\"wpforms[fields][2]\" required><\/textarea><\/div><\/div><!-- .wpforms-field-container --><div class=\"wpforms-field wpforms-field-hp\"><label for=\"wpforms-4263-field-hp\" class=\"wpforms-field-label\">Name<\/label><input type=\"text\" name=\"wpforms[hp]\" id=\"wpforms-4263-field-hp\" class=\"wpforms-field-medium\"><\/div><div class=\"wpforms-recaptcha-container wpforms-is-recaptcha wpforms-is-recaptcha-type-v2\" ><div class=\"g-recaptcha\" data-sitekey=\"6LcUi_IZAAAAAPZECIskiqveM1KET8SQPPj592eW\"><\/div><input type=\"text\" name=\"g-recaptcha-hidden\" class=\"wpforms-recaptcha-hidden\" style=\"position:absolute!important;clip:rect(0,0,0,0)!important;height:1px!important;width:1px!important;border:0!important;overflow:hidden!important;padding:0!important;margin:0!important;\" data-rule-recaptcha=\"1\"><\/div><div class=\"wpforms-submit-container\" ><input type=\"hidden\" name=\"wpforms[id]\" value=\"4263\"><input type=\"hidden\" name=\"page_title\" value=\"\"><input type=\"hidden\" name=\"page_url\" value=\"https:\/\/officialguides.com\/sv\/wp-json\/wp\/v2\/pages\/394764\"><input type=\"hidden\" name=\"url_referer\" value=\"\"><button type=\"submit\" name=\"wpforms[submit]\" id=\"wpforms-submit-4263\" class=\"wpforms-submit\" data-alt-text=\"Sending...\" data-submit-text=\"Submit\" aria-live=\"assertive\" value=\"wpforms-submit\">Submit<\/button><\/div><\/form><\/div>  <!-- .wpforms-container --><\/p>\n","protected":false},"excerpt":{"rendered":"<p>\ud83c\udf0d Internationell Medicinsk Turism Uppt\u00e4ck p\u00e5litliga medicinska resm\u00e5l med tydlig information och kulturella upplevelser V\u00e4lkommen till en plattform som hj\u00e4lper dig att utforska v\u00e4rldens mest respekterade destinationer f\u00f6r internationell medicinsk turism \u2013 d\u00e4r modern sjukv\u00e5rd kombineras med rika kulturella intryck. P\u00e5 officialguides.com tillhandah\u00e5ller vi allm\u00e4n information om kliniker och sjukhus som tar emot internationella patienter. &#8230; <a title=\"Medicinsk Turism\" class=\"read-more\" href=\"https:\/\/officialguides.com\/sv\/medicinsk-turism\/\" aria-label=\"L\u00e4s mer om Medicinsk Turism\">L\u00e4s mer<\/a><\/p>\n","protected":false},"author":3,"featured_media":394735,"parent":0,"menu_order":0,"comment_status":"closed","ping_status":"closed","template":"","meta":{"_acf_changed":false,"footnotes":""},"class_list":["post-394764","page","type-page","status-publish","has-post-thumbnail"],"acf":[],"yoast_head":"<!-- This site is optimized with the Yoast SEO plugin v27.4 - https:\/\/yoast.com\/product\/yoast-seo-wordpress\/ -->\n<title>Internationell Medicinsk Turism \u2013 Trygga Kliniker &amp; Kulturella Upplevelser<\/title>\n<meta name=\"description\" content=\"Utforska ledande h\u00e4lsoresor v\u00e4rlden \u00f6ver. J\u00e4mf\u00f6r internationella kliniker och kombinera behandling med autentiska reseupplevelser.\" \/>\n<meta name=\"robots\" content=\"index, follow, max-snippet:-1, max-image-preview:large, max-video-preview:-1\" \/>\n<link rel=\"canonical\" href=\"https:\/\/officialguides.com\/sv\/medicinsk-turism\/\" \/>\n<meta property=\"og:locale\" content=\"sv_SE\" \/>\n<meta property=\"og:type\" content=\"article\" \/>\n<meta property=\"og:title\" content=\"Internationell Medicinsk Turism \u2013 Trygga Kliniker &amp; Kulturella Upplevelser\" \/>\n<meta property=\"og:description\" content=\"Utforska ledande h\u00e4lsoresor v\u00e4rlden \u00f6ver. J\u00e4mf\u00f6r internationella kliniker och kombinera behandling med autentiska reseupplevelser.\" \/>\n<meta property=\"og:url\" content=\"https:\/\/officialguides.com\/sv\/medicinsk-turism\/\" \/>\n<meta property=\"og:site_name\" content=\"Find Your Private Tour Guide Around The World!\" \/>\n<meta property=\"og:image\" content=\"https:\/\/officialguides.com\/wp-content\/uploads\/2025\/04\/medical-tourism.jpg\" \/>\n\t<meta property=\"og:image:width\" content=\"1023\" \/>\n\t<meta property=\"og:image:height\" content=\"373\" \/>\n\t<meta property=\"og:image:type\" content=\"image\/jpeg\" \/>\n<meta name=\"twitter:card\" content=\"summary_large_image\" \/>\n<meta name=\"twitter:label1\" content=\"Ber\u00e4knad l\u00e4stid\" \/>\n\t<meta name=\"twitter:data1\" content=\"2 minuter\" \/>\n<script type=\"application\/ld+json\" class=\"yoast-schema-graph\">{\"@context\":\"https:\\\/\\\/schema.org\",\"@graph\":[{\"@type\":\"WebPage\",\"@id\":\"https:\\\/\\\/officialguides.com\\\/sv\\\/medicinsk-turism\\\/\",\"url\":\"https:\\\/\\\/officialguides.com\\\/sv\\\/medicinsk-turism\\\/\",\"name\":\"Internationell Medicinsk Turism \u2013 Trygga Kliniker & Kulturella Upplevelser\",\"isPartOf\":{\"@id\":\"https:\\\/\\\/officialguides.com\\\/sv\\\/#website\"},\"primaryImageOfPage\":{\"@id\":\"https:\\\/\\\/officialguides.com\\\/sv\\\/medicinsk-turism\\\/#primaryimage\"},\"image\":{\"@id\":\"https:\\\/\\\/officialguides.com\\\/sv\\\/medicinsk-turism\\\/#primaryimage\"},\"thumbnailUrl\":\"https:\\\/\\\/officialguides.com\\\/wp-content\\\/uploads\\\/2025\\\/04\\\/medical-tourism.jpg\",\"datePublished\":\"2025-04-18T17:48:49+00:00\",\"description\":\"Utforska ledande h\u00e4lsoresor v\u00e4rlden \u00f6ver. J\u00e4mf\u00f6r internationella kliniker och kombinera behandling med autentiska reseupplevelser.\",\"breadcrumb\":{\"@id\":\"https:\\\/\\\/officialguides.com\\\/sv\\\/medicinsk-turism\\\/#breadcrumb\"},\"inLanguage\":\"sv-SE\",\"potentialAction\":[{\"@type\":\"ReadAction\",\"target\":[\"https:\\\/\\\/officialguides.com\\\/sv\\\/medicinsk-turism\\\/\"]}]},{\"@type\":\"ImageObject\",\"inLanguage\":\"sv-SE\",\"@id\":\"https:\\\/\\\/officialguides.com\\\/sv\\\/medicinsk-turism\\\/#primaryimage\",\"url\":\"https:\\\/\\\/officialguides.com\\\/wp-content\\\/uploads\\\/2025\\\/04\\\/medical-tourism.jpg\",\"contentUrl\":\"https:\\\/\\\/officialguides.com\\\/wp-content\\\/uploads\\\/2025\\\/04\\\/medical-tourism.jpg\",\"width\":1023,\"height\":373,\"caption\":\"Internationell patient l\u00e4ser medicinsk information under en kulturell resa\"},{\"@type\":\"BreadcrumbList\",\"@id\":\"https:\\\/\\\/officialguides.com\\\/sv\\\/medicinsk-turism\\\/#breadcrumb\",\"itemListElement\":[{\"@type\":\"ListItem\",\"position\":1,\"name\":\"Home\",\"item\":\"https:\\\/\\\/officialguides.com\\\/sv\\\/\"},{\"@type\":\"ListItem\",\"position\":2,\"name\":\"Medicinsk Turism\"}]},{\"@type\":\"WebSite\",\"@id\":\"https:\\\/\\\/officialguides.com\\\/sv\\\/#website\",\"url\":\"https:\\\/\\\/officialguides.com\\\/sv\\\/\",\"name\":\"Official Tour Guides Around The World! Istanbul, Paris, Rome, Dubai...\",\"description\":\"Explore cities and popular destinations with professional, official, certified tour guides\",\"alternateName\":\"Official Guides\",\"potentialAction\":[{\"@type\":\"SearchAction\",\"target\":{\"@type\":\"EntryPoint\",\"urlTemplate\":\"https:\\\/\\\/officialguides.com\\\/sv\\\/?s={search_term_string}\"},\"query-input\":{\"@type\":\"PropertyValueSpecification\",\"valueRequired\":true,\"valueName\":\"search_term_string\"}}],\"inLanguage\":\"sv-SE\"}]}<\/script>\n<!-- \/ Yoast SEO plugin. -->","yoast_head_json":{"title":"Internationell Medicinsk Turism \u2013 Trygga Kliniker & Kulturella Upplevelser","description":"Utforska ledande h\u00e4lsoresor v\u00e4rlden \u00f6ver. J\u00e4mf\u00f6r internationella kliniker och kombinera behandling med autentiska reseupplevelser.","robots":{"index":"index","follow":"follow","max-snippet":"max-snippet:-1","max-image-preview":"max-image-preview:large","max-video-preview":"max-video-preview:-1"},"canonical":"https:\/\/officialguides.com\/sv\/medicinsk-turism\/","og_locale":"sv_SE","og_type":"article","og_title":"Internationell Medicinsk Turism \u2013 Trygga Kliniker & Kulturella Upplevelser","og_description":"Utforska ledande h\u00e4lsoresor v\u00e4rlden \u00f6ver. J\u00e4mf\u00f6r internationella kliniker och kombinera behandling med autentiska reseupplevelser.","og_url":"https:\/\/officialguides.com\/sv\/medicinsk-turism\/","og_site_name":"Find Your Private Tour Guide Around The World!","og_image":[{"width":1023,"height":373,"url":"https:\/\/officialguides.com\/wp-content\/uploads\/2025\/04\/medical-tourism.jpg","type":"image\/jpeg"}],"twitter_card":"summary_large_image","twitter_misc":{"Ber\u00e4knad l\u00e4stid":"2 minuter"},"schema":{"@context":"https:\/\/schema.org","@graph":[{"@type":"WebPage","@id":"https:\/\/officialguides.com\/sv\/medicinsk-turism\/","url":"https:\/\/officialguides.com\/sv\/medicinsk-turism\/","name":"Internationell Medicinsk Turism \u2013 Trygga Kliniker & Kulturella Upplevelser","isPartOf":{"@id":"https:\/\/officialguides.com\/sv\/#website"},"primaryImageOfPage":{"@id":"https:\/\/officialguides.com\/sv\/medicinsk-turism\/#primaryimage"},"image":{"@id":"https:\/\/officialguides.com\/sv\/medicinsk-turism\/#primaryimage"},"thumbnailUrl":"https:\/\/officialguides.com\/wp-content\/uploads\/2025\/04\/medical-tourism.jpg","datePublished":"2025-04-18T17:48:49+00:00","description":"Utforska ledande h\u00e4lsoresor v\u00e4rlden \u00f6ver. J\u00e4mf\u00f6r internationella kliniker och kombinera behandling med autentiska reseupplevelser.","breadcrumb":{"@id":"https:\/\/officialguides.com\/sv\/medicinsk-turism\/#breadcrumb"},"inLanguage":"sv-SE","potentialAction":[{"@type":"ReadAction","target":["https:\/\/officialguides.com\/sv\/medicinsk-turism\/"]}]},{"@type":"ImageObject","inLanguage":"sv-SE","@id":"https:\/\/officialguides.com\/sv\/medicinsk-turism\/#primaryimage","url":"https:\/\/officialguides.com\/wp-content\/uploads\/2025\/04\/medical-tourism.jpg","contentUrl":"https:\/\/officialguides.com\/wp-content\/uploads\/2025\/04\/medical-tourism.jpg","width":1023,"height":373,"caption":"Internationell patient l\u00e4ser medicinsk information under en kulturell resa"},{"@type":"BreadcrumbList","@id":"https:\/\/officialguides.com\/sv\/medicinsk-turism\/#breadcrumb","itemListElement":[{"@type":"ListItem","position":1,"name":"Home","item":"https:\/\/officialguides.com\/sv\/"},{"@type":"ListItem","position":2,"name":"Medicinsk Turism"}]},{"@type":"WebSite","@id":"https:\/\/officialguides.com\/sv\/#website","url":"https:\/\/officialguides.com\/sv\/","name":"Official Tour Guides Around The World! Istanbul, Paris, Rome, Dubai...","description":"Explore cities and popular destinations with professional, official, certified tour guides","alternateName":"Official Guides","potentialAction":[{"@type":"SearchAction","target":{"@type":"EntryPoint","urlTemplate":"https:\/\/officialguides.com\/sv\/?s={search_term_string}"},"query-input":{"@type":"PropertyValueSpecification","valueRequired":true,"valueName":"search_term_string"}}],"inLanguage":"sv-SE"}]}},"_links":{"self":[{"href":"https:\/\/officialguides.com\/sv\/wp-json\/wp\/v2\/pages\/394764","targetHints":{"allow":["GET"]}}],"collection":[{"href":"https:\/\/officialguides.com\/sv\/wp-json\/wp\/v2\/pages"}],"about":[{"href":"https:\/\/officialguides.com\/sv\/wp-json\/wp\/v2\/types\/page"}],"author":[{"embeddable":true,"href":"https:\/\/officialguides.com\/sv\/wp-json\/wp\/v2\/users\/3"}],"replies":[{"embeddable":true,"href":"https:\/\/officialguides.com\/sv\/wp-json\/wp\/v2\/comments?post=394764"}],"version-history":[{"count":0,"href":"https:\/\/officialguides.com\/sv\/wp-json\/wp\/v2\/pages\/394764\/revisions"}],"wp:featuredmedia":[{"embeddable":true,"href":"https:\/\/officialguides.com\/sv\/wp-json\/wp\/v2\/media\/394735"}],"wp:attachment":[{"href":"https:\/\/officialguides.com\/sv\/wp-json\/wp\/v2\/media?parent=394764"}],"curies":[{"name":"wp","href":"https:\/\/api.w.org\/{rel}","templated":true}]}}