{"id":40399,"date":"2020-05-18T14:04:00","date_gmt":"2020-05-18T11:04:00","guid":{"rendered":"https:\/\/www.officialguides.net\/registracija-za-vodice\/"},"modified":"2020-05-25T13:44:54","modified_gmt":"2020-05-25T10:44:54","slug":"registracija-za-vodice","status":"publish","type":"page","link":"https:\/\/officialguides.com\/sr\/registracija-za-vodice\/","title":{"rendered":"Registracija Za Vodi\u010de"},"content":{"rendered":"<h2>Registracija Za Vodi\u010de<\/h2>\n<p><a href=\"https:\/\/ssl.microsofttranslator.com\/bv.aspx?ref=TVert&amp;from=&amp;to=sr-Latn&amp;a=Officialguide.net\" target=\"_blank\" rel=\"noopener noreferrer\">Officialguide.net<\/a>\u00a0je Web sajt za prikupljanje zvani\u010dnih turisti\u010dkih vodi\u010da zajedno \u0161irom sveta. Na na\u0161im Web stranicama mo\u017eete da predstavite i prodajete svoje privatne turneje direktno putnicima. Popunite donji obrazac da biste saznali kako \u0107ete biti navedeni na na\u0161oj Veb lokaciji.<\/p>\n<h3>Za\u0161to treba da prodam svoje privatne turneje na mre\u017ei?<\/h3>\n<p>Pored koravirusa, na \u017ealost mi smo na po\u010detku potpuno novog reda 2020. Me\u0111u svim drugim sektorima, turizam je mo\u017eda najnegativno pogo\u0111en. Prema re\u010dima eksperata, u ovom novom i neobi\u010dnom konceptu, Turisti\u010dka putovanja bi\u0107e ostvarena uglavnom na pojedina\u010dnim osnovama, a ne u grupama. Stoga \u0107e putovanja, transferi, gradske ture i sve ostale ekskurzije biti privatno i ovaj novi koncept pove\u0107a\u0107e tro\u0161kove po osobi. Porodice ili male grupe radije \u0107e da se obrate direktno sa vo\u0111icama na turneji, a ne turisti\u010dkim agencijama kako bi se prona\u0161la privatna slu\u017eba. I naravno njihova prva adresa bi\u0107e Google. U ovom trenutku, ovo je stvar da imate Web stranicu za svaki turisti\u010dki vodi\u010d i svi se ne mogu o\u010dekivati da poseduju Web lokaciju. \u010cak i ako posedujete li\u010dnu Web lokaciju, mora\u0107ete da platite mnogo novca za ozbiljan SEO posao i da sa\u010dekate du\u017ee vreme da biste videli rezultate. Ovaj napor ne\u0107e garantovati i dobru poziciju u Google-u.\u00a0 Stoga, kao alternativno re\u0161enje,\u00a0<a href=\"https:\/\/ssl.microsofttranslator.com\/bv.aspx?ref=TVert&amp;from=&amp;to=sr-Latn&amp;a=Officialguides.net\" target=\"_blank\" rel=\"noopener noreferrer\">Officialguides.net<\/a>\u00a0danas nudi sve \u0161to je u vama. Kao rezultat ima\u0107ete sopstveni Web profil i prodajete svoje privatne ture na mre\u017ei. Da biste iskoristili ovu besplatnu uslugu, molimo vas da popunite formular na ovoj stranici.<\/p>\n<h3>Za\u0161to treba da odaberete\u00a0<a href=\"https:\/\/ssl.microsofttranslator.com\/bv.aspx?ref=TVert&amp;from=&amp;to=sr-Latn&amp;a=officialguides.net\" target=\"_blank\" rel=\"noopener noreferrer\">officialguides.net<\/a>\u00a0Veb lokaciju?<\/h3>\n<p><a href=\"https:\/\/ssl.microsofttranslator.com\/bv.aspx?ref=TVert&amp;from=&amp;to=sr-Latn&amp;a=Officialguides.net\" target=\"_blank\" rel=\"noopener noreferrer\">Officialguides.net<\/a>\u00a0je Vi\u0161ejezi\u010dna Web lokacija i mo\u017eete ponuditi svoje privatne turneje na bilo kom jeziku (uklju\u010duju\u0107i i srpski jezik) koji \u017eelite, a \u010dak i na vi\u0161e jezika. Dodatak ne\u0107e biti te\u0161ko sti\u0107i do potencijalnih posetilaca u Google-u, uz pomo\u0107 najnovijih SEO tehnika koje koristimo.<\/p>\n<p>\t\t\t\t\t\t\t\t\t\t<img decoding=\"async\" width=\"1024\" height=\"365\" src=\"https:\/\/www.officialguides.net\/wp-content\/uploads\/2020\/05\/how-to-sell-my-private-tours-online-1024x365.jpg\" alt=\"how to sell my private tours and excursions in internet directly to the guest\" srcset=\"https:\/\/www.officialguides.net\/wp-content\/uploads\/2020\/05\/how-to-sell-my-private-tours-online-1024x365.jpg 1024w, https:\/\/www.officialguides.net\/wp-content\/uploads\/2020\/05\/how-to-sell-my-private-tours-online-300x107.jpg 300w, https:\/\/www.officialguides.net\/wp-content\/uploads\/2020\/05\/how-to-sell-my-private-tours-online-768x274.jpg 768w, https:\/\/www.officialguides.net\/wp-content\/uploads\/2020\/05\/how-to-sell-my-private-tours-online.jpg 1280w\" sizes=\"(max-width: 1024px) 100vw, 1024px\" \/><\/p>\n","protected":false},"excerpt":{"rendered":"<p>Registracija Za Vodi\u010de Officialguide.net\u00a0je Web sajt za prikupljanje zvani\u010dnih turisti\u010dkih vodi\u010da zajedno \u0161irom sveta. Na na\u0161im Web stranicama mo\u017eete da predstavite i prodajete svoje privatne turneje direktno putnicima. Popunite donji obrazac da biste saznali kako \u0107ete biti navedeni na na\u0161oj Veb lokaciji. Za\u0161to treba da prodam svoje privatne turneje na mre\u017ei? Pored koravirusa, na \u017ealost &#8230; <a title=\"Registracija Za Vodi\u010de\" class=\"read-more\" href=\"https:\/\/officialguides.com\/sr\/registracija-za-vodice\/\" aria-label=\"Read more about Registracija Za Vodi\u010de\">Read more<\/a><\/p>\n","protected":false},"author":3,"featured_media":0,"parent":0,"menu_order":0,"comment_status":"closed","ping_status":"closed","template":"","meta":{"_acf_changed":false,"_lmt_disableupdate":"","_lmt_disable":"","footnotes":""},"class_list":["post-40399","page","type-page","status-publish"],"acf":[],"yoast_head":"<!-- This site is optimized with the Yoast SEO plugin v27.6 - https:\/\/yoast.com\/product\/yoast-seo-wordpress\/ -->\n<title>Prijava Za Srpski, Bosanski, Hrvatski Vodi\u010di | Va\u0161e Privatne Ture Na Mre\u017ei<\/title>\n<meta name=\"description\" content=\"Kako mogu da prodam svoje turneje u Google\/Internet? Da li ste profesionalni Vodi\u010d? Imate dozvolu? Svojim putem posetite na\u0161u Web lokaciju.\" \/>\n<meta name=\"robots\" content=\"index, follow, max-snippet:-1, max-image-preview:large, max-video-preview:-1\" \/>\n<link rel=\"canonical\" href=\"https:\/\/officialguides.com\/sr\/registracija-za-vodice\/\" \/>\n<meta property=\"og:locale\" content=\"sr_RS\" \/>\n<meta property=\"og:type\" content=\"article\" \/>\n<meta property=\"og:title\" content=\"Prijava Za Srpski, Bosanski, Hrvatski Vodi\u010di | Va\u0161e Privatne Ture Na Mre\u017ei\" \/>\n<meta property=\"og:description\" content=\"Kako mogu da prodam svoje turneje u Google\/Internet? Da li ste profesionalni Vodi\u010d? Imate dozvolu? Svojim putem posetite na\u0161u Web lokaciju.\" \/>\n<meta property=\"og:url\" content=\"https:\/\/officialguides.com\/sr\/registracija-za-vodice\/\" \/>\n<meta property=\"og:site_name\" content=\"Find Your Private Tour Guide Around The World!\" \/>\n<meta property=\"article:modified_time\" content=\"2020-05-25T10:44:54+00:00\" \/>\n<meta property=\"og:image\" content=\"https:\/\/www.officialguides.net\/wp-content\/uploads\/2020\/05\/how-to-sell-my-private-tours-online-1024x365.jpg\" \/>\n<meta name=\"twitter:card\" content=\"summary_large_image\" \/>\n<meta name=\"twitter:label1\" content=\"\u041f\u0440\u043e\u0446\u0435\u045a\u0435\u043d\u043e \u0432\u0440\u0435\u043c\u0435 \u0447\u0438\u0442\u0430\u045a\u0430\" \/>\n\t<meta name=\"twitter:data1\" content=\"2 \u043c\u0438\u043d\u0443\u0442\u0430\" \/>\n<script type=\"application\/ld+json\" class=\"yoast-schema-graph\">{\"@context\":\"https:\\\/\\\/schema.org\",\"@graph\":[{\"@type\":\"WebPage\",\"@id\":\"https:\\\/\\\/officialguides.com\\\/sr\\\/registracija-za-vodice\\\/\",\"url\":\"https:\\\/\\\/officialguides.com\\\/sr\\\/registracija-za-vodice\\\/\",\"name\":\"Prijava Za Srpski, Bosanski, Hrvatski Vodi\u010di | Va\u0161e Privatne Ture Na Mre\u017ei\",\"isPartOf\":{\"@id\":\"https:\\\/\\\/officialguides.com\\\/sr\\\/#website\"},\"primaryImageOfPage\":{\"@id\":\"https:\\\/\\\/officialguides.com\\\/sr\\\/registracija-za-vodice\\\/#primaryimage\"},\"image\":{\"@id\":\"https:\\\/\\\/officialguides.com\\\/sr\\\/registracija-za-vodice\\\/#primaryimage\"},\"thumbnailUrl\":\"https:\\\/\\\/www.officialguides.net\\\/wp-content\\\/uploads\\\/2020\\\/05\\\/how-to-sell-my-private-tours-online-1024x365.jpg\",\"datePublished\":\"2020-05-18T11:04:00+00:00\",\"dateModified\":\"2020-05-25T10:44:54+00:00\",\"description\":\"Kako mogu da prodam svoje turneje u Google\\\/Internet? Da li ste profesionalni Vodi\u010d? Imate dozvolu? Svojim putem posetite na\u0161u Web lokaciju.\",\"breadcrumb\":{\"@id\":\"https:\\\/\\\/officialguides.com\\\/sr\\\/registracija-za-vodice\\\/#breadcrumb\"},\"inLanguage\":\"sr-RS\",\"potentialAction\":[{\"@type\":\"ReadAction\",\"target\":[\"https:\\\/\\\/officialguides.com\\\/sr\\\/registracija-za-vodice\\\/\"]}]},{\"@type\":\"ImageObject\",\"inLanguage\":\"sr-RS\",\"@id\":\"https:\\\/\\\/officialguides.com\\\/sr\\\/registracija-za-vodice\\\/#primaryimage\",\"url\":\"https:\\\/\\\/www.officialguides.net\\\/wp-content\\\/uploads\\\/2020\\\/05\\\/how-to-sell-my-private-tours-online-1024x365.jpg\",\"contentUrl\":\"https:\\\/\\\/www.officialguides.net\\\/wp-content\\\/uploads\\\/2020\\\/05\\\/how-to-sell-my-private-tours-online-1024x365.jpg\"},{\"@type\":\"BreadcrumbList\",\"@id\":\"https:\\\/\\\/officialguides.com\\\/sr\\\/registracija-za-vodice\\\/#breadcrumb\",\"itemListElement\":[{\"@type\":\"ListItem\",\"position\":1,\"name\":\"Home\",\"item\":\"https:\\\/\\\/officialguides.com\\\/sr\\\/\"},{\"@type\":\"ListItem\",\"position\":2,\"name\":\"Registracija Za Vodi\u010de\"}]},{\"@type\":\"WebSite\",\"@id\":\"https:\\\/\\\/officialguides.com\\\/sr\\\/#website\",\"url\":\"https:\\\/\\\/officialguides.com\\\/sr\\\/\",\"name\":\"Official Tour Guides Around The World! Istanbul, Paris, Rome, Dubai...\",\"description\":\"Explore cities and popular destinations with professional, official, certified tour guides\",\"alternateName\":\"Official Guides\",\"potentialAction\":[{\"@type\":\"SearchAction\",\"target\":{\"@type\":\"EntryPoint\",\"urlTemplate\":\"https:\\\/\\\/officialguides.com\\\/sr\\\/?s={search_term_string}\"},\"query-input\":{\"@type\":\"PropertyValueSpecification\",\"valueRequired\":true,\"valueName\":\"search_term_string\"}}],\"inLanguage\":\"sr-RS\"}]}<\/script>\n<!-- \/ Yoast SEO plugin. -->","yoast_head_json":{"title":"Prijava Za Srpski, Bosanski, Hrvatski Vodi\u010di | Va\u0161e Privatne Ture Na Mre\u017ei","description":"Kako mogu da prodam svoje turneje u Google\/Internet? Da li ste profesionalni Vodi\u010d? Imate dozvolu? Svojim putem posetite na\u0161u Web lokaciju.","robots":{"index":"index","follow":"follow","max-snippet":"max-snippet:-1","max-image-preview":"max-image-preview:large","max-video-preview":"max-video-preview:-1"},"canonical":"https:\/\/officialguides.com\/sr\/registracija-za-vodice\/","og_locale":"sr_RS","og_type":"article","og_title":"Prijava Za Srpski, Bosanski, Hrvatski Vodi\u010di | Va\u0161e Privatne Ture Na Mre\u017ei","og_description":"Kako mogu da prodam svoje turneje u Google\/Internet? Da li ste profesionalni Vodi\u010d? Imate dozvolu? Svojim putem posetite na\u0161u Web lokaciju.","og_url":"https:\/\/officialguides.com\/sr\/registracija-za-vodice\/","og_site_name":"Find Your Private Tour Guide Around The World!","article_modified_time":"2020-05-25T10:44:54+00:00","og_image":[{"url":"https:\/\/www.officialguides.net\/wp-content\/uploads\/2020\/05\/how-to-sell-my-private-tours-online-1024x365.jpg","type":"","width":"","height":""}],"twitter_card":"summary_large_image","twitter_misc":{"\u041f\u0440\u043e\u0446\u0435\u045a\u0435\u043d\u043e \u0432\u0440\u0435\u043c\u0435 \u0447\u0438\u0442\u0430\u045a\u0430":"2 \u043c\u0438\u043d\u0443\u0442\u0430"},"schema":{"@context":"https:\/\/schema.org","@graph":[{"@type":"WebPage","@id":"https:\/\/officialguides.com\/sr\/registracija-za-vodice\/","url":"https:\/\/officialguides.com\/sr\/registracija-za-vodice\/","name":"Prijava Za Srpski, Bosanski, Hrvatski Vodi\u010di | Va\u0161e Privatne Ture Na Mre\u017ei","isPartOf":{"@id":"https:\/\/officialguides.com\/sr\/#website"},"primaryImageOfPage":{"@id":"https:\/\/officialguides.com\/sr\/registracija-za-vodice\/#primaryimage"},"image":{"@id":"https:\/\/officialguides.com\/sr\/registracija-za-vodice\/#primaryimage"},"thumbnailUrl":"https:\/\/www.officialguides.net\/wp-content\/uploads\/2020\/05\/how-to-sell-my-private-tours-online-1024x365.jpg","datePublished":"2020-05-18T11:04:00+00:00","dateModified":"2020-05-25T10:44:54+00:00","description":"Kako mogu da prodam svoje turneje u Google\/Internet? Da li ste profesionalni Vodi\u010d? Imate dozvolu? Svojim putem posetite na\u0161u Web lokaciju.","breadcrumb":{"@id":"https:\/\/officialguides.com\/sr\/registracija-za-vodice\/#breadcrumb"},"inLanguage":"sr-RS","potentialAction":[{"@type":"ReadAction","target":["https:\/\/officialguides.com\/sr\/registracija-za-vodice\/"]}]},{"@type":"ImageObject","inLanguage":"sr-RS","@id":"https:\/\/officialguides.com\/sr\/registracija-za-vodice\/#primaryimage","url":"https:\/\/www.officialguides.net\/wp-content\/uploads\/2020\/05\/how-to-sell-my-private-tours-online-1024x365.jpg","contentUrl":"https:\/\/www.officialguides.net\/wp-content\/uploads\/2020\/05\/how-to-sell-my-private-tours-online-1024x365.jpg"},{"@type":"BreadcrumbList","@id":"https:\/\/officialguides.com\/sr\/registracija-za-vodice\/#breadcrumb","itemListElement":[{"@type":"ListItem","position":1,"name":"Home","item":"https:\/\/officialguides.com\/sr\/"},{"@type":"ListItem","position":2,"name":"Registracija Za Vodi\u010de"}]},{"@type":"WebSite","@id":"https:\/\/officialguides.com\/sr\/#website","url":"https:\/\/officialguides.com\/sr\/","name":"Official Tour Guides Around The World! Istanbul, Paris, Rome, Dubai...","description":"Explore cities and popular destinations with professional, official, certified tour guides","alternateName":"Official Guides","potentialAction":[{"@type":"SearchAction","target":{"@type":"EntryPoint","urlTemplate":"https:\/\/officialguides.com\/sr\/?s={search_term_string}"},"query-input":{"@type":"PropertyValueSpecification","valueRequired":true,"valueName":"search_term_string"}}],"inLanguage":"sr-RS"}]}},"_links":{"self":[{"href":"https:\/\/officialguides.com\/sr\/wp-json\/wp\/v2\/pages\/40399","targetHints":{"allow":["GET"]}}],"collection":[{"href":"https:\/\/officialguides.com\/sr\/wp-json\/wp\/v2\/pages"}],"about":[{"href":"https:\/\/officialguides.com\/sr\/wp-json\/wp\/v2\/types\/page"}],"author":[{"embeddable":true,"href":"https:\/\/officialguides.com\/sr\/wp-json\/wp\/v2\/users\/3"}],"replies":[{"embeddable":true,"href":"https:\/\/officialguides.com\/sr\/wp-json\/wp\/v2\/comments?post=40399"}],"version-history":[{"count":0,"href":"https:\/\/officialguides.com\/sr\/wp-json\/wp\/v2\/pages\/40399\/revisions"}],"wp:attachment":[{"href":"https:\/\/officialguides.com\/sr\/wp-json\/wp\/v2\/media?parent=40399"}],"curies":[{"name":"wp","href":"https:\/\/api.w.org\/{rel}","templated":true}]}}