{"id":396248,"date":"2025-05-23T13:08:12","date_gmt":"2025-05-23T10:08:12","guid":{"rendered":"https:\/\/officialguides.com\/javni-prevoz-u-istanbulu\/"},"modified":"2025-05-23T13:08:12","modified_gmt":"2025-05-23T10:08:12","slug":"javni-prevoz-u-istanbulu","status":"publish","type":"page","link":"https:\/\/officialguides.com\/sr\/javni-prevoz-u-istanbulu\/","title":{"rendered":"Javni Prevoz u Istanbulu"},"content":{"rendered":"<h2 data-pm-slice=\"1 1 []\">Potpuni vodi\u010d za javni prevoz u Istanbulu: Saveti za turiste<\/h2>\n<p>Snala\u017eenje u Istanbulu mo\u017ee delovati zbunjuju\u0107e na po\u010detku \u2014 ali ne brinite! Ovaj grad ima jedan od najpovoljnijih i najefikasnijih sistema javnog prevoza u Evropi. Bilo da idete ka <strong>Sultanahmetu<\/strong>, <strong>Taksimu<\/strong>, ili prelazite kontinente trajektom \u2014 <strong>metro<\/strong>, <strong>tramvaji<\/strong>, <strong>autobusi<\/strong> i <strong>trajekti<\/strong> omogu\u0107avaju lako kretanje. U ovom vodi\u010du prona\u0107i \u0107ete sve \u0161to vam je potrebno da se kre\u0107ete kao lokalac \u2014 od <strong>Istanbulkart<\/strong> do najboljih ruta i bezbednosnih saveta.<\/p>\n<ul>\n<li><span style=\"color: #993300;\"><a style=\"color: #993300;\" href=\"https:\/\/officialguides.com\/official-tour-guides-in-istanbul\/\"><strong><em>Kliknite ovde ako vam je potreban licencirani turisti\u010dki vodi\u010d u Istanbulu<\/em><\/strong><\/a><\/span><\/li>\n<li><a href=\"https:\/\/www.getyourguide.com\/s?partner_id=F2GZGY3&amp;utm_medium=online_publisher&amp;visitor-id=P623CBJZAWLPQI34Z54Z68CBWM85DH8X&amp;locale_autoredirect_optout=true&amp;et=948206&amp;lc=56\"><strong><em>Kliknite ovde ako \u017eelite brz ulazak u Aja Sofiju i Topkapi palatu<\/em><\/strong><\/a><\/li>\n<\/ul>\n<h3>Razumevanje sistema javnog prevoza u Istanbulu<\/h3>\n<p>Istanbul ima razgranat i integrisan sistem javnog prevoza koji obuhvata <strong>metro<\/strong>, <strong>tramvaje<\/strong>, <strong>vozove<\/strong>, <strong>autobuse<\/strong>, <strong>trajekte<\/strong>, <strong>elektri\u010dne automobile<\/strong> (na Prinskim ostrvima), <strong>3 uspinja\u010de<\/strong> i <strong>2 \u017ei\u010dare<\/strong>. Glavni izazov predstavlja veli\u010dina i geografija grada \u2014 podeljen Bosforom i Zlatnim rogom, sa mnogo brda i dolina \u2014 pa su razdaljine du\u017ee u pore\u0111enju sa srednje velikim evropskim gradovima i \u010desto su potrebna presedanja.<\/p>\n<figure id=\"attachment_396158\" aria-describedby=\"caption-attachment-396158\" style=\"width: 1014px\" class=\"wp-caption aligncenter\"><img decoding=\"async\" class=\"wp-image-396131 size-full\" src=\"https:\/\/officialguides.com\/wp-content\/uploads\/2025\/05\/istanbul-public-transportation-ferries.jpg\" alt=\"Istanbul's integrated public transport system consist of municipal ferry boats, metros, trams, trains, buses, ferries, electric cars, funiculars and cable cars\" width=\"1024\" height=\"551\" srcset=\"https:\/\/officialguides.com\/wp-content\/uploads\/2025\/05\/istanbul-public-transportation-ferries.jpg 1024w, https:\/\/officialguides.com\/wp-content\/uploads\/2025\/05\/istanbul-public-transportation-ferries-300x161.jpg 300w, https:\/\/officialguides.com\/wp-content\/uploads\/2025\/05\/istanbul-public-transportation-ferries-768x413.jpg 768w\" sizes=\"(max-width: 1024px) 100vw, 1024px\" \/><figcaption id=\"caption-attachment-396158\" class=\"wp-caption-text\"><em>Jedan od novih komfornih trajekata koji povezuju evropski i azijski kontinent du\u017e Bosfora<\/em><\/figcaption><\/figure>\n<p><strong>Istanbulkart<\/strong> je glavna karta za prevoz, va\u017ei u svim sredstvima javnog prevoza, pa \u010dak i u <strong>javnim toaletima<\/strong>. Tako\u0111e mo\u017eete kupiti <strong>karticu za 10 vo\u017enji (OnGe\u00e7)<\/strong> na automatima \u2014 korisna za kratke boravke. U hitnim situacijama mo\u017eete koristiti i <strong>beskontaktne kreditne kartice<\/strong> direktno u <strong>autobusima<\/strong>, <strong>metrou<\/strong> ili na <strong>trajektima<\/strong>. Sve opcije va\u017ee u celokupnoj mre\u017ei.<\/p>\n<h3>\ud83d\udcb3 Istanbulkart i OnGe\u00e7 (kartica za 10 vo\u017enji)<\/h3>\n<p><strong>Cena karata i koliko ko\u0161taju kartice:<\/strong><\/p>\n<p><strong>Istanbulkart<\/strong> ko\u0161ta <strong>130 TL (oko 3 \u20ac u maju 2025)<\/strong>. Personalizovana je i mo\u017ee biti blokirana ako se koristi vi\u0161e od 4 puta zaredom \u2014 zato nije pogodna za grupno kori\u0161\u0107enje. Cena za <strong>jednu vo\u017enju je 27 TL<\/strong>, ali mo\u017ee varirati u zavisnosti od vrste vozila i presedanja.<\/p>\n<figure id=\"attachment_396124\" aria-describedby=\"caption-attachment-396124\" style=\"width: 290px\" class=\"wp-caption aligncenter\"><img decoding=\"async\" class=\"wp-image-396097 size-medium\" src=\"https:\/\/officialguides.com\/wp-content\/uploads\/2025\/05\/istanbulkart-istanbul-card-300x209.jpg\" alt=\"Istanbulkart i kartica za 10 vo\u017enji: gde kupiti, cene karata i tro\u0161kovi\" width=\"300\" height=\"209\" srcset=\"https:\/\/officialguides.com\/wp-content\/uploads\/2025\/05\/istanbulkart-istanbul-card-300x209.jpg 300w, https:\/\/officialguides.com\/wp-content\/uploads\/2025\/05\/istanbulkart-istanbul-card-768x536.jpg 768w, https:\/\/officialguides.com\/wp-content\/uploads\/2025\/05\/istanbulkart-istanbul-card.jpg 800w\" sizes=\"(max-width: 300px) 100vw, 300px\" \/><figcaption id=\"caption-attachment-396124\" class=\"wp-caption-text\"><em>Istanbulkart se mo\u017ee koristiti i putem mobilne aplikacije<\/em><\/figcaption><\/figure>\n<p><strong>OnGe\u00e7 kartica:<\/strong> Kao alternativa, mo\u017eete kupiti <strong>karticu za 10 vo\u017enji (305 TL)<\/strong>. Kartica nije personalizovana, nema dodatne tro\u0161kove i mo\u017ee se koristiti uzastopno od strane vi\u0161e osoba. Svaka vo\u017enja napla\u0107uje se po fiksnoj ceni.<\/p>\n<p>Obe kartice va\u017ee u svim vozilima javnog prevoza i u <strong>javnim toaletima<\/strong>.<\/p>\n<table>\n<tbody>\n<tr>\n<th>\ud83d\udcb3 Tip kartice<\/th>\n<th>\ud83e\uddcd\u200d\u2642\ufe0f Li\u010dna<\/th>\n<th>\ud83d\udc65 Za vi\u0161e korisnika<\/th>\n<th>\ud83d\udcb0 Cena (maj 2025)<\/th>\n<th>\ud83d\ude8d Cena po vo\u017enji<\/th>\n<th>\ud83d\udd01 Presedanja<\/th>\n<th>\ud83d\udec2 Ograni\u010denja<\/th>\n<\/tr>\n<tr>\n<td>\ud83d\udfe6 Istanbulkart<\/td>\n<td>\u2714\ufe0f Da<\/td>\n<td>\u274c Ne<\/td>\n<td>130 TL (\u2248 3 \u20ac)<\/td>\n<td>od 27 TL<\/td>\n<td>Popusti<\/td>\n<td>max 4 puta po osobi<\/td>\n<\/tr>\n<tr>\n<td>\ud83d\udd1f OnGe\u00e7 10 vo\u017enji<\/td>\n<td>\u274c Ne<\/td>\n<td>\u2714\ufe0f Da<\/td>\n<td>305 TL (bez doplate)<\/td>\n<td>Fiksna cena po vo\u017enji<\/td>\n<td>\u274c Bez popusta<\/td>\n<td>Bez ograni\u010denja<\/td>\n<\/tr>\n<tr>\n<td>\ud83d\udcb3 Kreditna kartica<\/td>\n<td>\u274c Ne<\/td>\n<td>\u2714\ufe0f Da<\/td>\n<td>Zavisno od banke<\/td>\n<td>40 TL<\/td>\n<td>\u274c Bez popusta<\/td>\n<td>Bez ograni\u010denja<\/td>\n<\/tr>\n<\/tbody>\n<\/table>\n<h3>\ud83d\ude8b Najkorisnije linije metroa, tramvaja, uspinja\u010de i trajekta u Istanbulu<\/h3>\n<p><strong>Uz ove linije lako dolazite do najva\u017enijih atrakcija Istanbula:<\/strong><\/p>\n<ul data-spread=\"false\">\n<li><strong>T1 tramvajska linija:<\/strong> <strong>Sultanahmet<\/strong> \u2192 Emin\u00f6n\u00fc \u2192 Karak\u00f6y \u2192 Kabata\u015f<\/li>\n<li><strong>M2 metro linija:<\/strong> Yenikap\u0131 \u2192 <strong>Taksim<\/strong> \u2192 \u015ei\u015fli \u2192 Levent<\/li>\n<li><strong>F1 uspinja\u010da:<\/strong> Kabata\u015f \u2194 <strong>Taksim<\/strong><\/li>\n<li><strong>F2 T\u00fcnel (uspinja\u010da):<\/strong> Karak\u00f6y \u2194 Beyo\u011flu (Ulica Istiklal)<\/li>\n<li><strong>\u26f4 Trajekti iz Emin\u00f6n\u00fc ili Karak\u00f6y:<\/strong><\/li>\n<\/ul>\n<ol>\n<li><strong>ka Kad\u0131k\u00f6yu (azijska strana):<\/strong> svakih 20\u201330 minuta<\/li>\n<li><strong>ka \u00dcsk\u00fcdaru (azijska strana):<\/strong> svakih 10\u201320 minuta<\/li>\n<\/ol>\n<figure style=\"width: 1014px\" class=\"wp-caption aligncenter\"><img decoding=\"async\" src=\"https:\/\/officialguides.com\/wp-content\/uploads\/2025\/05\/istanbul-metro-haritasi-1024x644.jpg\" alt=\"Istanbul city metro, tram and railway map, plan\" width=\"1024\" height=\"644\" \/><figcaption class=\"wp-caption-text\"><em>Karta metroa i tramvaja u Istanbulu<\/em><\/figcaption><\/figure>\n<h3>Kako sti\u0107i iz starog grada, Taksima i sa aerodroma do glavnih gradskih oblasti<\/h3>\n<p><strong>\ud83d\udccd Sultanahmet (Stari grad) \u2192 Taksim \/ Istiklal \/ Galata:<\/strong><\/p>\n<ul data-spread=\"false\">\n<li><strong>Tramvaj + uspinja\u010da:<\/strong> linija T1 do Karak\u00f6y ili Kabata\u015f, zatim T\u00fcnel (F2) ili uspinja\u010da F1.<\/li>\n<li><strong>Metroom:<\/strong> od stanice Vezneciler (linija M2) direktno do <strong>Taksim<\/strong> ili <strong>\u015ei\u015fhane<\/strong>.<\/li>\n<\/ul>\n<figure id=\"attachment_396192\" aria-describedby=\"caption-attachment-396192\" style=\"width: 1014px\" class=\"wp-caption aligncenter\"><img decoding=\"async\" class=\"wp-image-396165 size-full\" src=\"https:\/\/officialguides.com\/wp-content\/uploads\/2025\/05\/istanbul-funicular.jpg\" alt=\"Historical funicular (Tunnel \/ T\u00fcnel) running beetween Kark\u00f6y and Istiklal Street, Galata \" width=\"1024\" height=\"682\" srcset=\"https:\/\/officialguides.com\/wp-content\/uploads\/2025\/05\/istanbul-funicular.jpg 1024w, https:\/\/officialguides.com\/wp-content\/uploads\/2025\/05\/istanbul-funicular-300x200.jpg 300w, https:\/\/officialguides.com\/wp-content\/uploads\/2025\/05\/istanbul-funicular-768x512.jpg 768w\" sizes=\"(max-width: 1024px) 100vw, 1024px\" \/><figcaption id=\"caption-attachment-396192\" class=\"wp-caption-text\"><em>Povijesna uspinja\u010da &#8222;T\u00fcnel&#8220; vozi izme\u0111u \u010detvrti Karak\u00f6y i Galata<\/em><\/figcaption><\/figure>\n<p><strong>\ud83d\udccd Sultanahmet \u2192 Kad\u0131k\u00f6y (azijska strana):<\/strong><\/p>\n<ul data-spread=\"false\">\n<li><strong>Trajektom:<\/strong> tramvaj T1 do Emin\u00f6n\u00fc, Karak\u00f6y ili Kabata\u015f, zatim trajekt za Kad\u0131k\u00f6y (~20\u201330 min).<\/li>\n<li><strong>Metroom:<\/strong> Marmaray iz Sirkecija do Ayr\u0131l\u0131k\u00e7e\u015fmesi, zatim linija M4 za Kad\u0131k\u00f6y.<\/li>\n<\/ul>\n<figure id=\"attachment_396227\" aria-describedby=\"caption-attachment-396227\" style=\"width: 1014px\" class=\"wp-caption aligncenter\"><img decoding=\"async\" class=\"wp-image-396200 size-full\" src=\"https:\/\/officialguides.com\/wp-content\/uploads\/2025\/05\/how-to-get-to-in-istanbul.jpg\" alt=\"Kako do\u0107i iz Sultanahmeta ili Taksima do azijske strane (Kad\u0131k\u00f6y, \u00dcsk\u00fcdar) Istanbula?\" width=\"1024\" height=\"576\" srcset=\"https:\/\/officialguides.com\/wp-content\/uploads\/2025\/05\/how-to-get-to-in-istanbul.jpg 1024w, https:\/\/officialguides.com\/wp-content\/uploads\/2025\/05\/how-to-get-to-in-istanbul-300x169.jpg 300w, https:\/\/officialguides.com\/wp-content\/uploads\/2025\/05\/how-to-get-to-in-istanbul-768x432.jpg 768w\" sizes=\"(max-width: 1024px) 100vw, 1024px\" \/><figcaption id=\"caption-attachment-396227\" class=\"wp-caption-text\"><em>Stanica metroa na azijskoj strani<\/em><\/figcaption><\/figure>\n<p><strong>\ud83d\udccd Sultanahmet \u2192 \u00dcsk\u00fcdar (azijska strana):<\/strong><\/p>\n<ul data-spread=\"false\">\n<li><strong>Trajektom:<\/strong> T1 do Emin\u00f6n\u00fc, Karak\u00f6y ili Kabata\u015f, zatim trajekt za \u00dcsk\u00fcdar (~10\u201320 min).<\/li>\n<li><strong>Metroom:<\/strong> Marmaray linija od Sirkecija do \u00dcsk\u00fcdara.<\/li>\n<\/ul>\n<p><strong>\ud83d\udccd Aerodrom Istanbul (IST) \u2192 Stari grad ili centar:<\/strong><\/p>\n<ul data-spread=\"false\">\n<li><strong>Metroom:<\/strong> M11\/U2 do Gayrettepe (polasci svakih 20 min izme\u0111u 06:00\u201300:40), zatim M2 za <strong>Taksim<\/strong>, F1 i dalje T1.<\/li>\n<li><strong>Taksijem ili shuttle prevozom:<\/strong> oko 40 km, 30 \u20ac (\u017euti), 35 \u20ac (plavi), 50 \u20ac (crni). <a href=\"https:\/\/www.istairport.com\/en\/airport\/airport-transportation\/urban-transportation\/public-transportation\/?locale=en\"><strong>HAVAIST<\/strong><\/a> ima 11 linija, karta oko 7 \u20ac.<\/li>\n<\/ul>\n<p><strong>\ud83d\udccd Aerodrom Sabiha G\u00f6k\u00e7en (SAW) \u2192 Stari grad ili centar:<\/strong><\/p>\n<ul data-spread=\"false\">\n<li><strong>Metroom:<\/strong> M4 do Ayr\u0131l\u0131k\u00e7e\u015fmesi, zatim Marmaray do Sirkeci ili Yenikap\u0131.<\/li>\n<li><strong>Taksijem ili autobusom:<\/strong> 40\u201355 km, 30\u201360 \u20ac, plus putarina. <a href=\"https:\/\/www.havabus.com\/yolcuservisi\/taksim-sabihagokcenhavalimani.aspx\"><strong>HAVABUS<\/strong><\/a> ima redovne linije; karta oko 7 \u20ac.<\/li>\n<\/ul>\n<hr \/>\n<ul>\n<li><a href=\"https:\/\/www.metro.istanbul\/\" target=\"_blank\" rel=\"noopener\"><em>Zvani\u010dna stranica Metro Istanbul<\/em>\u00a0<\/a><\/li>\n<\/ul>\n","protected":false},"excerpt":{"rendered":"<p>Potpuni vodi\u010d za javni prevoz u Istanbulu: Saveti za turiste Snala\u017eenje u Istanbulu mo\u017ee delovati zbunjuju\u0107e na po\u010detku \u2014 ali ne brinite! Ovaj grad ima jedan od najpovoljnijih i najefikasnijih sistema javnog prevoza u Evropi. Bilo da idete ka Sultanahmetu, Taksimu, ili prelazite kontinente trajektom \u2014 metro, tramvaji, autobusi i trajekti omogu\u0107avaju lako kretanje. U &#8230; <a title=\"Javni Prevoz u Istanbulu\" class=\"read-more\" href=\"https:\/\/officialguides.com\/sr\/javni-prevoz-u-istanbulu\/\" aria-label=\"Read more about Javni Prevoz u Istanbulu\">Read more<\/a><\/p>\n","protected":false},"author":3,"featured_media":396090,"parent":0,"menu_order":0,"comment_status":"closed","ping_status":"closed","template":"","meta":{"_acf_changed":false,"footnotes":""},"class_list":["post-396248","page","type-page","status-publish","has-post-thumbnail"],"acf":[],"yoast_head":"<!-- This site is optimized with the Yoast SEO plugin v27.4 - https:\/\/yoast.com\/product\/yoast-seo-wordpress\/ -->\n<title>Javni prevoz u Istanbulu: kompletan vodi\u010d 2025 sa rutama, kartama i savetima za turiste<\/title>\n<meta name=\"description\" content=\"Kako da se lako kre\u0107ete po Istanbulu: metro, tramvaj, trajekt, aerodromi, cene karata, Istanbulkart i saveti za putnike\" \/>\n<meta name=\"robots\" content=\"index, follow, max-snippet:-1, max-image-preview:large, max-video-preview:-1\" \/>\n<link rel=\"canonical\" href=\"https:\/\/officialguides.com\/sr\/javni-prevoz-u-istanbulu\/\" \/>\n<meta property=\"og:locale\" content=\"sr_RS\" \/>\n<meta property=\"og:type\" content=\"article\" \/>\n<meta property=\"og:title\" content=\"Javni prevoz u Istanbulu: kompletan vodi\u010d 2025 sa rutama, kartama i savetima za turiste\" \/>\n<meta property=\"og:description\" content=\"Kako da se lako kre\u0107ete po Istanbulu: metro, tramvaj, trajekt, aerodromi, cene karata, Istanbulkart i saveti za putnike\" \/>\n<meta property=\"og:url\" content=\"https:\/\/officialguides.com\/sr\/javni-prevoz-u-istanbulu\/\" \/>\n<meta property=\"og:site_name\" content=\"Find Your Private Tour Guide Around The World!\" \/>\n<meta property=\"og:image\" content=\"https:\/\/officialguides.com\/wp-content\/uploads\/2025\/05\/istanbul-public-transportation.jpg\" \/>\n\t<meta property=\"og:image:width\" content=\"1024\" \/>\n\t<meta property=\"og:image:height\" content=\"576\" \/>\n\t<meta property=\"og:image:type\" content=\"image\/jpeg\" \/>\n<meta name=\"twitter:card\" content=\"summary_large_image\" \/>\n<meta name=\"twitter:label1\" content=\"\u041f\u0440\u043e\u0446\u0435\u045a\u0435\u043d\u043e \u0432\u0440\u0435\u043c\u0435 \u0447\u0438\u0442\u0430\u045a\u0430\" \/>\n\t<meta name=\"twitter:data1\" content=\"4 \u043c\u0438\u043d\u0443\u0442\u0430\" \/>\n<script type=\"application\/ld+json\" class=\"yoast-schema-graph\">{\"@context\":\"https:\\\/\\\/schema.org\",\"@graph\":[{\"@type\":\"WebPage\",\"@id\":\"https:\\\/\\\/officialguides.com\\\/sr\\\/javni-prevoz-u-istanbulu\\\/\",\"url\":\"https:\\\/\\\/officialguides.com\\\/sr\\\/javni-prevoz-u-istanbulu\\\/\",\"name\":\"Javni prevoz u Istanbulu: kompletan vodi\u010d 2025 sa rutama, kartama i savetima za turiste\",\"isPartOf\":{\"@id\":\"https:\\\/\\\/officialguides.com\\\/sr\\\/#website\"},\"primaryImageOfPage\":{\"@id\":\"https:\\\/\\\/officialguides.com\\\/sr\\\/javni-prevoz-u-istanbulu\\\/#primaryimage\"},\"image\":{\"@id\":\"https:\\\/\\\/officialguides.com\\\/sr\\\/javni-prevoz-u-istanbulu\\\/#primaryimage\"},\"thumbnailUrl\":\"https:\\\/\\\/officialguides.com\\\/wp-content\\\/uploads\\\/2025\\\/05\\\/istanbul-public-transportation.jpg\",\"datePublished\":\"2025-05-23T10:08:12+00:00\",\"description\":\"Kako da se lako kre\u0107ete po Istanbulu: metro, tramvaj, trajekt, aerodromi, cene karata, Istanbulkart i saveti za putnike\",\"breadcrumb\":{\"@id\":\"https:\\\/\\\/officialguides.com\\\/sr\\\/javni-prevoz-u-istanbulu\\\/#breadcrumb\"},\"inLanguage\":\"sr-RS\",\"potentialAction\":[{\"@type\":\"ReadAction\",\"target\":[\"https:\\\/\\\/officialguides.com\\\/sr\\\/javni-prevoz-u-istanbulu\\\/\"]}]},{\"@type\":\"ImageObject\",\"inLanguage\":\"sr-RS\",\"@id\":\"https:\\\/\\\/officialguides.com\\\/sr\\\/javni-prevoz-u-istanbulu\\\/#primaryimage\",\"url\":\"https:\\\/\\\/officialguides.com\\\/wp-content\\\/uploads\\\/2025\\\/05\\\/istanbul-public-transportation.jpg\",\"contentUrl\":\"https:\\\/\\\/officialguides.com\\\/wp-content\\\/uploads\\\/2025\\\/05\\\/istanbul-public-transportation.jpg\",\"width\":1024,\"height\":576,\"caption\":\"Javni prevoz u Istanbulu: metro linije, tramvaj, trajekti, aerodromi, cene, kako sti\u0107i...\"},{\"@type\":\"BreadcrumbList\",\"@id\":\"https:\\\/\\\/officialguides.com\\\/sr\\\/javni-prevoz-u-istanbulu\\\/#breadcrumb\",\"itemListElement\":[{\"@type\":\"ListItem\",\"position\":1,\"name\":\"Home\",\"item\":\"https:\\\/\\\/officialguides.com\\\/sr\\\/\"},{\"@type\":\"ListItem\",\"position\":2,\"name\":\"Javni Prevoz u Istanbulu\"}]},{\"@type\":\"WebSite\",\"@id\":\"https:\\\/\\\/officialguides.com\\\/sr\\\/#website\",\"url\":\"https:\\\/\\\/officialguides.com\\\/sr\\\/\",\"name\":\"Official Tour Guides Around The World! Istanbul, Paris, Rome, Dubai...\",\"description\":\"Explore cities and popular destinations with professional, official, certified tour guides\",\"alternateName\":\"Official Guides\",\"potentialAction\":[{\"@type\":\"SearchAction\",\"target\":{\"@type\":\"EntryPoint\",\"urlTemplate\":\"https:\\\/\\\/officialguides.com\\\/sr\\\/?s={search_term_string}\"},\"query-input\":{\"@type\":\"PropertyValueSpecification\",\"valueRequired\":true,\"valueName\":\"search_term_string\"}}],\"inLanguage\":\"sr-RS\"}]}<\/script>\n<!-- \/ Yoast SEO plugin. -->","yoast_head_json":{"title":"Javni prevoz u Istanbulu: kompletan vodi\u010d 2025 sa rutama, kartama i savetima za turiste","description":"Kako da se lako kre\u0107ete po Istanbulu: metro, tramvaj, trajekt, aerodromi, cene karata, Istanbulkart i saveti za putnike","robots":{"index":"index","follow":"follow","max-snippet":"max-snippet:-1","max-image-preview":"max-image-preview:large","max-video-preview":"max-video-preview:-1"},"canonical":"https:\/\/officialguides.com\/sr\/javni-prevoz-u-istanbulu\/","og_locale":"sr_RS","og_type":"article","og_title":"Javni prevoz u Istanbulu: kompletan vodi\u010d 2025 sa rutama, kartama i savetima za turiste","og_description":"Kako da se lako kre\u0107ete po Istanbulu: metro, tramvaj, trajekt, aerodromi, cene karata, Istanbulkart i saveti za putnike","og_url":"https:\/\/officialguides.com\/sr\/javni-prevoz-u-istanbulu\/","og_site_name":"Find Your Private Tour Guide Around The World!","og_image":[{"width":1024,"height":576,"url":"https:\/\/officialguides.com\/wp-content\/uploads\/2025\/05\/istanbul-public-transportation.jpg","type":"image\/jpeg"}],"twitter_card":"summary_large_image","twitter_misc":{"\u041f\u0440\u043e\u0446\u0435\u045a\u0435\u043d\u043e \u0432\u0440\u0435\u043c\u0435 \u0447\u0438\u0442\u0430\u045a\u0430":"4 \u043c\u0438\u043d\u0443\u0442\u0430"},"schema":{"@context":"https:\/\/schema.org","@graph":[{"@type":"WebPage","@id":"https:\/\/officialguides.com\/sr\/javni-prevoz-u-istanbulu\/","url":"https:\/\/officialguides.com\/sr\/javni-prevoz-u-istanbulu\/","name":"Javni prevoz u Istanbulu: kompletan vodi\u010d 2025 sa rutama, kartama i savetima za turiste","isPartOf":{"@id":"https:\/\/officialguides.com\/sr\/#website"},"primaryImageOfPage":{"@id":"https:\/\/officialguides.com\/sr\/javni-prevoz-u-istanbulu\/#primaryimage"},"image":{"@id":"https:\/\/officialguides.com\/sr\/javni-prevoz-u-istanbulu\/#primaryimage"},"thumbnailUrl":"https:\/\/officialguides.com\/wp-content\/uploads\/2025\/05\/istanbul-public-transportation.jpg","datePublished":"2025-05-23T10:08:12+00:00","description":"Kako da se lako kre\u0107ete po Istanbulu: metro, tramvaj, trajekt, aerodromi, cene karata, Istanbulkart i saveti za putnike","breadcrumb":{"@id":"https:\/\/officialguides.com\/sr\/javni-prevoz-u-istanbulu\/#breadcrumb"},"inLanguage":"sr-RS","potentialAction":[{"@type":"ReadAction","target":["https:\/\/officialguides.com\/sr\/javni-prevoz-u-istanbulu\/"]}]},{"@type":"ImageObject","inLanguage":"sr-RS","@id":"https:\/\/officialguides.com\/sr\/javni-prevoz-u-istanbulu\/#primaryimage","url":"https:\/\/officialguides.com\/wp-content\/uploads\/2025\/05\/istanbul-public-transportation.jpg","contentUrl":"https:\/\/officialguides.com\/wp-content\/uploads\/2025\/05\/istanbul-public-transportation.jpg","width":1024,"height":576,"caption":"Javni prevoz u Istanbulu: metro linije, tramvaj, trajekti, aerodromi, cene, kako sti\u0107i..."},{"@type":"BreadcrumbList","@id":"https:\/\/officialguides.com\/sr\/javni-prevoz-u-istanbulu\/#breadcrumb","itemListElement":[{"@type":"ListItem","position":1,"name":"Home","item":"https:\/\/officialguides.com\/sr\/"},{"@type":"ListItem","position":2,"name":"Javni Prevoz u Istanbulu"}]},{"@type":"WebSite","@id":"https:\/\/officialguides.com\/sr\/#website","url":"https:\/\/officialguides.com\/sr\/","name":"Official Tour Guides Around The World! Istanbul, Paris, Rome, Dubai...","description":"Explore cities and popular destinations with professional, official, certified tour guides","alternateName":"Official Guides","potentialAction":[{"@type":"SearchAction","target":{"@type":"EntryPoint","urlTemplate":"https:\/\/officialguides.com\/sr\/?s={search_term_string}"},"query-input":{"@type":"PropertyValueSpecification","valueRequired":true,"valueName":"search_term_string"}}],"inLanguage":"sr-RS"}]}},"_links":{"self":[{"href":"https:\/\/officialguides.com\/sr\/wp-json\/wp\/v2\/pages\/396248","targetHints":{"allow":["GET"]}}],"collection":[{"href":"https:\/\/officialguides.com\/sr\/wp-json\/wp\/v2\/pages"}],"about":[{"href":"https:\/\/officialguides.com\/sr\/wp-json\/wp\/v2\/types\/page"}],"author":[{"embeddable":true,"href":"https:\/\/officialguides.com\/sr\/wp-json\/wp\/v2\/users\/3"}],"replies":[{"embeddable":true,"href":"https:\/\/officialguides.com\/sr\/wp-json\/wp\/v2\/comments?post=396248"}],"version-history":[{"count":0,"href":"https:\/\/officialguides.com\/sr\/wp-json\/wp\/v2\/pages\/396248\/revisions"}],"wp:featuredmedia":[{"embeddable":true,"href":"https:\/\/officialguides.com\/sr\/wp-json\/wp\/v2\/media\/396090"}],"wp:attachment":[{"href":"https:\/\/officialguides.com\/sr\/wp-json\/wp\/v2\/media?parent=396248"}],"curies":[{"name":"wp","href":"https:\/\/api.w.org\/{rel}","templated":true}]}}