{"id":397768,"date":"2026-01-29T18:01:16","date_gmt":"2026-01-29T15:01:16","guid":{"rendered":"https:\/\/officialguides.com\/home\/"},"modified":"2026-02-01T20:43:06","modified_gmt":"2026-02-01T17:43:06","slug":"home","status":"publish","type":"page","link":"https:\/\/officialguides.com\/sl\/","title":{"rendered":"Pove\u017eite Se Neposredno Z Licenciranimi Vodniki Po Vsem Svetu"},"content":{"rendered":"<p data-path-to-node=\"4\"><strong>OfficialGuides.com<\/strong> je specializirana platforma, ki povezuje samostojne popotnike in skupine s profesionalnimi, licenciranimi <img decoding=\"async\" class=\"alignleft\" src=\"https:\/\/officialguides.com\/wp-content\/uploads\/2026\/01\/licensed-oficial-verified-guides.jpg\" alt=\"only the verified and certified tour guides \" width=\"150\" height=\"150\" \/>vodniki na vodilnih svetovnih destinacijah. Komunicirajte v realnem \u010dasu in na\u010drtujte svoje popolno potovanje v ve\u010d kot 30 jezikih.<\/p>\n<hr \/>\n<h2 style=\"text-align: center;\" data-path-to-node=\"5\">\ud83c\udf92 Izberite svoje mesto, za\u010dnite svoje potovanje<\/h2>\n<p style=\"text-align: center;\" data-path-to-node=\"6\">Prebrskajte na\u0161 imenik na <strong>OfficialGuides.com<\/strong> in poi\u0161\u010dite idealnega certificiranega strokovnjaka za svojo naslednjo avanturo. Va\u0161a avtenti\u010dna potovalna izku\u0161nja brez stresa je oddaljena le eno sporo\u010dilo.<\/p>\n<h3 style=\"text-align: center;\" data-path-to-node=\"6\">Izberite Svojo Destinacijo \ud83d\udccd<\/h3>\n<p style=\"text-align: center;\" data-path-to-node=\"7\"><b data-path-to-node=\"7\" data-index-in-node=\"0\">Pariz,<span style=\"color: #ff0000;\"> <a style=\"color: #ff0000;\" href=\"https:\/\/officialguides.com\/sl\/slovenski-vodnik-v-istanbulu\/\" target=\"_blank\" rel=\"noopener\">Carigrad<\/a><\/span>, Rim, <span style=\"color: #ff0000;\"><a style=\"color: #ff0000;\" href=\"https:\/\/officialguides.com\/sl\/slovenski-vodniki-in-zasebne-ture-v-barceloni\/\" target=\"_blank\" rel=\"noopener\">Barcelona<\/a><\/span>, Dubaj, <span style=\"color: #ff0000;\"><a style=\"color: #ff0000;\" href=\"https:\/\/officialguides.com\/sl\/slovenski-zasebni-vodnik-in-zasebne-ture-v-atenah\/\" target=\"_blank\" rel=\"noopener\">Atene<\/a><\/span>, London, Bangkok, Firence, Madrid, Lizbona, Kapadokija, Amsterdam, Praga, Neapelj, Berlin, Antalya, Granada, Sevilla, Stockholm.<\/b><\/p>\n<hr data-path-to-node=\"8\" \/>\n<h2 data-path-to-node=\"9\">Zakaj je licenciran vodnik va\u0161a najbolj\u0161a nalo\u017eba na potovanju<\/h2>\n<p data-path-to-node=\"10\">Raziskovanje svetovno znane znamenitosti v dru\u017ebi certificiranega strokovnjaka je razlika med tem, da kraj le \u201evidite\u201c, in tem, da ga zares \u201edo\u017eivite\u201c. Na OfficialGuides.com vam bodo vodniki, s katerimi sodelujemo, z veseljem ponudili naslednje prednosti.<\/p>\n<ul data-path-to-node=\"11\">\n<li>\n<p data-path-to-node=\"11,0,0\"><b data-path-to-node=\"11,0,0\" data-index-in-node=\"0\">Prednostni dostop in vstop brez \u010dakanja v vrsti (Skip-the-Line):<\/b> Ne dovolite, da vam dopust mine v \u010dakanju. Licencirani vodniki imajo pogosto prednostni dostop, posebne okenca za rezervacije ali mo\u017enost, da v va\u0161em imenu vnaprej rezervirajo vstopnice. \u0160e posebej v vrhuncu sezone pri svetovnih spomenikih vam to omogo\u010da, da zaobidete ve\u010durne vrste in vstopite neposredno v osr\u010dje izku\u0161nje.<\/p>\n<\/li>\n<li>\n<p data-path-to-node=\"11,1,0\"><b data-path-to-node=\"11,1,0\" data-index-in-node=\"0\">Maksimalna \u010dasovna u\u010dinkovitost:<\/b> Muzej ali arheolo\u0161ko najdi\u0161\u010de, za katerega bi samostojno potrebovali cel dan, lahko z vodnikom mojstrsko razi\u0161\u010dete v samo 3 urah. Va\u0161 vodnik kurira izku\u0161njo tako, da vam poka\u017ee najpomembnej\u0161e mojstrovine in klju\u010dne to\u010dke, ki jih &#8220;morate videti&#8221;, brez utrujenosti, ki jo povzro\u010da tavanje.<\/p>\n<\/li>\n<li>\n<p data-path-to-node=\"11,2,0\"><b data-path-to-node=\"11,2,0\" data-index-in-node=\"0\">Profesionalizem in akademska globina:<\/b> Licencirani vodniki niso le navdu\u0161enci; so profesionalci, ki so opravili strogo akademsko usposabljanje in uradne dr\u017eavne izpite. Prejeli boste natan\u010dne, poglobljene zgodovinske in kulturne zgodbe, ki jih ne boste na\u0161li v nobenem tiskanem vodniku.<\/p>\n<\/li>\n<li>\n<p data-path-to-node=\"11,3,0\"><b data-path-to-node=\"11,3,0\" data-index-in-node=\"0\">Personalizirani na\u010drti poti in varnost:<\/b> Ne glede na to, ali potujete sami ali v skupini, na\u0161i vodniki prilagodijo tempo va\u0161im potrebam. Pomagajo vam pri orientaciji v zapletenih lokalnih sistemih, izogibanju turisti\u010dnim zankam in zagotavljajo varno in visoko kakovostno okolje skozi celotno potovanje.<\/p>\n<\/li>\n<\/ul>\n<h2 data-path-to-node=\"12\">\u2728 Zakaj izbrati zasebni izlet?<\/h2>\n<p data-path-to-node=\"13\">Izognite se mno\u017eicam in obi\u010dajnim programom. Do\u017eivite svojo destinacijo pod lastnimi pogoji z vodniki Official Guides.<\/p>\n<h3 data-path-to-node=\"14\">Prednosti zasebnega vodenja<\/h3>\n<ul data-path-to-node=\"15\">\n<li>\n<p data-path-to-node=\"15,0,0\"><b data-path-to-node=\"15,0,0\" data-index-in-node=\"0\">Na\u010drti poti po meri:<\/b> Vsak izlet je prilagojen va\u0161im osebnim zanimanjem in strastem.<\/p>\n<\/li>\n<li>\n<p data-path-to-node=\"15,1,0\"><b data-path-to-node=\"15,1,0\" data-index-in-node=\"0\">Licencirano strokovno znanje:<\/b> Pridobite globoke zgodovinske in kulturne vpoglede od profesionalnih lokalnih strokovnjakov.<\/p>\n<\/li>\n<li>\n<p data-path-to-node=\"15,2,0\"><b data-path-to-node=\"15,2,0\" data-index-in-node=\"0\">Prihranek \u010dasa:<\/b> Presko\u010dite dolge vrste in maksimalno izkoristite svoj \u010das z optimiziranimi potmi.<\/p>\n<\/li>\n<li>\n<p data-path-to-node=\"15,3,0\"><b data-path-to-node=\"15,3,0\" data-index-in-node=\"0\">Popolna prilagodljivost:<\/b> Vi dolo\u010date tempo \u2013 ostanite dlje na najljub\u0161ih mestih ali si privo\u0161\u010dite spontan odmor.<\/p>\n<\/li>\n<li>\n<p data-path-to-node=\"15,4,0\"><b data-path-to-node=\"15,4,0\" data-index-in-node=\"0\">Avtenti\u010dna odkritja:<\/b> Razi\u0161\u010dite skrite dragulje in &#8220;skrite&#8221; lokacije stran od turisti\u010dnih pasti.<\/p>\n<\/li>\n<\/ul>\n<p data-path-to-node=\"16\"><i data-path-to-node=\"16\" data-index-in-node=\"0\">Kakovost pred kvantiteto. Spoznajte mesto v nekaj urah, ne v nekaj dneh.<\/i><\/p>\n<h2 data-path-to-node=\"17\">\ud83c\udfdb\ufe0f Odkrijte ikoni\u010dne znamenitosti s strokovnjaki<\/h2>\n<p data-path-to-node=\"18\">Od anti\u010dnih ru\u0161evin do modernih arhitekturnih \u010dudes, OfficialGuides.com vas povezuje s specialisti na najbolj obiskanih krajih na svetu:<\/p>\n<ul data-path-to-node=\"19\">\n<li>\n<p data-path-to-node=\"19,0,0\"><b data-path-to-node=\"19,0,0\" data-index-in-node=\"0\">Pariz:<\/b> Podrobni umetnostnozgodovinski sprehodi v Louvru, Versaillesu in na Montmartru.<\/p>\n<\/li>\n<li>\n<p data-path-to-node=\"19,1,0\"><b data-path-to-node=\"19,1,0\" data-index-in-node=\"0\">Carigrad:<\/b> Strokovne razlage v Hagiji Sofiji, pala\u010di Topkapi, Haremu, Modri mo\u0161eji, na Bosporju in Velikem bazarju.<\/p>\n<\/li>\n<li>\n<p data-path-to-node=\"19,2,0\"><b data-path-to-node=\"19,2,0\" data-index-in-node=\"0\">Vatikan in Rim:<\/b> Bazilika svetega Petra, Kolosej in Vatikanski muzeji.<\/p>\n<\/li>\n<li>\n<p data-path-to-node=\"19,3,0\"><b data-path-to-node=\"19,3,0\" data-index-in-node=\"0\">Barcelona:<\/b> Arhitekturni genij Sagrade Familie in parka Guell.<\/p>\n<\/li>\n<li>\n<p data-path-to-node=\"19,4,0\"><b data-path-to-node=\"19,4,0\" data-index-in-node=\"0\">Atene:<\/b> Srce anti\u010dne Gr\u010dije in veli\u010dastna Akropola.<\/p>\n<\/li>\n<li>\n<p data-path-to-node=\"19,5,0\"><b data-path-to-node=\"19,5,0\" data-index-in-node=\"0\">Dubaj:<\/b> Moderna \u010duda, kot je Burj Khalifa, in ogledi dedi\u0161\u010dine v Starem Dubaju.<\/p>\n<\/li>\n<\/ul>\n<p data-path-to-node=\"20\"><b data-path-to-node=\"20\" data-index-in-node=\"0\">In \u0161e ve\u010d destinacij:<\/b> London, Kapadokija, Madrid, Firence, Praga, Antalya, Lizbona, Amsterdam, Berlin, Stockholm, Bangkok, Dunaj, Neapelj, New York, Kopenhagen, Sevilla, Granada, Valencia, Kairo, Tokio.<\/p>\n<h2 data-path-to-node=\"21\">\ud83d\udcf2 Zasnovano za neposredno komunikacijo<\/h2>\n<p data-path-to-node=\"22\">Verjamemo, da se najbolj\u0161i potovalni na\u010drti za\u010dnejo s pogovorom. OfficialGuides.com omogo\u010da takoj\u0161njo komunikacijo v realnem \u010dasu med vami in va\u0161im potencialnim vodnikom. Postavljajte vpra\u0161anja, razpravljajte o svojih specifi\u010dnih zanimanjih in dorecite na\u010drt poti neposredno z osebo, ki vam bo pokazala mesto. Brez posrednikov, brez skritih agencijskih provizij \u2013 le neposredno lokalno strokovno znanje.<\/p>\n<h2 data-path-to-node=\"23\">\ud83c\udf0d Pridru\u017eite se na\u0161i globalni strokovni mre\u017ei<\/h2>\n<p data-path-to-node=\"24\">Ali ste licencirani turisti\u010dni vodnik? Nenehno \u0161irimo svoj doseg in smo odprti za sodelovanje s profesionalnimi vodniki, ki govorijo kateri koli jezik iz celega sveta. \u010ce ste certificiran strokovnjak, ki se \u017eeli neposredno povezati z mednarodnimi popotniki, je OfficialGuides.com va\u0161a platforma. Pridru\u017eite se na\u0161i mre\u017ei \u0161e danes.<\/p>\n<p data-path-to-node=\"25\"><i data-path-to-node=\"25\" data-index-in-node=\"0\"><strong>Pomembna opomba:<\/strong> Official Guides je sti\u010di\u0161\u010de (marketplace), ki povezuje popotnike z licenciranimi vodniki; ni potovalna agencija. Preberite na\u0161o <a href=\"https:\/\/officialguides.com\/sl\/pravna-omejitev\/\" target=\"_blank\" rel=\"noopener\">\u201ePravno omejitev odgovornosti\u201c<\/a> in <a href=\"https:\/\/officialguides.com\/sl\/politika-zasebnosti\/\" target=\"_blank\" rel=\"noopener\">\u201ePolitiko zasebnosti\u201c<\/a><\/i><\/p>\n","protected":false},"excerpt":{"rendered":"<p>OfficialGuides.com je specializirana platforma, ki povezuje samostojne popotnike in skupine s profesionalnimi, licenciranimi vodniki na vodilnih svetovnih destinacijah. Komunicirajte v realnem \u010dasu in na\u010drtujte svoje popolno potovanje v ve\u010d kot 30 jezikih. \ud83c\udf92 Izberite svoje mesto, za\u010dnite svoje potovanje Prebrskajte na\u0161 imenik na OfficialGuides.com in poi\u0161\u010dite idealnega certificiranega strokovnjaka za svojo naslednjo avanturo. Va\u0161a avtenti\u010dna &#8230; <a title=\"Pove\u017eite Se Neposredno Z Licenciranimi Vodniki Po Vsem Svetu\" class=\"read-more\" href=\"https:\/\/officialguides.com\/sl\/\" aria-label=\"Read more about Pove\u017eite Se Neposredno Z Licenciranimi Vodniki Po Vsem Svetu\">Read more<\/a><\/p>\n","protected":false},"author":3,"featured_media":397767,"parent":0,"menu_order":0,"comment_status":"closed","ping_status":"closed","template":"","meta":{"_acf_changed":false,"footnotes":""},"class_list":["post-397768","page","type-page","status-publish","has-post-thumbnail"],"acf":[],"yoast_head":"<!-- This site is optimized with the Yoast SEO plugin v27.4 - https:\/\/yoast.com\/product\/yoast-seo-wordpress\/ -->\n<title>Licencirani turisti\u010dni vodniki in zasebni izleti po svetu | OfficialGuides<\/title>\n<meta name=\"description\" content=\"Pove\u017eite se neposredno z uradnimi in licenciranimi vodniki na najbolj\u0161ih svetovnih destinacijah. Rezervirajte personalizirane zasebne izlete, izognite se vrstam in do\u017eivite avtenti\u010dno potovanje brez posrednikov.\" \/>\n<meta name=\"robots\" content=\"index, follow, max-snippet:-1, max-image-preview:large, max-video-preview:-1\" \/>\n<link rel=\"canonical\" href=\"https:\/\/officialguides.com\/sl\/\" \/>\n<meta property=\"og:locale\" content=\"sl_SI\" \/>\n<meta property=\"og:type\" content=\"article\" \/>\n<meta property=\"og:title\" content=\"Licencirani turisti\u010dni vodniki in zasebni izleti po svetu | OfficialGuides\" \/>\n<meta property=\"og:description\" content=\"Pove\u017eite se neposredno z uradnimi in licenciranimi vodniki na najbolj\u0161ih svetovnih destinacijah. Rezervirajte personalizirane zasebne izlete, izognite se vrstam in do\u017eivite avtenti\u010dno potovanje brez posrednikov.\" \/>\n<meta property=\"og:url\" content=\"https:\/\/officialguides.com\/sl\/\" \/>\n<meta property=\"og:site_name\" content=\"Find Your Private Tour Guide Around The World!\" \/>\n<meta property=\"article:modified_time\" content=\"2026-02-01T17:43:06+00:00\" \/>\n<meta property=\"og:image\" content=\"https:\/\/officialguides.com\/wp-content\/uploads\/2026\/01\/private-tours-and-guides.jpg\" \/>\n\t<meta property=\"og:image:width\" content=\"1024\" \/>\n\t<meta property=\"og:image:height\" content=\"523\" \/>\n\t<meta property=\"og:image:type\" content=\"image\/jpeg\" \/>\n<meta name=\"twitter:card\" content=\"summary_large_image\" \/>\n<meta name=\"twitter:label1\" content=\"Est. reading time\" \/>\n\t<meta name=\"twitter:data1\" content=\"4 minute\" \/>\n<script type=\"application\/ld+json\" class=\"yoast-schema-graph\">{\"@context\":\"https:\\\/\\\/schema.org\",\"@graph\":[{\"@type\":\"WebPage\",\"@id\":\"https:\\\/\\\/officialguides.com\\\/sl\\\/\",\"url\":\"https:\\\/\\\/officialguides.com\\\/sl\\\/\",\"name\":\"Licencirani turisti\u010dni vodniki in zasebni izleti po svetu | OfficialGuides\",\"isPartOf\":{\"@id\":\"https:\\\/\\\/officialguides.com\\\/sl\\\/#website\"},\"primaryImageOfPage\":{\"@id\":\"https:\\\/\\\/officialguides.com\\\/sl\\\/#primaryimage\"},\"image\":{\"@id\":\"https:\\\/\\\/officialguides.com\\\/sl\\\/#primaryimage\"},\"thumbnailUrl\":\"https:\\\/\\\/officialguides.com\\\/wp-content\\\/uploads\\\/2026\\\/01\\\/private-tours-and-guides.jpg\",\"datePublished\":\"2026-01-29T15:01:16+00:00\",\"dateModified\":\"2026-02-01T17:43:06+00:00\",\"description\":\"Pove\u017eite se neposredno z uradnimi in licenciranimi vodniki na najbolj\u0161ih svetovnih destinacijah. Rezervirajte personalizirane zasebne izlete, izognite se vrstam in do\u017eivite avtenti\u010dno potovanje brez posrednikov.\",\"breadcrumb\":{\"@id\":\"https:\\\/\\\/officialguides.com\\\/sl\\\/#breadcrumb\"},\"inLanguage\":\"sl-SI\",\"potentialAction\":[{\"@type\":\"ReadAction\",\"target\":[\"https:\\\/\\\/officialguides.com\\\/sl\\\/\"]}]},{\"@type\":\"ImageObject\",\"inLanguage\":\"sl-SI\",\"@id\":\"https:\\\/\\\/officialguides.com\\\/sl\\\/#primaryimage\",\"url\":\"https:\\\/\\\/officialguides.com\\\/wp-content\\\/uploads\\\/2026\\\/01\\\/private-tours-and-guides.jpg\",\"contentUrl\":\"https:\\\/\\\/officialguides.com\\\/wp-content\\\/uploads\\\/2026\\\/01\\\/private-tours-and-guides.jpg\",\"width\":1024,\"height\":523,\"caption\":\"Poobla\u0161\u010dena turisti\u010dna vodnica z vodni\u0161ko licenco razkazuje in pripoveduje dru\u017eini, ki stoji pred Kolosejem v Rimu.\"},{\"@type\":\"BreadcrumbList\",\"@id\":\"https:\\\/\\\/officialguides.com\\\/sl\\\/#breadcrumb\",\"itemListElement\":[{\"@type\":\"ListItem\",\"position\":1,\"name\":\"Home\",\"item\":\"https:\\\/\\\/officialguides.com\\\/sl\\\/\"},{\"@type\":\"ListItem\",\"position\":2,\"name\":\"Pove\u017eite Se Neposredno Z Licenciranimi Vodniki Po Vsem Svetu\"}]},{\"@type\":\"WebSite\",\"@id\":\"https:\\\/\\\/officialguides.com\\\/sl\\\/#website\",\"url\":\"https:\\\/\\\/officialguides.com\\\/sl\\\/\",\"name\":\"Official Tour Guides Around The World! Istanbul, Paris, Rome, Dubai...\",\"description\":\"Explore cities and popular destinations with professional, official, certified tour guides\",\"alternateName\":\"Official Guides\",\"potentialAction\":[{\"@type\":\"SearchAction\",\"target\":{\"@type\":\"EntryPoint\",\"urlTemplate\":\"https:\\\/\\\/officialguides.com\\\/sl\\\/?s={search_term_string}\"},\"query-input\":{\"@type\":\"PropertyValueSpecification\",\"valueRequired\":true,\"valueName\":\"search_term_string\"}}],\"inLanguage\":\"sl-SI\"}]}<\/script>\n<!-- \/ Yoast SEO plugin. -->","yoast_head_json":{"title":"Licencirani turisti\u010dni vodniki in zasebni izleti po svetu | OfficialGuides","description":"Pove\u017eite se neposredno z uradnimi in licenciranimi vodniki na najbolj\u0161ih svetovnih destinacijah. Rezervirajte personalizirane zasebne izlete, izognite se vrstam in do\u017eivite avtenti\u010dno potovanje brez posrednikov.","robots":{"index":"index","follow":"follow","max-snippet":"max-snippet:-1","max-image-preview":"max-image-preview:large","max-video-preview":"max-video-preview:-1"},"canonical":"https:\/\/officialguides.com\/sl\/","og_locale":"sl_SI","og_type":"article","og_title":"Licencirani turisti\u010dni vodniki in zasebni izleti po svetu | OfficialGuides","og_description":"Pove\u017eite se neposredno z uradnimi in licenciranimi vodniki na najbolj\u0161ih svetovnih destinacijah. Rezervirajte personalizirane zasebne izlete, izognite se vrstam in do\u017eivite avtenti\u010dno potovanje brez posrednikov.","og_url":"https:\/\/officialguides.com\/sl\/","og_site_name":"Find Your Private Tour Guide Around The World!","article_modified_time":"2026-02-01T17:43:06+00:00","og_image":[{"width":1024,"height":523,"url":"https:\/\/officialguides.com\/wp-content\/uploads\/2026\/01\/private-tours-and-guides.jpg","type":"image\/jpeg"}],"twitter_card":"summary_large_image","twitter_misc":{"Est. reading time":"4 minute"},"schema":{"@context":"https:\/\/schema.org","@graph":[{"@type":"WebPage","@id":"https:\/\/officialguides.com\/sl\/","url":"https:\/\/officialguides.com\/sl\/","name":"Licencirani turisti\u010dni vodniki in zasebni izleti po svetu | OfficialGuides","isPartOf":{"@id":"https:\/\/officialguides.com\/sl\/#website"},"primaryImageOfPage":{"@id":"https:\/\/officialguides.com\/sl\/#primaryimage"},"image":{"@id":"https:\/\/officialguides.com\/sl\/#primaryimage"},"thumbnailUrl":"https:\/\/officialguides.com\/wp-content\/uploads\/2026\/01\/private-tours-and-guides.jpg","datePublished":"2026-01-29T15:01:16+00:00","dateModified":"2026-02-01T17:43:06+00:00","description":"Pove\u017eite se neposredno z uradnimi in licenciranimi vodniki na najbolj\u0161ih svetovnih destinacijah. Rezervirajte personalizirane zasebne izlete, izognite se vrstam in do\u017eivite avtenti\u010dno potovanje brez posrednikov.","breadcrumb":{"@id":"https:\/\/officialguides.com\/sl\/#breadcrumb"},"inLanguage":"sl-SI","potentialAction":[{"@type":"ReadAction","target":["https:\/\/officialguides.com\/sl\/"]}]},{"@type":"ImageObject","inLanguage":"sl-SI","@id":"https:\/\/officialguides.com\/sl\/#primaryimage","url":"https:\/\/officialguides.com\/wp-content\/uploads\/2026\/01\/private-tours-and-guides.jpg","contentUrl":"https:\/\/officialguides.com\/wp-content\/uploads\/2026\/01\/private-tours-and-guides.jpg","width":1024,"height":523,"caption":"Poobla\u0161\u010dena turisti\u010dna vodnica z vodni\u0161ko licenco razkazuje in pripoveduje dru\u017eini, ki stoji pred Kolosejem v Rimu."},{"@type":"BreadcrumbList","@id":"https:\/\/officialguides.com\/sl\/#breadcrumb","itemListElement":[{"@type":"ListItem","position":1,"name":"Home","item":"https:\/\/officialguides.com\/sl\/"},{"@type":"ListItem","position":2,"name":"Pove\u017eite Se Neposredno Z Licenciranimi Vodniki Po Vsem Svetu"}]},{"@type":"WebSite","@id":"https:\/\/officialguides.com\/sl\/#website","url":"https:\/\/officialguides.com\/sl\/","name":"Official Tour Guides Around The World! Istanbul, Paris, Rome, Dubai...","description":"Explore cities and popular destinations with professional, official, certified tour guides","alternateName":"Official Guides","potentialAction":[{"@type":"SearchAction","target":{"@type":"EntryPoint","urlTemplate":"https:\/\/officialguides.com\/sl\/?s={search_term_string}"},"query-input":{"@type":"PropertyValueSpecification","valueRequired":true,"valueName":"search_term_string"}}],"inLanguage":"sl-SI"}]}},"_links":{"self":[{"href":"https:\/\/officialguides.com\/sl\/wp-json\/wp\/v2\/pages\/397768","targetHints":{"allow":["GET"]}}],"collection":[{"href":"https:\/\/officialguides.com\/sl\/wp-json\/wp\/v2\/pages"}],"about":[{"href":"https:\/\/officialguides.com\/sl\/wp-json\/wp\/v2\/types\/page"}],"author":[{"embeddable":true,"href":"https:\/\/officialguides.com\/sl\/wp-json\/wp\/v2\/users\/3"}],"replies":[{"embeddable":true,"href":"https:\/\/officialguides.com\/sl\/wp-json\/wp\/v2\/comments?post=397768"}],"version-history":[{"count":3,"href":"https:\/\/officialguides.com\/sl\/wp-json\/wp\/v2\/pages\/397768\/revisions"}],"predecessor-version":[{"id":398189,"href":"https:\/\/officialguides.com\/sl\/wp-json\/wp\/v2\/pages\/397768\/revisions\/398189"}],"wp:featuredmedia":[{"embeddable":true,"href":"https:\/\/officialguides.com\/sl\/wp-json\/wp\/v2\/media\/397767"}],"wp:attachment":[{"href":"https:\/\/officialguides.com\/sl\/wp-json\/wp\/v2\/media?parent=397768"}],"curies":[{"name":"wp","href":"https:\/\/api.w.org\/{rel}","templated":true}]}}