{"id":394765,"date":"2025-04-18T20:54:26","date_gmt":"2025-04-18T17:54:26","guid":{"rendered":"https:\/\/officialguides.com\/medicinski-turizem\/"},"modified":"2025-04-18T20:54:26","modified_gmt":"2025-04-18T17:54:26","slug":"medicinski-turizem","status":"publish","type":"page","link":"https:\/\/officialguides.com\/sl\/medicinski-turizem\/","title":{"rendered":"Medicinski Turizem"},"content":{"rendered":"<h2 class=\"\" data-start=\"579\" data-end=\"616\">\ud83c\udf0d Mednarodni Medicinski Turizem<\/h2>\n<p class=\"\" data-start=\"617\" data-end=\"715\"><strong data-start=\"617\" data-end=\"715\">Odkrijte zanesljive destinacije za zdravljenje z jasnimi informacijami in kulturnimi do\u017eivetji<\/strong><\/p>\n<p class=\"\" data-start=\"717\" data-end=\"914\">Dobrodo\u0161li na platformi, ki vam pomaga raziskati najbolj priznane destinacije za <strong data-start=\"798\" data-end=\"831\">mednarodni medicinski turizem<\/strong>, kjer se sodobna zdravstvena oskrba zdru\u017euje z edinstvenimi kulturnimi izku\u0161njami.<\/p>\n<p class=\"\" data-start=\"916\" data-end=\"1202\">Na <strong data-start=\"919\" data-end=\"941\">officialguides.com<\/strong> ponujamo splo\u0161ne informacije o <strong data-start=\"973\" data-end=\"1035\">klinikah in bolni\u0161nicah, ki sprejemajo mednarodne paciente<\/strong>. Sami ne izvajamo zdravljenja, vendar vam pomagamo poiskati zaupanja vredne zdravstvene ustanove in va\u0161o zdravstveno izku\u0161njo obogatimo s turizmom in lokalno kulturo.<\/p>\n<hr class=\"\" data-start=\"1204\" data-end=\"1207\" \/>\n<h3 class=\"\" data-start=\"1209\" data-end=\"1246\">Zakaj izbrati medicinski turizem?<\/h3>\n<p class=\"\" data-start=\"1248\" data-end=\"1337\">Vsako leto se milijoni ljudi odlo\u010dijo za zdravljenje v tujini zaradi naslednjih razlogov:<\/p>\n<ul>\n<li data-start=\"1341\" data-end=\"1402\">\ud83c\udfe5 Dostop do akreditiranih klinik in izku\u0161enih specialistov<\/li>\n<li data-start=\"1405\" data-end=\"1452\">\ud83d\udcb0 Ni\u017eji stro\u0161ki v primerjavi z doma\u010do dr\u017eavo<\/li>\n<li data-start=\"1455\" data-end=\"1479\">\ud83d\udcc6 Kraj\u0161e \u010dakalne dobe<\/li>\n<li data-start=\"1482\" data-end=\"1528\">\u2708\ufe0f Mo\u017enost zdru\u017eitve zdravljenja in po\u010ditnic<\/li>\n<li data-start=\"1531\" data-end=\"1575\">\ud83d\udcac Ve\u010djezi\u010dna in pacientom prijazna storitev<\/li>\n<\/ul>\n<p class=\"\" data-start=\"1577\" data-end=\"1687\">Pomagamo vam poiskati <strong data-start=\"1599\" data-end=\"1686\">dr\u017eave, znane po kakovostni zdravstveni oskrbi in gostoljubnosti do tujih pacientov<\/strong>.<\/p>\n<hr class=\"\" data-start=\"1689\" data-end=\"1692\" \/>\n<h3 class=\"\" data-start=\"1694\" data-end=\"1731\">Priljubljene Zdravstvene Storitve<\/h3>\n<p class=\"\" data-start=\"1733\" data-end=\"1791\">Pacienti najpogosteje i\u0161\u010dejo naslednje zdravstvene posege:<\/p>\n<ul>\n<li data-start=\"1795\" data-end=\"1853\">\u2705 <strong data-start=\"1797\" data-end=\"1814\">Zobozdravstvo<\/strong> (vsadki, luske, oblikovanje nasmeha)<\/li>\n<li data-start=\"1856\" data-end=\"1895\">\u2705 <strong data-start=\"1858\" data-end=\"1893\">Estetska in plasti\u010dna kirurgija<\/strong><\/li>\n<li data-start=\"1898\" data-end=\"1920\">\u2705 <strong data-start=\"1900\" data-end=\"1918\">Presaditev las<\/strong><\/li>\n<li data-start=\"1923\" data-end=\"1960\">\u2705 <strong data-start=\"1925\" data-end=\"1958\">Zdravljenje neplodnosti (IVF)<\/strong><\/li>\n<li data-start=\"1963\" data-end=\"2014\">\u2705 <strong data-start=\"1965\" data-end=\"2012\">Ortopedska kirurgija in operacije hrbtenice<\/strong><\/li>\n<li data-start=\"2017\" data-end=\"2060\">\u2705 <strong data-start=\"2019\" data-end=\"2058\">Laserske operacije in o\u010desna oskrba<\/strong><\/li>\n<li data-start=\"2063\" data-end=\"2132\">\u2705 <strong data-start=\"2065\" data-end=\"2132\">Programi dobrega po\u010dutja, rehabilitacija in anti-aging terapije<\/strong><\/li>\n<\/ul>\n<p class=\"\" data-start=\"2134\" data-end=\"2274\">\ud83d\udccc <em data-start=\"2137\" data-end=\"2274\">Opomba: ne dajemo medicinskih nasvetov in ne jam\u010dimo za rezultate zdravljenja. Vse informacije so informativne in namenjene primerjavi.<\/em><\/p>\n<hr class=\"\" data-start=\"2276\" data-end=\"2279\" \/>\n<h3 class=\"\" data-start=\"2281\" data-end=\"2325\">Priporo\u010dene Dr\u017eave za Medicinski Turizem<\/h3>\n<p class=\"\" data-start=\"2327\" data-end=\"2396\">Nekatere izmed najbolj zaupanja vrednih dr\u017eav za mednarodne paciente:<\/p>\n<ul>\n<li data-start=\"2400\" data-end=\"2593\">\ud83c\uddf9\ud83c\uddf7 <strong data-start=\"2405\" data-end=\"2416\">Tur\u010dija<\/strong> \u2013 estetsko zobozdravstvo, plasti\u010dna kirurgija, o\u010desna oskrba, presaditev organov, onkologija, sr\u010dna kirurgija, ortopedska kirurgija in oploditev z biomedicinsko pomo\u010djo (IVF)<\/li>\n<li data-start=\"2596\" data-end=\"2654\">\ud83c\udded\ud83c\uddfa <strong data-start=\"2601\" data-end=\"2614\">Mad\u017earska<\/strong> \u2013 estetsko zobozdravstvo, ortodontija<\/li>\n<li data-start=\"2657\" data-end=\"2719\">\ud83c\udded\ud83c\uddf7 <strong data-start=\"2662\" data-end=\"2673\">Hrva\u0161ka<\/strong> \u2013 zobozdravstvo, wellness in rehabilitacija<\/li>\n<li data-start=\"2722\" data-end=\"2784\">\ud83c\uddf2\ud83c\uddfd <strong data-start=\"2727\" data-end=\"2737\">Mehika<\/strong> \u2013 bariatri\u010dna kirurgija, klinike za plodnost<\/li>\n<li data-start=\"2787\" data-end=\"2847\">\ud83c\uddea\ud83c\uddf8 <strong data-start=\"2792\" data-end=\"2803\">\u0160panija<\/strong> \u2013 estetska kirurgija, anti-aging medicina<\/li>\n<li data-start=\"2850\" data-end=\"2910\">\ud83c\uddf9\ud83c\udded <strong data-start=\"2855\" data-end=\"2865\">Tajska<\/strong> \u2013 medicinski spa centri, estetski postopki<\/li>\n<li data-start=\"2913\" data-end=\"2974\">\ud83c\uddf0\ud83c\uddf7 <strong data-start=\"2918\" data-end=\"2934\">Ju\u017ena Koreja<\/strong> \u2013 dermatologija, napredne nege obraza<\/li>\n<li data-start=\"2977\" data-end=\"3043\">\ud83c\uddee\ud83c\uddf3 <strong data-start=\"2982\" data-end=\"2992\">Indija<\/strong> \u2013 ortopedija, sr\u010dna kirurgija, ajurvedske terapije<\/li>\n<\/ul>\n<p class=\"\" data-start=\"3045\" data-end=\"3120\">Vse ustanove so <strong data-start=\"3061\" data-end=\"3082\">neodvisne klinike<\/strong>, izku\u0161ene pri delu s tujimi pacienti.<\/p>\n<hr class=\"\" data-start=\"3122\" data-end=\"3125\" \/>\n<h3 class=\"\" data-start=\"3127\" data-end=\"3161\">Zdru\u017eite Zdravljenje s Kulturo<\/h3>\n<p class=\"\" data-start=\"3163\" data-end=\"3420\">Poleg zdravstvenih informacij nudimo povezavo z <strong data-start=\"3211\" data-end=\"3249\">licenciranimi turisti\u010dnimi vodniki<\/strong> v razli\u010dnih mestih.<br data-start=\"3269\" data-end=\"3272\" \/>Naj bo to zgodovinski ogled Istanbula, vinska tura po \u0160paniji ali panoramski izlet ob Donavi \u2014 \u010das okrevanja je lahko prijeten del va\u0161ega potovanja.<\/p>\n<blockquote data-start=\"3422\" data-end=\"3516\">\n<p class=\"\" data-start=\"3424\" data-end=\"3516\">\ud83c\udfa7 <em data-start=\"3427\" data-end=\"3516\">Zasebni ogledi so na voljo na zahtevo in jih izvajajo preverjeni profesionalni vodniki.<\/em><\/p>\n<\/blockquote>\n<hr class=\"\" data-start=\"3518\" data-end=\"3521\" \/>\n<h3 class=\"\" data-start=\"3523\" data-end=\"3562\">Neodvisna in Informativna Platforma<\/h3>\n<ul>\n<li data-start=\"3566\" data-end=\"3628\">\u2757 <strong data-start=\"3568\" data-end=\"3626\">Ne priporo\u010damo nobene konkretne terapije ali postopka.<\/strong><\/li>\n<li data-start=\"3631\" data-end=\"3712\">\ud83c\udfe5 Izbira klinike, zdravnika in zdravljenja je v celoti odgovornost uporabnika.<\/li>\n<li data-start=\"3715\" data-end=\"3773\">\ud83d\udcd1 Vse informacije so splo\u0161ne in niso pravno zavezujo\u010de.<\/li>\n<li data-start=\"3776\" data-end=\"3862\">\ud83d\udee1\ufe0f <strong data-start=\"3780\" data-end=\"3862\">Ne prevzemamo odgovornosti za rezultate zdravljenja ali storitve tretjih oseb.<\/strong><\/li>\n<\/ul>\n<hr class=\"\" data-start=\"3864\" data-end=\"3867\" \/>\n<h3 class=\"\" data-start=\"3869\" data-end=\"3896\">\u2709\ufe0f \u017delite izvedeti ve\u010d?<\/h3>\n<p class=\"\" data-start=\"3898\" data-end=\"4021\">\u010ce razmi\u0161ljate o zdravljenju v tujini in \u017eelite izvedeti ve\u010d o destinacijah, klinikah ali kulturnih izku\u0161njah \u2014 pi\u0161ite nam.<\/p>\n<p class=\"\" data-start=\"4023\" data-end=\"4129\">\ud83d\udc49 <span style=\"text-decoration: underline;\"><strong data-start=\"4026\" data-end=\"4052\">KONTAKTIRAJTE NAS ZDAJ<\/strong><\/span> \u2013 pridobite osnovne informacije o mo\u017enostih zdravljenja in zasebnih ogledih.<\/p>\n<p data-start=\"4023\" data-end=\"4129\"><div class=\"wpforms-container wpforms-container-full\" id=\"wpforms-4263\"><form id=\"wpforms-form-4263\" class=\"wpforms-validate wpforms-form\" data-formid=\"4263\" method=\"post\" enctype=\"multipart\/form-data\" action=\"\/sl\/wp-json\/wp\/v2\/pages\/394765\" data-token=\"e55905b6665478818f3198ba995420eb\" data-token-time=\"1777285564\"><noscript class=\"wpforms-error-noscript\">Please enable JavaScript in your browser to complete this form.<\/noscript><div class=\"wpforms-field-container\"><div id=\"wpforms-4263-field_0-container\" class=\"wpforms-field wpforms-field-name\" data-field-id=\"0\"><label class=\"wpforms-field-label\">Name <span class=\"wpforms-required-label\">*<\/span><\/label><div class=\"wpforms-field-row wpforms-field-medium\"><div class=\"wpforms-field-row-block wpforms-first wpforms-one-half\"><input type=\"text\" id=\"wpforms-4263-field_0\" class=\"wpforms-field-name-first wpforms-field-required\" name=\"wpforms[fields][0][first]\" required><label for=\"wpforms-4263-field_0\" class=\"wpforms-field-sublabel after\">First<\/label><\/div><div class=\"wpforms-field-row-block wpforms-one-half\"><input type=\"text\" id=\"wpforms-4263-field_0-last\" class=\"wpforms-field-name-last wpforms-field-required\" name=\"wpforms[fields][0][last]\" required><label for=\"wpforms-4263-field_0-last\" class=\"wpforms-field-sublabel after\">Last<\/label><\/div><\/div><\/div><div id=\"wpforms-4263-field_1-container\" class=\"wpforms-field wpforms-field-email\" data-field-id=\"1\"><label class=\"wpforms-field-label\" for=\"wpforms-4263-field_1\">Email <span class=\"wpforms-required-label\">*<\/span><\/label><input type=\"email\" id=\"wpforms-4263-field_1\" class=\"wpforms-field-medium wpforms-field-required\" name=\"wpforms[fields][1]\" spellcheck=\"false\" required><\/div><div id=\"wpforms-4263-field_4-container\" class=\"wpforms-field wpforms-field-phone\" data-field-id=\"4\"><label class=\"wpforms-field-label\" for=\"wpforms-4263-field_4\">Mobile Phone<\/label><input type=\"tel\" id=\"wpforms-4263-field_4\" class=\"wpforms-field-medium wpforms-smart-phone-field\" data-rule-smart-phone-field=\"true\" name=\"wpforms[fields][4]\" aria-label=\"Mobile Phone\" ><\/div><div id=\"wpforms-4263-field_2-container\" class=\"wpforms-field wpforms-field-textarea\" data-field-id=\"2\"><label class=\"wpforms-field-label\" for=\"wpforms-4263-field_2\">Comment or Message <span class=\"wpforms-required-label\">*<\/span><\/label><textarea id=\"wpforms-4263-field_2\" class=\"wpforms-field-medium wpforms-field-required\" name=\"wpforms[fields][2]\" required><\/textarea><\/div><\/div><!-- .wpforms-field-container --><div class=\"wpforms-field wpforms-field-hp\"><label for=\"wpforms-4263-field-hp\" class=\"wpforms-field-label\">Comment<\/label><input type=\"text\" name=\"wpforms[hp]\" id=\"wpforms-4263-field-hp\" class=\"wpforms-field-medium\"><\/div><div class=\"wpforms-recaptcha-container wpforms-is-recaptcha wpforms-is-recaptcha-type-v2\" ><div class=\"g-recaptcha\" data-sitekey=\"6LcUi_IZAAAAAPZECIskiqveM1KET8SQPPj592eW\"><\/div><input type=\"text\" name=\"g-recaptcha-hidden\" class=\"wpforms-recaptcha-hidden\" style=\"position:absolute!important;clip:rect(0,0,0,0)!important;height:1px!important;width:1px!important;border:0!important;overflow:hidden!important;padding:0!important;margin:0!important;\" data-rule-recaptcha=\"1\"><\/div><div class=\"wpforms-submit-container\" ><input type=\"hidden\" name=\"wpforms[id]\" value=\"4263\"><input type=\"hidden\" name=\"page_title\" value=\"\"><input type=\"hidden\" name=\"page_url\" value=\"https:\/\/officialguides.com\/sl\/wp-json\/wp\/v2\/pages\/394765\"><input type=\"hidden\" name=\"url_referer\" value=\"\"><button type=\"submit\" name=\"wpforms[submit]\" id=\"wpforms-submit-4263\" class=\"wpforms-submit\" data-alt-text=\"Sending...\" data-submit-text=\"Submit\" aria-live=\"assertive\" value=\"wpforms-submit\">Submit<\/button><\/div><\/form><\/div>  <!-- .wpforms-container --><\/p>\n","protected":false},"excerpt":{"rendered":"<p>\ud83c\udf0d Mednarodni Medicinski Turizem Odkrijte zanesljive destinacije za zdravljenje z jasnimi informacijami in kulturnimi do\u017eivetji Dobrodo\u0161li na platformi, ki vam pomaga raziskati najbolj priznane destinacije za mednarodni medicinski turizem, kjer se sodobna zdravstvena oskrba zdru\u017euje z edinstvenimi kulturnimi izku\u0161njami. Na officialguides.com ponujamo splo\u0161ne informacije o klinikah in bolni\u0161nicah, ki sprejemajo mednarodne paciente. Sami ne izvajamo &#8230; <a title=\"Medicinski Turizem\" class=\"read-more\" href=\"https:\/\/officialguides.com\/sl\/medicinski-turizem\/\" aria-label=\"Read more about Medicinski Turizem\">Read more<\/a><\/p>\n","protected":false},"author":3,"featured_media":394733,"parent":0,"menu_order":0,"comment_status":"closed","ping_status":"closed","template":"","meta":{"_acf_changed":false,"footnotes":""},"class_list":["post-394765","page","type-page","status-publish","has-post-thumbnail"],"acf":[],"yoast_head":"<!-- This site is optimized with the Yoast SEO plugin v27.4 - https:\/\/yoast.com\/product\/yoast-seo-wordpress\/ -->\n<title>Mednarodni Medicinski Turizem \u2013 Zanesljive Klinike in Kulturne Izku\u0161nje<\/title>\n<meta name=\"description\" content=\"Razi\u0161\u010dite vodilne destinacije zdravstvenega turizma. Primerjajte mednarodne klinike in zdru\u017eite zdravljenje s potovanjem in kulturo.\" \/>\n<meta name=\"robots\" content=\"index, follow, max-snippet:-1, max-image-preview:large, max-video-preview:-1\" \/>\n<link rel=\"canonical\" href=\"https:\/\/officialguides.com\/sl\/medicinski-turizem\/\" \/>\n<meta property=\"og:locale\" content=\"sl_SI\" \/>\n<meta property=\"og:type\" content=\"article\" \/>\n<meta property=\"og:title\" content=\"Mednarodni Medicinski Turizem \u2013 Zanesljive Klinike in Kulturne Izku\u0161nje\" \/>\n<meta property=\"og:description\" content=\"Razi\u0161\u010dite vodilne destinacije zdravstvenega turizma. Primerjajte mednarodne klinike in zdru\u017eite zdravljenje s potovanjem in kulturo.\" \/>\n<meta property=\"og:url\" content=\"https:\/\/officialguides.com\/sl\/medicinski-turizem\/\" \/>\n<meta property=\"og:site_name\" content=\"Find Your Private Tour Guide Around The World!\" \/>\n<meta property=\"og:image\" content=\"https:\/\/officialguides.com\/wp-content\/uploads\/2025\/04\/medical-tourism.jpg\" \/>\n\t<meta property=\"og:image:width\" content=\"1023\" \/>\n\t<meta property=\"og:image:height\" content=\"373\" \/>\n\t<meta property=\"og:image:type\" content=\"image\/jpeg\" \/>\n<meta name=\"twitter:card\" content=\"summary_large_image\" \/>\n<meta name=\"twitter:label1\" content=\"Est. reading time\" \/>\n\t<meta name=\"twitter:data1\" content=\"2 minuti\" \/>\n<script type=\"application\/ld+json\" class=\"yoast-schema-graph\">{\"@context\":\"https:\\\/\\\/schema.org\",\"@graph\":[{\"@type\":\"WebPage\",\"@id\":\"https:\\\/\\\/officialguides.com\\\/sl\\\/medicinski-turizem\\\/\",\"url\":\"https:\\\/\\\/officialguides.com\\\/sl\\\/medicinski-turizem\\\/\",\"name\":\"Mednarodni Medicinski Turizem \u2013 Zanesljive Klinike in Kulturne Izku\u0161nje\",\"isPartOf\":{\"@id\":\"https:\\\/\\\/officialguides.com\\\/sl\\\/#website\"},\"primaryImageOfPage\":{\"@id\":\"https:\\\/\\\/officialguides.com\\\/sl\\\/medicinski-turizem\\\/#primaryimage\"},\"image\":{\"@id\":\"https:\\\/\\\/officialguides.com\\\/sl\\\/medicinski-turizem\\\/#primaryimage\"},\"thumbnailUrl\":\"https:\\\/\\\/officialguides.com\\\/wp-content\\\/uploads\\\/2025\\\/04\\\/medical-tourism.jpg\",\"datePublished\":\"2025-04-18T17:54:26+00:00\",\"description\":\"Razi\u0161\u010dite vodilne destinacije zdravstvenega turizma. Primerjajte mednarodne klinike in zdru\u017eite zdravljenje s potovanjem in kulturo.\",\"breadcrumb\":{\"@id\":\"https:\\\/\\\/officialguides.com\\\/sl\\\/medicinski-turizem\\\/#breadcrumb\"},\"inLanguage\":\"sl-SI\",\"potentialAction\":[{\"@type\":\"ReadAction\",\"target\":[\"https:\\\/\\\/officialguides.com\\\/sl\\\/medicinski-turizem\\\/\"]}]},{\"@type\":\"ImageObject\",\"inLanguage\":\"sl-SI\",\"@id\":\"https:\\\/\\\/officialguides.com\\\/sl\\\/medicinski-turizem\\\/#primaryimage\",\"url\":\"https:\\\/\\\/officialguides.com\\\/wp-content\\\/uploads\\\/2025\\\/04\\\/medical-tourism.jpg\",\"contentUrl\":\"https:\\\/\\\/officialguides.com\\\/wp-content\\\/uploads\\\/2025\\\/04\\\/medical-tourism.jpg\",\"width\":1023,\"height\":373,\"caption\":\"Mednarodni pacient pregleduje zdravstvene informacije med kulturnim izletom\"},{\"@type\":\"BreadcrumbList\",\"@id\":\"https:\\\/\\\/officialguides.com\\\/sl\\\/medicinski-turizem\\\/#breadcrumb\",\"itemListElement\":[{\"@type\":\"ListItem\",\"position\":1,\"name\":\"Home\",\"item\":\"https:\\\/\\\/officialguides.com\\\/sl\\\/\"},{\"@type\":\"ListItem\",\"position\":2,\"name\":\"Medicinski Turizem\"}]},{\"@type\":\"WebSite\",\"@id\":\"https:\\\/\\\/officialguides.com\\\/sl\\\/#website\",\"url\":\"https:\\\/\\\/officialguides.com\\\/sl\\\/\",\"name\":\"Official Tour Guides Around The World! Istanbul, Paris, Rome, Dubai...\",\"description\":\"Explore cities and popular destinations with professional, official, certified tour guides\",\"alternateName\":\"Official Guides\",\"potentialAction\":[{\"@type\":\"SearchAction\",\"target\":{\"@type\":\"EntryPoint\",\"urlTemplate\":\"https:\\\/\\\/officialguides.com\\\/sl\\\/?s={search_term_string}\"},\"query-input\":{\"@type\":\"PropertyValueSpecification\",\"valueRequired\":true,\"valueName\":\"search_term_string\"}}],\"inLanguage\":\"sl-SI\"}]}<\/script>\n<!-- \/ Yoast SEO plugin. -->","yoast_head_json":{"title":"Mednarodni Medicinski Turizem \u2013 Zanesljive Klinike in Kulturne Izku\u0161nje","description":"Razi\u0161\u010dite vodilne destinacije zdravstvenega turizma. Primerjajte mednarodne klinike in zdru\u017eite zdravljenje s potovanjem in kulturo.","robots":{"index":"index","follow":"follow","max-snippet":"max-snippet:-1","max-image-preview":"max-image-preview:large","max-video-preview":"max-video-preview:-1"},"canonical":"https:\/\/officialguides.com\/sl\/medicinski-turizem\/","og_locale":"sl_SI","og_type":"article","og_title":"Mednarodni Medicinski Turizem \u2013 Zanesljive Klinike in Kulturne Izku\u0161nje","og_description":"Razi\u0161\u010dite vodilne destinacije zdravstvenega turizma. Primerjajte mednarodne klinike in zdru\u017eite zdravljenje s potovanjem in kulturo.","og_url":"https:\/\/officialguides.com\/sl\/medicinski-turizem\/","og_site_name":"Find Your Private Tour Guide Around The World!","og_image":[{"width":1023,"height":373,"url":"https:\/\/officialguides.com\/wp-content\/uploads\/2025\/04\/medical-tourism.jpg","type":"image\/jpeg"}],"twitter_card":"summary_large_image","twitter_misc":{"Est. reading time":"2 minuti"},"schema":{"@context":"https:\/\/schema.org","@graph":[{"@type":"WebPage","@id":"https:\/\/officialguides.com\/sl\/medicinski-turizem\/","url":"https:\/\/officialguides.com\/sl\/medicinski-turizem\/","name":"Mednarodni Medicinski Turizem \u2013 Zanesljive Klinike in Kulturne Izku\u0161nje","isPartOf":{"@id":"https:\/\/officialguides.com\/sl\/#website"},"primaryImageOfPage":{"@id":"https:\/\/officialguides.com\/sl\/medicinski-turizem\/#primaryimage"},"image":{"@id":"https:\/\/officialguides.com\/sl\/medicinski-turizem\/#primaryimage"},"thumbnailUrl":"https:\/\/officialguides.com\/wp-content\/uploads\/2025\/04\/medical-tourism.jpg","datePublished":"2025-04-18T17:54:26+00:00","description":"Razi\u0161\u010dite vodilne destinacije zdravstvenega turizma. Primerjajte mednarodne klinike in zdru\u017eite zdravljenje s potovanjem in kulturo.","breadcrumb":{"@id":"https:\/\/officialguides.com\/sl\/medicinski-turizem\/#breadcrumb"},"inLanguage":"sl-SI","potentialAction":[{"@type":"ReadAction","target":["https:\/\/officialguides.com\/sl\/medicinski-turizem\/"]}]},{"@type":"ImageObject","inLanguage":"sl-SI","@id":"https:\/\/officialguides.com\/sl\/medicinski-turizem\/#primaryimage","url":"https:\/\/officialguides.com\/wp-content\/uploads\/2025\/04\/medical-tourism.jpg","contentUrl":"https:\/\/officialguides.com\/wp-content\/uploads\/2025\/04\/medical-tourism.jpg","width":1023,"height":373,"caption":"Mednarodni pacient pregleduje zdravstvene informacije med kulturnim izletom"},{"@type":"BreadcrumbList","@id":"https:\/\/officialguides.com\/sl\/medicinski-turizem\/#breadcrumb","itemListElement":[{"@type":"ListItem","position":1,"name":"Home","item":"https:\/\/officialguides.com\/sl\/"},{"@type":"ListItem","position":2,"name":"Medicinski Turizem"}]},{"@type":"WebSite","@id":"https:\/\/officialguides.com\/sl\/#website","url":"https:\/\/officialguides.com\/sl\/","name":"Official Tour Guides Around The World! Istanbul, Paris, Rome, Dubai...","description":"Explore cities and popular destinations with professional, official, certified tour guides","alternateName":"Official Guides","potentialAction":[{"@type":"SearchAction","target":{"@type":"EntryPoint","urlTemplate":"https:\/\/officialguides.com\/sl\/?s={search_term_string}"},"query-input":{"@type":"PropertyValueSpecification","valueRequired":true,"valueName":"search_term_string"}}],"inLanguage":"sl-SI"}]}},"_links":{"self":[{"href":"https:\/\/officialguides.com\/sl\/wp-json\/wp\/v2\/pages\/394765","targetHints":{"allow":["GET"]}}],"collection":[{"href":"https:\/\/officialguides.com\/sl\/wp-json\/wp\/v2\/pages"}],"about":[{"href":"https:\/\/officialguides.com\/sl\/wp-json\/wp\/v2\/types\/page"}],"author":[{"embeddable":true,"href":"https:\/\/officialguides.com\/sl\/wp-json\/wp\/v2\/users\/3"}],"replies":[{"embeddable":true,"href":"https:\/\/officialguides.com\/sl\/wp-json\/wp\/v2\/comments?post=394765"}],"version-history":[{"count":0,"href":"https:\/\/officialguides.com\/sl\/wp-json\/wp\/v2\/pages\/394765\/revisions"}],"wp:featuredmedia":[{"embeddable":true,"href":"https:\/\/officialguides.com\/sl\/wp-json\/wp\/v2\/media\/394733"}],"wp:attachment":[{"href":"https:\/\/officialguides.com\/sl\/wp-json\/wp\/v2\/media?parent=394765"}],"curies":[{"name":"wp","href":"https:\/\/api.w.org\/{rel}","templated":true}]}}