{"id":40264,"date":"2020-05-16T00:57:54","date_gmt":"2020-05-15T21:57:54","guid":{"rendered":"https:\/\/www.officialguides.net\/home\/"},"modified":"2026-02-01T20:42:44","modified_gmt":"2026-02-01T17:42:44","slug":"home","status":"publish","type":"page","link":"https:\/\/officialguides.com\/sk\/","title":{"rendered":"Spojte Sa Priamo S Ofici\u00e1lnymi Sprievodcami Po Celom Svete"},"content":{"rendered":"<p data-path-to-node=\"4\"><strong>OfficialGuides.com<\/strong> je \u0161pecializovan\u00e1 platforma, ktor\u00e1 sp\u00e1ja nez\u00e1visl\u00fdch cestovate\u013eov <img decoding=\"async\" class=\"alignleft\" src=\"https:\/\/officialguides.com\/wp-content\/uploads\/2026\/01\/licensed-oficial-verified-guides.jpg\" alt=\"only the verified and certified tour guides \" width=\"159\" height=\"159\" \/>a skupiny s profesion\u00e1lnymi, licencovan\u00fdmi sprievodcami v najv\u00fdznamnej\u0161\u00edch svetov\u00fdch destin\u00e1ci\u00e1ch. Komunikujte v re\u00e1lnom \u010dase a napl\u00e1nujte si svoju dokonal\u00fa cestu vo viac ako 30 jazykoch.<\/p>\n<hr \/>\n<h2 style=\"text-align: center;\" data-path-to-node=\"5\">\ud83c\udf92 Vyberte si svoje mesto, za\u010dnite svoju cestu<\/h2>\n<p style=\"text-align: center;\" data-path-to-node=\"6\">Prehliadajte n\u00e1\u0161 zoznam na <strong>OfficialGuides.com<\/strong> a n\u00e1jdite ide\u00e1lneho certifikovan\u00e9ho odborn\u00edka pre va\u0161e \u010fal\u0161ie dobrodru\u017estvo. V\u00e1\u0161 autentick\u00fd z\u00e1\u017eitok z cestovania bez stresu je vzdialen\u00fd len jednu spr\u00e1vu.<\/p>\n<h3 style=\"text-align: center;\" data-path-to-node=\"6\">Vyberte Si Svoj Cie\u013e \ud83d\udccd<\/h3>\n<p style=\"text-align: center;\" data-path-to-node=\"7\"><b data-path-to-node=\"7\" data-index-in-node=\"0\">Par\u00ed\u017e, <span style=\"color: #ff0000;\"><a style=\"color: #ff0000;\" href=\"https:\/\/officialguides.com\/sk\/slovensky-sprievodca-v-istanbule\/\" target=\"_blank\" rel=\"noopener\">Istanbul<\/a><\/span>, R\u00edm, <span style=\"color: #ff0000;\"><a style=\"color: #ff0000;\" href=\"https:\/\/officialguides.com\/sk\/slovenski-sprievodcovia-a-sukromne-prehliadky-v-barcelone\/\" target=\"_blank\" rel=\"noopener\">Barcelona<\/a><\/span>, Dubaj, <span style=\"color: #ff0000;\"><a style=\"color: #ff0000;\" href=\"https:\/\/officialguides.com\/sk\/sukromny-sprievodca-v-slovencine-a-sukromne-prehliadky-v-atenach\/\" target=\"_blank\" rel=\"noopener\">At\u00e9ny<\/a><\/span>, Lond\u00fdn, Bangkok, Florencia, Madrid, Lisabon, Kappadokia, Amsterdam, Praha, Neapol, Berl\u00edn, Antalya, Granada, Sevilla, \u0160tokholm.<\/b><\/p>\n<hr data-path-to-node=\"8\" \/>\n<h2 data-path-to-node=\"9\">Pre\u010do je licencovan\u00fd sprievodca va\u0161ou najlep\u0161ou invest\u00edciou do cestovania<\/h2>\n<p data-path-to-node=\"10\">Objavovanie svetovo zn\u00e1mej pamiatky v sprievode certifikovan\u00e9ho profesion\u00e1la je rozdiel medzi oby\u010dajn\u00fdm \u201eviden\u00edm\u201c miesta a jeho skuto\u010dn\u00fdm \u201ez\u00e1\u017eitkom\u201c. Na OfficialGuides.com v\u00e1m sprievodcovia, s ktor\u00fdmi spolupracujeme, radi pon\u00faknu nasleduj\u00face v\u00fdhody.<\/p>\n<ul data-path-to-node=\"11\">\n<li>\n<p data-path-to-node=\"11,0,0\"><b data-path-to-node=\"11,0,0\" data-index-in-node=\"0\">Prioritn\u00fd pr\u00edstup a vstup bez \u010dakania (Skip-the-Line):<\/b> Nenechajte svoju dovolenku uplyn\u00fa\u0165 v nekone\u010dn\u00fdch radoch. Licencovan\u00ed sprievodcovia maj\u00fa \u010dasto prioritn\u00fd pr\u00edstup, \u0161peci\u00e1lne rezerva\u010dn\u00e9 okn\u00e1 alebo mo\u017enos\u0165 vopred zarezervova\u0165 l\u00edstky vo va\u0161om mene. Najm\u00e4 po\u010das sez\u00f3ny pri svetov\u00fdch pamiatkach v\u00e1m to umo\u017en\u00ed ob\u00eds\u0165 hodinov\u00e9 rady a vst\u00fapi\u0165 priamo k z\u00e1\u017eitku.<\/p>\n<\/li>\n<li>\n<p data-path-to-node=\"11,1,0\"><b data-path-to-node=\"11,1,0\" data-index-in-node=\"0\">Maxim\u00e1lna \u010dasov\u00e1 efektivita:<\/b> M\u00fazeum alebo archeologick\u00e9 n\u00e1lezisko, ktor\u00e9ho samostatn\u00e1 prehliadka by v\u00e1m trvala cel\u00fd de\u0148, m\u00f4\u017eete s expertom majstrovsky presk\u00fama\u0165 za 3 hodiny. V\u00e1\u0161 sprievodca zostav\u00ed trasu tak, aby v\u00e1m uk\u00e1zal najv\u00fdznamnej\u0161ie majstrovsk\u00e9 diela a k\u013e\u00fa\u010dov\u00e9 body, ktor\u00e9 \u201emus\u00edte vidie\u0165\u201c, bez \u00fanavy z bl\u00fadenia.<\/p>\n<\/li>\n<li>\n<p data-path-to-node=\"11,2,0\"><b data-path-to-node=\"11,2,0\" data-index-in-node=\"0\">Profesionalita a odborn\u00e1 h\u013abka:<\/b> Licencovan\u00ed sprievodcovia nie s\u00fa len nad\u0161enci; s\u00fa to profesion\u00e1li, ktor\u00ed pre\u0161li pr\u00edsnym akademick\u00fdm \u0161kolen\u00edm a ofici\u00e1lnymi \u0161t\u00e1tnymi sk\u00fa\u0161kami. Dostanete presn\u00e9, hlbok\u00e9 historick\u00e9 a kult\u00farne pr\u00edbehy, ktor\u00e9 nen\u00e1jdete v \u017eiadnom tla\u010denom sprievodcovi.<\/p>\n<\/li>\n<li>\n<p data-path-to-node=\"11,3,0\"><b data-path-to-node=\"11,3,0\" data-index-in-node=\"0\">Personalizovan\u00e9 itiner\u00e1re a bezpe\u010dnos\u0165:<\/b> \u010ci u\u017e cestujete sami alebo v skupine, na\u0161i sprievodcovia prisp\u00f4sobia tempo va\u0161im potreb\u00e1m. Pom\u00f4\u017eu v\u00e1m zorientova\u0165 sa v zlo\u017eit\u00fdch miestnych syst\u00e9moch, vyhn\u00fa\u0165 sa turistick\u00fdm pasciam a zaistia bezpe\u010dn\u00e9 a vysokokvalitn\u00e9 prostredie po\u010das celej va\u0161ej cesty.<\/p>\n<\/li>\n<\/ul>\n<h2 data-path-to-node=\"12\">\u2728 Pre\u010do si vybra\u0165 s\u00fakromn\u00fa prehliadku?<\/h2>\n<p data-path-to-node=\"13\">Uniknite davom a f\u00e1dnym programom. Za\u017eite svoju destin\u00e1ciu pod\u013ea vlastn\u00fdch predst\u00e1v so sprievodcami Official Guides.<\/p>\n<h3 data-path-to-node=\"14\">V\u00fdhody s\u00fakromn\u00e9ho sprievodcu<\/h3>\n<ul data-path-to-node=\"15\">\n<li>\n<p data-path-to-node=\"15,0,0\"><b data-path-to-node=\"15,0,0\" data-index-in-node=\"0\">Pl\u00e1ny cesty na mieru:<\/b> Ka\u017ed\u00e1 prehliadka je prisp\u00f4soben\u00e1 va\u0161im osobn\u00fdm z\u00e1ujmom a v\u00e1\u0161\u0148am.<\/p>\n<\/li>\n<li>\n<p data-path-to-node=\"15,1,0\"><b data-path-to-node=\"15,1,0\" data-index-in-node=\"0\">Licencovan\u00e1 odbornos\u0165:<\/b> Z\u00edskajte hlbok\u00e9 historick\u00e9 a kult\u00farne poznatky od profesion\u00e1lnych miestnych expertov.<\/p>\n<\/li>\n<li>\n<p data-path-to-node=\"15,2,0\"><b data-path-to-node=\"15,2,0\" data-index-in-node=\"0\">\u00daspora \u010dasu:<\/b> Presko\u010dte dlh\u00e9 rady a maximalizujte svoj \u010das v\u010faka optimalizovan\u00fdm tras\u00e1m.<\/p>\n<\/li>\n<li>\n<p data-path-to-node=\"15,3,0\"><b data-path-to-node=\"15,3,0\" data-index-in-node=\"0\">\u00dapln\u00e1 flexibilita:<\/b> Vy ur\u010dujete tempo \u2013 zosta\u0148te dlh\u0161ie na ob\u013e\u00faben\u00fdch miestach alebo si doprajte spont\u00e1nnu prest\u00e1vku.<\/p>\n<\/li>\n<li>\n<p data-path-to-node=\"15,4,0\"><b data-path-to-node=\"15,4,0\" data-index-in-node=\"0\">Autentick\u00e9 objavy:<\/b> Presk\u00famajte skryt\u00e9 skvosty a \u201etajn\u00e9\u201c lokality \u010faleko od turistick\u00fdch pasc\u00ed.<\/p>\n<\/li>\n<\/ul>\n<p data-path-to-node=\"16\"><i data-path-to-node=\"16\" data-index-in-node=\"0\">Kvalita nad kvantitou. Spoznajte mesto za p\u00e1r hod\u00edn, nie za dni.<\/i><\/p>\n<h2 data-path-to-node=\"17\">\ud83c\udfdb\ufe0f Objavujte ikonick\u00e9 pamiatky s expertmi<\/h2>\n<p data-path-to-node=\"18\">Od antick\u00fdch zr\u00facan\u00edn a\u017e po modern\u00e9 architektonick\u00e9 divy, OfficialGuides.com v\u00e1s spoj\u00ed so \u0161pecialistami na najnav\u0161tevovanej\u0161\u00edch miestach sveta:<\/p>\n<ul data-path-to-node=\"19\">\n<li>\n<p data-path-to-node=\"19,0,0\"><b data-path-to-node=\"19,0,0\" data-index-in-node=\"0\">Par\u00ed\u017e:<\/b> Detailn\u00e9 umelecko-historick\u00e9 prech\u00e1dzky v Louvri, Versailles a na Montmartri.<\/p>\n<\/li>\n<li>\n<p data-path-to-node=\"19,1,0\"><b data-path-to-node=\"19,1,0\" data-index-in-node=\"0\">Istanbul:<\/b> Odborn\u00fd v\u00fdklad v Hagia Sophia, pal\u00e1ci Topkapi, Har\u00e9me, Modrej me\u0161ite, na Bospore a Ve\u013ekom baz\u00e1re.<\/p>\n<\/li>\n<li>\n<p data-path-to-node=\"19,2,0\"><b data-path-to-node=\"19,2,0\" data-index-in-node=\"0\">Vatik\u00e1n a R\u00edm:<\/b> Bazilika sv. Petra, Koloseum a Vatik\u00e1nske m\u00faze\u00e1.<\/p>\n<\/li>\n<li>\n<p data-path-to-node=\"19,3,0\"><b data-path-to-node=\"19,3,0\" data-index-in-node=\"0\">Barcelona:<\/b> Architektonick\u00fd g\u00e9nius Sagrada Fam\u00edlia a parku Guell.<\/p>\n<\/li>\n<li>\n<p data-path-to-node=\"19,4,0\"><b data-path-to-node=\"19,4,0\" data-index-in-node=\"0\">At\u00e9ny:<\/b> Srdce starovek\u00e9ho Gr\u00e9cka a ve\u013ekolep\u00e1 Akropola.<\/p>\n<\/li>\n<li>\n<p data-path-to-node=\"19,5,0\"><b data-path-to-node=\"19,5,0\" data-index-in-node=\"0\">Dubaj:<\/b> Modern\u00e9 divy ako Burd\u017e Chal\u00edfa a prehliadky kult\u00farneho dedi\u010dstva v Starom Dubaji.<\/p>\n<\/li>\n<\/ul>\n<p data-path-to-node=\"20\"><b data-path-to-node=\"20\" data-index-in-node=\"0\">A mnoho \u010fal\u0161\u00edch destin\u00e1ci\u00ed:<\/b> Lond\u00fdn, Kappadokia, Madrid, Florencia, Praha, Antalya, Lisabon, Amsterdam, Berl\u00edn, \u0160tokholm, Bangkok, Viede\u0148, Neapol, New York, Koda\u0148, Sevilla, Granada, Valencia, K\u00e1hira, Tokio.<\/p>\n<h2 data-path-to-node=\"21\">\ud83d\udcf2 Navrhnut\u00e9 pre priamu komunik\u00e1ciu<\/h2>\n<p data-path-to-node=\"22\">Ver\u00edme, \u017ee najlep\u0161ie cestovn\u00e9 pl\u00e1ny za\u010d\u00ednaj\u00fa rozhovorom. OfficialGuides.com umo\u017e\u0148uje okam\u017eit\u00fa komunik\u00e1ciu v re\u00e1lnom \u010dase medzi vami a va\u0161\u00edm potenci\u00e1lnym sprievodcom. Kl\u00e1s\u0165 ot\u00e1zky, diskutova\u0165 o svojich \u0161pecifick\u00fdch z\u00e1ujmoch a finalizova\u0165 itiner\u00e1r m\u00f4\u017eete priamo s osobou, ktor\u00e1 v\u00e1s bude sprev\u00e1dza\u0165 mestom. Bez sprostredkovate\u013eov, bez skryt\u00fdch agent\u00farnych poplatkov \u2013 iba priama miestna odbornos\u0165.<\/p>\n<h2 data-path-to-node=\"23\">\ud83c\udf0d Pridajte sa k na\u0161ej glob\u00e1lnej profesion\u00e1lnej sieti<\/h2>\n<p data-path-to-node=\"24\">Ste licencovan\u00fd sprievodca? Neust\u00e1le roz\u0161irujeme svoj dosah a sme otvoren\u00ed spolupr\u00e1ci s profesion\u00e1lnymi sprievodcami hovoriacimi ak\u00fdmko\u013evek jazykom z cel\u00e9ho sveta. Ak ste certifikovan\u00fd odborn\u00edk, ktor\u00fd sa chce priamo spoji\u0165 s medzin\u00e1rodn\u00fdmi cestovate\u013emi, OfficialGuides.com je va\u0161a platforma. Pridajte sa k na\u0161ej sieti e\u0161te dnes.<\/p>\n<p data-path-to-node=\"25\"><i data-path-to-node=\"25\" data-index-in-node=\"0\">D\u00f4le\u017eit\u00e1 pozn\u00e1mka: Official Guides je trhovisko sp\u00e1jaj\u00face cestovate\u013eov s licencovan\u00fdmi sprievodcami; nie je to cestovn\u00e1 kancel\u00e1ria. Pre\u010d\u00edtajte si na\u0161e <a href=\"https:\/\/officialguides.com\/sk\/pravne-vylucenie\/\" target=\"_blank\" rel=\"noopener\">\u201ePr\u00e1vne vyl\u00fa\u010denie zodpovednosti\u201c<\/a> a <a href=\"https:\/\/officialguides.com\/sk\/zasady-ochrany-osobnych-udajov\/\" target=\"_blank\" rel=\"noopener\">\u201eZ\u00e1sady ochrany osobn\u00fdch \u00fadajov\u201c<\/a><\/i><\/p>\n","protected":false},"excerpt":{"rendered":"<p>OfficialGuides.com je \u0161pecializovan\u00e1 platforma, ktor\u00e1 sp\u00e1ja nez\u00e1visl\u00fdch cestovate\u013eov a skupiny s profesion\u00e1lnymi, licencovan\u00fdmi sprievodcami v najv\u00fdznamnej\u0161\u00edch svetov\u00fdch destin\u00e1ci\u00e1ch. Komunikujte v re\u00e1lnom \u010dase a napl\u00e1nujte si svoju dokonal\u00fa cestu vo viac ako 30 jazykoch. \ud83c\udf92 Vyberte si svoje mesto, za\u010dnite svoju cestu Prehliadajte n\u00e1\u0161 zoznam na OfficialGuides.com a n\u00e1jdite ide\u00e1lneho certifikovan\u00e9ho odborn\u00edka pre va\u0161e \u010fal\u0161ie dobrodru\u017estvo. &#8230; <a title=\"Spojte Sa Priamo S Ofici\u00e1lnymi Sprievodcami Po Celom Svete\" class=\"read-more\" href=\"https:\/\/officialguides.com\/sk\/\" aria-label=\"Pre\u010d\u00edtajte si viac o Spojte Sa Priamo S Ofici\u00e1lnymi Sprievodcami Po Celom Svete\">Read more<\/a><\/p>\n","protected":false},"author":3,"featured_media":397764,"parent":0,"menu_order":0,"comment_status":"closed","ping_status":"closed","template":"","meta":{"_acf_changed":false,"footnotes":""},"class_list":["post-40264","page","type-page","status-publish","has-post-thumbnail"],"acf":[],"yoast_head":"<!-- This site is optimized with the Yoast SEO plugin v27.4 - https:\/\/yoast.com\/product\/yoast-seo-wordpress\/ -->\n<title>Licencovan\u00ed sprievodcovia a s\u00fakromn\u00e9 prehliadky po svete | OfficialGuides<\/title>\n<meta name=\"description\" content=\"Spojte sa priamo s ofici\u00e1lnymi a licencovan\u00fdmi sprievodcami v najlep\u0161\u00edch svetov\u00fdch destin\u00e1ci\u00e1ch. Rezervujte si personalizovan\u00e9 s\u00fakromn\u00e9 prehliadky, vyhnite sa radom a za\u017eite autentick\u00e9 cestovanie bez sprostredkovate\u013eov.\" \/>\n<meta name=\"robots\" content=\"index, follow, max-snippet:-1, max-image-preview:large, max-video-preview:-1\" \/>\n<link rel=\"canonical\" href=\"https:\/\/officialguides.com\/sk\/\" \/>\n<meta property=\"og:locale\" content=\"sk_SK\" \/>\n<meta property=\"og:type\" content=\"article\" \/>\n<meta property=\"og:title\" content=\"Licencovan\u00ed sprievodcovia a s\u00fakromn\u00e9 prehliadky po svete | OfficialGuides\" \/>\n<meta property=\"og:description\" content=\"Spojte sa priamo s ofici\u00e1lnymi a licencovan\u00fdmi sprievodcami v najlep\u0161\u00edch svetov\u00fdch destin\u00e1ci\u00e1ch. Rezervujte si personalizovan\u00e9 s\u00fakromn\u00e9 prehliadky, vyhnite sa radom a za\u017eite autentick\u00e9 cestovanie bez sprostredkovate\u013eov.\" \/>\n<meta property=\"og:url\" content=\"https:\/\/officialguides.com\/sk\/\" \/>\n<meta property=\"og:site_name\" content=\"Find Your Private Tour Guide Around The World!\" \/>\n<meta property=\"article:modified_time\" content=\"2026-02-01T17:42:44+00:00\" \/>\n<meta property=\"og:image\" content=\"https:\/\/officialguides.com\/wp-content\/uploads\/2026\/01\/private-tours-and-guides.jpg\" \/>\n\t<meta property=\"og:image:width\" content=\"1024\" \/>\n\t<meta property=\"og:image:height\" content=\"523\" \/>\n\t<meta property=\"og:image:type\" content=\"image\/jpeg\" \/>\n<meta name=\"twitter:card\" content=\"summary_large_image\" \/>\n<meta name=\"twitter:label1\" content=\"Predpokladan\u00fd \u010das \u010d\u00edtania\" \/>\n\t<meta name=\"twitter:data1\" content=\"4 min\u00faty\" \/>\n<script type=\"application\/ld+json\" class=\"yoast-schema-graph\">{\"@context\":\"https:\\\/\\\/schema.org\",\"@graph\":[{\"@type\":\"WebPage\",\"@id\":\"https:\\\/\\\/officialguides.com\\\/sk\\\/\",\"url\":\"https:\\\/\\\/officialguides.com\\\/sk\\\/\",\"name\":\"Licencovan\u00ed sprievodcovia a s\u00fakromn\u00e9 prehliadky po svete | OfficialGuides\",\"isPartOf\":{\"@id\":\"https:\\\/\\\/officialguides.com\\\/sk\\\/#website\"},\"primaryImageOfPage\":{\"@id\":\"https:\\\/\\\/officialguides.com\\\/sk\\\/#primaryimage\"},\"image\":{\"@id\":\"https:\\\/\\\/officialguides.com\\\/sk\\\/#primaryimage\"},\"thumbnailUrl\":\"https:\\\/\\\/officialguides.com\\\/wp-content\\\/uploads\\\/2026\\\/01\\\/private-tours-and-guides.jpg\",\"datePublished\":\"2020-05-15T21:57:54+00:00\",\"dateModified\":\"2026-02-01T17:42:44+00:00\",\"description\":\"Spojte sa priamo s ofici\u00e1lnymi a licencovan\u00fdmi sprievodcami v najlep\u0161\u00edch svetov\u00fdch destin\u00e1ci\u00e1ch. Rezervujte si personalizovan\u00e9 s\u00fakromn\u00e9 prehliadky, vyhnite sa radom a za\u017eite autentick\u00e9 cestovanie bez sprostredkovate\u013eov.\",\"breadcrumb\":{\"@id\":\"https:\\\/\\\/officialguides.com\\\/sk\\\/#breadcrumb\"},\"inLanguage\":\"sk-SK\",\"potentialAction\":[{\"@type\":\"ReadAction\",\"target\":[\"https:\\\/\\\/officialguides.com\\\/sk\\\/\"]}]},{\"@type\":\"ImageObject\",\"inLanguage\":\"sk-SK\",\"@id\":\"https:\\\/\\\/officialguides.com\\\/sk\\\/#primaryimage\",\"url\":\"https:\\\/\\\/officialguides.com\\\/wp-content\\\/uploads\\\/2026\\\/01\\\/private-tours-and-guides.jpg\",\"contentUrl\":\"https:\\\/\\\/officialguides.com\\\/wp-content\\\/uploads\\\/2026\\\/01\\\/private-tours-and-guides.jpg\",\"width\":1024,\"height\":523,\"caption\":\"Autorizovan\u00e1 sprievodky\u0148a s licenciou sprievodcu ukazuje a rozpr\u00e1va rodine stojacej pred Koloseom v R\u00edme.\"},{\"@type\":\"BreadcrumbList\",\"@id\":\"https:\\\/\\\/officialguides.com\\\/sk\\\/#breadcrumb\",\"itemListElement\":[{\"@type\":\"ListItem\",\"position\":1,\"name\":\"Home\",\"item\":\"https:\\\/\\\/officialguides.com\\\/sk\\\/\"},{\"@type\":\"ListItem\",\"position\":2,\"name\":\"Spojte Sa Priamo S Ofici\u00e1lnymi Sprievodcami Po Celom Svete\"}]},{\"@type\":\"WebSite\",\"@id\":\"https:\\\/\\\/officialguides.com\\\/sk\\\/#website\",\"url\":\"https:\\\/\\\/officialguides.com\\\/sk\\\/\",\"name\":\"Official Tour Guides Around The World! Istanbul, Paris, Rome, Dubai...\",\"description\":\"Explore cities and popular destinations with professional, official, certified tour guides\",\"alternateName\":\"Official Guides\",\"potentialAction\":[{\"@type\":\"SearchAction\",\"target\":{\"@type\":\"EntryPoint\",\"urlTemplate\":\"https:\\\/\\\/officialguides.com\\\/sk\\\/?s={search_term_string}\"},\"query-input\":{\"@type\":\"PropertyValueSpecification\",\"valueRequired\":true,\"valueName\":\"search_term_string\"}}],\"inLanguage\":\"sk-SK\"}]}<\/script>\n<!-- \/ Yoast SEO plugin. -->","yoast_head_json":{"title":"Licencovan\u00ed sprievodcovia a s\u00fakromn\u00e9 prehliadky po svete | OfficialGuides","description":"Spojte sa priamo s ofici\u00e1lnymi a licencovan\u00fdmi sprievodcami v najlep\u0161\u00edch svetov\u00fdch destin\u00e1ci\u00e1ch. Rezervujte si personalizovan\u00e9 s\u00fakromn\u00e9 prehliadky, vyhnite sa radom a za\u017eite autentick\u00e9 cestovanie bez sprostredkovate\u013eov.","robots":{"index":"index","follow":"follow","max-snippet":"max-snippet:-1","max-image-preview":"max-image-preview:large","max-video-preview":"max-video-preview:-1"},"canonical":"https:\/\/officialguides.com\/sk\/","og_locale":"sk_SK","og_type":"article","og_title":"Licencovan\u00ed sprievodcovia a s\u00fakromn\u00e9 prehliadky po svete | OfficialGuides","og_description":"Spojte sa priamo s ofici\u00e1lnymi a licencovan\u00fdmi sprievodcami v najlep\u0161\u00edch svetov\u00fdch destin\u00e1ci\u00e1ch. Rezervujte si personalizovan\u00e9 s\u00fakromn\u00e9 prehliadky, vyhnite sa radom a za\u017eite autentick\u00e9 cestovanie bez sprostredkovate\u013eov.","og_url":"https:\/\/officialguides.com\/sk\/","og_site_name":"Find Your Private Tour Guide Around The World!","article_modified_time":"2026-02-01T17:42:44+00:00","og_image":[{"width":1024,"height":523,"url":"https:\/\/officialguides.com\/wp-content\/uploads\/2026\/01\/private-tours-and-guides.jpg","type":"image\/jpeg"}],"twitter_card":"summary_large_image","twitter_misc":{"Predpokladan\u00fd \u010das \u010d\u00edtania":"4 min\u00faty"},"schema":{"@context":"https:\/\/schema.org","@graph":[{"@type":"WebPage","@id":"https:\/\/officialguides.com\/sk\/","url":"https:\/\/officialguides.com\/sk\/","name":"Licencovan\u00ed sprievodcovia a s\u00fakromn\u00e9 prehliadky po svete | OfficialGuides","isPartOf":{"@id":"https:\/\/officialguides.com\/sk\/#website"},"primaryImageOfPage":{"@id":"https:\/\/officialguides.com\/sk\/#primaryimage"},"image":{"@id":"https:\/\/officialguides.com\/sk\/#primaryimage"},"thumbnailUrl":"https:\/\/officialguides.com\/wp-content\/uploads\/2026\/01\/private-tours-and-guides.jpg","datePublished":"2020-05-15T21:57:54+00:00","dateModified":"2026-02-01T17:42:44+00:00","description":"Spojte sa priamo s ofici\u00e1lnymi a licencovan\u00fdmi sprievodcami v najlep\u0161\u00edch svetov\u00fdch destin\u00e1ci\u00e1ch. Rezervujte si personalizovan\u00e9 s\u00fakromn\u00e9 prehliadky, vyhnite sa radom a za\u017eite autentick\u00e9 cestovanie bez sprostredkovate\u013eov.","breadcrumb":{"@id":"https:\/\/officialguides.com\/sk\/#breadcrumb"},"inLanguage":"sk-SK","potentialAction":[{"@type":"ReadAction","target":["https:\/\/officialguides.com\/sk\/"]}]},{"@type":"ImageObject","inLanguage":"sk-SK","@id":"https:\/\/officialguides.com\/sk\/#primaryimage","url":"https:\/\/officialguides.com\/wp-content\/uploads\/2026\/01\/private-tours-and-guides.jpg","contentUrl":"https:\/\/officialguides.com\/wp-content\/uploads\/2026\/01\/private-tours-and-guides.jpg","width":1024,"height":523,"caption":"Autorizovan\u00e1 sprievodky\u0148a s licenciou sprievodcu ukazuje a rozpr\u00e1va rodine stojacej pred Koloseom v R\u00edme."},{"@type":"BreadcrumbList","@id":"https:\/\/officialguides.com\/sk\/#breadcrumb","itemListElement":[{"@type":"ListItem","position":1,"name":"Home","item":"https:\/\/officialguides.com\/sk\/"},{"@type":"ListItem","position":2,"name":"Spojte Sa Priamo S Ofici\u00e1lnymi Sprievodcami Po Celom Svete"}]},{"@type":"WebSite","@id":"https:\/\/officialguides.com\/sk\/#website","url":"https:\/\/officialguides.com\/sk\/","name":"Official Tour Guides Around The World! Istanbul, Paris, Rome, Dubai...","description":"Explore cities and popular destinations with professional, official, certified tour guides","alternateName":"Official Guides","potentialAction":[{"@type":"SearchAction","target":{"@type":"EntryPoint","urlTemplate":"https:\/\/officialguides.com\/sk\/?s={search_term_string}"},"query-input":{"@type":"PropertyValueSpecification","valueRequired":true,"valueName":"search_term_string"}}],"inLanguage":"sk-SK"}]}},"_links":{"self":[{"href":"https:\/\/officialguides.com\/sk\/wp-json\/wp\/v2\/pages\/40264","targetHints":{"allow":["GET"]}}],"collection":[{"href":"https:\/\/officialguides.com\/sk\/wp-json\/wp\/v2\/pages"}],"about":[{"href":"https:\/\/officialguides.com\/sk\/wp-json\/wp\/v2\/types\/page"}],"author":[{"embeddable":true,"href":"https:\/\/officialguides.com\/sk\/wp-json\/wp\/v2\/users\/3"}],"replies":[{"embeddable":true,"href":"https:\/\/officialguides.com\/sk\/wp-json\/wp\/v2\/comments?post=40264"}],"version-history":[{"count":22,"href":"https:\/\/officialguides.com\/sk\/wp-json\/wp\/v2\/pages\/40264\/revisions"}],"predecessor-version":[{"id":398188,"href":"https:\/\/officialguides.com\/sk\/wp-json\/wp\/v2\/pages\/40264\/revisions\/398188"}],"wp:featuredmedia":[{"embeddable":true,"href":"https:\/\/officialguides.com\/sk\/wp-json\/wp\/v2\/media\/397764"}],"wp:attachment":[{"href":"https:\/\/officialguides.com\/sk\/wp-json\/wp\/v2\/media?parent=40264"}],"curies":[{"name":"wp","href":"https:\/\/api.w.org\/{rel}","templated":true}]}}