{"id":397949,"date":"2026-01-30T22:28:22","date_gmt":"2026-01-30T19:28:22","guid":{"rendered":"https:\/\/officialguides.com\/zasady-ochrany-osobnych-udajov\/"},"modified":"2026-01-30T22:28:22","modified_gmt":"2026-01-30T19:28:22","slug":"zasady-ochrany-osobnych-udajov","status":"publish","type":"page","link":"https:\/\/officialguides.com\/sk\/zasady-ochrany-osobnych-udajov\/","title":{"rendered":"Z\u00e1sady ochrany osobn\u00fdch \u00fadajov"},"content":{"rendered":"<h2 data-path-to-node=\"53\">1. Prev\u00e1dzkovate\u013e \u00fadajov<\/h2>\n<p data-path-to-node=\"54\">Prev\u00e1dzkovate\u013eom \u00fadajov pre t\u00fato webov\u00fa str\u00e1nku je <b data-path-to-node=\"54\" data-index-in-node=\"51\">OfficialGuides.com<\/b>. V pr\u00edpade ak\u00fdchko\u013evek ot\u00e1zok t\u00fdkaj\u00facich sa va\u0161ich osobn\u00fdch \u00fadajov n\u00e1s m\u00f4\u017eete kontaktova\u0165 na: <b data-path-to-node=\"54\" data-index-in-node=\"164\">info@officialguides.com<\/b>.<\/p>\n<h2 data-path-to-node=\"55\">2. Inform\u00e1cie, ktor\u00e9 zhroma\u017e\u010fujeme<\/h2>\n<p data-path-to-node=\"56\">Zhroma\u017e\u010fujeme iba nevyhnutn\u00e9 inform\u00e1cie na u\u013eah\u010denie spojenia medzi cestovate\u013emi a sprievodcami:<\/p>\n<ul data-path-to-node=\"57\">\n<li>\n<p data-path-to-node=\"57,0,0\"><b data-path-to-node=\"57,0,0\" data-index-in-node=\"0\">Pre cestovate\u013eov:<\/b> Meno, e-mailov\u00e1 adresa a telef\u00f3nne \u010d\u00edslo.<\/p>\n<\/li>\n<li>\n<p data-path-to-node=\"57,1,0\"><b data-path-to-node=\"57,1,0\" data-index-in-node=\"0\">Pre sprievodcov:<\/b> Meno, e-mail, telef\u00f3nne \u010d\u00edslo, profilov\u00e1 fotografia, biografia a dokumenty o odbornej licencii (v pr\u00edslu\u0161n\u00fdch pr\u00edpadoch).<\/p>\n<\/li>\n<\/ul>\n<h2 data-path-to-node=\"58\">3. Ako pou\u017e\u00edvame a zdie\u013eame va\u0161e \u00fadaje<\/h2>\n<p data-path-to-node=\"59\">OfficialGuides.com funguje ako trhovisko (marketplace). Va\u0161e \u00fadaje s\u00fa spracov\u00e1van\u00e9 nasledovne:<\/p>\n<ul data-path-to-node=\"60\">\n<li>\n<p data-path-to-node=\"60,0,0\"><b data-path-to-node=\"60,0,0\" data-index-in-node=\"0\">Interakcia na platforme:<\/b> Po\u010diato\u010dn\u00e1 komunik\u00e1cia prebieha prostredn\u00edctvom n\u00e1\u0161ho intern\u00e9ho syst\u00e9mu.<\/p>\n<\/li>\n<li>\n<p data-path-to-node=\"60,1,0\"><b data-path-to-node=\"60,1,0\" data-index-in-node=\"0\">Zdie\u013eanie kontaktov:<\/b> V\u00e1\u0161 e-mail a telef\u00f3nne \u010d\u00edslo <b data-path-to-node=\"60,1,0\" data-index-in-node=\"50\">nie s\u00fa<\/b> zdie\u013ean\u00e9, k\u00fdm pou\u017e\u00edvate\u013e v\u00fdslovne neklikne na tla\u010didlo <b data-path-to-node=\"60,1,0\" data-index-in-node=\"112\">\u201ePotvrdi\u0165\u201c (Confirm)<\/b>. T\u00fdmto \u00fakonom dobrovo\u013ene s\u00fahlas\u00edte so zdie\u013ean\u00edm svojich kontaktn\u00fdch \u00fadajov s druhou stranou.<\/p>\n<\/li>\n<li>\n<p data-path-to-node=\"60,2,0\"><b data-path-to-node=\"60,2,0\" data-index-in-node=\"0\">Analytika:<\/b> Pou\u017e\u00edvame <b data-path-to-node=\"60,2,0\" data-index-in-node=\"21\">Google Analytics<\/b> na anonymn\u00e9 sledovanie n\u00e1v\u0161tevnosti webu.<\/p>\n<\/li>\n<li>\n<p data-path-to-node=\"60,3,0\"><b data-path-to-node=\"60,3,0\" data-index-in-node=\"0\">\u017diadne platby:<\/b> Neshroma\u017e\u010fujeme ani neuchov\u00e1vame bankov\u00e9 \u00fadaje, preto\u017ee na na\u0161ej platforme neprebiehaj\u00fa \u017eiadne platby.<\/p>\n<\/li>\n<\/ul>\n<h2 data-path-to-node=\"61\">4. Uchov\u00e1vanie \u00fadajov<\/h2>\n<p data-path-to-node=\"62\">Va\u0161e osobn\u00e9 \u00fadaje uchov\u00e1vame po dobu <b data-path-to-node=\"62\" data-index-in-node=\"37\">1 roka<\/b> po uzavret\u00ed v\u00e1\u0161ho \u00fa\u010dtu. Po uplynut\u00ed tejto doby bud\u00fa va\u0161e \u00fadaje natrvalo odstr\u00e1nen\u00e9.<\/p>\n<h2 data-path-to-node=\"63\">5. Va\u0161e pr\u00e1va<\/h2>\n<p data-path-to-node=\"64\">M\u00e1te pr\u00e1vo na pr\u00edstup k svojim osobn\u00fdm \u00fadajom, ich opravu alebo vymazanie. Ak chcete uplatni\u0165 tieto pr\u00e1va, kontaktujte n\u00e1s na <b data-path-to-node=\"64\" data-index-in-node=\"126\">info@officialguides.com<\/b>.<\/p>\n","protected":false},"excerpt":{"rendered":"<p>1. Prev\u00e1dzkovate\u013e \u00fadajov Prev\u00e1dzkovate\u013eom \u00fadajov pre t\u00fato webov\u00fa str\u00e1nku je OfficialGuides.com. V pr\u00edpade ak\u00fdchko\u013evek ot\u00e1zok t\u00fdkaj\u00facich sa va\u0161ich osobn\u00fdch \u00fadajov n\u00e1s m\u00f4\u017eete kontaktova\u0165 na: info@officialguides.com. 2. Inform\u00e1cie, ktor\u00e9 zhroma\u017e\u010fujeme Zhroma\u017e\u010fujeme iba nevyhnutn\u00e9 inform\u00e1cie na u\u013eah\u010denie spojenia medzi cestovate\u013emi a sprievodcami: Pre cestovate\u013eov: Meno, e-mailov\u00e1 adresa a telef\u00f3nne \u010d\u00edslo. Pre sprievodcov: Meno, e-mail, telef\u00f3nne \u010d\u00edslo, profilov\u00e1 &#8230; <a title=\"Z\u00e1sady ochrany osobn\u00fdch \u00fadajov\" class=\"read-more\" href=\"https:\/\/officialguides.com\/sk\/zasady-ochrany-osobnych-udajov\/\" aria-label=\"Pre\u010d\u00edtajte si viac o Z\u00e1sady ochrany osobn\u00fdch \u00fadajov\">Read more<\/a><\/p>\n","protected":false},"author":3,"featured_media":0,"parent":0,"menu_order":0,"comment_status":"closed","ping_status":"closed","template":"","meta":{"_acf_changed":false,"footnotes":""},"class_list":["post-397949","page","type-page","status-publish"],"acf":[],"yoast_head":"<!-- This site is optimized with the Yoast SEO plugin v27.5 - https:\/\/yoast.com\/product\/yoast-seo-wordpress\/ -->\n<title>Z\u00e1sady ochrany osobn\u00fdch \u00fadajov | OfficialGuides.com<\/title>\n<meta name=\"description\" content=\"Pre\u010d\u00edtajte si, ako OfficialGuides.com chr\u00e1ni va\u0161e osobn\u00e9 \u00fadaje. Transparentn\u00e9 inform\u00e1cie pre cestovate\u013eov a sprievodcov.\" \/>\n<meta name=\"robots\" content=\"index, follow, max-snippet:-1, max-image-preview:large, max-video-preview:-1\" \/>\n<link rel=\"canonical\" href=\"https:\/\/officialguides.com\/sk\/zasady-ochrany-osobnych-udajov\/\" \/>\n<meta property=\"og:locale\" content=\"sk_SK\" \/>\n<meta property=\"og:type\" content=\"article\" \/>\n<meta property=\"og:title\" content=\"Z\u00e1sady ochrany osobn\u00fdch \u00fadajov | OfficialGuides.com\" \/>\n<meta property=\"og:description\" content=\"Pre\u010d\u00edtajte si, ako OfficialGuides.com chr\u00e1ni va\u0161e osobn\u00e9 \u00fadaje. Transparentn\u00e9 inform\u00e1cie pre cestovate\u013eov a sprievodcov.\" \/>\n<meta property=\"og:url\" content=\"https:\/\/officialguides.com\/sk\/zasady-ochrany-osobnych-udajov\/\" \/>\n<meta property=\"og:site_name\" content=\"Find Your Private Tour Guide Around The World!\" \/>\n<meta name=\"twitter:card\" content=\"summary_large_image\" \/>\n<meta name=\"twitter:label1\" content=\"Predpokladan\u00fd \u010das \u010d\u00edtania\" \/>\n\t<meta name=\"twitter:data1\" content=\"1 min\u00fata\" \/>\n<script type=\"application\/ld+json\" class=\"yoast-schema-graph\">{\"@context\":\"https:\\\/\\\/schema.org\",\"@graph\":[{\"@type\":\"WebPage\",\"@id\":\"https:\\\/\\\/officialguides.com\\\/sk\\\/zasady-ochrany-osobnych-udajov\\\/\",\"url\":\"https:\\\/\\\/officialguides.com\\\/sk\\\/zasady-ochrany-osobnych-udajov\\\/\",\"name\":\"Z\u00e1sady ochrany osobn\u00fdch \u00fadajov | OfficialGuides.com\",\"isPartOf\":{\"@id\":\"https:\\\/\\\/officialguides.com\\\/sk\\\/#website\"},\"datePublished\":\"2026-01-30T19:28:22+00:00\",\"description\":\"Pre\u010d\u00edtajte si, ako OfficialGuides.com chr\u00e1ni va\u0161e osobn\u00e9 \u00fadaje. Transparentn\u00e9 inform\u00e1cie pre cestovate\u013eov a sprievodcov.\",\"breadcrumb\":{\"@id\":\"https:\\\/\\\/officialguides.com\\\/sk\\\/zasady-ochrany-osobnych-udajov\\\/#breadcrumb\"},\"inLanguage\":\"sk-SK\",\"potentialAction\":[{\"@type\":\"ReadAction\",\"target\":[\"https:\\\/\\\/officialguides.com\\\/sk\\\/zasady-ochrany-osobnych-udajov\\\/\"]}]},{\"@type\":\"BreadcrumbList\",\"@id\":\"https:\\\/\\\/officialguides.com\\\/sk\\\/zasady-ochrany-osobnych-udajov\\\/#breadcrumb\",\"itemListElement\":[{\"@type\":\"ListItem\",\"position\":1,\"name\":\"Home\",\"item\":\"https:\\\/\\\/officialguides.com\\\/sk\\\/\"},{\"@type\":\"ListItem\",\"position\":2,\"name\":\"Z\u00e1sady ochrany osobn\u00fdch \u00fadajov\"}]},{\"@type\":\"WebSite\",\"@id\":\"https:\\\/\\\/officialguides.com\\\/sk\\\/#website\",\"url\":\"https:\\\/\\\/officialguides.com\\\/sk\\\/\",\"name\":\"Official Tour Guides Around The World! Istanbul, Paris, Rome, Dubai...\",\"description\":\"Explore cities and popular destinations with professional, official, certified tour guides\",\"alternateName\":\"Official Guides\",\"potentialAction\":[{\"@type\":\"SearchAction\",\"target\":{\"@type\":\"EntryPoint\",\"urlTemplate\":\"https:\\\/\\\/officialguides.com\\\/sk\\\/?s={search_term_string}\"},\"query-input\":{\"@type\":\"PropertyValueSpecification\",\"valueRequired\":true,\"valueName\":\"search_term_string\"}}],\"inLanguage\":\"sk-SK\"}]}<\/script>\n<!-- \/ Yoast SEO plugin. -->","yoast_head_json":{"title":"Z\u00e1sady ochrany osobn\u00fdch \u00fadajov | OfficialGuides.com","description":"Pre\u010d\u00edtajte si, ako OfficialGuides.com chr\u00e1ni va\u0161e osobn\u00e9 \u00fadaje. Transparentn\u00e9 inform\u00e1cie pre cestovate\u013eov a sprievodcov.","robots":{"index":"index","follow":"follow","max-snippet":"max-snippet:-1","max-image-preview":"max-image-preview:large","max-video-preview":"max-video-preview:-1"},"canonical":"https:\/\/officialguides.com\/sk\/zasady-ochrany-osobnych-udajov\/","og_locale":"sk_SK","og_type":"article","og_title":"Z\u00e1sady ochrany osobn\u00fdch \u00fadajov | OfficialGuides.com","og_description":"Pre\u010d\u00edtajte si, ako OfficialGuides.com chr\u00e1ni va\u0161e osobn\u00e9 \u00fadaje. Transparentn\u00e9 inform\u00e1cie pre cestovate\u013eov a sprievodcov.","og_url":"https:\/\/officialguides.com\/sk\/zasady-ochrany-osobnych-udajov\/","og_site_name":"Find Your Private Tour Guide Around The World!","twitter_card":"summary_large_image","twitter_misc":{"Predpokladan\u00fd \u010das \u010d\u00edtania":"1 min\u00fata"},"schema":{"@context":"https:\/\/schema.org","@graph":[{"@type":"WebPage","@id":"https:\/\/officialguides.com\/sk\/zasady-ochrany-osobnych-udajov\/","url":"https:\/\/officialguides.com\/sk\/zasady-ochrany-osobnych-udajov\/","name":"Z\u00e1sady ochrany osobn\u00fdch \u00fadajov | OfficialGuides.com","isPartOf":{"@id":"https:\/\/officialguides.com\/sk\/#website"},"datePublished":"2026-01-30T19:28:22+00:00","description":"Pre\u010d\u00edtajte si, ako OfficialGuides.com chr\u00e1ni va\u0161e osobn\u00e9 \u00fadaje. Transparentn\u00e9 inform\u00e1cie pre cestovate\u013eov a sprievodcov.","breadcrumb":{"@id":"https:\/\/officialguides.com\/sk\/zasady-ochrany-osobnych-udajov\/#breadcrumb"},"inLanguage":"sk-SK","potentialAction":[{"@type":"ReadAction","target":["https:\/\/officialguides.com\/sk\/zasady-ochrany-osobnych-udajov\/"]}]},{"@type":"BreadcrumbList","@id":"https:\/\/officialguides.com\/sk\/zasady-ochrany-osobnych-udajov\/#breadcrumb","itemListElement":[{"@type":"ListItem","position":1,"name":"Home","item":"https:\/\/officialguides.com\/sk\/"},{"@type":"ListItem","position":2,"name":"Z\u00e1sady ochrany osobn\u00fdch \u00fadajov"}]},{"@type":"WebSite","@id":"https:\/\/officialguides.com\/sk\/#website","url":"https:\/\/officialguides.com\/sk\/","name":"Official Tour Guides Around The World! Istanbul, Paris, Rome, Dubai...","description":"Explore cities and popular destinations with professional, official, certified tour guides","alternateName":"Official Guides","potentialAction":[{"@type":"SearchAction","target":{"@type":"EntryPoint","urlTemplate":"https:\/\/officialguides.com\/sk\/?s={search_term_string}"},"query-input":{"@type":"PropertyValueSpecification","valueRequired":true,"valueName":"search_term_string"}}],"inLanguage":"sk-SK"}]}},"_links":{"self":[{"href":"https:\/\/officialguides.com\/sk\/wp-json\/wp\/v2\/pages\/397949","targetHints":{"allow":["GET"]}}],"collection":[{"href":"https:\/\/officialguides.com\/sk\/wp-json\/wp\/v2\/pages"}],"about":[{"href":"https:\/\/officialguides.com\/sk\/wp-json\/wp\/v2\/types\/page"}],"author":[{"embeddable":true,"href":"https:\/\/officialguides.com\/sk\/wp-json\/wp\/v2\/users\/3"}],"replies":[{"embeddable":true,"href":"https:\/\/officialguides.com\/sk\/wp-json\/wp\/v2\/comments?post=397949"}],"version-history":[{"count":0,"href":"https:\/\/officialguides.com\/sk\/wp-json\/wp\/v2\/pages\/397949\/revisions"}],"wp:attachment":[{"href":"https:\/\/officialguides.com\/sk\/wp-json\/wp\/v2\/media?parent=397949"}],"curies":[{"name":"wp","href":"https:\/\/api.w.org\/{rel}","templated":true}]}}