{"id":394766,"date":"2025-04-18T20:58:03","date_gmt":"2025-04-18T17:58:03","guid":{"rendered":"https:\/\/officialguides.com\/medicinsky-turizmus\/"},"modified":"2025-04-18T20:58:03","modified_gmt":"2025-04-18T17:58:03","slug":"medicinsky-turizmus","status":"publish","type":"page","link":"https:\/\/officialguides.com\/sk\/medicinsky-turizmus\/","title":{"rendered":"Medic\u00ednsky Turizmus"},"content":{"rendered":"<h2 class=\"\" data-start=\"554\" data-end=\"594\">\ud83c\udf0d Medzin\u00e1rodn\u00fd Medic\u00ednsky Turizmus<\/h2>\n<p class=\"\" data-start=\"595\" data-end=\"696\"><strong data-start=\"595\" data-end=\"696\">Objavte d\u00f4veryhodn\u00e9 destin\u00e1cie zdravotnej turistiky s jasn\u00fdmi inform\u00e1ciami a kult\u00farnymi z\u00e1\u017eitkami<\/strong><\/p>\n<p class=\"\" data-start=\"698\" data-end=\"902\">Vitajte na platforme, ktor\u00e1 v\u00e1m pom\u00f4\u017ee presk\u00fama\u0165 najspo\u013eahlivej\u0161ie destin\u00e1cie <strong data-start=\"776\" data-end=\"815\">medzin\u00e1rodn\u00e9ho medic\u00ednskeho turizmu<\/strong>, kde sa kvalitn\u00e1 zdravotn\u00e1 starostlivos\u0165 sp\u00e1ja s autentick\u00fdmi kult\u00farnymi sk\u00fasenos\u0165ami.<\/p>\n<p class=\"\" data-start=\"904\" data-end=\"1185\">Na str\u00e1nke <strong data-start=\"915\" data-end=\"937\">officialguides.com<\/strong> poskytujeme v\u0161eobecn\u00e9 inform\u00e1cie o <strong data-start=\"973\" data-end=\"1043\">klinik\u00e1ch a nemocniciach, ktor\u00e9 prij\u00edmaj\u00fa medzin\u00e1rodn\u00fdch pacientov<\/strong>. Neposkytujeme samotn\u00fa lie\u010dbu, ale pom\u00e1hame v\u00e1m n\u00e1js\u0165 overen\u00e9 zdravotn\u00edcke zariadenia a doplni\u0165 va\u0161u cestu o z\u00e1\u017eitkov\u00e9 a turistick\u00e9 mo\u017enosti.<\/p>\n<hr class=\"\" data-start=\"1187\" data-end=\"1190\" \/>\n<h3 class=\"\" data-start=\"1192\" data-end=\"1232\">Pre\u010do si vybra\u0165 medic\u00ednsky turizmus?<\/h3>\n<p class=\"\" data-start=\"1234\" data-end=\"1326\">Mili\u00f3ny \u013eud\u00ed ka\u017edoro\u010dne cestuj\u00fa za lek\u00e1rskou starostlivos\u0165ou do zahrani\u010dia z t\u00fdchto d\u00f4vodov:<\/p>\n<ul>\n<li data-start=\"1330\" data-end=\"1391\">\ud83c\udfe5 Pr\u00edstup k akreditovan\u00fdm klinik\u00e1m a sk\u00fasen\u00fdm \u0161pecialistom<\/li>\n<li data-start=\"1394\" data-end=\"1438\">\ud83d\udcb0 Ni\u017e\u0161ie n\u00e1klady oproti domovskej krajine<\/li>\n<li data-start=\"1441\" data-end=\"1468\">\ud83d\udcc6 Krat\u0161ie \u010dakacie lehoty<\/li>\n<li data-start=\"1471\" data-end=\"1515\">\u2708\ufe0f Mo\u017enos\u0165 skombinova\u0165 lie\u010dbu s dovolenkou<\/li>\n<li data-start=\"1518\" data-end=\"1564\">\ud83d\udcac Viacjazy\u010dn\u00fd a pacientsky priate\u013esk\u00fd pr\u00edstup<\/li>\n<\/ul>\n<p class=\"\" data-start=\"1566\" data-end=\"1679\">Pom\u00f4\u017eeme v\u00e1m n\u00e1js\u0165 <strong data-start=\"1585\" data-end=\"1679\">krajiny zn\u00e1me vysokou kvalitou zdravotn\u00edctva a ochotou pracova\u0165 s pacientmi zo zahrani\u010dia.<\/strong><\/p>\n<hr class=\"\" data-start=\"1681\" data-end=\"1684\" \/>\n<h3 class=\"\" data-start=\"1686\" data-end=\"1722\">Naj\u017eiadanej\u0161ie Zdravotn\u00e9 Z\u00e1kroky<\/h3>\n<p class=\"\" data-start=\"1724\" data-end=\"1784\">Medzin\u00e1rodn\u00ed pacienti naj\u010dastej\u0161ie vyh\u013ead\u00e1vaj\u00fa tieto slu\u017eby:<\/p>\n<ul>\n<li data-start=\"1788\" data-end=\"1854\">\u2705 <strong data-start=\"1790\" data-end=\"1816\">Stomatologick\u00e9 z\u00e1kroky<\/strong> (implant\u00e1ty, fazety, dizajn \u00fasmevu)<\/li>\n<li data-start=\"1857\" data-end=\"1896\">\u2705 <strong data-start=\"1859\" data-end=\"1894\">Estetick\u00e1 a plastick\u00e1 chirurgia<\/strong><\/li>\n<li data-start=\"1899\" data-end=\"1928\">\u2705 <strong data-start=\"1901\" data-end=\"1926\">Transplant\u00e1cia vlasov<\/strong><\/li>\n<li data-start=\"1931\" data-end=\"1963\">\u2705 <strong data-start=\"1933\" data-end=\"1961\">Lie\u010dba neplodnosti (IVF)<\/strong><\/li>\n<li data-start=\"1966\" data-end=\"2006\">\u2705 <strong data-start=\"1968\" data-end=\"2004\">Ortopedick\u00e1 a chrbtov\u00e1 chirurgia<\/strong><\/li>\n<li data-start=\"2009\" data-end=\"2040\">\u2705 <strong data-start=\"2011\" data-end=\"2038\">Laserov\u00e9 a o\u010dn\u00e9 z\u00e1kroky<\/strong><\/li>\n<li data-start=\"2043\" data-end=\"2102\">\u2705 <strong data-start=\"2045\" data-end=\"2102\">Wellness programy, rehabilit\u00e1cia a anti-aging terapie<\/strong><\/li>\n<\/ul>\n<p class=\"\" data-start=\"2104\" data-end=\"2248\">\ud83d\udccc <em data-start=\"2107\" data-end=\"2248\">Pozn\u00e1mka: Neposkytujeme lek\u00e1rske rady ani nezaru\u010dujeme v\u00fdsledky lie\u010dby. V\u0161etky inform\u00e1cie s\u00fa ur\u010den\u00e9 len na informa\u010dn\u00e9 a porovn\u00e1vacie \u00fa\u010dely.<\/em><\/p>\n<hr class=\"\" data-start=\"2250\" data-end=\"2253\" \/>\n<h3 class=\"\" data-start=\"2255\" data-end=\"2301\">Odpor\u00fa\u010dan\u00e9 Krajiny pre Medic\u00ednsky Turizmus<\/h3>\n<p class=\"\" data-start=\"2303\" data-end=\"2387\">Predstavujeme krajiny, ktor\u00e9 poskytuj\u00fa kvalitn\u00fa starostlivos\u0165 zahrani\u010dn\u00fdm pacientom:<\/p>\n<ul>\n<li data-start=\"2391\" data-end=\"2569\">\ud83c\uddf9\ud83c\uddf7 <strong data-start=\"2396\" data-end=\"2407\">Turecko<\/strong> \u2013 estetick\u00e1 stomatol\u00f3gia, plastick\u00e1 chirurgia, o\u010dn\u00e9 z\u00e1kroky, transplant\u00e1cia org\u00e1nov, onkol\u00f3gia, kardiochirurgia, ortopedick\u00e1 chirurgia a umel\u00e9 oplodnenie (IVF)<\/li>\n<li data-start=\"2572\" data-end=\"2628\">\ud83c\udded\ud83c\uddfa <strong data-start=\"2577\" data-end=\"2589\">Ma\u010farsko<\/strong> \u2013 estetick\u00e1 stomatol\u00f3gia, ortodoncia<\/li>\n<li data-start=\"2631\" data-end=\"2694\">\ud83c\udded\ud83c\uddf7 <strong data-start=\"2636\" data-end=\"2650\">Chorv\u00e1tsko<\/strong> \u2013 zubn\u00e9 z\u00e1kroky, wellness a rehabilit\u00e1cia<\/li>\n<li data-start=\"2697\" data-end=\"2770\">\ud83c\uddf2\ud83c\uddfd <strong data-start=\"2702\" data-end=\"2712\">Mexiko<\/strong> \u2013 bariatrick\u00e1 chirurgia, kliniky pre lie\u010dbu neplodnosti<\/li>\n<li data-start=\"2773\" data-end=\"2837\">\ud83c\uddea\ud83c\uddf8 <strong data-start=\"2778\" data-end=\"2792\">\u0160panielsko<\/strong> \u2013 estetick\u00e1 chirurgia, anti-aging medic\u00edna<\/li>\n<li data-start=\"2840\" data-end=\"2897\">\ud83c\uddf9\ud83c\udded <strong data-start=\"2845\" data-end=\"2856\">Thajsko<\/strong> \u2013 medic\u00ednske k\u00fapele, estetick\u00e9 z\u00e1kroky<\/li>\n<li data-start=\"2900\" data-end=\"2964\">\ud83c\uddf0\ud83c\uddf7 <strong data-start=\"2905\" data-end=\"2920\">Ju\u017en\u00e1 K\u00f3rea<\/strong> \u2013 dermatol\u00f3gia, pokro\u010dil\u00e9 o\u0161etrenia tv\u00e1re<\/li>\n<li data-start=\"2967\" data-end=\"3030\">\ud83c\uddee\ud83c\uddf3 <strong data-start=\"2972\" data-end=\"2981\">India<\/strong> \u2013 ortop\u00e9dia, kardiochirurgia, ajurv\u00e9dske terapie<\/li>\n<\/ul>\n<p class=\"\" data-start=\"3032\" data-end=\"3133\">V\u0161etky uveden\u00e9 zariadenia s\u00fa <strong data-start=\"3061\" data-end=\"3082\">nez\u00e1visl\u00e9 kliniky<\/strong> s bohat\u00fdmi sk\u00fasenos\u0165ami so zahrani\u010dn\u00fdmi pacientmi.<\/p>\n<hr class=\"\" data-start=\"3135\" data-end=\"3138\" \/>\n<h3 class=\"\" data-start=\"3140\" data-end=\"3178\">Spojte Lie\u010dbu s Kult\u00farnym Z\u00e1\u017eitkom<\/h3>\n<p class=\"\" data-start=\"3180\" data-end=\"3474\">Okrem medic\u00ednskych inform\u00e1ci\u00ed v\u00e1m vieme sprostredkova\u0165 kontakt s <strong data-start=\"3245\" data-end=\"3275\">licencovan\u00fdmi sprievodcami<\/strong> vo viacer\u00fdch mest\u00e1ch.<br data-start=\"3297\" data-end=\"3300\" \/>\u010ci u\u017e ide o historick\u00fa prech\u00e1dzku v Istanbule, v\u00ednnu trasu v \u0160panielsku alebo panoramatick\u00fd v\u00fdlet popri Dunaji \u2013 obdobie zotavenia m\u00f4\u017ee by\u0165 obohacuj\u00facou s\u00fa\u010das\u0165ou va\u0161ej cesty.<\/p>\n<blockquote data-start=\"3476\" data-end=\"3575\">\n<p class=\"\" data-start=\"3478\" data-end=\"3575\">\ud83c\udfa7 <em data-start=\"3481\" data-end=\"3575\">S\u00fakromn\u00e9 prehliadky s\u00fa dobrovo\u013en\u00e9 a organizovan\u00e9 na po\u017eiadanie certifikovan\u00fdmi sprievodcami.<\/em><\/p>\n<\/blockquote>\n<hr class=\"\" data-start=\"3577\" data-end=\"3580\" \/>\n<h3 class=\"\" data-start=\"3582\" data-end=\"3618\">Nez\u00e1visl\u00e1 a Informa\u010dn\u00e1 Platforma<\/h3>\n<ul>\n<li data-start=\"3622\" data-end=\"3672\">\u2757 <strong data-start=\"3624\" data-end=\"3670\">Neodpor\u00fa\u010dame konkr\u00e9tne lie\u010dby ani postupy.<\/strong><\/li>\n<li data-start=\"3675\" data-end=\"3738\">\ud83c\udfe5 V\u00fdber kliniky, lek\u00e1ra a met\u00f3dy je v\u00fdhradne na u\u017e\u00edvate\u013eovi.<\/li>\n<li data-start=\"3741\" data-end=\"3809\">\ud83d\udcd1 V\u0161etky inform\u00e1cie s\u00fa nez\u00e1v\u00e4zn\u00e9 a maj\u00fa len informa\u010dn\u00fd charakter.<\/li>\n<li data-start=\"3812\" data-end=\"3878\">\ud83d\udee1\ufe0f <strong data-start=\"3816\" data-end=\"3878\">Nezodpoved\u00e1me za v\u00fdsledky lie\u010dby ani slu\u017eby tret\u00edch str\u00e1n.<\/strong><\/li>\n<\/ul>\n<hr class=\"\" data-start=\"3880\" data-end=\"3883\" \/>\n<h3 class=\"\" data-start=\"3885\" data-end=\"3911\">\u2709\ufe0f Chcete Vedie\u0165 Viac?<\/h3>\n<p class=\"\" data-start=\"3913\" data-end=\"4049\">Ak zva\u017eujete lie\u010dbu v zahrani\u010d\u00ed a chcete z\u00edska\u0165 viac inform\u00e1ci\u00ed o destin\u00e1ci\u00e1ch, klinik\u00e1ch alebo kult\u00farnych aktivit\u00e1ch \u2014 kontaktujte n\u00e1s.<\/p>\n<p class=\"\" data-start=\"4051\" data-end=\"4151\">\ud83d\udc49 <span style=\"text-decoration: underline;\"><strong data-start=\"4054\" data-end=\"4079\">KONTAKTUJTE N\u00c1S TERAZ<\/strong><\/span> \u2013 z\u00edskajte \u00favodn\u00fd preh\u013ead o mo\u017enostiach lie\u010dby a sprievodn\u00fdch slu\u017eb\u00e1ch.<\/p>\n<p data-start=\"4051\" data-end=\"4151\"><div class=\"wpforms-container wpforms-container-full\" id=\"wpforms-4263\"><form id=\"wpforms-form-4263\" class=\"wpforms-validate wpforms-form\" data-formid=\"4263\" method=\"post\" enctype=\"multipart\/form-data\" action=\"\/sk\/wp-json\/wp\/v2\/pages\/394766\" data-token=\"e55905b6665478818f3198ba995420eb\" data-token-time=\"1777279956\"><noscript class=\"wpforms-error-noscript\">Please enable JavaScript in your browser to complete this form.<\/noscript><div class=\"wpforms-field-container\"><div id=\"wpforms-4263-field_0-container\" class=\"wpforms-field wpforms-field-name\" data-field-id=\"0\"><label class=\"wpforms-field-label\">Name <span class=\"wpforms-required-label\">*<\/span><\/label><div class=\"wpforms-field-row wpforms-field-medium\"><div class=\"wpforms-field-row-block wpforms-first wpforms-one-half\"><input type=\"text\" id=\"wpforms-4263-field_0\" class=\"wpforms-field-name-first wpforms-field-required\" name=\"wpforms[fields][0][first]\" required><label for=\"wpforms-4263-field_0\" class=\"wpforms-field-sublabel after\">First<\/label><\/div><div class=\"wpforms-field-row-block wpforms-one-half\"><input type=\"text\" id=\"wpforms-4263-field_0-last\" class=\"wpforms-field-name-last wpforms-field-required\" name=\"wpforms[fields][0][last]\" required><label for=\"wpforms-4263-field_0-last\" class=\"wpforms-field-sublabel after\">Last<\/label><\/div><\/div><\/div><div id=\"wpforms-4263-field_1-container\" class=\"wpforms-field wpforms-field-email\" data-field-id=\"1\"><label class=\"wpforms-field-label\" for=\"wpforms-4263-field_1\">Email <span class=\"wpforms-required-label\">*<\/span><\/label><input type=\"email\" id=\"wpforms-4263-field_1\" class=\"wpforms-field-medium wpforms-field-required\" name=\"wpforms[fields][1]\" spellcheck=\"false\" required><\/div><div id=\"wpforms-4263-field_4-container\" class=\"wpforms-field wpforms-field-phone\" data-field-id=\"4\"><label class=\"wpforms-field-label\" for=\"wpforms-4263-field_4\">Mobile Phone<\/label><input type=\"tel\" id=\"wpforms-4263-field_4\" class=\"wpforms-field-medium wpforms-smart-phone-field\" data-rule-smart-phone-field=\"true\" name=\"wpforms[fields][4]\" aria-label=\"Mobile Phone\" ><\/div><div id=\"wpforms-4263-field_2-container\" class=\"wpforms-field wpforms-field-textarea\" data-field-id=\"2\"><label class=\"wpforms-field-label\" for=\"wpforms-4263-field_2\">Comment or Message <span class=\"wpforms-required-label\">*<\/span><\/label><textarea id=\"wpforms-4263-field_2\" class=\"wpforms-field-medium wpforms-field-required\" name=\"wpforms[fields][2]\" required><\/textarea><\/div><\/div><!-- .wpforms-field-container --><div class=\"wpforms-field wpforms-field-hp\"><label for=\"wpforms-4263-field-hp\" class=\"wpforms-field-label\">Message<\/label><input type=\"text\" name=\"wpforms[hp]\" id=\"wpforms-4263-field-hp\" class=\"wpforms-field-medium\"><\/div><div class=\"wpforms-recaptcha-container wpforms-is-recaptcha wpforms-is-recaptcha-type-v2\" ><div class=\"g-recaptcha\" data-sitekey=\"6LcUi_IZAAAAAPZECIskiqveM1KET8SQPPj592eW\"><\/div><input type=\"text\" name=\"g-recaptcha-hidden\" class=\"wpforms-recaptcha-hidden\" style=\"position:absolute!important;clip:rect(0,0,0,0)!important;height:1px!important;width:1px!important;border:0!important;overflow:hidden!important;padding:0!important;margin:0!important;\" data-rule-recaptcha=\"1\"><\/div><div class=\"wpforms-submit-container\" ><input type=\"hidden\" name=\"wpforms[id]\" value=\"4263\"><input type=\"hidden\" name=\"page_title\" value=\"\"><input type=\"hidden\" name=\"page_url\" value=\"https:\/\/officialguides.com\/sk\/wp-json\/wp\/v2\/pages\/394766\"><input type=\"hidden\" name=\"url_referer\" value=\"\"><button type=\"submit\" name=\"wpforms[submit]\" id=\"wpforms-submit-4263\" class=\"wpforms-submit\" data-alt-text=\"Sending...\" data-submit-text=\"Submit\" aria-live=\"assertive\" value=\"wpforms-submit\">Submit<\/button><\/div><\/form><\/div>  <!-- .wpforms-container --><\/p>\n","protected":false},"excerpt":{"rendered":"<p>\ud83c\udf0d Medzin\u00e1rodn\u00fd Medic\u00ednsky Turizmus Objavte d\u00f4veryhodn\u00e9 destin\u00e1cie zdravotnej turistiky s jasn\u00fdmi inform\u00e1ciami a kult\u00farnymi z\u00e1\u017eitkami Vitajte na platforme, ktor\u00e1 v\u00e1m pom\u00f4\u017ee presk\u00fama\u0165 najspo\u013eahlivej\u0161ie destin\u00e1cie medzin\u00e1rodn\u00e9ho medic\u00ednskeho turizmu, kde sa kvalitn\u00e1 zdravotn\u00e1 starostlivos\u0165 sp\u00e1ja s autentick\u00fdmi kult\u00farnymi sk\u00fasenos\u0165ami. Na str\u00e1nke officialguides.com poskytujeme v\u0161eobecn\u00e9 inform\u00e1cie o klinik\u00e1ch a nemocniciach, ktor\u00e9 prij\u00edmaj\u00fa medzin\u00e1rodn\u00fdch pacientov. Neposkytujeme samotn\u00fa lie\u010dbu, ale &#8230; <a title=\"Medic\u00ednsky Turizmus\" class=\"read-more\" href=\"https:\/\/officialguides.com\/sk\/medicinsky-turizmus\/\" aria-label=\"Pre\u010d\u00edtajte si viac o Medic\u00ednsky Turizmus\">Read more<\/a><\/p>\n","protected":false},"author":3,"featured_media":394732,"parent":0,"menu_order":0,"comment_status":"closed","ping_status":"closed","template":"","meta":{"_acf_changed":false,"footnotes":""},"class_list":["post-394766","page","type-page","status-publish","has-post-thumbnail"],"acf":[],"yoast_head":"<!-- This site is optimized with the Yoast SEO plugin v27.4 - https:\/\/yoast.com\/product\/yoast-seo-wordpress\/ -->\n<title>Medzin\u00e1rodn\u00fd Medic\u00ednsky Turizmus \u2013 Spo\u013eahliv\u00e9 Kliniky &amp; Kult\u00farne Z\u00e1\u017eitky<\/title>\n<meta name=\"description\" content=\"Objavte popredn\u00e9 destin\u00e1cie zdravotnej turistiky. Porovnajte medzin\u00e1rodn\u00e9 kliniky a spojte lie\u010dbu s autentick\u00fdmi cestovate\u013esk\u00fdmi z\u00e1\u017eitkami.\" \/>\n<meta name=\"robots\" content=\"index, follow, max-snippet:-1, max-image-preview:large, max-video-preview:-1\" \/>\n<link rel=\"canonical\" href=\"https:\/\/officialguides.com\/sk\/medicinsky-turizmus\/\" \/>\n<meta property=\"og:locale\" content=\"sk_SK\" \/>\n<meta property=\"og:type\" content=\"article\" \/>\n<meta property=\"og:title\" content=\"Medzin\u00e1rodn\u00fd Medic\u00ednsky Turizmus \u2013 Spo\u013eahliv\u00e9 Kliniky &amp; Kult\u00farne Z\u00e1\u017eitky\" \/>\n<meta property=\"og:description\" content=\"Objavte popredn\u00e9 destin\u00e1cie zdravotnej turistiky. Porovnajte medzin\u00e1rodn\u00e9 kliniky a spojte lie\u010dbu s autentick\u00fdmi cestovate\u013esk\u00fdmi z\u00e1\u017eitkami.\" \/>\n<meta property=\"og:url\" content=\"https:\/\/officialguides.com\/sk\/medicinsky-turizmus\/\" \/>\n<meta property=\"og:site_name\" content=\"Find Your Private Tour Guide Around The World!\" \/>\n<meta property=\"og:image\" content=\"https:\/\/officialguides.com\/wp-content\/uploads\/2025\/04\/medical-tourism.jpg\" \/>\n\t<meta property=\"og:image:width\" content=\"1023\" \/>\n\t<meta property=\"og:image:height\" content=\"373\" \/>\n\t<meta property=\"og:image:type\" content=\"image\/jpeg\" \/>\n<meta name=\"twitter:card\" content=\"summary_large_image\" \/>\n<meta name=\"twitter:label1\" content=\"Predpokladan\u00fd \u010das \u010d\u00edtania\" \/>\n\t<meta name=\"twitter:data1\" content=\"3 min\u00faty\" \/>\n<script type=\"application\/ld+json\" class=\"yoast-schema-graph\">{\"@context\":\"https:\\\/\\\/schema.org\",\"@graph\":[{\"@type\":\"WebPage\",\"@id\":\"https:\\\/\\\/officialguides.com\\\/sk\\\/medicinsky-turizmus\\\/\",\"url\":\"https:\\\/\\\/officialguides.com\\\/sk\\\/medicinsky-turizmus\\\/\",\"name\":\"Medzin\u00e1rodn\u00fd Medic\u00ednsky Turizmus \u2013 Spo\u013eahliv\u00e9 Kliniky & Kult\u00farne Z\u00e1\u017eitky\",\"isPartOf\":{\"@id\":\"https:\\\/\\\/officialguides.com\\\/sk\\\/#website\"},\"primaryImageOfPage\":{\"@id\":\"https:\\\/\\\/officialguides.com\\\/sk\\\/medicinsky-turizmus\\\/#primaryimage\"},\"image\":{\"@id\":\"https:\\\/\\\/officialguides.com\\\/sk\\\/medicinsky-turizmus\\\/#primaryimage\"},\"thumbnailUrl\":\"https:\\\/\\\/officialguides.com\\\/wp-content\\\/uploads\\\/2025\\\/04\\\/medical-tourism.jpg\",\"datePublished\":\"2025-04-18T17:58:03+00:00\",\"description\":\"Objavte popredn\u00e9 destin\u00e1cie zdravotnej turistiky. Porovnajte medzin\u00e1rodn\u00e9 kliniky a spojte lie\u010dbu s autentick\u00fdmi cestovate\u013esk\u00fdmi z\u00e1\u017eitkami.\",\"breadcrumb\":{\"@id\":\"https:\\\/\\\/officialguides.com\\\/sk\\\/medicinsky-turizmus\\\/#breadcrumb\"},\"inLanguage\":\"sk-SK\",\"potentialAction\":[{\"@type\":\"ReadAction\",\"target\":[\"https:\\\/\\\/officialguides.com\\\/sk\\\/medicinsky-turizmus\\\/\"]}]},{\"@type\":\"ImageObject\",\"inLanguage\":\"sk-SK\",\"@id\":\"https:\\\/\\\/officialguides.com\\\/sk\\\/medicinsky-turizmus\\\/#primaryimage\",\"url\":\"https:\\\/\\\/officialguides.com\\\/wp-content\\\/uploads\\\/2025\\\/04\\\/medical-tourism.jpg\",\"contentUrl\":\"https:\\\/\\\/officialguides.com\\\/wp-content\\\/uploads\\\/2025\\\/04\\\/medical-tourism.jpg\",\"width\":1023,\"height\":373,\"caption\":\"Zahrani\u010dn\u00fd pacient \u010d\u00edta zdravotn\u00e9 inform\u00e1cie po\u010das kult\u00farnej prehliadky\"},{\"@type\":\"BreadcrumbList\",\"@id\":\"https:\\\/\\\/officialguides.com\\\/sk\\\/medicinsky-turizmus\\\/#breadcrumb\",\"itemListElement\":[{\"@type\":\"ListItem\",\"position\":1,\"name\":\"Home\",\"item\":\"https:\\\/\\\/officialguides.com\\\/sk\\\/\"},{\"@type\":\"ListItem\",\"position\":2,\"name\":\"Medic\u00ednsky Turizmus\"}]},{\"@type\":\"WebSite\",\"@id\":\"https:\\\/\\\/officialguides.com\\\/sk\\\/#website\",\"url\":\"https:\\\/\\\/officialguides.com\\\/sk\\\/\",\"name\":\"Official Tour Guides Around The World! Istanbul, Paris, Rome, Dubai...\",\"description\":\"Explore cities and popular destinations with professional, official, certified tour guides\",\"alternateName\":\"Official Guides\",\"potentialAction\":[{\"@type\":\"SearchAction\",\"target\":{\"@type\":\"EntryPoint\",\"urlTemplate\":\"https:\\\/\\\/officialguides.com\\\/sk\\\/?s={search_term_string}\"},\"query-input\":{\"@type\":\"PropertyValueSpecification\",\"valueRequired\":true,\"valueName\":\"search_term_string\"}}],\"inLanguage\":\"sk-SK\"}]}<\/script>\n<!-- \/ Yoast SEO plugin. -->","yoast_head_json":{"title":"Medzin\u00e1rodn\u00fd Medic\u00ednsky Turizmus \u2013 Spo\u013eahliv\u00e9 Kliniky & Kult\u00farne Z\u00e1\u017eitky","description":"Objavte popredn\u00e9 destin\u00e1cie zdravotnej turistiky. Porovnajte medzin\u00e1rodn\u00e9 kliniky a spojte lie\u010dbu s autentick\u00fdmi cestovate\u013esk\u00fdmi z\u00e1\u017eitkami.","robots":{"index":"index","follow":"follow","max-snippet":"max-snippet:-1","max-image-preview":"max-image-preview:large","max-video-preview":"max-video-preview:-1"},"canonical":"https:\/\/officialguides.com\/sk\/medicinsky-turizmus\/","og_locale":"sk_SK","og_type":"article","og_title":"Medzin\u00e1rodn\u00fd Medic\u00ednsky Turizmus \u2013 Spo\u013eahliv\u00e9 Kliniky & Kult\u00farne Z\u00e1\u017eitky","og_description":"Objavte popredn\u00e9 destin\u00e1cie zdravotnej turistiky. Porovnajte medzin\u00e1rodn\u00e9 kliniky a spojte lie\u010dbu s autentick\u00fdmi cestovate\u013esk\u00fdmi z\u00e1\u017eitkami.","og_url":"https:\/\/officialguides.com\/sk\/medicinsky-turizmus\/","og_site_name":"Find Your Private Tour Guide Around The World!","og_image":[{"width":1023,"height":373,"url":"https:\/\/officialguides.com\/wp-content\/uploads\/2025\/04\/medical-tourism.jpg","type":"image\/jpeg"}],"twitter_card":"summary_large_image","twitter_misc":{"Predpokladan\u00fd \u010das \u010d\u00edtania":"3 min\u00faty"},"schema":{"@context":"https:\/\/schema.org","@graph":[{"@type":"WebPage","@id":"https:\/\/officialguides.com\/sk\/medicinsky-turizmus\/","url":"https:\/\/officialguides.com\/sk\/medicinsky-turizmus\/","name":"Medzin\u00e1rodn\u00fd Medic\u00ednsky Turizmus \u2013 Spo\u013eahliv\u00e9 Kliniky & Kult\u00farne Z\u00e1\u017eitky","isPartOf":{"@id":"https:\/\/officialguides.com\/sk\/#website"},"primaryImageOfPage":{"@id":"https:\/\/officialguides.com\/sk\/medicinsky-turizmus\/#primaryimage"},"image":{"@id":"https:\/\/officialguides.com\/sk\/medicinsky-turizmus\/#primaryimage"},"thumbnailUrl":"https:\/\/officialguides.com\/wp-content\/uploads\/2025\/04\/medical-tourism.jpg","datePublished":"2025-04-18T17:58:03+00:00","description":"Objavte popredn\u00e9 destin\u00e1cie zdravotnej turistiky. Porovnajte medzin\u00e1rodn\u00e9 kliniky a spojte lie\u010dbu s autentick\u00fdmi cestovate\u013esk\u00fdmi z\u00e1\u017eitkami.","breadcrumb":{"@id":"https:\/\/officialguides.com\/sk\/medicinsky-turizmus\/#breadcrumb"},"inLanguage":"sk-SK","potentialAction":[{"@type":"ReadAction","target":["https:\/\/officialguides.com\/sk\/medicinsky-turizmus\/"]}]},{"@type":"ImageObject","inLanguage":"sk-SK","@id":"https:\/\/officialguides.com\/sk\/medicinsky-turizmus\/#primaryimage","url":"https:\/\/officialguides.com\/wp-content\/uploads\/2025\/04\/medical-tourism.jpg","contentUrl":"https:\/\/officialguides.com\/wp-content\/uploads\/2025\/04\/medical-tourism.jpg","width":1023,"height":373,"caption":"Zahrani\u010dn\u00fd pacient \u010d\u00edta zdravotn\u00e9 inform\u00e1cie po\u010das kult\u00farnej prehliadky"},{"@type":"BreadcrumbList","@id":"https:\/\/officialguides.com\/sk\/medicinsky-turizmus\/#breadcrumb","itemListElement":[{"@type":"ListItem","position":1,"name":"Home","item":"https:\/\/officialguides.com\/sk\/"},{"@type":"ListItem","position":2,"name":"Medic\u00ednsky Turizmus"}]},{"@type":"WebSite","@id":"https:\/\/officialguides.com\/sk\/#website","url":"https:\/\/officialguides.com\/sk\/","name":"Official Tour Guides Around The World! Istanbul, Paris, Rome, Dubai...","description":"Explore cities and popular destinations with professional, official, certified tour guides","alternateName":"Official Guides","potentialAction":[{"@type":"SearchAction","target":{"@type":"EntryPoint","urlTemplate":"https:\/\/officialguides.com\/sk\/?s={search_term_string}"},"query-input":{"@type":"PropertyValueSpecification","valueRequired":true,"valueName":"search_term_string"}}],"inLanguage":"sk-SK"}]}},"_links":{"self":[{"href":"https:\/\/officialguides.com\/sk\/wp-json\/wp\/v2\/pages\/394766","targetHints":{"allow":["GET"]}}],"collection":[{"href":"https:\/\/officialguides.com\/sk\/wp-json\/wp\/v2\/pages"}],"about":[{"href":"https:\/\/officialguides.com\/sk\/wp-json\/wp\/v2\/types\/page"}],"author":[{"embeddable":true,"href":"https:\/\/officialguides.com\/sk\/wp-json\/wp\/v2\/users\/3"}],"replies":[{"embeddable":true,"href":"https:\/\/officialguides.com\/sk\/wp-json\/wp\/v2\/comments?post=394766"}],"version-history":[{"count":0,"href":"https:\/\/officialguides.com\/sk\/wp-json\/wp\/v2\/pages\/394766\/revisions"}],"wp:featuredmedia":[{"embeddable":true,"href":"https:\/\/officialguides.com\/sk\/wp-json\/wp\/v2\/media\/394732"}],"wp:attachment":[{"href":"https:\/\/officialguides.com\/sk\/wp-json\/wp\/v2\/media?parent=394766"}],"curies":[{"name":"wp","href":"https:\/\/api.w.org\/{rel}","templated":true}]}}