{"id":397946,"date":"2026-01-30T22:22:36","date_gmt":"2026-01-30T19:22:36","guid":{"rendered":"https:\/\/officialguides.com\/politica-confidentialitate\/"},"modified":"2026-01-30T22:22:36","modified_gmt":"2026-01-30T19:22:36","slug":"politica-confidentialitate","status":"publish","type":"page","link":"https:\/\/officialguides.com\/ro\/politica-confidentialitate\/","title":{"rendered":"Politic\u0103 de Confiden\u021bialitate"},"content":{"rendered":"<h2 data-path-to-node=\"5\">1. Operatorul de date<\/h2>\n<p data-path-to-node=\"6\">Operatorul de date pentru acest site web este <b data-path-to-node=\"6\" data-index-in-node=\"46\">OfficialGuides.com<\/b>. Pentru orice \u00eentreb\u0103ri referitoare la datele dumneavoastr\u0103 personale, ne pute\u021bi contacta la: <b data-path-to-node=\"6\" data-index-in-node=\"159\">info@officialguides.com<\/b>.<\/p>\n<h2 data-path-to-node=\"7\">2. Informa\u021bii pe care le colect\u0103m<\/h2>\n<p data-path-to-node=\"8\">Colect\u0103m doar informa\u021biile necesare pentru a facilita leg\u0103tura dintre c\u0103l\u0103tori \u0219i ghizi:<\/p>\n<ul data-path-to-node=\"9\">\n<li>\n<p data-path-to-node=\"9,0,0\"><b data-path-to-node=\"9,0,0\" data-index-in-node=\"0\">Pentru c\u0103l\u0103tori:<\/b> Nume, adres\u0103 de e-mail \u0219i num\u0103r de telefon.<\/p>\n<\/li>\n<li>\n<p data-path-to-node=\"9,1,0\"><b data-path-to-node=\"9,1,0\" data-index-in-node=\"0\">Pentru ghizi:<\/b> Nume, e-mail, num\u0103r de telefon, fotografie de profil, biografie \u0219i documente de licen\u021b\u0103 profesional\u0103 (acolo unde este cazul).<\/p>\n<\/li>\n<\/ul>\n<h2 data-path-to-node=\"10\">3. Cum utiliz\u0103m \u0219i partaj\u0103m datele dumneavoastr\u0103<\/h2>\n<p data-path-to-node=\"11\">OfficialGuides.com func\u021bioneaz\u0103 ca o pia\u021b\u0103 online (marketplace). Datele dumneavoastr\u0103 sunt procesate dup\u0103 cum urmeaz\u0103:<\/p>\n<ul data-path-to-node=\"12\">\n<li>\n<p data-path-to-node=\"12,0,0\"><b data-path-to-node=\"12,0,0\" data-index-in-node=\"0\">Interac\u021biunea pe platform\u0103:<\/b> Comunicarea ini\u021bial\u0103 are loc prin sistemul nostru intern.<\/p>\n<\/li>\n<li>\n<p data-path-to-node=\"12,1,0\"><b data-path-to-node=\"12,1,0\" data-index-in-node=\"0\">Partajarea contactelor:<\/b> E-mailul \u0219i num\u0103rul de telefon <b data-path-to-node=\"12,1,0\" data-index-in-node=\"55\">nu<\/b> sunt partajate p\u00e2n\u0103 c\u00e2nd un utilizator nu apas\u0103 explicit butonul <b data-path-to-node=\"12,1,0\" data-index-in-node=\"123\">&#8222;Confirmare&#8221; (Confirm)<\/b>. Proced\u00e2nd astfel, sunte\u021bi de acord voluntar s\u0103 partaja\u021bi datele de contact cu cealalt\u0103 parte.<\/p>\n<\/li>\n<li>\n<p data-path-to-node=\"12,2,0\"><b data-path-to-node=\"12,2,0\" data-index-in-node=\"0\">Analiz\u0103:<\/b> Utiliz\u0103m <b data-path-to-node=\"12,2,0\" data-index-in-node=\"18\">Google Analytics<\/b> pentru a monitoriza traficul site-ului \u00een mod anonim.<\/p>\n<\/li>\n<li>\n<p data-path-to-node=\"12,3,0\"><b data-path-to-node=\"12,3,0\" data-index-in-node=\"0\">F\u0103r\u0103 pl\u0103\u021bi:<\/b> Nu colect\u0103m \u0219i nu stoc\u0103m date bancare, deoarece pe platforma noastr\u0103 nu se proceseaz\u0103 pl\u0103\u021bi.<\/p>\n<\/li>\n<\/ul>\n<h2 data-path-to-node=\"13\">4. Reten\u021bia datelor<\/h2>\n<p data-path-to-node=\"14\">P\u0103str\u0103m datele dumneavoastr\u0103 personale timp de <b data-path-to-node=\"14\" data-index-in-node=\"47\">1 an<\/b> dup\u0103 \u00eenchiderea contului. Dup\u0103 aceast\u0103 perioad\u0103, datele sunt \u0219terse definitiv.<\/p>\n<h2 data-path-to-node=\"15\">5. Drepturile dumneavoastr\u0103<\/h2>\n<p data-path-to-node=\"16\">Ave\u021bi dreptul de a accesa, corecta sau \u0219terge datele dumneavoastr\u0103 personale. Pentru a exercita aceste drepturi, v\u0103 rug\u0103m s\u0103 ne contacta\u021bi la <b data-path-to-node=\"16\" data-index-in-node=\"142\">info@officialguides.com<\/b>.<\/p>\n","protected":false},"excerpt":{"rendered":"<p>1. Operatorul de date Operatorul de date pentru acest site web este OfficialGuides.com. Pentru orice \u00eentreb\u0103ri referitoare la datele dumneavoastr\u0103 personale, ne pute\u021bi contacta la: info@officialguides.com. 2. Informa\u021bii pe care le colect\u0103m Colect\u0103m doar informa\u021biile necesare pentru a facilita leg\u0103tura dintre c\u0103l\u0103tori \u0219i ghizi: Pentru c\u0103l\u0103tori: Nume, adres\u0103 de e-mail \u0219i num\u0103r de telefon. Pentru &#8230; <a title=\"Politic\u0103 de Confiden\u021bialitate\" class=\"read-more\" href=\"https:\/\/officialguides.com\/ro\/politica-confidentialitate\/\" aria-label=\"Cite\u0219te mai multe despre Politic\u0103 de Confiden\u021bialitate\">Read more<\/a><\/p>\n","protected":false},"author":3,"featured_media":0,"parent":0,"menu_order":0,"comment_status":"closed","ping_status":"closed","template":"","meta":{"_acf_changed":false,"footnotes":""},"class_list":["post-397946","page","type-page","status-publish"],"acf":[],"yoast_head":"<!-- This site is optimized with the Yoast SEO plugin v27.5 - https:\/\/yoast.com\/product\/yoast-seo-wordpress\/ -->\n<title>Politic\u0103 de Confiden\u021bialitate | OfficialGuides.com<\/title>\n<meta name=\"description\" content=\"Afla\u021bi cum OfficialGuides.com v\u0103 protejeaz\u0103 datele. Informa\u021bii transparente pentru c\u0103l\u0103tori \u0219i ghizi licen\u021bia\u021bi.\" \/>\n<meta name=\"robots\" content=\"index, follow, max-snippet:-1, max-image-preview:large, max-video-preview:-1\" \/>\n<link rel=\"canonical\" href=\"https:\/\/officialguides.com\/ro\/politica-confidentialitate\/\" \/>\n<meta property=\"og:locale\" content=\"ro_RO\" \/>\n<meta property=\"og:type\" content=\"article\" \/>\n<meta property=\"og:title\" content=\"Politic\u0103 de Confiden\u021bialitate | OfficialGuides.com\" \/>\n<meta property=\"og:description\" content=\"Afla\u021bi cum OfficialGuides.com v\u0103 protejeaz\u0103 datele. Informa\u021bii transparente pentru c\u0103l\u0103tori \u0219i ghizi licen\u021bia\u021bi.\" \/>\n<meta property=\"og:url\" content=\"https:\/\/officialguides.com\/ro\/politica-confidentialitate\/\" \/>\n<meta property=\"og:site_name\" content=\"Find Your Private Tour Guide Around The World!\" \/>\n<meta name=\"twitter:card\" content=\"summary_large_image\" \/>\n<meta name=\"twitter:label1\" content=\"Timp estimat pentru citire\" \/>\n\t<meta name=\"twitter:data1\" content=\"1 minut\" \/>\n<script type=\"application\/ld+json\" class=\"yoast-schema-graph\">{\"@context\":\"https:\\\/\\\/schema.org\",\"@graph\":[{\"@type\":\"WebPage\",\"@id\":\"https:\\\/\\\/officialguides.com\\\/ro\\\/politica-confidentialitate\\\/\",\"url\":\"https:\\\/\\\/officialguides.com\\\/ro\\\/politica-confidentialitate\\\/\",\"name\":\"Politic\u0103 de Confiden\u021bialitate | OfficialGuides.com\",\"isPartOf\":{\"@id\":\"https:\\\/\\\/officialguides.com\\\/ro\\\/#website\"},\"datePublished\":\"2026-01-30T19:22:36+00:00\",\"description\":\"Afla\u021bi cum OfficialGuides.com v\u0103 protejeaz\u0103 datele. Informa\u021bii transparente pentru c\u0103l\u0103tori \u0219i ghizi licen\u021bia\u021bi.\",\"breadcrumb\":{\"@id\":\"https:\\\/\\\/officialguides.com\\\/ro\\\/politica-confidentialitate\\\/#breadcrumb\"},\"inLanguage\":\"ro-RO\",\"potentialAction\":[{\"@type\":\"ReadAction\",\"target\":[\"https:\\\/\\\/officialguides.com\\\/ro\\\/politica-confidentialitate\\\/\"]}]},{\"@type\":\"BreadcrumbList\",\"@id\":\"https:\\\/\\\/officialguides.com\\\/ro\\\/politica-confidentialitate\\\/#breadcrumb\",\"itemListElement\":[{\"@type\":\"ListItem\",\"position\":1,\"name\":\"Home\",\"item\":\"https:\\\/\\\/officialguides.com\\\/ro\\\/\"},{\"@type\":\"ListItem\",\"position\":2,\"name\":\"Politic\u0103 de Confiden\u021bialitate\"}]},{\"@type\":\"WebSite\",\"@id\":\"https:\\\/\\\/officialguides.com\\\/ro\\\/#website\",\"url\":\"https:\\\/\\\/officialguides.com\\\/ro\\\/\",\"name\":\"Official Tour Guides Around The World! Istanbul, Paris, Rome, Dubai...\",\"description\":\"Explore cities and popular destinations with professional, official, certified tour guides\",\"alternateName\":\"Official Guides\",\"potentialAction\":[{\"@type\":\"SearchAction\",\"target\":{\"@type\":\"EntryPoint\",\"urlTemplate\":\"https:\\\/\\\/officialguides.com\\\/ro\\\/?s={search_term_string}\"},\"query-input\":{\"@type\":\"PropertyValueSpecification\",\"valueRequired\":true,\"valueName\":\"search_term_string\"}}],\"inLanguage\":\"ro-RO\"}]}<\/script>\n<!-- \/ Yoast SEO plugin. -->","yoast_head_json":{"title":"Politic\u0103 de Confiden\u021bialitate | OfficialGuides.com","description":"Afla\u021bi cum OfficialGuides.com v\u0103 protejeaz\u0103 datele. Informa\u021bii transparente pentru c\u0103l\u0103tori \u0219i ghizi licen\u021bia\u021bi.","robots":{"index":"index","follow":"follow","max-snippet":"max-snippet:-1","max-image-preview":"max-image-preview:large","max-video-preview":"max-video-preview:-1"},"canonical":"https:\/\/officialguides.com\/ro\/politica-confidentialitate\/","og_locale":"ro_RO","og_type":"article","og_title":"Politic\u0103 de Confiden\u021bialitate | OfficialGuides.com","og_description":"Afla\u021bi cum OfficialGuides.com v\u0103 protejeaz\u0103 datele. Informa\u021bii transparente pentru c\u0103l\u0103tori \u0219i ghizi licen\u021bia\u021bi.","og_url":"https:\/\/officialguides.com\/ro\/politica-confidentialitate\/","og_site_name":"Find Your Private Tour Guide Around The World!","twitter_card":"summary_large_image","twitter_misc":{"Timp estimat pentru citire":"1 minut"},"schema":{"@context":"https:\/\/schema.org","@graph":[{"@type":"WebPage","@id":"https:\/\/officialguides.com\/ro\/politica-confidentialitate\/","url":"https:\/\/officialguides.com\/ro\/politica-confidentialitate\/","name":"Politic\u0103 de Confiden\u021bialitate | OfficialGuides.com","isPartOf":{"@id":"https:\/\/officialguides.com\/ro\/#website"},"datePublished":"2026-01-30T19:22:36+00:00","description":"Afla\u021bi cum OfficialGuides.com v\u0103 protejeaz\u0103 datele. Informa\u021bii transparente pentru c\u0103l\u0103tori \u0219i ghizi licen\u021bia\u021bi.","breadcrumb":{"@id":"https:\/\/officialguides.com\/ro\/politica-confidentialitate\/#breadcrumb"},"inLanguage":"ro-RO","potentialAction":[{"@type":"ReadAction","target":["https:\/\/officialguides.com\/ro\/politica-confidentialitate\/"]}]},{"@type":"BreadcrumbList","@id":"https:\/\/officialguides.com\/ro\/politica-confidentialitate\/#breadcrumb","itemListElement":[{"@type":"ListItem","position":1,"name":"Home","item":"https:\/\/officialguides.com\/ro\/"},{"@type":"ListItem","position":2,"name":"Politic\u0103 de Confiden\u021bialitate"}]},{"@type":"WebSite","@id":"https:\/\/officialguides.com\/ro\/#website","url":"https:\/\/officialguides.com\/ro\/","name":"Official Tour Guides Around The World! Istanbul, Paris, Rome, Dubai...","description":"Explore cities and popular destinations with professional, official, certified tour guides","alternateName":"Official Guides","potentialAction":[{"@type":"SearchAction","target":{"@type":"EntryPoint","urlTemplate":"https:\/\/officialguides.com\/ro\/?s={search_term_string}"},"query-input":{"@type":"PropertyValueSpecification","valueRequired":true,"valueName":"search_term_string"}}],"inLanguage":"ro-RO"}]}},"_links":{"self":[{"href":"https:\/\/officialguides.com\/ro\/wp-json\/wp\/v2\/pages\/397946","targetHints":{"allow":["GET"]}}],"collection":[{"href":"https:\/\/officialguides.com\/ro\/wp-json\/wp\/v2\/pages"}],"about":[{"href":"https:\/\/officialguides.com\/ro\/wp-json\/wp\/v2\/types\/page"}],"author":[{"embeddable":true,"href":"https:\/\/officialguides.com\/ro\/wp-json\/wp\/v2\/users\/3"}],"replies":[{"embeddable":true,"href":"https:\/\/officialguides.com\/ro\/wp-json\/wp\/v2\/comments?post=397946"}],"version-history":[{"count":0,"href":"https:\/\/officialguides.com\/ro\/wp-json\/wp\/v2\/pages\/397946\/revisions"}],"wp:attachment":[{"href":"https:\/\/officialguides.com\/ro\/wp-json\/wp\/v2\/media?parent=397946"}],"curies":[{"name":"wp","href":"https:\/\/api.w.org\/{rel}","templated":true}]}}