{"id":396243,"date":"2025-05-22T22:57:09","date_gmt":"2025-05-22T19:57:09","guid":{"rendered":"https:\/\/officialguides.com\/%f0%9f%9a%8b-transportul-public-in-istanbul\/"},"modified":"2025-05-22T22:57:09","modified_gmt":"2025-05-22T19:57:09","slug":"%f0%9f%9a%8b-transportul-public-in-istanbul","status":"publish","type":"page","link":"https:\/\/officialguides.com\/ro\/%f0%9f%9a%8b-transportul-public-in-istanbul\/","title":{"rendered":"\ud83d\ude8b Transportul public \u00een Istanbul"},"content":{"rendered":"<h2 data-pm-slice=\"1 1 []\">Ghid Complet pentru Deplasarea \u00een Istanbul: Sfaturi pentru Transportul Public pentru Turi\u0219ti<\/h2>\n<p>Navigarea prin Istanbul poate p\u0103rea cople\u0219itoare la \u00eenceput \u2014 dar nu-\u021bi face griji! Acest ora\u0219 are unul dintre cele mai accesibile \u0219i eficiente sisteme de transport public din Europa. Fie c\u0103 mergi \u00een <strong>Sultanahmet<\/strong>, \u00een <strong>Taksim<\/strong>, sau traversezi continentele cu feribotul, <strong>metroul<\/strong>, <strong>tramvaiele<\/strong>, <strong>autobuzele<\/strong> \u0219i <strong>feriboturile<\/strong> din Istanbul fac deplasarea u\u0219oar\u0103. \u00cen acest ghid vei g\u0103si tot ce trebuie s\u0103 \u0219tii pentru a te deplasa ca un localnic \u2014 de la cum s\u0103 ob\u021bii un <strong>Istanbulkart<\/strong> p\u00e2n\u0103 la cele mai utile rute \u0219i sfaturi de siguran\u021b\u0103.<\/p>\n<ul>\n<li><span style=\"color: #800000;\"><a style=\"color: #800000;\" href=\"https:\/\/officialguides.com\/official-tour-guides-in-istanbul\/\"><strong><em>Click aici dac\u0103 ai nevoie de un ghid turistic privat \u00een Istanbul<\/em><\/strong><\/a><\/span><\/li>\n<li><span style=\"color: #0000ff;\"><a style=\"color: #0000ff;\" href=\"https:\/\/www.getyourguide.com\/s?partner_id=F2GZGY3&amp;utm_medium=online_publisher&amp;visitor-id=P623CBJZAWLPQI34Z54Z68CBWM85DH8X&amp;locale_autoredirect_optout=true&amp;et=948206&amp;lc=56\"><strong><em>Click aici dac\u0103 vrei acces rapid la Hagia Sophia \u0219i Palatul Topkapi<\/em><\/strong><\/a><\/span><\/li>\n<\/ul>\n<h3>\u00cen\u021belegerea Sistemului de Transport Public din Istanbul<\/h3>\n<p>Istanbul are un sistem vast \u0219i integrat de transport public ce acoper\u0103 <strong>metroul<\/strong>, <strong>tramvaiele<\/strong>, <strong>trenurile<\/strong>, <strong>autobuzele<\/strong>, <strong>feriboturile<\/strong>, <strong>ma\u0219inile electrice<\/strong> (\u00een Insulele Prin\u021bilor), <strong>3 funiculare<\/strong> \u0219i <strong>2 telecabine<\/strong>. Singura provocare real\u0103 este dimensiunea ora\u0219ului \u0219i geografia sa \u2014 \u00eemp\u0103r\u021bit de Bosfor \u0219i Cornul de Aur, cu multe dealuri \u0219i v\u0103i \u2014 astfel c\u0103, fa\u021b\u0103 de un ora\u0219 european mediu, distan\u021bele sunt mai mari \u0219i sunt necesare mai multe schimb\u0103ri.<\/p>\n<figure style=\"width: 1014px\" class=\"wp-caption aligncenter\"><img decoding=\"async\" src=\"https:\/\/officialguides.com\/wp-content\/uploads\/2025\/05\/istanbul-public-transportation-ferries.jpg\" alt=\"Istanbul's integrated public transport system consist of municipal ferry boats, metros, trams, trains, buses, ferries, electric cars, funiculars and cable cars\" width=\"1024\" height=\"551\" \/><figcaption class=\"wp-caption-text\"><em>Unul dintre noile feriboturi confortabile care circul\u0103 \u00eentre continentele Europei \u0219i Asiei \u0219i de-a lungul Bosforului<\/em><\/figcaption><\/figure>\n<p><strong>Istanbulkart<\/strong> este principalul card de transport, valabil pentru toate mijloacele de transport public \u0219i chiar \u0219i la <strong>toaletele municipale<\/strong>. De asemenea, po\u021bi cump\u0103ra <strong>carduri de unic\u0103 folosin\u021b\u0103 cu 10 c\u0103l\u0103torii<\/strong> de la automate, utile pentru \u0219ederi scurte. \u00cen momente urgente, po\u021bi pur \u0219i simplu s\u0103 folose\u0219ti un <strong>card bancar contactless<\/strong> direct \u00een <strong>autobuze<\/strong>, <strong>metrou<\/strong> sau <strong>feribot<\/strong>. Toate op\u021biunile sunt valabile \u00een \u00eentreaga re\u021bea.<\/p>\n<h3>\ud83d\udcb3 Istanbulkart \u0219i cardurile cu 10 c\u0103l\u0103torii (OnGe\u00e7)<\/h3>\n<h4>Pre\u021bul biletului \u0219i c\u00e2t cost\u0103 cardul?<\/h4>\n<p><strong><span style=\"text-decoration: underline;\"><span style=\"color: #800080; text-decoration: underline;\">ISTANBULKART<\/span><\/span><\/strong> este cardul principal de transport din ora\u0219 \u0219i cost\u0103 <strong>130 TL (aproximativ 3 \u20ac \u00een mai 2025)<\/strong>. Este personalizat \u0219i poate fi blocat dac\u0103 este folosit de mai mult de 4 ori consecutiv, deci nu este destinat utiliz\u0103rii de grup. Tariful standard pentru o <strong>c\u0103l\u0103torie unic\u0103 este de 27 TL<\/strong>, dar suma retras\u0103 poate varia \u00een func\u021bie de tipul de vehicul \u0219i num\u0103rul de schimb\u0103ri.<\/p>\n<figure id=\"attachment_396122\" aria-describedby=\"caption-attachment-396122\" style=\"width: 290px\" class=\"wp-caption aligncenter\"><img decoding=\"async\" class=\"wp-image-396097 size-medium\" src=\"https:\/\/officialguides.com\/wp-content\/uploads\/2025\/05\/istanbulkart-istanbul-card-300x209.jpg\" alt=\"Istanbulkart \u0219i cardul cu 10 c\u0103l\u0103torii: de unde \u00eel cumperi, pre\u021bul biletelor \u0219i c\u00e2t cost\u0103.\" width=\"300\" height=\"209\" srcset=\"https:\/\/officialguides.com\/wp-content\/uploads\/2025\/05\/istanbulkart-istanbul-card-300x209.jpg 300w, https:\/\/officialguides.com\/wp-content\/uploads\/2025\/05\/istanbulkart-istanbul-card-768x536.jpg 768w, https:\/\/officialguides.com\/wp-content\/uploads\/2025\/05\/istanbulkart-istanbul-card.jpg 800w\" sizes=\"(max-width: 300px) 100vw, 300px\" \/><figcaption id=\"caption-attachment-396122\" class=\"wp-caption-text\"><em>Po\u021bi folosi <strong>Istanbulkart<\/strong> \u0219i printr-o aplica\u021bie mobil\u0103<\/em><\/figcaption><\/figure>\n<p><span style=\"color: #800080;\"><strong><span style=\"text-decoration: underline;\">ONGE\u00c7 KART<\/span>;<\/strong><\/span> alternativ, po\u021bi cump\u0103ra un <strong>card cu 10 c\u0103l\u0103torii (305 TL)<\/strong> de la automate. Aceste carduri nu sunt personale, nu au costuri suplimentare \u0219i pot fi folosite de mai multe persoane, chiar succesiv. Fiecare c\u0103l\u0103torie retrage o sum\u0103 fix\u0103, indiferent de schimb\u0103ri.<\/p>\n<p>Ambele carduri func\u021bioneaz\u0103 pe toate mijloacele de transport public \u0219i pot fi utilizate \u0219i la <strong>toaletele municipale<\/strong>.<\/p>\n<h3>\ud83d\ude8b Cele mai utile linii de tramvai, metrou, funicular \u0219i feribot pentru turi\u0219ti<\/h3>\n<h4>Deplasarea u\u0219oar\u0103 prin Istanbul<\/h4>\n<ul>\n<li><strong>Linia T1 (tramvai)<\/strong>: <strong>Sultanahmet<\/strong> \u2192 Emin\u00f6n\u00fc \u2192 Karak\u00f6y \u2192 Kabata\u015f<br \/>\nLeag\u0103 principalele situri istorice cu porturile de feribot \u0219i funicular.<\/li>\n<li><strong>Linia M2 (metrou)<\/strong>: Yenikap\u0131 \u2192 <strong>Taksim<\/strong> \u2192 \u015ei\u015fli \u2192 Levent<br \/>\nCale rapid\u0103 c\u0103tre centrul modern \u0219i zonele comerciale.<\/li>\n<li><strong>Funicularul F1<\/strong>: Kabata\u015f \u2194 <strong>Taksim<\/strong><br \/>\nEvit\u0103 urcu\u0219urile abrupte cu acest funicular subteran.<\/li>\n<li><strong>Funicularul F2 (Tunel)<\/strong>: Karak\u00f6y \u2194 Beyo\u011flu (Istiklal)<br \/>\nLinia istoric\u0103 ce leag\u0103 Galata de strada Istiklal.<\/li>\n<li><strong>Feriboturi din Emin\u00f6n\u00fc sau Karak\u00f6y<\/strong>:<\/li>\n<\/ul>\n<ol>\n<li>Spre Kad\u0131k\u00f6y (partea asiatic\u0103) \u2013 la fiecare 20\u201330 minute<\/li>\n<li>Spre \u00dcsk\u00fcdar (partea asiatic\u0103) \u2013 la fiecare 10\u201320 minute<\/li>\n<\/ol>\n<figure style=\"width: 1014px\" class=\"wp-caption aligncenter\"><img decoding=\"async\" src=\"https:\/\/officialguides.com\/wp-content\/uploads\/2025\/05\/istanbul-metro-haritasi-1024x644.jpg\" alt=\"Istanbul city metro, tram and railway map, plan\" width=\"1024\" height=\"644\" \/><figcaption class=\"wp-caption-text\"><em>Hart\u0103 metrou \u0219i tramvai \u00een Istanbul<\/em><\/figcaption><\/figure>\n<h3>Cum s\u0103 ajungi din Ora\u0219ul Vechi, Taksim sau aeroporturi \u00een zonele importante din Istanbul<\/h3>\n<h4>\ud83d\udccd <strong>Sultanahmet<\/strong> (Ora\u0219ul Vechi) \u2192 <strong>Taksim<\/strong> \/ Istiklal \/ Galata:<\/h4>\n<ul>\n<li>Cu <strong>tramvai<\/strong> + <strong>funicular<\/strong>: linia T1 p\u00e2n\u0103 la Karak\u00f6y sau Kabata\u015f. Transfer la F2 Tunel sau F1.<\/li>\n<li>Cu <strong>metroul<\/strong>: din Vezneciler (linia M2), acces direct la Galata (\u015ei\u015fhane) sau <strong>Taksim<\/strong>.<\/li>\n<\/ul>\n<h4>\ud83d\udccd <strong>Sultanahmet<\/strong> \u2192 Kad\u0131k\u00f6y (partea asiatic\u0103):<\/h4>\n<ul>\n<li>Cu feribotul: linia T1 p\u00e2n\u0103 la Emin\u00f6n\u00fc, Karak\u00f6y sau Kabata\u015f. Apoi feribot (~20\u201330 min).<\/li>\n<li>Cu <strong>metroul<\/strong>: Marmaray de la Sirkeci la Ayr\u0131l\u0131k\u00e7e\u015fmesi, apoi linia M4 p\u00e2n\u0103 la Kad\u0131k\u00f6y.<\/li>\n<\/ul>\n<h4>\ud83d\udccd <strong>Sultanahmet<\/strong> \u2192 \u00dcsk\u00fcdar (partea asiatic\u0103):<\/h4>\n<ul>\n<li>Cu feribotul: T1 spre Emin\u00f6n\u00fc, Karak\u00f6y sau Kabata\u015f, apoi feribot (~10\u201320 min).<\/li>\n<li>Cu <strong>metroul<\/strong>: linia Marmaray de la Sirkeci p\u00e2n\u0103 la \u00dcsk\u00fcdar.<\/li>\n<\/ul>\n<h4>\ud83d\udccd Aeroportul Istanbul (IST) \u2192 Ora\u0219ul Vechi sau centrul ora\u0219ului<\/h4>\n<ul>\n<li>Cu <strong>metroul<\/strong>: linia M11\/U2 spre Gayrettepe (la fiecare 20 min \u00eentre 06:00\u201300:40), apoi M2 spre <strong>Taksim<\/strong>, funicular F1 \u0219i linia T1.<\/li>\n<li>Cu taxiul sau cu <a href=\"https:\/\/www.istairport.com\/en\/airport\/airport-transportation\/urban-transportation\/public-transportation\/?locale=en\"><strong>HAVAIST<\/strong><\/a>: ~40 km, 30 \u20ac (taxi galben), 35 \u20ac (albastru), 50 \u20ac (negru). HAVAIST are 11 linii, biletul cost\u0103 ~7 \u20ac.<\/li>\n<\/ul>\n<h4>\ud83d\udccd Aeroportul Sabiha G\u00f6k\u00e7en (SAW) \u2192 Ora\u0219ul Vechi sau centrul ora\u0219ului<\/h4>\n<ul>\n<li>Cu <strong>metroul<\/strong>: linia M4 p\u00e2n\u0103 la Ayr\u0131l\u0131k\u00e7e\u015fmesi, apoi Marmaray c\u0103tre Sirkeci sau Yenikap\u0131.<\/li>\n<li>Cu taxiul sau cu <a href=\"https:\/\/www.havabus.com\/yolcuservisi\/taksim-sabihagokcenhavalimani.aspx\"><strong>HAVABUS<\/strong><\/a>: 40\u201355 km, 30\u201360 \u20ac, \u00een func\u021bie de tipul de taxi \u0219i ruta (pod sau tunel Avrasya). Bilet HAVABUS ~7 \u20ac.<\/li>\n<\/ul>\n<h3>Podurile \u0219i tunelurile din Istanbul<\/h3>\n<p>Istanbul a implementat proiecte de infrastructur\u0103 de v\u00e2rf pentru a face fa\u021b\u0103 provoc\u0103rilor geografice. Trei poduri traverseaz\u0103 Bosforul, dintre care cel mai nordic este cel mai mare pod suspendat din lume cu cale ferat\u0103.<\/p>\n<p>Dou\u0103 tuneluri subacvatice leag\u0103 continentele: unul pentru metrou, altul pentru trafic auto \u2014 printre cele mai ad\u00e2nci din lume.<\/p>\n<p>\u00cen plus, 12 tuneluri rutiere, totaliz\u00e2nd 145 km, \u00eembun\u0103t\u0103\u021besc considerabil traficul urban.<\/p>\n<ul>\n<li><em>Site-ul oficial al metroului din Istanbul: <\/em><a href=\"https:\/\/www.metro.istanbul\/\"><em>Istanbul Metro official website<\/em><\/a><\/li>\n<\/ul>\n","protected":false},"excerpt":{"rendered":"<p>Ghid Complet pentru Deplasarea \u00een Istanbul: Sfaturi pentru Transportul Public pentru Turi\u0219ti Navigarea prin Istanbul poate p\u0103rea cople\u0219itoare la \u00eenceput \u2014 dar nu-\u021bi face griji! Acest ora\u0219 are unul dintre cele mai accesibile \u0219i eficiente sisteme de transport public din Europa. Fie c\u0103 mergi \u00een Sultanahmet, \u00een Taksim, sau traversezi continentele cu feribotul, metroul, tramvaiele, &#8230; <a title=\"\ud83d\ude8b Transportul public \u00een Istanbul\" class=\"read-more\" href=\"https:\/\/officialguides.com\/ro\/%f0%9f%9a%8b-transportul-public-in-istanbul\/\" aria-label=\"Cite\u0219te mai multe despre \ud83d\ude8b Transportul public \u00een Istanbul\">Read more<\/a><\/p>\n","protected":false},"author":3,"featured_media":396088,"parent":0,"menu_order":0,"comment_status":"closed","ping_status":"closed","template":"","meta":{"_acf_changed":false,"footnotes":""},"class_list":["post-396243","page","type-page","status-publish","has-post-thumbnail"],"acf":[],"yoast_head":"<!-- This site is optimized with the Yoast SEO plugin v27.4 - https:\/\/yoast.com\/product\/yoast-seo-wordpress\/ -->\n<title>Transportul public \u00een Istanbul: Ghid complet 2025 cu linii, pre\u021buri \u0219i sfaturi utile pentru turi\u0219ti<\/title>\n<meta name=\"description\" content=\"Afl\u0103 cum s\u0103 te deplasezi u\u0219or \u00een Istanbul: metrou, tramvai, feribot, aeroporturi, pre\u021buri, Istanbulkart \u0219i cele mai bune rute pentru turi\u0219ti.\" \/>\n<meta name=\"robots\" content=\"index, follow, max-snippet:-1, max-image-preview:large, max-video-preview:-1\" \/>\n<link rel=\"canonical\" href=\"https:\/\/officialguides.com\/ro\/%f0%9f%9a%8b-transportul-public-in-istanbul\/\" \/>\n<meta property=\"og:locale\" content=\"ro_RO\" \/>\n<meta property=\"og:type\" content=\"article\" \/>\n<meta property=\"og:title\" content=\"Transportul public \u00een Istanbul: Ghid complet 2025 cu linii, pre\u021buri \u0219i sfaturi utile pentru turi\u0219ti\" \/>\n<meta property=\"og:description\" content=\"Afl\u0103 cum s\u0103 te deplasezi u\u0219or \u00een Istanbul: metrou, tramvai, feribot, aeroporturi, pre\u021buri, Istanbulkart \u0219i cele mai bune rute pentru turi\u0219ti.\" \/>\n<meta property=\"og:url\" content=\"https:\/\/officialguides.com\/ro\/%f0%9f%9a%8b-transportul-public-in-istanbul\/\" \/>\n<meta property=\"og:site_name\" content=\"Find Your Private Tour Guide Around The World!\" \/>\n<meta property=\"og:image\" content=\"https:\/\/officialguides.com\/wp-content\/uploads\/2025\/05\/istanbul-public-transportation.jpg\" \/>\n\t<meta property=\"og:image:width\" content=\"1024\" \/>\n\t<meta property=\"og:image:height\" content=\"576\" \/>\n\t<meta property=\"og:image:type\" content=\"image\/jpeg\" \/>\n<meta name=\"twitter:card\" content=\"summary_large_image\" \/>\n<meta name=\"twitter:label1\" content=\"Timp estimat pentru citire\" \/>\n\t<meta name=\"twitter:data1\" content=\"4 minute\" \/>\n<script type=\"application\/ld+json\" class=\"yoast-schema-graph\">{\"@context\":\"https:\\\/\\\/schema.org\",\"@graph\":[{\"@type\":\"WebPage\",\"@id\":\"https:\\\/\\\/officialguides.com\\\/ro\\\/%f0%9f%9a%8b-transportul-public-in-istanbul\\\/\",\"url\":\"https:\\\/\\\/officialguides.com\\\/ro\\\/%f0%9f%9a%8b-transportul-public-in-istanbul\\\/\",\"name\":\"Transportul public \u00een Istanbul: Ghid complet 2025 cu linii, pre\u021buri \u0219i sfaturi utile pentru turi\u0219ti\",\"isPartOf\":{\"@id\":\"https:\\\/\\\/officialguides.com\\\/ro\\\/#website\"},\"primaryImageOfPage\":{\"@id\":\"https:\\\/\\\/officialguides.com\\\/ro\\\/%f0%9f%9a%8b-transportul-public-in-istanbul\\\/#primaryimage\"},\"image\":{\"@id\":\"https:\\\/\\\/officialguides.com\\\/ro\\\/%f0%9f%9a%8b-transportul-public-in-istanbul\\\/#primaryimage\"},\"thumbnailUrl\":\"https:\\\/\\\/officialguides.com\\\/wp-content\\\/uploads\\\/2025\\\/05\\\/istanbul-public-transportation.jpg\",\"datePublished\":\"2025-05-22T19:57:09+00:00\",\"description\":\"Afl\u0103 cum s\u0103 te deplasezi u\u0219or \u00een Istanbul: metrou, tramvai, feribot, aeroporturi, pre\u021buri, Istanbulkart \u0219i cele mai bune rute pentru turi\u0219ti.\",\"breadcrumb\":{\"@id\":\"https:\\\/\\\/officialguides.com\\\/ro\\\/%f0%9f%9a%8b-transportul-public-in-istanbul\\\/#breadcrumb\"},\"inLanguage\":\"ro-RO\",\"potentialAction\":[{\"@type\":\"ReadAction\",\"target\":[\"https:\\\/\\\/officialguides.com\\\/ro\\\/%f0%9f%9a%8b-transportul-public-in-istanbul\\\/\"]}]},{\"@type\":\"ImageObject\",\"inLanguage\":\"ro-RO\",\"@id\":\"https:\\\/\\\/officialguides.com\\\/ro\\\/%f0%9f%9a%8b-transportul-public-in-istanbul\\\/#primaryimage\",\"url\":\"https:\\\/\\\/officialguides.com\\\/wp-content\\\/uploads\\\/2025\\\/05\\\/istanbul-public-transportation.jpg\",\"contentUrl\":\"https:\\\/\\\/officialguides.com\\\/wp-content\\\/uploads\\\/2025\\\/05\\\/istanbul-public-transportation.jpg\",\"width\":1024,\"height\":576,\"caption\":\"Transportul public \u00een Istanbul: linii de metrou, tramvai, feribot, aeroporturi, pre\u021buri \u0219i cum s\u0103 ajungi acolo\u2026\"},{\"@type\":\"BreadcrumbList\",\"@id\":\"https:\\\/\\\/officialguides.com\\\/ro\\\/%f0%9f%9a%8b-transportul-public-in-istanbul\\\/#breadcrumb\",\"itemListElement\":[{\"@type\":\"ListItem\",\"position\":1,\"name\":\"Home\",\"item\":\"https:\\\/\\\/officialguides.com\\\/ro\\\/\"},{\"@type\":\"ListItem\",\"position\":2,\"name\":\"\ud83d\ude8b Transportul public \u00een Istanbul\"}]},{\"@type\":\"WebSite\",\"@id\":\"https:\\\/\\\/officialguides.com\\\/ro\\\/#website\",\"url\":\"https:\\\/\\\/officialguides.com\\\/ro\\\/\",\"name\":\"Official Tour Guides Around The World! Istanbul, Paris, Rome, Dubai...\",\"description\":\"Explore cities and popular destinations with professional, official, certified tour guides\",\"alternateName\":\"Official Guides\",\"potentialAction\":[{\"@type\":\"SearchAction\",\"target\":{\"@type\":\"EntryPoint\",\"urlTemplate\":\"https:\\\/\\\/officialguides.com\\\/ro\\\/?s={search_term_string}\"},\"query-input\":{\"@type\":\"PropertyValueSpecification\",\"valueRequired\":true,\"valueName\":\"search_term_string\"}}],\"inLanguage\":\"ro-RO\"}]}<\/script>\n<!-- \/ Yoast SEO plugin. -->","yoast_head_json":{"title":"Transportul public \u00een Istanbul: Ghid complet 2025 cu linii, pre\u021buri \u0219i sfaturi utile pentru turi\u0219ti","description":"Afl\u0103 cum s\u0103 te deplasezi u\u0219or \u00een Istanbul: metrou, tramvai, feribot, aeroporturi, pre\u021buri, Istanbulkart \u0219i cele mai bune rute pentru turi\u0219ti.","robots":{"index":"index","follow":"follow","max-snippet":"max-snippet:-1","max-image-preview":"max-image-preview:large","max-video-preview":"max-video-preview:-1"},"canonical":"https:\/\/officialguides.com\/ro\/%f0%9f%9a%8b-transportul-public-in-istanbul\/","og_locale":"ro_RO","og_type":"article","og_title":"Transportul public \u00een Istanbul: Ghid complet 2025 cu linii, pre\u021buri \u0219i sfaturi utile pentru turi\u0219ti","og_description":"Afl\u0103 cum s\u0103 te deplasezi u\u0219or \u00een Istanbul: metrou, tramvai, feribot, aeroporturi, pre\u021buri, Istanbulkart \u0219i cele mai bune rute pentru turi\u0219ti.","og_url":"https:\/\/officialguides.com\/ro\/%f0%9f%9a%8b-transportul-public-in-istanbul\/","og_site_name":"Find Your Private Tour Guide Around The World!","og_image":[{"width":1024,"height":576,"url":"https:\/\/officialguides.com\/wp-content\/uploads\/2025\/05\/istanbul-public-transportation.jpg","type":"image\/jpeg"}],"twitter_card":"summary_large_image","twitter_misc":{"Timp estimat pentru citire":"4 minute"},"schema":{"@context":"https:\/\/schema.org","@graph":[{"@type":"WebPage","@id":"https:\/\/officialguides.com\/ro\/%f0%9f%9a%8b-transportul-public-in-istanbul\/","url":"https:\/\/officialguides.com\/ro\/%f0%9f%9a%8b-transportul-public-in-istanbul\/","name":"Transportul public \u00een Istanbul: Ghid complet 2025 cu linii, pre\u021buri \u0219i sfaturi utile pentru turi\u0219ti","isPartOf":{"@id":"https:\/\/officialguides.com\/ro\/#website"},"primaryImageOfPage":{"@id":"https:\/\/officialguides.com\/ro\/%f0%9f%9a%8b-transportul-public-in-istanbul\/#primaryimage"},"image":{"@id":"https:\/\/officialguides.com\/ro\/%f0%9f%9a%8b-transportul-public-in-istanbul\/#primaryimage"},"thumbnailUrl":"https:\/\/officialguides.com\/wp-content\/uploads\/2025\/05\/istanbul-public-transportation.jpg","datePublished":"2025-05-22T19:57:09+00:00","description":"Afl\u0103 cum s\u0103 te deplasezi u\u0219or \u00een Istanbul: metrou, tramvai, feribot, aeroporturi, pre\u021buri, Istanbulkart \u0219i cele mai bune rute pentru turi\u0219ti.","breadcrumb":{"@id":"https:\/\/officialguides.com\/ro\/%f0%9f%9a%8b-transportul-public-in-istanbul\/#breadcrumb"},"inLanguage":"ro-RO","potentialAction":[{"@type":"ReadAction","target":["https:\/\/officialguides.com\/ro\/%f0%9f%9a%8b-transportul-public-in-istanbul\/"]}]},{"@type":"ImageObject","inLanguage":"ro-RO","@id":"https:\/\/officialguides.com\/ro\/%f0%9f%9a%8b-transportul-public-in-istanbul\/#primaryimage","url":"https:\/\/officialguides.com\/wp-content\/uploads\/2025\/05\/istanbul-public-transportation.jpg","contentUrl":"https:\/\/officialguides.com\/wp-content\/uploads\/2025\/05\/istanbul-public-transportation.jpg","width":1024,"height":576,"caption":"Transportul public \u00een Istanbul: linii de metrou, tramvai, feribot, aeroporturi, pre\u021buri \u0219i cum s\u0103 ajungi acolo\u2026"},{"@type":"BreadcrumbList","@id":"https:\/\/officialguides.com\/ro\/%f0%9f%9a%8b-transportul-public-in-istanbul\/#breadcrumb","itemListElement":[{"@type":"ListItem","position":1,"name":"Home","item":"https:\/\/officialguides.com\/ro\/"},{"@type":"ListItem","position":2,"name":"\ud83d\ude8b Transportul public \u00een Istanbul"}]},{"@type":"WebSite","@id":"https:\/\/officialguides.com\/ro\/#website","url":"https:\/\/officialguides.com\/ro\/","name":"Official Tour Guides Around The World! Istanbul, Paris, Rome, Dubai...","description":"Explore cities and popular destinations with professional, official, certified tour guides","alternateName":"Official Guides","potentialAction":[{"@type":"SearchAction","target":{"@type":"EntryPoint","urlTemplate":"https:\/\/officialguides.com\/ro\/?s={search_term_string}"},"query-input":{"@type":"PropertyValueSpecification","valueRequired":true,"valueName":"search_term_string"}}],"inLanguage":"ro-RO"}]}},"_links":{"self":[{"href":"https:\/\/officialguides.com\/ro\/wp-json\/wp\/v2\/pages\/396243","targetHints":{"allow":["GET"]}}],"collection":[{"href":"https:\/\/officialguides.com\/ro\/wp-json\/wp\/v2\/pages"}],"about":[{"href":"https:\/\/officialguides.com\/ro\/wp-json\/wp\/v2\/types\/page"}],"author":[{"embeddable":true,"href":"https:\/\/officialguides.com\/ro\/wp-json\/wp\/v2\/users\/3"}],"replies":[{"embeddable":true,"href":"https:\/\/officialguides.com\/ro\/wp-json\/wp\/v2\/comments?post=396243"}],"version-history":[{"count":0,"href":"https:\/\/officialguides.com\/ro\/wp-json\/wp\/v2\/pages\/396243\/revisions"}],"wp:featuredmedia":[{"embeddable":true,"href":"https:\/\/officialguides.com\/ro\/wp-json\/wp\/v2\/media\/396088"}],"wp:attachment":[{"href":"https:\/\/officialguides.com\/ro\/wp-json\/wp\/v2\/media?parent=396243"}],"curies":[{"name":"wp","href":"https:\/\/api.w.org\/{rel}","templated":true}]}}