{"id":394740,"date":"2025-04-18T18:08:51","date_gmt":"2025-04-18T15:08:51","guid":{"rendered":"https:\/\/officialguides.com\/turism-medical-international\/"},"modified":"2025-04-18T18:08:51","modified_gmt":"2025-04-18T15:08:51","slug":"turism-medical-international","status":"publish","type":"page","link":"https:\/\/officialguides.com\/ro\/turism-medical-international\/","title":{"rendered":"Turism Medical Interna\u021bional"},"content":{"rendered":"<h2 class=\"\" data-start=\"232\" data-end=\"268\">\ud83c\udf0d Turism Medical Interna\u021bional<\/h2>\n<p class=\"\" data-start=\"269\" data-end=\"372\"><strong data-start=\"269\" data-end=\"372\">Descoper\u0103 destina\u021bii de turism medical cu informa\u021bii de \u00eencredere \u0219i experien\u021be culturale autentice<\/strong><\/p>\n<p class=\"\" data-start=\"374\" data-end=\"575\">Bine ai venit pe o platform\u0103 creat\u0103 pentru a explora cele mai apreciate <strong data-start=\"446\" data-end=\"493\">destina\u021bii interna\u021bionale de turism medical<\/strong>, unde serviciile medicale avansate se combin\u0103 cu experien\u021be culturale memorabile.<\/p>\n<p class=\"\" data-start=\"577\" data-end=\"895\">Pe <strong data-start=\"580\" data-end=\"602\">officialguides.com<\/strong>, oferim informa\u021bii generale despre <strong data-start=\"638\" data-end=\"697\">clinici \u0219i spitale care primesc pacien\u021bi interna\u021bionali<\/strong>. Nu furniz\u0103m servicii medicale directe, dar ne propunem s\u0103 te ajut\u0103m s\u0103 descoperi furnizori de \u00eencredere din \u00eentreaga lume \u0219i s\u0103-\u021bi completezi c\u0103l\u0103toria cu op\u021biuni turistice \u0219i culturale valoroase.<\/p>\n<hr class=\"\" data-start=\"897\" data-end=\"900\" \/>\n<h3 class=\"\" data-start=\"902\" data-end=\"938\">De Ce S\u0103 Alegi Turismul Medical?<\/h3>\n<p class=\"\" data-start=\"940\" data-end=\"1056\">Milioane de persoane aleg \u00een fiecare an s\u0103 c\u0103l\u0103toreasc\u0103 pentru tratamente medicale \u00een str\u0103in\u0103tate din motive precum:<\/p>\n<ul>\n<li data-start=\"1060\" data-end=\"1121\">\ud83c\udfe5 Acces la clinici acreditate \u0219i speciali\u0219ti cu experien\u021b\u0103<\/li>\n<li data-start=\"1124\" data-end=\"1171\">\ud83d\udcb0 Costuri mai mici fa\u021b\u0103 de \u021b\u0103rile de origine<\/li>\n<li data-start=\"1174\" data-end=\"1202\">\ud83d\udcc6 Timp de a\u0219teptare redus<\/li>\n<li data-start=\"1205\" data-end=\"1261\">\u2708\ufe0f Posibilitatea de a combina tratamentul cu o vacan\u021b\u0103<\/li>\n<li data-start=\"1264\" data-end=\"1311\">\ud83d\udcac Personal medical vorbitor de limbi str\u0103ine<\/li>\n<\/ul>\n<p class=\"\" data-start=\"1313\" data-end=\"1455\">Te ajut\u0103m s\u0103 explorezi <strong data-start=\"1336\" data-end=\"1454\">destina\u021bii recunoscute pentru calitatea serviciilor medicale \u0219i ospitalitatea lor fa\u021b\u0103 de pacien\u021bii interna\u021bionali<\/strong>.<\/p>\n<hr class=\"\" data-start=\"1457\" data-end=\"1460\" \/>\n<h3 class=\"\" data-start=\"1462\" data-end=\"1496\">Ce Tipuri de Informa\u021bii Oferim<\/h3>\n<p class=\"\" data-start=\"1498\" data-end=\"1601\">Pe platforma noastr\u0103 vei g\u0103si \u021b\u0103ri unde pacien\u021bii interna\u021bionali caut\u0103 frecvent urm\u0103toarele tratamente:<\/p>\n<ul>\n<li data-start=\"1605\" data-end=\"1679\">\u2705 <strong data-start=\"1607\" data-end=\"1635\">Tratamente stomatologice<\/strong> (implanturi, fa\u021bete, designul z\u00e2mbetului)<\/li>\n<li data-start=\"1682\" data-end=\"1720\">\u2705 <strong data-start=\"1684\" data-end=\"1718\">Chirurgie estetic\u0103 \u0219i plastic\u0103<\/strong><\/li>\n<li data-start=\"1723\" data-end=\"1748\">\u2705 <strong data-start=\"1725\" data-end=\"1746\">Transplant de p\u0103r<\/strong><\/li>\n<li data-start=\"1751\" data-end=\"1785\">\u2705 <strong data-start=\"1753\" data-end=\"1783\">Fertilizare in vitro (FIV)<\/strong><\/li>\n<li data-start=\"1788\" data-end=\"1827\">\u2705 <strong data-start=\"1790\" data-end=\"1825\">Chirurgie ortopedic\u0103 \u0219i spinal\u0103<\/strong><\/li>\n<li data-start=\"1830\" data-end=\"1879\">\u2705 <strong data-start=\"1832\" data-end=\"1877\">Corec\u021bii vizuale cu laser \u0219i oftalmologie<\/strong><\/li>\n<li data-start=\"1882\" data-end=\"1922\">\u2705 <strong data-start=\"1884\" data-end=\"1922\">Programe de wellness \u0219i recuperare<\/strong><\/li>\n<\/ul>\n<ul>\n<li data-start=\"1924\" data-end=\"2084\">\ud83d\udccc <em data-start=\"1927\" data-end=\"2084\">Re\u021bine c\u0103 nu oferim sfaturi medicale \u0219i nu garant\u0103m rezultatele tratamentelor. Toate informa\u021biile sunt furnizate exclusiv \u00een scop informativ \u0219i comparativ.<\/em><\/li>\n<\/ul>\n<hr class=\"\" data-start=\"2086\" data-end=\"2089\" \/>\n<h3 class=\"\" data-start=\"2091\" data-end=\"2126\">Destina\u021bii Medicale Recomandate<\/h3>\n<p class=\"\" data-start=\"2128\" data-end=\"2227\">Iat\u0103 c\u00e2teva dintre \u021b\u0103rile prezentate pe platforma noastr\u0103, recunoscute pentru turismul lor medical:<\/p>\n<ul>\n<li data-start=\"2231\" data-end=\"2301\">\ud83c\uddf9\ud83c\uddf7 <strong data-start=\"2236\" data-end=\"2246\">Turcia<\/strong> \u2013 estetic\u0103 dentar\u0103, chirurgie plastic\u0103, oftalmologie, transplant de organe, oncologie, chirurgie cardiac\u0103, chirurgie ortopedic\u0103 \u0219i tratamente de fertilizare in vitro (FIV)<\/li>\n<li data-start=\"2304\" data-end=\"2349\">\ud83c\udded\ud83c\uddfa <strong data-start=\"2309\" data-end=\"2320\">Ungaria<\/strong> \u2013 stomatologie, ortodon\u021bie<\/li>\n<li data-start=\"2352\" data-end=\"2416\">\ud83c\udded\ud83c\uddf7 <strong data-start=\"2357\" data-end=\"2368\">Croa\u021bia<\/strong> \u2013 tratamente dentare, wellness \u0219i reabilitare<\/li>\n<li data-start=\"2419\" data-end=\"2489\">\ud83c\uddf2\ud83c\uddfd <strong data-start=\"2424\" data-end=\"2433\">Mexic<\/strong> \u2013 chirurgie bariatric\u0103, tratamente pentru fertilitate<\/li>\n<li data-start=\"2492\" data-end=\"2557\">\ud83c\uddea\ud83c\uddf8 <strong data-start=\"2497\" data-end=\"2507\">Spania<\/strong> \u2013 chirurgie estetic\u0103, programe anti-\u00eemb\u0103tr\u00e2nire<\/li>\n<li data-start=\"2560\" data-end=\"2616\">\ud83c\uddf9\ud83c\udded <strong data-start=\"2565\" data-end=\"2578\">Thailanda<\/strong> \u2013 spa medical, interven\u021bii estetice<\/li>\n<li data-start=\"2619\" data-end=\"2685\">\ud83c\uddf0\ud83c\uddf7 <strong data-start=\"2624\" data-end=\"2641\">Coreea de Sud<\/strong> \u2013 dermatologie, estetic\u0103 facial\u0103 avansat\u0103<\/li>\n<li data-start=\"2688\" data-end=\"2754\">\ud83c\uddee\ud83c\uddf3 <strong data-start=\"2693\" data-end=\"2702\">India<\/strong> \u2013 ortopedie, chirurgie cardiac\u0103, terapii ayurvedice<\/li>\n<\/ul>\n<p class=\"\" data-start=\"2756\" data-end=\"2864\">Toate unit\u0103\u021bile medicale prezentate sunt <strong data-start=\"2797\" data-end=\"2824\">institu\u021bii independente<\/strong> care deservesc pacien\u021bi interna\u021bionali.<\/p>\n<hr class=\"\" data-start=\"2866\" data-end=\"2869\" \/>\n<h3 class=\"\" data-start=\"2871\" data-end=\"2923\">\u00cembog\u0103\u021be\u0219te-\u021bi C\u0103l\u0103toria cu Experien\u021be Culturale<\/h3>\n<p class=\"\" data-start=\"2925\" data-end=\"3249\">Pe l\u00e2ng\u0103 informa\u021bii despre c\u0103l\u0103toria medical\u0103, oferim \u0219i conexiuni cu <strong data-start=\"2995\" data-end=\"3025\">ghizi turistici licen\u021bia\u021bi<\/strong> \u00een destina\u021bii selectate. Fie c\u0103 este vorba despre un tur istoric \u00een Istanbul, o rut\u0103 a vinului \u00een Spania sau o excursie panoramic\u0103 de-a lungul Dun\u0103rii, perioada de recuperare poate deveni parte dintr-o c\u0103l\u0103torie memorabil\u0103.<\/p>\n<blockquote data-start=\"3251\" data-end=\"3352\">\n<p class=\"\" data-start=\"3253\" data-end=\"3352\">\ud83c\udfa7 <em data-start=\"3256\" data-end=\"3352\">Tururile private sunt op\u021bionale \u0219i se organizeaz\u0103 la cerere cu ghizi profesioni\u0219ti verifica\u021bi.<\/em><\/p>\n<\/blockquote>\n<hr class=\"\" data-start=\"3354\" data-end=\"3357\" \/>\n<h3 class=\"\" data-start=\"3359\" data-end=\"3395\">Platform\u0103 Independent\u0103 \u0219i Neutr\u0103<\/h3>\n<ul>\n<li data-start=\"3399\" data-end=\"3465\">\u2757 <strong data-start=\"3401\" data-end=\"3463\">Nu recomand\u0103m tratamente sau proceduri medicale specifice.<\/strong><\/li>\n<li data-start=\"3468\" data-end=\"3566\">\ud83c\udfe5 Alegerea clinicii, a medicului \u0219i a metodei de tratament revine \u00een totalitate utilizatorului.<\/li>\n<li data-start=\"3569\" data-end=\"3632\">\ud83d\udcd1 Toate informa\u021biile sunt de natur\u0103 general\u0103 \u0219i orientativ\u0103.<\/li>\n<li data-start=\"3635\" data-end=\"3741\">\ud83d\udee1\ufe0f <strong data-start=\"3639\" data-end=\"3741\">Nu ne asum\u0103m r\u0103spunderea pentru rezultatele tratamentelor sau pentru serviciile prestate de ter\u021bi.<\/strong><\/li>\n<\/ul>\n<hr class=\"\" data-start=\"3743\" data-end=\"3746\" \/>\n<h3 class=\"\" data-start=\"3748\" data-end=\"3788\">\u2709\ufe0f E\u0219ti Gata S\u0103 Explorezi Op\u021biunile?<\/h3>\n<p class=\"\" data-start=\"3790\" data-end=\"3957\">Dac\u0103 iei \u00een calcul o c\u0103l\u0103torie \u00een scop medical \u0219i dore\u0219ti s\u0103 afli mai multe despre destina\u021bii, clinici sau activit\u0103\u021bi culturale disponibile, nu ezita s\u0103 ne contactezi.<\/p>\n<p class=\"\" data-start=\"3959\" data-end=\"4070\">\ud83d\udc49 <span style=\"text-decoration: underline;\"><strong data-start=\"3962\" data-end=\"3987\">Contacteaz\u0103-ne acum<\/strong><\/span>\u00a0pentru o prezentare general\u0103 a op\u021biunilor de turism medical \u0219i experien\u021be ghidate.<\/p>\n<p data-start=\"3959\" data-end=\"4070\"><div class=\"wpforms-container wpforms-container-full\" id=\"wpforms-4263\"><form id=\"wpforms-form-4263\" class=\"wpforms-validate wpforms-form\" data-formid=\"4263\" method=\"post\" enctype=\"multipart\/form-data\" action=\"\/ro\/wp-json\/wp\/v2\/pages\/394740\" data-token=\"e55905b6665478818f3198ba995420eb\" data-token-time=\"1777278774\"><noscript class=\"wpforms-error-noscript\">Please enable JavaScript in your browser to complete this form.<\/noscript><div class=\"wpforms-field-container\"><div id=\"wpforms-4263-field_0-container\" class=\"wpforms-field wpforms-field-name\" data-field-id=\"0\"><label class=\"wpforms-field-label\">Name <span class=\"wpforms-required-label\">*<\/span><\/label><div class=\"wpforms-field-row wpforms-field-medium\"><div class=\"wpforms-field-row-block wpforms-first wpforms-one-half\"><input type=\"text\" id=\"wpforms-4263-field_0\" class=\"wpforms-field-name-first wpforms-field-required\" name=\"wpforms[fields][0][first]\" required><label for=\"wpforms-4263-field_0\" class=\"wpforms-field-sublabel after\">First<\/label><\/div><div class=\"wpforms-field-row-block wpforms-one-half\"><input type=\"text\" id=\"wpforms-4263-field_0-last\" class=\"wpforms-field-name-last wpforms-field-required\" name=\"wpforms[fields][0][last]\" required><label for=\"wpforms-4263-field_0-last\" class=\"wpforms-field-sublabel after\">Last<\/label><\/div><\/div><\/div><div id=\"wpforms-4263-field_1-container\" class=\"wpforms-field wpforms-field-email\" data-field-id=\"1\"><label class=\"wpforms-field-label\" for=\"wpforms-4263-field_1\">Email <span class=\"wpforms-required-label\">*<\/span><\/label><input type=\"email\" id=\"wpforms-4263-field_1\" class=\"wpforms-field-medium wpforms-field-required\" name=\"wpforms[fields][1]\" spellcheck=\"false\" required><\/div><div id=\"wpforms-4263-field_4-container\" class=\"wpforms-field wpforms-field-phone\" data-field-id=\"4\"><label class=\"wpforms-field-label\" for=\"wpforms-4263-field_4\">Mobile Phone<\/label><input type=\"tel\" id=\"wpforms-4263-field_4\" class=\"wpforms-field-medium wpforms-smart-phone-field\" data-rule-smart-phone-field=\"true\" name=\"wpforms[fields][4]\" aria-label=\"Mobile Phone\" ><\/div><div id=\"wpforms-4263-field_2-container\" class=\"wpforms-field wpforms-field-textarea\" data-field-id=\"2\"><label class=\"wpforms-field-label\" for=\"wpforms-4263-field_2\">Comment or Message <span class=\"wpforms-required-label\">*<\/span><\/label><textarea id=\"wpforms-4263-field_2\" class=\"wpforms-field-medium wpforms-field-required\" name=\"wpforms[fields][2]\" required><\/textarea><\/div><\/div><!-- .wpforms-field-container --><div class=\"wpforms-field wpforms-field-hp\"><label for=\"wpforms-4263-field-hp\" class=\"wpforms-field-label\">Phone<\/label><input type=\"text\" name=\"wpforms[hp]\" id=\"wpforms-4263-field-hp\" class=\"wpforms-field-medium\"><\/div><div class=\"wpforms-recaptcha-container wpforms-is-recaptcha wpforms-is-recaptcha-type-v2\" ><div class=\"g-recaptcha\" data-sitekey=\"6LcUi_IZAAAAAPZECIskiqveM1KET8SQPPj592eW\"><\/div><input type=\"text\" name=\"g-recaptcha-hidden\" class=\"wpforms-recaptcha-hidden\" style=\"position:absolute!important;clip:rect(0,0,0,0)!important;height:1px!important;width:1px!important;border:0!important;overflow:hidden!important;padding:0!important;margin:0!important;\" data-rule-recaptcha=\"1\"><\/div><div class=\"wpforms-submit-container\" ><input type=\"hidden\" name=\"wpforms[id]\" value=\"4263\"><input type=\"hidden\" name=\"page_title\" value=\"\"><input type=\"hidden\" name=\"page_url\" value=\"https:\/\/officialguides.com\/ro\/wp-json\/wp\/v2\/pages\/394740\"><input type=\"hidden\" name=\"url_referer\" value=\"\"><button type=\"submit\" name=\"wpforms[submit]\" id=\"wpforms-submit-4263\" class=\"wpforms-submit\" data-alt-text=\"Sending...\" data-submit-text=\"Submit\" aria-live=\"assertive\" value=\"wpforms-submit\">Submit<\/button><\/div><\/form><\/div>  <!-- .wpforms-container --><\/p>\n","protected":false},"excerpt":{"rendered":"<p>\ud83c\udf0d Turism Medical Interna\u021bional Descoper\u0103 destina\u021bii de turism medical cu informa\u021bii de \u00eencredere \u0219i experien\u021be culturale autentice Bine ai venit pe o platform\u0103 creat\u0103 pentru a explora cele mai apreciate destina\u021bii interna\u021bionale de turism medical, unde serviciile medicale avansate se combin\u0103 cu experien\u021be culturale memorabile. Pe officialguides.com, oferim informa\u021bii generale despre clinici \u0219i spitale care &#8230; <a title=\"Turism Medical Interna\u021bional\" class=\"read-more\" href=\"https:\/\/officialguides.com\/ro\/turism-medical-international\/\" aria-label=\"Cite\u0219te mai multe despre Turism Medical Interna\u021bional\">Read more<\/a><\/p>\n","protected":false},"author":3,"featured_media":394729,"parent":0,"menu_order":0,"comment_status":"closed","ping_status":"closed","template":"","meta":{"_acf_changed":false,"footnotes":""},"class_list":["post-394740","page","type-page","status-publish","has-post-thumbnail"],"acf":[],"yoast_head":"<!-- This site is optimized with the Yoast SEO plugin v27.4 - https:\/\/yoast.com\/product\/yoast-seo-wordpress\/ -->\n<title>Turism Medical Interna\u021bional \u2013 Destina\u021bii, Clinici \u0219i Experien\u021be Culturale<\/title>\n<meta name=\"description\" content=\"Afl\u0103 care sunt cele mai c\u0103utate destina\u021bii de turism medical. Compar\u0103 clinici interna\u021bionale \u0219i descoper\u0103 op\u021biuni de tratament \u0219i turism cultural \u00eentr-un singur loc.\" \/>\n<meta name=\"robots\" content=\"index, follow, max-snippet:-1, max-image-preview:large, max-video-preview:-1\" \/>\n<link rel=\"canonical\" href=\"https:\/\/officialguides.com\/ro\/turism-medical-international\/\" \/>\n<meta property=\"og:locale\" content=\"ro_RO\" \/>\n<meta property=\"og:type\" content=\"article\" \/>\n<meta property=\"og:title\" content=\"Turism Medical Interna\u021bional \u2013 Destina\u021bii, Clinici \u0219i Experien\u021be Culturale\" \/>\n<meta property=\"og:description\" content=\"Afl\u0103 care sunt cele mai c\u0103utate destina\u021bii de turism medical. Compar\u0103 clinici interna\u021bionale \u0219i descoper\u0103 op\u021biuni de tratament \u0219i turism cultural \u00eentr-un singur loc.\" \/>\n<meta property=\"og:url\" content=\"https:\/\/officialguides.com\/ro\/turism-medical-international\/\" \/>\n<meta property=\"og:site_name\" content=\"Find Your Private Tour Guide Around The World!\" \/>\n<meta property=\"og:image\" content=\"https:\/\/officialguides.com\/wp-content\/uploads\/2025\/04\/medical-tourism.jpg\" \/>\n\t<meta property=\"og:image:width\" content=\"1023\" \/>\n\t<meta property=\"og:image:height\" content=\"373\" \/>\n\t<meta property=\"og:image:type\" content=\"image\/jpeg\" \/>\n<meta name=\"twitter:card\" content=\"summary_large_image\" \/>\n<meta name=\"twitter:label1\" content=\"Timp estimat pentru citire\" \/>\n\t<meta name=\"twitter:data1\" content=\"3 minute\" \/>\n<script type=\"application\/ld+json\" class=\"yoast-schema-graph\">{\"@context\":\"https:\\\/\\\/schema.org\",\"@graph\":[{\"@type\":\"WebPage\",\"@id\":\"https:\\\/\\\/officialguides.com\\\/ro\\\/turism-medical-international\\\/\",\"url\":\"https:\\\/\\\/officialguides.com\\\/ro\\\/turism-medical-international\\\/\",\"name\":\"Turism Medical Interna\u021bional \u2013 Destina\u021bii, Clinici \u0219i Experien\u021be Culturale\",\"isPartOf\":{\"@id\":\"https:\\\/\\\/officialguides.com\\\/ro\\\/#website\"},\"primaryImageOfPage\":{\"@id\":\"https:\\\/\\\/officialguides.com\\\/ro\\\/turism-medical-international\\\/#primaryimage\"},\"image\":{\"@id\":\"https:\\\/\\\/officialguides.com\\\/ro\\\/turism-medical-international\\\/#primaryimage\"},\"thumbnailUrl\":\"https:\\\/\\\/officialguides.com\\\/wp-content\\\/uploads\\\/2025\\\/04\\\/medical-tourism.jpg\",\"datePublished\":\"2025-04-18T15:08:51+00:00\",\"description\":\"Afl\u0103 care sunt cele mai c\u0103utate destina\u021bii de turism medical. Compar\u0103 clinici interna\u021bionale \u0219i descoper\u0103 op\u021biuni de tratament \u0219i turism cultural \u00eentr-un singur loc.\",\"breadcrumb\":{\"@id\":\"https:\\\/\\\/officialguides.com\\\/ro\\\/turism-medical-international\\\/#breadcrumb\"},\"inLanguage\":\"ro-RO\",\"potentialAction\":[{\"@type\":\"ReadAction\",\"target\":[\"https:\\\/\\\/officialguides.com\\\/ro\\\/turism-medical-international\\\/\"]}]},{\"@type\":\"ImageObject\",\"inLanguage\":\"ro-RO\",\"@id\":\"https:\\\/\\\/officialguides.com\\\/ro\\\/turism-medical-international\\\/#primaryimage\",\"url\":\"https:\\\/\\\/officialguides.com\\\/wp-content\\\/uploads\\\/2025\\\/04\\\/medical-tourism.jpg\",\"contentUrl\":\"https:\\\/\\\/officialguides.com\\\/wp-content\\\/uploads\\\/2025\\\/04\\\/medical-tourism.jpg\",\"width\":1023,\"height\":373,\"caption\":\"Pacient interna\u021bional cercet\u00e2nd op\u021biuni medicale \u00een timpul unei c\u0103l\u0103torii culturale\"},{\"@type\":\"BreadcrumbList\",\"@id\":\"https:\\\/\\\/officialguides.com\\\/ro\\\/turism-medical-international\\\/#breadcrumb\",\"itemListElement\":[{\"@type\":\"ListItem\",\"position\":1,\"name\":\"Home\",\"item\":\"https:\\\/\\\/officialguides.com\\\/ro\\\/\"},{\"@type\":\"ListItem\",\"position\":2,\"name\":\"Turism Medical Interna\u021bional\"}]},{\"@type\":\"WebSite\",\"@id\":\"https:\\\/\\\/officialguides.com\\\/ro\\\/#website\",\"url\":\"https:\\\/\\\/officialguides.com\\\/ro\\\/\",\"name\":\"Official Tour Guides Around The World! Istanbul, Paris, Rome, Dubai...\",\"description\":\"Explore cities and popular destinations with professional, official, certified tour guides\",\"alternateName\":\"Official Guides\",\"potentialAction\":[{\"@type\":\"SearchAction\",\"target\":{\"@type\":\"EntryPoint\",\"urlTemplate\":\"https:\\\/\\\/officialguides.com\\\/ro\\\/?s={search_term_string}\"},\"query-input\":{\"@type\":\"PropertyValueSpecification\",\"valueRequired\":true,\"valueName\":\"search_term_string\"}}],\"inLanguage\":\"ro-RO\"}]}<\/script>\n<!-- \/ Yoast SEO plugin. -->","yoast_head_json":{"title":"Turism Medical Interna\u021bional \u2013 Destina\u021bii, Clinici \u0219i Experien\u021be Culturale","description":"Afl\u0103 care sunt cele mai c\u0103utate destina\u021bii de turism medical. Compar\u0103 clinici interna\u021bionale \u0219i descoper\u0103 op\u021biuni de tratament \u0219i turism cultural \u00eentr-un singur loc.","robots":{"index":"index","follow":"follow","max-snippet":"max-snippet:-1","max-image-preview":"max-image-preview:large","max-video-preview":"max-video-preview:-1"},"canonical":"https:\/\/officialguides.com\/ro\/turism-medical-international\/","og_locale":"ro_RO","og_type":"article","og_title":"Turism Medical Interna\u021bional \u2013 Destina\u021bii, Clinici \u0219i Experien\u021be Culturale","og_description":"Afl\u0103 care sunt cele mai c\u0103utate destina\u021bii de turism medical. Compar\u0103 clinici interna\u021bionale \u0219i descoper\u0103 op\u021biuni de tratament \u0219i turism cultural \u00eentr-un singur loc.","og_url":"https:\/\/officialguides.com\/ro\/turism-medical-international\/","og_site_name":"Find Your Private Tour Guide Around The World!","og_image":[{"width":1023,"height":373,"url":"https:\/\/officialguides.com\/wp-content\/uploads\/2025\/04\/medical-tourism.jpg","type":"image\/jpeg"}],"twitter_card":"summary_large_image","twitter_misc":{"Timp estimat pentru citire":"3 minute"},"schema":{"@context":"https:\/\/schema.org","@graph":[{"@type":"WebPage","@id":"https:\/\/officialguides.com\/ro\/turism-medical-international\/","url":"https:\/\/officialguides.com\/ro\/turism-medical-international\/","name":"Turism Medical Interna\u021bional \u2013 Destina\u021bii, Clinici \u0219i Experien\u021be Culturale","isPartOf":{"@id":"https:\/\/officialguides.com\/ro\/#website"},"primaryImageOfPage":{"@id":"https:\/\/officialguides.com\/ro\/turism-medical-international\/#primaryimage"},"image":{"@id":"https:\/\/officialguides.com\/ro\/turism-medical-international\/#primaryimage"},"thumbnailUrl":"https:\/\/officialguides.com\/wp-content\/uploads\/2025\/04\/medical-tourism.jpg","datePublished":"2025-04-18T15:08:51+00:00","description":"Afl\u0103 care sunt cele mai c\u0103utate destina\u021bii de turism medical. Compar\u0103 clinici interna\u021bionale \u0219i descoper\u0103 op\u021biuni de tratament \u0219i turism cultural \u00eentr-un singur loc.","breadcrumb":{"@id":"https:\/\/officialguides.com\/ro\/turism-medical-international\/#breadcrumb"},"inLanguage":"ro-RO","potentialAction":[{"@type":"ReadAction","target":["https:\/\/officialguides.com\/ro\/turism-medical-international\/"]}]},{"@type":"ImageObject","inLanguage":"ro-RO","@id":"https:\/\/officialguides.com\/ro\/turism-medical-international\/#primaryimage","url":"https:\/\/officialguides.com\/wp-content\/uploads\/2025\/04\/medical-tourism.jpg","contentUrl":"https:\/\/officialguides.com\/wp-content\/uploads\/2025\/04\/medical-tourism.jpg","width":1023,"height":373,"caption":"Pacient interna\u021bional cercet\u00e2nd op\u021biuni medicale \u00een timpul unei c\u0103l\u0103torii culturale"},{"@type":"BreadcrumbList","@id":"https:\/\/officialguides.com\/ro\/turism-medical-international\/#breadcrumb","itemListElement":[{"@type":"ListItem","position":1,"name":"Home","item":"https:\/\/officialguides.com\/ro\/"},{"@type":"ListItem","position":2,"name":"Turism Medical Interna\u021bional"}]},{"@type":"WebSite","@id":"https:\/\/officialguides.com\/ro\/#website","url":"https:\/\/officialguides.com\/ro\/","name":"Official Tour Guides Around The World! Istanbul, Paris, Rome, Dubai...","description":"Explore cities and popular destinations with professional, official, certified tour guides","alternateName":"Official Guides","potentialAction":[{"@type":"SearchAction","target":{"@type":"EntryPoint","urlTemplate":"https:\/\/officialguides.com\/ro\/?s={search_term_string}"},"query-input":{"@type":"PropertyValueSpecification","valueRequired":true,"valueName":"search_term_string"}}],"inLanguage":"ro-RO"}]}},"_links":{"self":[{"href":"https:\/\/officialguides.com\/ro\/wp-json\/wp\/v2\/pages\/394740","targetHints":{"allow":["GET"]}}],"collection":[{"href":"https:\/\/officialguides.com\/ro\/wp-json\/wp\/v2\/pages"}],"about":[{"href":"https:\/\/officialguides.com\/ro\/wp-json\/wp\/v2\/types\/page"}],"author":[{"embeddable":true,"href":"https:\/\/officialguides.com\/ro\/wp-json\/wp\/v2\/users\/3"}],"replies":[{"embeddable":true,"href":"https:\/\/officialguides.com\/ro\/wp-json\/wp\/v2\/comments?post=394740"}],"version-history":[{"count":0,"href":"https:\/\/officialguides.com\/ro\/wp-json\/wp\/v2\/pages\/394740\/revisions"}],"wp:featuredmedia":[{"embeddable":true,"href":"https:\/\/officialguides.com\/ro\/wp-json\/wp\/v2\/media\/394729"}],"wp:attachment":[{"href":"https:\/\/officialguides.com\/ro\/wp-json\/wp\/v2\/media?parent=394740"}],"curies":[{"name":"wp","href":"https:\/\/api.w.org\/{rel}","templated":true}]}}