{"id":40391,"date":"2020-05-18T01:01:03","date_gmt":"2020-05-17T22:01:03","guid":{"rendered":"https:\/\/www.officialguides.net\/registro-para-guias-2\/"},"modified":"2020-05-25T13:44:17","modified_gmt":"2020-05-25T10:44:17","slug":"registro-para-guias-2","status":"publish","type":"page","link":"https:\/\/officialguides.com\/pt-pt\/registro-para-guias-2\/","title":{"rendered":"Registro Para Guias"},"content":{"rendered":"<h2>Registro Para Guias<\/h2>\n<p>Officialguide.net \u00e9 um site para reunir os guias tur\u00edsticos oficiais em todo o mundo. Em nossas p\u00e1ginas da web, voc\u00ea pode apresentar e vender seus passeios particulares diretamente para os viajantes. Preencha o formul\u00e1rio abaixo para saber como voc\u00ea ser\u00e1 listado em nosso site.<\/p>\n<h3>Por que devo vender meus passeios particulares online?<\/h3>\n<p>Juntamente com o coronav\u00edrus, infelizmente estamos no in\u00edcio de um novo pedido em 2020. Entre todos os setores, o turismo \u00e9 talvez o mais afetado negativamente. Segundo os especialistas, nesse conceito novo e incomum, as viagens tur\u00edsticas ser\u00e3o realizadas principalmente em base individual e n\u00e3o em grupos. Portanto, as viagens, transfer\u00eancias, passeios pela cidade e todas as outras excurs\u00f5es ser\u00e3o particulares e esse novo conceito aumentar\u00e1 os custos por pessoa. Fam\u00edlias ou pequenos grupos preferem entrar em contato diretamente com os guias tur\u00edsticos do que com as ag\u00eancias de viagens para encontrar um servi\u00e7o privado. E, claro, o primeiro endere\u00e7o deles ser\u00e1 o Google. Neste ponto, \u00e9 uma quest\u00e3o de ter um site para cada guia de turismo e n\u00e3o se pode esperar que todos possuam um site. Mesmo se voc\u00ea possui um site pessoal, ter\u00e1 que pagar muito por um trabalho s\u00e9rio de SEO e esperar muito tempo para ver os resultados. Esse esfor\u00e7o tamb\u00e9m n\u00e3o garantir\u00e1 uma boa classifica\u00e7\u00e3o no Google. Portanto, como uma solu\u00e7\u00e3o alternativa, o Officialguides.net agora est\u00e1 oferecendo todo o trabalho para voc\u00ea. Como resultado, voc\u00ea ter\u00e1 seu pr\u00f3prio perfil da web e vender\u00e1 seus passeios particulares online. Para aproveitar esse servi\u00e7o gratuito, preencha o formul\u00e1rio nesta p\u00e1gina.<\/p>\n<h3>Por que voc\u00ea deve escolher officialguides.net?<\/h3>\n<p>Como o Officialguides.net \u00e9 um site multil\u00edngue, voc\u00ea pode oferecer seus tours privados em qualquer idioma (incluindo o portugu\u00eas) que desejar e at\u00e9 mesmo em v\u00e1rios idiomas. Al\u00e9m disso, n\u00e3o ser\u00e1 dif\u00edcil alcan\u00e7ar visitantes em potencial no Google, com a ajuda das mais recentes t\u00e9cnicas de SEO que usamos.<\/p>\n<p>\t\t\t\t\t\t\t\t\t\t<img decoding=\"async\" width=\"1024\" height=\"365\" src=\"https:\/\/www.officialguides.net\/wp-content\/uploads\/2020\/05\/how-to-sell-my-private-tours-online-1024x365.jpg\" alt=\"how to sell my private tours and excursions in internet directly to the guest\" srcset=\"https:\/\/www.officialguides.net\/wp-content\/uploads\/2020\/05\/how-to-sell-my-private-tours-online-1024x365.jpg 1024w, https:\/\/www.officialguides.net\/wp-content\/uploads\/2020\/05\/how-to-sell-my-private-tours-online-300x107.jpg 300w, https:\/\/www.officialguides.net\/wp-content\/uploads\/2020\/05\/how-to-sell-my-private-tours-online-768x274.jpg 768w, https:\/\/www.officialguides.net\/wp-content\/uploads\/2020\/05\/how-to-sell-my-private-tours-online.jpg 1280w\" sizes=\"(max-width: 1024px) 100vw, 1024px\" \/><\/p>\n","protected":false},"excerpt":{"rendered":"<p>Registro Para Guias Officialguide.net \u00e9 um site para reunir os guias tur\u00edsticos oficiais em todo o mundo. Em nossas p\u00e1ginas da web, voc\u00ea pode apresentar e vender seus passeios particulares diretamente para os viajantes. Preencha o formul\u00e1rio abaixo para saber como voc\u00ea ser\u00e1 listado em nosso site. Por que devo vender meus passeios particulares online? &#8230; <a title=\"Registro Para Guias\" class=\"read-more\" href=\"https:\/\/officialguides.com\/pt-pt\/registro-para-guias-2\/\" aria-label=\"Leia mais sobre Registro Para Guias\">Ler mais<\/a><\/p>\n","protected":false},"author":3,"featured_media":0,"parent":0,"menu_order":0,"comment_status":"closed","ping_status":"closed","template":"","meta":{"_acf_changed":false,"_lmt_disableupdate":"","_lmt_disable":"","footnotes":""},"class_list":["post-40391","page","type-page","status-publish"],"acf":[],"yoast_head":"<!-- This site is optimized with the Yoast SEO plugin v27.6 - https:\/\/yoast.com\/product\/yoast-seo-wordpress\/ -->\n<title>Registo Para Guias Portugueses | Venda Passeios Privados Online?<\/title>\n<meta name=\"description\" content=\"Como posso vender meus passeios no Google \/ Internet? Voc\u00ea \u00e9 um guia profissional? Tem uma licen\u00e7a? Ofere\u00e7a suas excurs\u00f5es pelo nosso site.\" \/>\n<meta name=\"robots\" content=\"index, follow, max-snippet:-1, max-image-preview:large, max-video-preview:-1\" \/>\n<link rel=\"canonical\" href=\"https:\/\/officialguides.com\/pt-pt\/registro-para-guias-2\/\" \/>\n<meta property=\"og:locale\" content=\"pt_PT\" \/>\n<meta property=\"og:type\" content=\"article\" \/>\n<meta property=\"og:title\" content=\"Registo Para Guias Portugueses | Venda Passeios Privados Online?\" \/>\n<meta property=\"og:description\" content=\"Como posso vender meus passeios no Google \/ Internet? Voc\u00ea \u00e9 um guia profissional? Tem uma licen\u00e7a? Ofere\u00e7a suas excurs\u00f5es pelo nosso site.\" \/>\n<meta property=\"og:url\" content=\"https:\/\/officialguides.com\/pt-pt\/registro-para-guias-2\/\" \/>\n<meta property=\"og:site_name\" content=\"Find Your Private Tour Guide Around The World!\" \/>\n<meta property=\"article:modified_time\" content=\"2020-05-25T10:44:17+00:00\" \/>\n<meta property=\"og:image\" content=\"https:\/\/www.officialguides.net\/wp-content\/uploads\/2020\/05\/how-to-sell-my-private-tours-online-1024x365.jpg\" \/>\n<meta name=\"twitter:card\" content=\"summary_large_image\" \/>\n<meta name=\"twitter:label1\" content=\"Tempo estimado de leitura\" \/>\n\t<meta name=\"twitter:data1\" content=\"2 minutos\" \/>\n<script type=\"application\/ld+json\" class=\"yoast-schema-graph\">{\"@context\":\"https:\\\/\\\/schema.org\",\"@graph\":[{\"@type\":\"WebPage\",\"@id\":\"https:\\\/\\\/officialguides.com\\\/pt-pt\\\/registro-para-guias-2\\\/\",\"url\":\"https:\\\/\\\/officialguides.com\\\/pt-pt\\\/registro-para-guias-2\\\/\",\"name\":\"Registo Para Guias Portugueses | Venda Passeios Privados Online?\",\"isPartOf\":{\"@id\":\"https:\\\/\\\/officialguides.com\\\/pt-pt\\\/#website\"},\"primaryImageOfPage\":{\"@id\":\"https:\\\/\\\/officialguides.com\\\/pt-pt\\\/registro-para-guias-2\\\/#primaryimage\"},\"image\":{\"@id\":\"https:\\\/\\\/officialguides.com\\\/pt-pt\\\/registro-para-guias-2\\\/#primaryimage\"},\"thumbnailUrl\":\"https:\\\/\\\/www.officialguides.net\\\/wp-content\\\/uploads\\\/2020\\\/05\\\/how-to-sell-my-private-tours-online-1024x365.jpg\",\"datePublished\":\"2020-05-17T22:01:03+00:00\",\"dateModified\":\"2020-05-25T10:44:17+00:00\",\"description\":\"Como posso vender meus passeios no Google \\\/ Internet? Voc\u00ea \u00e9 um guia profissional? Tem uma licen\u00e7a? Ofere\u00e7a suas excurs\u00f5es pelo nosso site.\",\"breadcrumb\":{\"@id\":\"https:\\\/\\\/officialguides.com\\\/pt-pt\\\/registro-para-guias-2\\\/#breadcrumb\"},\"inLanguage\":\"pt-PT\",\"potentialAction\":[{\"@type\":\"ReadAction\",\"target\":[\"https:\\\/\\\/officialguides.com\\\/pt-pt\\\/registro-para-guias-2\\\/\"]}]},{\"@type\":\"ImageObject\",\"inLanguage\":\"pt-PT\",\"@id\":\"https:\\\/\\\/officialguides.com\\\/pt-pt\\\/registro-para-guias-2\\\/#primaryimage\",\"url\":\"https:\\\/\\\/www.officialguides.net\\\/wp-content\\\/uploads\\\/2020\\\/05\\\/how-to-sell-my-private-tours-online-1024x365.jpg\",\"contentUrl\":\"https:\\\/\\\/www.officialguides.net\\\/wp-content\\\/uploads\\\/2020\\\/05\\\/how-to-sell-my-private-tours-online-1024x365.jpg\"},{\"@type\":\"BreadcrumbList\",\"@id\":\"https:\\\/\\\/officialguides.com\\\/pt-pt\\\/registro-para-guias-2\\\/#breadcrumb\",\"itemListElement\":[{\"@type\":\"ListItem\",\"position\":1,\"name\":\"Home\",\"item\":\"https:\\\/\\\/officialguides.com\\\/pt-pt\\\/\"},{\"@type\":\"ListItem\",\"position\":2,\"name\":\"Registro Para Guias\"}]},{\"@type\":\"WebSite\",\"@id\":\"https:\\\/\\\/officialguides.com\\\/pt-pt\\\/#website\",\"url\":\"https:\\\/\\\/officialguides.com\\\/pt-pt\\\/\",\"name\":\"Official Tour Guides Around The World! Istanbul, Paris, Rome, Dubai...\",\"description\":\"Explore cities and popular destinations with professional, official, certified tour guides\",\"alternateName\":\"Official Guides\",\"potentialAction\":[{\"@type\":\"SearchAction\",\"target\":{\"@type\":\"EntryPoint\",\"urlTemplate\":\"https:\\\/\\\/officialguides.com\\\/pt-pt\\\/?s={search_term_string}\"},\"query-input\":{\"@type\":\"PropertyValueSpecification\",\"valueRequired\":true,\"valueName\":\"search_term_string\"}}],\"inLanguage\":\"pt-PT\"}]}<\/script>\n<!-- \/ Yoast SEO plugin. -->","yoast_head_json":{"title":"Registo Para Guias Portugueses | Venda Passeios Privados Online?","description":"Como posso vender meus passeios no Google \/ Internet? Voc\u00ea \u00e9 um guia profissional? Tem uma licen\u00e7a? Ofere\u00e7a suas excurs\u00f5es pelo nosso site.","robots":{"index":"index","follow":"follow","max-snippet":"max-snippet:-1","max-image-preview":"max-image-preview:large","max-video-preview":"max-video-preview:-1"},"canonical":"https:\/\/officialguides.com\/pt-pt\/registro-para-guias-2\/","og_locale":"pt_PT","og_type":"article","og_title":"Registo Para Guias Portugueses | Venda Passeios Privados Online?","og_description":"Como posso vender meus passeios no Google \/ Internet? Voc\u00ea \u00e9 um guia profissional? Tem uma licen\u00e7a? Ofere\u00e7a suas excurs\u00f5es pelo nosso site.","og_url":"https:\/\/officialguides.com\/pt-pt\/registro-para-guias-2\/","og_site_name":"Find Your Private Tour Guide Around The World!","article_modified_time":"2020-05-25T10:44:17+00:00","og_image":[{"url":"https:\/\/www.officialguides.net\/wp-content\/uploads\/2020\/05\/how-to-sell-my-private-tours-online-1024x365.jpg","type":"","width":"","height":""}],"twitter_card":"summary_large_image","twitter_misc":{"Tempo estimado de leitura":"2 minutos"},"schema":{"@context":"https:\/\/schema.org","@graph":[{"@type":"WebPage","@id":"https:\/\/officialguides.com\/pt-pt\/registro-para-guias-2\/","url":"https:\/\/officialguides.com\/pt-pt\/registro-para-guias-2\/","name":"Registo Para Guias Portugueses | Venda Passeios Privados Online?","isPartOf":{"@id":"https:\/\/officialguides.com\/pt-pt\/#website"},"primaryImageOfPage":{"@id":"https:\/\/officialguides.com\/pt-pt\/registro-para-guias-2\/#primaryimage"},"image":{"@id":"https:\/\/officialguides.com\/pt-pt\/registro-para-guias-2\/#primaryimage"},"thumbnailUrl":"https:\/\/www.officialguides.net\/wp-content\/uploads\/2020\/05\/how-to-sell-my-private-tours-online-1024x365.jpg","datePublished":"2020-05-17T22:01:03+00:00","dateModified":"2020-05-25T10:44:17+00:00","description":"Como posso vender meus passeios no Google \/ Internet? Voc\u00ea \u00e9 um guia profissional? Tem uma licen\u00e7a? Ofere\u00e7a suas excurs\u00f5es pelo nosso site.","breadcrumb":{"@id":"https:\/\/officialguides.com\/pt-pt\/registro-para-guias-2\/#breadcrumb"},"inLanguage":"pt-PT","potentialAction":[{"@type":"ReadAction","target":["https:\/\/officialguides.com\/pt-pt\/registro-para-guias-2\/"]}]},{"@type":"ImageObject","inLanguage":"pt-PT","@id":"https:\/\/officialguides.com\/pt-pt\/registro-para-guias-2\/#primaryimage","url":"https:\/\/www.officialguides.net\/wp-content\/uploads\/2020\/05\/how-to-sell-my-private-tours-online-1024x365.jpg","contentUrl":"https:\/\/www.officialguides.net\/wp-content\/uploads\/2020\/05\/how-to-sell-my-private-tours-online-1024x365.jpg"},{"@type":"BreadcrumbList","@id":"https:\/\/officialguides.com\/pt-pt\/registro-para-guias-2\/#breadcrumb","itemListElement":[{"@type":"ListItem","position":1,"name":"Home","item":"https:\/\/officialguides.com\/pt-pt\/"},{"@type":"ListItem","position":2,"name":"Registro Para Guias"}]},{"@type":"WebSite","@id":"https:\/\/officialguides.com\/pt-pt\/#website","url":"https:\/\/officialguides.com\/pt-pt\/","name":"Official Tour Guides Around The World! Istanbul, Paris, Rome, Dubai...","description":"Explore cities and popular destinations with professional, official, certified tour guides","alternateName":"Official Guides","potentialAction":[{"@type":"SearchAction","target":{"@type":"EntryPoint","urlTemplate":"https:\/\/officialguides.com\/pt-pt\/?s={search_term_string}"},"query-input":{"@type":"PropertyValueSpecification","valueRequired":true,"valueName":"search_term_string"}}],"inLanguage":"pt-PT"}]}},"_links":{"self":[{"href":"https:\/\/officialguides.com\/pt-pt\/wp-json\/wp\/v2\/pages\/40391","targetHints":{"allow":["GET"]}}],"collection":[{"href":"https:\/\/officialguides.com\/pt-pt\/wp-json\/wp\/v2\/pages"}],"about":[{"href":"https:\/\/officialguides.com\/pt-pt\/wp-json\/wp\/v2\/types\/page"}],"author":[{"embeddable":true,"href":"https:\/\/officialguides.com\/pt-pt\/wp-json\/wp\/v2\/users\/3"}],"replies":[{"embeddable":true,"href":"https:\/\/officialguides.com\/pt-pt\/wp-json\/wp\/v2\/comments?post=40391"}],"version-history":[{"count":0,"href":"https:\/\/officialguides.com\/pt-pt\/wp-json\/wp\/v2\/pages\/40391\/revisions"}],"wp:attachment":[{"href":"https:\/\/officialguides.com\/pt-pt\/wp-json\/wp\/v2\/media?parent=40391"}],"curies":[{"name":"wp","href":"https:\/\/api.w.org\/{rel}","templated":true}]}}