{"id":394674,"date":"2025-03-22T19:29:12","date_gmt":"2025-03-22T16:29:12","guid":{"rendered":"https:\/\/officialguides.com\/cisterna-da-basilica-istambul\/"},"modified":"2026-01-12T15:04:50","modified_gmt":"2026-01-12T12:04:50","slug":"cisterna-da-basilica-istambul","status":"publish","type":"page","link":"https:\/\/officialguides.com\/pt-pt\/cisterna-da-basilica-istambul\/","title":{"rendered":"Cisterna da Bas\u00edlica Istambul"},"content":{"rendered":"<h2 class=\"\" data-start=\"456\" data-end=\"505\">Entrada e bilhetes para a Cisterna da Bas\u00edlica<\/h2>\n<p data-path-to-node=\"19\">Um dos monumentos hist\u00f3ricos mais fascinantes de Istambul, a <b data-path-to-node=\"19\" data-index-in-node=\"61\">Basilica Cistern<\/b> (ou Pal\u00e1cio Submerso) foi constru\u00edda em 532 d.C. pelo <b data-path-to-node=\"19\" data-index-in-node=\"132\">Roman Emperor Justinian I<\/b>. Com mais de 10.000 visitantes por dia, as longas filas para bilhetes s\u00e3o comuns \u00e0 entrada (at\u00e9 1,5 hora de espera durante a \u00e9poca alta, de abril a novembro). Se preferir uma entrada r\u00e1pida, \ud83c\udf1f <i data-path-to-node=\"19\" data-index-in-node=\"349\"><a class=\"ng-star-inserted\" href=\"https:\/\/www.tiqets.com\/basilica-cistern-tickets-l147375\/?partner=travelingturks\" target=\"_blank\" rel=\"noopener\" data-hveid=\"0\" data-ved=\"0CAAQ_4QMahgKEwj8kfGp2oWSAxUAAAAAHQAAAAAQ1Qg\">pode reservar os seus bilhetes aqui<\/a><\/i> e <span style=\"color: #800000;\"><em><a style=\"color: #800000;\" href=\"https:\/\/officialguides.com\/pt-pt\/guia-portugues-istanbul\/\" target=\"_blank\" rel=\"noopener\">reservar um guia privado<\/a><\/em><\/span> para uma visita guiada sem filas \u00e0 cisterna.<\/p>\n<figure style=\"width: 1014px\" class=\"wp-caption aligncenter\"><img decoding=\"async\" src=\"https:\/\/officialguides.com\/wp-content\/uploads\/2025\/03\/basilica-cistern-fast-track-entry.jpg\" alt=\"Underground Cistern ticket lines\" width=\"1024\" height=\"358\" \/><figcaption class=\"wp-caption-text\"><em>Filas de bilhetes para a Cisterna da Bas\u00edlica<\/em><\/figcaption><\/figure>\n<p class=\"\" data-start=\"1186\" data-end=\"1573\">Durante o per\u00edodo otomano, a cisterna foi usada principalmente para <strong data-start=\"1254\" data-end=\"1267\">irriga\u00e7\u00e3o<\/strong>, e n\u00e3o como fonte de \u00e1gua pot\u00e1vel. Entre as mais de <strong data-start=\"1320\" data-end=\"1358\">100 cisternas bizantinas e romanas<\/strong> constru\u00eddas em Constantinopla, esta \u00e9 a maior \u2013 e tamb\u00e9m a <strong data-start=\"1418\" data-end=\"1457\">maior cisterna subterr\u00e2nea do mundo<\/strong>. Hoje, continua a encantar os visitantes com a sua <strong data-start=\"1509\" data-end=\"1535\">atmosfera hipnotizante<\/strong>, colunas antigas e ilumina\u00e7\u00e3o c\u00e9nica.<\/p>\n<h3 class=\"\" data-start=\"1575\" data-end=\"1622\"><span style=\"text-decoration: underline;\">Pre\u00e7os dos bilhetes e informa\u00e7\u00f5es de compra 2026<\/span><\/h3>\n<h4 class=\"\" data-start=\"1624\" data-end=\"1658\">Visita diurna (09:00 &#8211; 18:30)<\/h4>\n<ul>\n<li data-start=\"1662\" data-end=\"1681\"><strong>Adultos:<\/strong> 1.500 TL<\/li>\n<li data-start=\"1684\" data-end=\"1722\"><strong>Crian\u00e7as com menos de 7 anos:<\/strong> Gratuito<\/li>\n<li data-start=\"1684\" data-end=\"1722\">O desconto de estudante \u00e9 v\u00e1lido apenas para estudantes a estudar na Turquia.<\/li>\n<\/ul>\n<p><img decoding=\"async\" class=\"aligncenter\" src=\"https:\/\/officialguides.com\/wp-content\/uploads\/2025\/03\/ticket-prices-basilica-cistern.jpg\" alt=\"ticket price and online purchase for Underground Cistern in Istanbul, free and discounted entrance\" \/><\/p>\n<h4 class=\"\" data-start=\"1724\" data-end=\"1759\">Visita noturna (19:30 &#8211; 22:00)<\/h4>\n<ul>\n<li data-start=\"1763\" data-end=\"1782\">Adultos: 2.400 TL<\/li>\n<li data-start=\"1785\" data-end=\"1823\">Crian\u00e7as com menos de 7 anos: Gratuito<\/li>\n<li data-start=\"1827\" data-end=\"1902\">Os bilhetes diurnos podem ser adquiridos nas bilheteiras (09:00 &#8211; 18:30).<\/li>\n<li data-start=\"1905\" data-end=\"2014\">Os bilhetes noturnos est\u00e3o <strong data-start=\"1932\" data-end=\"1954\">dispon\u00edveis apenas<\/strong> na bilheteira da Cisterna da Bas\u00edlica a partir das 19:30.<\/li>\n<li data-start=\"2017\" data-end=\"2150\">A K\u00fclt\u00fcr A\u015e n\u00e3o se responsabiliza por bilhetes comprados atrav\u00e9s de <strong data-start=\"2085\" data-end=\"2115\">vendedores n\u00e3o autorizados<\/strong>. <em><a href=\"https:\/\/gyg.me\/RaeT5WTs\" target=\"_blank\" rel=\"noopener\">(Getyourguide is an official vendor).<\/a><\/em><\/li>\n<li data-start=\"2153\" data-end=\"2248\">Os bilhetes s\u00e3o v\u00e1lidos para <strong data-start=\"2182\" data-end=\"2216\">uma \u00fanica entrada no mesmo dia<\/strong>. N\u00e3o h\u00e1 reembolsos ou trocas.<\/li>\n<li data-start=\"2251\" data-end=\"2348\">Crian\u00e7as com menos de 7 anos e guias credenciados t\u00eam entrada gratuita no programa Night Shift.<\/li>\n<li data-start=\"2351\" data-end=\"2453\">Apenas pagamentos em <strong data-start=\"2372\" data-end=\"2406\">numer\u00e1rio ou cart\u00e3o de cr\u00e9dito<\/strong> s\u00e3o aceites. Moeda estrangeira n\u00e3o \u00e9 aceite.<\/li>\n<li data-start=\"2456\" data-end=\"2548\">O <strong data-start=\"2458\" data-end=\"2487\">Cart\u00e3o Museu n\u00e3o \u00e9 v\u00e1lido<\/strong>, pois a Cisterna n\u00e3o est\u00e1 afiliada ao Minist\u00e9rio da Cultura.<\/li>\n<\/ul>\n<h3 class=\"\" data-start=\"2550\" data-end=\"2602\"><span style=\"text-decoration: underline;\">Hor\u00e1rios de funcionamento e dias de encerramento 2026<\/span><\/h3>\n<ul>\n<li data-start=\"2606\" data-end=\"2651\">Aberta <strong data-start=\"2613\" data-end=\"2630\">todos os dias<\/strong> das 09:00 \u00e0s 22:00<\/li>\n<li data-start=\"2654\" data-end=\"2721\">Encerrada entre as 18:30 e as 19:30 devido \u00e0 transi\u00e7\u00e3o entre turnos<\/li>\n<\/ul>\n<p><img decoding=\"async\" class=\"aligncenter\" src=\"https:\/\/officialguides.com\/wp-content\/uploads\/2025\/03\/basilica-cistern-opening-hours.jpg\" alt=\"Cisterna Basilica \/ Sunken Palace visitors information, closing hour and days\" \/><\/p>\n<h3 class=\"\" data-start=\"2723\" data-end=\"2761\"><span style=\"text-decoration: underline;\">Como chegar \u00e0 Cisterna da Bas\u00edlica<\/span><\/h3>\n<h4 class=\"\" data-start=\"2763\" data-end=\"2784\">El\u00e9ctrico (tram)<\/h4>\n<p class=\"\" data-start=\"2786\" data-end=\"2893\">A paragem mais pr\u00f3xima \u00e9 <strong data-start=\"2811\" data-end=\"2826\">Sultanahmet<\/strong>, na linha T1 (Ba\u011fc\u0131lar-Kabata\u015f). A partir da\u00ed, s\u00e3o 5 minutos a p\u00e9.<\/p>\n<p data-start=\"2786\" data-end=\"2893\"><iframe src=\"https:\/\/www.google.com\/maps\/embed?pb=!1m18!1m12!1m3!1d3010.7708709753197!2d28.975303074478624!3d41.00838801942053!2m3!1f0!2f0!3f0!3m2!1i1024!2i768!4f13.1!3m3!1m2!1s0x14cab9bde0c66ac9%3A0x60c02fe1ee6d8471!2zWWVyZWJhdGFuIFNhcm7EsWPEsQ!5e0!3m2!1str!2str!4v1741789356228!5m2!1str!2str\" width=\"600\" height=\"450\" frameborder=\"0\" allowfullscreen=\"allowfullscreen\"><\/iframe><\/p>\n<h4 class=\"\" data-start=\"2895\" data-end=\"2905\">Metro<\/h4>\n<p class=\"\" data-start=\"2907\" data-end=\"3123\">Apanhe a linha <strong data-start=\"2922\" data-end=\"2934\">Marmaray<\/strong> at\u00e9 \u00e0 esta\u00e7\u00e3o <strong data-start=\"2949\" data-end=\"2960\">Sirkeci<\/strong>, mude para o el\u00e9ctrico e saia em <strong data-start=\"2994\" data-end=\"3009\">Sultanahmet<\/strong> (3 minutos a p\u00e9).<br data-start=\"3027\" data-end=\"3030\" \/>Alternativamente, pode sair pelas sa\u00eddas 2 ou 3 da esta\u00e7\u00e3o e caminhar cerca de 10-15 minutos.<\/p>\n<h4 class=\"\" data-start=\"3125\" data-end=\"3139\">Autocarro<\/h4>\n<p class=\"\" data-start=\"3141\" data-end=\"3203\"><strong data-start=\"3141\" data-end=\"3173\">N\u00e3o h\u00e1 autocarros municipais<\/strong> que passem perto da Cisterna.<\/p>\n<h4 class=\"\" data-start=\"3205\" data-end=\"3226\">Carro particular<\/h4>\n<p class=\"\" data-start=\"3228\" data-end=\"3370\">Devido ao <strong data-start=\"3238\" data-end=\"3258\">tr\u00e2nsito intenso<\/strong> na pen\u00ednsula hist\u00f3rica, \u00e9 recomend\u00e1vel usar os transportes p\u00fablicos. As op\u00e7\u00f5es de estacionamento s\u00e3o limitadas.<\/p>\n<h3 class=\"\" data-start=\"3372\" data-end=\"3421\"><span style=\"text-decoration: underline;\">Destaques imperd\u00edveis na Cisterna da Bas\u00edlica<\/span><\/h3>\n<h4 class=\"\" data-start=\"3423\" data-end=\"3448\">1. Cabe\u00e7as de Medusa<\/h4>\n<p class=\"\" data-start=\"3450\" data-end=\"3566\">Duas <strong data-start=\"3455\" data-end=\"3476\">cabe\u00e7as de Medusa<\/strong>, uma invertida e a outra de lado, encontram-se na base de duas colunas no canto noroeste.<\/p>\n<p class=\"\" data-start=\"3568\" data-end=\"4009\"><strong data-start=\"3568\" data-end=\"3595\">Significado mitol\u00f3gico:<\/strong><br data-start=\"3595\" data-end=\"3598\" \/>Na mitologia grega, Medusa era uma G\u00f3rgona com cabelos de serpentes que podia transformar pessoas em pedra com o olhar.<br data-start=\"3717\" data-end=\"3720\" \/>Durante o per\u00edodo romano, acreditava-se que as <strong data-start=\"3767\" data-end=\"3788\">cabe\u00e7as de Medusa<\/strong> afastavam os maus esp\u00edritos.<br data-start=\"3817\" data-end=\"3820\" \/>Sup\u00f5e-se que tenham sido reutilizadas de um edif\u00edcio romano mais antigo.<br data-start=\"3892\" data-end=\"3895\" \/>A sua posi\u00e7\u00e3o invertida pode ter sido feita para <strong data-start=\"3944\" data-end=\"3977\">neutralizar o poder de Medusa<\/strong>, de acordo com cren\u00e7as crist\u00e3s.<\/p>\n<h4 class=\"\" data-start=\"4011\" data-end=\"4040\">2. As majestosas colunas<\/h4>\n<p class=\"\" data-start=\"4042\" data-end=\"4357\">A cisterna \u00e9 sustentada por <strong data-start=\"4070\" data-end=\"4096\">336 colunas de m\u00e1rmore<\/strong>, cada uma com cerca de 9 metros de altura. Muitas possuem capit\u00e9is <strong data-start=\"4164\" data-end=\"4187\">cor\u00edntios e j\u00f3nicos<\/strong>, algumas foram trazidas de templos pag\u00e3os, outras esculpidas especialmente para este local. A ilumina\u00e7\u00e3o suave e os reflexos na \u00e1gua criam uma <strong data-start=\"4331\" data-end=\"4356\">atmosfera encantadora<\/strong>.<\/p>\n<p data-start=\"4042\" data-end=\"4357\"><img decoding=\"async\" class=\"aligncenter\" src=\"https:\/\/officialguides.com\/wp-content\/uploads\/2025\/03\/what-to-see-in-basilica-cistern.jpg\" alt=\"what is interesting to see inside Underground Cistern Istanbul\" \/><\/p>\n<h4 class=\"\" data-start=\"4359\" data-end=\"4392\">3. Reflexos m\u00edsticos da \u00e1gua<\/h4>\n<p class=\"\" data-start=\"4394\" data-end=\"4484\">Uma das caracter\u00edsticas mais m\u00e1gicas da cisterna \u00e9 o reflexo da luz na superf\u00edcie da \u00e1gua.<\/p>\n<p class=\"\" data-start=\"4486\" data-end=\"4504\">Porque \u00e9 especial?<\/p>\n<ul data-start=\"4506\" data-end=\"4647\">\n<li class=\"\" data-start=\"4506\" data-end=\"4550\">\n<p class=\"\" data-start=\"4508\" data-end=\"4550\">Cria um ambiente <strong data-start=\"4525\" data-end=\"4548\">misterioso e et\u00e9reo<\/strong><\/p>\n<\/li>\n<li class=\"\" data-start=\"4551\" data-end=\"4598\">\n<p class=\"\" data-start=\"4553\" data-end=\"4598\">D\u00e1 a impress\u00e3o de <strong data-start=\"4571\" data-end=\"4596\">profundidade infinita<\/strong><\/p>\n<\/li>\n<li class=\"\" data-start=\"4599\" data-end=\"4647\">\n<p class=\"\" data-start=\"4601\" data-end=\"4647\">Ideal para <strong data-start=\"4612\" data-end=\"4647\">fotografias art\u00edsticas e \u00fanicas<\/strong><\/p>\n<\/li>\n<\/ul>\n<h4 class=\"\" data-start=\"4649\" data-end=\"4675\">4. A Coluna que Chora<\/h4>\n<p class=\"\" data-start=\"4677\" data-end=\"4822\">Diferente das outras, esta coluna possui entalhes que lembram <strong data-start=\"4739\" data-end=\"4751\">l\u00e1grimas<\/strong>. Na verdade, representam os <strong data-start=\"4780\" data-end=\"4801\">n\u00f3s de uma \u00e1rvore<\/strong>, n\u00e3o l\u00e1grimas reais.<\/p>\n<h3 class=\"\" data-start=\"4824\" data-end=\"4874\"><span style=\"text-decoration: underline;\">Experi\u00eancias e eventos na Cisterna da Bas\u00edlica<\/span><\/h3>\n<ul>\n<li data-start=\"4878\" data-end=\"4966\"><strong data-start=\"4878\" data-end=\"4904\">Espet\u00e1culos art\u00edsticos<\/strong>: Espet\u00e1culos de luz e concertos criam uma atmosfera m\u00e1gica.<\/li>\n<li data-start=\"4969\" data-end=\"5060\"><strong data-start=\"4969\" data-end=\"4983\">Guia \u00e1udio<\/strong>: Alugue um guia \u00e1udio para aprender sobre a hist\u00f3ria e mitologia do local.<\/li>\n<li data-start=\"5063\" data-end=\"5156\"><strong data-start=\"5063\" data-end=\"5077\">Fotografia<\/strong>: A ilumina\u00e7\u00e3o e os reflexos s\u00e3o perfeitos para capturar imagens inesquec\u00edveis.<\/li>\n<\/ul>\n<h3 class=\"\" data-start=\"5158\" data-end=\"5203\"><span style=\"text-decoration: underline;\">Dicas para visitar a Cisterna da Bas\u00edlica<\/span><\/h3>\n<ul>\n<li data-start=\"5207\" data-end=\"5271\">Visite de manh\u00e3 cedo ou ao final do dia para evitar multid\u00f5es.<\/li>\n<li data-start=\"5274\" data-end=\"5344\">Use <strong data-start=\"5278\" data-end=\"5304\">cal\u00e7ado antiderrapante<\/strong>, pois o ch\u00e3o pode estar escorregadio.<\/li>\n<li data-start=\"5347\" data-end=\"5408\">O interior \u00e9 mais fresco \u2013 leve um <strong data-start=\"5382\" data-end=\"5397\">casaco leve<\/strong> consigo.<\/li>\n<li data-start=\"5411\" data-end=\"5484\">Para evitar filas, <strong data-start=\"5430\" data-end=\"5483\">compre o seu bilhete online com anteced\u00eancia aqui<\/strong>.<\/li>\n<\/ul>\n<h3 class=\"\" data-start=\"5486\" data-end=\"5510\"><span style=\"text-decoration: underline;\">Perguntas frequentes<\/span><\/h3>\n<h4 class=\"\" data-start=\"5512\" data-end=\"5544\">1. O Cart\u00e3o Museu \u00e9 aceite?<\/h4>\n<p class=\"\" data-start=\"5546\" data-end=\"5621\">N\u00e3o. <strong data-start=\"5551\" data-end=\"5582\">O Cart\u00e3o Museu n\u00e3o \u00e9 v\u00e1lido<\/strong>, pois trata-se de uma atra\u00e7\u00e3o privada.<\/p>\n<h4 class=\"\" data-start=\"5623\" data-end=\"5683\">2. A cisterna \u00e9 acess\u00edvel para pessoas com defici\u00eancia?<\/h4>\n<p class=\"\" data-start=\"5685\" data-end=\"5814\">Devido ao piso irregular, o acesso com cadeira de rodas pode ser limitado. No entanto, \u00e9 poss\u00edvel solicitar <strong data-start=\"5793\" data-end=\"5813\">ajuda ao pessoal<\/strong>.<\/p>\n<h4 class=\"\" data-start=\"5816\" data-end=\"5858\">3. Qual a melhor altura para visitar?<\/h4>\n<p class=\"\" data-start=\"5860\" data-end=\"5917\">As <strong data-start=\"5863\" data-end=\"5890\">manh\u00e3s durante a semana<\/strong> s\u00e3o as menos movimentadas.<\/p>\n<p class=\"\" data-start=\"5919\" data-end=\"6073\">A <strong data-start=\"5921\" data-end=\"5945\">Cisterna da Bas\u00edlica<\/strong> \u00e9 um destino imperd\u00edvel para quem quer mergulhar na <strong data-start=\"5998\" data-end=\"6030\">hist\u00f3ria m\u00edstica de Istambul<\/strong>. Planeie a sua visita e deixe-se encantar!<\/p>\n<hr class=\"\" data-start=\"6075\" data-end=\"6078\" \/>\n<ul>\n<li data-start=\"6082\" data-end=\"6112\"><em><a href=\"#\" rel=\"noopener\" data-start=\"6082\" data-end=\"6110\">Guia do Pal\u00e1cio Topkapi<\/a><\/em><\/li>\n<li data-start=\"6115\" data-end=\"6141\"><em><a href=\"#\" rel=\"noopener\" data-start=\"6115\" data-end=\"6139\">Guia de Santa Sofia<\/a><\/em><\/li>\n<li data-start=\"6144\" data-end=\"6219\"><em><a href=\"https:\/\/istanbul.ktb.gov.tr\/\" target=\"_new\" rel=\"noopener\" data-start=\"6144\" data-end=\"6217\">Dire\u00e7\u00e3o Provincial de Turismo de Istambul<\/a><\/em><\/li>\n<li data-start=\"6222\" data-end=\"6289\"><em><a href=\"https:\/\/yerebatan.com\/en\/\" target=\"_new\" rel=\"noopener\" data-start=\"6222\" data-end=\"6287\">Site oficial da Cisterna da Bas\u00edlica<\/a><\/em><\/li>\n<li data-start=\"6292\" data-end=\"6319\"><em>Instagram: @yerebatansarnic<\/em><\/li>\n<\/ul>\n","protected":false},"excerpt":{"rendered":"<p>Entrada e bilhetes para a Cisterna da Bas\u00edlica Um dos monumentos hist\u00f3ricos mais fascinantes de Istambul, a Basilica Cistern (ou Pal\u00e1cio Submerso) foi constru\u00edda em 532 d.C. pelo Roman Emperor Justinian I. Com mais de 10.000 visitantes por dia, as longas filas para bilhetes s\u00e3o comuns \u00e0 entrada (at\u00e9 1,5 hora de espera durante a &#8230; <a title=\"Cisterna da Bas\u00edlica Istambul\" class=\"read-more\" href=\"https:\/\/officialguides.com\/pt-pt\/cisterna-da-basilica-istambul\/\" aria-label=\"Leia mais sobre Cisterna da Bas\u00edlica Istambul\">Ler mais<\/a><\/p>\n","protected":false},"author":3,"featured_media":394480,"parent":0,"menu_order":0,"comment_status":"closed","ping_status":"closed","template":"","meta":{"_acf_changed":false,"footnotes":""},"class_list":["post-394674","page","type-page","status-publish","has-post-thumbnail"],"acf":[],"yoast_head":"<!-- This site is optimized with the Yoast SEO plugin v27.5 - https:\/\/yoast.com\/product\/yoast-seo-wordpress\/ -->\n<title>Cisterna da Bas\u00edlica Istambul | Bilhetes, Taxa de entrada, Hor\u00e1rio de funcionamento<\/title>\n<meta name=\"description\" content=\"Guia para Cisterna subterr\u00e2nea; bilhete r\u00e1pido sem filas, dias fechados, como ir de el\u00e9trico\/metro, o que ver por dentro\" \/>\n<meta name=\"robots\" content=\"index, follow, max-snippet:-1, max-image-preview:large, max-video-preview:-1\" \/>\n<link rel=\"canonical\" href=\"https:\/\/officialguides.com\/pt-pt\/cisterna-da-basilica-istambul\/\" \/>\n<meta property=\"og:locale\" content=\"pt_PT\" \/>\n<meta property=\"og:type\" content=\"article\" \/>\n<meta property=\"og:title\" content=\"Cisterna da Bas\u00edlica Istambul | Bilhetes, Taxa de entrada, Hor\u00e1rio de funcionamento\" \/>\n<meta property=\"og:description\" content=\"Guia para Cisterna subterr\u00e2nea; bilhete r\u00e1pido sem filas, dias fechados, como ir de el\u00e9trico\/metro, o que ver por dentro\" \/>\n<meta property=\"og:url\" content=\"https:\/\/officialguides.com\/pt-pt\/cisterna-da-basilica-istambul\/\" \/>\n<meta property=\"og:site_name\" content=\"Find Your Private Tour Guide Around The World!\" \/>\n<meta property=\"article:modified_time\" content=\"2026-01-12T12:04:50+00:00\" \/>\n<meta property=\"og:image\" content=\"https:\/\/officialguides.com\/wp-content\/uploads\/2025\/03\/underground-cistern-istanbul.jpg\" \/>\n\t<meta property=\"og:image:width\" content=\"1164\" \/>\n\t<meta property=\"og:image:height\" content=\"899\" \/>\n\t<meta property=\"og:image:type\" content=\"image\/jpeg\" \/>\n<meta name=\"twitter:card\" content=\"summary_large_image\" \/>\n<meta name=\"twitter:label1\" content=\"Tempo estimado de leitura\" \/>\n\t<meta name=\"twitter:data1\" content=\"5 minutos\" \/>\n<script type=\"application\/ld+json\" class=\"yoast-schema-graph\">{\"@context\":\"https:\\\/\\\/schema.org\",\"@graph\":[{\"@type\":\"WebPage\",\"@id\":\"https:\\\/\\\/officialguides.com\\\/pt-pt\\\/cisterna-da-basilica-istambul\\\/\",\"url\":\"https:\\\/\\\/officialguides.com\\\/pt-pt\\\/cisterna-da-basilica-istambul\\\/\",\"name\":\"Cisterna da Bas\u00edlica Istambul | Bilhetes, Taxa de entrada, Hor\u00e1rio de funcionamento\",\"isPartOf\":{\"@id\":\"https:\\\/\\\/officialguides.com\\\/pt-pt\\\/#website\"},\"primaryImageOfPage\":{\"@id\":\"https:\\\/\\\/officialguides.com\\\/pt-pt\\\/cisterna-da-basilica-istambul\\\/#primaryimage\"},\"image\":{\"@id\":\"https:\\\/\\\/officialguides.com\\\/pt-pt\\\/cisterna-da-basilica-istambul\\\/#primaryimage\"},\"thumbnailUrl\":\"https:\\\/\\\/officialguides.com\\\/wp-content\\\/uploads\\\/2025\\\/03\\\/underground-cistern-istanbul.jpg\",\"datePublished\":\"2025-03-22T16:29:12+00:00\",\"dateModified\":\"2026-01-12T12:04:50+00:00\",\"description\":\"Guia para Cisterna subterr\u00e2nea; bilhete r\u00e1pido sem filas, dias fechados, como ir de el\u00e9trico\\\/metro, o que ver por dentro\",\"breadcrumb\":{\"@id\":\"https:\\\/\\\/officialguides.com\\\/pt-pt\\\/cisterna-da-basilica-istambul\\\/#breadcrumb\"},\"inLanguage\":\"pt-PT\",\"potentialAction\":[{\"@type\":\"ReadAction\",\"target\":[\"https:\\\/\\\/officialguides.com\\\/pt-pt\\\/cisterna-da-basilica-istambul\\\/\"]}]},{\"@type\":\"ImageObject\",\"inLanguage\":\"pt-PT\",\"@id\":\"https:\\\/\\\/officialguides.com\\\/pt-pt\\\/cisterna-da-basilica-istambul\\\/#primaryimage\",\"url\":\"https:\\\/\\\/officialguides.com\\\/wp-content\\\/uploads\\\/2025\\\/03\\\/underground-cistern-istanbul.jpg\",\"contentUrl\":\"https:\\\/\\\/officialguides.com\\\/wp-content\\\/uploads\\\/2025\\\/03\\\/underground-cistern-istanbul.jpg\",\"width\":1164,\"height\":899,\"caption\":\"Cisterna Bas\u00edlica Istambul | Bilhetes, Pre\u00e7o de Entrada, Hor\u00e1rios de Abertura\"},{\"@type\":\"BreadcrumbList\",\"@id\":\"https:\\\/\\\/officialguides.com\\\/pt-pt\\\/cisterna-da-basilica-istambul\\\/#breadcrumb\",\"itemListElement\":[{\"@type\":\"ListItem\",\"position\":1,\"name\":\"Home\",\"item\":\"https:\\\/\\\/officialguides.com\\\/pt-pt\\\/\"},{\"@type\":\"ListItem\",\"position\":2,\"name\":\"Cisterna da Bas\u00edlica Istambul\"}]},{\"@type\":\"WebSite\",\"@id\":\"https:\\\/\\\/officialguides.com\\\/pt-pt\\\/#website\",\"url\":\"https:\\\/\\\/officialguides.com\\\/pt-pt\\\/\",\"name\":\"Official Tour Guides Around The World! Istanbul, Paris, Rome, Dubai...\",\"description\":\"Explore cities and popular destinations with professional, official, certified tour guides\",\"alternateName\":\"Official Guides\",\"potentialAction\":[{\"@type\":\"SearchAction\",\"target\":{\"@type\":\"EntryPoint\",\"urlTemplate\":\"https:\\\/\\\/officialguides.com\\\/pt-pt\\\/?s={search_term_string}\"},\"query-input\":{\"@type\":\"PropertyValueSpecification\",\"valueRequired\":true,\"valueName\":\"search_term_string\"}}],\"inLanguage\":\"pt-PT\"}]}<\/script>\n<!-- \/ Yoast SEO plugin. -->","yoast_head_json":{"title":"Cisterna da Bas\u00edlica Istambul | Bilhetes, Taxa de entrada, Hor\u00e1rio de funcionamento","description":"Guia para Cisterna subterr\u00e2nea; bilhete r\u00e1pido sem filas, dias fechados, como ir de el\u00e9trico\/metro, o que ver por dentro","robots":{"index":"index","follow":"follow","max-snippet":"max-snippet:-1","max-image-preview":"max-image-preview:large","max-video-preview":"max-video-preview:-1"},"canonical":"https:\/\/officialguides.com\/pt-pt\/cisterna-da-basilica-istambul\/","og_locale":"pt_PT","og_type":"article","og_title":"Cisterna da Bas\u00edlica Istambul | Bilhetes, Taxa de entrada, Hor\u00e1rio de funcionamento","og_description":"Guia para Cisterna subterr\u00e2nea; bilhete r\u00e1pido sem filas, dias fechados, como ir de el\u00e9trico\/metro, o que ver por dentro","og_url":"https:\/\/officialguides.com\/pt-pt\/cisterna-da-basilica-istambul\/","og_site_name":"Find Your Private Tour Guide Around The World!","article_modified_time":"2026-01-12T12:04:50+00:00","og_image":[{"width":1164,"height":899,"url":"https:\/\/officialguides.com\/wp-content\/uploads\/2025\/03\/underground-cistern-istanbul.jpg","type":"image\/jpeg"}],"twitter_card":"summary_large_image","twitter_misc":{"Tempo estimado de leitura":"5 minutos"},"schema":{"@context":"https:\/\/schema.org","@graph":[{"@type":"WebPage","@id":"https:\/\/officialguides.com\/pt-pt\/cisterna-da-basilica-istambul\/","url":"https:\/\/officialguides.com\/pt-pt\/cisterna-da-basilica-istambul\/","name":"Cisterna da Bas\u00edlica Istambul | Bilhetes, Taxa de entrada, Hor\u00e1rio de funcionamento","isPartOf":{"@id":"https:\/\/officialguides.com\/pt-pt\/#website"},"primaryImageOfPage":{"@id":"https:\/\/officialguides.com\/pt-pt\/cisterna-da-basilica-istambul\/#primaryimage"},"image":{"@id":"https:\/\/officialguides.com\/pt-pt\/cisterna-da-basilica-istambul\/#primaryimage"},"thumbnailUrl":"https:\/\/officialguides.com\/wp-content\/uploads\/2025\/03\/underground-cistern-istanbul.jpg","datePublished":"2025-03-22T16:29:12+00:00","dateModified":"2026-01-12T12:04:50+00:00","description":"Guia para Cisterna subterr\u00e2nea; bilhete r\u00e1pido sem filas, dias fechados, como ir de el\u00e9trico\/metro, o que ver por dentro","breadcrumb":{"@id":"https:\/\/officialguides.com\/pt-pt\/cisterna-da-basilica-istambul\/#breadcrumb"},"inLanguage":"pt-PT","potentialAction":[{"@type":"ReadAction","target":["https:\/\/officialguides.com\/pt-pt\/cisterna-da-basilica-istambul\/"]}]},{"@type":"ImageObject","inLanguage":"pt-PT","@id":"https:\/\/officialguides.com\/pt-pt\/cisterna-da-basilica-istambul\/#primaryimage","url":"https:\/\/officialguides.com\/wp-content\/uploads\/2025\/03\/underground-cistern-istanbul.jpg","contentUrl":"https:\/\/officialguides.com\/wp-content\/uploads\/2025\/03\/underground-cistern-istanbul.jpg","width":1164,"height":899,"caption":"Cisterna Bas\u00edlica Istambul | Bilhetes, Pre\u00e7o de Entrada, Hor\u00e1rios de Abertura"},{"@type":"BreadcrumbList","@id":"https:\/\/officialguides.com\/pt-pt\/cisterna-da-basilica-istambul\/#breadcrumb","itemListElement":[{"@type":"ListItem","position":1,"name":"Home","item":"https:\/\/officialguides.com\/pt-pt\/"},{"@type":"ListItem","position":2,"name":"Cisterna da Bas\u00edlica Istambul"}]},{"@type":"WebSite","@id":"https:\/\/officialguides.com\/pt-pt\/#website","url":"https:\/\/officialguides.com\/pt-pt\/","name":"Official Tour Guides Around The World! Istanbul, Paris, Rome, Dubai...","description":"Explore cities and popular destinations with professional, official, certified tour guides","alternateName":"Official Guides","potentialAction":[{"@type":"SearchAction","target":{"@type":"EntryPoint","urlTemplate":"https:\/\/officialguides.com\/pt-pt\/?s={search_term_string}"},"query-input":{"@type":"PropertyValueSpecification","valueRequired":true,"valueName":"search_term_string"}}],"inLanguage":"pt-PT"}]}},"_links":{"self":[{"href":"https:\/\/officialguides.com\/pt-pt\/wp-json\/wp\/v2\/pages\/394674","targetHints":{"allow":["GET"]}}],"collection":[{"href":"https:\/\/officialguides.com\/pt-pt\/wp-json\/wp\/v2\/pages"}],"about":[{"href":"https:\/\/officialguides.com\/pt-pt\/wp-json\/wp\/v2\/types\/page"}],"author":[{"embeddable":true,"href":"https:\/\/officialguides.com\/pt-pt\/wp-json\/wp\/v2\/users\/3"}],"replies":[{"embeddable":true,"href":"https:\/\/officialguides.com\/pt-pt\/wp-json\/wp\/v2\/comments?post=394674"}],"version-history":[{"count":3,"href":"https:\/\/officialguides.com\/pt-pt\/wp-json\/wp\/v2\/pages\/394674\/revisions"}],"predecessor-version":[{"id":397376,"href":"https:\/\/officialguides.com\/pt-pt\/wp-json\/wp\/v2\/pages\/394674\/revisions\/397376"}],"wp:featuredmedia":[{"embeddable":true,"href":"https:\/\/officialguides.com\/pt-pt\/wp-json\/wp\/v2\/media\/394480"}],"wp:attachment":[{"href":"https:\/\/officialguides.com\/pt-pt\/wp-json\/wp\/v2\/media?parent=394674"}],"curies":[{"name":"wp","href":"https:\/\/api.w.org\/{rel}","templated":true}]}}