{"id":396245,"date":"2025-05-23T00:27:15","date_gmt":"2025-05-22T21:27:15","guid":{"rendered":"https:\/\/officialguides.com\/%f0%9f%9a%8b-transporte-publico-em-istambul\/"},"modified":"2025-05-23T00:27:15","modified_gmt":"2025-05-22T21:27:15","slug":"%f0%9f%9a%8b-transporte-publico-em-istambul","status":"publish","type":"page","link":"https:\/\/officialguides.com\/pt-br\/%f0%9f%9a%8b-transporte-publico-em-istambul\/","title":{"rendered":"\ud83d\ude8b Transporte P\u00fablico em Istambul"},"content":{"rendered":"<h2 data-pm-slice=\"1 1 []\">Guia Completo para se Deslocar em Istambul: Dicas sobre Transporte P\u00fablico para Turistas<\/h2>\n<p>Navegar por Istambul pode parecer confuso no in\u00edcio \u2014 mas n\u00e3o se preocupe! Esta cidade oferece um dos sistemas de transporte p\u00fablico mais acess\u00edveis e eficientes da Europa. Seja para <strong>Sultanahmet<\/strong>, <strong>Taksim<\/strong> ou atravessar continentes de ferry, os <strong>metr\u00f4s<\/strong>, <strong>bondes<\/strong>, <strong>\u00f4nibus<\/strong> e <strong>ferries<\/strong> de Istambul tornam os deslocamentos f\u00e1ceis. Neste guia, voc\u00ea encontrar\u00e1 tudo o que precisa para viajar como um local \u2014 desde como obter o <strong>Istanbulkart<\/strong> at\u00e9 \u00e0s melhores rotas e dicas de seguran\u00e7a.<\/p>\n<ul>\n<li><span style=\"color: #800000;\"><a style=\"color: #800000;\" href=\"https:\/\/officialguides.com\/official-tour-guides-in-istanbul\/\"><strong><em>Clique aqui se voc\u00ea precisa de um guia tur\u00edstico privado em Istambul<\/em><\/strong><\/a><\/span><\/li>\n<li><span style=\"color: #0000ff;\"><a style=\"color: #0000ff;\" href=\"https:\/\/www.getyourguide.com\/s?partner_id=F2GZGY3&amp;utm_medium=online_publisher&amp;visitor-id=P623CBJZAWLPQI34Z54Z68CBWM85DH8X&amp;locale_autoredirect_optout=true&amp;et=948206&amp;lc=56\"><strong><em>Clique aqui se quiser entrada r\u00e1pida para Santa Sofia e Pal\u00e1cio de Topkapi<\/em><\/strong><\/a><\/span><\/li>\n<\/ul>\n<h3>Compreendendo o Sistema de Transporte P\u00fablico de Istambul<\/h3>\n<p>Istambul conta com um sistema de transporte p\u00fablico vasto e integrado que inclui <strong>metr\u00f4s<\/strong>, <strong>bondes<\/strong>, <strong>trens<\/strong>, <strong>\u00f4nibus<\/strong>, <strong>ferries<\/strong>, <strong>carros el\u00e9tricos<\/strong> (nas Ilhas dos Pr\u00edncipes), <strong>3 funiculares<\/strong> e <strong>2 telef\u00e9ricos<\/strong>. O principal desafio \u00e9 o tamanho e a geografia da cidade \u2014 dividida pelo B\u00f3sforo e pelo Chifre de Ouro, com muitas colinas e vales \u2014 e, em compara\u00e7\u00e3o com uma cidade europeia de m\u00e9dio porte, as dist\u00e2ncias s\u00e3o maiores e podem ser necess\u00e1rias mais conex\u00f5es.<\/p>\n<figure id=\"attachment_396154\" aria-describedby=\"caption-attachment-396154\" style=\"width: 1014px\" class=\"wp-caption aligncenter\"><img decoding=\"async\" class=\"wp-image-396131 size-full\" src=\"https:\/\/officialguides.com\/wp-content\/uploads\/2025\/05\/istanbul-public-transportation-ferries.jpg\" alt=\"Istanbul's integrated public transport system consist of municipal ferry boats, metros, trams, trains, buses, ferries, electric cars, funiculars and cable cars\" width=\"1024\" height=\"551\" srcset=\"https:\/\/officialguides.com\/wp-content\/uploads\/2025\/05\/istanbul-public-transportation-ferries.jpg 1024w, https:\/\/officialguides.com\/wp-content\/uploads\/2025\/05\/istanbul-public-transportation-ferries-300x161.jpg 300w, https:\/\/officialguides.com\/wp-content\/uploads\/2025\/05\/istanbul-public-transportation-ferries-768x413.jpg 768w\" sizes=\"(max-width: 1024px) 100vw, 1024px\" \/><figcaption id=\"caption-attachment-396154\" class=\"wp-caption-text\"><em>Um dos novos ferries confort\u00e1veis que operam entre os continentes europeu e asi\u00e1tico e pelo B\u00f3sforo<\/em><\/figcaption><\/figure>\n<p>O <strong>Istanbulkart<\/strong> \u00e9 o principal cart\u00e3o de transporte, v\u00e1lido em todos os meios p\u00fablicos e at\u00e9 mesmo nos <strong>banheiros p\u00fablicos<\/strong>. Voc\u00ea tamb\u00e9m pode adquirir <strong>cart\u00f5es descart\u00e1veis de 10 usos<\/strong> nas m\u00e1quinas, \u00fateis para estadias curtas. Em emerg\u00eancias, voc\u00ea pode simplesmente usar um <strong>cart\u00e3o de cr\u00e9dito por aproxima\u00e7\u00e3o<\/strong> diretamente nos <strong>\u00f4nibus<\/strong>, <strong>metr\u00f4s<\/strong> ou <strong>ferries<\/strong>. Todas as op\u00e7\u00f5es s\u00e3o aceitas em toda a rede.<\/p>\n<h3>\ud83d\udcb3 Istanbulkart e Cart\u00f5es de 10 Viagens (OnGe\u00e7)<\/h3>\n<p><strong>Pre\u00e7o da passagem e quanto custa o cart\u00e3o:<\/strong><\/p>\n<p>O <strong><span style=\"text-decoration: underline;\"><span style=\"color: #800080; text-decoration: underline;\">ISTANBULKART<\/span><\/span><\/strong>\u00a0\u00e9 o principal cart\u00e3o de transporte da cidade e custa <strong>130 TL (cerca de \u20ac3 em maio de 2025)<\/strong>. \u00c9 personalizado e pode ser bloqueado se for usado mais de 4 vezes consecutivas, por isso n\u00e3o \u00e9 recomendado para uso compartilhado. A tarifa padr\u00e3o para uma <strong>viagem \u00fanica \u00e9 de 27 TL<\/strong>, mas o valor deduzido pode variar conforme o tipo de ve\u00edculo e o n\u00famero de conex\u00f5es.<\/p>\n<figure id=\"attachment_396120\" aria-describedby=\"caption-attachment-396120\" style=\"width: 290px\" class=\"wp-caption aligncenter\"><img decoding=\"async\" class=\"wp-image-396097 size-medium\" src=\"https:\/\/officialguides.com\/wp-content\/uploads\/2025\/05\/istanbulkart-istanbul-card-300x209.jpg\" alt=\"Istanbulkart e Cart\u00e3o de 10 Viagens: onde comprar, pre\u00e7os de passagens e quanto custa\" width=\"300\" height=\"209\" srcset=\"https:\/\/officialguides.com\/wp-content\/uploads\/2025\/05\/istanbulkart-istanbul-card-300x209.jpg 300w, https:\/\/officialguides.com\/wp-content\/uploads\/2025\/05\/istanbulkart-istanbul-card-768x536.jpg 768w, https:\/\/officialguides.com\/wp-content\/uploads\/2025\/05\/istanbulkart-istanbul-card.jpg 800w\" sizes=\"(max-width: 300px) 100vw, 300px\" \/><figcaption id=\"caption-attachment-396120\" class=\"wp-caption-text\"><em>Voc\u00ea tamb\u00e9m pode usar o <strong>Istanbulkart<\/strong> atrav\u00e9s de um aplicativo m\u00f3vel<\/em><\/figcaption><\/figure>\n<p><span style=\"text-decoration: underline;\"><span style=\"color: #800080; text-decoration: underline;\"><strong>ONGE\u00c7 KART;<\/strong><\/span><\/span>\u00a0 como alternativa, voc\u00ea pode comprar um <strong>Cart\u00e3o de 10 Viagens (305 TL)<\/strong> nas m\u00e1quinas. Esses cart\u00f5es n\u00e3o s\u00e3o pessoais, n\u00e3o t\u00eam taxa adicional e podem ser usados por v\u00e1rias pessoas. Cada viagem deduz uma tarifa fixa, independentemente das transfer\u00eancias.<\/p>\n<p>Ambos os cart\u00f5es s\u00e3o v\u00e1lidos em todos os meios de transporte p\u00fablico e tamb\u00e9m nos <strong>banheiros p\u00fablicos<\/strong>.<\/p>\n<table>\n<tbody>\n<tr>\n<th>\ud83d\udcb3 Tipo de Cart\u00e3o<\/th>\n<th>\ud83e\uddcd\u200d\u2642\ufe0f Personalizado<\/th>\n<th>\ud83d\udc65 Multiusu\u00e1rio<\/th>\n<th>\ud83d\udcb0 Custo (Maio 2025)<\/th>\n<th>\ud83d\ude8d Tarifa por Viagem<\/th>\n<th>\ud83d\udd01 Conex\u00f5es<\/th>\n<th>\ud83d\udec2 Limites<\/th>\n<\/tr>\n<tr>\n<td>\ud83d\udfe6 Istanbulkart<\/td>\n<td>\u2714\ufe0f Sim<\/td>\n<td>\u274c N\u00e3o<\/td>\n<td>130 TL (\u20ac3)<\/td>\n<td>Desde 27 TL*<\/td>\n<td>Descontos<\/td>\n<td>M\u00e1x. 4 usos por pessoa<\/td>\n<\/tr>\n<tr>\n<td>\ud83d\udd1f Cart\u00e3o 10 Viagens<\/td>\n<td>\u274c N\u00e3o<\/td>\n<td>\u2714\ufe0f Sim<\/td>\n<td>305 TL (sem taxa extra)<\/td>\n<td>Tarifa fixa por viagem<\/td>\n<td>\u274c Sem descontos<\/td>\n<td>Sem limite<\/td>\n<\/tr>\n<tr>\n<td>\ud83d\udcb3 Cart\u00e3o de Cr\u00e9dito<\/td>\n<td>\u274c N\u00e3o<\/td>\n<td>\u2714\ufe0f Sim<\/td>\n<td>Varia por banco\/taxa<\/td>\n<td>40 TL<\/td>\n<td>\u274c Sem descontos<\/td>\n<td>Sem limite<\/td>\n<\/tr>\n<\/tbody>\n<\/table>\n<h3>\ud83d\ude8b Linhas de Bonde, Metr\u00f4, Funicular e Ferry Mais \u00dateis para Turistas<\/h3>\n<p><strong>Deslocar-se em Istambul \u00e9 f\u00e1cil quando voc\u00ea conhece as principais linhas:<\/strong><\/p>\n<ul>\n<li><strong>Linha T1 (bonde):<\/strong> <strong>Sultanahmet<\/strong> \u2192 Emin\u00f6n\u00fc \u2192 Karak\u00f6y \u2192 Kabata\u015f<br \/>\nConecta os principais pontos hist\u00f3ricos aos cais e ao funicular.<\/li>\n<li><strong>Linha M2 (metr\u00f4):<\/strong> Yenikap\u0131 \u2192 <strong>Taksim<\/strong> \u2192 \u015ei\u015fli \u2192 Levent<br \/>\nAcesso r\u00e1pido ao centro moderno e \u00e1reas comerciais.<\/li>\n<li><strong>Linha F1 (funicular):<\/strong> Kabata\u015f \u2194 <strong>Taksim<\/strong><br \/>\nEvite subidas \u00edngremes com este transporte subterr\u00e2neo.<\/li>\n<li><strong>Linha F2 (T\u00fcnel):<\/strong> Karak\u00f6y \u2194 Beyo\u011flu (Rua Istiklal)<br \/>\nLinha hist\u00f3rica conectando Galata \u00e0 Rua Istiklal.<\/li>\n<li><strong>Ferries saindo de Emin\u00f6n\u00fc ou Karak\u00f6y:<\/strong><\/li>\n<\/ul>\n<ol>\n<li><strong>Para Kad\u0131k\u00f6y (lado asi\u00e1tico):<\/strong> a cada 20\u201330 minutos<\/li>\n<li><strong>Para \u00dcsk\u00fcdar (lado asi\u00e1tico):<\/strong> a cada 10\u201320 minutos<\/li>\n<\/ol>\n<figure style=\"width: 1014px\" class=\"wp-caption aligncenter\"><img decoding=\"async\" src=\"https:\/\/officialguides.com\/wp-content\/uploads\/2025\/05\/istanbul-metro-haritasi-1024x644.jpg\" alt=\"Istanbul city metro, tram and railway map, plan\" width=\"1024\" height=\"644\" \/><figcaption class=\"wp-caption-text\"><em>Mapa de metr\u00f4 e bonde de Istambul<\/em><\/figcaption><\/figure>\n<h3>Como Chegar da Cidade Antiga, de Taksim e dos Aeroportos aos Principais Bairros de Istambul<\/h3>\n<p><strong>\ud83d\udccd Sultanahmet (Cidade Antiga) \u2192 Taksim \/ Istiklal \/ Galata:<\/strong><\/p>\n<ul>\n<li><strong>De bonde + funicular:<\/strong> pegue a linha T1 at\u00e9 Karak\u00f6y ou Kabata\u015f. Transfira para o T\u00fanel (F2) ou Funicular F1.<\/li>\n<li><strong>De metr\u00f4:<\/strong> se estiver pr\u00f3ximo da esta\u00e7\u00e3o Vezneciler (linha M2), voc\u00ea pode ir diretamente a Galata (\u015ei\u015fhane) ou <strong>Taksim<\/strong>.<\/li>\n<\/ul>\n<figure id=\"attachment_396188\" aria-describedby=\"caption-attachment-396188\" style=\"width: 1014px\" class=\"wp-caption aligncenter\"><img decoding=\"async\" class=\"wp-image-396165 size-full\" src=\"https:\/\/officialguides.com\/wp-content\/uploads\/2025\/05\/istanbul-funicular.jpg\" alt=\"Historical funicular (Tunnel \/ T\u00fcnel) running beetween Kark\u00f6y and Istiklal Street, Galata \" width=\"1024\" height=\"682\" srcset=\"https:\/\/officialguides.com\/wp-content\/uploads\/2025\/05\/istanbul-funicular.jpg 1024w, https:\/\/officialguides.com\/wp-content\/uploads\/2025\/05\/istanbul-funicular-300x200.jpg 300w, https:\/\/officialguides.com\/wp-content\/uploads\/2025\/05\/istanbul-funicular-768x512.jpg 768w\" sizes=\"(max-width: 1024px) 100vw, 1024px\" \/><figcaption id=\"caption-attachment-396188\" class=\"wp-caption-text\"><em>O hist\u00f3rico funicular &#8220;T\u00fcnel&#8221; circula entre os bairros de Karak\u00f6y e Galata<\/em><\/figcaption><\/figure>\n<p><strong>\ud83d\udccd Sultanahmet \u2192 Kad\u0131k\u00f6y (lado asi\u00e1tico):<\/strong><\/p>\n<ul>\n<li><strong>De ferry:<\/strong> bonde T1 at\u00e9 Emin\u00f6n\u00fc, Karak\u00f6y ou Kabata\u015f. Pegue o ferry para Kad\u0131k\u00f6y (~20\u201330 min).<\/li>\n<li><strong>De metr\u00f4:<\/strong> pegue o Marmaray de Sirkeci at\u00e9 Ayr\u0131l\u0131k\u00e7e\u015fmesi, depois transfira para a linha M4 at\u00e9 Kad\u0131k\u00f6y.<\/li>\n<\/ul>\n<figure id=\"attachment_396223\" aria-describedby=\"caption-attachment-396223\" style=\"width: 1014px\" class=\"wp-caption aligncenter\"><img decoding=\"async\" class=\"wp-image-396200 size-full\" src=\"https:\/\/officialguides.com\/wp-content\/uploads\/2025\/05\/how-to-get-to-in-istanbul.jpg\" alt=\"Como ir da Cidade Antiga (Sultanahmet) ou de Taksim para o lado asi\u00e1tico (Kadik\u00f6y, \u00dcsk\u00fcdar) de Istambul?\" width=\"1024\" height=\"576\" srcset=\"https:\/\/officialguides.com\/wp-content\/uploads\/2025\/05\/how-to-get-to-in-istanbul.jpg 1024w, https:\/\/officialguides.com\/wp-content\/uploads\/2025\/05\/how-to-get-to-in-istanbul-300x169.jpg 300w, https:\/\/officialguides.com\/wp-content\/uploads\/2025\/05\/how-to-get-to-in-istanbul-768x432.jpg 768w\" sizes=\"(max-width: 1024px) 100vw, 1024px\" \/><figcaption id=\"caption-attachment-396223\" class=\"wp-caption-text\"><em>Uma esta\u00e7\u00e3o de metr\u00f4 no lado asi\u00e1tico<\/em><\/figcaption><\/figure>\n<p><strong>\ud83d\udccd Sultanahmet \u2192 \u00dcsk\u00fcdar (lado asi\u00e1tico):<\/strong><\/p>\n<ul>\n<li><strong>De ferry:<\/strong> bonde T1 at\u00e9 Emin\u00f6n\u00fc, Karak\u00f6y ou Kabata\u015f e ferry para \u00dcsk\u00fcdar (~10\u201320 min).<\/li>\n<li><strong>De metr\u00f4:<\/strong> linha Marmaray de Sirkeci at\u00e9 \u00dcsk\u00fcdar.<\/li>\n<\/ul>\n<p><strong>\ud83d\udccd Aeroporto de Istambul (IST) \u2192 Cidade Antiga ou Centro:<\/strong><\/p>\n<ul>\n<li><strong>De metr\u00f4:<\/strong> linha M11\/U2 at\u00e9 Gayrettepe (a cada 20 minutos das 06h00 \u00e0s 00h40), depois M2 para <strong>Taksim<\/strong>, F1 e depois T1.<\/li>\n<li><strong>De t\u00e1xi ou shuttle:<\/strong> ~40 km, 30 \u20ac (t\u00e1xi amarelo), 35 \u20ac (azul), 50 \u20ac (preto). <a href=\"https:\/\/www.istairport.com\/en\/airport\/airport-transportation\/urban-transportation\/public-transportation\/?locale=en\"><strong>HAVAIST<\/strong><\/a> opera 11 rotas; bilhete ~7 \u20ac.<\/li>\n<\/ul>\n<p><strong>\ud83d\udccd Aeroporto Sabiha G\u00f6k\u00e7en (SAW) \u2192 Cidade Antiga ou Centro:<\/strong><\/p>\n<ul>\n<li><strong>De metr\u00f4:<\/strong> linha M4 at\u00e9 Ayr\u0131l\u0131k\u00e7e\u015fmesi, transfira para o Marmaray at\u00e9 Sirkeci ou Yenikap\u0131.<\/li>\n<li><strong>De t\u00e1xi ou \u00f4nibus:<\/strong> 40\u201355 km, 30\u201360 \u20ac, com ped\u00e1gio adicional por pontes ou pelo t\u00fanel Avrasya. <a href=\"https:\/\/www.havabus.com\/yolcuservisi\/taksim-sabihagokcenhavalimani.aspx\"><strong>HAVABUS<\/strong><\/a> oferece servi\u00e7o regular; bilhete ~7 \u20ac.<\/li>\n<\/ul>\n<p><em>Site oficial do Metr\u00f4 de Istambul<\/em> \u2014 <a href=\"https:\/\/www.metro.istanbul\/\">https:\/\/www.metro.istanbul\/<\/a><\/p>\n","protected":false},"excerpt":{"rendered":"<p>Guia Completo para se Deslocar em Istambul: Dicas sobre Transporte P\u00fablico para Turistas Navegar por Istambul pode parecer confuso no in\u00edcio \u2014 mas n\u00e3o se preocupe! Esta cidade oferece um dos sistemas de transporte p\u00fablico mais acess\u00edveis e eficientes da Europa. Seja para Sultanahmet, Taksim ou atravessar continentes de ferry, os metr\u00f4s, bondes, \u00f4nibus e &#8230; <a title=\"\ud83d\ude8b Transporte P\u00fablico em Istambul\" class=\"read-more\" href=\"https:\/\/officialguides.com\/pt-br\/%f0%9f%9a%8b-transporte-publico-em-istambul\/\" aria-label=\"Read more about \ud83d\ude8b Transporte P\u00fablico em Istambul\">Leia mais<\/a><\/p>\n","protected":false},"author":3,"featured_media":396086,"parent":0,"menu_order":0,"comment_status":"closed","ping_status":"closed","template":"","meta":{"_acf_changed":false,"footnotes":""},"class_list":["post-396245","page","type-page","status-publish","has-post-thumbnail"],"acf":[],"yoast_head":"<!-- This site is optimized with the Yoast SEO plugin v27.4 - https:\/\/yoast.com\/product\/yoast-seo-wordpress\/ -->\n<title>Transporte P\u00fablico em Istambul: Guia Completo com Linhas, Tarifas e Dicas para Turistas 2025<\/title>\n<meta name=\"description\" content=\"Aprenda como se locomover facilmente por Istambul: metr\u00f4, bonde, ferry, aeroportos, pre\u00e7os de passagens, Istanbulkart, dicas e rotas para turistas.\" \/>\n<meta name=\"robots\" content=\"index, follow, max-snippet:-1, max-image-preview:large, max-video-preview:-1\" \/>\n<link rel=\"canonical\" href=\"https:\/\/officialguides.com\/pt-br\/%f0%9f%9a%8b-transporte-publico-em-istambul\/\" \/>\n<meta property=\"og:locale\" content=\"pt_BR\" \/>\n<meta property=\"og:type\" content=\"article\" \/>\n<meta property=\"og:title\" content=\"Transporte P\u00fablico em Istambul: Guia Completo com Linhas, Tarifas e Dicas para Turistas 2025\" \/>\n<meta property=\"og:description\" content=\"Aprenda como se locomover facilmente por Istambul: metr\u00f4, bonde, ferry, aeroportos, pre\u00e7os de passagens, Istanbulkart, dicas e rotas para turistas.\" \/>\n<meta property=\"og:url\" content=\"https:\/\/officialguides.com\/pt-br\/%f0%9f%9a%8b-transporte-publico-em-istambul\/\" \/>\n<meta property=\"og:site_name\" content=\"Find Your Private Tour Guide Around The World!\" \/>\n<meta property=\"og:image\" content=\"https:\/\/officialguides.com\/wp-content\/uploads\/2025\/05\/istanbul-public-transportation.jpg\" \/>\n\t<meta property=\"og:image:width\" content=\"1024\" \/>\n\t<meta property=\"og:image:height\" content=\"576\" \/>\n\t<meta property=\"og:image:type\" content=\"image\/jpeg\" \/>\n<meta name=\"twitter:card\" content=\"summary_large_image\" \/>\n<meta name=\"twitter:label1\" content=\"Est. tempo de leitura\" \/>\n\t<meta name=\"twitter:data1\" content=\"5 minutos\" \/>\n<script type=\"application\/ld+json\" class=\"yoast-schema-graph\">{\"@context\":\"https:\\\/\\\/schema.org\",\"@graph\":[{\"@type\":\"WebPage\",\"@id\":\"https:\\\/\\\/officialguides.com\\\/pt-br\\\/%f0%9f%9a%8b-transporte-publico-em-istambul\\\/\",\"url\":\"https:\\\/\\\/officialguides.com\\\/pt-br\\\/%f0%9f%9a%8b-transporte-publico-em-istambul\\\/\",\"name\":\"Transporte P\u00fablico em Istambul: Guia Completo com Linhas, Tarifas e Dicas para Turistas 2025\",\"isPartOf\":{\"@id\":\"https:\\\/\\\/officialguides.com\\\/pt-br\\\/#website\"},\"primaryImageOfPage\":{\"@id\":\"https:\\\/\\\/officialguides.com\\\/pt-br\\\/%f0%9f%9a%8b-transporte-publico-em-istambul\\\/#primaryimage\"},\"image\":{\"@id\":\"https:\\\/\\\/officialguides.com\\\/pt-br\\\/%f0%9f%9a%8b-transporte-publico-em-istambul\\\/#primaryimage\"},\"thumbnailUrl\":\"https:\\\/\\\/officialguides.com\\\/wp-content\\\/uploads\\\/2025\\\/05\\\/istanbul-public-transportation.jpg\",\"datePublished\":\"2025-05-22T21:27:15+00:00\",\"description\":\"Aprenda como se locomover facilmente por Istambul: metr\u00f4, bonde, ferry, aeroportos, pre\u00e7os de passagens, Istanbulkart, dicas e rotas para turistas.\",\"breadcrumb\":{\"@id\":\"https:\\\/\\\/officialguides.com\\\/pt-br\\\/%f0%9f%9a%8b-transporte-publico-em-istambul\\\/#breadcrumb\"},\"inLanguage\":\"pt-BR\",\"potentialAction\":[{\"@type\":\"ReadAction\",\"target\":[\"https:\\\/\\\/officialguides.com\\\/pt-br\\\/%f0%9f%9a%8b-transporte-publico-em-istambul\\\/\"]}]},{\"@type\":\"ImageObject\",\"inLanguage\":\"pt-BR\",\"@id\":\"https:\\\/\\\/officialguides.com\\\/pt-br\\\/%f0%9f%9a%8b-transporte-publico-em-istambul\\\/#primaryimage\",\"url\":\"https:\\\/\\\/officialguides.com\\\/wp-content\\\/uploads\\\/2025\\\/05\\\/istanbul-public-transportation.jpg\",\"contentUrl\":\"https:\\\/\\\/officialguides.com\\\/wp-content\\\/uploads\\\/2025\\\/05\\\/istanbul-public-transportation.jpg\",\"width\":1024,\"height\":576,\"caption\":\"Transporte p\u00fablico em Istambul: linhas de metr\u00f4, bonde, ferry, aeroportos, pre\u00e7os e como chegar\u2026\"},{\"@type\":\"BreadcrumbList\",\"@id\":\"https:\\\/\\\/officialguides.com\\\/pt-br\\\/%f0%9f%9a%8b-transporte-publico-em-istambul\\\/#breadcrumb\",\"itemListElement\":[{\"@type\":\"ListItem\",\"position\":1,\"name\":\"Home\",\"item\":\"https:\\\/\\\/officialguides.com\\\/pt-br\\\/\"},{\"@type\":\"ListItem\",\"position\":2,\"name\":\"\ud83d\ude8b Transporte P\u00fablico em Istambul\"}]},{\"@type\":\"WebSite\",\"@id\":\"https:\\\/\\\/officialguides.com\\\/pt-br\\\/#website\",\"url\":\"https:\\\/\\\/officialguides.com\\\/pt-br\\\/\",\"name\":\"Official Tour Guides Around The World! Istanbul, Paris, Rome, Dubai...\",\"description\":\"Explore cities and popular destinations with professional, official, certified tour guides\",\"alternateName\":\"Official Guides\",\"potentialAction\":[{\"@type\":\"SearchAction\",\"target\":{\"@type\":\"EntryPoint\",\"urlTemplate\":\"https:\\\/\\\/officialguides.com\\\/pt-br\\\/?s={search_term_string}\"},\"query-input\":{\"@type\":\"PropertyValueSpecification\",\"valueRequired\":true,\"valueName\":\"search_term_string\"}}],\"inLanguage\":\"pt-BR\"}]}<\/script>\n<!-- \/ Yoast SEO plugin. -->","yoast_head_json":{"title":"Transporte P\u00fablico em Istambul: Guia Completo com Linhas, Tarifas e Dicas para Turistas 2025","description":"Aprenda como se locomover facilmente por Istambul: metr\u00f4, bonde, ferry, aeroportos, pre\u00e7os de passagens, Istanbulkart, dicas e rotas para turistas.","robots":{"index":"index","follow":"follow","max-snippet":"max-snippet:-1","max-image-preview":"max-image-preview:large","max-video-preview":"max-video-preview:-1"},"canonical":"https:\/\/officialguides.com\/pt-br\/%f0%9f%9a%8b-transporte-publico-em-istambul\/","og_locale":"pt_BR","og_type":"article","og_title":"Transporte P\u00fablico em Istambul: Guia Completo com Linhas, Tarifas e Dicas para Turistas 2025","og_description":"Aprenda como se locomover facilmente por Istambul: metr\u00f4, bonde, ferry, aeroportos, pre\u00e7os de passagens, Istanbulkart, dicas e rotas para turistas.","og_url":"https:\/\/officialguides.com\/pt-br\/%f0%9f%9a%8b-transporte-publico-em-istambul\/","og_site_name":"Find Your Private Tour Guide Around The World!","og_image":[{"width":1024,"height":576,"url":"https:\/\/officialguides.com\/wp-content\/uploads\/2025\/05\/istanbul-public-transportation.jpg","type":"image\/jpeg"}],"twitter_card":"summary_large_image","twitter_misc":{"Est. tempo de leitura":"5 minutos"},"schema":{"@context":"https:\/\/schema.org","@graph":[{"@type":"WebPage","@id":"https:\/\/officialguides.com\/pt-br\/%f0%9f%9a%8b-transporte-publico-em-istambul\/","url":"https:\/\/officialguides.com\/pt-br\/%f0%9f%9a%8b-transporte-publico-em-istambul\/","name":"Transporte P\u00fablico em Istambul: Guia Completo com Linhas, Tarifas e Dicas para Turistas 2025","isPartOf":{"@id":"https:\/\/officialguides.com\/pt-br\/#website"},"primaryImageOfPage":{"@id":"https:\/\/officialguides.com\/pt-br\/%f0%9f%9a%8b-transporte-publico-em-istambul\/#primaryimage"},"image":{"@id":"https:\/\/officialguides.com\/pt-br\/%f0%9f%9a%8b-transporte-publico-em-istambul\/#primaryimage"},"thumbnailUrl":"https:\/\/officialguides.com\/wp-content\/uploads\/2025\/05\/istanbul-public-transportation.jpg","datePublished":"2025-05-22T21:27:15+00:00","description":"Aprenda como se locomover facilmente por Istambul: metr\u00f4, bonde, ferry, aeroportos, pre\u00e7os de passagens, Istanbulkart, dicas e rotas para turistas.","breadcrumb":{"@id":"https:\/\/officialguides.com\/pt-br\/%f0%9f%9a%8b-transporte-publico-em-istambul\/#breadcrumb"},"inLanguage":"pt-BR","potentialAction":[{"@type":"ReadAction","target":["https:\/\/officialguides.com\/pt-br\/%f0%9f%9a%8b-transporte-publico-em-istambul\/"]}]},{"@type":"ImageObject","inLanguage":"pt-BR","@id":"https:\/\/officialguides.com\/pt-br\/%f0%9f%9a%8b-transporte-publico-em-istambul\/#primaryimage","url":"https:\/\/officialguides.com\/wp-content\/uploads\/2025\/05\/istanbul-public-transportation.jpg","contentUrl":"https:\/\/officialguides.com\/wp-content\/uploads\/2025\/05\/istanbul-public-transportation.jpg","width":1024,"height":576,"caption":"Transporte p\u00fablico em Istambul: linhas de metr\u00f4, bonde, ferry, aeroportos, pre\u00e7os e como chegar\u2026"},{"@type":"BreadcrumbList","@id":"https:\/\/officialguides.com\/pt-br\/%f0%9f%9a%8b-transporte-publico-em-istambul\/#breadcrumb","itemListElement":[{"@type":"ListItem","position":1,"name":"Home","item":"https:\/\/officialguides.com\/pt-br\/"},{"@type":"ListItem","position":2,"name":"\ud83d\ude8b Transporte P\u00fablico em Istambul"}]},{"@type":"WebSite","@id":"https:\/\/officialguides.com\/pt-br\/#website","url":"https:\/\/officialguides.com\/pt-br\/","name":"Official Tour Guides Around The World! Istanbul, Paris, Rome, Dubai...","description":"Explore cities and popular destinations with professional, official, certified tour guides","alternateName":"Official Guides","potentialAction":[{"@type":"SearchAction","target":{"@type":"EntryPoint","urlTemplate":"https:\/\/officialguides.com\/pt-br\/?s={search_term_string}"},"query-input":{"@type":"PropertyValueSpecification","valueRequired":true,"valueName":"search_term_string"}}],"inLanguage":"pt-BR"}]}},"_links":{"self":[{"href":"https:\/\/officialguides.com\/pt-br\/wp-json\/wp\/v2\/pages\/396245","targetHints":{"allow":["GET"]}}],"collection":[{"href":"https:\/\/officialguides.com\/pt-br\/wp-json\/wp\/v2\/pages"}],"about":[{"href":"https:\/\/officialguides.com\/pt-br\/wp-json\/wp\/v2\/types\/page"}],"author":[{"embeddable":true,"href":"https:\/\/officialguides.com\/pt-br\/wp-json\/wp\/v2\/users\/3"}],"replies":[{"embeddable":true,"href":"https:\/\/officialguides.com\/pt-br\/wp-json\/wp\/v2\/comments?post=396245"}],"version-history":[{"count":0,"href":"https:\/\/officialguides.com\/pt-br\/wp-json\/wp\/v2\/pages\/396245\/revisions"}],"wp:featuredmedia":[{"embeddable":true,"href":"https:\/\/officialguides.com\/pt-br\/wp-json\/wp\/v2\/media\/396086"}],"wp:attachment":[{"href":"https:\/\/officialguides.com\/pt-br\/wp-json\/wp\/v2\/media?parent=396245"}],"curies":[{"name":"wp","href":"https:\/\/api.w.org\/{rel}","templated":true}]}}