{"id":394680,"date":"2025-03-22T23:28:41","date_gmt":"2025-03-22T20:28:41","guid":{"rendered":"https:\/\/officialguides.com\/cisterna-da-basilica-istambul\/"},"modified":"2026-01-12T15:02:23","modified_gmt":"2026-01-12T12:02:23","slug":"cisterna-da-basilica-istambul","status":"publish","type":"page","link":"https:\/\/officialguides.com\/pt-br\/cisterna-da-basilica-istambul\/","title":{"rendered":"Cisterna da Bas\u00edlica Istambul"},"content":{"rendered":"<h2 class=\"\" data-start=\"446\" data-end=\"496\">Entrada e ingressos para a Cisterna da Bas\u00edlica<\/h2>\n<p data-path-to-node=\"17\">Um dos marcos hist\u00f3ricos mais cativantes de Istambul, a <b data-path-to-node=\"17\" data-index-in-node=\"56\">Basilica Cistern<\/b> (ou Pal\u00e1cio Submerso) foi constru\u00edda em 532 d.C. pelo <b data-path-to-node=\"17\" data-index-in-node=\"127\">Roman Emperor Justinian I<\/b>. Com mais de 10.000 visitantes por dia, longas filas para ingressos s\u00e3o comuns na entrada (at\u00e9 1,5 hora de espera durante a alta temporada, de abril a novembro). Se voc\u00ea preferir uma entrada r\u00e1pida, <i data-path-to-node=\"17\" data-index-in-node=\"352\"><a class=\"ng-star-inserted\" href=\"https:\/\/www.tiqets.com\/basilica-cistern-tickets-l147375\/?partner=travelingturks\" target=\"_blank\" rel=\"noopener\" data-hveid=\"0\" data-ved=\"0CAAQ_4QMahgKEwj8kfGp2oWSAxUAAAAAHQAAAAAQ1Ag\">pode reservar seus ingressos aqui<\/a><\/i> e \ud83c\udf1f <em><span style=\"color: #800000;\"><a style=\"color: #800000;\" href=\"https:\/\/officialguides.com\/pt-br\/guia-portugues-istanbul\/\" target=\"_blank\" rel=\"noopener\">reservar um guia particular<\/a><\/span><\/em> para uma visita guiada sem filas \u00e0 cisterna.<\/p>\n<figure style=\"width: 1014px\" class=\"wp-caption aligncenter\"><img decoding=\"async\" src=\"https:\/\/officialguides.com\/wp-content\/uploads\/2025\/03\/basilica-cistern-fast-track-entry.jpg\" alt=\"Underground Cistern ticket lines\" width=\"1024\" height=\"358\" \/><figcaption class=\"wp-caption-text\"><em>Filas para ingressos da Basilica Cistern <\/em><\/figcaption><\/figure>\n<p class=\"\" data-start=\"1190\" data-end=\"1577\">Durante o per\u00edodo otomano, a cisterna era usada principalmente para <strong data-start=\"1258\" data-end=\"1271\">irriga\u00e7\u00e3o<\/strong>, e n\u00e3o como fonte de \u00e1gua pot\u00e1vel. Entre as mais de <strong data-start=\"1324\" data-end=\"1362\">100 cisternas bizantinas e romanas<\/strong> constru\u00eddas em Constantinopla, esta \u00e9 a maior \u2013 e tamb\u00e9m a <strong data-start=\"1422\" data-end=\"1461\">maior cisterna subterr\u00e2nea do mundo<\/strong>. Hoje, continua a impressionar os visitantes com sua <strong data-start=\"1515\" data-end=\"1539\">atmosfera misteriosa<\/strong>, colunas antigas e ilumina\u00e7\u00e3o c\u00eanica.<\/p>\n<h3 class=\"\" data-start=\"1579\" data-end=\"1627\"><span style=\"text-decoration: underline;\">Pre\u00e7os dos ingressos e informa\u00e7\u00f5es de compra 2026<\/span><\/h3>\n<h4 class=\"\" data-start=\"1629\" data-end=\"1665\">Visita diurna (09h00 \u2013 18h30)<\/h4>\n<ul>\n<li data-start=\"1668\" data-end=\"1687\">Adultos: 1.500 TL<\/li>\n<li data-start=\"1690\" data-end=\"1724\">Crian\u00e7as menores de 7 anos: gr\u00e1tis<\/li>\n<li data-start=\"1690\" data-end=\"1724\">O desconto para estudantes \u00e9 v\u00e1lido apenas para estudantes que estudam na Turquia.<\/li>\n<\/ul>\n<p><img decoding=\"async\" class=\"aligncenter\" src=\"https:\/\/officialguides.com\/wp-content\/uploads\/2025\/03\/ticket-prices-basilica-cistern.jpg\" alt=\"ticket price and online purchase for Underground Cistern in Istanbul, free and discounted entrance\" \/><\/p>\n<h4 class=\"\" data-start=\"1726\" data-end=\"1763\">Visita noturna (19h30 \u2013 22h00)<\/h4>\n<ul>\n<li data-start=\"1766\" data-end=\"1785\">Adultos: 2.400 TL<\/li>\n<li data-start=\"1788\" data-end=\"1822\">Crian\u00e7as menores de 7 anos: gr\u00e1tis<\/li>\n<li data-start=\"1826\" data-end=\"1898\">Ingressos diurnos podem ser comprados nas bilheterias (09h00 \u2013 18h30).<\/li>\n<li data-start=\"1901\" data-end=\"2009\">Ingressos noturnos est\u00e3o <strong data-start=\"1926\" data-end=\"1949\">dispon\u00edveis somente<\/strong> na bilheteria da Cisterna da Bas\u00edlica a partir das 19h30.<\/li>\n<li data-start=\"2012\" data-end=\"2113\"><strong data-start=\"2012\" data-end=\"2042\">Vendedores n\u00e3o autorizados<\/strong> n\u00e3o s\u00e3o reconhecidos pela K\u00fclt\u00fcr A\u015e. <em><a href=\"https:\/\/gyg.me\/RaeT5WTs\" target=\"_blank\" rel=\"noopener\">(Getyourguide is an official vendor).<\/a><\/em><\/li>\n<li data-start=\"2116\" data-end=\"2229\">Os ingressos s\u00e3o v\u00e1lidos para <strong data-start=\"2146\" data-end=\"2167\">uma \u00fanica entrada<\/strong> e devem ser usados no mesmo dia. N\u00e3o h\u00e1 reembolso ou troca.<\/li>\n<li data-start=\"2232\" data-end=\"2335\">Crian\u00e7as menores de 7 anos e guias credenciados t\u00eam entrada gratuita no turno da noite (Night Shift).<\/li>\n<li data-start=\"2338\" data-end=\"2445\">Somente <strong data-start=\"2346\" data-end=\"2393\">dinheiro em lira turca e cart\u00f5es de cr\u00e9dito<\/strong> s\u00e3o aceitos. Moedas estrangeiras n\u00e3o s\u00e3o aceitas.<\/li>\n<li data-start=\"2448\" data-end=\"2537\">O <strong data-start=\"2450\" data-end=\"2478\">Museum Pass n\u00e3o \u00e9 v\u00e1lido<\/strong>, pois a cisterna n\u00e3o \u00e9 vinculada ao Minist\u00e9rio da Cultura.<\/li>\n<\/ul>\n<h3 class=\"\" data-start=\"2539\" data-end=\"2588\"><span style=\"text-decoration: underline;\">Hor\u00e1rio de funcionamento e dias de fechamento 2026<\/span><\/h3>\n<ul>\n<li data-start=\"2592\" data-end=\"2633\">Aberta todos os dias das 09h00 \u00e0s 22h00<\/li>\n<li data-start=\"2636\" data-end=\"2688\">Fechada entre 18h30 e 19h30 devido \u00e0 troca de turnos<\/li>\n<\/ul>\n<p><img decoding=\"async\" class=\"aligncenter\" src=\"https:\/\/officialguides.com\/wp-content\/uploads\/2025\/03\/basilica-cistern-opening-hours.jpg\" alt=\"Cisterna Basilica \/ Sunken Palace visitors information, closing hour and days\" \/><\/p>\n<h3 class=\"\" data-start=\"2690\" data-end=\"2728\"><span style=\"text-decoration: underline;\">Como chegar \u00e0 Cisterna da Bas\u00edlica<\/span><\/h3>\n<h4 class=\"\" data-start=\"2730\" data-end=\"2752\">De bonde (tram)<\/h4>\n<p class=\"\" data-start=\"2753\" data-end=\"2853\">A parada mais pr\u00f3xima \u00e9 <strong data-start=\"2777\" data-end=\"2792\">Sultanahmet<\/strong>, na linha T1 (Ba\u011fc\u0131lar\u2013Kabata\u015f). S\u00e3o 5 minutos de caminhada.<\/p>\n<p data-start=\"2753\" data-end=\"2853\"><iframe src=\"https:\/\/www.google.com\/maps\/embed?pb=!1m18!1m12!1m3!1d3010.7708709753197!2d28.975303074478624!3d41.00838801942053!2m3!1f0!2f0!3f0!3m2!1i1024!2i768!4f13.1!3m3!1m2!1s0x14cab9bde0c66ac9%3A0x60c02fe1ee6d8471!2zWWVyZWJhdGFuIFNhcm7EsWPEsQ!5e0!3m2!1str!2str!4v1741789356228!5m2!1str!2str\" width=\"600\" height=\"450\" frameborder=\"0\" allowfullscreen=\"allowfullscreen\"><\/iframe><\/p>\n<h4 class=\"\" data-start=\"2855\" data-end=\"2870\">De metr\u00f4<\/h4>\n<p class=\"\" data-start=\"2871\" data-end=\"3096\">Pegue a linha <strong data-start=\"2885\" data-end=\"2897\">Marmaray<\/strong> at\u00e9 a esta\u00e7\u00e3o <strong data-start=\"2912\" data-end=\"2923\">Sirkeci<\/strong>, troque para o bonde e des\u00e7a em <strong data-start=\"2956\" data-end=\"2971\">Sultanahmet<\/strong> (3 minutos a p\u00e9).<br data-start=\"2989\" data-end=\"2992\" \/>Como alternativa, saia pelas sa\u00eddas 2 ou 3 da esta\u00e7\u00e3o e caminhe cerca de 10 a 15 minutos at\u00e9 a cisterna.<\/p>\n<h4 class=\"\" data-start=\"3098\" data-end=\"3114\">De \u00f4nibus<\/h4>\n<p class=\"\" data-start=\"3115\" data-end=\"3167\"><strong data-start=\"3115\" data-end=\"3166\">Nenhum \u00f4nibus municipal passa perto da cisterna<\/strong>.<\/p>\n<h4 class=\"\" data-start=\"3169\" data-end=\"3195\">De carro particular<\/h4>\n<p class=\"\" data-start=\"3196\" data-end=\"3339\">Devido ao <strong data-start=\"3206\" data-end=\"3226\">tr\u00e2nsito intenso<\/strong> na pen\u00ednsula hist\u00f3rica, recomenda-se o uso de <strong data-start=\"3273\" data-end=\"3295\">transporte p\u00fablico<\/strong>. As op\u00e7\u00f5es de estacionamento s\u00e3o limitadas.<\/p>\n<h3 class=\"\" data-start=\"3341\" data-end=\"3395\"><span style=\"text-decoration: underline;\">Principais atra\u00e7\u00f5es dentro da Cisterna da Bas\u00edlica<\/span><\/h3>\n<h4 class=\"\" data-start=\"3397\" data-end=\"3424\">1. Cabe\u00e7as de Medusa<\/h4>\n<p class=\"\" data-start=\"3425\" data-end=\"3555\">Duas <strong data-start=\"3430\" data-end=\"3451\">cabe\u00e7as de Medusa<\/strong>, uma de cabe\u00e7a para baixo e outra de lado, est\u00e3o localizadas na base de duas colunas no canto noroeste.<\/p>\n<p class=\"\" data-start=\"3557\" data-end=\"4008\"><strong data-start=\"3557\" data-end=\"3584\">Significado mitol\u00f3gico:<\/strong><br data-start=\"3584\" data-end=\"3587\" \/>Na mitologia grega, Medusa era uma G\u00f3rgona com cabelos de serpente que podia transformar pessoas em pedra com o olhar.<br data-start=\"3705\" data-end=\"3708\" \/>Durante o Imp\u00e9rio Romano, acreditava-se que as <strong data-start=\"3755\" data-end=\"3776\">cabe\u00e7as de Medusa<\/strong> afastavam maus esp\u00edritos.<br data-start=\"3802\" data-end=\"3805\" \/>Segundo estudiosos, as pe\u00e7as foram reaproveitadas de uma estrutura romana mais antiga.<br data-start=\"3891\" data-end=\"3894\" \/>A disposi\u00e7\u00e3o invertida pode ter sido intencional para <strong data-start=\"3948\" data-end=\"3976\">anular o poder de Medusa<\/strong>, de acordo com cren\u00e7as crist\u00e3s.<\/p>\n<h4 class=\"\" data-start=\"4010\" data-end=\"4042\">2. As colunas monumentais<\/h4>\n<p class=\"\" data-start=\"4043\" data-end=\"4343\">A cisterna \u00e9 sustentada por <strong data-start=\"4071\" data-end=\"4097\">336 colunas de m\u00e1rmore<\/strong>, com cerca de 9 metros de altura. Muitas t\u00eam capit\u00e9is <strong data-start=\"4152\" data-end=\"4176\">cor\u00edntios ou j\u00f4nicos<\/strong>. Algumas foram trazidas de templos pag\u00e3os e outras esculpidas especialmente para o local. A luz suave combinada com os reflexos na \u00e1gua cria uma <strong data-start=\"4322\" data-end=\"4342\">atmosfera m\u00e1gica<\/strong>.<\/p>\n<h4 class=\"\" data-start=\"4345\" data-end=\"4376\">3. Reflexos sobre a \u00e1gua<\/h4>\n<p class=\"\" data-start=\"4377\" data-end=\"4470\">A ilumina\u00e7\u00e3o refletida na \u00e1gua proporciona uma <strong data-start=\"4424\" data-end=\"4469\">experi\u00eancia visual m\u00edstica e hipnotizante<\/strong>.<\/p>\n<p class=\"\" data-start=\"4472\" data-end=\"4493\">Por que \u00e9 especial?<\/p>\n<ul>\n<li data-start=\"4496\" data-end=\"4539\">Cria um ambiente <strong data-start=\"4513\" data-end=\"4537\">encantador e surreal<\/strong><\/li>\n<li data-start=\"4542\" data-end=\"4586\">D\u00e1 a sensa\u00e7\u00e3o de <strong data-start=\"4559\" data-end=\"4584\">profundidade infinita<\/strong><\/li>\n<li data-start=\"4589\" data-end=\"4638\">Ideal para quem gosta de <strong data-start=\"4614\" data-end=\"4638\">fotografia art\u00edstica<\/strong><\/li>\n<\/ul>\n<h4 class=\"\" data-start=\"4640\" data-end=\"4668\">4. A Coluna que Chora<\/h4>\n<p class=\"\" data-start=\"4669\" data-end=\"4811\">Diferente das demais, essa coluna possui entalhes que lembram <strong data-start=\"4731\" data-end=\"4743\">l\u00e1grimas<\/strong> \u2013 na verdade, representam <strong data-start=\"4770\" data-end=\"4788\">n\u00f3s de madeira<\/strong>, e n\u00e3o l\u00e1grimas reais.<\/p>\n<h3 class=\"\" data-start=\"4813\" data-end=\"4863\"><span style=\"text-decoration: underline;\">Experi\u00eancias e eventos na Cisterna da Bas\u00edlica<\/span><\/h3>\n<ul>\n<li data-start=\"4867\" data-end=\"4974\"><strong data-start=\"4867\" data-end=\"4895\">Apresenta\u00e7\u00f5es art\u00edsticas<\/strong>: Espet\u00e1culos de luz e concertos ocasionais criam uma atmosfera inesquec\u00edvel.<\/li>\n<li data-start=\"4977\" data-end=\"5068\"><strong data-start=\"4977\" data-end=\"4990\">Audioguia<\/strong>: Alugue um audioguia para aprender sobre a hist\u00f3ria e a mitologia do local.<\/li>\n<li data-start=\"5071\" data-end=\"5151\"><strong data-start=\"5071\" data-end=\"5085\">Fotografia<\/strong>: A luz e os reflexos s\u00e3o ideais para fotos \u00fanicas e emocionantes.<\/li>\n<\/ul>\n<h3 class=\"\" data-start=\"5153\" data-end=\"5198\"><span style=\"text-decoration: underline;\">Dicas para visitar a Cisterna da Bas\u00edlica<\/span><\/h3>\n<ul>\n<li data-start=\"5202\" data-end=\"5264\">Para evitar multid\u00f5es, visite pela manh\u00e3 ou no fim da tarde.<\/li>\n<li data-start=\"5267\" data-end=\"5348\">Use <strong data-start=\"5271\" data-end=\"5308\">sapatos com solado antiderrapante<\/strong>, pois o ch\u00e3o pode estar escorregadio.<\/li>\n<li data-start=\"5351\" data-end=\"5417\">A temperatura interna \u00e9 mais fresca \u2013 leve uma <strong data-start=\"5398\" data-end=\"5414\">jaqueta leve<\/strong>.<\/li>\n<li data-start=\"5420\" data-end=\"5491\">Para evitar filas, <strong data-start=\"5439\" data-end=\"5490\">compre seu ingresso antecipadamente online aqui<\/strong>.<\/li>\n<\/ul>\n<h3 class=\"\" data-start=\"5493\" data-end=\"5517\"><span style=\"text-decoration: underline;\">Perguntas frequentes<\/span><\/h3>\n<h4 class=\"\" data-start=\"5519\" data-end=\"5552\">1. O Museum Pass \u00e9 aceito?<\/h4>\n<p class=\"\" data-start=\"5553\" data-end=\"5633\">N\u00e3o. O <strong data-start=\"5560\" data-end=\"5588\">Museum Pass n\u00e3o \u00e9 aceito<\/strong>, pois a cisterna \u00e9 de administra\u00e7\u00e3o privada.<\/p>\n<h4 class=\"\" data-start=\"5635\" data-end=\"5685\">2. A cisterna \u00e9 acess\u00edvel para cadeirantes?<\/h4>\n<p class=\"\" data-start=\"5686\" data-end=\"5796\">O piso irregular pode dificultar o acesso para cadeiras de rodas, mas <strong data-start=\"5756\" data-end=\"5795\">h\u00e1 funcion\u00e1rios prontos para ajudar<\/strong>.<\/p>\n<h4 class=\"\" data-start=\"5798\" data-end=\"5843\">3. Qual o melhor hor\u00e1rio para visitar?<\/h4>\n<p class=\"\" data-start=\"5844\" data-end=\"5912\"><strong data-start=\"5844\" data-end=\"5884\">Durante as manh\u00e3s nos dias de semana<\/strong> costuma ser mais tranquilo.<\/p>\n<p class=\"\" data-start=\"5914\" data-end=\"6083\">A <strong data-start=\"5916\" data-end=\"5940\">Cisterna da Bas\u00edlica<\/strong> \u00e9 uma atra\u00e7\u00e3o imperd\u00edvel para quem deseja explorar a <strong data-start=\"5994\" data-end=\"6029\">hist\u00f3ria misteriosa de Istambul<\/strong>. Planeje sua visita e mergulhe nessa atmosfera \u00fanica!<\/p>\n<hr class=\"\" data-start=\"6085\" data-end=\"6088\" \/>\n<ul>\n<li data-start=\"6092\" data-end=\"6122\"><em><a href=\"#\" rel=\"noopener\" data-start=\"6092\" data-end=\"6120\">Guia do Pal\u00e1cio Topkapi<\/a><\/em><\/li>\n<li data-start=\"6125\" data-end=\"6151\"><em><a href=\"#\" rel=\"noopener\" data-start=\"6125\" data-end=\"6149\">Guia de Santa Sofia<\/a><\/em><\/li>\n<li data-start=\"6154\" data-end=\"6231\"><em><a href=\"https:\/\/istanbul.ktb.gov.tr\/\" target=\"_new\" rel=\"noopener\" data-start=\"6154\" data-end=\"6229\">Diretoria Provincial de Turismo de Istambul<\/a><\/em><\/li>\n<li data-start=\"6234\" data-end=\"6301\"><em><a href=\"https:\/\/yerebatan.com\/en\/\" target=\"_new\" rel=\"noopener\" data-start=\"6234\" data-end=\"6299\">Site oficial da Cisterna da Bas\u00edlica<\/a><\/em><\/li>\n<li data-start=\"6304\" data-end=\"6331\"><em>Instagram: @yerebatansarnic<\/em><\/li>\n<\/ul>\n","protected":false},"excerpt":{"rendered":"<p>Entrada e ingressos para a Cisterna da Bas\u00edlica Um dos marcos hist\u00f3ricos mais cativantes de Istambul, a Basilica Cistern (ou Pal\u00e1cio Submerso) foi constru\u00edda em 532 d.C. pelo Roman Emperor Justinian I. Com mais de 10.000 visitantes por dia, longas filas para ingressos s\u00e3o comuns na entrada (at\u00e9 1,5 hora de espera durante a alta &#8230; <a title=\"Cisterna da Bas\u00edlica Istambul\" class=\"read-more\" href=\"https:\/\/officialguides.com\/pt-br\/cisterna-da-basilica-istambul\/\" aria-label=\"Read more about Cisterna da Bas\u00edlica Istambul\">Leia mais<\/a><\/p>\n","protected":false},"author":3,"featured_media":394479,"parent":0,"menu_order":0,"comment_status":"closed","ping_status":"closed","template":"","meta":{"_acf_changed":false,"footnotes":""},"class_list":["post-394680","page","type-page","status-publish","has-post-thumbnail"],"acf":[],"yoast_head":"<!-- This site is optimized with the Yoast SEO plugin v27.5 - https:\/\/yoast.com\/product\/yoast-seo-wordpress\/ -->\n<title>Basilica Cistern Istanbul | Ingressos, Taxa de Entrada, Hor\u00e1rio de Funcionamento<\/title>\n<meta name=\"description\" content=\"Guia para a Cisternas subterr\u00e2nea; ingresso r\u00e1pido, dias de fechamento, como chegar de bonde \/ metr\u00f4, o que ver dentro\" \/>\n<meta name=\"robots\" content=\"index, follow, max-snippet:-1, max-image-preview:large, max-video-preview:-1\" \/>\n<link rel=\"canonical\" href=\"https:\/\/officialguides.com\/pt-br\/cisterna-da-basilica-istambul\/\" \/>\n<meta property=\"og:locale\" content=\"pt_BR\" \/>\n<meta property=\"og:type\" content=\"article\" \/>\n<meta property=\"og:title\" content=\"Basilica Cistern Istanbul | Ingressos, Taxa de Entrada, Hor\u00e1rio de Funcionamento\" \/>\n<meta property=\"og:description\" content=\"Guia para a Cisternas subterr\u00e2nea; ingresso r\u00e1pido, dias de fechamento, como chegar de bonde \/ metr\u00f4, o que ver dentro\" \/>\n<meta property=\"og:url\" content=\"https:\/\/officialguides.com\/pt-br\/cisterna-da-basilica-istambul\/\" \/>\n<meta property=\"og:site_name\" content=\"Find Your Private Tour Guide Around The World!\" \/>\n<meta property=\"article:modified_time\" content=\"2026-01-12T12:02:23+00:00\" \/>\n<meta property=\"og:image\" content=\"https:\/\/officialguides.com\/wp-content\/uploads\/2025\/03\/underground-cistern-istanbul.jpg\" \/>\n\t<meta property=\"og:image:width\" content=\"1164\" \/>\n\t<meta property=\"og:image:height\" content=\"899\" \/>\n\t<meta property=\"og:image:type\" content=\"image\/jpeg\" \/>\n<meta name=\"twitter:card\" content=\"summary_large_image\" \/>\n<meta name=\"twitter:label1\" content=\"Est. tempo de leitura\" \/>\n\t<meta name=\"twitter:data1\" content=\"5 minutos\" \/>\n<script type=\"application\/ld+json\" class=\"yoast-schema-graph\">{\"@context\":\"https:\\\/\\\/schema.org\",\"@graph\":[{\"@type\":\"WebPage\",\"@id\":\"https:\\\/\\\/officialguides.com\\\/pt-br\\\/cisterna-da-basilica-istambul\\\/\",\"url\":\"https:\\\/\\\/officialguides.com\\\/pt-br\\\/cisterna-da-basilica-istambul\\\/\",\"name\":\"Basilica Cistern Istanbul | Ingressos, Taxa de Entrada, Hor\u00e1rio de Funcionamento\",\"isPartOf\":{\"@id\":\"https:\\\/\\\/officialguides.com\\\/pt-br\\\/#website\"},\"primaryImageOfPage\":{\"@id\":\"https:\\\/\\\/officialguides.com\\\/pt-br\\\/cisterna-da-basilica-istambul\\\/#primaryimage\"},\"image\":{\"@id\":\"https:\\\/\\\/officialguides.com\\\/pt-br\\\/cisterna-da-basilica-istambul\\\/#primaryimage\"},\"thumbnailUrl\":\"https:\\\/\\\/officialguides.com\\\/wp-content\\\/uploads\\\/2025\\\/03\\\/underground-cistern-istanbul.jpg\",\"datePublished\":\"2025-03-22T20:28:41+00:00\",\"dateModified\":\"2026-01-12T12:02:23+00:00\",\"description\":\"Guia para a Cisternas subterr\u00e2nea; ingresso r\u00e1pido, dias de fechamento, como chegar de bonde \\\/ metr\u00f4, o que ver dentro\",\"breadcrumb\":{\"@id\":\"https:\\\/\\\/officialguides.com\\\/pt-br\\\/cisterna-da-basilica-istambul\\\/#breadcrumb\"},\"inLanguage\":\"pt-BR\",\"potentialAction\":[{\"@type\":\"ReadAction\",\"target\":[\"https:\\\/\\\/officialguides.com\\\/pt-br\\\/cisterna-da-basilica-istambul\\\/\"]}]},{\"@type\":\"ImageObject\",\"inLanguage\":\"pt-BR\",\"@id\":\"https:\\\/\\\/officialguides.com\\\/pt-br\\\/cisterna-da-basilica-istambul\\\/#primaryimage\",\"url\":\"https:\\\/\\\/officialguides.com\\\/wp-content\\\/uploads\\\/2025\\\/03\\\/underground-cistern-istanbul.jpg\",\"contentUrl\":\"https:\\\/\\\/officialguides.com\\\/wp-content\\\/uploads\\\/2025\\\/03\\\/underground-cistern-istanbul.jpg\",\"width\":1164,\"height\":899,\"caption\":\"Cisterna Bas\u00edlica Istambul | Ingressos, Pre\u00e7o de Entrada, Hor\u00e1rios de Funcionamento\"},{\"@type\":\"BreadcrumbList\",\"@id\":\"https:\\\/\\\/officialguides.com\\\/pt-br\\\/cisterna-da-basilica-istambul\\\/#breadcrumb\",\"itemListElement\":[{\"@type\":\"ListItem\",\"position\":1,\"name\":\"Home\",\"item\":\"https:\\\/\\\/officialguides.com\\\/pt-br\\\/\"},{\"@type\":\"ListItem\",\"position\":2,\"name\":\"Cisterna da Bas\u00edlica Istambul\"}]},{\"@type\":\"WebSite\",\"@id\":\"https:\\\/\\\/officialguides.com\\\/pt-br\\\/#website\",\"url\":\"https:\\\/\\\/officialguides.com\\\/pt-br\\\/\",\"name\":\"Official Tour Guides Around The World! Istanbul, Paris, Rome, Dubai...\",\"description\":\"Explore cities and popular destinations with professional, official, certified tour guides\",\"alternateName\":\"Official Guides\",\"potentialAction\":[{\"@type\":\"SearchAction\",\"target\":{\"@type\":\"EntryPoint\",\"urlTemplate\":\"https:\\\/\\\/officialguides.com\\\/pt-br\\\/?s={search_term_string}\"},\"query-input\":{\"@type\":\"PropertyValueSpecification\",\"valueRequired\":true,\"valueName\":\"search_term_string\"}}],\"inLanguage\":\"pt-BR\"}]}<\/script>\n<!-- \/ Yoast SEO plugin. -->","yoast_head_json":{"title":"Basilica Cistern Istanbul | Ingressos, Taxa de Entrada, Hor\u00e1rio de Funcionamento","description":"Guia para a Cisternas subterr\u00e2nea; ingresso r\u00e1pido, dias de fechamento, como chegar de bonde \/ metr\u00f4, o que ver dentro","robots":{"index":"index","follow":"follow","max-snippet":"max-snippet:-1","max-image-preview":"max-image-preview:large","max-video-preview":"max-video-preview:-1"},"canonical":"https:\/\/officialguides.com\/pt-br\/cisterna-da-basilica-istambul\/","og_locale":"pt_BR","og_type":"article","og_title":"Basilica Cistern Istanbul | Ingressos, Taxa de Entrada, Hor\u00e1rio de Funcionamento","og_description":"Guia para a Cisternas subterr\u00e2nea; ingresso r\u00e1pido, dias de fechamento, como chegar de bonde \/ metr\u00f4, o que ver dentro","og_url":"https:\/\/officialguides.com\/pt-br\/cisterna-da-basilica-istambul\/","og_site_name":"Find Your Private Tour Guide Around The World!","article_modified_time":"2026-01-12T12:02:23+00:00","og_image":[{"width":1164,"height":899,"url":"https:\/\/officialguides.com\/wp-content\/uploads\/2025\/03\/underground-cistern-istanbul.jpg","type":"image\/jpeg"}],"twitter_card":"summary_large_image","twitter_misc":{"Est. tempo de leitura":"5 minutos"},"schema":{"@context":"https:\/\/schema.org","@graph":[{"@type":"WebPage","@id":"https:\/\/officialguides.com\/pt-br\/cisterna-da-basilica-istambul\/","url":"https:\/\/officialguides.com\/pt-br\/cisterna-da-basilica-istambul\/","name":"Basilica Cistern Istanbul | Ingressos, Taxa de Entrada, Hor\u00e1rio de Funcionamento","isPartOf":{"@id":"https:\/\/officialguides.com\/pt-br\/#website"},"primaryImageOfPage":{"@id":"https:\/\/officialguides.com\/pt-br\/cisterna-da-basilica-istambul\/#primaryimage"},"image":{"@id":"https:\/\/officialguides.com\/pt-br\/cisterna-da-basilica-istambul\/#primaryimage"},"thumbnailUrl":"https:\/\/officialguides.com\/wp-content\/uploads\/2025\/03\/underground-cistern-istanbul.jpg","datePublished":"2025-03-22T20:28:41+00:00","dateModified":"2026-01-12T12:02:23+00:00","description":"Guia para a Cisternas subterr\u00e2nea; ingresso r\u00e1pido, dias de fechamento, como chegar de bonde \/ metr\u00f4, o que ver dentro","breadcrumb":{"@id":"https:\/\/officialguides.com\/pt-br\/cisterna-da-basilica-istambul\/#breadcrumb"},"inLanguage":"pt-BR","potentialAction":[{"@type":"ReadAction","target":["https:\/\/officialguides.com\/pt-br\/cisterna-da-basilica-istambul\/"]}]},{"@type":"ImageObject","inLanguage":"pt-BR","@id":"https:\/\/officialguides.com\/pt-br\/cisterna-da-basilica-istambul\/#primaryimage","url":"https:\/\/officialguides.com\/wp-content\/uploads\/2025\/03\/underground-cistern-istanbul.jpg","contentUrl":"https:\/\/officialguides.com\/wp-content\/uploads\/2025\/03\/underground-cistern-istanbul.jpg","width":1164,"height":899,"caption":"Cisterna Bas\u00edlica Istambul | Ingressos, Pre\u00e7o de Entrada, Hor\u00e1rios de Funcionamento"},{"@type":"BreadcrumbList","@id":"https:\/\/officialguides.com\/pt-br\/cisterna-da-basilica-istambul\/#breadcrumb","itemListElement":[{"@type":"ListItem","position":1,"name":"Home","item":"https:\/\/officialguides.com\/pt-br\/"},{"@type":"ListItem","position":2,"name":"Cisterna da Bas\u00edlica Istambul"}]},{"@type":"WebSite","@id":"https:\/\/officialguides.com\/pt-br\/#website","url":"https:\/\/officialguides.com\/pt-br\/","name":"Official Tour Guides Around The World! Istanbul, Paris, Rome, Dubai...","description":"Explore cities and popular destinations with professional, official, certified tour guides","alternateName":"Official Guides","potentialAction":[{"@type":"SearchAction","target":{"@type":"EntryPoint","urlTemplate":"https:\/\/officialguides.com\/pt-br\/?s={search_term_string}"},"query-input":{"@type":"PropertyValueSpecification","valueRequired":true,"valueName":"search_term_string"}}],"inLanguage":"pt-BR"}]}},"_links":{"self":[{"href":"https:\/\/officialguides.com\/pt-br\/wp-json\/wp\/v2\/pages\/394680","targetHints":{"allow":["GET"]}}],"collection":[{"href":"https:\/\/officialguides.com\/pt-br\/wp-json\/wp\/v2\/pages"}],"about":[{"href":"https:\/\/officialguides.com\/pt-br\/wp-json\/wp\/v2\/types\/page"}],"author":[{"embeddable":true,"href":"https:\/\/officialguides.com\/pt-br\/wp-json\/wp\/v2\/users\/3"}],"replies":[{"embeddable":true,"href":"https:\/\/officialguides.com\/pt-br\/wp-json\/wp\/v2\/comments?post=394680"}],"version-history":[{"count":3,"href":"https:\/\/officialguides.com\/pt-br\/wp-json\/wp\/v2\/pages\/394680\/revisions"}],"predecessor-version":[{"id":397375,"href":"https:\/\/officialguides.com\/pt-br\/wp-json\/wp\/v2\/pages\/394680\/revisions\/397375"}],"wp:featuredmedia":[{"embeddable":true,"href":"https:\/\/officialguides.com\/pt-br\/wp-json\/wp\/v2\/media\/394479"}],"wp:attachment":[{"href":"https:\/\/officialguides.com\/pt-br\/wp-json\/wp\/v2\/media?parent=394680"}],"curies":[{"name":"wp","href":"https:\/\/api.w.org\/{rel}","templated":true}]}}