{"id":397943,"date":"2026-01-30T22:16:11","date_gmt":"2026-01-30T19:16:11","guid":{"rendered":"https:\/\/officialguides.com\/polityka-prywatnosci\/"},"modified":"2026-01-30T22:16:11","modified_gmt":"2026-01-30T19:16:11","slug":"polityka-prywatnosci","status":"publish","type":"page","link":"https:\/\/officialguides.com\/pl\/polityka-prywatnosci\/","title":{"rendered":"Polityka Prywatno\u015bci"},"content":{"rendered":"<h2 data-path-to-node=\"37\">1. Administrator Danych<\/h2>\n<p data-path-to-node=\"38\">Administratorem danych osobowych na tej stronie jest <b data-path-to-node=\"38\" data-index-in-node=\"53\">OfficialGuides.com<\/b>. W przypadku pyta\u0144 dotycz\u0105cych danych osobowych prosimy o kontakt pod adresem: <b data-path-to-node=\"38\" data-index-in-node=\"151\">info@officialguides.com<\/b>.<\/p>\n<h2 data-path-to-node=\"39\">2. Jakie dane gromadzimy?<\/h2>\n<p data-path-to-node=\"40\">Gromadzimy wy\u0142\u0105cznie informacje niezb\u0119dne do u\u0142atwienia kontaktu mi\u0119dzy podr\u00f3\u017cnymi a przewodnikami:<\/p>\n<ul data-path-to-node=\"41\">\n<li>\n<p data-path-to-node=\"41,0,0\"><b data-path-to-node=\"41,0,0\" data-index-in-node=\"0\">Dla podr\u00f3\u017cnych:<\/b> Imi\u0119, adres e-mail oraz numer telefonu.<\/p>\n<\/li>\n<li>\n<p data-path-to-node=\"41,1,0\"><b data-path-to-node=\"41,1,0\" data-index-in-node=\"0\">Dla przewodnik\u00f3w:<\/b> Imi\u0119, e-mail, numer telefonu, zdj\u0119cie profilowe, biogram oraz dokumenty potwierdzaj\u0105ce licencj\u0119 zawodow\u0105 (je\u015bli dotyczy).<\/p>\n<\/li>\n<\/ul>\n<h2 data-path-to-node=\"42\">3. Jak wykorzystujemy i udost\u0119pniamy dane?<\/h2>\n<p data-path-to-node=\"43\">OfficialGuides.com dzia\u0142a jako platforma typu marketplace. Dane s\u0105 przetwarzane w nast\u0119puj\u0105cy spos\u00f3b:<\/p>\n<ul data-path-to-node=\"44\">\n<li>\n<p data-path-to-node=\"44,0,0\"><b data-path-to-node=\"44,0,0\" data-index-in-node=\"0\">Interakcja na platformie:<\/b> Wst\u0119pna komunikacja odbywa si\u0119 za po\u015brednictwem naszego wewn\u0119trznego systemu.<\/p>\n<\/li>\n<li>\n<p data-path-to-node=\"44,1,0\"><b data-path-to-node=\"44,1,0\" data-index-in-node=\"0\">Udost\u0119pnianie danych kontaktowych:<\/b> Adres e-mail oraz numer telefonu <b data-path-to-node=\"44,1,0\" data-index-in-node=\"68\">nie<\/b> s\u0105 udost\u0119pniane, dop\u00f3ki u\u017cytkownik nie kliknie wyra\u017anie przycisku <b data-path-to-node=\"44,1,0\" data-index-in-node=\"138\">&#8222;Potwierd\u017a&#8221; (Confirm)<\/b>. Klikaj\u0105c ten przycisk, dobrowolnie wyra\u017casz zgod\u0119 na udost\u0119pnienie swoich danych kontaktowych drugiej stronie.<\/p>\n<\/li>\n<li>\n<p data-path-to-node=\"44,2,0\"><b data-path-to-node=\"44,2,0\" data-index-in-node=\"0\">Analityka:<\/b> Korzystamy z <b data-path-to-node=\"44,2,0\" data-index-in-node=\"24\">Google Analytics<\/b> w celu anonimowego monitorowania ruchu na stronie.<\/p>\n<\/li>\n<li>\n<p data-path-to-node=\"44,3,0\"><b data-path-to-node=\"44,3,0\" data-index-in-node=\"0\">Brak p\u0142atno\u015bci:<\/b> Nie gromadzimy ani nie przechowujemy danych bankowych, poniewa\u017c na naszej platformie nie s\u0105 przetwarzane \u017cadne p\u0142atno\u015bci.<\/p>\n<\/li>\n<\/ul>\n<h2 data-path-to-node=\"45\">4. Okres przechowywania danych<\/h2>\n<p data-path-to-node=\"46\">Dane osobowe przechowujemy przez okres <b data-path-to-node=\"46\" data-index-in-node=\"39\">1 roku<\/b> od momentu zamkni\u0119cia konta. Po tym czasie dane s\u0105 trwale usuwane.<\/p>\n<h2 data-path-to-node=\"47\">5. Twoje prawa<\/h2>\n<p data-path-to-node=\"48\">Masz prawo do dost\u0119pu do swoich danych, ich poprawiania lub usuni\u0119cia. Aby skorzysta\u0107 z tych praw, napisz do nas na adres <b data-path-to-node=\"48\" data-index-in-node=\"122\">info@officialguides.com<\/b>.<\/p>\n","protected":false},"excerpt":{"rendered":"<p>1. Administrator Danych Administratorem danych osobowych na tej stronie jest OfficialGuides.com. W przypadku pyta\u0144 dotycz\u0105cych danych osobowych prosimy o kontakt pod adresem: info@officialguides.com. 2. Jakie dane gromadzimy? Gromadzimy wy\u0142\u0105cznie informacje niezb\u0119dne do u\u0142atwienia kontaktu mi\u0119dzy podr\u00f3\u017cnymi a przewodnikami: Dla podr\u00f3\u017cnych: Imi\u0119, adres e-mail oraz numer telefonu. Dla przewodnik\u00f3w: Imi\u0119, e-mail, numer telefonu, zdj\u0119cie profilowe, biogram &#8230; <a title=\"Polityka Prywatno\u015bci\" class=\"read-more\" href=\"https:\/\/officialguides.com\/pl\/polityka-prywatnosci\/\" aria-label=\"Dowiedz si\u0119 wi\u0119cej o Polityka Prywatno\u015bci\">Czytaj dalej<\/a><\/p>\n","protected":false},"author":3,"featured_media":0,"parent":0,"menu_order":0,"comment_status":"closed","ping_status":"closed","template":"","meta":{"_acf_changed":false,"footnotes":""},"class_list":["post-397943","page","type-page","status-publish"],"acf":[],"yoast_head":"<!-- This site is optimized with the Yoast SEO plugin v27.5 - https:\/\/yoast.com\/product\/yoast-seo-wordpress\/ -->\n<title>Polityka Prywatno\u015bci | OfficialGuides.com<\/title>\n<meta name=\"description\" content=\"Dowiedz si\u0119, jak OfficialGuides.com chroni Twoje dane osobowe. Przejrzyste zasady dla podr\u00f3\u017cnych i licencjonowanych przewodnik\u00f3w.\" \/>\n<meta name=\"robots\" content=\"index, follow, max-snippet:-1, max-image-preview:large, max-video-preview:-1\" \/>\n<link rel=\"canonical\" href=\"https:\/\/officialguides.com\/pl\/polityka-prywatnosci\/\" \/>\n<meta property=\"og:locale\" content=\"pl_PL\" \/>\n<meta property=\"og:type\" content=\"article\" \/>\n<meta property=\"og:title\" content=\"Polityka Prywatno\u015bci | OfficialGuides.com\" \/>\n<meta property=\"og:description\" content=\"Dowiedz si\u0119, jak OfficialGuides.com chroni Twoje dane osobowe. Przejrzyste zasady dla podr\u00f3\u017cnych i licencjonowanych przewodnik\u00f3w.\" \/>\n<meta property=\"og:url\" content=\"https:\/\/officialguides.com\/pl\/polityka-prywatnosci\/\" \/>\n<meta property=\"og:site_name\" content=\"Find Your Private Tour Guide Around The World!\" \/>\n<meta name=\"twitter:card\" content=\"summary_large_image\" \/>\n<meta name=\"twitter:label1\" content=\"Szacowany czas czytania\" \/>\n\t<meta name=\"twitter:data1\" content=\"1 minuta\" \/>\n<script type=\"application\/ld+json\" class=\"yoast-schema-graph\">{\"@context\":\"https:\\\/\\\/schema.org\",\"@graph\":[{\"@type\":\"WebPage\",\"@id\":\"https:\\\/\\\/officialguides.com\\\/pl\\\/polityka-prywatnosci\\\/\",\"url\":\"https:\\\/\\\/officialguides.com\\\/pl\\\/polityka-prywatnosci\\\/\",\"name\":\"Polityka Prywatno\u015bci | OfficialGuides.com\",\"isPartOf\":{\"@id\":\"https:\\\/\\\/officialguides.com\\\/pl\\\/#website\"},\"datePublished\":\"2026-01-30T19:16:11+00:00\",\"description\":\"Dowiedz si\u0119, jak OfficialGuides.com chroni Twoje dane osobowe. Przejrzyste zasady dla podr\u00f3\u017cnych i licencjonowanych przewodnik\u00f3w.\",\"breadcrumb\":{\"@id\":\"https:\\\/\\\/officialguides.com\\\/pl\\\/polityka-prywatnosci\\\/#breadcrumb\"},\"inLanguage\":\"pl-PL\",\"potentialAction\":[{\"@type\":\"ReadAction\",\"target\":[\"https:\\\/\\\/officialguides.com\\\/pl\\\/polityka-prywatnosci\\\/\"]}]},{\"@type\":\"BreadcrumbList\",\"@id\":\"https:\\\/\\\/officialguides.com\\\/pl\\\/polityka-prywatnosci\\\/#breadcrumb\",\"itemListElement\":[{\"@type\":\"ListItem\",\"position\":1,\"name\":\"Home\",\"item\":\"https:\\\/\\\/officialguides.com\\\/pl\\\/\"},{\"@type\":\"ListItem\",\"position\":2,\"name\":\"Polityka Prywatno\u015bci\"}]},{\"@type\":\"WebSite\",\"@id\":\"https:\\\/\\\/officialguides.com\\\/pl\\\/#website\",\"url\":\"https:\\\/\\\/officialguides.com\\\/pl\\\/\",\"name\":\"Official Tour Guides Around The World! Istanbul, Paris, Rome, Dubai...\",\"description\":\"Explore cities and popular destinations with professional, official, certified tour guides\",\"alternateName\":\"Official Guides\",\"potentialAction\":[{\"@type\":\"SearchAction\",\"target\":{\"@type\":\"EntryPoint\",\"urlTemplate\":\"https:\\\/\\\/officialguides.com\\\/pl\\\/?s={search_term_string}\"},\"query-input\":{\"@type\":\"PropertyValueSpecification\",\"valueRequired\":true,\"valueName\":\"search_term_string\"}}],\"inLanguage\":\"pl-PL\"}]}<\/script>\n<!-- \/ Yoast SEO plugin. -->","yoast_head_json":{"title":"Polityka Prywatno\u015bci | OfficialGuides.com","description":"Dowiedz si\u0119, jak OfficialGuides.com chroni Twoje dane osobowe. Przejrzyste zasady dla podr\u00f3\u017cnych i licencjonowanych przewodnik\u00f3w.","robots":{"index":"index","follow":"follow","max-snippet":"max-snippet:-1","max-image-preview":"max-image-preview:large","max-video-preview":"max-video-preview:-1"},"canonical":"https:\/\/officialguides.com\/pl\/polityka-prywatnosci\/","og_locale":"pl_PL","og_type":"article","og_title":"Polityka Prywatno\u015bci | OfficialGuides.com","og_description":"Dowiedz si\u0119, jak OfficialGuides.com chroni Twoje dane osobowe. Przejrzyste zasady dla podr\u00f3\u017cnych i licencjonowanych przewodnik\u00f3w.","og_url":"https:\/\/officialguides.com\/pl\/polityka-prywatnosci\/","og_site_name":"Find Your Private Tour Guide Around The World!","twitter_card":"summary_large_image","twitter_misc":{"Szacowany czas czytania":"1 minuta"},"schema":{"@context":"https:\/\/schema.org","@graph":[{"@type":"WebPage","@id":"https:\/\/officialguides.com\/pl\/polityka-prywatnosci\/","url":"https:\/\/officialguides.com\/pl\/polityka-prywatnosci\/","name":"Polityka Prywatno\u015bci | OfficialGuides.com","isPartOf":{"@id":"https:\/\/officialguides.com\/pl\/#website"},"datePublished":"2026-01-30T19:16:11+00:00","description":"Dowiedz si\u0119, jak OfficialGuides.com chroni Twoje dane osobowe. Przejrzyste zasady dla podr\u00f3\u017cnych i licencjonowanych przewodnik\u00f3w.","breadcrumb":{"@id":"https:\/\/officialguides.com\/pl\/polityka-prywatnosci\/#breadcrumb"},"inLanguage":"pl-PL","potentialAction":[{"@type":"ReadAction","target":["https:\/\/officialguides.com\/pl\/polityka-prywatnosci\/"]}]},{"@type":"BreadcrumbList","@id":"https:\/\/officialguides.com\/pl\/polityka-prywatnosci\/#breadcrumb","itemListElement":[{"@type":"ListItem","position":1,"name":"Home","item":"https:\/\/officialguides.com\/pl\/"},{"@type":"ListItem","position":2,"name":"Polityka Prywatno\u015bci"}]},{"@type":"WebSite","@id":"https:\/\/officialguides.com\/pl\/#website","url":"https:\/\/officialguides.com\/pl\/","name":"Official Tour Guides Around The World! Istanbul, Paris, Rome, Dubai...","description":"Explore cities and popular destinations with professional, official, certified tour guides","alternateName":"Official Guides","potentialAction":[{"@type":"SearchAction","target":{"@type":"EntryPoint","urlTemplate":"https:\/\/officialguides.com\/pl\/?s={search_term_string}"},"query-input":{"@type":"PropertyValueSpecification","valueRequired":true,"valueName":"search_term_string"}}],"inLanguage":"pl-PL"}]}},"_links":{"self":[{"href":"https:\/\/officialguides.com\/pl\/wp-json\/wp\/v2\/pages\/397943","targetHints":{"allow":["GET"]}}],"collection":[{"href":"https:\/\/officialguides.com\/pl\/wp-json\/wp\/v2\/pages"}],"about":[{"href":"https:\/\/officialguides.com\/pl\/wp-json\/wp\/v2\/types\/page"}],"author":[{"embeddable":true,"href":"https:\/\/officialguides.com\/pl\/wp-json\/wp\/v2\/users\/3"}],"replies":[{"embeddable":true,"href":"https:\/\/officialguides.com\/pl\/wp-json\/wp\/v2\/comments?post=397943"}],"version-history":[{"count":0,"href":"https:\/\/officialguides.com\/pl\/wp-json\/wp\/v2\/pages\/397943\/revisions"}],"wp:attachment":[{"href":"https:\/\/officialguides.com\/pl\/wp-json\/wp\/v2\/media?parent=397943"}],"curies":[{"name":"wp","href":"https:\/\/api.w.org\/{rel}","templated":true}]}}