{"id":394771,"date":"2025-04-18T21:41:36","date_gmt":"2025-04-18T18:41:36","guid":{"rendered":"https:\/\/officialguides.com\/turystyka-medyczna\/"},"modified":"2025-04-18T21:41:36","modified_gmt":"2025-04-18T18:41:36","slug":"turystyka-medyczna","status":"publish","type":"page","link":"https:\/\/officialguides.com\/pl\/turystyka-medyczna\/","title":{"rendered":"Turystyka Medyczna"},"content":{"rendered":"<h2 class=\"\" data-start=\"589\" data-end=\"630\">\ud83c\udf0d Mi\u0119dzynarodowa Turystyka Medyczna<\/h2>\n<p class=\"\" data-start=\"631\" data-end=\"752\"><strong data-start=\"631\" data-end=\"752\">Odkryj zaufane kierunki turystyki zdrowotnej z przejrzystymi informacjami i autentycznymi do\u015bwiadczeniami kulturowymi<\/strong><\/p>\n<p class=\"\" data-start=\"754\" data-end=\"953\">Witamy na platformie, kt\u00f3ra pomo\u017ce Ci pozna\u0107 najpewniejsze destynacje <strong data-start=\"824\" data-end=\"863\">mi\u0119dzynarodowej turystyki medycznej<\/strong>, gdzie nowoczesna opieka zdrowotna \u0142\u0105czy si\u0119 z warto\u015bciowymi do\u015bwiadczeniami kulturowymi.<\/p>\n<p class=\"\" data-start=\"955\" data-end=\"1226\">Na stronie <strong data-start=\"966\" data-end=\"988\">officialguides.com<\/strong> udost\u0119pniamy og\u00f3lne informacje o <strong data-start=\"1022\" data-end=\"1086\">klinikach i szpitalach przyjmuj\u0105cych pacjent\u00f3w zagranicznych<\/strong>. Nie \u015bwiadczymy us\u0142ug medycznych, ale pomagamy w znalezieniu sprawdzonych plac\u00f3wek i wzbogaceniu leczenia o ofert\u0119 turystyczn\u0105 i kulturow\u0105.<\/p>\n<hr class=\"\" data-start=\"1228\" data-end=\"1231\" \/>\n<h3 class=\"\" data-start=\"1233\" data-end=\"1278\">Dlaczego warto wybra\u0107 turystyk\u0119 medyczn\u0105?<\/h3>\n<p class=\"\" data-start=\"1280\" data-end=\"1352\">Miliony os\u00f3b ka\u017cdego roku wybieraj\u0105 leczenie za granic\u0105 z wielu powod\u00f3w:<\/p>\n<ul>\n<li data-start=\"1356\" data-end=\"1422\">\ud83c\udfe5 Dost\u0119p do akredytowanych klinik i do\u015bwiadczonych specjalist\u00f3w<\/li>\n<li data-start=\"1425\" data-end=\"1477\">\ud83d\udcb0 Ni\u017csze koszty leczenia ni\u017c w kraju zamieszkania<\/li>\n<li data-start=\"1480\" data-end=\"1509\">\ud83d\udcc6 Kr\u00f3tszy czas oczekiwania<\/li>\n<li data-start=\"1512\" data-end=\"1561\">\u2708\ufe0f Mo\u017cliwo\u015b\u0107 po\u0142\u0105czenia leczenia z wypoczynkiem<\/li>\n<li data-start=\"1564\" data-end=\"1611\">\ud83d\udcac Obs\u0142uga wieloj\u0119zyczna i przyjazna pacjentowi<\/li>\n<\/ul>\n<p class=\"\" data-start=\"1613\" data-end=\"1729\">Pomagamy znale\u017a\u0107 <strong data-start=\"1630\" data-end=\"1728\">kraje s\u0142yn\u0105ce z wysokiej jako\u015bci opieki zdrowotnej i go\u015bcinno\u015bci wobec zagranicznych pacjent\u00f3w<\/strong>.<\/p>\n<hr class=\"\" data-start=\"1731\" data-end=\"1734\" \/>\n<h3 class=\"\" data-start=\"1736\" data-end=\"1769\">Najcz\u0119\u015bciej wybierane zabiegi<\/h3>\n<p class=\"\" data-start=\"1771\" data-end=\"1819\">Pacjenci najcz\u0119\u015bciej poszukuj\u0105 takich us\u0142ug jak:<\/p>\n<ul>\n<li data-start=\"1823\" data-end=\"1887\">\u2705 <strong data-start=\"1825\" data-end=\"1841\">Stomatologia<\/strong> (implanty, lic\u00f3wki, projektowanie u\u015bmiechu)<\/li>\n<li data-start=\"1890\" data-end=\"1931\">\u2705 <strong data-start=\"1892\" data-end=\"1929\">Chirurgia plastyczna i estetyczna<\/strong><\/li>\n<li data-start=\"1934\" data-end=\"1959\">\u2705 <strong data-start=\"1936\" data-end=\"1957\">Przeszczep w\u0142os\u00f3w<\/strong><\/li>\n<li data-start=\"1962\" data-end=\"1997\">\u2705 <strong data-start=\"1964\" data-end=\"1995\">Leczenie niep\u0142odno\u015bci (IVF)<\/strong><\/li>\n<li data-start=\"2000\" data-end=\"2043\">\u2705 <strong data-start=\"2002\" data-end=\"2041\">Chirurgia ortopedyczna i kr\u0119gos\u0142upa<\/strong><\/li>\n<li data-start=\"2046\" data-end=\"2101\">\u2705 <strong data-start=\"2048\" data-end=\"2099\">Zabiegi okulistyczne i laserowa korekcja wzroku<\/strong><\/li>\n<li data-start=\"2104\" data-end=\"2162\">\u2705 <strong data-start=\"2106\" data-end=\"2162\">Programy wellness, rehabilitacja, terapie anti-aging<\/strong><\/li>\n<\/ul>\n<p class=\"\" data-start=\"2164\" data-end=\"2309\">\ud83d\udccc <em data-start=\"2167\" data-end=\"2309\">Uwaga: nie udzielamy porad medycznych ani nie gwarantujemy efekt\u00f3w leczenia. Wszystkie informacje maj\u0105 charakter informacyjny i por\u00f3wnawczy.<\/em><\/p>\n<hr class=\"\" data-start=\"2311\" data-end=\"2314\" \/>\n<h3 class=\"\" data-start=\"2316\" data-end=\"2359\">Rekomendowane kraje turystyki medycznej<\/h3>\n<p class=\"\" data-start=\"2361\" data-end=\"2443\">Przedstawiamy pa\u0144stwa, kt\u00f3re ciesz\u0105 si\u0119 renom\u0105 w leczeniu pacjent\u00f3w zagranicznych:<\/p>\n<ul>\n<li data-start=\"2447\" data-end=\"2641\">\ud83c\uddf9\ud83c\uddf7 <strong data-start=\"2452\" data-end=\"2462\">Turcja<\/strong> \u2013 stomatologia estetyczna, chirurgia plastyczna, leczenie okulistyczne, przeszczep narz\u0105d\u00f3w, onkologia, kardiochirurgia, chirurgia ortopedyczna oraz zap\u0142odnienie in vitro (IVF)<\/li>\n<li data-start=\"2644\" data-end=\"2698\">\ud83c\udded\ud83c\uddfa <strong data-start=\"2649\" data-end=\"2658\">W\u0119gry<\/strong> \u2013 stomatologia estetyczna, ortodoncja<\/li>\n<li data-start=\"2701\" data-end=\"2774\">\ud83c\udded\ud83c\uddf7 <strong data-start=\"2706\" data-end=\"2719\">Chorwacja<\/strong> \u2013 leczenie stomatologiczne, wellness i rehabilitacja<\/li>\n<li data-start=\"2777\" data-end=\"2850\">\ud83c\uddf2\ud83c\uddfd <strong data-start=\"2782\" data-end=\"2792\">Meksyk<\/strong> \u2013 chirurgia bariatryczna, kliniki leczenia niep\u0142odno\u015bci<\/li>\n<li data-start=\"2853\" data-end=\"2925\">\ud83c\uddea\ud83c\uddf8 <strong data-start=\"2858\" data-end=\"2871\">Hiszpania<\/strong> \u2013 chirurgia estetyczna, medycyna przeciwstarzeniowa<\/li>\n<li data-start=\"2928\" data-end=\"2984\">\ud83c\uddf9\ud83c\udded <strong data-start=\"2933\" data-end=\"2946\">Tajlandia<\/strong> \u2013 spa medyczne, zabiegi kosmetyczne<\/li>\n<li data-start=\"2987\" data-end=\"3058\">\ud83c\uddf0\ud83c\uddf7 <strong data-start=\"2992\" data-end=\"3012\">Korea Po\u0142udniowa<\/strong> \u2013 dermatologia, zaawansowane terapie twarzy<\/li>\n<li data-start=\"3061\" data-end=\"3127\">\ud83c\uddee\ud83c\uddf3 <strong data-start=\"3066\" data-end=\"3075\">Indie<\/strong> \u2013 ortopedia, kardiochirurgia, terapie ajurwedyjskie<\/li>\n<\/ul>\n<p class=\"\" data-start=\"3129\" data-end=\"3229\">Wszystkie plac\u00f3wki to <strong data-start=\"3151\" data-end=\"3173\">niezale\u017cne kliniki<\/strong> z do\u015bwiadczeniem w leczeniu pacjent\u00f3w mi\u0119dzynarodowych.<\/p>\n<hr class=\"\" data-start=\"3231\" data-end=\"3234\" \/>\n<h3 class=\"\" data-start=\"3236\" data-end=\"3277\">Po\u0142\u0105cz leczenie z odkrywaniem kultury<\/h3>\n<p class=\"\" data-start=\"3279\" data-end=\"3604\">Opr\u00f3cz informacji medycznych umo\u017cliwiamy r\u00f3wnie\u017c kontakt z <strong data-start=\"3338\" data-end=\"3386\">licencjonowanymi przewodnikami turystycznymi<\/strong> w wybranych miastach.<br data-start=\"3408\" data-end=\"3411\" \/>Niezale\u017cnie od tego, czy b\u0119dzie to historyczny spacer po Stambule, szlak winny w Hiszpanii czy rejs widokowy wzd\u0142u\u017c Dunaju \u2013 czas rekonwalescencji mo\u017ce sta\u0107 si\u0119 wa\u017cnym elementem Twojej podr\u00f3\u017cy.<\/p>\n<blockquote data-start=\"3606\" data-end=\"3706\">\n<p class=\"\" data-start=\"3608\" data-end=\"3706\">\ud83c\udfa7 <em data-start=\"3611\" data-end=\"3706\">Wycieczki prywatne s\u0105 opcjonalne i organizowane na \u017cyczenie z licencjonowanymi przewodnikami.<\/em><\/p>\n<\/blockquote>\n<hr class=\"\" data-start=\"3708\" data-end=\"3711\" \/>\n<h3 class=\"\" data-start=\"3713\" data-end=\"3752\">Niezale\u017cna i informacyjna platforma<\/h3>\n<ul>\n<li data-start=\"3756\" data-end=\"3826\">\u2757 <strong data-start=\"3758\" data-end=\"3824\">Nie rekomendujemy konkretnych zabieg\u00f3w ani terapii medycznych.<\/strong><\/li>\n<li data-start=\"3829\" data-end=\"3901\">\ud83c\udfe5 Wyb\u00f3r kliniki, lekarza i metody leczenia le\u017cy w gestii u\u017cytkownika.<\/li>\n<li data-start=\"3904\" data-end=\"3977\">\ud83d\udcd1 Wszystkie informacje maj\u0105 charakter og\u00f3lny i nie s\u0105 wi\u0105\u017c\u0105ce prawnie.<\/li>\n<li data-start=\"3980\" data-end=\"4067\">\ud83d\udee1\ufe0f <strong data-start=\"3984\" data-end=\"4067\">Nie ponosimy odpowiedzialno\u015bci za wyniki leczenia ani za us\u0142ugi stron trzecich.<\/strong><\/li>\n<\/ul>\n<hr class=\"\" data-start=\"4069\" data-end=\"4072\" \/>\n<h3 class=\"\" data-start=\"4074\" data-end=\"4110\">\u2709\ufe0f Chcesz dowiedzie\u0107 si\u0119 wi\u0119cej?<\/h3>\n<p class=\"\" data-start=\"4112\" data-end=\"4249\">Je\u015bli rozwa\u017casz leczenie za granic\u0105 i chcesz pozna\u0107 szczeg\u00f3\u0142y dotycz\u0105ce klinik, kraj\u00f3w lub atrakcji kulturalnych \u2014 skontaktuj si\u0119 z nami.<\/p>\n<p class=\"\" data-start=\"4251\" data-end=\"4381\">\ud83d\udc49 <strong data-start=\"4254\" data-end=\"4285\">SKONTAKTUJ SI\u0118 Z NAMI TERAZ<\/strong> \u2013 aby otrzyma\u0107 wst\u0119pne informacje o dost\u0119pnych mo\u017cliwo\u015bciach leczenia i prywatnych wycieczkach.<\/p>\n<p data-start=\"4251\" data-end=\"4381\"><div class=\"wpforms-container wpforms-container-full\" id=\"wpforms-4263\"><form id=\"wpforms-form-4263\" class=\"wpforms-validate wpforms-form\" data-formid=\"4263\" method=\"post\" enctype=\"multipart\/form-data\" action=\"\/pl\/wp-json\/wp\/v2\/pages\/394771\" data-token=\"e55905b6665478818f3198ba995420eb\" data-token-time=\"1777278837\"><noscript class=\"wpforms-error-noscript\">Aby wype\u0142ni\u0107 ten formularz, w\u0142\u0105cz obs\u0142ug\u0119 JavaScript w przegl\u0105darce.<\/noscript><div class=\"wpforms-field-container\"><div id=\"wpforms-4263-field_0-container\" class=\"wpforms-field wpforms-field-name\" data-field-id=\"0\"><label class=\"wpforms-field-label\">Name <span class=\"wpforms-required-label\">*<\/span><\/label><div class=\"wpforms-field-row wpforms-field-medium\"><div class=\"wpforms-field-row-block wpforms-first wpforms-one-half\"><input type=\"text\" id=\"wpforms-4263-field_0\" class=\"wpforms-field-name-first wpforms-field-required\" name=\"wpforms[fields][0][first]\" required><label for=\"wpforms-4263-field_0\" class=\"wpforms-field-sublabel after\">Pierwszy<\/label><\/div><div class=\"wpforms-field-row-block wpforms-one-half\"><input type=\"text\" id=\"wpforms-4263-field_0-last\" class=\"wpforms-field-name-last wpforms-field-required\" name=\"wpforms[fields][0][last]\" required><label for=\"wpforms-4263-field_0-last\" class=\"wpforms-field-sublabel after\">Ostatni<\/label><\/div><\/div><\/div><div id=\"wpforms-4263-field_1-container\" class=\"wpforms-field wpforms-field-email\" data-field-id=\"1\"><label class=\"wpforms-field-label\" for=\"wpforms-4263-field_1\">Email <span class=\"wpforms-required-label\">*<\/span><\/label><input type=\"email\" id=\"wpforms-4263-field_1\" class=\"wpforms-field-medium wpforms-field-required\" name=\"wpforms[fields][1]\" spellcheck=\"false\" required><\/div><div id=\"wpforms-4263-field_4-container\" class=\"wpforms-field wpforms-field-phone\" data-field-id=\"4\"><label class=\"wpforms-field-label\" for=\"wpforms-4263-field_4\">Mobile Phone<\/label><input type=\"tel\" id=\"wpforms-4263-field_4\" class=\"wpforms-field-medium wpforms-smart-phone-field\" data-rule-smart-phone-field=\"true\" name=\"wpforms[fields][4]\" aria-label=\"Mobile Phone\" ><\/div><div id=\"wpforms-4263-field_2-container\" class=\"wpforms-field wpforms-field-textarea\" data-field-id=\"2\"><label class=\"wpforms-field-label\" for=\"wpforms-4263-field_2\">Comment or Message <span class=\"wpforms-required-label\">*<\/span><\/label><textarea id=\"wpforms-4263-field_2\" class=\"wpforms-field-medium wpforms-field-required\" name=\"wpforms[fields][2]\" required><\/textarea><\/div><\/div><!-- .wpforms-field-container --><div class=\"wpforms-field wpforms-field-hp\"><label for=\"wpforms-4263-field-hp\" class=\"wpforms-field-label\">Website<\/label><input type=\"text\" name=\"wpforms[hp]\" id=\"wpforms-4263-field-hp\" class=\"wpforms-field-medium\"><\/div><div class=\"wpforms-recaptcha-container wpforms-is-recaptcha wpforms-is-recaptcha-type-v2\" ><div class=\"g-recaptcha\" data-sitekey=\"6LcUi_IZAAAAAPZECIskiqveM1KET8SQPPj592eW\"><\/div><input type=\"text\" name=\"g-recaptcha-hidden\" class=\"wpforms-recaptcha-hidden\" style=\"position:absolute!important;clip:rect(0,0,0,0)!important;height:1px!important;width:1px!important;border:0!important;overflow:hidden!important;padding:0!important;margin:0!important;\" data-rule-recaptcha=\"1\"><\/div><div class=\"wpforms-submit-container\" ><input type=\"hidden\" name=\"wpforms[id]\" value=\"4263\"><input type=\"hidden\" name=\"page_title\" value=\"\"><input type=\"hidden\" name=\"page_url\" value=\"https:\/\/officialguides.com\/pl\/wp-json\/wp\/v2\/pages\/394771\"><input type=\"hidden\" name=\"url_referer\" value=\"\"><button type=\"submit\" name=\"wpforms[submit]\" id=\"wpforms-submit-4263\" class=\"wpforms-submit\" data-alt-text=\"Sending...\" data-submit-text=\"Submit\" aria-live=\"assertive\" value=\"wpforms-submit\">Submit<\/button><\/div><\/form><\/div>  <!-- .wpforms-container --><\/p>\n","protected":false},"excerpt":{"rendered":"<p>\ud83c\udf0d Mi\u0119dzynarodowa Turystyka Medyczna Odkryj zaufane kierunki turystyki zdrowotnej z przejrzystymi informacjami i autentycznymi do\u015bwiadczeniami kulturowymi Witamy na platformie, kt\u00f3ra pomo\u017ce Ci pozna\u0107 najpewniejsze destynacje mi\u0119dzynarodowej turystyki medycznej, gdzie nowoczesna opieka zdrowotna \u0142\u0105czy si\u0119 z warto\u015bciowymi do\u015bwiadczeniami kulturowymi. Na stronie officialguides.com udost\u0119pniamy og\u00f3lne informacje o klinikach i szpitalach przyjmuj\u0105cych pacjent\u00f3w zagranicznych. Nie \u015bwiadczymy us\u0142ug medycznych, &#8230; <a title=\"Turystyka Medyczna\" class=\"read-more\" href=\"https:\/\/officialguides.com\/pl\/turystyka-medyczna\/\" aria-label=\"Dowiedz si\u0119 wi\u0119cej o Turystyka Medyczna\">Czytaj dalej<\/a><\/p>\n","protected":false},"author":3,"featured_media":394726,"parent":0,"menu_order":0,"comment_status":"closed","ping_status":"closed","template":"","meta":{"_acf_changed":false,"footnotes":""},"class_list":["post-394771","page","type-page","status-publish","has-post-thumbnail"],"acf":[],"yoast_head":"<!-- This site is optimized with the Yoast SEO plugin v27.4 - https:\/\/yoast.com\/product\/yoast-seo-wordpress\/ -->\n<title>Mi\u0119dzynarodowa Turystyka Medyczna \u2013 Zaufane Kliniki i Kulturalne Do\u015bwiadczenia<\/title>\n<meta name=\"description\" content=\"Poznaj najlepsze destynacje turystyki zdrowotnej na \u015bwiecie. Por\u00f3wnaj kliniki i po\u0142\u0105cz leczenie z podr\u00f3\u017c\u0105 pe\u0142n\u0105 autentycznych wra\u017ce\u0144.\" \/>\n<meta name=\"robots\" content=\"index, follow, max-snippet:-1, max-image-preview:large, max-video-preview:-1\" \/>\n<link rel=\"canonical\" href=\"https:\/\/officialguides.com\/pl\/turystyka-medyczna\/\" \/>\n<meta property=\"og:locale\" content=\"pl_PL\" \/>\n<meta property=\"og:type\" content=\"article\" \/>\n<meta property=\"og:title\" content=\"Mi\u0119dzynarodowa Turystyka Medyczna \u2013 Zaufane Kliniki i Kulturalne Do\u015bwiadczenia\" \/>\n<meta property=\"og:description\" content=\"Poznaj najlepsze destynacje turystyki zdrowotnej na \u015bwiecie. Por\u00f3wnaj kliniki i po\u0142\u0105cz leczenie z podr\u00f3\u017c\u0105 pe\u0142n\u0105 autentycznych wra\u017ce\u0144.\" \/>\n<meta property=\"og:url\" content=\"https:\/\/officialguides.com\/pl\/turystyka-medyczna\/\" \/>\n<meta property=\"og:site_name\" content=\"Find Your Private Tour Guide Around The World!\" \/>\n<meta property=\"og:image\" content=\"https:\/\/officialguides.com\/wp-content\/uploads\/2025\/04\/medical-tourism.jpg\" \/>\n\t<meta property=\"og:image:width\" content=\"1023\" \/>\n\t<meta property=\"og:image:height\" content=\"373\" \/>\n\t<meta property=\"og:image:type\" content=\"image\/jpeg\" \/>\n<meta name=\"twitter:card\" content=\"summary_large_image\" \/>\n<meta name=\"twitter:label1\" content=\"Szacowany czas czytania\" \/>\n\t<meta name=\"twitter:data1\" content=\"2 minuty\" \/>\n<script type=\"application\/ld+json\" class=\"yoast-schema-graph\">{\"@context\":\"https:\\\/\\\/schema.org\",\"@graph\":[{\"@type\":\"WebPage\",\"@id\":\"https:\\\/\\\/officialguides.com\\\/pl\\\/turystyka-medyczna\\\/\",\"url\":\"https:\\\/\\\/officialguides.com\\\/pl\\\/turystyka-medyczna\\\/\",\"name\":\"Mi\u0119dzynarodowa Turystyka Medyczna \u2013 Zaufane Kliniki i Kulturalne Do\u015bwiadczenia\",\"isPartOf\":{\"@id\":\"https:\\\/\\\/officialguides.com\\\/pl\\\/#website\"},\"primaryImageOfPage\":{\"@id\":\"https:\\\/\\\/officialguides.com\\\/pl\\\/turystyka-medyczna\\\/#primaryimage\"},\"image\":{\"@id\":\"https:\\\/\\\/officialguides.com\\\/pl\\\/turystyka-medyczna\\\/#primaryimage\"},\"thumbnailUrl\":\"https:\\\/\\\/officialguides.com\\\/wp-content\\\/uploads\\\/2025\\\/04\\\/medical-tourism.jpg\",\"datePublished\":\"2025-04-18T18:41:36+00:00\",\"description\":\"Poznaj najlepsze destynacje turystyki zdrowotnej na \u015bwiecie. Por\u00f3wnaj kliniki i po\u0142\u0105cz leczenie z podr\u00f3\u017c\u0105 pe\u0142n\u0105 autentycznych wra\u017ce\u0144.\",\"breadcrumb\":{\"@id\":\"https:\\\/\\\/officialguides.com\\\/pl\\\/turystyka-medyczna\\\/#breadcrumb\"},\"inLanguage\":\"pl-PL\",\"potentialAction\":[{\"@type\":\"ReadAction\",\"target\":[\"https:\\\/\\\/officialguides.com\\\/pl\\\/turystyka-medyczna\\\/\"]}]},{\"@type\":\"ImageObject\",\"inLanguage\":\"pl-PL\",\"@id\":\"https:\\\/\\\/officialguides.com\\\/pl\\\/turystyka-medyczna\\\/#primaryimage\",\"url\":\"https:\\\/\\\/officialguides.com\\\/wp-content\\\/uploads\\\/2025\\\/04\\\/medical-tourism.jpg\",\"contentUrl\":\"https:\\\/\\\/officialguides.com\\\/wp-content\\\/uploads\\\/2025\\\/04\\\/medical-tourism.jpg\",\"width\":1023,\"height\":373,\"caption\":\"Pacjent zagraniczny przegl\u0105da informacje medyczne podczas wycieczki kulturalnej\"},{\"@type\":\"BreadcrumbList\",\"@id\":\"https:\\\/\\\/officialguides.com\\\/pl\\\/turystyka-medyczna\\\/#breadcrumb\",\"itemListElement\":[{\"@type\":\"ListItem\",\"position\":1,\"name\":\"Home\",\"item\":\"https:\\\/\\\/officialguides.com\\\/pl\\\/\"},{\"@type\":\"ListItem\",\"position\":2,\"name\":\"Turystyka Medyczna\"}]},{\"@type\":\"WebSite\",\"@id\":\"https:\\\/\\\/officialguides.com\\\/pl\\\/#website\",\"url\":\"https:\\\/\\\/officialguides.com\\\/pl\\\/\",\"name\":\"Official Tour Guides Around The World! Istanbul, Paris, Rome, Dubai...\",\"description\":\"Explore cities and popular destinations with professional, official, certified tour guides\",\"alternateName\":\"Official Guides\",\"potentialAction\":[{\"@type\":\"SearchAction\",\"target\":{\"@type\":\"EntryPoint\",\"urlTemplate\":\"https:\\\/\\\/officialguides.com\\\/pl\\\/?s={search_term_string}\"},\"query-input\":{\"@type\":\"PropertyValueSpecification\",\"valueRequired\":true,\"valueName\":\"search_term_string\"}}],\"inLanguage\":\"pl-PL\"}]}<\/script>\n<!-- \/ Yoast SEO plugin. -->","yoast_head_json":{"title":"Mi\u0119dzynarodowa Turystyka Medyczna \u2013 Zaufane Kliniki i Kulturalne Do\u015bwiadczenia","description":"Poznaj najlepsze destynacje turystyki zdrowotnej na \u015bwiecie. Por\u00f3wnaj kliniki i po\u0142\u0105cz leczenie z podr\u00f3\u017c\u0105 pe\u0142n\u0105 autentycznych wra\u017ce\u0144.","robots":{"index":"index","follow":"follow","max-snippet":"max-snippet:-1","max-image-preview":"max-image-preview:large","max-video-preview":"max-video-preview:-1"},"canonical":"https:\/\/officialguides.com\/pl\/turystyka-medyczna\/","og_locale":"pl_PL","og_type":"article","og_title":"Mi\u0119dzynarodowa Turystyka Medyczna \u2013 Zaufane Kliniki i Kulturalne Do\u015bwiadczenia","og_description":"Poznaj najlepsze destynacje turystyki zdrowotnej na \u015bwiecie. Por\u00f3wnaj kliniki i po\u0142\u0105cz leczenie z podr\u00f3\u017c\u0105 pe\u0142n\u0105 autentycznych wra\u017ce\u0144.","og_url":"https:\/\/officialguides.com\/pl\/turystyka-medyczna\/","og_site_name":"Find Your Private Tour Guide Around The World!","og_image":[{"width":1023,"height":373,"url":"https:\/\/officialguides.com\/wp-content\/uploads\/2025\/04\/medical-tourism.jpg","type":"image\/jpeg"}],"twitter_card":"summary_large_image","twitter_misc":{"Szacowany czas czytania":"2 minuty"},"schema":{"@context":"https:\/\/schema.org","@graph":[{"@type":"WebPage","@id":"https:\/\/officialguides.com\/pl\/turystyka-medyczna\/","url":"https:\/\/officialguides.com\/pl\/turystyka-medyczna\/","name":"Mi\u0119dzynarodowa Turystyka Medyczna \u2013 Zaufane Kliniki i Kulturalne Do\u015bwiadczenia","isPartOf":{"@id":"https:\/\/officialguides.com\/pl\/#website"},"primaryImageOfPage":{"@id":"https:\/\/officialguides.com\/pl\/turystyka-medyczna\/#primaryimage"},"image":{"@id":"https:\/\/officialguides.com\/pl\/turystyka-medyczna\/#primaryimage"},"thumbnailUrl":"https:\/\/officialguides.com\/wp-content\/uploads\/2025\/04\/medical-tourism.jpg","datePublished":"2025-04-18T18:41:36+00:00","description":"Poznaj najlepsze destynacje turystyki zdrowotnej na \u015bwiecie. Por\u00f3wnaj kliniki i po\u0142\u0105cz leczenie z podr\u00f3\u017c\u0105 pe\u0142n\u0105 autentycznych wra\u017ce\u0144.","breadcrumb":{"@id":"https:\/\/officialguides.com\/pl\/turystyka-medyczna\/#breadcrumb"},"inLanguage":"pl-PL","potentialAction":[{"@type":"ReadAction","target":["https:\/\/officialguides.com\/pl\/turystyka-medyczna\/"]}]},{"@type":"ImageObject","inLanguage":"pl-PL","@id":"https:\/\/officialguides.com\/pl\/turystyka-medyczna\/#primaryimage","url":"https:\/\/officialguides.com\/wp-content\/uploads\/2025\/04\/medical-tourism.jpg","contentUrl":"https:\/\/officialguides.com\/wp-content\/uploads\/2025\/04\/medical-tourism.jpg","width":1023,"height":373,"caption":"Pacjent zagraniczny przegl\u0105da informacje medyczne podczas wycieczki kulturalnej"},{"@type":"BreadcrumbList","@id":"https:\/\/officialguides.com\/pl\/turystyka-medyczna\/#breadcrumb","itemListElement":[{"@type":"ListItem","position":1,"name":"Home","item":"https:\/\/officialguides.com\/pl\/"},{"@type":"ListItem","position":2,"name":"Turystyka Medyczna"}]},{"@type":"WebSite","@id":"https:\/\/officialguides.com\/pl\/#website","url":"https:\/\/officialguides.com\/pl\/","name":"Official Tour Guides Around The World! Istanbul, Paris, Rome, Dubai...","description":"Explore cities and popular destinations with professional, official, certified tour guides","alternateName":"Official Guides","potentialAction":[{"@type":"SearchAction","target":{"@type":"EntryPoint","urlTemplate":"https:\/\/officialguides.com\/pl\/?s={search_term_string}"},"query-input":{"@type":"PropertyValueSpecification","valueRequired":true,"valueName":"search_term_string"}}],"inLanguage":"pl-PL"}]}},"_links":{"self":[{"href":"https:\/\/officialguides.com\/pl\/wp-json\/wp\/v2\/pages\/394771","targetHints":{"allow":["GET"]}}],"collection":[{"href":"https:\/\/officialguides.com\/pl\/wp-json\/wp\/v2\/pages"}],"about":[{"href":"https:\/\/officialguides.com\/pl\/wp-json\/wp\/v2\/types\/page"}],"author":[{"embeddable":true,"href":"https:\/\/officialguides.com\/pl\/wp-json\/wp\/v2\/users\/3"}],"replies":[{"embeddable":true,"href":"https:\/\/officialguides.com\/pl\/wp-json\/wp\/v2\/comments?post=394771"}],"version-history":[{"count":0,"href":"https:\/\/officialguides.com\/pl\/wp-json\/wp\/v2\/pages\/394771\/revisions"}],"wp:featuredmedia":[{"embeddable":true,"href":"https:\/\/officialguides.com\/pl\/wp-json\/wp\/v2\/media\/394726"}],"wp:attachment":[{"href":"https:\/\/officialguides.com\/pl\/wp-json\/wp\/v2\/media?parent=394771"}],"curies":[{"name":"wp","href":"https:\/\/api.w.org\/{rel}","templated":true}]}}