{"id":394667,"date":"2025-03-21T00:23:41","date_gmt":"2025-03-20T21:23:41","guid":{"rendered":"https:\/\/officialguides.com\/cysterna-bazyliki-w-stambule\/"},"modified":"2026-01-12T15:00:37","modified_gmt":"2026-01-12T12:00:37","slug":"cysterna-bazyliki-w-stambule","status":"publish","type":"page","link":"https:\/\/officialguides.com\/pl\/cysterna-bazyliki-w-stambule\/","title":{"rendered":"Cysterna Bazyliki w Stambule"},"content":{"rendered":"<h2 data-pm-slice=\"1 1 []\">Wej\u015bcie i bilety do Cysterny Bazyliki<\/h2>\n<p data-path-to-node=\"15\">Jeden z najbardziej urzekaj\u0105cych zabytk\u00f3w Stambu\u0142u, <b data-path-to-node=\"15\" data-index-in-node=\"52\">Basilica Cistern<\/b> (lub Zatopiony Pa\u0142ac), zosta\u0142 zbudowany w 532 roku n.e. przez <b data-path-to-node=\"15\" data-index-in-node=\"131\">Roman Emperor Justinian I<\/b>. Przy ponad 10 000 odwiedzaj\u0105cych dziennie, d\u0142ugie kolejki po bilety przy wej\u015bciu s\u0105 powszechne (do 1,5 godziny oczekiwania w szczycie sezonu od kwietnia do listopada). Je\u015bli wolisz szybkie wej\u015bcie, <i data-path-to-node=\"15\" data-index-in-node=\"356\"><a class=\"ng-star-inserted\" href=\"https:\/\/www.tiqets.com\/basilica-cistern-tickets-l147375\/?partner=travelingturks\" target=\"_blank\" rel=\"noopener\" data-hveid=\"0\" data-ved=\"0CAAQ_4QMahgKEwj8kfGp2oWSAxUAAAAAHQAAAAAQ0wg\">mo\u017cesz zarezerwowa\u0107 bilety tutaj<\/a><\/i> i \ud83c\udf1f <span style=\"color: #800000;\"><em><a style=\"color: #800000;\" href=\"https:\/\/officialguides.com\/pl\/przewodnik-po-stambule-mowiacy-po-polsku\/\" target=\"_blank\" rel=\"noopener\">zarezerwowa\u0107 prywatnego przewodnika<\/a><\/em><\/span>, aby zwiedzi\u0107 cystern\u0119 bez kolejki.<\/p>\n<figure style=\"width: 1014px\" class=\"wp-caption aligncenter\"><img decoding=\"async\" src=\"https:\/\/officialguides.com\/wp-content\/uploads\/2025\/03\/basilica-cistern-fast-track-entry.jpg\" alt=\"Underground Cistern ticket lines\" width=\"1024\" height=\"358\" \/><figcaption class=\"wp-caption-text\"><em>Kolejki po bilety do Cysterny Bazyliki..<\/em><\/figcaption><\/figure>\n<p>W okresie <strong>osma\u0144skim<\/strong> cysterny u\u017cywano g\u0142\u00f3wnie do <strong>nawadniania<\/strong>, a nie jako \u017ar\u00f3d\u0142a wody pitnej. Spo\u015br\u00f3d <strong>ponad 100 cystern<\/strong> z czas\u00f3w <strong>Bizancjum i Cesarstwa Rzymskiego<\/strong>, jest ona <strong>najwi\u0119ksza<\/strong> i jednocze\u015bnie <strong>najwi\u0119ksz\u0105 podziemn\u0105 cystern\u0105 na \u015bwiecie<\/strong>. Dzi\u015b zachwyca turyst\u00f3w swoj\u0105 <strong>hipnotyzuj\u0105c\u0105 atmosfer\u0105, staro\u017cytnymi kolumnami i efektownym o\u015bwietleniem<\/strong>.<\/p>\n<h3>Ceny bilet\u00f3w i informacje o zakupie 2026<\/h3>\n<h4>Op\u0142aty za zwiedzanie w ci\u0105gu dnia (09:00 &#8211; 18:30)<\/h4>\n<ul data-spread=\"false\">\n<li><strong>Bilet normalny:<\/strong> 1500 TL<\/li>\n<li><strong>Dzieci do lat 7:<\/strong> Bezp\u0142atnie<\/li>\n<li>Zni\u017cka studencka obowi\u0105zuje wy\u0142\u0105cznie dla student\u00f3w studiuj\u0105cych w Turcji.<\/li>\n<\/ul>\n<p><img decoding=\"async\" class=\"aligncenter\" src=\"https:\/\/officialguides.com\/wp-content\/uploads\/2025\/03\/ticket-prices-basilica-cistern.jpg\" alt=\"ticket price and online purchase for Underground Cistern in Istanbul, free and discounted entrance\" \/><\/p>\n<h4>Op\u0142aty za zwiedzanie nocne (19:30 &#8211; 22:00)<\/h4>\n<ul data-spread=\"false\">\n<li><strong>Bilet normalny:<\/strong> 2400 TL<\/li>\n<li><strong>Dzieci do lat 7:<\/strong> Bezp\u0142atnie<\/li>\n<\/ul>\n<h4>Informacje dotycz\u0105ce zakupu bilet\u00f3w<\/h4>\n<ul data-spread=\"false\">\n<li><strong>Bilety dzienne (09:00 &#8211; 18:30)<\/strong> mo\u017cna kupi\u0107 w kasach biletowych.<\/li>\n<li><strong>Bilety nocne (19:30 &#8211; 22:00)<\/strong> s\u0105 dost\u0119pne <strong>wy\u0142\u0105cznie<\/strong> w kasie <strong>Cysterny Bazyliki<\/strong> od <strong>19:30<\/strong>.<\/li>\n<li><strong>Nieautoryzowani sprzedawcy bilet\u00f3w<\/strong> nie s\u0105 uznawani przez K\u00fclt\u00fcr A\u015e. Zawsze korzystaj z <strong>oficjalnych kana\u0142\u00f3w sprzeda\u017cy<\/strong> <em><a href=\"https:\/\/www.getyourguide.com\/s?partner_id=F2GZGY3&amp;cmp=short-url&amp;visitor-id=T17EI6FRI366N1N5Z1A1Z1E4OZFJPTNZ&amp;locale_autoredirect_optout=true&amp;et=523484&amp;lc=56\" target=\"_blank\" rel=\"noopener\">(GetYourGuide jest autoryzowanym sprzedawc\u0105)<\/a><\/em>.<\/li>\n<li><strong>Bilety s\u0105 jednorazowego u\u017cytku<\/strong> i musz\u0105 by\u0107 wykorzystane <strong>tego samego dnia<\/strong>. Nie ma mo\u017cliwo\u015bci zwrotu ani wymiany.<\/li>\n<li><strong>Dzieci do lat 7<\/strong> oraz <strong>licencjonowani przewodnicy<\/strong> mog\u0105 wej\u015b\u0107 bezp\u0142atnie w ramach programu <strong>Night Shift<\/strong>.<\/li>\n<li><strong>Akceptowane s\u0105 tylko got\u00f3wka i karty kredytowe<\/strong>. <strong>Waluty obce nie s\u0105 przyjmowane<\/strong>.<\/li>\n<li><strong>Muzealna Karta (Museum Pass) nie jest wa\u017cna<\/strong>, poniewa\u017c <strong>Cysterna Bazyliki nie jest zarz\u0105dzana przez Ministerstwo Kultury<\/strong>.<\/li>\n<\/ul>\n<h3>Godziny otwarcia i dni zamkni\u0119cia 2026<\/h3>\n<ul data-spread=\"false\">\n<li><strong>Otwarte codziennie<\/strong> od <strong>09:00 do 22:00<\/strong>.<\/li>\n<li><strong>Zamkni\u0119te od 18:30 do 19:30<\/strong> z powodu przerwy technicznej.<\/li>\n<\/ul>\n<p><img decoding=\"async\" class=\"aligncenter\" src=\"https:\/\/officialguides.com\/wp-content\/uploads\/2025\/03\/basilica-cistern-opening-hours.jpg\" alt=\"Cisterna Basilica \/ Sunken Palace visitors information, closing hour and days\" \/><\/p>\n<h3>Jak dotrze\u0107 do Cysterny Bazyliki<\/h3>\n<h4>Tramwaj<\/h4>\n<ul data-spread=\"false\">\n<li>Najbli\u017cszy przystanek tramwajowy to <strong>Sultanahmet<\/strong>, na <strong>linii T1 Ba\u011fc\u0131lar-Kabata\u015f<\/strong>. Spacer stamt\u0105d zajmuje <strong>5 minut<\/strong>..<\/li>\n<\/ul>\n<p><iframe src=\"https:\/\/www.google.com\/maps\/embed?pb=!1m18!1m12!1m3!1d3010.7708709753197!2d28.975303074478624!3d41.00838801942053!2m3!1f0!2f0!3f0!3m2!1i1024!2i768!4f13.1!3m3!1m2!1s0x14cab9bde0c66ac9%3A0x60c02fe1ee6d8471!2zWWVyZWJhdGFuIFNhcm7EsWPEsQ!5e0!3m2!1str!2str!4v1741789356228!5m2!1str!2str\" width=\"600\" height=\"450\" allowfullscreen=\"allowfullscreen\"><\/iframe><\/p>\n<h4>Metro<\/h4>\n<ul data-spread=\"false\">\n<li>Dojed\u017a <strong>lini\u0105 Marmaray<\/strong> do <strong>stacji Sirkeci<\/strong>, a nast\u0119pnie przesi\u0105d\u017a si\u0119 na tramwaj i wysi\u0105d\u017a na <strong>Sultanahmet<\/strong> (<strong>3 minuty pieszo<\/strong>).<\/li>\n<li>Alternatywnie, mo\u017cesz opu\u015bci\u0107 stacj\u0119 <strong>Marmaray przez wyj\u015bcie 2 lub 3<\/strong> i doj\u015b\u0107 <strong>w 10-15 minut<\/strong>.<\/li>\n<\/ul>\n<h4>Autobus<\/h4>\n<ul data-spread=\"false\">\n<li><strong>\u017baden autobus miejski<\/strong> nie zatrzymuje si\u0119 w pobli\u017cu.<\/li>\n<\/ul>\n<h4>Samoch\u00f3d prywatny<\/h4>\n<ul data-spread=\"false\">\n<li>Ze wzgl\u0119du na <strong>du\u017ce nat\u0119\u017cenie ruchu<\/strong> w <strong>historycznym centrum<\/strong>, zaleca si\u0119 korzystanie z <strong>transportu publicznego<\/strong>. Opcje <strong>parkingowe s\u0105 ograniczone<\/strong>.<\/li>\n<\/ul>\n<h3>Najwa\u017cniejsze atrakcje w Cysternie Bazyliki<\/h3>\n<h4>Rze\u017aby g\u0142\u00f3w Meduzy<\/h4>\n<p>Jednym z najbardziej intryguj\u0105cych element\u00f3w w cysternie s\u0105 <strong>dwie rze\u017aby g\u0142\u00f3w Meduzy<\/strong>, umieszczone <strong>do g\u00f3ry nogami i na boku<\/strong> u podstawy dw\u00f3ch kolumn w <strong>p\u00f3\u0142nocno-zachodnim rogu<\/strong>.<\/p>\n<h5>Znaczenie mitologiczne<\/h5>\n<ul data-spread=\"false\">\n<li>W <strong>mitologii greckiej<\/strong>, <strong>Meduza<\/strong> by\u0142a <strong>Gorgon\u0105 o w\u0142osach z w\u0119\u017cy<\/strong>, kt\u00f3ra mog\u0142a <strong>zamienia\u0107 ludzi w kamie\u0144<\/strong> swoim wzrokiem.<\/li>\n<li>W <strong>czasach rzymskich<\/strong> wierzono, \u017ce <strong>g\u0142owy Meduzy odstraszaj\u0105 z\u0142e duchy<\/strong>.<\/li>\n<li>Niekt\u00f3rzy historycy uwa\u017caj\u0105, \u017ce rze\u017aby zosta\u0142y <strong>przeniesione ze starszej rzymskiej budowli<\/strong>.<\/li>\n<li>Dok\u0142adny pow\u00f3d ich <strong>odwr\u00f3conego u\u0142o\u017cenia<\/strong> pozostaje nieznany, ale niekt\u00f3re teorie sugeruj\u0105, \u017ce mia\u0142o to <strong>os\u0142abi\u0107 moc Meduzy<\/strong>, zgodnie z wierzeniami chrze\u015bcija\u0144skimi.<\/li>\n<\/ul>\n<h4>Monumentalne kolumny<\/h4>\n<p><strong>Cysterna Bazyliki<\/strong> jest podtrzymywana przez <strong>336 masywnych marmurowych kolumn<\/strong>, ka\u017cda o wysoko\u015bci oko\u0142o <strong>9 metr\u00f3w<\/strong>. Wi\u0119kszo\u015b\u0107 z nich ma <strong>kapitele w stylu korynckim i jo\u0144skim<\/strong>, pochodz\u0105ce ze <strong>\u015bwi\u0105ty\u0144 poga\u0144skich<\/strong> lub wykonane specjalnie dla cysterny. <strong>Delikatne \u015bwiat\u0142o i odbicia w wodzie<\/strong> tworz\u0105 <strong>mistyczn\u0105 atmosfer\u0119<\/strong>.<\/p>\n<p><img decoding=\"async\" class=\"aligncenter\" src=\"https:\/\/officialguides.com\/wp-content\/uploads\/2025\/03\/what-to-see-in-basilica-cistern.jpg\" alt=\"what is interesting to see inside Underground Cistern Istanbul\" \/><\/p>\n<h4>Efekt \u015bwietlnych odbi\u0107 w wodzie<\/h4>\n<p>Jedn\u0105 z <strong>najbardziej hipnotyzuj\u0105cych<\/strong> cech <strong>Cysterny Bazyliki<\/strong> jest <strong>gra \u015bwiate\u0142 odbijaj\u0105cych si\u0119 od powierzchni wody<\/strong>.<\/p>\n<h5>Dlaczego jest wyj\u0105tkowa?<\/h5>\n<ul data-spread=\"false\">\n<li>O\u015bwietlenie tworzy <strong>tajemniczy i surrealistyczny efekt<\/strong>.<\/li>\n<li>Odbicia sprawiaj\u0105, \u017ce cysterna wydaje si\u0119 <strong>niesko\u0144czenie g\u0142\u0119boka<\/strong>.<\/li>\n<li>Wielu odwiedzaj\u0105cych opisuje atmosfer\u0119 jako <strong>hipnotyzuj\u0105c\u0105 i nierealn\u0105<\/strong>.<\/li>\n<li>To <strong>doskona\u0142e miejsce do fotografii<\/strong>.<\/li>\n<\/ul>\n<h4>Kolumna P\u0142acz\u0105ca<\/h4>\n<p>W przeciwie\u0144stwie do innych, <strong>Kolumna P\u0142acz\u0105ca<\/strong> ma <strong>rze\u017abienia przypominaj\u0105ce \u0142zy<\/strong>. Nie symbolizuj\u0105 one prawdziwych \u0142ez, lecz <strong>s\u0119ki drzew<\/strong>.<\/p>\n<h3>Wydarzenia i atrakcje w Cysternie Bazyliki<\/h3>\n<ul data-spread=\"false\">\n<li><strong>Pokazy artystyczne:<\/strong> Okazjonalne <strong>pokazy \u015bwietlne i koncerty<\/strong> dodaj\u0105 magicznego klimatu.<\/li>\n<li><strong>Przewodniki audio:<\/strong> Mo\u017cesz wypo\u017cyczy\u0107 <strong>audioprzewodnik<\/strong>, aby dowiedzie\u0107 si\u0119 wi\u0119cej o historii i mitologii cysterny.<\/li>\n<li><strong>Fotografia:<\/strong> <strong>Tajemnicze \u015bwiat\u0142o i odbicia<\/strong> stanowi\u0105 idealne t\u0142o dla fotograf\u00f3w.<\/li>\n<\/ul>\n<h3>Wskaz\u00f3wki dla zwiedzaj\u0105cych<\/h3>\n<ul>\n<li>Aby <strong>unikn\u0105\u0107 t\u0142um\u00f3w<\/strong>, najlepiej przyj\u015b\u0107 <strong>rano lub wieczorem<\/strong>.<\/li>\n<li>No\u015b <strong>obuwie antypo\u015blizgowe<\/strong>, poniewa\u017c pod\u0142oga mo\u017ce by\u0107 \u015bliska.<\/li>\n<li><strong>Temperatura wewn\u0105trz jest ni\u017csza<\/strong> ni\u017c na zewn\u0105trz, wi\u0119c warto zabra\u0107 <strong>lekk\u0105 kurtk\u0119<\/strong>.<\/li>\n<li>Aby <strong>omin\u0105\u0107 kolejki<\/strong>, kup <strong>bilet online z wyprzedzeniem<\/strong> <a href=\"https:\/\/www.getyourguide.com\/istanbul-l56\/istanbul-basilica-cistern-fast-track-entry-and-audio-guide-t523484\/?partner_id=F2GZGY3&amp;utm_medium=online_publisher\">tutaj<\/a>.<\/li>\n<li><em>Wi\u0119cej informacji na <a href=\"https:\/\/yerebatan.com\/en\/\">Cysterna Bazyliki<\/a>\u00a0<\/em><\/li>\n<li><em><a href=\"https:\/\/istanbul.ktb.gov.tr\/\">Dyrekcja Turystyki w Stambule<\/a><\/em><\/li>\n<li><em><a href=\"\/?p=393333\">Przewodnik dla zwiedzaj\u0105cych Pa\u0142ac Topkapi<\/a><\/em><\/li>\n<li><em><a href=\"https:\/\/officialguides.com\/istanbul\/hagia-sophia\/\" target=\"_blank\" rel=\"noopener\">Przewodnik dla zwiedzaj\u0105cych Hagia Sophia<\/a><\/em><\/li>\n<li><em><a href=\"https:\/\/yerebatan.com\/en\/\">https:\/\/yerebatan.com\/en\/<\/a><\/em><\/li>\n<li><em>Instagram:\u00a0<a href=\"https:\/\/www.instagram.com\/yerebatansarnic\/\">@yerebatansarnic<\/a><\/em><\/li>\n<\/ul>\n","protected":false},"excerpt":{"rendered":"<p>Wej\u015bcie i bilety do Cysterny Bazyliki Jeden z najbardziej urzekaj\u0105cych zabytk\u00f3w Stambu\u0142u, Basilica Cistern (lub Zatopiony Pa\u0142ac), zosta\u0142 zbudowany w 532 roku n.e. przez Roman Emperor Justinian I. Przy ponad 10 000 odwiedzaj\u0105cych dziennie, d\u0142ugie kolejki po bilety przy wej\u015bciu s\u0105 powszechne (do 1,5 godziny oczekiwania w szczycie sezonu od kwietnia do listopada). Je\u015bli wolisz &#8230; <a title=\"Cysterna Bazyliki w Stambule\" class=\"read-more\" href=\"https:\/\/officialguides.com\/pl\/cysterna-bazyliki-w-stambule\/\" aria-label=\"Dowiedz si\u0119 wi\u0119cej o Cysterna Bazyliki w Stambule\">Czytaj dalej<\/a><\/p>\n","protected":false},"author":3,"featured_media":394478,"parent":0,"menu_order":0,"comment_status":"closed","ping_status":"closed","template":"","meta":{"_acf_changed":false,"footnotes":""},"class_list":["post-394667","page","type-page","status-publish","has-post-thumbnail"],"acf":[],"yoast_head":"<!-- This site is optimized with the Yoast SEO plugin v27.5 - https:\/\/yoast.com\/product\/yoast-seo-wordpress\/ -->\n<title>Cysterna Bazyliki w Stambule | Bilety, Op\u0142ata za wst\u0119p, Godziny otwarcia<\/title>\n<meta name=\"description\" content=\"Przewodnik po Cysternie Podziemnej; cena biletu Fast Track bez kolejki, dni zamkni\u0119cia, jak dojecha\u0107 tramwajem\/metrem, co zobaczy\u0107 w \u015brodku\" \/>\n<meta name=\"robots\" content=\"index, follow, max-snippet:-1, max-image-preview:large, max-video-preview:-1\" \/>\n<link rel=\"canonical\" href=\"https:\/\/officialguides.com\/pl\/cysterna-bazyliki-w-stambule\/\" \/>\n<meta property=\"og:locale\" content=\"pl_PL\" \/>\n<meta property=\"og:type\" content=\"article\" \/>\n<meta property=\"og:title\" content=\"Cysterna Bazyliki w Stambule | Bilety, Op\u0142ata za wst\u0119p, Godziny otwarcia\" \/>\n<meta property=\"og:description\" content=\"Przewodnik po Cysternie Podziemnej; cena biletu Fast Track bez kolejki, dni zamkni\u0119cia, jak dojecha\u0107 tramwajem\/metrem, co zobaczy\u0107 w \u015brodku\" \/>\n<meta property=\"og:url\" content=\"https:\/\/officialguides.com\/pl\/cysterna-bazyliki-w-stambule\/\" \/>\n<meta property=\"og:site_name\" content=\"Find Your Private Tour Guide Around The World!\" \/>\n<meta property=\"article:modified_time\" content=\"2026-01-12T12:00:37+00:00\" \/>\n<meta property=\"og:image\" content=\"https:\/\/officialguides.com\/wp-content\/uploads\/2025\/03\/underground-cistern-istanbul.jpg\" \/>\n\t<meta property=\"og:image:width\" content=\"1164\" \/>\n\t<meta property=\"og:image:height\" content=\"899\" \/>\n\t<meta property=\"og:image:type\" content=\"image\/jpeg\" \/>\n<meta name=\"twitter:card\" content=\"summary_large_image\" \/>\n<meta name=\"twitter:label1\" content=\"Szacowany czas czytania\" \/>\n\t<meta name=\"twitter:data1\" content=\"5 minut\" \/>\n<script type=\"application\/ld+json\" class=\"yoast-schema-graph\">{\"@context\":\"https:\\\/\\\/schema.org\",\"@graph\":[{\"@type\":\"WebPage\",\"@id\":\"https:\\\/\\\/officialguides.com\\\/pl\\\/cysterna-bazyliki-w-stambule\\\/\",\"url\":\"https:\\\/\\\/officialguides.com\\\/pl\\\/cysterna-bazyliki-w-stambule\\\/\",\"name\":\"Cysterna Bazyliki w Stambule | Bilety, Op\u0142ata za wst\u0119p, Godziny otwarcia\",\"isPartOf\":{\"@id\":\"https:\\\/\\\/officialguides.com\\\/pl\\\/#website\"},\"primaryImageOfPage\":{\"@id\":\"https:\\\/\\\/officialguides.com\\\/pl\\\/cysterna-bazyliki-w-stambule\\\/#primaryimage\"},\"image\":{\"@id\":\"https:\\\/\\\/officialguides.com\\\/pl\\\/cysterna-bazyliki-w-stambule\\\/#primaryimage\"},\"thumbnailUrl\":\"https:\\\/\\\/officialguides.com\\\/wp-content\\\/uploads\\\/2025\\\/03\\\/underground-cistern-istanbul.jpg\",\"datePublished\":\"2025-03-20T21:23:41+00:00\",\"dateModified\":\"2026-01-12T12:00:37+00:00\",\"description\":\"Przewodnik po Cysternie Podziemnej; cena biletu Fast Track bez kolejki, dni zamkni\u0119cia, jak dojecha\u0107 tramwajem\\\/metrem, co zobaczy\u0107 w \u015brodku\",\"breadcrumb\":{\"@id\":\"https:\\\/\\\/officialguides.com\\\/pl\\\/cysterna-bazyliki-w-stambule\\\/#breadcrumb\"},\"inLanguage\":\"pl-PL\",\"potentialAction\":[{\"@type\":\"ReadAction\",\"target\":[\"https:\\\/\\\/officialguides.com\\\/pl\\\/cysterna-bazyliki-w-stambule\\\/\"]}]},{\"@type\":\"ImageObject\",\"inLanguage\":\"pl-PL\",\"@id\":\"https:\\\/\\\/officialguides.com\\\/pl\\\/cysterna-bazyliki-w-stambule\\\/#primaryimage\",\"url\":\"https:\\\/\\\/officialguides.com\\\/wp-content\\\/uploads\\\/2025\\\/03\\\/underground-cistern-istanbul.jpg\",\"contentUrl\":\"https:\\\/\\\/officialguides.com\\\/wp-content\\\/uploads\\\/2025\\\/03\\\/underground-cistern-istanbul.jpg\",\"width\":1164,\"height\":899,\"caption\":\"Cysterna Bazyliki Stambu\u0142 | Bilety, Cena Wst\u0119pu, Godziny Otwarcia\"},{\"@type\":\"BreadcrumbList\",\"@id\":\"https:\\\/\\\/officialguides.com\\\/pl\\\/cysterna-bazyliki-w-stambule\\\/#breadcrumb\",\"itemListElement\":[{\"@type\":\"ListItem\",\"position\":1,\"name\":\"Home\",\"item\":\"https:\\\/\\\/officialguides.com\\\/pl\\\/\"},{\"@type\":\"ListItem\",\"position\":2,\"name\":\"Cysterna Bazyliki w Stambule\"}]},{\"@type\":\"WebSite\",\"@id\":\"https:\\\/\\\/officialguides.com\\\/pl\\\/#website\",\"url\":\"https:\\\/\\\/officialguides.com\\\/pl\\\/\",\"name\":\"Official Tour Guides Around The World! Istanbul, Paris, Rome, Dubai...\",\"description\":\"Explore cities and popular destinations with professional, official, certified tour guides\",\"alternateName\":\"Official Guides\",\"potentialAction\":[{\"@type\":\"SearchAction\",\"target\":{\"@type\":\"EntryPoint\",\"urlTemplate\":\"https:\\\/\\\/officialguides.com\\\/pl\\\/?s={search_term_string}\"},\"query-input\":{\"@type\":\"PropertyValueSpecification\",\"valueRequired\":true,\"valueName\":\"search_term_string\"}}],\"inLanguage\":\"pl-PL\"}]}<\/script>\n<!-- \/ Yoast SEO plugin. -->","yoast_head_json":{"title":"Cysterna Bazyliki w Stambule | Bilety, Op\u0142ata za wst\u0119p, Godziny otwarcia","description":"Przewodnik po Cysternie Podziemnej; cena biletu Fast Track bez kolejki, dni zamkni\u0119cia, jak dojecha\u0107 tramwajem\/metrem, co zobaczy\u0107 w \u015brodku","robots":{"index":"index","follow":"follow","max-snippet":"max-snippet:-1","max-image-preview":"max-image-preview:large","max-video-preview":"max-video-preview:-1"},"canonical":"https:\/\/officialguides.com\/pl\/cysterna-bazyliki-w-stambule\/","og_locale":"pl_PL","og_type":"article","og_title":"Cysterna Bazyliki w Stambule | Bilety, Op\u0142ata za wst\u0119p, Godziny otwarcia","og_description":"Przewodnik po Cysternie Podziemnej; cena biletu Fast Track bez kolejki, dni zamkni\u0119cia, jak dojecha\u0107 tramwajem\/metrem, co zobaczy\u0107 w \u015brodku","og_url":"https:\/\/officialguides.com\/pl\/cysterna-bazyliki-w-stambule\/","og_site_name":"Find Your Private Tour Guide Around The World!","article_modified_time":"2026-01-12T12:00:37+00:00","og_image":[{"width":1164,"height":899,"url":"https:\/\/officialguides.com\/wp-content\/uploads\/2025\/03\/underground-cistern-istanbul.jpg","type":"image\/jpeg"}],"twitter_card":"summary_large_image","twitter_misc":{"Szacowany czas czytania":"5 minut"},"schema":{"@context":"https:\/\/schema.org","@graph":[{"@type":"WebPage","@id":"https:\/\/officialguides.com\/pl\/cysterna-bazyliki-w-stambule\/","url":"https:\/\/officialguides.com\/pl\/cysterna-bazyliki-w-stambule\/","name":"Cysterna Bazyliki w Stambule | Bilety, Op\u0142ata za wst\u0119p, Godziny otwarcia","isPartOf":{"@id":"https:\/\/officialguides.com\/pl\/#website"},"primaryImageOfPage":{"@id":"https:\/\/officialguides.com\/pl\/cysterna-bazyliki-w-stambule\/#primaryimage"},"image":{"@id":"https:\/\/officialguides.com\/pl\/cysterna-bazyliki-w-stambule\/#primaryimage"},"thumbnailUrl":"https:\/\/officialguides.com\/wp-content\/uploads\/2025\/03\/underground-cistern-istanbul.jpg","datePublished":"2025-03-20T21:23:41+00:00","dateModified":"2026-01-12T12:00:37+00:00","description":"Przewodnik po Cysternie Podziemnej; cena biletu Fast Track bez kolejki, dni zamkni\u0119cia, jak dojecha\u0107 tramwajem\/metrem, co zobaczy\u0107 w \u015brodku","breadcrumb":{"@id":"https:\/\/officialguides.com\/pl\/cysterna-bazyliki-w-stambule\/#breadcrumb"},"inLanguage":"pl-PL","potentialAction":[{"@type":"ReadAction","target":["https:\/\/officialguides.com\/pl\/cysterna-bazyliki-w-stambule\/"]}]},{"@type":"ImageObject","inLanguage":"pl-PL","@id":"https:\/\/officialguides.com\/pl\/cysterna-bazyliki-w-stambule\/#primaryimage","url":"https:\/\/officialguides.com\/wp-content\/uploads\/2025\/03\/underground-cistern-istanbul.jpg","contentUrl":"https:\/\/officialguides.com\/wp-content\/uploads\/2025\/03\/underground-cistern-istanbul.jpg","width":1164,"height":899,"caption":"Cysterna Bazyliki Stambu\u0142 | Bilety, Cena Wst\u0119pu, Godziny Otwarcia"},{"@type":"BreadcrumbList","@id":"https:\/\/officialguides.com\/pl\/cysterna-bazyliki-w-stambule\/#breadcrumb","itemListElement":[{"@type":"ListItem","position":1,"name":"Home","item":"https:\/\/officialguides.com\/pl\/"},{"@type":"ListItem","position":2,"name":"Cysterna Bazyliki w Stambule"}]},{"@type":"WebSite","@id":"https:\/\/officialguides.com\/pl\/#website","url":"https:\/\/officialguides.com\/pl\/","name":"Official Tour Guides Around The World! Istanbul, Paris, Rome, Dubai...","description":"Explore cities and popular destinations with professional, official, certified tour guides","alternateName":"Official Guides","potentialAction":[{"@type":"SearchAction","target":{"@type":"EntryPoint","urlTemplate":"https:\/\/officialguides.com\/pl\/?s={search_term_string}"},"query-input":{"@type":"PropertyValueSpecification","valueRequired":true,"valueName":"search_term_string"}}],"inLanguage":"pl-PL"}]}},"_links":{"self":[{"href":"https:\/\/officialguides.com\/pl\/wp-json\/wp\/v2\/pages\/394667","targetHints":{"allow":["GET"]}}],"collection":[{"href":"https:\/\/officialguides.com\/pl\/wp-json\/wp\/v2\/pages"}],"about":[{"href":"https:\/\/officialguides.com\/pl\/wp-json\/wp\/v2\/types\/page"}],"author":[{"embeddable":true,"href":"https:\/\/officialguides.com\/pl\/wp-json\/wp\/v2\/users\/3"}],"replies":[{"embeddable":true,"href":"https:\/\/officialguides.com\/pl\/wp-json\/wp\/v2\/comments?post=394667"}],"version-history":[{"count":3,"href":"https:\/\/officialguides.com\/pl\/wp-json\/wp\/v2\/pages\/394667\/revisions"}],"predecessor-version":[{"id":397374,"href":"https:\/\/officialguides.com\/pl\/wp-json\/wp\/v2\/pages\/394667\/revisions\/397374"}],"wp:featuredmedia":[{"embeddable":true,"href":"https:\/\/officialguides.com\/pl\/wp-json\/wp\/v2\/media\/394478"}],"wp:attachment":[{"href":"https:\/\/officialguides.com\/pl\/wp-json\/wp\/v2\/media?parent=394667"}],"curies":[{"name":"wp","href":"https:\/\/api.w.org\/{rel}","templated":true}]}}