{"id":17104,"date":"2020-03-02T15:39:44","date_gmt":"2020-03-02T12:39:44","guid":{"rendered":"https:\/\/www.officialguides.net\/home\/"},"modified":"2026-02-01T20:39:41","modified_gmt":"2026-02-01T17:39:41","slug":"home","status":"publish","type":"page","link":"https:\/\/officialguides.com\/pl\/","title":{"rendered":"Kontaktuj Si\u0119 Bezpo\u015brednio Z Oficjalnymi Przewodnikami Na \u015awiecie"},"content":{"rendered":"<p data-path-to-node=\"4\"><strong>OfficialGuides.com<\/strong> to specjalistyczna platforma \u0142\u0105cz\u0105ca niezale\u017cnych podr\u00f3\u017cnik\u00f3w <img decoding=\"async\" class=\"alignleft\" src=\"https:\/\/officialguides.com\/wp-content\/uploads\/2026\/01\/licensed-oficial-verified-guides.jpg\" alt=\"only the verified and certified tour guides \" width=\"169\" height=\"169\" \/>oraz grupy z profesjonalnymi, licencjonowanymi przewodnikami w najpopularniejszych miejscach na \u015bwiecie. Komunikuj si\u0119 w czasie rzeczywistym i zaplanuj swoj\u0105 idealn\u0105 podr\u00f3\u017c w ponad 30 j\u0119zykach.<\/p>\n<hr \/>\n<h2 style=\"text-align: center;\" data-path-to-node=\"5\">\ud83c\udf92 Wybierz miasto i rozpocznij swoj\u0105 podr\u00f3\u017c<\/h2>\n<p style=\"text-align: center;\" data-path-to-node=\"6\">Przegl\u0105daj nasz katalog na <strong>OfficialGuides.com<\/strong> i znajd\u017a idealnego, certyfikowanego specjalist\u0119 na swoj\u0105 kolejn\u0105 przygod\u0119. Twoje autentyczne i bezstresowe do\u015bwiadczenie podr\u00f3\u017cnicze jest w zasi\u0119gu jednej wiadomo\u015bci.<\/p>\n<h3 style=\"text-align: center;\" data-path-to-node=\"6\">Wybierz Cel Podr\u00f3\u017cy \ud83d\udccd<\/h3>\n<p style=\"text-align: center;\" data-path-to-node=\"7\"><b data-path-to-node=\"7\" data-index-in-node=\"0\">Pary\u017c, <span style=\"color: #0000ff;\"><a style=\"color: #0000ff;\" href=\"https:\/\/officialguides.com\/pl\/przewodnik-po-stambule-mowiacy-po-polsku\/\" target=\"_blank\" rel=\"noopener\">Stambu\u0142<\/a><\/span>, Rzym, <span style=\"color: #0000ff;\"><a style=\"color: #0000ff;\" href=\"https:\/\/officialguides.com\/pl\/polscy-przewodnicy-i-prywatne-wycieczki-w-barcelonie\/\" target=\"_blank\" rel=\"noopener\">Barcelona<\/a><\/span>, Dubaj, <span style=\"color: #0000ff;\"><a style=\"color: #0000ff;\" href=\"https:\/\/officialguides.com\/pl\/polski-prywatny-przewodnik-i-prywatne-wycieczki-w-atenach\/\" target=\"_blank\" rel=\"noopener\">Ateny<\/a><\/span>, Londyn, Bangkok, Florencja, Madryt, Lizbona, Kapadocja, Amsterdam, Praga, Neapol, Berlin, Antalya, Grenada, Sewilla, Sztokholm.<\/b><\/p>\n<hr \/>\n<h2 data-path-to-node=\"8\">Dlaczego licencjonowany przewodnik to Twoja najlepsza inwestycja w podr\u00f3\u017c<\/h2>\n<p data-path-to-node=\"9\">Odkrywanie \u015bwiatowej s\u0142awy zabytku w towarzystwie certyfikowanego profesjonalisty to r\u00f3\u017cnica mi\u0119dzy zwyk\u0142ym \u201ezobaczeniem\u201d miejsca a prawdziwym jego \u201edo\u015bwiadczeniem\u201d. Na OfficialGuides.com przewodnicy, z kt\u00f3rymi wsp\u00f3\u0142pracujemy, z przyjemno\u015bci\u0105 zaoferuj\u0105 Pa\u0144stwu nast\u0119puj\u0105ce korzy\u015bci.<\/p>\n<ul data-path-to-node=\"10\">\n<li>\n<p data-path-to-node=\"10,0,0\"><b data-path-to-node=\"10,0,0\" data-index-in-node=\"0\">Priorytetowy dost\u0119p i wej\u015bcie bez kolejki (Skip-the-Line):<\/b> Nie pozw\u00f3l, aby Tw\u00f3j urlop up\u0142yn\u0105\u0142 na czekaniu. Licencjonowani przewodnicy cz\u0119sto maj\u0105 priorytetowy dost\u0119p, dedykowane kasy biletowe lub mo\u017cliwo\u015b\u0107 rezerwacji bilet\u00f3w w Twoim imieniu. Szczeg\u00f3lnie w szczycie sezonu pozwala to omin\u0105\u0107 wielogodzinne kolejki i wej\u015b\u0107 bezpo\u015brednio do serca atrakcji.<\/p>\n<\/li>\n<li>\n<p data-path-to-node=\"10,1,0\"><b data-path-to-node=\"10,1,0\" data-index-in-node=\"0\">Maksymalna efektywno\u015b\u0107 czasu:<\/b> Muzeum lub stanowisko archeologiczne, kt\u00f3rego samodzielne zwiedzanie zaj\u0119\u0142oby ca\u0142y dzie\u0144, mo\u017cna po mistrzowsku pozna\u0107 w zaledwie 3 godziny. Tw\u00f3j przewodnik tak uk\u0142ada tras\u0119, aby pokaza\u0107 Ci najwa\u017cniejsze arcydzie\u0142a i punkty obowi\u0105zkowe, bez zm\u0119czenia wynikaj\u0105cego z b\u0142\u0105dzenia.<\/p>\n<\/li>\n<li>\n<p data-path-to-node=\"10,2,0\"><b data-path-to-node=\"10,2,0\" data-index-in-node=\"0\">Profesjonalizm i g\u0142\u0119bia merytoryczna:<\/b> Licencjonowani przewodnicy to nie tylko pasjonaci; to profesjonali\u015bci, kt\u00f3rzy przeszli rygorystyczne szkolenia akademickie i zdali oficjalne egzaminy pa\u0144stwowe. Otrzymasz dok\u0142adne, g\u0142\u0119bokie opowie\u015bci historyczne i kulturowe, kt\u00f3rych nie znajdziesz w \u017cadnym przewodniku ksi\u0105\u017ckowym.<\/p>\n<\/li>\n<li>\n<p data-path-to-node=\"10,3,0\"><b data-path-to-node=\"10,3,0\" data-index-in-node=\"0\">Spersonalizowane plany zwiedzania i bezpiecze\u0144stwo:<\/b> Niezale\u017cnie od tego, czy podr\u00f3\u017cujesz solo, czy z grup\u0105, nasi przewodnicy dostosowuj\u0105 tempo do Twoich potrzeb. Pomagaj\u0105 odnale\u017a\u0107 si\u0119 w zawi\u0142ych lokalnych systemach, unika\u0107 pu\u0142apek turystycznych i zapewniaj\u0105 bezpieczne \u015brodowisko najwy\u017cszej jako\u015bci przez ca\u0142\u0105 podr\u00f3\u017c.<\/p>\n<\/li>\n<\/ul>\n<h2 data-path-to-node=\"11\">\u2728 Dlaczego warto wybra\u0107 prywatn\u0105 wycieczk\u0119?<\/h2>\n<p data-path-to-node=\"12\">Ucieknij od t\u0142um\u00f3w i powtarzalnych program\u00f3w. Poznaj cel swojej podr\u00f3\u017cy na w\u0142asnych warunkach z przewodnikami Official Guides.<\/p>\n<h3 data-path-to-node=\"13\">Zalety prywatnego zwiedzania<\/h3>\n<ul data-path-to-node=\"14\">\n<li>\n<p data-path-to-node=\"14,0,0\"><b data-path-to-node=\"14,0,0\" data-index-in-node=\"0\">Programy szyte na miar\u0119:<\/b> Ka\u017cda wycieczka jest dostosowana do Twoich osobistych zainteresowa\u0144 i pasji.<\/p>\n<\/li>\n<li>\n<p data-path-to-node=\"14,1,0\"><b data-path-to-node=\"14,1,0\" data-index-in-node=\"0\">Licencjonowana wiedza:<\/b> Zyskaj g\u0142\u0119boki wgl\u0105d w histori\u0119 i kultur\u0119 od profesjonalnych lokalnych ekspert\u00f3w.<\/p>\n<\/li>\n<li>\n<p data-path-to-node=\"14,2,0\"><b data-path-to-node=\"14,2,0\" data-index-in-node=\"0\">Oszcz\u0119dno\u015b\u0107 czasu:<\/b> Omijaj d\u0142ugie kolejki i maksymalizuj sw\u00f3j czas dzi\u0119ki zoptymalizowanym trasom.<\/p>\n<\/li>\n<li>\n<p data-path-to-node=\"14,3,0\"><b data-path-to-node=\"14,3,0\" data-index-in-node=\"0\">Pe\u0142na elastyczno\u015b\u0107:<\/b> To Ty ustalasz tempo \u2013 zosta\u0144 d\u0142u\u017cej w ulubionych miejscach lub zr\u00f3b spontaniczn\u0105 przerw\u0119.<\/p>\n<\/li>\n<li>\n<p data-path-to-node=\"14,4,0\"><b data-path-to-node=\"14,4,0\" data-index-in-node=\"0\">Autentyczne odkrycia:<\/b> Poznaj ukryte skarby i \u201esekretne\u201d lokalizacje z dala od turystycznych pu\u0142apek.<\/p>\n<\/li>\n<\/ul>\n<p data-path-to-node=\"15\"><i data-path-to-node=\"15\" data-index-in-node=\"0\">Jako\u015b\u0107 ponad ilo\u015b\u0107. Poznaj miasto w kilka godzin, a nie dni.<\/i><\/p>\n<h2 data-path-to-node=\"16\">\ud83c\udfdb\ufe0f Odkrywaj kultowe zabytki z ekspertami<\/h2>\n<p data-path-to-node=\"17\">Od staro\u017cytnych ruin po nowoczesne cuda architektury \u2013 OfficialGuides.com \u0142\u0105czy Ci\u0119 ze specjalistami w najcz\u0119\u015bciej odwiedzanych miejscach \u015bwiata:<\/p>\n<ul data-path-to-node=\"18\">\n<li>\n<p data-path-to-node=\"18,0,0\"><b data-path-to-node=\"18,0,0\" data-index-in-node=\"0\">Pary\u017c:<\/b> Szczeg\u00f3\u0142owe spacery z zakresu historii sztuki po Luwrze, Wersalu i Montmartre.<\/p>\n<\/li>\n<li>\n<p data-path-to-node=\"18,1,0\"><b data-path-to-node=\"18,1,0\" data-index-in-node=\"0\">Stambu\u0142:<\/b> Eksperckie opowie\u015bci w Hagia Sophia, Pa\u0142acu Topkapi, Haremie, B\u0142\u0119kitnym Meczecie, nad Bosforem i na Wielkim Bazarze.<\/p>\n<\/li>\n<li>\n<p data-path-to-node=\"18,2,0\"><b data-path-to-node=\"18,2,0\" data-index-in-node=\"0\">Watykan i Rzym:<\/b> Bazylika \u015bw. Piotra, Koloseum i Muzea Watyka\u0144skie.<\/p>\n<\/li>\n<li>\n<p data-path-to-node=\"18,3,0\"><b data-path-to-node=\"18,3,0\" data-index-in-node=\"0\">Barcelona:<\/b> Architektoniczny geniusz Sagrada Familia i Parku Guell.<\/p>\n<\/li>\n<li>\n<p data-path-to-node=\"18,4,0\"><b data-path-to-node=\"18,4,0\" data-index-in-node=\"0\">Ateny:<\/b> Serce staro\u017cytnej Grecji i wspania\u0142y Akropol.<\/p>\n<\/li>\n<li>\n<p data-path-to-node=\"18,5,0\"><b data-path-to-node=\"18,5,0\" data-index-in-node=\"0\">Dubaj:<\/b> Nowoczesne cuda, takie jak Burd\u017c Chalifa, oraz wycieczki \u015bladami dziedzictwa w Starym Dubaju.<\/p>\n<\/li>\n<\/ul>\n<p data-path-to-node=\"19\"><b data-path-to-node=\"19\" data-index-in-node=\"0\">I wi\u0119cej kierunk\u00f3w:<\/b> Londyn, Kapadocja, Madryt, Florencja, Praga, Antalya, Lizbona, Amsterdam, Berlin, Sztokholm, Bangkok, Wiede\u0144, Neapol, Nowy Jork, Kopenhaga, Sewilla, Grenada, Walencja, Kair, Tokio.<\/p>\n<h2 data-path-to-node=\"20\">\ud83d\udcf2 Zaprojektowane dla bezpo\u015bredniej komunikacji<\/h2>\n<p data-path-to-node=\"21\">Wierzymy, \u017ce najlepsze plany podr\u00f3\u017cy zaczynaj\u0105 si\u0119 od rozmowy. OfficialGuides.com umo\u017cliwia natychmiastow\u0105 komunikacj\u0119 w czasie rzeczywistym mi\u0119dzy Tob\u0105 a Twoim potencjalnym przewodnikiem. Zadawaj pytania, omawiaj szczeg\u00f3\u0142owe zainteresowania i ustalaj plan zwiedzania bezpo\u015brednio z osob\u0105, kt\u00f3ra poka\u017ce Ci miasto. Bez po\u015brednik\u00f3w, bez ukrytych op\u0142at agencyjnych \u2013 tylko bezpo\u015brednia lokalna wiedza.<\/p>\n<h2 data-path-to-node=\"22\">\ud83c\udf0d Do\u0142\u0105cz do naszej globalnej profesjonalnej sieci<\/h2>\n<p data-path-to-node=\"23\">Jeste\u015b licencjonowanym przewodnikiem? Stale rozszerzamy nasz zasi\u0119g i jeste\u015bmy otwarci na wsp\u00f3\u0142prac\u0119 z profesjonalistami m\u00f3wi\u0105cymi w dowolnym j\u0119zyku z ca\u0142ego \u015bwiata. Je\u015bli jeste\u015b certyfikowanym ekspertem, kt\u00f3ry chce po\u0142\u0105czy\u0107 si\u0119 bezpo\u015brednio z mi\u0119dzynarodowymi podr\u00f3\u017cnikami, OfficialGuides.com to platforma dla Ciebie. Do\u0142\u0105cz do naszej sieci ju\u017c dzi\u015b.<\/p>\n<p data-path-to-node=\"24\"><i data-path-to-node=\"24\" data-index-in-node=\"0\"><strong>Wa\u017cna uwaga:<\/strong> Official Guides to platforma \u0142\u0105cz\u0105ca podr\u00f3\u017cnik\u00f3w z licencjonowanymi przewodnikami; nie jest to biuro podr\u00f3\u017cy. Zapoznaj si\u0119 z naszymi &#8222;<a href=\"https:\/\/officialguides.com\/pl\/zastrzezenia-prawne\/\" target=\"_blank\" rel=\"noopener\">Zastrze\u017ceniami prawnymi<\/a>&#8221; i &#8222;<a href=\"https:\/\/officialguides.com\/pl\/polityka-prywatnosci\/\" target=\"_blank\" rel=\"noopener\">Polityk\u0105 prywatno\u015bci<\/a>&#8222;<\/i><\/p>\n","protected":false},"excerpt":{"rendered":"<p>OfficialGuides.com to specjalistyczna platforma \u0142\u0105cz\u0105ca niezale\u017cnych podr\u00f3\u017cnik\u00f3w oraz grupy z profesjonalnymi, licencjonowanymi przewodnikami w najpopularniejszych miejscach na \u015bwiecie. Komunikuj si\u0119 w czasie rzeczywistym i zaplanuj swoj\u0105 idealn\u0105 podr\u00f3\u017c w ponad 30 j\u0119zykach. \ud83c\udf92 Wybierz miasto i rozpocznij swoj\u0105 podr\u00f3\u017c Przegl\u0105daj nasz katalog na OfficialGuides.com i znajd\u017a idealnego, certyfikowanego specjalist\u0119 na swoj\u0105 kolejn\u0105 przygod\u0119. Twoje autentyczne &#8230; <a title=\"Kontaktuj Si\u0119 Bezpo\u015brednio Z Oficjalnymi Przewodnikami Na \u015awiecie\" class=\"read-more\" href=\"https:\/\/officialguides.com\/pl\/\" aria-label=\"Dowiedz si\u0119 wi\u0119cej o Kontaktuj Si\u0119 Bezpo\u015brednio Z Oficjalnymi Przewodnikami Na \u015awiecie\">Czytaj dalej<\/a><\/p>\n","protected":false},"author":3,"featured_media":397749,"parent":0,"menu_order":0,"comment_status":"closed","ping_status":"closed","template":"","meta":{"_acf_changed":false,"footnotes":""},"class_list":["post-17104","page","type-page","status-publish","has-post-thumbnail"],"acf":[],"yoast_head":"<!-- This site is optimized with the Yoast SEO plugin v27.4 - https:\/\/yoast.com\/product\/yoast-seo-wordpress\/ -->\n<title>Licencjonowani Przewodnicy i Prywatne Wycieczki na \u015awiecie | OfficialGuides<\/title>\n<meta name=\"description\" content=\"Po\u0142\u0105cz si\u0119 bezpo\u015brednio z oficjalnymi i certyfikowanymi przewodnikami w najlepszych miejscach na \u015bwiecie. Rezerwuj spersonalizowane prywatne wycieczki, omijaj kolejki i do\u015bwiadczaj autentycznych podr\u00f3\u017cy bez po\u015brednik\u00f3w.\" \/>\n<meta name=\"robots\" content=\"index, follow, max-snippet:-1, max-image-preview:large, max-video-preview:-1\" \/>\n<link rel=\"canonical\" href=\"https:\/\/officialguides.com\/pl\/\" \/>\n<meta property=\"og:locale\" content=\"pl_PL\" \/>\n<meta property=\"og:type\" content=\"article\" \/>\n<meta property=\"og:title\" content=\"Licencjonowani Przewodnicy i Prywatne Wycieczki na \u015awiecie | OfficialGuides\" \/>\n<meta property=\"og:description\" content=\"Po\u0142\u0105cz si\u0119 bezpo\u015brednio z oficjalnymi i certyfikowanymi przewodnikami w najlepszych miejscach na \u015bwiecie. Rezerwuj spersonalizowane prywatne wycieczki, omijaj kolejki i do\u015bwiadczaj autentycznych podr\u00f3\u017cy bez po\u015brednik\u00f3w.\" \/>\n<meta property=\"og:url\" content=\"https:\/\/officialguides.com\/pl\/\" \/>\n<meta property=\"og:site_name\" content=\"Find Your Private Tour Guide Around The World!\" \/>\n<meta property=\"article:modified_time\" content=\"2026-02-01T17:39:41+00:00\" \/>\n<meta property=\"og:image\" content=\"https:\/\/officialguides.com\/wp-content\/uploads\/2026\/01\/private-tours-and-guides.jpg\" \/>\n\t<meta property=\"og:image:width\" content=\"1024\" \/>\n\t<meta property=\"og:image:height\" content=\"523\" \/>\n\t<meta property=\"og:image:type\" content=\"image\/jpeg\" \/>\n<meta name=\"twitter:card\" content=\"summary_large_image\" \/>\n<meta name=\"twitter:label1\" content=\"Szacowany czas czytania\" \/>\n\t<meta name=\"twitter:data1\" content=\"4 minuty\" \/>\n<script type=\"application\/ld+json\" class=\"yoast-schema-graph\">{\"@context\":\"https:\\\/\\\/schema.org\",\"@graph\":[{\"@type\":\"WebPage\",\"@id\":\"https:\\\/\\\/officialguides.com\\\/pl\\\/\",\"url\":\"https:\\\/\\\/officialguides.com\\\/pl\\\/\",\"name\":\"Licencjonowani Przewodnicy i Prywatne Wycieczki na \u015awiecie | OfficialGuides\",\"isPartOf\":{\"@id\":\"https:\\\/\\\/officialguides.com\\\/pl\\\/#website\"},\"primaryImageOfPage\":{\"@id\":\"https:\\\/\\\/officialguides.com\\\/pl\\\/#primaryimage\"},\"image\":{\"@id\":\"https:\\\/\\\/officialguides.com\\\/pl\\\/#primaryimage\"},\"thumbnailUrl\":\"https:\\\/\\\/officialguides.com\\\/wp-content\\\/uploads\\\/2026\\\/01\\\/private-tours-and-guides.jpg\",\"datePublished\":\"2020-03-02T12:39:44+00:00\",\"dateModified\":\"2026-02-01T17:39:41+00:00\",\"description\":\"Po\u0142\u0105cz si\u0119 bezpo\u015brednio z oficjalnymi i certyfikowanymi przewodnikami w najlepszych miejscach na \u015bwiecie. Rezerwuj spersonalizowane prywatne wycieczki, omijaj kolejki i do\u015bwiadczaj autentycznych podr\u00f3\u017cy bez po\u015brednik\u00f3w.\",\"breadcrumb\":{\"@id\":\"https:\\\/\\\/officialguides.com\\\/pl\\\/#breadcrumb\"},\"inLanguage\":\"pl-PL\",\"potentialAction\":[{\"@type\":\"ReadAction\",\"target\":[\"https:\\\/\\\/officialguides.com\\\/pl\\\/\"]}]},{\"@type\":\"ImageObject\",\"inLanguage\":\"pl-PL\",\"@id\":\"https:\\\/\\\/officialguides.com\\\/pl\\\/#primaryimage\",\"url\":\"https:\\\/\\\/officialguides.com\\\/wp-content\\\/uploads\\\/2026\\\/01\\\/private-tours-and-guides.jpg\",\"contentUrl\":\"https:\\\/\\\/officialguides.com\\\/wp-content\\\/uploads\\\/2026\\\/01\\\/private-tours-and-guides.jpg\",\"width\":1024,\"height\":523,\"caption\":\"Przewodniczka z licencj\u0105 przewodnika pokazuje i opowiada rodzinie stoj\u0105cej przed Koloseum w Rzymie.\"},{\"@type\":\"BreadcrumbList\",\"@id\":\"https:\\\/\\\/officialguides.com\\\/pl\\\/#breadcrumb\",\"itemListElement\":[{\"@type\":\"ListItem\",\"position\":1,\"name\":\"Home\",\"item\":\"https:\\\/\\\/officialguides.com\\\/pl\\\/\"},{\"@type\":\"ListItem\",\"position\":2,\"name\":\"Kontaktuj Si\u0119 Bezpo\u015brednio Z Oficjalnymi Przewodnikami Na \u015awiecie\"}]},{\"@type\":\"WebSite\",\"@id\":\"https:\\\/\\\/officialguides.com\\\/pl\\\/#website\",\"url\":\"https:\\\/\\\/officialguides.com\\\/pl\\\/\",\"name\":\"Official Tour Guides Around The World! Istanbul, Paris, Rome, Dubai...\",\"description\":\"Explore cities and popular destinations with professional, official, certified tour guides\",\"alternateName\":\"Official Guides\",\"potentialAction\":[{\"@type\":\"SearchAction\",\"target\":{\"@type\":\"EntryPoint\",\"urlTemplate\":\"https:\\\/\\\/officialguides.com\\\/pl\\\/?s={search_term_string}\"},\"query-input\":{\"@type\":\"PropertyValueSpecification\",\"valueRequired\":true,\"valueName\":\"search_term_string\"}}],\"inLanguage\":\"pl-PL\"}]}<\/script>\n<!-- \/ Yoast SEO plugin. -->","yoast_head_json":{"title":"Licencjonowani Przewodnicy i Prywatne Wycieczki na \u015awiecie | OfficialGuides","description":"Po\u0142\u0105cz si\u0119 bezpo\u015brednio z oficjalnymi i certyfikowanymi przewodnikami w najlepszych miejscach na \u015bwiecie. Rezerwuj spersonalizowane prywatne wycieczki, omijaj kolejki i do\u015bwiadczaj autentycznych podr\u00f3\u017cy bez po\u015brednik\u00f3w.","robots":{"index":"index","follow":"follow","max-snippet":"max-snippet:-1","max-image-preview":"max-image-preview:large","max-video-preview":"max-video-preview:-1"},"canonical":"https:\/\/officialguides.com\/pl\/","og_locale":"pl_PL","og_type":"article","og_title":"Licencjonowani Przewodnicy i Prywatne Wycieczki na \u015awiecie | OfficialGuides","og_description":"Po\u0142\u0105cz si\u0119 bezpo\u015brednio z oficjalnymi i certyfikowanymi przewodnikami w najlepszych miejscach na \u015bwiecie. Rezerwuj spersonalizowane prywatne wycieczki, omijaj kolejki i do\u015bwiadczaj autentycznych podr\u00f3\u017cy bez po\u015brednik\u00f3w.","og_url":"https:\/\/officialguides.com\/pl\/","og_site_name":"Find Your Private Tour Guide Around The World!","article_modified_time":"2026-02-01T17:39:41+00:00","og_image":[{"width":1024,"height":523,"url":"https:\/\/officialguides.com\/wp-content\/uploads\/2026\/01\/private-tours-and-guides.jpg","type":"image\/jpeg"}],"twitter_card":"summary_large_image","twitter_misc":{"Szacowany czas czytania":"4 minuty"},"schema":{"@context":"https:\/\/schema.org","@graph":[{"@type":"WebPage","@id":"https:\/\/officialguides.com\/pl\/","url":"https:\/\/officialguides.com\/pl\/","name":"Licencjonowani Przewodnicy i Prywatne Wycieczki na \u015awiecie | OfficialGuides","isPartOf":{"@id":"https:\/\/officialguides.com\/pl\/#website"},"primaryImageOfPage":{"@id":"https:\/\/officialguides.com\/pl\/#primaryimage"},"image":{"@id":"https:\/\/officialguides.com\/pl\/#primaryimage"},"thumbnailUrl":"https:\/\/officialguides.com\/wp-content\/uploads\/2026\/01\/private-tours-and-guides.jpg","datePublished":"2020-03-02T12:39:44+00:00","dateModified":"2026-02-01T17:39:41+00:00","description":"Po\u0142\u0105cz si\u0119 bezpo\u015brednio z oficjalnymi i certyfikowanymi przewodnikami w najlepszych miejscach na \u015bwiecie. Rezerwuj spersonalizowane prywatne wycieczki, omijaj kolejki i do\u015bwiadczaj autentycznych podr\u00f3\u017cy bez po\u015brednik\u00f3w.","breadcrumb":{"@id":"https:\/\/officialguides.com\/pl\/#breadcrumb"},"inLanguage":"pl-PL","potentialAction":[{"@type":"ReadAction","target":["https:\/\/officialguides.com\/pl\/"]}]},{"@type":"ImageObject","inLanguage":"pl-PL","@id":"https:\/\/officialguides.com\/pl\/#primaryimage","url":"https:\/\/officialguides.com\/wp-content\/uploads\/2026\/01\/private-tours-and-guides.jpg","contentUrl":"https:\/\/officialguides.com\/wp-content\/uploads\/2026\/01\/private-tours-and-guides.jpg","width":1024,"height":523,"caption":"Przewodniczka z licencj\u0105 przewodnika pokazuje i opowiada rodzinie stoj\u0105cej przed Koloseum w Rzymie."},{"@type":"BreadcrumbList","@id":"https:\/\/officialguides.com\/pl\/#breadcrumb","itemListElement":[{"@type":"ListItem","position":1,"name":"Home","item":"https:\/\/officialguides.com\/pl\/"},{"@type":"ListItem","position":2,"name":"Kontaktuj Si\u0119 Bezpo\u015brednio Z Oficjalnymi Przewodnikami Na \u015awiecie"}]},{"@type":"WebSite","@id":"https:\/\/officialguides.com\/pl\/#website","url":"https:\/\/officialguides.com\/pl\/","name":"Official Tour Guides Around The World! Istanbul, Paris, Rome, Dubai...","description":"Explore cities and popular destinations with professional, official, certified tour guides","alternateName":"Official Guides","potentialAction":[{"@type":"SearchAction","target":{"@type":"EntryPoint","urlTemplate":"https:\/\/officialguides.com\/pl\/?s={search_term_string}"},"query-input":{"@type":"PropertyValueSpecification","valueRequired":true,"valueName":"search_term_string"}}],"inLanguage":"pl-PL"}]}},"_links":{"self":[{"href":"https:\/\/officialguides.com\/pl\/wp-json\/wp\/v2\/pages\/17104","targetHints":{"allow":["GET"]}}],"collection":[{"href":"https:\/\/officialguides.com\/pl\/wp-json\/wp\/v2\/pages"}],"about":[{"href":"https:\/\/officialguides.com\/pl\/wp-json\/wp\/v2\/types\/page"}],"author":[{"embeddable":true,"href":"https:\/\/officialguides.com\/pl\/wp-json\/wp\/v2\/users\/3"}],"replies":[{"embeddable":true,"href":"https:\/\/officialguides.com\/pl\/wp-json\/wp\/v2\/comments?post=17104"}],"version-history":[{"count":36,"href":"https:\/\/officialguides.com\/pl\/wp-json\/wp\/v2\/pages\/17104\/revisions"}],"predecessor-version":[{"id":398158,"href":"https:\/\/officialguides.com\/pl\/wp-json\/wp\/v2\/pages\/17104\/revisions\/398158"}],"wp:featuredmedia":[{"embeddable":true,"href":"https:\/\/officialguides.com\/pl\/wp-json\/wp\/v2\/media\/397749"}],"wp:attachment":[{"href":"https:\/\/officialguides.com\/pl\/wp-json\/wp\/v2\/media?parent=17104"}],"curies":[{"name":"wp","href":"https:\/\/api.w.org\/{rel}","templated":true}]}}