{"id":40385,"date":"2020-05-18T00:32:20","date_gmt":"2020-05-17T21:32:20","guid":{"rendered":"https:\/\/www.officialguides.net\/pamelding-til-reiseleder\/"},"modified":"2020-05-26T16:16:30","modified_gmt":"2020-05-26T13:16:30","slug":"pamelding-til-reiseleder","status":"publish","type":"page","link":"https:\/\/officialguides.com\/no\/pamelding-til-reiseleder\/","title":{"rendered":"P\u00e5melding Til Reiseleder"},"content":{"rendered":"<h2>P\u00e5melding Til Reiseleder<\/h2>\n<p>Officialguide.net er et nettsted for \u00e5 samle de offisielle reiselederne rundt om i verden. P\u00e5 v\u00e5re nettsider kan du presentere og selge dine private turer direkte til reisende. Vennligst fyll ut skjemaet nedenfor for \u00e5 l\u00e6re hvordan du blir oppf\u00f8rt p\u00e5 nettstedet v\u00e5rt.<\/p>\n<h3>Hvorfor skal jeg selge mine private turer p\u00e5 nettet?<\/h3>\n<p>Sammen med koronaviruset er vi dessverre i begynnelsen av en helt ny ordre i 2020. Blant alle forskjellige sektorer er turisme kanskje den som er mest p\u00e5virket. If\u00f8lge eksperter, i dette nye og uvanlige konseptet, vil turistreiser realiseres stort sett p\u00e5 individuell basis fremfor grupper. Derfor vil turene, transportene, byturene og alle andre utflukter v\u00e6re privat, og dette nye konseptet vil \u00f8ke kostnadene per person. Familier eller sm\u00e5 grupper foretrekker \u00e5 kontakte direkte med reiseguidene i stedet for reisebyr\u00e5er for \u00e5 finne en privat tjeneste. Og selvf\u00f8lgelig deres f\u00f8rste adresse vil v\u00e6re Google. P\u00e5 dette tidspunktet dreier det seg om \u00e5 ha et nettsted for hver turguide, og det kan ikke forventes at alle eier et nettsted. Selv om du eier et personlig nettsted, m\u00e5 du betale mye penger for et seri\u00f8st SEO-arbeid og vente i lang tid p\u00e5 \u00e5 se resultatene. Denne innsatsen vil heller ikke garantere en god rangering i Google. Derfor, som en alternativ l\u00f8sning, tilbyr Officialguides.net n\u00e5 \u00e5 gj\u00f8re all jobben for deg. Som et resultat vil du ha din egen nettprofil og selge dine private turer p\u00e5 nettet. For \u00e5 dra nytte av denne gratis tjenesten, vennligst fyll ut skjemaet p\u00e5 denne siden.<\/p>\n<h3>Hvorfor b\u00f8r du velge officialguides.net?<\/h3>\n<p>Fordi Officialguides.net er et flerspr\u00e5klig nettsted, og du kan tilby dine private turer p\u00e5 alle spr\u00e5k (inkludert norsk) som du \u00f8nsker, og til og med p\u00e5 flere spr\u00e5k. I tillegg vil det ikke v\u00e6re vanskelig \u00e5 n\u00e5 potensielle bes\u00f8kende i Google ved hjelp av de nyeste SEO-teknikkene vi bruker.<\/p>\n<p>\t\t\t\t\t\t\t\t\t\t<img decoding=\"async\" width=\"1024\" height=\"365\" src=\"https:\/\/www.officialguides.net\/wp-content\/uploads\/2020\/05\/how-to-sell-my-private-tours-online-1024x365.jpg\" alt=\"hvordan selge mine private turer og utflukter p\u00e5 internett direkte til gjesten?\" srcset=\"https:\/\/www.officialguides.net\/wp-content\/uploads\/2020\/05\/how-to-sell-my-private-tours-online-1024x365.jpg 1024w, https:\/\/www.officialguides.net\/wp-content\/uploads\/2020\/05\/how-to-sell-my-private-tours-online-300x107.jpg 300w, https:\/\/www.officialguides.net\/wp-content\/uploads\/2020\/05\/how-to-sell-my-private-tours-online-768x274.jpg 768w, https:\/\/www.officialguides.net\/wp-content\/uploads\/2020\/05\/how-to-sell-my-private-tours-online.jpg 1280w\" sizes=\"(max-width: 1024px) 100vw, 1024px\" \/><\/p>\n","protected":false},"excerpt":{"rendered":"<p>P\u00e5melding Til Reiseleder Officialguide.net er et nettsted for \u00e5 samle de offisielle reiselederne rundt om i verden. P\u00e5 v\u00e5re nettsider kan du presentere og selge dine private turer direkte til reisende. Vennligst fyll ut skjemaet nedenfor for \u00e5 l\u00e6re hvordan du blir oppf\u00f8rt p\u00e5 nettstedet v\u00e5rt. Hvorfor skal jeg selge mine private turer p\u00e5 nettet? &#8230; <a title=\"P\u00e5melding Til Reiseleder\" class=\"read-more\" href=\"https:\/\/officialguides.com\/no\/pamelding-til-reiseleder\/\" aria-label=\"Read more about P\u00e5melding Til Reiseleder\">Les mer<\/a><\/p>\n","protected":false},"author":3,"featured_media":0,"parent":0,"menu_order":0,"comment_status":"closed","ping_status":"closed","template":"","meta":{"_acf_changed":false,"_lmt_disableupdate":"","_lmt_disable":"","footnotes":""},"class_list":["post-40385","page","type-page","status-publish"],"acf":[],"yoast_head":"<!-- This site is optimized with the Yoast SEO plugin v27.6 - https:\/\/yoast.com\/product\/yoast-seo-wordpress\/ -->\n<title>P\u00e5melding For Norskvegguider | Hvordan Selge Private Turer P\u00e5 Nettet?<\/title>\n<meta name=\"description\" content=\"Hvordan kan jeg selge turene mine p\u00e5 Google \/ Internett? Er du en profesjonell guide? Har du lisens? Tilby utflukter gjennom v\u00e5r hjemmeside.\" \/>\n<meta name=\"robots\" content=\"index, follow, max-snippet:-1, max-image-preview:large, max-video-preview:-1\" \/>\n<link rel=\"canonical\" href=\"https:\/\/officialguides.com\/no\/pamelding-til-reiseleder\/\" \/>\n<meta property=\"og:locale\" content=\"nb_NO\" \/>\n<meta property=\"og:type\" content=\"article\" \/>\n<meta property=\"og:title\" content=\"P\u00e5melding For Norskvegguider | Hvordan Selge Private Turer P\u00e5 Nettet?\" \/>\n<meta property=\"og:description\" content=\"Hvordan kan jeg selge turene mine p\u00e5 Google \/ Internett? Er du en profesjonell guide? Har du lisens? Tilby utflukter gjennom v\u00e5r hjemmeside.\" \/>\n<meta property=\"og:url\" content=\"https:\/\/officialguides.com\/no\/pamelding-til-reiseleder\/\" \/>\n<meta property=\"og:site_name\" content=\"Find Your Private Tour Guide Around The World!\" \/>\n<meta property=\"article:modified_time\" content=\"2020-05-26T13:16:30+00:00\" \/>\n<meta property=\"og:image\" content=\"https:\/\/www.officialguides.net\/wp-content\/uploads\/2020\/05\/how-to-sell-my-private-tours-online-1024x365.jpg\" \/>\n<meta name=\"twitter:card\" content=\"summary_large_image\" \/>\n<meta name=\"twitter:label1\" content=\"Ansl. lesetid\" \/>\n\t<meta name=\"twitter:data1\" content=\"2 minutter\" \/>\n<script type=\"application\/ld+json\" class=\"yoast-schema-graph\">{\"@context\":\"https:\\\/\\\/schema.org\",\"@graph\":[{\"@type\":\"WebPage\",\"@id\":\"https:\\\/\\\/officialguides.com\\\/no\\\/pamelding-til-reiseleder\\\/\",\"url\":\"https:\\\/\\\/officialguides.com\\\/no\\\/pamelding-til-reiseleder\\\/\",\"name\":\"P\u00e5melding For Norskvegguider | Hvordan Selge Private Turer P\u00e5 Nettet?\",\"isPartOf\":{\"@id\":\"https:\\\/\\\/officialguides.com\\\/no\\\/#website\"},\"primaryImageOfPage\":{\"@id\":\"https:\\\/\\\/officialguides.com\\\/no\\\/pamelding-til-reiseleder\\\/#primaryimage\"},\"image\":{\"@id\":\"https:\\\/\\\/officialguides.com\\\/no\\\/pamelding-til-reiseleder\\\/#primaryimage\"},\"thumbnailUrl\":\"https:\\\/\\\/www.officialguides.net\\\/wp-content\\\/uploads\\\/2020\\\/05\\\/how-to-sell-my-private-tours-online-1024x365.jpg\",\"datePublished\":\"2020-05-17T21:32:20+00:00\",\"dateModified\":\"2020-05-26T13:16:30+00:00\",\"description\":\"Hvordan kan jeg selge turene mine p\u00e5 Google \\\/ Internett? Er du en profesjonell guide? Har du lisens? Tilby utflukter gjennom v\u00e5r hjemmeside.\",\"breadcrumb\":{\"@id\":\"https:\\\/\\\/officialguides.com\\\/no\\\/pamelding-til-reiseleder\\\/#breadcrumb\"},\"inLanguage\":\"nb-NO\",\"potentialAction\":[{\"@type\":\"ReadAction\",\"target\":[\"https:\\\/\\\/officialguides.com\\\/no\\\/pamelding-til-reiseleder\\\/\"]}]},{\"@type\":\"ImageObject\",\"inLanguage\":\"nb-NO\",\"@id\":\"https:\\\/\\\/officialguides.com\\\/no\\\/pamelding-til-reiseleder\\\/#primaryimage\",\"url\":\"https:\\\/\\\/www.officialguides.net\\\/wp-content\\\/uploads\\\/2020\\\/05\\\/how-to-sell-my-private-tours-online-1024x365.jpg\",\"contentUrl\":\"https:\\\/\\\/www.officialguides.net\\\/wp-content\\\/uploads\\\/2020\\\/05\\\/how-to-sell-my-private-tours-online-1024x365.jpg\"},{\"@type\":\"BreadcrumbList\",\"@id\":\"https:\\\/\\\/officialguides.com\\\/no\\\/pamelding-til-reiseleder\\\/#breadcrumb\",\"itemListElement\":[{\"@type\":\"ListItem\",\"position\":1,\"name\":\"Home\",\"item\":\"https:\\\/\\\/officialguides.com\\\/no\\\/\"},{\"@type\":\"ListItem\",\"position\":2,\"name\":\"P\u00e5melding Til Reiseleder\"}]},{\"@type\":\"WebSite\",\"@id\":\"https:\\\/\\\/officialguides.com\\\/no\\\/#website\",\"url\":\"https:\\\/\\\/officialguides.com\\\/no\\\/\",\"name\":\"Official Tour Guides Around The World! Istanbul, Paris, Rome, Dubai...\",\"description\":\"Explore cities and popular destinations with professional, official, certified tour guides\",\"alternateName\":\"Official Guides\",\"potentialAction\":[{\"@type\":\"SearchAction\",\"target\":{\"@type\":\"EntryPoint\",\"urlTemplate\":\"https:\\\/\\\/officialguides.com\\\/no\\\/?s={search_term_string}\"},\"query-input\":{\"@type\":\"PropertyValueSpecification\",\"valueRequired\":true,\"valueName\":\"search_term_string\"}}],\"inLanguage\":\"nb-NO\"}]}<\/script>\n<!-- \/ Yoast SEO plugin. -->","yoast_head_json":{"title":"P\u00e5melding For Norskvegguider | Hvordan Selge Private Turer P\u00e5 Nettet?","description":"Hvordan kan jeg selge turene mine p\u00e5 Google \/ Internett? Er du en profesjonell guide? Har du lisens? Tilby utflukter gjennom v\u00e5r hjemmeside.","robots":{"index":"index","follow":"follow","max-snippet":"max-snippet:-1","max-image-preview":"max-image-preview:large","max-video-preview":"max-video-preview:-1"},"canonical":"https:\/\/officialguides.com\/no\/pamelding-til-reiseleder\/","og_locale":"nb_NO","og_type":"article","og_title":"P\u00e5melding For Norskvegguider | Hvordan Selge Private Turer P\u00e5 Nettet?","og_description":"Hvordan kan jeg selge turene mine p\u00e5 Google \/ Internett? Er du en profesjonell guide? Har du lisens? Tilby utflukter gjennom v\u00e5r hjemmeside.","og_url":"https:\/\/officialguides.com\/no\/pamelding-til-reiseleder\/","og_site_name":"Find Your Private Tour Guide Around The World!","article_modified_time":"2020-05-26T13:16:30+00:00","og_image":[{"url":"https:\/\/www.officialguides.net\/wp-content\/uploads\/2020\/05\/how-to-sell-my-private-tours-online-1024x365.jpg","type":"","width":"","height":""}],"twitter_card":"summary_large_image","twitter_misc":{"Ansl. lesetid":"2 minutter"},"schema":{"@context":"https:\/\/schema.org","@graph":[{"@type":"WebPage","@id":"https:\/\/officialguides.com\/no\/pamelding-til-reiseleder\/","url":"https:\/\/officialguides.com\/no\/pamelding-til-reiseleder\/","name":"P\u00e5melding For Norskvegguider | Hvordan Selge Private Turer P\u00e5 Nettet?","isPartOf":{"@id":"https:\/\/officialguides.com\/no\/#website"},"primaryImageOfPage":{"@id":"https:\/\/officialguides.com\/no\/pamelding-til-reiseleder\/#primaryimage"},"image":{"@id":"https:\/\/officialguides.com\/no\/pamelding-til-reiseleder\/#primaryimage"},"thumbnailUrl":"https:\/\/www.officialguides.net\/wp-content\/uploads\/2020\/05\/how-to-sell-my-private-tours-online-1024x365.jpg","datePublished":"2020-05-17T21:32:20+00:00","dateModified":"2020-05-26T13:16:30+00:00","description":"Hvordan kan jeg selge turene mine p\u00e5 Google \/ Internett? Er du en profesjonell guide? Har du lisens? Tilby utflukter gjennom v\u00e5r hjemmeside.","breadcrumb":{"@id":"https:\/\/officialguides.com\/no\/pamelding-til-reiseleder\/#breadcrumb"},"inLanguage":"nb-NO","potentialAction":[{"@type":"ReadAction","target":["https:\/\/officialguides.com\/no\/pamelding-til-reiseleder\/"]}]},{"@type":"ImageObject","inLanguage":"nb-NO","@id":"https:\/\/officialguides.com\/no\/pamelding-til-reiseleder\/#primaryimage","url":"https:\/\/www.officialguides.net\/wp-content\/uploads\/2020\/05\/how-to-sell-my-private-tours-online-1024x365.jpg","contentUrl":"https:\/\/www.officialguides.net\/wp-content\/uploads\/2020\/05\/how-to-sell-my-private-tours-online-1024x365.jpg"},{"@type":"BreadcrumbList","@id":"https:\/\/officialguides.com\/no\/pamelding-til-reiseleder\/#breadcrumb","itemListElement":[{"@type":"ListItem","position":1,"name":"Home","item":"https:\/\/officialguides.com\/no\/"},{"@type":"ListItem","position":2,"name":"P\u00e5melding Til Reiseleder"}]},{"@type":"WebSite","@id":"https:\/\/officialguides.com\/no\/#website","url":"https:\/\/officialguides.com\/no\/","name":"Official Tour Guides Around The World! Istanbul, Paris, Rome, Dubai...","description":"Explore cities and popular destinations with professional, official, certified tour guides","alternateName":"Official Guides","potentialAction":[{"@type":"SearchAction","target":{"@type":"EntryPoint","urlTemplate":"https:\/\/officialguides.com\/no\/?s={search_term_string}"},"query-input":{"@type":"PropertyValueSpecification","valueRequired":true,"valueName":"search_term_string"}}],"inLanguage":"nb-NO"}]}},"_links":{"self":[{"href":"https:\/\/officialguides.com\/no\/wp-json\/wp\/v2\/pages\/40385","targetHints":{"allow":["GET"]}}],"collection":[{"href":"https:\/\/officialguides.com\/no\/wp-json\/wp\/v2\/pages"}],"about":[{"href":"https:\/\/officialguides.com\/no\/wp-json\/wp\/v2\/types\/page"}],"author":[{"embeddable":true,"href":"https:\/\/officialguides.com\/no\/wp-json\/wp\/v2\/users\/3"}],"replies":[{"embeddable":true,"href":"https:\/\/officialguides.com\/no\/wp-json\/wp\/v2\/comments?post=40385"}],"version-history":[{"count":0,"href":"https:\/\/officialguides.com\/no\/wp-json\/wp\/v2\/pages\/40385\/revisions"}],"wp:attachment":[{"href":"https:\/\/officialguides.com\/no\/wp-json\/wp\/v2\/media?parent=40385"}],"curies":[{"name":"wp","href":"https:\/\/api.w.org\/{rel}","templated":true}]}}