{"id":40258,"date":"2020-05-15T19:29:37","date_gmt":"2020-05-15T16:29:37","guid":{"rendered":"https:\/\/www.officialguides.net\/home\/"},"modified":"2026-02-01T20:35:49","modified_gmt":"2026-02-01T17:35:49","slug":"home","status":"publish","type":"page","link":"https:\/\/officialguides.com\/no\/","title":{"rendered":"Kontakt Autoriserte Guider Direkte Over Hele Verden"},"content":{"rendered":"<p data-path-to-node=\"4\"><strong>OfficialGuides.com<\/strong> er en spesialisert plattform som kobler uavhengige reisende og <img decoding=\"async\" class=\"alignleft\" src=\"https:\/\/officialguides.com\/wp-content\/uploads\/2026\/01\/licensed-oficial-verified-guides.jpg\" alt=\"only the verified and certified tour guides \" width=\"147\" height=\"147\" \/>grupper med profesjonelle, autoriserte guider p\u00e5 verdens ledende destinasjoner. Kommuniser i sanntid og planlegg din perfekte tur p\u00e5 over 30 spr\u00e5k.<\/p>\n<hr \/>\n<h2 style=\"text-align: center;\" data-path-to-node=\"5\">\ud83c\udf92 Velg din by, start din reise<\/h2>\n<p style=\"text-align: center;\" data-path-to-node=\"6\">Bla gjennom katalogen v\u00e5r p\u00e5 <strong>OfficialGuides.com<\/strong> og finn den perfekte sertifiserte eksperten for ditt neste eventyr. Din autentiske, stressfrie reiseopplevelse er bare en melding unna.<\/p>\n<h3 style=\"text-align: center;\" data-path-to-node=\"6\">Velg Din Destinasjon \ud83d\udccd<\/h3>\n<p style=\"text-align: center;\" data-path-to-node=\"7\"><b data-path-to-node=\"7\" data-index-in-node=\"0\">Paris, <span style=\"color: #ff0000;\"><a style=\"color: #ff0000;\" href=\"https:\/\/officialguides.com\/no\/norsk-guide-i-istanbul\/\" target=\"_blank\" rel=\"noopener\">Istanbul<\/a><\/span>, Roma, <span style=\"color: #ff0000;\"><a style=\"color: #ff0000;\" href=\"https:\/\/officialguides.com\/no\/norske-guider-og-private-turer-i-barcelona\/\" target=\"_blank\" rel=\"noopener\">Barcelona<\/a><\/span>, Dubai, <span style=\"color: #ff0000;\"><a style=\"color: #ff0000;\" href=\"https:\/\/officialguides.com\/no\/norsk-privat-guide-og-private-turer-i-athen\/\" target=\"_blank\" rel=\"noopener\">Athen<\/a><\/span>, London, Bangkok, Firenze, Madrid, Lisboa, Kappadokia, Amsterdam, Praha, Napoli, Berlin, Antalya, Granada, Sevilla, Stockholm.<\/b><\/p>\n<hr \/>\n<h2 data-path-to-node=\"8\">Hvorfor en autorisert guide er din beste reiseinvestering<\/h2>\n<p data-path-to-node=\"9\">\u00c5 oppdage et verdenskjent landemerke sammen med en sertifisert profesjonell er forskjellen mellom \u00e5 bare &laquo;se&raquo; et sted og det \u00e5 virkelig &laquo;oppleve&raquo; det. P\u00e5 OfficialGuides.com vil guidene vi samarbeider med, med glede tilby deg f\u00f8lgende fordeler.<\/p>\n<ul data-path-to-node=\"10\">\n<li>\n<p data-path-to-node=\"10,0,0\"><b data-path-to-node=\"10,0,0\" data-index-in-node=\"0\">Prioritert tilgang og hopp over k\u00f8en-inngang:<\/b> Ikke la ferien din bli definert av venting i k\u00f8. Autorisert guider har ofte prioritert tilgang, dedikerte bookingskranker eller muligheten til \u00e5 forh\u00e5ndsbestille billetter p\u00e5 dine vegne. Spesielt i h\u00f8ysesongen ved verdensber\u00f8mte monumenter, lar dette deg g\u00e5 forbi timelange k\u00f8er og g\u00e5 rett inn i opplevelsen.<\/p>\n<\/li>\n<li>\n<p data-path-to-node=\"10,1,0\"><b data-path-to-node=\"10,1,0\" data-index-in-node=\"0\">Maksimal tidseffektivitet:<\/b> Et museum eller et arkeologisk sted som det ville tatt en hel dag \u00e5 navigere i alene, kan utforskes mesterlig p\u00e5 bare 3 timer. Guiden din kuraterer opplevelsen og viser deg de mest betydningsfulde mesterverkene og h\u00f8ydepunktene du &laquo;m\u00e5 se&raquo;, uten trettheten av \u00e5 g\u00e5 seg vill.<\/p>\n<\/li>\n<li>\n<p data-path-to-node=\"10,2,0\"><b data-path-to-node=\"10,2,0\" data-index-in-node=\"0\">Profesjonalitet og akademisk dybde:<\/b> Autorisert guider er ikke bare entusiaster; de er profesjonelle som har gjennomg\u00e5tt streng akademisk oppl\u00e6ring og offisielle eksamener. Du mottar n\u00f8yaktige og dyptg\u00e5ende historiske og kulturelle fortellinger som du ikke finner i noen guidebok.<\/p>\n<\/li>\n<li>\n<p data-path-to-node=\"10,3,0\"><b data-path-to-node=\"10,3,0\" data-index-in-node=\"0\">Personlige reiseruter og sikkerhet:<\/b> Enten du reiser alene eller med en gruppe, tilpasser v\u00e5re guider tempoet etter dine behov. De hjelper deg med \u00e5 navigere i komplekse lokale systemer, unng\u00e5 turistfeller og sikrer et trygt og profesjonelt milj\u00f8 gjennom hele reisen.<\/p>\n<\/li>\n<\/ul>\n<h2 data-path-to-node=\"11\">\u2728 Hvorfor velge en privat tur?<\/h2>\n<p data-path-to-node=\"12\">Slipp unna folkemengdene og standardiserte programmer. Opplev destinasjonen p\u00e5 dine egne premisser med Official Guides-guidene.<\/p>\n<h3 data-path-to-node=\"13\">Fordelen med privat guide<\/h3>\n<ul data-path-to-node=\"14\">\n<li>\n<p data-path-to-node=\"14,0,0\"><b data-path-to-node=\"14,0,0\" data-index-in-node=\"0\">Skreddersydde reiseruter:<\/b> Hver tur er tilpasset dine personlige interesser og lidenskaper.<\/p>\n<\/li>\n<li>\n<p data-path-to-node=\"14,1,0\"><b data-path-to-node=\"14,1,0\" data-index-in-node=\"0\">Autorisert ekspertise:<\/b> F\u00e5 dyp historisk og kulturell innsikt fra profesjonelle, lokale eksperter.<\/p>\n<\/li>\n<li>\n<p data-path-to-node=\"14,2,0\"><b data-path-to-node=\"14,2,0\" data-index-in-node=\"0\">Tidseffektivitet:<\/b> Hopp over de lange k\u00f8ene og maksimer tiden din med optimaliserte ruter.<\/p>\n<\/li>\n<li>\n<p data-path-to-node=\"14,3,0\"><b data-path-to-node=\"14,3,0\" data-index-in-node=\"0\">Total fleksibilitet:<\/b> Du bestemmer tempoet \u2013 bli lenger p\u00e5 dine favorittsteder eller ta en spontan pause.<\/p>\n<\/li>\n<li>\n<p data-path-to-node=\"14,4,0\"><b data-path-to-node=\"14,4,0\" data-index-in-node=\"0\">Autentiske oppdagelser:<\/b> Utforsk skjulte perler og &laquo;hemmelige&raquo; steder langt unna turistfellene.<\/p>\n<\/li>\n<\/ul>\n<p data-path-to-node=\"15\"><i data-path-to-node=\"15\" data-index-in-node=\"0\">Kvalitet over kvantitet. Bli kjent med byen p\u00e5 timer, ikke dager.<\/i><\/p>\n<h2 data-path-to-node=\"16\">\ud83c\udfdb\ufe0f Oppdag ikoniske landemerker med ekspertene<\/h2>\n<p data-path-to-node=\"17\">Fra antikke ruiner til moderne arkitektoniske vidundere, kobler OfficialGuides.com deg med spesialister p\u00e5 verdens mest bes\u00f8kte steder, inkludert:<\/p>\n<ul data-path-to-node=\"18\">\n<li>\n<p data-path-to-node=\"18,0,0\"><b data-path-to-node=\"18,0,0\" data-index-in-node=\"0\">Paris:<\/b> Detaljerte kunsthistoriske vandringer gjennom Louvre, Versailles og Montmartre.<\/p>\n<\/li>\n<li>\n<p data-path-to-node=\"18,1,0\"><b data-path-to-node=\"18,1,0\" data-index-in-node=\"0\">Istanbul:<\/b> Ekspertfortellinger ved Hagia Sofia, Topkapi-palasset, Harem, Den bl\u00e5 mosk\u00e9, Bosporos og Grand Bazaar.<\/p>\n<\/li>\n<li>\n<p data-path-to-node=\"18,2,0\"><b data-path-to-node=\"18,2,0\" data-index-in-node=\"0\">Vatikanet og Roma:<\/b> Peterskirken, Colosseum og Vatikanmuseene.<\/p>\n<\/li>\n<li>\n<p data-path-to-node=\"18,3,0\"><b data-path-to-node=\"18,3,0\" data-index-in-node=\"0\">Barcelona:<\/b> Det arkitektoniske geniet bak La Sagrada Familia og Park Guell.<\/p>\n<\/li>\n<li>\n<p data-path-to-node=\"18,4,0\"><b data-path-to-node=\"18,4,0\" data-index-in-node=\"0\">Athen:<\/b> Hjertet av det antikke Hellas og det storsl\u00e5tte Akropolis.<\/p>\n<\/li>\n<li>\n<p data-path-to-node=\"18,5,0\"><b data-path-to-node=\"18,5,0\" data-index-in-node=\"0\">Dubai:<\/b> Moderne underverker som Burj Khalifa og kulturarvsturer i gamle Dubai.<\/p>\n<\/li>\n<\/ul>\n<p data-path-to-node=\"19\"><b data-path-to-node=\"19\" data-index-in-node=\"0\">Og flere destinasjoner:<\/b> London, Kappadokia, Madrid, Firenze, Praha, Antalya, Lisboa, Amsterdam, Berlin, Stockholm, Bangkok, Wien, Napoli, New York, K\u00f8benhavn, Sevilla, Granada, Valencia, Kairo, Tokyo.<\/p>\n<h2 data-path-to-node=\"20\">\ud83d\udcf2 Designet for direkte kommunikasjon<\/h2>\n<p data-path-to-node=\"21\">Vi tror at de beste reiseplanene starter med en samtale. OfficialGuides.com muliggj\u00f8r umiddelbar sanntidskommunikasjon mellom deg og din potensielle guide. Still sp\u00f8rsm\u00e5l, diskuter dine spesifikke interesser og ferdigstill reiseruten din direkte med personen som skal vise deg byen. Ingen mellomledd, ingen skjulte byr\u00e5gebyrer \u2013 bare direkte lokal ekspertise.<\/p>\n<h2 data-path-to-node=\"22\">\ud83c\udf0d Bli en del av v\u00e5rt globale profesjonelle nettverk<\/h2>\n<p data-path-to-node=\"23\">Er du en autorisert guide? Vi utvider stadig rekkevidden v\u00e5r og er \u00e5pne for samarbeid med profesjonelle guider som snakker alle spr\u00e5k fra hele verden. Hvis du er en sertifisert ekspert som \u00f8nsker \u00e5 komme i direkte kontakt med internasjonale reisende, er OfficialGuides.com din plattform. Bli en del av v\u00e5rt nettverk i dag.<\/p>\n<p data-path-to-node=\"24\"><i data-path-to-node=\"24\" data-index-in-node=\"0\">Viktig merknad: Official Guides er en markedsplass som kobler reisende med autoriserte guider; det er ikke et reisebyr\u00e5. Les v\u00e5r &laquo;<a href=\"https:\/\/officialguides.com\/no\/juridisk-ansvarsfraskrivelse\/\" target=\"_blank\" rel=\"noopener\">Juridisk ansvarsfraskrivelse<\/a>&raquo; og &laquo;<a href=\"https:\/\/officialguides.com\/no\/personvernserklaering\/\" target=\"_blank\" rel=\"noopener\">Personvernserkl\u00e6ring<\/a>&laquo;<\/i><\/p>\n","protected":false},"excerpt":{"rendered":"<p>OfficialGuides.com er en spesialisert plattform som kobler uavhengige reisende og grupper med profesjonelle, autoriserte guider p\u00e5 verdens ledende destinasjoner. Kommuniser i sanntid og planlegg din perfekte tur p\u00e5 over 30 spr\u00e5k. \ud83c\udf92 Velg din by, start din reise Bla gjennom katalogen v\u00e5r p\u00e5 OfficialGuides.com og finn den perfekte sertifiserte eksperten for ditt neste eventyr. Din &#8230; <a title=\"Kontakt Autoriserte Guider Direkte Over Hele Verden\" class=\"read-more\" href=\"https:\/\/officialguides.com\/no\/\" aria-label=\"Read more about Kontakt Autoriserte Guider Direkte Over Hele Verden\">Les mer<\/a><\/p>\n","protected":false},"author":3,"featured_media":397743,"parent":0,"menu_order":0,"comment_status":"closed","ping_status":"closed","template":"","meta":{"_acf_changed":false,"footnotes":""},"class_list":["post-40258","page","type-page","status-publish","has-post-thumbnail"],"acf":[],"yoast_head":"<!-- This site is optimized with the Yoast SEO plugin v27.4 - https:\/\/yoast.com\/product\/yoast-seo-wordpress\/ -->\n<title>Autorisert guide og private turer over hele verden | OfficialGuides<\/title>\n<meta name=\"description\" content=\"Koble deg direkte med offisielle og sertifiserte guider p\u00e5 verdens beste destinasjoner. Bestill skreddersydde private turer, hopp over k\u00f8en og opplev autentiske reiser uten mellomledd.\" \/>\n<meta name=\"robots\" content=\"index, follow, max-snippet:-1, max-image-preview:large, max-video-preview:-1\" \/>\n<link rel=\"canonical\" href=\"https:\/\/officialguides.com\/no\/\" \/>\n<meta property=\"og:locale\" content=\"nb_NO\" \/>\n<meta property=\"og:type\" content=\"article\" \/>\n<meta property=\"og:title\" content=\"Autorisert guide og private turer over hele verden | OfficialGuides\" \/>\n<meta property=\"og:description\" content=\"Koble deg direkte med offisielle og sertifiserte guider p\u00e5 verdens beste destinasjoner. Bestill skreddersydde private turer, hopp over k\u00f8en og opplev autentiske reiser uten mellomledd.\" \/>\n<meta property=\"og:url\" content=\"https:\/\/officialguides.com\/no\/\" \/>\n<meta property=\"og:site_name\" content=\"Find Your Private Tour Guide Around The World!\" \/>\n<meta property=\"article:modified_time\" content=\"2026-02-01T17:35:49+00:00\" \/>\n<meta property=\"og:image\" content=\"https:\/\/officialguides.com\/wp-content\/uploads\/2026\/01\/private-tours-and-guides.jpg\" \/>\n\t<meta property=\"og:image:width\" content=\"1024\" \/>\n\t<meta property=\"og:image:height\" content=\"523\" \/>\n\t<meta property=\"og:image:type\" content=\"image\/jpeg\" \/>\n<meta name=\"twitter:card\" content=\"summary_large_image\" \/>\n<meta name=\"twitter:label1\" content=\"Ansl. lesetid\" \/>\n\t<meta name=\"twitter:data1\" content=\"4 minutter\" \/>\n<script type=\"application\/ld+json\" class=\"yoast-schema-graph\">{\"@context\":\"https:\\\/\\\/schema.org\",\"@graph\":[{\"@type\":\"WebPage\",\"@id\":\"https:\\\/\\\/officialguides.com\\\/no\\\/\",\"url\":\"https:\\\/\\\/officialguides.com\\\/no\\\/\",\"name\":\"Autorisert guide og private turer over hele verden | OfficialGuides\",\"isPartOf\":{\"@id\":\"https:\\\/\\\/officialguides.com\\\/no\\\/#website\"},\"primaryImageOfPage\":{\"@id\":\"https:\\\/\\\/officialguides.com\\\/no\\\/#primaryimage\"},\"image\":{\"@id\":\"https:\\\/\\\/officialguides.com\\\/no\\\/#primaryimage\"},\"thumbnailUrl\":\"https:\\\/\\\/officialguides.com\\\/wp-content\\\/uploads\\\/2026\\\/01\\\/private-tours-and-guides.jpg\",\"datePublished\":\"2020-05-15T16:29:37+00:00\",\"dateModified\":\"2026-02-01T17:35:49+00:00\",\"description\":\"Koble deg direkte med offisielle og sertifiserte guider p\u00e5 verdens beste destinasjoner. Bestill skreddersydde private turer, hopp over k\u00f8en og opplev autentiske reiser uten mellomledd.\",\"breadcrumb\":{\"@id\":\"https:\\\/\\\/officialguides.com\\\/no\\\/#breadcrumb\"},\"inLanguage\":\"nb-NO\",\"potentialAction\":[{\"@type\":\"ReadAction\",\"target\":[\"https:\\\/\\\/officialguides.com\\\/no\\\/\"]}]},{\"@type\":\"ImageObject\",\"inLanguage\":\"nb-NO\",\"@id\":\"https:\\\/\\\/officialguides.com\\\/no\\\/#primaryimage\",\"url\":\"https:\\\/\\\/officialguides.com\\\/wp-content\\\/uploads\\\/2026\\\/01\\\/private-tours-and-guides.jpg\",\"contentUrl\":\"https:\\\/\\\/officialguides.com\\\/wp-content\\\/uploads\\\/2026\\\/01\\\/private-tours-and-guides.jpg\",\"width\":1024,\"height\":523,\"caption\":\"En kvinnelig autorisert turguide med guidelisens viser og forteller til en familie som st\u00e5r foran Colosseum i Roma.\"},{\"@type\":\"BreadcrumbList\",\"@id\":\"https:\\\/\\\/officialguides.com\\\/no\\\/#breadcrumb\",\"itemListElement\":[{\"@type\":\"ListItem\",\"position\":1,\"name\":\"Home\",\"item\":\"https:\\\/\\\/officialguides.com\\\/no\\\/\"},{\"@type\":\"ListItem\",\"position\":2,\"name\":\"Kontakt Autoriserte Guider Direkte Over Hele Verden\"}]},{\"@type\":\"WebSite\",\"@id\":\"https:\\\/\\\/officialguides.com\\\/no\\\/#website\",\"url\":\"https:\\\/\\\/officialguides.com\\\/no\\\/\",\"name\":\"Official Tour Guides Around The World! Istanbul, Paris, Rome, Dubai...\",\"description\":\"Explore cities and popular destinations with professional, official, certified tour guides\",\"alternateName\":\"Official Guides\",\"potentialAction\":[{\"@type\":\"SearchAction\",\"target\":{\"@type\":\"EntryPoint\",\"urlTemplate\":\"https:\\\/\\\/officialguides.com\\\/no\\\/?s={search_term_string}\"},\"query-input\":{\"@type\":\"PropertyValueSpecification\",\"valueRequired\":true,\"valueName\":\"search_term_string\"}}],\"inLanguage\":\"nb-NO\"}]}<\/script>\n<!-- \/ Yoast SEO plugin. -->","yoast_head_json":{"title":"Autorisert guide og private turer over hele verden | OfficialGuides","description":"Koble deg direkte med offisielle og sertifiserte guider p\u00e5 verdens beste destinasjoner. Bestill skreddersydde private turer, hopp over k\u00f8en og opplev autentiske reiser uten mellomledd.","robots":{"index":"index","follow":"follow","max-snippet":"max-snippet:-1","max-image-preview":"max-image-preview:large","max-video-preview":"max-video-preview:-1"},"canonical":"https:\/\/officialguides.com\/no\/","og_locale":"nb_NO","og_type":"article","og_title":"Autorisert guide og private turer over hele verden | OfficialGuides","og_description":"Koble deg direkte med offisielle og sertifiserte guider p\u00e5 verdens beste destinasjoner. Bestill skreddersydde private turer, hopp over k\u00f8en og opplev autentiske reiser uten mellomledd.","og_url":"https:\/\/officialguides.com\/no\/","og_site_name":"Find Your Private Tour Guide Around The World!","article_modified_time":"2026-02-01T17:35:49+00:00","og_image":[{"width":1024,"height":523,"url":"https:\/\/officialguides.com\/wp-content\/uploads\/2026\/01\/private-tours-and-guides.jpg","type":"image\/jpeg"}],"twitter_card":"summary_large_image","twitter_misc":{"Ansl. lesetid":"4 minutter"},"schema":{"@context":"https:\/\/schema.org","@graph":[{"@type":"WebPage","@id":"https:\/\/officialguides.com\/no\/","url":"https:\/\/officialguides.com\/no\/","name":"Autorisert guide og private turer over hele verden | OfficialGuides","isPartOf":{"@id":"https:\/\/officialguides.com\/no\/#website"},"primaryImageOfPage":{"@id":"https:\/\/officialguides.com\/no\/#primaryimage"},"image":{"@id":"https:\/\/officialguides.com\/no\/#primaryimage"},"thumbnailUrl":"https:\/\/officialguides.com\/wp-content\/uploads\/2026\/01\/private-tours-and-guides.jpg","datePublished":"2020-05-15T16:29:37+00:00","dateModified":"2026-02-01T17:35:49+00:00","description":"Koble deg direkte med offisielle og sertifiserte guider p\u00e5 verdens beste destinasjoner. Bestill skreddersydde private turer, hopp over k\u00f8en og opplev autentiske reiser uten mellomledd.","breadcrumb":{"@id":"https:\/\/officialguides.com\/no\/#breadcrumb"},"inLanguage":"nb-NO","potentialAction":[{"@type":"ReadAction","target":["https:\/\/officialguides.com\/no\/"]}]},{"@type":"ImageObject","inLanguage":"nb-NO","@id":"https:\/\/officialguides.com\/no\/#primaryimage","url":"https:\/\/officialguides.com\/wp-content\/uploads\/2026\/01\/private-tours-and-guides.jpg","contentUrl":"https:\/\/officialguides.com\/wp-content\/uploads\/2026\/01\/private-tours-and-guides.jpg","width":1024,"height":523,"caption":"En kvinnelig autorisert turguide med guidelisens viser og forteller til en familie som st\u00e5r foran Colosseum i Roma."},{"@type":"BreadcrumbList","@id":"https:\/\/officialguides.com\/no\/#breadcrumb","itemListElement":[{"@type":"ListItem","position":1,"name":"Home","item":"https:\/\/officialguides.com\/no\/"},{"@type":"ListItem","position":2,"name":"Kontakt Autoriserte Guider Direkte Over Hele Verden"}]},{"@type":"WebSite","@id":"https:\/\/officialguides.com\/no\/#website","url":"https:\/\/officialguides.com\/no\/","name":"Official Tour Guides Around The World! Istanbul, Paris, Rome, Dubai...","description":"Explore cities and popular destinations with professional, official, certified tour guides","alternateName":"Official Guides","potentialAction":[{"@type":"SearchAction","target":{"@type":"EntryPoint","urlTemplate":"https:\/\/officialguides.com\/no\/?s={search_term_string}"},"query-input":{"@type":"PropertyValueSpecification","valueRequired":true,"valueName":"search_term_string"}}],"inLanguage":"nb-NO"}]}},"_links":{"self":[{"href":"https:\/\/officialguides.com\/no\/wp-json\/wp\/v2\/pages\/40258","targetHints":{"allow":["GET"]}}],"collection":[{"href":"https:\/\/officialguides.com\/no\/wp-json\/wp\/v2\/pages"}],"about":[{"href":"https:\/\/officialguides.com\/no\/wp-json\/wp\/v2\/types\/page"}],"author":[{"embeddable":true,"href":"https:\/\/officialguides.com\/no\/wp-json\/wp\/v2\/users\/3"}],"replies":[{"embeddable":true,"href":"https:\/\/officialguides.com\/no\/wp-json\/wp\/v2\/comments?post=40258"}],"version-history":[{"count":39,"href":"https:\/\/officialguides.com\/no\/wp-json\/wp\/v2\/pages\/40258\/revisions"}],"predecessor-version":[{"id":398183,"href":"https:\/\/officialguides.com\/no\/wp-json\/wp\/v2\/pages\/40258\/revisions\/398183"}],"wp:featuredmedia":[{"embeddable":true,"href":"https:\/\/officialguides.com\/no\/wp-json\/wp\/v2\/media\/397743"}],"wp:attachment":[{"href":"https:\/\/officialguides.com\/no\/wp-json\/wp\/v2\/media?parent=40258"}],"curies":[{"name":"wp","href":"https:\/\/api.w.org\/{rel}","templated":true}]}}