{"id":394756,"date":"2025-04-18T20:08:20","date_gmt":"2025-04-18T17:08:20","guid":{"rendered":"https:\/\/officialguides.com\/medisinsk-turisme\/"},"modified":"2025-04-18T20:08:20","modified_gmt":"2025-04-18T17:08:20","slug":"medisinsk-turisme","status":"publish","type":"page","link":"https:\/\/officialguides.com\/no\/medisinsk-turisme\/","title":{"rendered":"Medisinsk Turisme"},"content":{"rendered":"<h2 class=\"\" data-start=\"555\" data-end=\"594\">\ud83c\udf0d Internasjonal Medisinsk Turisme<\/h2>\n<p class=\"\" data-start=\"595\" data-end=\"702\"><strong data-start=\"595\" data-end=\"702\">Oppdag trygge destinasjoner for medisinsk turisme \u2013 med p\u00e5litelig informasjon og kulturelle opplevelser<\/strong><\/p>\n<p class=\"\" data-start=\"704\" data-end=\"914\">Velkommen til en plattform hvor du kan utforske noen av verdens mest anerkjente destinasjoner for <strong data-start=\"802\" data-end=\"837\">internasjonal medisinsk turisme<\/strong>, der moderne helsetjenester kombineres med uforglemmelige kulturopplevelser.<\/p>\n<p class=\"\" data-start=\"916\" data-end=\"1190\">P\u00e5 <strong data-start=\"919\" data-end=\"941\">officialguides.com<\/strong> tilbyr vi generell informasjon om <strong data-start=\"976\" data-end=\"1038\">klinikker og sykehus som tar imot internasjonale pasienter<\/strong>. Vi tilbyr ikke medisinske tjenester selv, men hjelper deg med \u00e5 finne p\u00e5litelige behandlingssteder og berike reisen med guidede turer og lokal kultur.<\/p>\n<hr class=\"\" data-start=\"1192\" data-end=\"1195\" \/>\n<h3 class=\"\" data-start=\"1197\" data-end=\"1233\">Hvorfor Velge Medisinsk Turisme?<\/h3>\n<p class=\"\" data-start=\"1235\" data-end=\"1323\">Millioner av mennesker velger hvert \u00e5r \u00e5 f\u00e5 behandling i utlandet av flere gode grunner:<\/p>\n<ul>\n<li data-start=\"1327\" data-end=\"1390\">\ud83c\udfe5 Tilgang til akkrediterte klinikker og erfarne spesialister<\/li>\n<li data-start=\"1393\" data-end=\"1428\">\ud83d\udcb0 Lavere priser enn i hjemlandet<\/li>\n<li data-start=\"1431\" data-end=\"1452\">\ud83d\udcc6 Kortere ventetid<\/li>\n<li data-start=\"1455\" data-end=\"1505\">\u2708\ufe0f Mulighet til \u00e5 kombinere behandling med ferie<\/li>\n<li data-start=\"1508\" data-end=\"1549\">\ud83d\udcac Flerspr\u00e5klig og pasientvennlig service<\/li>\n<\/ul>\n<p class=\"\" data-start=\"1551\" data-end=\"1676\">Vi hjelper deg med \u00e5 finne <strong data-start=\"1578\" data-end=\"1676\">land som er kjent for h\u00f8y medisinsk kvalitet og god pasientomsorg for internasjonale reisende.<\/strong><\/p>\n<hr class=\"\" data-start=\"1678\" data-end=\"1681\" \/>\n<h3 class=\"\" data-start=\"1683\" data-end=\"1712\">Popul\u00e6re Behandlingstyper<\/h3>\n<p class=\"\" data-start=\"1714\" data-end=\"1811\">Vi presenterer land som tilbyr noen av de mest etterspurte behandlingene innen medisinsk turisme:<\/p>\n<ul>\n<li data-start=\"1815\" data-end=\"1880\">\u2705 <strong data-start=\"1817\" data-end=\"1835\">Tannbehandling<\/strong> (implantater, skallfasetter, smile design)<\/li>\n<li data-start=\"1883\" data-end=\"1920\">\u2705 <strong data-start=\"1885\" data-end=\"1918\">Kosmetisk og plastisk kirurgi<\/strong><\/li>\n<li data-start=\"1923\" data-end=\"1949\">\u2705 <strong data-start=\"1925\" data-end=\"1947\">H\u00e5rtransplantasjon<\/strong><\/li>\n<li data-start=\"1952\" data-end=\"1987\">\u2705 <strong data-start=\"1954\" data-end=\"1985\">Fertilitetsbehandling (IVF)<\/strong><\/li>\n<li data-start=\"1990\" data-end=\"2024\">\u2705 <strong data-start=\"1992\" data-end=\"2022\">Ortopedisk- og ryggkirurgi<\/strong><\/li>\n<li data-start=\"2027\" data-end=\"2063\">\u2705 <strong data-start=\"2029\" data-end=\"2061\">Laseroperasjoner og \u00f8yehelse<\/strong><\/li>\n<li data-start=\"2066\" data-end=\"2134\">\u2705 <strong data-start=\"2068\" data-end=\"2134\">Velv\u00e6reprogrammer, rehabilitering og anti-aldringsbehandlinger<\/strong><\/li>\n<\/ul>\n<p class=\"\" data-start=\"2136\" data-end=\"2268\">\ud83d\udccc <em data-start=\"2139\" data-end=\"2268\">Merk: Vi gir ikke medisinske r\u00e5d og garanterer ikke resultater. All informasjon er kun til veiledende og sammenlignende form\u00e5l.<\/em><\/p>\n<hr class=\"\" data-start=\"2270\" data-end=\"2273\" \/>\n<h3 class=\"\" data-start=\"2275\" data-end=\"2324\">Anbefalte Destinasjoner for Medisinsk Turisme<\/h3>\n<p class=\"\" data-start=\"2326\" data-end=\"2442\">Vi fremhever f\u00f8lgende land, basert p\u00e5 deres sterke medisinske rykte og tilgjengelighet for internasjonale pasienter:<\/p>\n<ul>\n<li data-start=\"2446\" data-end=\"2621\">\ud83c\uddf9\ud83c\uddf7 <strong data-start=\"2451\" data-end=\"2461\">Tyrkia<\/strong> \u2013 estetisk tannbehandling, plastisk kirurgi, \u00f8yebehandlinger, organtransplantasjon, onkologi, hjertekirurgi, ortopedisk kirurgi og pr\u00f8ver\u00f8rsbefruktning (IVF)<\/li>\n<li data-start=\"2624\" data-end=\"2692\">\ud83c\udded\ud83c\uddfa <strong data-start=\"2629\" data-end=\"2639\">Ungarn<\/strong> \u2013 kosmetisk tannpleie, regulering og tannjustering<\/li>\n<li data-start=\"2695\" data-end=\"2753\">\ud83c\udded\ud83c\uddf7 <strong data-start=\"2700\" data-end=\"2711\">Kroatia<\/strong> \u2013 tannbehandling, spa og rehabilitering<\/li>\n<li data-start=\"2756\" data-end=\"2810\">\ud83c\uddf2\ud83c\uddfd <strong data-start=\"2761\" data-end=\"2771\">Mexico<\/strong> \u2013 fedmekirurgi, fertilitetsklinikker<\/li>\n<li data-start=\"2813\" data-end=\"2875\">\ud83c\uddea\ud83c\uddf8 <strong data-start=\"2818\" data-end=\"2828\">Spania<\/strong> \u2013 kosmetisk kirurgi, anti-aldringsbehandling<\/li>\n<li data-start=\"2878\" data-end=\"2933\">\ud83c\uddf9\ud83c\udded <strong data-start=\"2883\" data-end=\"2895\">Thailand<\/strong> \u2013 medisinske spa, estetiske inngrep<\/li>\n<li data-start=\"2936\" data-end=\"3001\">\ud83c\uddf0\ud83c\uddf7 <strong data-start=\"2941\" data-end=\"2954\">S\u00f8r-Korea<\/strong> \u2013 dermatologi, avanserte ansiktsbehandlinger<\/li>\n<li data-start=\"3004\" data-end=\"3066\">\ud83c\uddee\ud83c\uddf3 <strong data-start=\"3009\" data-end=\"3018\">India<\/strong> \u2013 ortopedi, hjertekirurgi, ayurvediske terapier<\/li>\n<\/ul>\n<p class=\"\" data-start=\"3068\" data-end=\"3178\">Alle institusjoner vi presenterer er <strong data-start=\"3105\" data-end=\"3129\">uavhengige klinikker<\/strong> med erfaring i \u00e5 ta imot pasienter fra utlandet.<\/p>\n<hr class=\"\" data-start=\"3180\" data-end=\"3183\" \/>\n<h3 class=\"\" data-start=\"3185\" data-end=\"3219\">Kombiner Behandling med Kultur<\/h3>\n<p class=\"\" data-start=\"3221\" data-end=\"3503\">I tillegg til medisinsk informasjon hjelper vi deg \u00e5 komme i kontakt med <strong data-start=\"3294\" data-end=\"3317\">sertifiserte guider<\/strong> i utvalgte byer.<br data-start=\"3334\" data-end=\"3337\" \/>Enten du \u00f8nsker en historisk omvisning i Istanbul, vinsmaking i Spania eller en panoramatur langs Donau \u2013 kan din rekonvalesens ogs\u00e5 bli en meningsfull del av reisen.<\/p>\n<blockquote data-start=\"3505\" data-end=\"3601\">\n<p class=\"\" data-start=\"3507\" data-end=\"3601\">\ud83c\udfa7 <em data-start=\"3510\" data-end=\"3601\">Privatturer er valgfrie og organiseres etter \u00f8nske med profesjonelle, autoriserte guider.<\/em><\/p>\n<\/blockquote>\n<hr class=\"\" data-start=\"3603\" data-end=\"3606\" \/>\n<h3 class=\"\" data-start=\"3608\" data-end=\"3648\">En Uavhengig og Informativ Plattform<\/h3>\n<ul>\n<li data-start=\"3652\" data-end=\"3730\">\u2757 <strong data-start=\"3654\" data-end=\"3728\">Vi anbefaler ikke spesifikke behandlinger eller medisinske prosedyrer.<\/strong><\/li>\n<li data-start=\"3733\" data-end=\"3806\">\ud83c\udfe5 Valg av klinikk, lege og behandlingsmetode er helt opp til brukeren.<\/li>\n<li data-start=\"3809\" data-end=\"3868\">\ud83d\udcd1 All informasjon er generell og ikke juridisk bindende.<\/li>\n<li data-start=\"3871\" data-end=\"3967\">\ud83d\udee1\ufe0f <strong data-start=\"3875\" data-end=\"3967\">Vi p\u00e5tar oss ikke ansvar for behandlingsresultater eller tjenester levert av tredjepart.<\/strong><\/li>\n<\/ul>\n<hr class=\"\" data-start=\"3969\" data-end=\"3972\" \/>\n<h3 class=\"\" data-start=\"3974\" data-end=\"4013\">\u2709\ufe0f Klar til \u00e5 Utforske Mulighetene?<\/h3>\n<p class=\"\" data-start=\"4015\" data-end=\"4164\">Vurderer du medisinsk turisme og \u00f8nsker \u00e5 l\u00e6re mer om tilgjengelige destinasjoner, klinikker eller kulturelle aktiviteter? Ta gjerne kontakt med oss.<\/p>\n<p class=\"\" data-start=\"4166\" data-end=\"4259\">\ud83d\udc49 <span style=\"text-decoration: underline;\"><strong data-start=\"4169\" data-end=\"4187\">KONTAKT OSS N\u00c5<\/strong><\/span> for en introduksjon til behandlingsalternativer og guidede opplevelser.<\/p>\n<p data-start=\"4166\" data-end=\"4259\"><div class=\"wpforms-container wpforms-container-full\" id=\"wpforms-4263\"><form id=\"wpforms-form-4263\" class=\"wpforms-validate wpforms-form\" data-formid=\"4263\" method=\"post\" enctype=\"multipart\/form-data\" action=\"\/no\/wp-json\/wp\/v2\/pages\/394756\" data-token=\"e55905b6665478818f3198ba995420eb\" data-token-time=\"1777278820\"><noscript class=\"wpforms-error-noscript\">Please enable JavaScript in your browser to complete this form.<\/noscript><div class=\"wpforms-field-container\"><div id=\"wpforms-4263-field_0-container\" class=\"wpforms-field wpforms-field-name\" data-field-id=\"0\"><label class=\"wpforms-field-label\">Name <span class=\"wpforms-required-label\">*<\/span><\/label><div class=\"wpforms-field-row wpforms-field-medium\"><div class=\"wpforms-field-row-block wpforms-first wpforms-one-half\"><input type=\"text\" id=\"wpforms-4263-field_0\" class=\"wpforms-field-name-first wpforms-field-required\" name=\"wpforms[fields][0][first]\" required><label for=\"wpforms-4263-field_0\" class=\"wpforms-field-sublabel after\">First<\/label><\/div><div class=\"wpforms-field-row-block wpforms-one-half\"><input type=\"text\" id=\"wpforms-4263-field_0-last\" class=\"wpforms-field-name-last wpforms-field-required\" name=\"wpforms[fields][0][last]\" required><label for=\"wpforms-4263-field_0-last\" class=\"wpforms-field-sublabel after\">Last<\/label><\/div><\/div><\/div><div id=\"wpforms-4263-field_1-container\" class=\"wpforms-field wpforms-field-email\" data-field-id=\"1\"><label class=\"wpforms-field-label\" for=\"wpforms-4263-field_1\">Email <span class=\"wpforms-required-label\">*<\/span><\/label><input type=\"email\" id=\"wpforms-4263-field_1\" class=\"wpforms-field-medium wpforms-field-required\" name=\"wpforms[fields][1]\" spellcheck=\"false\" required><\/div><div id=\"wpforms-4263-field_4-container\" class=\"wpforms-field wpforms-field-phone\" data-field-id=\"4\"><label class=\"wpforms-field-label\" for=\"wpforms-4263-field_4\">Mobile Phone<\/label><input type=\"tel\" id=\"wpforms-4263-field_4\" class=\"wpforms-field-medium wpforms-smart-phone-field\" data-rule-smart-phone-field=\"true\" name=\"wpforms[fields][4]\" aria-label=\"Mobile Phone\" ><\/div><div id=\"wpforms-4263-field_2-container\" class=\"wpforms-field wpforms-field-textarea\" data-field-id=\"2\"><label class=\"wpforms-field-label\" for=\"wpforms-4263-field_2\">Comment or Message <span class=\"wpforms-required-label\">*<\/span><\/label><textarea id=\"wpforms-4263-field_2\" class=\"wpforms-field-medium wpforms-field-required\" name=\"wpforms[fields][2]\" required><\/textarea><\/div><\/div><!-- .wpforms-field-container --><div class=\"wpforms-field wpforms-field-hp\"><label for=\"wpforms-4263-field-hp\" class=\"wpforms-field-label\">Message<\/label><input type=\"text\" name=\"wpforms[hp]\" id=\"wpforms-4263-field-hp\" class=\"wpforms-field-medium\"><\/div><div class=\"wpforms-recaptcha-container wpforms-is-recaptcha wpforms-is-recaptcha-type-v2\" ><div class=\"g-recaptcha\" data-sitekey=\"6LcUi_IZAAAAAPZECIskiqveM1KET8SQPPj592eW\"><\/div><input type=\"text\" name=\"g-recaptcha-hidden\" class=\"wpforms-recaptcha-hidden\" style=\"position:absolute!important;clip:rect(0,0,0,0)!important;height:1px!important;width:1px!important;border:0!important;overflow:hidden!important;padding:0!important;margin:0!important;\" data-rule-recaptcha=\"1\"><\/div><div class=\"wpforms-submit-container\" ><input type=\"hidden\" name=\"wpforms[id]\" value=\"4263\"><input type=\"hidden\" name=\"page_title\" value=\"\"><input type=\"hidden\" name=\"page_url\" value=\"https:\/\/officialguides.com\/no\/wp-json\/wp\/v2\/pages\/394756\"><input type=\"hidden\" name=\"url_referer\" value=\"\"><button type=\"submit\" name=\"wpforms[submit]\" id=\"wpforms-submit-4263\" class=\"wpforms-submit\" data-alt-text=\"Sending...\" data-submit-text=\"Submit\" aria-live=\"assertive\" value=\"wpforms-submit\">Submit<\/button><\/div><\/form><\/div>  <!-- .wpforms-container --><\/p>\n","protected":false},"excerpt":{"rendered":"<p>\ud83c\udf0d Internasjonal Medisinsk Turisme Oppdag trygge destinasjoner for medisinsk turisme \u2013 med p\u00e5litelig informasjon og kulturelle opplevelser Velkommen til en plattform hvor du kan utforske noen av verdens mest anerkjente destinasjoner for internasjonal medisinsk turisme, der moderne helsetjenester kombineres med uforglemmelige kulturopplevelser. P\u00e5 officialguides.com tilbyr vi generell informasjon om klinikker og sykehus som tar imot &#8230; <a title=\"Medisinsk Turisme\" class=\"read-more\" href=\"https:\/\/officialguides.com\/no\/medisinsk-turisme\/\" aria-label=\"Read more about Medisinsk Turisme\">Les mer<\/a><\/p>\n","protected":false},"author":3,"featured_media":394724,"parent":0,"menu_order":0,"comment_status":"closed","ping_status":"closed","template":"","meta":{"_acf_changed":false,"footnotes":""},"class_list":["post-394756","page","type-page","status-publish","has-post-thumbnail"],"acf":[],"yoast_head":"<!-- This site is optimized with the Yoast SEO plugin v27.4 - https:\/\/yoast.com\/product\/yoast-seo-wordpress\/ -->\n<title>Internasjonal Medisinsk Turisme \u2013 P\u00e5litelige Klinikker og Kulturelle Opplevelser<\/title>\n<meta name=\"description\" content=\"Utforsk de beste destinasjonene innen helseturisme. Sammenlign internasjonale klinikker og kombiner behandling med autentiske reiseopplevelser.\" \/>\n<meta name=\"robots\" content=\"index, follow, max-snippet:-1, max-image-preview:large, max-video-preview:-1\" \/>\n<link rel=\"canonical\" href=\"https:\/\/officialguides.com\/no\/medisinsk-turisme\/\" \/>\n<meta property=\"og:locale\" content=\"nb_NO\" \/>\n<meta property=\"og:type\" content=\"article\" \/>\n<meta property=\"og:title\" content=\"Internasjonal Medisinsk Turisme \u2013 P\u00e5litelige Klinikker og Kulturelle Opplevelser\" \/>\n<meta property=\"og:description\" content=\"Utforsk de beste destinasjonene innen helseturisme. Sammenlign internasjonale klinikker og kombiner behandling med autentiske reiseopplevelser.\" \/>\n<meta property=\"og:url\" content=\"https:\/\/officialguides.com\/no\/medisinsk-turisme\/\" \/>\n<meta property=\"og:site_name\" content=\"Find Your Private Tour Guide Around The World!\" \/>\n<meta property=\"og:image\" content=\"https:\/\/officialguides.com\/wp-content\/uploads\/2025\/04\/medical-tourism.jpg\" \/>\n\t<meta property=\"og:image:width\" content=\"1023\" \/>\n\t<meta property=\"og:image:height\" content=\"373\" \/>\n\t<meta property=\"og:image:type\" content=\"image\/jpeg\" \/>\n<meta name=\"twitter:card\" content=\"summary_large_image\" \/>\n<meta name=\"twitter:label1\" content=\"Ansl. lesetid\" \/>\n\t<meta name=\"twitter:data1\" content=\"2 minutter\" \/>\n<script type=\"application\/ld+json\" class=\"yoast-schema-graph\">{\"@context\":\"https:\\\/\\\/schema.org\",\"@graph\":[{\"@type\":\"WebPage\",\"@id\":\"https:\\\/\\\/officialguides.com\\\/no\\\/medisinsk-turisme\\\/\",\"url\":\"https:\\\/\\\/officialguides.com\\\/no\\\/medisinsk-turisme\\\/\",\"name\":\"Internasjonal Medisinsk Turisme \u2013 P\u00e5litelige Klinikker og Kulturelle Opplevelser\",\"isPartOf\":{\"@id\":\"https:\\\/\\\/officialguides.com\\\/no\\\/#website\"},\"primaryImageOfPage\":{\"@id\":\"https:\\\/\\\/officialguides.com\\\/no\\\/medisinsk-turisme\\\/#primaryimage\"},\"image\":{\"@id\":\"https:\\\/\\\/officialguides.com\\\/no\\\/medisinsk-turisme\\\/#primaryimage\"},\"thumbnailUrl\":\"https:\\\/\\\/officialguides.com\\\/wp-content\\\/uploads\\\/2025\\\/04\\\/medical-tourism.jpg\",\"datePublished\":\"2025-04-18T17:08:20+00:00\",\"description\":\"Utforsk de beste destinasjonene innen helseturisme. Sammenlign internasjonale klinikker og kombiner behandling med autentiske reiseopplevelser.\",\"breadcrumb\":{\"@id\":\"https:\\\/\\\/officialguides.com\\\/no\\\/medisinsk-turisme\\\/#breadcrumb\"},\"inLanguage\":\"nb-NO\",\"potentialAction\":[{\"@type\":\"ReadAction\",\"target\":[\"https:\\\/\\\/officialguides.com\\\/no\\\/medisinsk-turisme\\\/\"]}]},{\"@type\":\"ImageObject\",\"inLanguage\":\"nb-NO\",\"@id\":\"https:\\\/\\\/officialguides.com\\\/no\\\/medisinsk-turisme\\\/#primaryimage\",\"url\":\"https:\\\/\\\/officialguides.com\\\/wp-content\\\/uploads\\\/2025\\\/04\\\/medical-tourism.jpg\",\"contentUrl\":\"https:\\\/\\\/officialguides.com\\\/wp-content\\\/uploads\\\/2025\\\/04\\\/medical-tourism.jpg\",\"width\":1023,\"height\":373,\"caption\":\"Internasjonal pasient unders\u00f8ker medisinsk informasjon under en kulturell reise\"},{\"@type\":\"BreadcrumbList\",\"@id\":\"https:\\\/\\\/officialguides.com\\\/no\\\/medisinsk-turisme\\\/#breadcrumb\",\"itemListElement\":[{\"@type\":\"ListItem\",\"position\":1,\"name\":\"Home\",\"item\":\"https:\\\/\\\/officialguides.com\\\/no\\\/\"},{\"@type\":\"ListItem\",\"position\":2,\"name\":\"Medisinsk Turisme\"}]},{\"@type\":\"WebSite\",\"@id\":\"https:\\\/\\\/officialguides.com\\\/no\\\/#website\",\"url\":\"https:\\\/\\\/officialguides.com\\\/no\\\/\",\"name\":\"Official Tour Guides Around The World! Istanbul, Paris, Rome, Dubai...\",\"description\":\"Explore cities and popular destinations with professional, official, certified tour guides\",\"alternateName\":\"Official Guides\",\"potentialAction\":[{\"@type\":\"SearchAction\",\"target\":{\"@type\":\"EntryPoint\",\"urlTemplate\":\"https:\\\/\\\/officialguides.com\\\/no\\\/?s={search_term_string}\"},\"query-input\":{\"@type\":\"PropertyValueSpecification\",\"valueRequired\":true,\"valueName\":\"search_term_string\"}}],\"inLanguage\":\"nb-NO\"}]}<\/script>\n<!-- \/ Yoast SEO plugin. -->","yoast_head_json":{"title":"Internasjonal Medisinsk Turisme \u2013 P\u00e5litelige Klinikker og Kulturelle Opplevelser","description":"Utforsk de beste destinasjonene innen helseturisme. Sammenlign internasjonale klinikker og kombiner behandling med autentiske reiseopplevelser.","robots":{"index":"index","follow":"follow","max-snippet":"max-snippet:-1","max-image-preview":"max-image-preview:large","max-video-preview":"max-video-preview:-1"},"canonical":"https:\/\/officialguides.com\/no\/medisinsk-turisme\/","og_locale":"nb_NO","og_type":"article","og_title":"Internasjonal Medisinsk Turisme \u2013 P\u00e5litelige Klinikker og Kulturelle Opplevelser","og_description":"Utforsk de beste destinasjonene innen helseturisme. Sammenlign internasjonale klinikker og kombiner behandling med autentiske reiseopplevelser.","og_url":"https:\/\/officialguides.com\/no\/medisinsk-turisme\/","og_site_name":"Find Your Private Tour Guide Around The World!","og_image":[{"width":1023,"height":373,"url":"https:\/\/officialguides.com\/wp-content\/uploads\/2025\/04\/medical-tourism.jpg","type":"image\/jpeg"}],"twitter_card":"summary_large_image","twitter_misc":{"Ansl. lesetid":"2 minutter"},"schema":{"@context":"https:\/\/schema.org","@graph":[{"@type":"WebPage","@id":"https:\/\/officialguides.com\/no\/medisinsk-turisme\/","url":"https:\/\/officialguides.com\/no\/medisinsk-turisme\/","name":"Internasjonal Medisinsk Turisme \u2013 P\u00e5litelige Klinikker og Kulturelle Opplevelser","isPartOf":{"@id":"https:\/\/officialguides.com\/no\/#website"},"primaryImageOfPage":{"@id":"https:\/\/officialguides.com\/no\/medisinsk-turisme\/#primaryimage"},"image":{"@id":"https:\/\/officialguides.com\/no\/medisinsk-turisme\/#primaryimage"},"thumbnailUrl":"https:\/\/officialguides.com\/wp-content\/uploads\/2025\/04\/medical-tourism.jpg","datePublished":"2025-04-18T17:08:20+00:00","description":"Utforsk de beste destinasjonene innen helseturisme. Sammenlign internasjonale klinikker og kombiner behandling med autentiske reiseopplevelser.","breadcrumb":{"@id":"https:\/\/officialguides.com\/no\/medisinsk-turisme\/#breadcrumb"},"inLanguage":"nb-NO","potentialAction":[{"@type":"ReadAction","target":["https:\/\/officialguides.com\/no\/medisinsk-turisme\/"]}]},{"@type":"ImageObject","inLanguage":"nb-NO","@id":"https:\/\/officialguides.com\/no\/medisinsk-turisme\/#primaryimage","url":"https:\/\/officialguides.com\/wp-content\/uploads\/2025\/04\/medical-tourism.jpg","contentUrl":"https:\/\/officialguides.com\/wp-content\/uploads\/2025\/04\/medical-tourism.jpg","width":1023,"height":373,"caption":"Internasjonal pasient unders\u00f8ker medisinsk informasjon under en kulturell reise"},{"@type":"BreadcrumbList","@id":"https:\/\/officialguides.com\/no\/medisinsk-turisme\/#breadcrumb","itemListElement":[{"@type":"ListItem","position":1,"name":"Home","item":"https:\/\/officialguides.com\/no\/"},{"@type":"ListItem","position":2,"name":"Medisinsk Turisme"}]},{"@type":"WebSite","@id":"https:\/\/officialguides.com\/no\/#website","url":"https:\/\/officialguides.com\/no\/","name":"Official Tour Guides Around The World! Istanbul, Paris, Rome, Dubai...","description":"Explore cities and popular destinations with professional, official, certified tour guides","alternateName":"Official Guides","potentialAction":[{"@type":"SearchAction","target":{"@type":"EntryPoint","urlTemplate":"https:\/\/officialguides.com\/no\/?s={search_term_string}"},"query-input":{"@type":"PropertyValueSpecification","valueRequired":true,"valueName":"search_term_string"}}],"inLanguage":"nb-NO"}]}},"_links":{"self":[{"href":"https:\/\/officialguides.com\/no\/wp-json\/wp\/v2\/pages\/394756","targetHints":{"allow":["GET"]}}],"collection":[{"href":"https:\/\/officialguides.com\/no\/wp-json\/wp\/v2\/pages"}],"about":[{"href":"https:\/\/officialguides.com\/no\/wp-json\/wp\/v2\/types\/page"}],"author":[{"embeddable":true,"href":"https:\/\/officialguides.com\/no\/wp-json\/wp\/v2\/users\/3"}],"replies":[{"embeddable":true,"href":"https:\/\/officialguides.com\/no\/wp-json\/wp\/v2\/comments?post=394756"}],"version-history":[{"count":0,"href":"https:\/\/officialguides.com\/no\/wp-json\/wp\/v2\/pages\/394756\/revisions"}],"wp:featuredmedia":[{"embeddable":true,"href":"https:\/\/officialguides.com\/no\/wp-json\/wp\/v2\/media\/394724"}],"wp:attachment":[{"href":"https:\/\/officialguides.com\/no\/wp-json\/wp\/v2\/media?parent=394756"}],"curies":[{"name":"wp","href":"https:\/\/api.w.org\/{rel}","templated":true}]}}