{"id":396256,"date":"2025-05-27T14:52:50","date_gmt":"2025-05-27T11:52:50","guid":{"rendered":"https:\/\/officialguides.com\/openbaar-vervoer-in-istanboel\/"},"modified":"2025-05-27T14:52:50","modified_gmt":"2025-05-27T11:52:50","slug":"openbaar-vervoer-in-istanboel","status":"publish","type":"page","link":"https:\/\/officialguides.com\/nl\/openbaar-vervoer-in-istanboel\/","title":{"rendered":"Openbaar Vervoer in Istanboel"},"content":{"rendered":"<h2 data-pm-slice=\"1 1 []\">Volledige gids voor het reizen in Istanboel: Tips voor toeristen over het openbaar vervoer<\/h2>\n<p>Navigeren door Istanboel kan in het begin overweldigend lijken \u2013 maar maak je geen zorgen! Deze stad heeft een van de meest betaalbare en effici\u00ebnte openbaarvervoersystemen van Europa. Of je nu naar het historische <strong>Sultanahmet<\/strong>, het bruisende <strong>Taksim<\/strong> gaat of met de veerboot de continenten oversteekt, het <strong>metro<\/strong>, <strong>tram<\/strong>, <strong>bus<\/strong> en <strong>veerboot<\/strong> netwerk in Istanboel maakt alles eenvoudig. In deze gids vind je alles wat je moet weten om je als een local te verplaatsen \u2013 van hoe je een <strong>Istanbulkart<\/strong> krijgt tot de beste routes en veiligheidstips.<\/p>\n<ul>\n<li><span style=\"color: #993300;\"><a style=\"color: #993300;\" href=\"https:\/\/officialguides.com\/official-tour-guides-in-istanbul\/\"><strong><em>Klik hier als je een priv\u00e9gids nodig hebt in Istanboel<\/em><\/strong><\/a><\/span><\/li>\n<\/ul>\n<ul>\n<li><a href=\"https:\/\/www.getyourguide.com\/s?partner_id=F2GZGY3&amp;utm_medium=online_publisher&amp;visitor-id=P623CBJZAWLPQI34Z54Z68CBWM85DH8X&amp;locale_autoredirect_optout=true&amp;et=948206&amp;lc=56\"><strong><em>Klik hier voor snelle toegang tot de Hagia Sophia en het Topkapi Paleis<\/em><\/strong><\/a><\/li>\n<\/ul>\n<h3>Inzicht in het openbaar vervoersysteem van Istanboel<\/h3>\n<p>Istanboel beschikt over een uitgebreid en ge\u00efntegreerd openbaarvervoersysteem bestaande uit <strong>metro&#8217;s<\/strong>, <strong>trams<\/strong>, <strong>treinen<\/strong>, <strong>bussen<\/strong>, <strong>veerboten<\/strong>, <strong>elektrische auto&#8217;s<\/strong> (op de Prinseneilanden), <strong>3 kabelspoorbanen<\/strong> en <strong>2 kabelbanen<\/strong>. De grootste uitdaging is de geografie en omvang van de stad \u2013 verdeeld door de Bosporus en de Gouden Hoorn, met veel heuvels en dalen, waardoor afstanden langer zijn en meer overstappen nodig kunnen zijn dan in een gemiddelde Europese stad.<\/p>\n<figure id=\"attachment_396137\" aria-describedby=\"caption-attachment-396137\" style=\"width: 1014px\" class=\"wp-caption aligncenter\"><img decoding=\"async\" class=\"wp-image-396131 size-full\" src=\"https:\/\/officialguides.com\/wp-content\/uploads\/2025\/05\/istanbul-public-transportation-ferries.jpg\" alt=\"Istanbul's integrated public transport system consist of municipal ferry boats, metros, trams, trains, buses, ferries, electric cars, funiculars and cable cars\" width=\"1024\" height=\"551\" srcset=\"https:\/\/officialguides.com\/wp-content\/uploads\/2025\/05\/istanbul-public-transportation-ferries.jpg 1024w, https:\/\/officialguides.com\/wp-content\/uploads\/2025\/05\/istanbul-public-transportation-ferries-300x161.jpg 300w, https:\/\/officialguides.com\/wp-content\/uploads\/2025\/05\/istanbul-public-transportation-ferries-768x413.jpg 768w\" sizes=\"(max-width: 1024px) 100vw, 1024px\" \/><figcaption id=\"caption-attachment-396137\" class=\"wp-caption-text\"><em>Een van de nieuwe, comfortabele veerboten die tussen Europa en Azi\u00eb varen en door de Bosporus lopen.<\/em><\/figcaption><\/figure>\n<p>De <strong>Istanbulkart<\/strong> is de hoofdkaart voor reizen en is geldig op alle vormen van openbaar vervoer, inclusief <strong>gemeentelijke toiletten<\/strong>. Je kunt ook <strong>wegwerpkaarten voor 10 ritten<\/strong> kopen bij automaten, wat handig is voor een kort verblijf. In noodgevallen kun je ook gewoon je <strong>contactloze betaalkaart<\/strong> gebruiken in <strong>bussen<\/strong>, <strong>metro&#8217;s<\/strong> of op <strong>veerboten<\/strong>. Alle betaalopties werken binnen het hele netwerk.<\/p>\n<h3>\ud83d\udcb3 Istanbulkart en 10-Rittenkaart (OnGe\u00e7)<\/h3>\n<p><strong>Ticketprijzen en kosten van de kaarten:<\/strong><\/p>\n<p>De <strong>Istanbulkart<\/strong> kost <strong>130 TL (ongeveer \u20ac3 in mei 2025)<\/strong>. De kaart is gepersonaliseerd en kan worden geblokkeerd als hij meer dan 4 keer achter elkaar wordt gebruikt \u2013 dus hij is niet bedoeld om gedeeld te worden. De standaardprijs voor een enkele rit is <strong>27 TL<\/strong>, maar het uiteindelijke bedrag kan vari\u00ebren afhankelijk van het type vervoer en het aantal overstappen.<\/p>\n<figure id=\"attachment_396103\" aria-describedby=\"caption-attachment-396103\" style=\"width: 290px\" class=\"wp-caption aligncenter\"><img decoding=\"async\" class=\"wp-image-396097 size-medium\" src=\"https:\/\/officialguides.com\/wp-content\/uploads\/2025\/05\/istanbulkart-istanbul-card-300x209.jpg\" alt=\"Istanbulkart en 10-rittenkaart: waar te koop, prijzen en uitleg.\" width=\"300\" height=\"209\" srcset=\"https:\/\/officialguides.com\/wp-content\/uploads\/2025\/05\/istanbulkart-istanbul-card-300x209.jpg 300w, https:\/\/officialguides.com\/wp-content\/uploads\/2025\/05\/istanbulkart-istanbul-card-768x536.jpg 768w, https:\/\/officialguides.com\/wp-content\/uploads\/2025\/05\/istanbulkart-istanbul-card.jpg 800w\" sizes=\"(max-width: 300px) 100vw, 300px\" \/><figcaption id=\"caption-attachment-396103\" class=\"wp-caption-text\"><em>Je kunt de Istanbulkart ook gebruiken via een mobiele app<\/em><\/figcaption><\/figure>\n<p><strong>ONGE\u00c7-KAART:<\/strong> Als alternatief kun je een <strong>10-rittenkaart (305 TL)<\/strong> kopen bij automaten. Deze kaarten zijn niet persoonlijk, zonder extra kosten, en kunnen door meerdere mensen worden gebruikt. Elke rit kost een vast bedrag, ongeacht overstappen.<\/p>\n<p>Beide kaarten werken op alle openbare vervoersmiddelen en ook in <strong>gemeentelijke toiletten<\/strong>.<\/p>\n<table>\n<tbody>\n<tr>\n<th>\ud83d\udcb3 Kaarttype<\/th>\n<th>\ud83e\uddcd\u200d\u2642\ufe0f Persoonlijk<\/th>\n<th>\ud83d\udc65 Meerdere gebruikers<\/th>\n<th>\ud83d\udcb0 Kosten (mei 2025)<\/th>\n<th>\ud83d\ude8d Prijs per rit<\/th>\n<th>\ud83d\udd01 Overstappen<\/th>\n<th>\ud83d\udec2 Beperkingen<\/th>\n<\/tr>\n<tr>\n<td>\ud83d\udfe6 Istanbulkart<\/td>\n<td>\u2714\ufe0f Ja<\/td>\n<td>\u274c Nee<\/td>\n<td>130 TL (~\u20ac3)<\/td>\n<td>vanaf 27 TL<\/td>\n<td>Kortingen<\/td>\n<td>Max. 4 keer per gebruiker<\/td>\n<\/tr>\n<tr>\n<td>\ud83d\udd1f 10-Rittenkaart<\/td>\n<td>\u274c Nee<\/td>\n<td>\u2714\ufe0f Ja<\/td>\n<td>305 TL (geen extra kosten)<\/td>\n<td>Vaste prijs per rit<\/td>\n<td>\u274c Geen kortingen<\/td>\n<td>Geen limiet<\/td>\n<\/tr>\n<tr>\n<td>\ud83d\udcb3 Betaalkaart<\/td>\n<td>\u274c Nee<\/td>\n<td>\u2714\ufe0f Ja<\/td>\n<td>Afhankelijk van bank<\/td>\n<td>40 TL<\/td>\n<td>\u274c Geen kortingen<\/td>\n<td>Geen limiet<\/td>\n<\/tr>\n<\/tbody>\n<\/table>\n<h3>\ud83d\ude8b Meest nuttige tram-, metro-, kabelbaan- en veerbootlijnen voor toeristen in Istanboel<\/h3>\n<ul data-spread=\"false\">\n<li><strong>Tramlijn T1:<\/strong> <strong>Sultanahmet<\/strong> \u2192 Emin\u00f6n\u00fc \u2192 Karak\u00f6y \u2192 Kabata\u015f<\/li>\n<li><strong>Metrolijn M2:<\/strong> Yenikap\u0131 \u2192 <strong>Taksim<\/strong> (\u0130stiklalstraat) \u2192 \u015ei\u015fli \u2192 Levent<\/li>\n<li><strong>Kabelspoorlijn F1:<\/strong> Kabata\u015f (veerhaven) \u2194 <strong>Taksim<\/strong><\/li>\n<\/ul>\n<figure style=\"width: 1014px\" class=\"wp-caption aligncenter\"><img decoding=\"async\" src=\"https:\/\/officialguides.com\/wp-content\/uploads\/2025\/05\/istanbul-metro-haritasi-1024x644.jpg\" alt=\"Istanbul city metro, tram and railway map, plan\" width=\"1024\" height=\"644\" \/><figcaption class=\"wp-caption-text\"><em>Metro- en tramkaart van Istanbul<\/em><\/figcaption><\/figure>\n<ul data-spread=\"false\">\n<li><strong>Kabelspoorlijn F2 (T\u00fcnel):<\/strong> Karak\u00f6y \u2194 Beyo\u011flu (\u0130stiklalstraat)<\/li>\n<li><strong>Veerboten vanaf Emin\u00f6n\u00fc of Karak\u00f6y:<\/strong><\/li>\n<\/ul>\n<ol>\n<li><em>Naar Kad\u0131k\u00f6y (Aziatische kant) \u2013 elke 20\u201330 minuten<\/em><\/li>\n<li><em>Naar \u00dcsk\u00fcdar (Aziatische kant) \u2013 elke 10\u201320 minuten<\/em><\/li>\n<\/ol>\n<h3>Hoe kom je van de oude stad, Taksim en de luchthavens naar de belangrijkste gebieden van Istanboel<\/h3>\n<p><strong>\ud83d\udccd Sultanahmet (oude stad) \u2192 Taksim \/ \u0130stiklal \/ Galata:<\/strong><\/p>\n<ul data-spread=\"false\">\n<li><strong>Met tram + kabelbaan:<\/strong> neem tram T1 naar Karak\u00f6y of Kabata\u015f. Stap over op F2 (T\u00fcnel) of F1 naar Taksim<\/li>\n<li><strong>Met metro:<\/strong> vanaf Vezneciler (M2) naar \u015ei\u015fhane (Galata) of <strong>Taksim<\/strong><\/li>\n<\/ul>\n<figure id=\"attachment_396171\" aria-describedby=\"caption-attachment-396171\" style=\"width: 1014px\" class=\"wp-caption aligncenter\"><img decoding=\"async\" class=\"wp-image-396165 size-full\" src=\"https:\/\/officialguides.com\/wp-content\/uploads\/2025\/05\/istanbul-funicular.jpg\" alt=\"Historical funicular (Tunnel \/ T\u00fcnel) running beetween Kark\u00f6y and Istiklal Street, Galata \" width=\"1024\" height=\"682\" srcset=\"https:\/\/officialguides.com\/wp-content\/uploads\/2025\/05\/istanbul-funicular.jpg 1024w, https:\/\/officialguides.com\/wp-content\/uploads\/2025\/05\/istanbul-funicular-300x200.jpg 300w, https:\/\/officialguides.com\/wp-content\/uploads\/2025\/05\/istanbul-funicular-768x512.jpg 768w\" sizes=\"(max-width: 1024px) 100vw, 1024px\" \/><figcaption id=\"caption-attachment-396171\" class=\"wp-caption-text\"><em>De historische kabelbaan &#8220;T\u00fcnel&#8221; rijdt tussen de wijken Karak\u00f6y en Galata<\/em><\/figcaption><\/figure>\n<p><strong>\ud83d\udccd Sultanahmet \u2192 Kad\u0131k\u00f6y (Aziatische zijde):<\/strong><\/p>\n<ul data-spread=\"false\">\n<li><strong>Met veerboot:<\/strong> T1 naar Emin\u00f6n\u00fc, Karak\u00f6y of Kabata\u015f. Neem dan de veerboot naar Kad\u0131k\u00f6y (~20\u201330 min)<\/li>\n<li><strong>Met metro:<\/strong> Marmaray van Sirkeci naar Ayr\u0131l\u0131k\u00e7e\u015fmesi, dan overstappen op M4 naar Kad\u0131k\u00f6y<\/li>\n<\/ul>\n<figure id=\"attachment_396206\" aria-describedby=\"caption-attachment-396206\" style=\"width: 1014px\" class=\"wp-caption aligncenter\"><img decoding=\"async\" class=\"wp-image-396200 size-full\" src=\"https:\/\/officialguides.com\/wp-content\/uploads\/2025\/05\/how-to-get-to-in-istanbul.jpg\" alt=\"Hoe reis je van Sultanahmet of Taksim naar de Aziatische zijde (Kad\u0131k\u00f6y, \u00dcsk\u00fcdar) van Istanboel?\" width=\"1024\" height=\"576\" srcset=\"https:\/\/officialguides.com\/wp-content\/uploads\/2025\/05\/how-to-get-to-in-istanbul.jpg 1024w, https:\/\/officialguides.com\/wp-content\/uploads\/2025\/05\/how-to-get-to-in-istanbul-300x169.jpg 300w, https:\/\/officialguides.com\/wp-content\/uploads\/2025\/05\/how-to-get-to-in-istanbul-768x432.jpg 768w\" sizes=\"(max-width: 1024px) 100vw, 1024px\" \/><figcaption id=\"caption-attachment-396206\" class=\"wp-caption-text\"><em>Een metrostation aan de Aziatische kant<\/em><\/figcaption><\/figure>\n<p><strong>\ud83d\udccd Sultanahmet \u2192 \u00dcsk\u00fcdar (Aziatische zijde):<\/strong><\/p>\n<ul data-spread=\"false\">\n<li><strong>Met veerboot:<\/strong> T1 naar Emin\u00f6n\u00fc, Karak\u00f6y of Kabata\u015f. Neem dan de veerboot naar \u00dcsk\u00fcdar (~10\u201320 min)<\/li>\n<li><strong>Met metro:<\/strong> Marmaray van Sirkeci naar \u00dcsk\u00fcdar<\/li>\n<\/ul>\n<p><strong>\ud83d\udccd Luchthaven Istanbul (IST) \u2192 oude stad of centrum:<\/strong><\/p>\n<ul data-spread=\"false\">\n<li><strong>Met metro:<\/strong> lijn M11\/U2 naar Gayrettepe (elke 20 minuten van 06:00\u201300:40), dan overstap op M2 naar <strong>Taksim<\/strong>, vervolgens F1 en dan T1<\/li>\n<li><strong>Met taxi of shuttle:<\/strong> ~40 km; ca. \u20ac30 (gele taxi), \u20ac35 (blauw), \u20ac50 (zwart). <a href=\"https:\/\/www.istairport.com\/en\/airport\/airport-transportation\/urban-transportation\/public-transportation\/?locale=en\"><strong>HAVAIST<\/strong><\/a> heeft 11 routes; ticket ~\u20ac7<\/li>\n<\/ul>\n<p><strong>\ud83d\udccd Luchthaven Sabiha G\u00f6k\u00e7en (SAW) \u2192 oude stad of centrum:<\/strong><\/p>\n<ul data-spread=\"false\">\n<li><strong>Met metro:<\/strong> M4 naar Ayr\u0131l\u0131k\u00e7e\u015fmesi, overstappen op Marmaray naar Sirkeci of Yenikap\u0131<\/li>\n<li><strong>Met taxi of bus:<\/strong> 40\u201355 km, \u20ac30\u201360 afhankelijk van route en tol. <a href=\"https:\/\/www.havabus.com\/yolcuservisi\/taksim-sabihagokcenhavalimani.aspx\"><strong>HAVABUS<\/strong><\/a> rijdt op 3 routes; ticket ~\u20ac7<\/li>\n<\/ul>\n<h3>Bruggen en tunnels in Istanboel<\/h3>\n<p>Istanboel heeft geavanceerde infrastructuurprojecten gerealiseerd om zijn unieke topografie te overwinnen. Van de drie bruggen over de Bosporus is de meest noordelijke de grootste hangbrug ter wereld met een spoorlijn.<\/p>\n<p>Daarnaast zijn er twee onderzeese tunnels die de continenten verbinden: \u00e9\u00e9n voor het metroverkeer en \u00e9\u00e9n voor wegverkeer. Ze behoren tot de diepste onderzeese tunnels ter wereld.<\/p>\n<p>Ook zijn er 12 autotunnels aangelegd met een totale lengte van 145 km, wat bijdraagt aan een betere doorstroming van het verkeer.<\/p>\n","protected":false},"excerpt":{"rendered":"<p>Volledige gids voor het reizen in Istanboel: Tips voor toeristen over het openbaar vervoer Navigeren door Istanboel kan in het begin overweldigend lijken \u2013 maar maak je geen zorgen! Deze stad heeft een van de meest betaalbare en effici\u00ebnte openbaarvervoersystemen van Europa. Of je nu naar het historische Sultanahmet, het bruisende Taksim gaat of met &#8230; <a title=\"Openbaar Vervoer in Istanboel\" class=\"read-more\" href=\"https:\/\/officialguides.com\/nl\/openbaar-vervoer-in-istanboel\/\" aria-label=\"Lees meer over Openbaar Vervoer in Istanboel\">Lees meer<\/a><\/p>\n","protected":false},"author":3,"featured_media":396069,"parent":0,"menu_order":0,"comment_status":"closed","ping_status":"closed","template":"","meta":{"_acf_changed":false,"footnotes":""},"class_list":["post-396256","page","type-page","status-publish","has-post-thumbnail"],"acf":[],"yoast_head":"<!-- This site is optimized with the Yoast SEO plugin v27.4 - https:\/\/yoast.com\/product\/yoast-seo-wordpress\/ -->\n<title>Openbaar vervoer in Istanboel: Complete gids 2025 met metro-, tram- en veerbootlijnen, prijzen en tips<\/title>\n<meta name=\"description\" content=\"Ontdek hoe je eenvoudig door Istanboel reist: metro, tram, veerboot, luchthavens, Istanbulkart, prijzen en routes voor toeristen.\" \/>\n<meta name=\"robots\" content=\"index, follow, max-snippet:-1, max-image-preview:large, max-video-preview:-1\" \/>\n<link rel=\"canonical\" href=\"https:\/\/officialguides.com\/nl\/openbaar-vervoer-in-istanboel\/\" \/>\n<meta property=\"og:locale\" content=\"nl_NL\" \/>\n<meta property=\"og:type\" content=\"article\" \/>\n<meta property=\"og:title\" content=\"Openbaar vervoer in Istanboel: Complete gids 2025 met metro-, tram- en veerbootlijnen, prijzen en tips\" \/>\n<meta property=\"og:description\" content=\"Ontdek hoe je eenvoudig door Istanboel reist: metro, tram, veerboot, luchthavens, Istanbulkart, prijzen en routes voor toeristen.\" \/>\n<meta property=\"og:url\" content=\"https:\/\/officialguides.com\/nl\/openbaar-vervoer-in-istanboel\/\" \/>\n<meta property=\"og:site_name\" content=\"Find Your Private Tour Guide Around The World!\" \/>\n<meta property=\"og:image\" content=\"https:\/\/officialguides.com\/wp-content\/uploads\/2025\/05\/istanbul-public-transportation.jpg\" \/>\n\t<meta property=\"og:image:width\" content=\"1024\" \/>\n\t<meta property=\"og:image:height\" content=\"576\" \/>\n\t<meta property=\"og:image:type\" content=\"image\/jpeg\" \/>\n<meta name=\"twitter:card\" content=\"summary_large_image\" \/>\n<meta name=\"twitter:label1\" content=\"Geschatte leestijd\" \/>\n\t<meta name=\"twitter:data1\" content=\"4 minuten\" \/>\n<script type=\"application\/ld+json\" class=\"yoast-schema-graph\">{\"@context\":\"https:\\\/\\\/schema.org\",\"@graph\":[{\"@type\":\"WebPage\",\"@id\":\"https:\\\/\\\/officialguides.com\\\/nl\\\/openbaar-vervoer-in-istanboel\\\/\",\"url\":\"https:\\\/\\\/officialguides.com\\\/nl\\\/openbaar-vervoer-in-istanboel\\\/\",\"name\":\"Openbaar vervoer in Istanboel: Complete gids 2025 met metro-, tram- en veerbootlijnen, prijzen en tips\",\"isPartOf\":{\"@id\":\"https:\\\/\\\/officialguides.com\\\/nl\\\/#website\"},\"primaryImageOfPage\":{\"@id\":\"https:\\\/\\\/officialguides.com\\\/nl\\\/openbaar-vervoer-in-istanboel\\\/#primaryimage\"},\"image\":{\"@id\":\"https:\\\/\\\/officialguides.com\\\/nl\\\/openbaar-vervoer-in-istanboel\\\/#primaryimage\"},\"thumbnailUrl\":\"https:\\\/\\\/officialguides.com\\\/wp-content\\\/uploads\\\/2025\\\/05\\\/istanbul-public-transportation.jpg\",\"datePublished\":\"2025-05-27T11:52:50+00:00\",\"description\":\"Ontdek hoe je eenvoudig door Istanboel reist: metro, tram, veerboot, luchthavens, Istanbulkart, prijzen en routes voor toeristen.\",\"breadcrumb\":{\"@id\":\"https:\\\/\\\/officialguides.com\\\/nl\\\/openbaar-vervoer-in-istanboel\\\/#breadcrumb\"},\"inLanguage\":\"nl-NL\",\"potentialAction\":[{\"@type\":\"ReadAction\",\"target\":[\"https:\\\/\\\/officialguides.com\\\/nl\\\/openbaar-vervoer-in-istanboel\\\/\"]}]},{\"@type\":\"ImageObject\",\"inLanguage\":\"nl-NL\",\"@id\":\"https:\\\/\\\/officialguides.com\\\/nl\\\/openbaar-vervoer-in-istanboel\\\/#primaryimage\",\"url\":\"https:\\\/\\\/officialguides.com\\\/wp-content\\\/uploads\\\/2025\\\/05\\\/istanbul-public-transportation.jpg\",\"contentUrl\":\"https:\\\/\\\/officialguides.com\\\/wp-content\\\/uploads\\\/2025\\\/05\\\/istanbul-public-transportation.jpg\",\"width\":1024,\"height\":576,\"caption\":\"Openbaar vervoer in Istanboel: metro, tram, veerboot, luchthavens, ticketprijzen en routes.\"},{\"@type\":\"BreadcrumbList\",\"@id\":\"https:\\\/\\\/officialguides.com\\\/nl\\\/openbaar-vervoer-in-istanboel\\\/#breadcrumb\",\"itemListElement\":[{\"@type\":\"ListItem\",\"position\":1,\"name\":\"Home\",\"item\":\"https:\\\/\\\/officialguides.com\\\/nl\\\/\"},{\"@type\":\"ListItem\",\"position\":2,\"name\":\"Openbaar Vervoer in Istanboel\"}]},{\"@type\":\"WebSite\",\"@id\":\"https:\\\/\\\/officialguides.com\\\/nl\\\/#website\",\"url\":\"https:\\\/\\\/officialguides.com\\\/nl\\\/\",\"name\":\"Official Tour Guides Around The World! Istanbul, Paris, Rome, Dubai...\",\"description\":\"Explore cities and popular destinations with professional, official, certified tour guides\",\"alternateName\":\"Official Guides\",\"potentialAction\":[{\"@type\":\"SearchAction\",\"target\":{\"@type\":\"EntryPoint\",\"urlTemplate\":\"https:\\\/\\\/officialguides.com\\\/nl\\\/?s={search_term_string}\"},\"query-input\":{\"@type\":\"PropertyValueSpecification\",\"valueRequired\":true,\"valueName\":\"search_term_string\"}}],\"inLanguage\":\"nl-NL\"}]}<\/script>\n<!-- \/ Yoast SEO plugin. -->","yoast_head_json":{"title":"Openbaar vervoer in Istanboel: Complete gids 2025 met metro-, tram- en veerbootlijnen, prijzen en tips","description":"Ontdek hoe je eenvoudig door Istanboel reist: metro, tram, veerboot, luchthavens, Istanbulkart, prijzen en routes voor toeristen.","robots":{"index":"index","follow":"follow","max-snippet":"max-snippet:-1","max-image-preview":"max-image-preview:large","max-video-preview":"max-video-preview:-1"},"canonical":"https:\/\/officialguides.com\/nl\/openbaar-vervoer-in-istanboel\/","og_locale":"nl_NL","og_type":"article","og_title":"Openbaar vervoer in Istanboel: Complete gids 2025 met metro-, tram- en veerbootlijnen, prijzen en tips","og_description":"Ontdek hoe je eenvoudig door Istanboel reist: metro, tram, veerboot, luchthavens, Istanbulkart, prijzen en routes voor toeristen.","og_url":"https:\/\/officialguides.com\/nl\/openbaar-vervoer-in-istanboel\/","og_site_name":"Find Your Private Tour Guide Around The World!","og_image":[{"width":1024,"height":576,"url":"https:\/\/officialguides.com\/wp-content\/uploads\/2025\/05\/istanbul-public-transportation.jpg","type":"image\/jpeg"}],"twitter_card":"summary_large_image","twitter_misc":{"Geschatte leestijd":"4 minuten"},"schema":{"@context":"https:\/\/schema.org","@graph":[{"@type":"WebPage","@id":"https:\/\/officialguides.com\/nl\/openbaar-vervoer-in-istanboel\/","url":"https:\/\/officialguides.com\/nl\/openbaar-vervoer-in-istanboel\/","name":"Openbaar vervoer in Istanboel: Complete gids 2025 met metro-, tram- en veerbootlijnen, prijzen en tips","isPartOf":{"@id":"https:\/\/officialguides.com\/nl\/#website"},"primaryImageOfPage":{"@id":"https:\/\/officialguides.com\/nl\/openbaar-vervoer-in-istanboel\/#primaryimage"},"image":{"@id":"https:\/\/officialguides.com\/nl\/openbaar-vervoer-in-istanboel\/#primaryimage"},"thumbnailUrl":"https:\/\/officialguides.com\/wp-content\/uploads\/2025\/05\/istanbul-public-transportation.jpg","datePublished":"2025-05-27T11:52:50+00:00","description":"Ontdek hoe je eenvoudig door Istanboel reist: metro, tram, veerboot, luchthavens, Istanbulkart, prijzen en routes voor toeristen.","breadcrumb":{"@id":"https:\/\/officialguides.com\/nl\/openbaar-vervoer-in-istanboel\/#breadcrumb"},"inLanguage":"nl-NL","potentialAction":[{"@type":"ReadAction","target":["https:\/\/officialguides.com\/nl\/openbaar-vervoer-in-istanboel\/"]}]},{"@type":"ImageObject","inLanguage":"nl-NL","@id":"https:\/\/officialguides.com\/nl\/openbaar-vervoer-in-istanboel\/#primaryimage","url":"https:\/\/officialguides.com\/wp-content\/uploads\/2025\/05\/istanbul-public-transportation.jpg","contentUrl":"https:\/\/officialguides.com\/wp-content\/uploads\/2025\/05\/istanbul-public-transportation.jpg","width":1024,"height":576,"caption":"Openbaar vervoer in Istanboel: metro, tram, veerboot, luchthavens, ticketprijzen en routes."},{"@type":"BreadcrumbList","@id":"https:\/\/officialguides.com\/nl\/openbaar-vervoer-in-istanboel\/#breadcrumb","itemListElement":[{"@type":"ListItem","position":1,"name":"Home","item":"https:\/\/officialguides.com\/nl\/"},{"@type":"ListItem","position":2,"name":"Openbaar Vervoer in Istanboel"}]},{"@type":"WebSite","@id":"https:\/\/officialguides.com\/nl\/#website","url":"https:\/\/officialguides.com\/nl\/","name":"Official Tour Guides Around The World! Istanbul, Paris, Rome, Dubai...","description":"Explore cities and popular destinations with professional, official, certified tour guides","alternateName":"Official Guides","potentialAction":[{"@type":"SearchAction","target":{"@type":"EntryPoint","urlTemplate":"https:\/\/officialguides.com\/nl\/?s={search_term_string}"},"query-input":{"@type":"PropertyValueSpecification","valueRequired":true,"valueName":"search_term_string"}}],"inLanguage":"nl-NL"}]}},"_links":{"self":[{"href":"https:\/\/officialguides.com\/nl\/wp-json\/wp\/v2\/pages\/396256","targetHints":{"allow":["GET"]}}],"collection":[{"href":"https:\/\/officialguides.com\/nl\/wp-json\/wp\/v2\/pages"}],"about":[{"href":"https:\/\/officialguides.com\/nl\/wp-json\/wp\/v2\/types\/page"}],"author":[{"embeddable":true,"href":"https:\/\/officialguides.com\/nl\/wp-json\/wp\/v2\/users\/3"}],"replies":[{"embeddable":true,"href":"https:\/\/officialguides.com\/nl\/wp-json\/wp\/v2\/comments?post=396256"}],"version-history":[{"count":0,"href":"https:\/\/officialguides.com\/nl\/wp-json\/wp\/v2\/pages\/396256\/revisions"}],"wp:featuredmedia":[{"embeddable":true,"href":"https:\/\/officialguides.com\/nl\/wp-json\/wp\/v2\/media\/396069"}],"wp:attachment":[{"href":"https:\/\/officialguides.com\/nl\/wp-json\/wp\/v2\/media?parent=396256"}],"curies":[{"name":"wp","href":"https:\/\/api.w.org\/{rel}","templated":true}]}}