{"id":394673,"date":"2025-03-22T17:31:21","date_gmt":"2025-03-22T14:31:21","guid":{"rendered":"https:\/\/officialguides.com\/basiliek-cisterne-istanbul\/"},"modified":"2026-01-12T15:26:18","modified_gmt":"2026-01-12T12:26:18","slug":"basiliek-cisterne-istanbul","status":"publish","type":"page","link":"https:\/\/officialguides.com\/nl\/basiliek-cisterne-istanbul\/","title":{"rendered":"Basiliek Cisterne Istanbul"},"content":{"rendered":"<h2 class=\"\" data-start=\"412\" data-end=\"459\">Toegang en tickets voor de Basilica Cisterne<\/h2>\n<p data-start=\"461\" data-end=\"1169\">Een van de meest fascinerende historische bezienswaardigheden van Istanbul, de <b data-path-to-node=\"13\" data-index-in-node=\"79\">Basilica Cisterne<\/b> (of het Gezonken Paleis), werd in 532 n.Chr. gebouwd door de <b data-path-to-node=\"13\" data-index-in-node=\"158\">Romeinse keizer Justinianus I<\/b>. Met meer dan 10.000 bezoekers per dag zijn lange wachtrijen voor tickets bij de ingang gebruikelijk (tot 1,5 uur wachttijd tijdens het hoogseizoen van april tot november). Als u de voorkeur geeft aan snelle toegang, \ud83c\udf1f <i data-path-to-node=\"13\" data-index-in-node=\"405\"><a class=\"ng-star-inserted\" href=\"https:\/\/www.tiqets.com\/basilica-cistern-tickets-l147375\/?partner=travelingturks\" target=\"_blank\" rel=\"noopener\" data-hveid=\"0\" data-ved=\"0CAAQ_4QMahgKEwj8kfGp2oWSAxUAAAAAHQAAAAAQiwU\">kunt u hier uw tickets reserveren<\/a><\/i> en een <span style=\"color: #800000;\"><em><a style=\"color: #800000;\" href=\"https:\/\/officialguides.com\/nl\/nederlandse-reisgids-in-istanbul\/\" target=\"_blank\" rel=\"noopener\">priv\u00e9gids boeken<\/a><\/em><\/span> voor een rondleiding door de cisterne waarbij u de wachtrij overslaat.<\/p>\n<figure style=\"width: 1014px\" class=\"wp-caption aligncenter\"><img decoding=\"async\" src=\"https:\/\/officialguides.com\/wp-content\/uploads\/2025\/03\/basilica-cistern-fast-track-entry.jpg\" alt=\"Underground Cistern ticket lines\" width=\"1024\" height=\"358\" \/><figcaption class=\"wp-caption-text\"><em>Basilica Cistern ticketlijnen<\/em><\/figcaption><\/figure>\n<p class=\"\" data-start=\"1171\" data-end=\"1572\">Tijdens het Ottomaanse tijdperk werd het voornamelijk gebruikt voor <strong data-start=\"1239\" data-end=\"1252\">irrigatie<\/strong> in plaats van drinkwater. Van de meer dan <strong data-start=\"1295\" data-end=\"1342\">100 Byzantijnse en Romeinse waterreservoirs<\/strong> in Constantinopel is dit het grootste \u2013 en het is zelfs het grootste <strong data-start=\"1412\" data-end=\"1454\">ondergrondse waterreservoir ter wereld<\/strong>. Tegenwoordig blijft het bezoekers fascineren met zijn <strong data-start=\"1510\" data-end=\"1528\">mystieke sfeer<\/strong>, antieke zuilen en dramatische verlichting.<\/p>\n<h3 class=\"\" data-start=\"1574\" data-end=\"1612\"><span style=\"text-decoration: underline;\">Ticketprijzen en aankoopinformatie 2026<\/span><\/h3>\n<h4 class=\"\" data-start=\"1614\" data-end=\"1650\">Tickets overdag (09:00 &#8211; 18:30)<\/h4>\n<ul>\n<li data-start=\"1654\" data-end=\"1677\">Volwassenen: 1.500 TL<\/li>\n<li data-start=\"1680\" data-end=\"1712\">Kinderen onder de 7 jaar: gratis<\/li>\n<li data-start=\"1680\" data-end=\"1712\">Studentenkorting is alleen geldig voor studenten die in Turkije studeren.<\/li>\n<\/ul>\n<p><img decoding=\"async\" class=\"aligncenter\" src=\"https:\/\/officialguides.com\/wp-content\/uploads\/2025\/03\/ticket-prices-basilica-cistern.jpg\" alt=\"ticket price and online purchase for Underground Cistern in Istanbul, free and discounted entrance\" \/><\/p>\n<h4 class=\"\" data-start=\"1714\" data-end=\"1754\">Tickets in de avond (19:30 &#8211; 22:00)<\/h4>\n<ul>\n<li data-start=\"1758\" data-end=\"1781\">Volwassenen: 2.400 TL<\/li>\n<li data-start=\"1784\" data-end=\"1816\">Kinderen onder de 7 jaar: gratis<\/li>\n<li data-start=\"1820\" data-end=\"1890\">Tickets voor overdag zijn verkrijgbaar bij de kassa (09:00 &#8211; 18:30).<\/li>\n<li data-start=\"1893\" data-end=\"1992\">Avondtickets zijn <strong data-start=\"1911\" data-end=\"1926\">uitsluitend<\/strong> verkrijgbaar bij de kassa van de Basilica Cisterne vanaf <strong>19:30.<\/strong><\/li>\n<li data-start=\"1995\" data-end=\"2109\"><strong data-start=\"1995\" data-end=\"2031\">Ongeautoriseerde ticketverkopers<\/strong> worden niet erkend door K\u00fclt\u00fcr A\u015e. <em><a href=\"https:\/\/gyg.me\/RaeT5WTs\" target=\"_blank\" rel=\"noopener\">(Getyourguide is an official vendor).<\/a><\/em><\/li>\n<li data-start=\"2112\" data-end=\"2225\">Tickets zijn <strong data-start=\"2125\" data-end=\"2150\">voor eenmalig gebruik<\/strong> en moeten op dezelfde dag worden gebruikt. Geen restitutie of omruiling.<\/li>\n<li data-start=\"2228\" data-end=\"2332\">Kinderen onder 7 en gecertificeerde gidsen mogen gratis naar binnen tijdens het Night Shift-programma.<\/li>\n<li data-start=\"2335\" data-end=\"2438\">Alleen contant geld en creditcards worden geaccepteerd. Buitenlandse valuta worden niet geaccepteerd.<\/li>\n<li data-start=\"2441\" data-end=\"2553\"><strong data-start=\"2441\" data-end=\"2475\">Museumkaarten zijn niet geldig<\/strong>, omdat de Basilica Cisterne geen onderdeel is van het Ministerie van Cultuur.<\/li>\n<\/ul>\n<h3 class=\"\" data-start=\"2555\" data-end=\"2591\"><span style=\"text-decoration: underline;\">Openingstijden en sluitingsdagen 2026<\/span><\/h3>\n<ul>\n<li data-start=\"2595\" data-end=\"2634\">Dagelijks geopend van 09:00 tot 22:00<\/li>\n<li data-start=\"2637\" data-end=\"2709\">Gesloten tussen 18:30 en 19:30 wegens voorbereidingen voor de avondshift<\/li>\n<\/ul>\n<p><img decoding=\"async\" class=\"aligncenter\" src=\"https:\/\/officialguides.com\/wp-content\/uploads\/2025\/03\/basilica-cistern-opening-hours.jpg\" alt=\"Cisterna Basilica \/ Sunken Palace visitors information, closing hour and days\" \/><\/p>\n<h3 class=\"\" data-start=\"2711\" data-end=\"2751\"><span style=\"text-decoration: underline;\">Hoe kom je bij de Basilica Cisterne?<\/span><\/h3>\n<h4 class=\"\" data-start=\"2753\" data-end=\"2769\">Met de tram<\/h4>\n<p class=\"\" data-start=\"2771\" data-end=\"2886\">De dichtstbijzijnde tramhalte is <strong data-start=\"2804\" data-end=\"2819\">Sultanahmet<\/strong>, op lijn T1 (Ba\u011fc\u0131lar-Kabata\u015f). Vanaf daar is het 5 minuten lopen.<\/p>\n<h4 class=\"\" data-start=\"2888\" data-end=\"2905\">Met de metro<\/h4>\n<p class=\"\" data-start=\"2907\" data-end=\"3102\">Neem de <strong data-start=\"2915\" data-end=\"2932\">Marmaray-lijn<\/strong> naar station <strong data-start=\"2946\" data-end=\"2957\">Sirkeci<\/strong>, stap over op de tram en stap uit bij Sultanahmet (3 minuten lopen).<br data-start=\"3026\" data-end=\"3029\" \/>Of neem uitgang 2 of 3 van Marmaray en loop 10-15 minuten naar de ingang.<\/p>\n<h4 class=\"\" data-start=\"3104\" data-end=\"3119\">Met de bus<\/h4>\n<p class=\"\" data-start=\"3121\" data-end=\"3184\">Er rijden <strong data-start=\"3131\" data-end=\"3160\">geen gemeentelijke bussen<\/strong> in de directe omgeving.<\/p>\n<h4 class=\"\" data-start=\"3186\" data-end=\"3205\">Met eigen auto<\/h4>\n<p class=\"\" data-start=\"3207\" data-end=\"3349\">Vanwege het drukke verkeer in het historische centrum wordt het gebruik van het <strong data-start=\"3287\" data-end=\"3318\">openbaar vervoer aangeraden<\/strong>. Parkeren is beperkt mogelijk.<\/p>\n<h3 class=\"\" data-start=\"3351\" data-end=\"3408\"><span style=\"text-decoration: underline;\">Hoogtepunten die je moet zien in de Basilica Cisterne<\/span><\/h3>\n<h4 class=\"\" data-start=\"3410\" data-end=\"3431\">1. Medusahoofden<\/h4>\n<p class=\"\" data-start=\"3433\" data-end=\"3578\">Twee <strong data-start=\"3438\" data-end=\"3455\">Medusahoofden<\/strong>, \u00e9\u00e9n ondersteboven en de andere zijwaarts, zijn geplaatst aan de voet van twee zuilen in de noordwesthoek van de cisterne.<\/p>\n<p class=\"\" data-start=\"3580\" data-end=\"4005\"><strong data-start=\"3580\" data-end=\"3608\">Mythologische betekenis:<\/strong><br data-start=\"3608\" data-end=\"3611\" \/>In de Griekse mythologie was Medusa een Gorgon met slangenhaar die mensen in steen kon veranderen met haar blik.<br data-start=\"3723\" data-end=\"3726\" \/>In de Romeinse tijd geloofde men dat <strong data-start=\"3763\" data-end=\"3780\">Medusahoofden<\/strong> boze geesten konden afweren.<br data-start=\"3809\" data-end=\"3812\" \/>Waarschijnlijk zijn ze afkomstig van een oudere Romeinse structuur.<br data-start=\"3879\" data-end=\"3882\" \/>De ongewone plaatsing zou symbolisch kunnen zijn, mogelijk bedoeld om haar kracht te neutraliseren volgens het christendom.<\/p>\n<h4 class=\"\" data-start=\"4007\" data-end=\"4036\">2. De majestueuze zuilen<\/h4>\n<p class=\"\" data-start=\"4038\" data-end=\"4369\">De cisterne wordt ondersteund door <strong data-start=\"4073\" data-end=\"4096\">336 marmeren zuilen<\/strong>, elk ongeveer 9 meter hoog. De meeste hebben <strong data-start=\"4142\" data-end=\"4180\">Korinthische of Ionische kapitelen<\/strong>, waarvan sommige afkomstig zijn uit heidense tempels, andere zijn speciaal vervaardigd voor deze plek. De sfeer ontstaat door de combinatie van het <strong data-start=\"4329\" data-end=\"4368\">schemerige licht en waterreflecties<\/strong>.<\/p>\n<p data-start=\"4038\" data-end=\"4369\"><img decoding=\"async\" class=\"aligncenter\" src=\"https:\/\/officialguides.com\/wp-content\/uploads\/2025\/03\/what-to-see-in-basilica-cistern.jpg\" alt=\"what is interesting to see inside Underground Cistern Istanbul\" \/><\/p>\n<h4 class=\"\" data-start=\"4371\" data-end=\"4406\">3. Reflecterende waterambiance<\/h4>\n<p class=\"\" data-start=\"4408\" data-end=\"4499\">Een van de meest betoverende kenmerken is het licht dat weerspiegelt op het wateroppervlak.<\/p>\n<p class=\"\" data-start=\"4501\" data-end=\"4525\">Wat maakt het bijzonder?<\/p>\n<ul>\n<li data-start=\"4529\" data-end=\"4589\">Cre\u00ebert een <strong data-start=\"4541\" data-end=\"4587\">mystieke en bijna droomachtige uitstraling<\/strong><\/li>\n<li data-start=\"4592\" data-end=\"4635\">Geeft de illusie van <strong data-start=\"4613\" data-end=\"4633\">oneindige diepte<\/strong><\/li>\n<li data-start=\"4638\" data-end=\"4688\">Uitstekend voor <strong data-start=\"4654\" data-end=\"4688\">fotografie en visuele effecten<\/strong><\/li>\n<\/ul>\n<h4 class=\"\" data-start=\"4690\" data-end=\"4714\">4. De huilende zuil<\/h4>\n<p class=\"\" data-start=\"4716\" data-end=\"4872\">In tegenstelling tot de andere zuilen heeft deze <strong data-start=\"4765\" data-end=\"4792\">druppelvormige gravures<\/strong>. Deze stellen geen echte tranen voor, maar symboliseren de <strong data-start=\"4852\" data-end=\"4871\">nerven van hout<\/strong>.<\/p>\n<h3 class=\"\" data-start=\"4874\" data-end=\"4927\"><span style=\"text-decoration: underline;\">Ervaringen en evenementen in de Basilica Cisterne<\/span><\/h3>\n<ul>\n<li data-start=\"4931\" data-end=\"5016\"><strong data-start=\"4931\" data-end=\"4954\">Kunstvoorstellingen<\/strong>: Af en toe worden er lichtshows en concerten georganiseerd.<\/li>\n<li data-start=\"5019\" data-end=\"5107\"><strong data-start=\"5019\" data-end=\"5032\">Audiogids<\/strong>: Huur een audiogids om meer te leren over de geschiedenis en mythologie.<\/li>\n<li data-start=\"5110\" data-end=\"5210\"><strong data-start=\"5110\" data-end=\"5124\">Fotografie<\/strong>: Ideaal voor liefhebbers van fotografie dankzij het unieke spel van licht en schaduw.<\/li>\n<\/ul>\n<h3 class=\"\" data-start=\"5212\" data-end=\"5260\"><span style=\"text-decoration: underline;\">Tips voor je bezoek aan de Basilica Cisterne<\/span><\/h3>\n<ul>\n<li data-start=\"5264\" data-end=\"5331\">Bezoek in de ochtend of later op de avond om drukte te vermijden.<\/li>\n<li data-start=\"5334\" data-end=\"5388\">Draag <strong data-start=\"5340\" data-end=\"5361\">antislip schoenen<\/strong>, de vloer kan glad zijn.<\/li>\n<li data-start=\"5391\" data-end=\"5455\">De temperatuur binnen is koeler \u2013 neem een <strong data-start=\"5434\" data-end=\"5448\">lichte jas<\/strong> mee.<\/li>\n<li data-start=\"5458\" data-end=\"5526\">Wil je de wachtrij overslaan? <strong data-start=\"5488\" data-end=\"5525\">Koop je ticket vooraf online hier<\/strong>.<\/li>\n<\/ul>\n<h3 class=\"\" data-start=\"5528\" data-end=\"5551\"><span style=\"text-decoration: underline;\">Veelgestelde vragen<\/span><\/h3>\n<h4 class=\"\" data-start=\"5553\" data-end=\"5586\">1. Is de Museumkaart geldig?<\/h4>\n<p class=\"\" data-start=\"5588\" data-end=\"5681\">Nee, de <strong data-start=\"5596\" data-end=\"5626\">Museumkaart is niet geldig<\/strong>, omdat de Basilica Cisterne particulier wordt beheerd.<\/p>\n<h4 class=\"\" data-start=\"5683\" data-end=\"5735\">2. Is het toegankelijk voor rolstoelgebruikers?<\/h4>\n<p class=\"\" data-start=\"5737\" data-end=\"5829\">Vanwege het oneffen oppervlak is volledige toegang moeilijk, maar personeel kan hulp bieden.<\/p>\n<h4 class=\"\" data-start=\"5831\" data-end=\"5875\">3. Wat is de beste tijd om te bezoeken?<\/h4>\n<p class=\"\" data-start=\"5877\" data-end=\"5951\">De <strong data-start=\"5880\" data-end=\"5905\">ochtenden doordeweeks<\/strong> zijn het rustigst voor een ontspannen bezoek.<\/p>\n<p class=\"\" data-start=\"5953\" data-end=\"6138\">De <strong data-start=\"5956\" data-end=\"5977\">Basilica Cisterne<\/strong> is een onmisbare plek voor iedereen die de <strong data-start=\"6021\" data-end=\"6059\">mystieke geschiedenis van Istanbul<\/strong> wil ervaren. Plan je bezoek en dompel jezelf onder in deze betoverende wereld!<\/p>\n<hr class=\"\" data-start=\"6140\" data-end=\"6143\" \/>\n<ul>\n<li data-start=\"6147\" data-end=\"6182\"><em><a href=\"#\" rel=\"noopener\" data-start=\"6147\" data-end=\"6180\">Gids voor het Topkapi-paleis<\/a><\/em><\/li>\n<li data-start=\"6185\" data-end=\"6217\"><em><a href=\"#\" rel=\"noopener\" data-start=\"6185\" data-end=\"6215\">Gids voor de Hagia Sophia<\/a><\/em><\/li>\n<li data-start=\"6220\" data-end=\"6300\"><em><a href=\"https:\/\/istanbul.ktb.gov.tr\/\" target=\"_new\" rel=\"noopener\" data-start=\"6220\" data-end=\"6298\">Istanbul Provinciaal Directoraat voor Toerisme<\/a><\/em><\/li>\n<li data-start=\"6303\" data-end=\"6376\"><em><a href=\"https:\/\/yerebatan.com\/en\/\" target=\"_new\" rel=\"noopener\" data-start=\"6303\" data-end=\"6374\">Offici\u00eble website van de Basilica Cisterne<\/a><\/em><\/li>\n<li data-start=\"6379\" data-end=\"6406\"><em>Instagram: @yerebatansarnic<\/em><\/li>\n<\/ul>\n","protected":false},"excerpt":{"rendered":"<p>Toegang en tickets voor de Basilica Cisterne Een van de meest fascinerende historische bezienswaardigheden van Istanbul, de Basilica Cisterne (of het Gezonken Paleis), werd in 532 n.Chr. gebouwd door de Romeinse keizer Justinianus I. Met meer dan 10.000 bezoekers per dag zijn lange wachtrijen voor tickets bij de ingang gebruikelijk (tot 1,5 uur wachttijd tijdens &#8230; <a title=\"Basiliek Cisterne Istanbul\" class=\"read-more\" href=\"https:\/\/officialguides.com\/nl\/basiliek-cisterne-istanbul\/\" aria-label=\"Lees meer over Basiliek Cisterne Istanbul\">Lees meer<\/a><\/p>\n","protected":false},"author":3,"featured_media":394462,"parent":0,"menu_order":0,"comment_status":"closed","ping_status":"closed","template":"","meta":{"_acf_changed":false,"footnotes":""},"class_list":["post-394673","page","type-page","status-publish","has-post-thumbnail"],"acf":[],"yoast_head":"<!-- This site is optimized with the Yoast SEO plugin v27.5 - https:\/\/yoast.com\/product\/yoast-seo-wordpress\/ -->\n<title>Basiliek Cisterne Istanbul | Tickets, Toegangsprijs, Openingstijden<\/title>\n<meta name=\"description\" content=\"Gids voor ondergrondse Cistern; skip-the-line fast track ticket, gesloten dagen, hoe te reizen met de tram\/metro, wat te zien binnen\" \/>\n<meta name=\"robots\" content=\"index, follow, max-snippet:-1, max-image-preview:large, max-video-preview:-1\" \/>\n<link rel=\"canonical\" href=\"https:\/\/officialguides.com\/nl\/basiliek-cisterne-istanbul\/\" \/>\n<meta property=\"og:locale\" content=\"nl_NL\" \/>\n<meta property=\"og:type\" content=\"article\" \/>\n<meta property=\"og:title\" content=\"Basiliek Cisterne Istanbul | Tickets, Toegangsprijs, Openingstijden\" \/>\n<meta property=\"og:description\" content=\"Gids voor ondergrondse Cistern; skip-the-line fast track ticket, gesloten dagen, hoe te reizen met de tram\/metro, wat te zien binnen\" \/>\n<meta property=\"og:url\" content=\"https:\/\/officialguides.com\/nl\/basiliek-cisterne-istanbul\/\" \/>\n<meta property=\"og:site_name\" content=\"Find Your Private Tour Guide Around The World!\" \/>\n<meta property=\"article:modified_time\" content=\"2026-01-12T12:26:18+00:00\" \/>\n<meta property=\"og:image\" content=\"https:\/\/officialguides.com\/wp-content\/uploads\/2025\/03\/underground-cistern-istanbul.jpg\" \/>\n\t<meta property=\"og:image:width\" content=\"1164\" \/>\n\t<meta property=\"og:image:height\" content=\"899\" \/>\n\t<meta property=\"og:image:type\" content=\"image\/jpeg\" \/>\n<meta name=\"twitter:card\" content=\"summary_large_image\" \/>\n<meta name=\"twitter:label1\" content=\"Geschatte leestijd\" \/>\n\t<meta name=\"twitter:data1\" content=\"5 minuten\" \/>\n<script type=\"application\/ld+json\" class=\"yoast-schema-graph\">{\"@context\":\"https:\\\/\\\/schema.org\",\"@graph\":[{\"@type\":\"WebPage\",\"@id\":\"https:\\\/\\\/officialguides.com\\\/nl\\\/basiliek-cisterne-istanbul\\\/\",\"url\":\"https:\\\/\\\/officialguides.com\\\/nl\\\/basiliek-cisterne-istanbul\\\/\",\"name\":\"Basiliek Cisterne Istanbul | Tickets, Toegangsprijs, Openingstijden\",\"isPartOf\":{\"@id\":\"https:\\\/\\\/officialguides.com\\\/nl\\\/#website\"},\"primaryImageOfPage\":{\"@id\":\"https:\\\/\\\/officialguides.com\\\/nl\\\/basiliek-cisterne-istanbul\\\/#primaryimage\"},\"image\":{\"@id\":\"https:\\\/\\\/officialguides.com\\\/nl\\\/basiliek-cisterne-istanbul\\\/#primaryimage\"},\"thumbnailUrl\":\"https:\\\/\\\/officialguides.com\\\/wp-content\\\/uploads\\\/2025\\\/03\\\/underground-cistern-istanbul.jpg\",\"datePublished\":\"2025-03-22T14:31:21+00:00\",\"dateModified\":\"2026-01-12T12:26:18+00:00\",\"description\":\"Gids voor ondergrondse Cistern; skip-the-line fast track ticket, gesloten dagen, hoe te reizen met de tram\\\/metro, wat te zien binnen\",\"breadcrumb\":{\"@id\":\"https:\\\/\\\/officialguides.com\\\/nl\\\/basiliek-cisterne-istanbul\\\/#breadcrumb\"},\"inLanguage\":\"nl-NL\",\"potentialAction\":[{\"@type\":\"ReadAction\",\"target\":[\"https:\\\/\\\/officialguides.com\\\/nl\\\/basiliek-cisterne-istanbul\\\/\"]}]},{\"@type\":\"ImageObject\",\"inLanguage\":\"nl-NL\",\"@id\":\"https:\\\/\\\/officialguides.com\\\/nl\\\/basiliek-cisterne-istanbul\\\/#primaryimage\",\"url\":\"https:\\\/\\\/officialguides.com\\\/wp-content\\\/uploads\\\/2025\\\/03\\\/underground-cistern-istanbul.jpg\",\"contentUrl\":\"https:\\\/\\\/officialguides.com\\\/wp-content\\\/uploads\\\/2025\\\/03\\\/underground-cistern-istanbul.jpg\",\"width\":1164,\"height\":899,\"caption\":\"Basiliek Cisterne Istanbul | Tickets, Toegangsprijs, Openingstijden\"},{\"@type\":\"BreadcrumbList\",\"@id\":\"https:\\\/\\\/officialguides.com\\\/nl\\\/basiliek-cisterne-istanbul\\\/#breadcrumb\",\"itemListElement\":[{\"@type\":\"ListItem\",\"position\":1,\"name\":\"Home\",\"item\":\"https:\\\/\\\/officialguides.com\\\/nl\\\/\"},{\"@type\":\"ListItem\",\"position\":2,\"name\":\"Basiliek Cisterne Istanbul\"}]},{\"@type\":\"WebSite\",\"@id\":\"https:\\\/\\\/officialguides.com\\\/nl\\\/#website\",\"url\":\"https:\\\/\\\/officialguides.com\\\/nl\\\/\",\"name\":\"Official Tour Guides Around The World! Istanbul, Paris, Rome, Dubai...\",\"description\":\"Explore cities and popular destinations with professional, official, certified tour guides\",\"alternateName\":\"Official Guides\",\"potentialAction\":[{\"@type\":\"SearchAction\",\"target\":{\"@type\":\"EntryPoint\",\"urlTemplate\":\"https:\\\/\\\/officialguides.com\\\/nl\\\/?s={search_term_string}\"},\"query-input\":{\"@type\":\"PropertyValueSpecification\",\"valueRequired\":true,\"valueName\":\"search_term_string\"}}],\"inLanguage\":\"nl-NL\"}]}<\/script>\n<!-- \/ Yoast SEO plugin. -->","yoast_head_json":{"title":"Basiliek Cisterne Istanbul | Tickets, Toegangsprijs, Openingstijden","description":"Gids voor ondergrondse Cistern; skip-the-line fast track ticket, gesloten dagen, hoe te reizen met de tram\/metro, wat te zien binnen","robots":{"index":"index","follow":"follow","max-snippet":"max-snippet:-1","max-image-preview":"max-image-preview:large","max-video-preview":"max-video-preview:-1"},"canonical":"https:\/\/officialguides.com\/nl\/basiliek-cisterne-istanbul\/","og_locale":"nl_NL","og_type":"article","og_title":"Basiliek Cisterne Istanbul | Tickets, Toegangsprijs, Openingstijden","og_description":"Gids voor ondergrondse Cistern; skip-the-line fast track ticket, gesloten dagen, hoe te reizen met de tram\/metro, wat te zien binnen","og_url":"https:\/\/officialguides.com\/nl\/basiliek-cisterne-istanbul\/","og_site_name":"Find Your Private Tour Guide Around The World!","article_modified_time":"2026-01-12T12:26:18+00:00","og_image":[{"width":1164,"height":899,"url":"https:\/\/officialguides.com\/wp-content\/uploads\/2025\/03\/underground-cistern-istanbul.jpg","type":"image\/jpeg"}],"twitter_card":"summary_large_image","twitter_misc":{"Geschatte leestijd":"5 minuten"},"schema":{"@context":"https:\/\/schema.org","@graph":[{"@type":"WebPage","@id":"https:\/\/officialguides.com\/nl\/basiliek-cisterne-istanbul\/","url":"https:\/\/officialguides.com\/nl\/basiliek-cisterne-istanbul\/","name":"Basiliek Cisterne Istanbul | Tickets, Toegangsprijs, Openingstijden","isPartOf":{"@id":"https:\/\/officialguides.com\/nl\/#website"},"primaryImageOfPage":{"@id":"https:\/\/officialguides.com\/nl\/basiliek-cisterne-istanbul\/#primaryimage"},"image":{"@id":"https:\/\/officialguides.com\/nl\/basiliek-cisterne-istanbul\/#primaryimage"},"thumbnailUrl":"https:\/\/officialguides.com\/wp-content\/uploads\/2025\/03\/underground-cistern-istanbul.jpg","datePublished":"2025-03-22T14:31:21+00:00","dateModified":"2026-01-12T12:26:18+00:00","description":"Gids voor ondergrondse Cistern; skip-the-line fast track ticket, gesloten dagen, hoe te reizen met de tram\/metro, wat te zien binnen","breadcrumb":{"@id":"https:\/\/officialguides.com\/nl\/basiliek-cisterne-istanbul\/#breadcrumb"},"inLanguage":"nl-NL","potentialAction":[{"@type":"ReadAction","target":["https:\/\/officialguides.com\/nl\/basiliek-cisterne-istanbul\/"]}]},{"@type":"ImageObject","inLanguage":"nl-NL","@id":"https:\/\/officialguides.com\/nl\/basiliek-cisterne-istanbul\/#primaryimage","url":"https:\/\/officialguides.com\/wp-content\/uploads\/2025\/03\/underground-cistern-istanbul.jpg","contentUrl":"https:\/\/officialguides.com\/wp-content\/uploads\/2025\/03\/underground-cistern-istanbul.jpg","width":1164,"height":899,"caption":"Basiliek Cisterne Istanbul | Tickets, Toegangsprijs, Openingstijden"},{"@type":"BreadcrumbList","@id":"https:\/\/officialguides.com\/nl\/basiliek-cisterne-istanbul\/#breadcrumb","itemListElement":[{"@type":"ListItem","position":1,"name":"Home","item":"https:\/\/officialguides.com\/nl\/"},{"@type":"ListItem","position":2,"name":"Basiliek Cisterne Istanbul"}]},{"@type":"WebSite","@id":"https:\/\/officialguides.com\/nl\/#website","url":"https:\/\/officialguides.com\/nl\/","name":"Official Tour Guides Around The World! Istanbul, Paris, Rome, Dubai...","description":"Explore cities and popular destinations with professional, official, certified tour guides","alternateName":"Official Guides","potentialAction":[{"@type":"SearchAction","target":{"@type":"EntryPoint","urlTemplate":"https:\/\/officialguides.com\/nl\/?s={search_term_string}"},"query-input":{"@type":"PropertyValueSpecification","valueRequired":true,"valueName":"search_term_string"}}],"inLanguage":"nl-NL"}]}},"_links":{"self":[{"href":"https:\/\/officialguides.com\/nl\/wp-json\/wp\/v2\/pages\/394673","targetHints":{"allow":["GET"]}}],"collection":[{"href":"https:\/\/officialguides.com\/nl\/wp-json\/wp\/v2\/pages"}],"about":[{"href":"https:\/\/officialguides.com\/nl\/wp-json\/wp\/v2\/types\/page"}],"author":[{"embeddable":true,"href":"https:\/\/officialguides.com\/nl\/wp-json\/wp\/v2\/users\/3"}],"replies":[{"embeddable":true,"href":"https:\/\/officialguides.com\/nl\/wp-json\/wp\/v2\/comments?post=394673"}],"version-history":[{"count":4,"href":"https:\/\/officialguides.com\/nl\/wp-json\/wp\/v2\/pages\/394673\/revisions"}],"predecessor-version":[{"id":397390,"href":"https:\/\/officialguides.com\/nl\/wp-json\/wp\/v2\/pages\/394673\/revisions\/397390"}],"wp:featuredmedia":[{"embeddable":true,"href":"https:\/\/officialguides.com\/nl\/wp-json\/wp\/v2\/media\/394462"}],"wp:attachment":[{"href":"https:\/\/officialguides.com\/nl\/wp-json\/wp\/v2\/media?parent=394673"}],"curies":[{"name":"wp","href":"https:\/\/api.w.org\/{rel}","templated":true}]}}