{"id":17056,"date":"2020-03-01T23:50:33","date_gmt":"2020-03-01T20:50:33","guid":{"rendered":"https:\/\/www.officialguides.net\/home\/"},"modified":"2026-02-01T20:38:35","modified_gmt":"2026-02-01T17:38:35","slug":"home","status":"publish","type":"page","link":"https:\/\/officialguides.com\/nl\/","title":{"rendered":"Maak Direct Contact Met Erkende Gidsen Wereldwijd"},"content":{"rendered":"<p data-path-to-node=\"4\"><strong>OfficialGuides.com<\/strong> is een gespecialiseerd platform dat onafhankelijke reizigers en groepen verbindt met professionele, erkende <img decoding=\"async\" class=\"alignleft\" src=\"https:\/\/officialguides.com\/wp-content\/uploads\/2026\/01\/licensed-oficial-verified-guides.jpg\" alt=\"only the verified and certified tour guides \" width=\"150\" height=\"150\" \/>gidsen in &#8217;s werelds belangrijkste bestemmingen. Communiceer in realtime en plan je perfecte reis in meer dan 30 talen.<\/p>\n<hr \/>\n<h2 style=\"text-align: center;\" data-path-to-node=\"5\">\ud83c\udf92 Kies je stad, start je reis<\/h2>\n<p style=\"text-align: center;\" data-path-to-node=\"6\">Blader door onze gidsenlijst op <strong>OfficialGuides.com<\/strong> en vind de perfecte gecertificeerde professional voor je volgende avontuur. Je authentieke, stressvrije reiservaring is slechts \u00e9\u00e9n bericht van je verwijderd.<\/p>\n<h3 style=\"text-align: center;\" data-path-to-node=\"6\">Kies Uw Bestemming \ud83d\udccd<\/h3>\n<p style=\"text-align: center;\" data-path-to-node=\"7\"><b data-path-to-node=\"7\" data-index-in-node=\"0\">Parijs, <span style=\"color: #ff0000;\"><a style=\"color: #ff0000;\" href=\"https:\/\/officialguides.com\/nl\/nederlandse-reisgids-in-istanbul\/\" target=\"_blank\" rel=\"noopener\">Istanbul<\/a><\/span>, Rome, <span style=\"color: #ff0000;\"><a style=\"color: #ff0000;\" href=\"https:\/\/officialguides.com\/nl\/nederlandse-gidsen-en-privetours-in-barcelona\/\" target=\"_blank\" rel=\"noopener\">Barcelona<\/a><\/span>, Dubai, <span style=\"color: #ff0000;\"><a style=\"color: #ff0000;\" href=\"https:\/\/officialguides.com\/nl\/privegids-in-het-nederlands-en-privetours-in-athene\/\" target=\"_blank\" rel=\"noopener\">Athene<\/a><\/span>, Londen, Bangkok, Florence, Madrid, Lissabon, Amsterdam, Cappadoci\u00eb, Praag, Napels, Berlijn, Antalya, Granada, Sevilla, Stockholm.<\/b><\/p>\n<hr \/>\n<h2 data-path-to-node=\"8\">Waarom een erkende gids je beste reisinvestering is<\/h2>\n<p data-path-to-node=\"9\">Het ontdekken van een wereldberoemd monument onder begeleiding van een gecertificeerde professional is het verschil tussen een plek alleen maar &#8220;zien&#8221; en deze echt &#8220;ervaren&#8221;. Bij OfficialGuides.com bieden de gidsen met wie wij samenwerken u graag de volgende voordelen aan.<\/p>\n<ul data-path-to-node=\"10\">\n<li>\n<p data-path-to-node=\"10,0,0\"><b data-path-to-node=\"10,0,0\" data-index-in-node=\"0\">Prioritaire toegang &amp; Skip-the-line tickets:<\/b> Laat je vakantie niet verpesten door lange wachtrijen. Erkende gidsen hebben vaak voorrangstoegang, speciale reserveringsbalies of de mogelijkheid om namens jou tickets vooraf te reserveren. Vooral tijdens het hoogseizoen bij wereldberoemde monumenten kun je hierdoor de urenlange rijen overslaan en direct aan je ervaring beginnen.<\/p>\n<\/li>\n<li>\n<p data-path-to-node=\"10,1,0\"><b data-path-to-node=\"10,1,0\" data-index-in-node=\"0\">Maximale tijdseffici\u00ebntie:<\/b> Een museum of archeologische vindplaats waar je in je eentje een hele dag over zou doen, kun je met een gids in slechts 3 uur meesterlijk verkennen. Je gids stelt de ervaring samen en laat je de belangrijkste meesterwerken en &#8220;must-see&#8221; hoogtepunten zien zonder de vermoeidheid van het verdwalen.<\/p>\n<\/li>\n<li>\n<p data-path-to-node=\"10,2,0\"><b data-path-to-node=\"10,2,0\" data-index-in-node=\"0\">Professionaliteit &amp; Academische diepgang:<\/b> Erkende gidsen zijn niet zomaar enthousiastelingen; het zijn professionals die een strenge academische opleiding en offici\u00eble examens hebben afgelegd. Je krijgt nauwkeurige, diepgravende historische en culturele verhalen die je in geen enkele reisgids zult vinden.<\/p>\n<\/li>\n<li>\n<p data-path-to-node=\"10,3,0\"><b data-path-to-node=\"10,3,0\" data-index-in-node=\"0\">Gepersonaliseerde schema&#8217;s &amp; Veiligheid:<\/b> Of je nu alleen reist of met een groep, onze gidsen passen het tempo aan jouw behoeften aan. Ze helpen je bij het navigeren door complexe lokale systemen, het vermijden van &#8220;tourist traps&#8221; en zorgen voor een veilige, hoogwaardige omgeving tijdens je hele reis.<\/p>\n<\/li>\n<\/ul>\n<h2 data-path-to-node=\"11\">\u2728 Waarom kiezen voor een priv\u00e9tour?<\/h2>\n<p data-path-to-node=\"12\">Ontsnap aan de massa en de standaardprogramma&#8217;s. Ervaar uw bestemming op uw eigen voorwaarden met de gidsen van Official Guides.<\/p>\n<h3 data-path-to-node=\"13\">Het voordeel van priv\u00e9<\/h3>\n<ul data-path-to-node=\"14\">\n<li>\n<p data-path-to-node=\"14,0,0\"><b data-path-to-node=\"14,0,0\" data-index-in-node=\"0\">Schema&#8217;s op maat:<\/b> Elke tour is aangepast aan jouw persoonlijke interesses en passies.<\/p>\n<\/li>\n<li>\n<p data-path-to-node=\"14,1,0\"><b data-path-to-node=\"14,1,0\" data-index-in-node=\"0\">Erkende expertise:<\/b> Krijg diepgaande historische en culturele inzichten van professionele, lokale experts.<\/p>\n<\/li>\n<li>\n<p data-path-to-node=\"14,2,0\"><b data-path-to-node=\"14,2,0\" data-index-in-node=\"0\">Tijdsbesparing:<\/b> Sla de lange rijen over en haal het maximale uit je tijd met geoptimaliseerde routes.<\/p>\n<\/li>\n<li>\n<p data-path-to-node=\"14,3,0\"><b data-path-to-node=\"14,3,0\" data-index-in-node=\"0\">Totale flexibiliteit:<\/b> Jij bepaalt het tempo \u2014 blijf langer op je favoriete plekken of neem een spontane pauze.<\/p>\n<\/li>\n<li>\n<p data-path-to-node=\"14,4,0\"><b data-path-to-node=\"14,4,0\" data-index-in-node=\"0\">Authentieke ontdekkingen:<\/b> Verken verborgen pareltjes en &#8220;geheime&#8221; locaties ver weg van de toeristische trekpleisters.<\/p>\n<\/li>\n<\/ul>\n<p data-path-to-node=\"15\"><i data-path-to-node=\"15\" data-index-in-node=\"0\">Kwaliteit boven kwantiteit. Leer de stad kennen in uren, niet in dagen.<\/i><\/p>\n<h2 data-path-to-node=\"16\">\ud83c\udfdb\ufe0f Ontdek iconische bezienswaardigheden met de experts<\/h2>\n<p data-path-to-node=\"17\">Van eeuwenoude ru\u00efnes tot moderne architectonische wonderen, OfficialGuides.com verbindt je met specialisten op &#8217;s werelds meest bezochte locaties, waaronder:<\/p>\n<ul data-path-to-node=\"18\">\n<li>\n<p data-path-to-node=\"18,0,0\"><b data-path-to-node=\"18,0,0\" data-index-in-node=\"0\">Amsterdam:<\/b> Deskundige wandelingen door het Rijksmuseum, het Van Gogh Museum en de historische grachtengordel.<\/p>\n<\/li>\n<li>\n<p data-path-to-node=\"18,1,0\"><b data-path-to-node=\"18,1,0\" data-index-in-node=\"0\">Parijs:<\/b> Gedetailleerde kunsthistorische wandelingen door het Louvre, Versailles en Montmartre.<\/p>\n<\/li>\n<li>\n<p data-path-to-node=\"18,2,0\"><b data-path-to-node=\"18,2,0\" data-index-in-node=\"0\">Istanbul:<\/b> Deskundige verhalen bij de Hagia Sophia, het Topkapi-paleis, de Harem, de Blauwe Moskee, de Bosporus en de Grote Bazaar.<\/p>\n<\/li>\n<li>\n<p data-path-to-node=\"18,3,0\"><b data-path-to-node=\"18,3,0\" data-index-in-node=\"0\">Het Vaticaan &amp; Rome:<\/b> De Sint-Pietersbasiliek, het Colosseum en de Vaticaanse Musea.<\/p>\n<\/li>\n<li>\n<p data-path-to-node=\"18,4,0\"><b data-path-to-node=\"18,4,0\" data-index-in-node=\"0\">Barcelona:<\/b> Het architectonische genie van La Sagrada Familia en Park Guell.<\/p>\n<\/li>\n<li>\n<p data-path-to-node=\"18,5,0\"><b data-path-to-node=\"18,5,0\" data-index-in-node=\"0\">Athene:<\/b> Het hart van het oude Griekenland en de prachtige Akropolis.<\/p>\n<\/li>\n<li>\n<p data-path-to-node=\"18,6,0\"><b data-path-to-node=\"18,6,0\" data-index-in-node=\"0\">Dubai:<\/b> Moderne wonderen zoals de Burj Khalifa en erfgoedtours door het oude Dubai.<\/p>\n<\/li>\n<\/ul>\n<p data-path-to-node=\"19\"><b data-path-to-node=\"19\" data-index-in-node=\"0\">En meer bestemmingen:<\/b> Londen, Cappadoci\u00eb, Madrid, Florence, Praag, Antalya, Lissabon, Berlijn, Stockholm, Bangkok, Wenen, Napels, New York, Kopenhagen, Sevilla, Granada, Valencia, Ca\u00efro, Tokio.<\/p>\n<h2 data-path-to-node=\"20\">\ud83d\udcf2 Ontworpen voor directe communicatie<\/h2>\n<p data-path-to-node=\"21\">Wij geloven dat de beste reisplannen beginnen met een gesprek. OfficialGuides.com maakt directe, realtime communicatie mogelijk tussen jou en je potenti\u00eble gids. Stel vragen, bespreek je specifieke interesses en finaliseer je schema rechtstreeks met de persoon die je de stad zal laten zien. Geen tussenpersonen, geen verborgen bemiddelingskosten \u2014 alleen directe lokale expertise.<\/p>\n<h2 data-path-to-node=\"22\">\ud83c\udf0d Word lid van ons wereldwijde professionele netwerk<\/h2>\n<p data-path-to-node=\"23\">Ben je een erkende gids? We breiden ons bereik voortdurend uit en staan open voor samenwerkingen met professionele gidsen in alle talen wereldwijd. Als je een gecertificeerde expert bent die rechtstreeks in contact wil komen met internationale reizigers, dan is OfficialGuides.com jouw platform. Word vandaag nog lid van ons netwerk.<\/p>\n<p data-path-to-node=\"24\"><i data-path-to-node=\"24\" data-index-in-node=\"0\"><strong>Belangrijke opmerking:<\/strong> Official Guides is een marktplaats die reizigers verbindt met erkende gidsen; het is geen reisbureau. Lees onze &#8220;<a href=\"https:\/\/officialguides.com\/nl\/juridische-disclaimer\/\" target=\"_blank\" rel=\"noopener\">Juridische disclaimer<\/a>&#8221; en ons &#8220;<a href=\"https:\/\/officialguides.com\/nl\/privacybeleid\/\" target=\"_blank\" rel=\"noopener\">Privacybeleid<\/a>&#8220;<\/i><\/p>\n","protected":false},"excerpt":{"rendered":"<p>OfficialGuides.com is een gespecialiseerd platform dat onafhankelijke reizigers en groepen verbindt met professionele, erkende gidsen in &#8217;s werelds belangrijkste bestemmingen. Communiceer in realtime en plan je perfecte reis in meer dan 30 talen. \ud83c\udf92 Kies je stad, start je reis Blader door onze gidsenlijst op OfficialGuides.com en vind de perfecte gecertificeerde professional voor je volgende &#8230; <a title=\"Maak Direct Contact Met Erkende Gidsen Wereldwijd\" class=\"read-more\" href=\"https:\/\/officialguides.com\/nl\/\" aria-label=\"Lees meer over Maak Direct Contact Met Erkende Gidsen Wereldwijd\">Lees meer<\/a><\/p>\n","protected":false},"author":3,"featured_media":397635,"parent":0,"menu_order":0,"comment_status":"closed","ping_status":"closed","template":"","meta":{"_acf_changed":false,"footnotes":""},"class_list":["post-17056","page","type-page","status-publish","has-post-thumbnail"],"acf":[],"yoast_head":"<!-- This site is optimized with the Yoast SEO plugin v27.4 - https:\/\/yoast.com\/product\/yoast-seo-wordpress\/ -->\n<title>Erkende Priv\u00e9gidsen en Tours Wereldwijd | OfficialGuides.com<\/title>\n<meta name=\"description\" content=\"Kom direct in contact met offici\u00eble en erkende gidsen in de populairste steden wereldwijd. Boek gepersonaliseerde priv\u00e9tours, sla de wachtrijen over en beleef een authentieke reis zonder tussenpersonen.\" \/>\n<meta name=\"robots\" content=\"index, follow, max-snippet:-1, max-image-preview:large, max-video-preview:-1\" \/>\n<link rel=\"canonical\" href=\"https:\/\/officialguides.com\/nl\/\" \/>\n<meta property=\"og:locale\" content=\"nl_NL\" \/>\n<meta property=\"og:type\" content=\"article\" \/>\n<meta property=\"og:title\" content=\"Erkende Priv\u00e9gidsen en Tours Wereldwijd | OfficialGuides.com\" \/>\n<meta property=\"og:description\" content=\"Kom direct in contact met offici\u00eble en erkende gidsen in de populairste steden wereldwijd. Boek gepersonaliseerde priv\u00e9tours, sla de wachtrijen over en beleef een authentieke reis zonder tussenpersonen.\" \/>\n<meta property=\"og:url\" content=\"https:\/\/officialguides.com\/nl\/\" \/>\n<meta property=\"og:site_name\" content=\"Find Your Private Tour Guide Around The World!\" \/>\n<meta property=\"article:modified_time\" content=\"2026-02-01T17:38:35+00:00\" \/>\n<meta property=\"og:image\" content=\"https:\/\/officialguides.com\/wp-content\/uploads\/2026\/01\/private-tours-and-guides.jpg\" \/>\n\t<meta property=\"og:image:width\" content=\"1024\" \/>\n\t<meta property=\"og:image:height\" content=\"523\" \/>\n\t<meta property=\"og:image:type\" content=\"image\/jpeg\" \/>\n<meta name=\"twitter:card\" content=\"summary_large_image\" \/>\n<meta name=\"twitter:label1\" content=\"Geschatte leestijd\" \/>\n\t<meta name=\"twitter:data1\" content=\"4 minuten\" \/>\n<script type=\"application\/ld+json\" class=\"yoast-schema-graph\">{\"@context\":\"https:\\\/\\\/schema.org\",\"@graph\":[{\"@type\":\"WebPage\",\"@id\":\"https:\\\/\\\/officialguides.com\\\/nl\\\/\",\"url\":\"https:\\\/\\\/officialguides.com\\\/nl\\\/\",\"name\":\"Erkende Priv\u00e9gidsen en Tours Wereldwijd | OfficialGuides.com\",\"isPartOf\":{\"@id\":\"https:\\\/\\\/officialguides.com\\\/nl\\\/#website\"},\"primaryImageOfPage\":{\"@id\":\"https:\\\/\\\/officialguides.com\\\/nl\\\/#primaryimage\"},\"image\":{\"@id\":\"https:\\\/\\\/officialguides.com\\\/nl\\\/#primaryimage\"},\"thumbnailUrl\":\"https:\\\/\\\/officialguides.com\\\/wp-content\\\/uploads\\\/2026\\\/01\\\/private-tours-and-guides.jpg\",\"datePublished\":\"2020-03-01T20:50:33+00:00\",\"dateModified\":\"2026-02-01T17:38:35+00:00\",\"description\":\"Kom direct in contact met offici\u00eble en erkende gidsen in de populairste steden wereldwijd. Boek gepersonaliseerde priv\u00e9tours, sla de wachtrijen over en beleef een authentieke reis zonder tussenpersonen.\",\"breadcrumb\":{\"@id\":\"https:\\\/\\\/officialguides.com\\\/nl\\\/#breadcrumb\"},\"inLanguage\":\"nl-NL\",\"potentialAction\":[{\"@type\":\"ReadAction\",\"target\":[\"https:\\\/\\\/officialguides.com\\\/nl\\\/\"]}]},{\"@type\":\"ImageObject\",\"inLanguage\":\"nl-NL\",\"@id\":\"https:\\\/\\\/officialguides.com\\\/nl\\\/#primaryimage\",\"url\":\"https:\\\/\\\/officialguides.com\\\/wp-content\\\/uploads\\\/2026\\\/01\\\/private-tours-and-guides.jpg\",\"contentUrl\":\"https:\\\/\\\/officialguides.com\\\/wp-content\\\/uploads\\\/2026\\\/01\\\/private-tours-and-guides.jpg\",\"width\":1024,\"height\":523,\"caption\":\"Een gecertificeerde vrouwelijke gids met een licentiebadge geeft een rondleiding aan een gezin voor het Colosseum in Rome.\"},{\"@type\":\"BreadcrumbList\",\"@id\":\"https:\\\/\\\/officialguides.com\\\/nl\\\/#breadcrumb\",\"itemListElement\":[{\"@type\":\"ListItem\",\"position\":1,\"name\":\"Home\",\"item\":\"https:\\\/\\\/officialguides.com\\\/nl\\\/\"},{\"@type\":\"ListItem\",\"position\":2,\"name\":\"Maak Direct Contact Met Erkende Gidsen Wereldwijd\"}]},{\"@type\":\"WebSite\",\"@id\":\"https:\\\/\\\/officialguides.com\\\/nl\\\/#website\",\"url\":\"https:\\\/\\\/officialguides.com\\\/nl\\\/\",\"name\":\"Official Tour Guides Around The World! Istanbul, Paris, Rome, Dubai...\",\"description\":\"Explore cities and popular destinations with professional, official, certified tour guides\",\"alternateName\":\"Official Guides\",\"potentialAction\":[{\"@type\":\"SearchAction\",\"target\":{\"@type\":\"EntryPoint\",\"urlTemplate\":\"https:\\\/\\\/officialguides.com\\\/nl\\\/?s={search_term_string}\"},\"query-input\":{\"@type\":\"PropertyValueSpecification\",\"valueRequired\":true,\"valueName\":\"search_term_string\"}}],\"inLanguage\":\"nl-NL\"}]}<\/script>\n<!-- \/ Yoast SEO plugin. -->","yoast_head_json":{"title":"Erkende Priv\u00e9gidsen en Tours Wereldwijd | OfficialGuides.com","description":"Kom direct in contact met offici\u00eble en erkende gidsen in de populairste steden wereldwijd. Boek gepersonaliseerde priv\u00e9tours, sla de wachtrijen over en beleef een authentieke reis zonder tussenpersonen.","robots":{"index":"index","follow":"follow","max-snippet":"max-snippet:-1","max-image-preview":"max-image-preview:large","max-video-preview":"max-video-preview:-1"},"canonical":"https:\/\/officialguides.com\/nl\/","og_locale":"nl_NL","og_type":"article","og_title":"Erkende Priv\u00e9gidsen en Tours Wereldwijd | OfficialGuides.com","og_description":"Kom direct in contact met offici\u00eble en erkende gidsen in de populairste steden wereldwijd. Boek gepersonaliseerde priv\u00e9tours, sla de wachtrijen over en beleef een authentieke reis zonder tussenpersonen.","og_url":"https:\/\/officialguides.com\/nl\/","og_site_name":"Find Your Private Tour Guide Around The World!","article_modified_time":"2026-02-01T17:38:35+00:00","og_image":[{"width":1024,"height":523,"url":"https:\/\/officialguides.com\/wp-content\/uploads\/2026\/01\/private-tours-and-guides.jpg","type":"image\/jpeg"}],"twitter_card":"summary_large_image","twitter_misc":{"Geschatte leestijd":"4 minuten"},"schema":{"@context":"https:\/\/schema.org","@graph":[{"@type":"WebPage","@id":"https:\/\/officialguides.com\/nl\/","url":"https:\/\/officialguides.com\/nl\/","name":"Erkende Priv\u00e9gidsen en Tours Wereldwijd | OfficialGuides.com","isPartOf":{"@id":"https:\/\/officialguides.com\/nl\/#website"},"primaryImageOfPage":{"@id":"https:\/\/officialguides.com\/nl\/#primaryimage"},"image":{"@id":"https:\/\/officialguides.com\/nl\/#primaryimage"},"thumbnailUrl":"https:\/\/officialguides.com\/wp-content\/uploads\/2026\/01\/private-tours-and-guides.jpg","datePublished":"2020-03-01T20:50:33+00:00","dateModified":"2026-02-01T17:38:35+00:00","description":"Kom direct in contact met offici\u00eble en erkende gidsen in de populairste steden wereldwijd. Boek gepersonaliseerde priv\u00e9tours, sla de wachtrijen over en beleef een authentieke reis zonder tussenpersonen.","breadcrumb":{"@id":"https:\/\/officialguides.com\/nl\/#breadcrumb"},"inLanguage":"nl-NL","potentialAction":[{"@type":"ReadAction","target":["https:\/\/officialguides.com\/nl\/"]}]},{"@type":"ImageObject","inLanguage":"nl-NL","@id":"https:\/\/officialguides.com\/nl\/#primaryimage","url":"https:\/\/officialguides.com\/wp-content\/uploads\/2026\/01\/private-tours-and-guides.jpg","contentUrl":"https:\/\/officialguides.com\/wp-content\/uploads\/2026\/01\/private-tours-and-guides.jpg","width":1024,"height":523,"caption":"Een gecertificeerde vrouwelijke gids met een licentiebadge geeft een rondleiding aan een gezin voor het Colosseum in Rome."},{"@type":"BreadcrumbList","@id":"https:\/\/officialguides.com\/nl\/#breadcrumb","itemListElement":[{"@type":"ListItem","position":1,"name":"Home","item":"https:\/\/officialguides.com\/nl\/"},{"@type":"ListItem","position":2,"name":"Maak Direct Contact Met Erkende Gidsen Wereldwijd"}]},{"@type":"WebSite","@id":"https:\/\/officialguides.com\/nl\/#website","url":"https:\/\/officialguides.com\/nl\/","name":"Official Tour Guides Around The World! Istanbul, Paris, Rome, Dubai...","description":"Explore cities and popular destinations with professional, official, certified tour guides","alternateName":"Official Guides","potentialAction":[{"@type":"SearchAction","target":{"@type":"EntryPoint","urlTemplate":"https:\/\/officialguides.com\/nl\/?s={search_term_string}"},"query-input":{"@type":"PropertyValueSpecification","valueRequired":true,"valueName":"search_term_string"}}],"inLanguage":"nl-NL"}]}},"_links":{"self":[{"href":"https:\/\/officialguides.com\/nl\/wp-json\/wp\/v2\/pages\/17056","targetHints":{"allow":["GET"]}}],"collection":[{"href":"https:\/\/officialguides.com\/nl\/wp-json\/wp\/v2\/pages"}],"about":[{"href":"https:\/\/officialguides.com\/nl\/wp-json\/wp\/v2\/types\/page"}],"author":[{"embeddable":true,"href":"https:\/\/officialguides.com\/nl\/wp-json\/wp\/v2\/users\/3"}],"replies":[{"embeddable":true,"href":"https:\/\/officialguides.com\/nl\/wp-json\/wp\/v2\/comments?post=17056"}],"version-history":[{"count":44,"href":"https:\/\/officialguides.com\/nl\/wp-json\/wp\/v2\/pages\/17056\/revisions"}],"predecessor-version":[{"id":398132,"href":"https:\/\/officialguides.com\/nl\/wp-json\/wp\/v2\/pages\/17056\/revisions\/398132"}],"wp:featuredmedia":[{"embeddable":true,"href":"https:\/\/officialguides.com\/nl\/wp-json\/wp\/v2\/media\/397635"}],"wp:attachment":[{"href":"https:\/\/officialguides.com\/nl\/wp-json\/wp\/v2\/media?parent=17056"}],"curies":[{"name":"wp","href":"https:\/\/api.w.org\/{rel}","templated":true}]}}