{"id":40379,"date":"2020-05-18T00:04:06","date_gmt":"2020-05-17T21:04:06","guid":{"rendered":"https:\/\/www.officialguides.net\/registracija-celveziem\/"},"modified":"2020-05-26T16:03:43","modified_gmt":"2020-05-26T13:03:43","slug":"registracija-celveziem","status":"publish","type":"page","link":"https:\/\/officialguides.com\/lv\/registracija-celveziem\/","title":{"rendered":"Re\u0123istr\u0101cija Ce\u013cve\u017eiem"},"content":{"rendered":"<h2>Re\u0123istr\u0101cija Ce\u013cve\u017eiem<\/h2>\n<p>Officialguide.net ir vietne, kur\u0101 apkopot ofici\u0101los gidus vis\u0101 pasaul\u0113. M\u016bsu vietn\u0113s j\u016bs varat prezent\u0113t un p\u0101rdot savas priv\u0101t\u0101s ekskursijas tie\u0161i ce\u013cot\u0101jiem. L\u016bdzu, aizpildiet zem\u0101k eso\u0161o veidlapu, lai uzzin\u0101tu, k\u0101 j\u016bs tiksit uzskait\u012bts m\u016bsu vietn\u0113.<\/p>\n<h3>K\u0101p\u0113c man vajadz\u0113tu p\u0101rdot savas priv\u0101t\u0101s t\u016bres tie\u0161saist\u0113?<\/h3>\n<p>Kop\u0101 ar koronav\u012brusu diem\u017e\u0113l m\u0113s esam pavisam jauna pas\u016bt\u012bjuma s\u0101kum\u0101 2020. gad\u0101. Starp vis\u0101m da\u017e\u0101daj\u0101m nozar\u0113m, iesp\u0113jams, visnegat\u012bv\u0101k ir ietekm\u0113ts t\u016brisms. P\u0113c ekspertu dom\u0101m, \u0161aj\u0101 jaunaj\u0101 un neparastaj\u0101 koncepcij\u0101 t\u016brisma braucieni galvenok\u0101rt tiks realiz\u0113ti individu\u0101li, nevis grup\u0101s. T\u0101p\u0113c braucieni, transf\u0113rs, pils\u0113tas ekskursijas un visas citas ekskursijas notiks priv\u0101ti, un \u0161\u012b jaun\u0101 koncepcija palielin\u0101s izmaksas uz vienu cilv\u0113ku. \u0122imen\u0113m vai maz\u0101m grup\u0101m, lai atrastu priv\u0101tu pakalpojumu, lab\u0101k izv\u0113l\u0113ties sazin\u0101ties tie\u0161i ar gidiem, nevis ar ce\u013cojumu a\u0123ent\u016br\u0101m. Un, protams, vi\u0146u pirm\u0101 adrese b\u016bs Google. \u0160obr\u012bd runa ir par katra ce\u013cve\u017ea t\u012bmek\u013ca vietnes izveidi, un nevar gaid\u012bt, ka ikvienam pieder vietne. Pat ja jums pieder person\u012bga vietne, jums b\u016bs j\u0101maks\u0101 daudz naudas par nopietnu SEO darbu un ilgi j\u0101gaida, lai redz\u0113tu rezult\u0101tus. \u0160\u012bs p\u016bles negarant\u0113s ar\u012b labu rangu Google t\u012bkl\u0101. T\u0101p\u0113c, k\u0101 alternat\u012bvu risin\u0101jumu, Officialguides.net tagad pied\u0101v\u0101 dar\u012bt visu darbu j\u016bsu viet\u0101. T\u0101 rezult\u0101t\u0101 jums b\u016bs savs t\u012bmek\u013ca profils un j\u016bs tie\u0161saist\u0113 var\u0113sit p\u0101rdot savas priv\u0101t\u0101s ekskursijas. Lai izmantotu \u0161o bezmaksas pakalpojumu, l\u016bdzu, aizpildiet veidlapu \u0161aj\u0101 lap\u0101.<\/p>\n<h3>K\u0101p\u0113c jums vajadz\u0113tu izv\u0113l\u0113ties Officialguides.net?<\/h3>\n<p>T\u0101p\u0113c, ka Officialguides.net ir daudzvalodu vietne, un j\u016bs varat pied\u0101v\u0101t savas priv\u0101t\u0101s ekskursijas jebkur\u0101 valod\u0101 (ieskaitot latvie\u0161u valodu), kuru v\u0113laties, un pat vair\u0101k\u0101s valod\u0101s. Turkl\u0101t neb\u016bs gr\u016bti sasniegt potenci\u0101los apmekl\u0113t\u0101jus Google, izmantojot jaun\u0101k\u0101s SEO tehnikas, kuras m\u0113s izmantojam.<\/p>\n<p>\t\t\t\t\t\t\t\t\t\t<img decoding=\"async\" width=\"1024\" height=\"365\" src=\"https:\/\/www.officialguides.net\/wp-content\/uploads\/2020\/05\/how-to-sell-my-private-tours-online-1024x365.jpg\" alt=\"k\u0101 internet\u0101 p\u0101rdot priv\u0101t\u0101s ekskursijas un ekskursijas tie\u0161i viesim? p\u0101rdot Translations of p\u0101rdot VerbFrequency sell p\u0101rdot, tirgoties, reklam\u0113t, populariz\u0113t, iedvest, tikt p\u0101rdotam vend tirgoties, p\u0101rdot carry p\u0101rvad\u0101t, nest, vest, p\u0101rn\u0113s\u0101t, panest, p\u0101rdot\" srcset=\"https:\/\/www.officialguides.net\/wp-content\/uploads\/2020\/05\/how-to-sell-my-private-tours-online-1024x365.jpg 1024w, https:\/\/www.officialguides.net\/wp-content\/uploads\/2020\/05\/how-to-sell-my-private-tours-online-300x107.jpg 300w, https:\/\/www.officialguides.net\/wp-content\/uploads\/2020\/05\/how-to-sell-my-private-tours-online-768x274.jpg 768w, https:\/\/www.officialguides.net\/wp-content\/uploads\/2020\/05\/how-to-sell-my-private-tours-online.jpg 1280w\" sizes=\"(max-width: 1024px) 100vw, 1024px\" \/><\/p>\n","protected":false},"excerpt":{"rendered":"<p>Re\u0123istr\u0101cija Ce\u013cve\u017eiem Officialguide.net ir vietne, kur\u0101 apkopot ofici\u0101los gidus vis\u0101 pasaul\u0113. M\u016bsu vietn\u0113s j\u016bs varat prezent\u0113t un p\u0101rdot savas priv\u0101t\u0101s ekskursijas tie\u0161i ce\u013cot\u0101jiem. L\u016bdzu, aizpildiet zem\u0101k eso\u0161o veidlapu, lai uzzin\u0101tu, k\u0101 j\u016bs tiksit uzskait\u012bts m\u016bsu vietn\u0113. K\u0101p\u0113c man vajadz\u0113tu p\u0101rdot savas priv\u0101t\u0101s t\u016bres tie\u0161saist\u0113? Kop\u0101 ar koronav\u012brusu diem\u017e\u0113l m\u0113s esam pavisam jauna pas\u016bt\u012bjuma s\u0101kum\u0101 2020. &#8230; <a title=\"Re\u0123istr\u0101cija Ce\u013cve\u017eiem\" class=\"read-more\" href=\"https:\/\/officialguides.com\/lv\/registracija-celveziem\/\" aria-label=\"Read more about Re\u0123istr\u0101cija Ce\u013cve\u017eiem\">Read more<\/a><\/p>\n","protected":false},"author":3,"featured_media":0,"parent":0,"menu_order":0,"comment_status":"closed","ping_status":"closed","template":"","meta":{"_acf_changed":false,"_lmt_disableupdate":"","_lmt_disable":"","footnotes":""},"class_list":["post-40379","page","type-page","status-publish"],"acf":[],"yoast_head":"<!-- This site is optimized with the Yoast SEO plugin v27.6 - https:\/\/yoast.com\/product\/yoast-seo-wordpress\/ -->\n<title>Re\u0123istr\u0101cija Latvijas Ce\u013cve\u017eiem | P\u0101rdodiet Priv\u0101tas Ekskursijas Tie\u0161saist\u0113<\/title>\n<meta name=\"description\" content=\"K\u0101 es varu p\u0101rdot savas ekskursijas Google \/ internet\u0101? Vai j\u016bs esat profesion\u0101ls gids? Vai jums ir licence? Pied\u0101v\u0101jiet savas ekskursijas caur m\u016bsu vietni.\" \/>\n<meta name=\"robots\" content=\"index, follow, max-snippet:-1, max-image-preview:large, max-video-preview:-1\" \/>\n<link rel=\"canonical\" href=\"https:\/\/officialguides.com\/lv\/registracija-celveziem\/\" \/>\n<meta property=\"og:locale\" content=\"lv_LV\" \/>\n<meta property=\"og:type\" content=\"article\" \/>\n<meta property=\"og:title\" content=\"Re\u0123istr\u0101cija Latvijas Ce\u013cve\u017eiem | P\u0101rdodiet Priv\u0101tas Ekskursijas Tie\u0161saist\u0113\" \/>\n<meta property=\"og:description\" content=\"K\u0101 es varu p\u0101rdot savas ekskursijas Google \/ internet\u0101? Vai j\u016bs esat profesion\u0101ls gids? Vai jums ir licence? Pied\u0101v\u0101jiet savas ekskursijas caur m\u016bsu vietni.\" \/>\n<meta property=\"og:url\" content=\"https:\/\/officialguides.com\/lv\/registracija-celveziem\/\" \/>\n<meta property=\"og:site_name\" content=\"Find Your Private Tour Guide Around The World!\" \/>\n<meta property=\"article:modified_time\" content=\"2020-05-26T13:03:43+00:00\" \/>\n<meta property=\"og:image\" content=\"https:\/\/www.officialguides.net\/wp-content\/uploads\/2020\/05\/how-to-sell-my-private-tours-online-1024x365.jpg\" \/>\n<meta name=\"twitter:card\" content=\"summary_large_image\" \/>\n<meta name=\"twitter:label1\" content=\"Est. reading time\" \/>\n\t<meta name=\"twitter:data1\" content=\"2 minutes\" \/>\n<script type=\"application\/ld+json\" class=\"yoast-schema-graph\">{\"@context\":\"https:\\\/\\\/schema.org\",\"@graph\":[{\"@type\":\"WebPage\",\"@id\":\"https:\\\/\\\/officialguides.com\\\/lv\\\/registracija-celveziem\\\/\",\"url\":\"https:\\\/\\\/officialguides.com\\\/lv\\\/registracija-celveziem\\\/\",\"name\":\"Re\u0123istr\u0101cija Latvijas Ce\u013cve\u017eiem | P\u0101rdodiet Priv\u0101tas Ekskursijas Tie\u0161saist\u0113\",\"isPartOf\":{\"@id\":\"https:\\\/\\\/officialguides.com\\\/lv\\\/#website\"},\"primaryImageOfPage\":{\"@id\":\"https:\\\/\\\/officialguides.com\\\/lv\\\/registracija-celveziem\\\/#primaryimage\"},\"image\":{\"@id\":\"https:\\\/\\\/officialguides.com\\\/lv\\\/registracija-celveziem\\\/#primaryimage\"},\"thumbnailUrl\":\"https:\\\/\\\/www.officialguides.net\\\/wp-content\\\/uploads\\\/2020\\\/05\\\/how-to-sell-my-private-tours-online-1024x365.jpg\",\"datePublished\":\"2020-05-17T21:04:06+00:00\",\"dateModified\":\"2020-05-26T13:03:43+00:00\",\"description\":\"K\u0101 es varu p\u0101rdot savas ekskursijas Google \\\/ internet\u0101? Vai j\u016bs esat profesion\u0101ls gids? Vai jums ir licence? Pied\u0101v\u0101jiet savas ekskursijas caur m\u016bsu vietni.\",\"breadcrumb\":{\"@id\":\"https:\\\/\\\/officialguides.com\\\/lv\\\/registracija-celveziem\\\/#breadcrumb\"},\"inLanguage\":\"lv-LV\",\"potentialAction\":[{\"@type\":\"ReadAction\",\"target\":[\"https:\\\/\\\/officialguides.com\\\/lv\\\/registracija-celveziem\\\/\"]}]},{\"@type\":\"ImageObject\",\"inLanguage\":\"lv-LV\",\"@id\":\"https:\\\/\\\/officialguides.com\\\/lv\\\/registracija-celveziem\\\/#primaryimage\",\"url\":\"https:\\\/\\\/www.officialguides.net\\\/wp-content\\\/uploads\\\/2020\\\/05\\\/how-to-sell-my-private-tours-online-1024x365.jpg\",\"contentUrl\":\"https:\\\/\\\/www.officialguides.net\\\/wp-content\\\/uploads\\\/2020\\\/05\\\/how-to-sell-my-private-tours-online-1024x365.jpg\"},{\"@type\":\"BreadcrumbList\",\"@id\":\"https:\\\/\\\/officialguides.com\\\/lv\\\/registracija-celveziem\\\/#breadcrumb\",\"itemListElement\":[{\"@type\":\"ListItem\",\"position\":1,\"name\":\"Home\",\"item\":\"https:\\\/\\\/officialguides.com\\\/lv\\\/\"},{\"@type\":\"ListItem\",\"position\":2,\"name\":\"Re\u0123istr\u0101cija Ce\u013cve\u017eiem\"}]},{\"@type\":\"WebSite\",\"@id\":\"https:\\\/\\\/officialguides.com\\\/lv\\\/#website\",\"url\":\"https:\\\/\\\/officialguides.com\\\/lv\\\/\",\"name\":\"Official Tour Guides Around The World! Istanbul, Paris, Rome, Dubai...\",\"description\":\"Explore cities and popular destinations with professional, official, certified tour guides\",\"alternateName\":\"Official Guides\",\"potentialAction\":[{\"@type\":\"SearchAction\",\"target\":{\"@type\":\"EntryPoint\",\"urlTemplate\":\"https:\\\/\\\/officialguides.com\\\/lv\\\/?s={search_term_string}\"},\"query-input\":{\"@type\":\"PropertyValueSpecification\",\"valueRequired\":true,\"valueName\":\"search_term_string\"}}],\"inLanguage\":\"lv-LV\"}]}<\/script>\n<!-- \/ Yoast SEO plugin. -->","yoast_head_json":{"title":"Re\u0123istr\u0101cija Latvijas Ce\u013cve\u017eiem | P\u0101rdodiet Priv\u0101tas Ekskursijas Tie\u0161saist\u0113","description":"K\u0101 es varu p\u0101rdot savas ekskursijas Google \/ internet\u0101? Vai j\u016bs esat profesion\u0101ls gids? Vai jums ir licence? Pied\u0101v\u0101jiet savas ekskursijas caur m\u016bsu vietni.","robots":{"index":"index","follow":"follow","max-snippet":"max-snippet:-1","max-image-preview":"max-image-preview:large","max-video-preview":"max-video-preview:-1"},"canonical":"https:\/\/officialguides.com\/lv\/registracija-celveziem\/","og_locale":"lv_LV","og_type":"article","og_title":"Re\u0123istr\u0101cija Latvijas Ce\u013cve\u017eiem | P\u0101rdodiet Priv\u0101tas Ekskursijas Tie\u0161saist\u0113","og_description":"K\u0101 es varu p\u0101rdot savas ekskursijas Google \/ internet\u0101? Vai j\u016bs esat profesion\u0101ls gids? Vai jums ir licence? Pied\u0101v\u0101jiet savas ekskursijas caur m\u016bsu vietni.","og_url":"https:\/\/officialguides.com\/lv\/registracija-celveziem\/","og_site_name":"Find Your Private Tour Guide Around The World!","article_modified_time":"2020-05-26T13:03:43+00:00","og_image":[{"url":"https:\/\/www.officialguides.net\/wp-content\/uploads\/2020\/05\/how-to-sell-my-private-tours-online-1024x365.jpg","type":"","width":"","height":""}],"twitter_card":"summary_large_image","twitter_misc":{"Est. reading time":"2 minutes"},"schema":{"@context":"https:\/\/schema.org","@graph":[{"@type":"WebPage","@id":"https:\/\/officialguides.com\/lv\/registracija-celveziem\/","url":"https:\/\/officialguides.com\/lv\/registracija-celveziem\/","name":"Re\u0123istr\u0101cija Latvijas Ce\u013cve\u017eiem | P\u0101rdodiet Priv\u0101tas Ekskursijas Tie\u0161saist\u0113","isPartOf":{"@id":"https:\/\/officialguides.com\/lv\/#website"},"primaryImageOfPage":{"@id":"https:\/\/officialguides.com\/lv\/registracija-celveziem\/#primaryimage"},"image":{"@id":"https:\/\/officialguides.com\/lv\/registracija-celveziem\/#primaryimage"},"thumbnailUrl":"https:\/\/www.officialguides.net\/wp-content\/uploads\/2020\/05\/how-to-sell-my-private-tours-online-1024x365.jpg","datePublished":"2020-05-17T21:04:06+00:00","dateModified":"2020-05-26T13:03:43+00:00","description":"K\u0101 es varu p\u0101rdot savas ekskursijas Google \/ internet\u0101? Vai j\u016bs esat profesion\u0101ls gids? Vai jums ir licence? Pied\u0101v\u0101jiet savas ekskursijas caur m\u016bsu vietni.","breadcrumb":{"@id":"https:\/\/officialguides.com\/lv\/registracija-celveziem\/#breadcrumb"},"inLanguage":"lv-LV","potentialAction":[{"@type":"ReadAction","target":["https:\/\/officialguides.com\/lv\/registracija-celveziem\/"]}]},{"@type":"ImageObject","inLanguage":"lv-LV","@id":"https:\/\/officialguides.com\/lv\/registracija-celveziem\/#primaryimage","url":"https:\/\/www.officialguides.net\/wp-content\/uploads\/2020\/05\/how-to-sell-my-private-tours-online-1024x365.jpg","contentUrl":"https:\/\/www.officialguides.net\/wp-content\/uploads\/2020\/05\/how-to-sell-my-private-tours-online-1024x365.jpg"},{"@type":"BreadcrumbList","@id":"https:\/\/officialguides.com\/lv\/registracija-celveziem\/#breadcrumb","itemListElement":[{"@type":"ListItem","position":1,"name":"Home","item":"https:\/\/officialguides.com\/lv\/"},{"@type":"ListItem","position":2,"name":"Re\u0123istr\u0101cija Ce\u013cve\u017eiem"}]},{"@type":"WebSite","@id":"https:\/\/officialguides.com\/lv\/#website","url":"https:\/\/officialguides.com\/lv\/","name":"Official Tour Guides Around The World! Istanbul, Paris, Rome, Dubai...","description":"Explore cities and popular destinations with professional, official, certified tour guides","alternateName":"Official Guides","potentialAction":[{"@type":"SearchAction","target":{"@type":"EntryPoint","urlTemplate":"https:\/\/officialguides.com\/lv\/?s={search_term_string}"},"query-input":{"@type":"PropertyValueSpecification","valueRequired":true,"valueName":"search_term_string"}}],"inLanguage":"lv-LV"}]}},"_links":{"self":[{"href":"https:\/\/officialguides.com\/lv\/wp-json\/wp\/v2\/pages\/40379","targetHints":{"allow":["GET"]}}],"collection":[{"href":"https:\/\/officialguides.com\/lv\/wp-json\/wp\/v2\/pages"}],"about":[{"href":"https:\/\/officialguides.com\/lv\/wp-json\/wp\/v2\/types\/page"}],"author":[{"embeddable":true,"href":"https:\/\/officialguides.com\/lv\/wp-json\/wp\/v2\/users\/3"}],"replies":[{"embeddable":true,"href":"https:\/\/officialguides.com\/lv\/wp-json\/wp\/v2\/comments?post=40379"}],"version-history":[{"count":0,"href":"https:\/\/officialguides.com\/lv\/wp-json\/wp\/v2\/pages\/40379\/revisions"}],"wp:attachment":[{"href":"https:\/\/officialguides.com\/lv\/wp-json\/wp\/v2\/media?parent=40379"}],"curies":[{"name":"wp","href":"https:\/\/api.w.org\/{rel}","templated":true}]}}