{"id":40252,"date":"2020-05-15T01:09:24","date_gmt":"2020-05-14T22:09:24","guid":{"rendered":"https:\/\/www.officialguides.net\/home\/"},"modified":"2026-02-01T20:35:10","modified_gmt":"2026-02-01T17:35:10","slug":"home","status":"publish","type":"page","link":"https:\/\/officialguides.com\/lv\/","title":{"rendered":"Sazinieties Tie\u0161i Ar Ofici\u0101lajiem Gidiem Vis\u0101 Pasaul\u0113"},"content":{"rendered":"<p data-path-to-node=\"4\"><strong>OfficialGuides.com<\/strong> ir specializ\u0113ta platforma, kas savieno neatkar\u012bgus ce\u013cot\u0101jus un grupas ar <img decoding=\"async\" class=\"alignleft\" src=\"https:\/\/officialguides.com\/wp-content\/uploads\/2026\/01\/licensed-oficial-verified-guides.jpg\" alt=\"only the verified and certified tour guides \" width=\"161\" height=\"161\" \/>profesion\u0101liem, licenc\u0113tiem gidiem pasaules vado\u0161ajos galam\u0113r\u0137os. Sazinieties re\u0101llaik\u0101 un pl\u0101nojiet savu ide\u0101lo ce\u013cojumu vair\u0101k nek\u0101 30 valod\u0101s.<\/p>\n<hr \/>\n<h2 style=\"text-align: center;\" data-path-to-node=\"5\">\ud83c\udf92 Izv\u0113lieties pils\u0113tu, s\u0101ciet ce\u013cojumu<\/h2>\n<p style=\"text-align: center;\" data-path-to-node=\"6\">P\u0101rl\u016bkojiet m\u016bsu katalogu vietn\u0113 <strong>OfficialGuides.com<\/strong> un atrodiet perfektu sertific\u0113tu speci\u0101listu savam n\u0101kamajam piedz\u012bvojumam. J\u016bsu autentisk\u0101 ce\u013cojumu pieredze bez stresa ir tikai vienas zi\u0146as att\u0101lum\u0101.<\/p>\n<h3 style=\"text-align: center;\" data-path-to-node=\"6\">Izberiet Savu Galam\u0113r\u0137i \ud83d\udccd<\/h3>\n<p style=\"text-align: center;\" data-path-to-node=\"7\"><b data-path-to-node=\"7\" data-index-in-node=\"0\">Par\u012bze, <span style=\"color: #ff0000;\"><a style=\"color: #ff0000;\" href=\"https:\/\/officialguides.com\/lv\/latviesu-gids-stambula\/\" target=\"_blank\" rel=\"noopener\">Stambula<\/a><\/span>, Roma, <span style=\"color: #ff0000;\"><a style=\"color: #ff0000;\" href=\"https:\/\/officialguides.com\/lv\/latviesu-gidi-un-privatas-tures-barselona\/\" target=\"_blank\" rel=\"noopener\">Barselona<\/a><\/span>, Dubaja, <span style=\"color: #ff0000;\"><a style=\"color: #ff0000;\" href=\"https:\/\/officialguides.com\/lv\/privats-gids-un-ekskursijas-latviesu-valoda-atenas\/\" target=\"_blank\" rel=\"noopener\">At\u0113nas<\/a><\/span>, Londona, Bangkoka, Florence, Madride, Lisabona, Kapadokija, Amsterdama, Pr\u0101ga, Neapole, Berl\u012bne, Antalja, Granada, Sevilja, Stokholma.<\/b><\/p>\n<hr \/>\n<h2 data-path-to-node=\"8\">K\u0101p\u0113c licenc\u0113ts gids ir j\u016bsu lab\u0101k\u0101 ce\u013cojuma invest\u012bcija<\/h2>\n<p data-path-to-node=\"9\">Pasaulslavena apskates objekta iepaz\u012b\u0161ana sertific\u0113ta profesion\u0101\u013ca pavad\u012bb\u0101 ir at\u0161\u0137ir\u012bba starp vietas vienk\u0101r\u0161u \u201eredz\u0113\u0161anu\u201d un t\u0101s patiesu \u201epiedz\u012bvo\u0161anu\u201d. OfficialGuides.com gidi, ar kuriem m\u0113s sadarbojamies, ar prieku pied\u0101v\u0101s jums \u0161\u0101das priek\u0161roc\u012bbas.<\/p>\n<ul data-path-to-node=\"10\">\n<li>\n<p data-path-to-node=\"10,0,0\"><b data-path-to-node=\"10,0,0\" data-index-in-node=\"0\">Priorit\u0101ra piek\u013cuve un ieeja bez rindas:<\/b> Ne\u013caujiet savam atva\u013cin\u0101jumam paiet, st\u0101vot rind\u0101s. Licenc\u0113tiem gidiem bie\u017ei ir priorit\u0101ra piek\u013cuve, \u012bpa\u0161as rezerv\u0101cijas kases vai iesp\u0113ja rezerv\u0113t bi\u013cetes j\u016bsu v\u0101rd\u0101 iepriek\u0161. It \u012bpa\u0161i sezonas laik\u0101 pasaules l\u012bme\u0146a pieminek\u013cos tas \u013cauj apiet stund\u0101m garas rindas un doties tie\u0161i baud\u012bt pieredzi.<\/p>\n<\/li>\n<li>\n<p data-path-to-node=\"10,1,0\"><b data-path-to-node=\"10,1,0\" data-index-in-node=\"0\">Maksim\u0101la laika efektivit\u0101te:<\/b> Muzeju vai arheolo\u0123isko vietu, kuras izp\u0113te vienatn\u0113 pras\u012btu visu dienu, kop\u0101 ar gidu var meistar\u012bgi iepaz\u012bt tikai 3 stund\u0101s. J\u016bsu gids organiz\u0113 pieredzi, par\u0101dot noz\u012bm\u012bg\u0101kos \u0161edevrus un \u201eoblig\u0101ti redzamos\u201d objektus bez apmald\u012b\u0161an\u0101s izrais\u012bta noguruma.<\/p>\n<\/li>\n<li>\n<p data-path-to-node=\"10,2,0\"><b data-path-to-node=\"10,2,0\" data-index-in-node=\"0\">Profesion\u0101lisms un akad\u0113miskais dzi\u013cums:<\/b> Licenc\u0113ti gidi nav tikai entuziasti; tie ir profesion\u0101\u013ci, kuri izg\u0101ju\u0161i stingru akad\u0113misko apm\u0101c\u012bbu un nok\u0101rtoju\u0161i ofici\u0101lus eks\u0101menus. J\u016bs sa\u0146emsiet prec\u012bzus, padzi\u013cin\u0101tus v\u0113sturiskos un kult\u016bras st\u0101stus, kurus neatrad\u012bsiet nevien\u0101 ce\u013cved\u012b.<\/p>\n<\/li>\n<li>\n<p data-path-to-node=\"10,3,0\"><b data-path-to-node=\"10,3,0\" data-index-in-node=\"0\">Personaliz\u0113ti mar\u0161ruti un dro\u0161\u012bba:<\/b> Neatkar\u012bgi no t\u0101, vai ce\u013cojat vienatn\u0113 vai grup\u0101, m\u016bsu gidi piel\u0101go tempu j\u016bsu vajadz\u012bb\u0101m. Vi\u0146i pal\u012bdz orient\u0113ties sare\u017e\u0123\u012bt\u0101s viet\u0113j\u0101s sist\u0113m\u0101s, izvair\u012bties no t\u016bristu slazdiem un garant\u0113 dro\u0161u, augstas kvalit\u0101tes vidi visa ce\u013cojuma laik\u0101.<\/p>\n<\/li>\n<\/ul>\n<h2 data-path-to-node=\"11\">\u2728 K\u0101p\u0113c izv\u0113l\u0113ties priv\u0101tu ekskursiju?<\/h2>\n<p data-path-to-node=\"12\">Izvairieties no p\u016b\u013ciem un standartiz\u0113t\u0101m programm\u0101m. Izbaudiet savu galam\u0113r\u0137i p\u0113c saviem noteikumiem ar Official Guides gidiem.<\/p>\n<h3 data-path-to-node=\"13\">Priv\u0101t\u0101 gida priek\u0161roc\u012bbas<\/h3>\n<ul data-path-to-node=\"14\">\n<li>\n<p data-path-to-node=\"14,0,0\"><b data-path-to-node=\"14,0,0\" data-index-in-node=\"0\">Piel\u0101goti mar\u0161ruti:<\/b> Katra ekskursija tiek piel\u0101gota j\u016bsu person\u012bgaj\u0101m interes\u0113m un kaisl\u012bb\u0101m.<\/p>\n<\/li>\n<li>\n<p data-path-to-node=\"14,1,0\"><b data-path-to-node=\"14,1,0\" data-index-in-node=\"0\">Licenc\u0113ta ekspert\u012bze:<\/b> G\u016bstiet dzi\u013cu v\u0113sturisko un kult\u016bras ieskatu no profesion\u0101liem viet\u0113jiem ekspertiem.<\/p>\n<\/li>\n<li>\n<p data-path-to-node=\"14,2,0\"><b data-path-to-node=\"14,2,0\" data-index-in-node=\"0\">Laika ietaup\u012bjums:<\/b> Izlaidiet gar\u0101s rindas un maksim\u0101li izmantojiet laiku ar optimiz\u0113tiem mar\u0161rutiem.<\/p>\n<\/li>\n<li>\n<p data-path-to-node=\"14,3,0\"><b data-path-to-node=\"14,3,0\" data-index-in-node=\"0\">Piln\u012bga elast\u012bba:<\/b> J\u016bs nosak\u0101t tempu \u2013 palieciet ilg\u0101k iecien\u012bt\u0101kaj\u0101s viet\u0101s vai pa\u0146emiet spont\u0101nu pauzi.<\/p>\n<\/li>\n<li>\n<p data-path-to-node=\"14,4,0\"><b data-path-to-node=\"14,4,0\" data-index-in-node=\"0\">Autentiski atkl\u0101jumi:<\/b> Izp\u0113tiet apsl\u0113ptos d\u0101rgakme\u0146us un \u201eslepen\u0101s\u201d vietas prom no t\u016bristu slazdiem.<\/p>\n<\/li>\n<\/ul>\n<p data-path-to-node=\"15\"><i data-path-to-node=\"15\" data-index-in-node=\"0\">Kvalit\u0101te p\u0101r kvantit\u0101ti. Iepaz\u012bstiet pils\u0113tu stund\u0101s, nevis dien\u0101s.<\/i><\/p>\n<h2 data-path-to-node=\"16\">\ud83c\udfdb\ufe0f Atkl\u0101jiet ikoniskus apskates objektus kop\u0101 ar ekspertiem<\/h2>\n<p data-path-to-node=\"17\">No sen\u0101m drup\u0101m l\u012bdz moderniem arhitekt\u016bras br\u012bnumiem, OfficialGuides.com savieno j\u016bs ar speci\u0101listiem pasaules apmekl\u0113t\u0101kaj\u0101s viet\u0101s:<\/p>\n<ul data-path-to-node=\"18\">\n<li>\n<p data-path-to-node=\"18,0,0\"><b data-path-to-node=\"18,0,0\" data-index-in-node=\"0\">Par\u012bze:<\/b> Detaliz\u0113tas m\u0101kslas v\u0113stures pastaigas pa Luvru, Versa\u013cu un Monmartru.<\/p>\n<\/li>\n<li>\n<p data-path-to-node=\"18,1,0\"><b data-path-to-node=\"18,1,0\" data-index-in-node=\"0\">Stambula:<\/b> Ekspertu st\u0101sti Hagia Sophia, Topkapi pil\u012b, Harem\u0101, Zilaj\u0101 mo\u0161ej\u0101, Bosfor\u0101 un Lielaj\u0101 tirg\u016b.<\/p>\n<\/li>\n<li>\n<p data-path-to-node=\"18,2,0\"><b data-path-to-node=\"18,2,0\" data-index-in-node=\"0\">Vatik\u0101ns un Roma:<\/b> Sv\u0113t\u0101 P\u0113tera bazilika, Kolizejs un Vatik\u0101na muzeji.<\/p>\n<\/li>\n<li>\n<p data-path-to-node=\"18,3,0\"><b data-path-to-node=\"18,3,0\" data-index-in-node=\"0\">Barselona:<\/b> Sagrada Familia un Park Guell arhitektoniskais \u0123\u0113nijs.<\/p>\n<\/li>\n<li>\n<p data-path-to-node=\"18,4,0\"><b data-path-to-node=\"18,4,0\" data-index-in-node=\"0\">At\u0113nas:<\/b> Sen\u0101s Grie\u0137ijas sirds un lielisk\u0101 Akropole.<\/p>\n<\/li>\n<li>\n<p data-path-to-node=\"18,5,0\"><b data-path-to-node=\"18,5,0\" data-index-in-node=\"0\">Dubaja:<\/b> Modernie br\u012bnumi, piem\u0113ram, Burj Khalifa, un mantojuma t\u016bres pa veco Dubaju.<\/p>\n<\/li>\n<\/ul>\n<p data-path-to-node=\"19\"><b data-path-to-node=\"19\" data-index-in-node=\"0\">Un citi galam\u0113r\u0137i:<\/b> Londona, Kapadokija, Madride, Florence, Pr\u0101ga, Antalja, Lisabona, Amsterdama, Berl\u012bne, Stokholma, Bangkoka, V\u012bne, Neapole, \u0145ujorka, Kopenh\u0101gena, Sevilja, Granada, Valensija, Kaira, Tokija.<\/p>\n<h2 data-path-to-node=\"20\">\ud83d\udcf2 Izstr\u0101d\u0101ts tie\u0161ai sazi\u0146ai<\/h2>\n<p data-path-to-node=\"21\">M\u0113s ticam, ka lab\u0101kie ce\u013cojumu pl\u0101ni s\u0101kas ar sarunu. OfficialGuides.com nodro\u0161ina t\u016bl\u012bt\u0113ju re\u0101llaika sazi\u0146u starp jums un potenci\u0101lo gidu. Uzdodiet jaut\u0101jumus, apspriediet specifiskas intereses un saska\u0146ojiet mar\u0161rutu tie\u0161i ar personu, kura jums r\u0101d\u012bs pils\u0113tu. Bez starpniekiem, bez sl\u0113pt\u0101m a\u0123ent\u016bras maks\u0101m \u2013 tikai tie\u0161a viet\u0113j\u0101 ekspert\u012bze.<\/p>\n<h2 data-path-to-node=\"22\">\ud83c\udf0d Pievienojieties m\u016bsu glob\u0101lajam profesion\u0101lajam t\u012bklam<\/h2>\n<p data-path-to-node=\"23\">Vai esat licenc\u0113ts t\u016bristu gids? M\u0113s past\u0101v\u012bgi papla\u0161in\u0101m savu darb\u012bbu un esam atv\u0113rti sadarb\u012bbai ar profesion\u0101liem gidiem jebkur\u0101 valod\u0101 vis\u0101 pasaul\u0113. Ja esat sertific\u0113ts eksperts, kur\u0161 v\u0113las tie\u0161i sazin\u0101ties ar starptautiskiem ce\u013cot\u0101jiem, OfficialGuides.com ir j\u016bsu platforma. Pievienojieties m\u016bsu t\u012bklam jau \u0161odien.<\/p>\n<p data-path-to-node=\"24\"><i data-path-to-node=\"24\" data-index-in-node=\"0\"><strong>Svar\u012bga piez\u012bme:<\/strong> Official Guides ir platforma, kas savieno ce\u013cot\u0101jus ar licenc\u0113tiem gidiem; t\u0101 nav ce\u013cojumu a\u0123ent\u016bra. Izlasiet m\u016bsu &#8220;<a href=\"https:\/\/officialguides.com\/lv\/juridiska-atruna\/\" target=\"_blank\" rel=\"noopener\">Juridisko atrunu<\/a>&#8221; un &#8220;<a href=\"https:\/\/officialguides.com\/lv\/privatuma-politika\/\" target=\"_blank\" rel=\"noopener\">Priv\u0101tuma politiku<\/a>&#8220;<\/i><\/p>\n","protected":false},"excerpt":{"rendered":"<p>OfficialGuides.com ir specializ\u0113ta platforma, kas savieno neatkar\u012bgus ce\u013cot\u0101jus un grupas ar profesion\u0101liem, licenc\u0113tiem gidiem pasaules vado\u0161ajos galam\u0113r\u0137os. Sazinieties re\u0101llaik\u0101 un pl\u0101nojiet savu ide\u0101lo ce\u013cojumu vair\u0101k nek\u0101 30 valod\u0101s. \ud83c\udf92 Izv\u0113lieties pils\u0113tu, s\u0101ciet ce\u013cojumu P\u0101rl\u016bkojiet m\u016bsu katalogu vietn\u0113 OfficialGuides.com un atrodiet perfektu sertific\u0113tu speci\u0101listu savam n\u0101kamajam piedz\u012bvojumam. J\u016bsu autentisk\u0101 ce\u013cojumu pieredze bez stresa ir tikai vienas &#8230; <a title=\"Sazinieties Tie\u0161i Ar Ofici\u0101lajiem Gidiem Vis\u0101 Pasaul\u0113\" class=\"read-more\" href=\"https:\/\/officialguides.com\/lv\/\" aria-label=\"Read more about Sazinieties Tie\u0161i Ar Ofici\u0101lajiem Gidiem Vis\u0101 Pasaul\u0113\">Read more<\/a><\/p>\n","protected":false},"author":3,"featured_media":397548,"parent":0,"menu_order":0,"comment_status":"closed","ping_status":"closed","template":"","meta":{"_acf_changed":false,"footnotes":""},"class_list":["post-40252","page","type-page","status-publish","has-post-thumbnail"],"acf":[],"yoast_head":"<!-- This site is optimized with the Yoast SEO plugin v27.4 - https:\/\/yoast.com\/product\/yoast-seo-wordpress\/ -->\n<title>Licenc\u0113ti gidi un priv\u0101tas ekskursijas vis\u0101 pasaul\u0113 | OfficialGuides<\/title>\n<meta name=\"description\" content=\"Sazinieties tie\u0161i ar ofici\u0101liem un sertific\u0113tiem gidiem lab\u0101kajos galam\u0113r\u0137os. Rezerv\u0113jiet piel\u0101gotas priv\u0101tas ekskursijas, izvairieties no rind\u0101m un izbaudiet autentisku ce\u013cojumu bez starpniekiem.\" \/>\n<meta name=\"robots\" content=\"index, follow, max-snippet:-1, max-image-preview:large, max-video-preview:-1\" \/>\n<link rel=\"canonical\" href=\"https:\/\/officialguides.com\/lv\/\" \/>\n<meta property=\"og:locale\" content=\"lv_LV\" \/>\n<meta property=\"og:type\" content=\"article\" \/>\n<meta property=\"og:title\" content=\"Licenc\u0113ti gidi un priv\u0101tas ekskursijas vis\u0101 pasaul\u0113 | OfficialGuides\" \/>\n<meta property=\"og:description\" content=\"Sazinieties tie\u0161i ar ofici\u0101liem un sertific\u0113tiem gidiem lab\u0101kajos galam\u0113r\u0137os. Rezerv\u0113jiet piel\u0101gotas priv\u0101tas ekskursijas, izvairieties no rind\u0101m un izbaudiet autentisku ce\u013cojumu bez starpniekiem.\" \/>\n<meta property=\"og:url\" content=\"https:\/\/officialguides.com\/lv\/\" \/>\n<meta property=\"og:site_name\" content=\"Find Your Private Tour Guide Around The World!\" \/>\n<meta property=\"article:modified_time\" content=\"2026-02-01T17:35:10+00:00\" \/>\n<meta property=\"og:image\" content=\"https:\/\/officialguides.com\/wp-content\/uploads\/2026\/01\/private-tours-guides.jpg\" \/>\n\t<meta property=\"og:image:width\" content=\"1024\" \/>\n\t<meta property=\"og:image:height\" content=\"523\" \/>\n\t<meta property=\"og:image:type\" content=\"image\/jpeg\" \/>\n<meta name=\"twitter:card\" content=\"summary_large_image\" \/>\n<meta name=\"twitter:label1\" content=\"Est. reading time\" \/>\n\t<meta name=\"twitter:data1\" content=\"3 minutes\" \/>\n<script type=\"application\/ld+json\" class=\"yoast-schema-graph\">{\"@context\":\"https:\\\/\\\/schema.org\",\"@graph\":[{\"@type\":\"WebPage\",\"@id\":\"https:\\\/\\\/officialguides.com\\\/lv\\\/\",\"url\":\"https:\\\/\\\/officialguides.com\\\/lv\\\/\",\"name\":\"Licenc\u0113ti gidi un priv\u0101tas ekskursijas vis\u0101 pasaul\u0113 | OfficialGuides\",\"isPartOf\":{\"@id\":\"https:\\\/\\\/officialguides.com\\\/lv\\\/#website\"},\"primaryImageOfPage\":{\"@id\":\"https:\\\/\\\/officialguides.com\\\/lv\\\/#primaryimage\"},\"image\":{\"@id\":\"https:\\\/\\\/officialguides.com\\\/lv\\\/#primaryimage\"},\"thumbnailUrl\":\"https:\\\/\\\/officialguides.com\\\/wp-content\\\/uploads\\\/2026\\\/01\\\/private-tours-guides.jpg\",\"datePublished\":\"2020-05-14T22:09:24+00:00\",\"dateModified\":\"2026-02-01T17:35:10+00:00\",\"description\":\"Sazinieties tie\u0161i ar ofici\u0101liem un sertific\u0113tiem gidiem lab\u0101kajos galam\u0113r\u0137os. Rezerv\u0113jiet piel\u0101gotas priv\u0101tas ekskursijas, izvairieties no rind\u0101m un izbaudiet autentisku ce\u013cojumu bez starpniekiem.\",\"breadcrumb\":{\"@id\":\"https:\\\/\\\/officialguides.com\\\/lv\\\/#breadcrumb\"},\"inLanguage\":\"lv-LV\",\"potentialAction\":[{\"@type\":\"ReadAction\",\"target\":[\"https:\\\/\\\/officialguides.com\\\/lv\\\/\"]}]},{\"@type\":\"ImageObject\",\"inLanguage\":\"lv-LV\",\"@id\":\"https:\\\/\\\/officialguides.com\\\/lv\\\/#primaryimage\",\"url\":\"https:\\\/\\\/officialguides.com\\\/wp-content\\\/uploads\\\/2026\\\/01\\\/private-tours-guides.jpg\",\"contentUrl\":\"https:\\\/\\\/officialguides.com\\\/wp-content\\\/uploads\\\/2026\\\/01\\\/private-tours-guides.jpg\",\"width\":1024,\"height\":523},{\"@type\":\"BreadcrumbList\",\"@id\":\"https:\\\/\\\/officialguides.com\\\/lv\\\/#breadcrumb\",\"itemListElement\":[{\"@type\":\"ListItem\",\"position\":1,\"name\":\"Home\",\"item\":\"https:\\\/\\\/officialguides.com\\\/lv\\\/\"},{\"@type\":\"ListItem\",\"position\":2,\"name\":\"Sazinieties Tie\u0161i Ar Ofici\u0101lajiem Gidiem Vis\u0101 Pasaul\u0113\"}]},{\"@type\":\"WebSite\",\"@id\":\"https:\\\/\\\/officialguides.com\\\/lv\\\/#website\",\"url\":\"https:\\\/\\\/officialguides.com\\\/lv\\\/\",\"name\":\"Official Tour Guides Around The World! Istanbul, Paris, Rome, Dubai...\",\"description\":\"Explore cities and popular destinations with professional, official, certified tour guides\",\"alternateName\":\"Official Guides\",\"potentialAction\":[{\"@type\":\"SearchAction\",\"target\":{\"@type\":\"EntryPoint\",\"urlTemplate\":\"https:\\\/\\\/officialguides.com\\\/lv\\\/?s={search_term_string}\"},\"query-input\":{\"@type\":\"PropertyValueSpecification\",\"valueRequired\":true,\"valueName\":\"search_term_string\"}}],\"inLanguage\":\"lv-LV\"}]}<\/script>\n<!-- \/ Yoast SEO plugin. -->","yoast_head_json":{"title":"Licenc\u0113ti gidi un priv\u0101tas ekskursijas vis\u0101 pasaul\u0113 | OfficialGuides","description":"Sazinieties tie\u0161i ar ofici\u0101liem un sertific\u0113tiem gidiem lab\u0101kajos galam\u0113r\u0137os. Rezerv\u0113jiet piel\u0101gotas priv\u0101tas ekskursijas, izvairieties no rind\u0101m un izbaudiet autentisku ce\u013cojumu bez starpniekiem.","robots":{"index":"index","follow":"follow","max-snippet":"max-snippet:-1","max-image-preview":"max-image-preview:large","max-video-preview":"max-video-preview:-1"},"canonical":"https:\/\/officialguides.com\/lv\/","og_locale":"lv_LV","og_type":"article","og_title":"Licenc\u0113ti gidi un priv\u0101tas ekskursijas vis\u0101 pasaul\u0113 | OfficialGuides","og_description":"Sazinieties tie\u0161i ar ofici\u0101liem un sertific\u0113tiem gidiem lab\u0101kajos galam\u0113r\u0137os. Rezerv\u0113jiet piel\u0101gotas priv\u0101tas ekskursijas, izvairieties no rind\u0101m un izbaudiet autentisku ce\u013cojumu bez starpniekiem.","og_url":"https:\/\/officialguides.com\/lv\/","og_site_name":"Find Your Private Tour Guide Around The World!","article_modified_time":"2026-02-01T17:35:10+00:00","og_image":[{"width":1024,"height":523,"url":"https:\/\/officialguides.com\/wp-content\/uploads\/2026\/01\/private-tours-guides.jpg","type":"image\/jpeg"}],"twitter_card":"summary_large_image","twitter_misc":{"Est. reading time":"3 minutes"},"schema":{"@context":"https:\/\/schema.org","@graph":[{"@type":"WebPage","@id":"https:\/\/officialguides.com\/lv\/","url":"https:\/\/officialguides.com\/lv\/","name":"Licenc\u0113ti gidi un priv\u0101tas ekskursijas vis\u0101 pasaul\u0113 | OfficialGuides","isPartOf":{"@id":"https:\/\/officialguides.com\/lv\/#website"},"primaryImageOfPage":{"@id":"https:\/\/officialguides.com\/lv\/#primaryimage"},"image":{"@id":"https:\/\/officialguides.com\/lv\/#primaryimage"},"thumbnailUrl":"https:\/\/officialguides.com\/wp-content\/uploads\/2026\/01\/private-tours-guides.jpg","datePublished":"2020-05-14T22:09:24+00:00","dateModified":"2026-02-01T17:35:10+00:00","description":"Sazinieties tie\u0161i ar ofici\u0101liem un sertific\u0113tiem gidiem lab\u0101kajos galam\u0113r\u0137os. Rezerv\u0113jiet piel\u0101gotas priv\u0101tas ekskursijas, izvairieties no rind\u0101m un izbaudiet autentisku ce\u013cojumu bez starpniekiem.","breadcrumb":{"@id":"https:\/\/officialguides.com\/lv\/#breadcrumb"},"inLanguage":"lv-LV","potentialAction":[{"@type":"ReadAction","target":["https:\/\/officialguides.com\/lv\/"]}]},{"@type":"ImageObject","inLanguage":"lv-LV","@id":"https:\/\/officialguides.com\/lv\/#primaryimage","url":"https:\/\/officialguides.com\/wp-content\/uploads\/2026\/01\/private-tours-guides.jpg","contentUrl":"https:\/\/officialguides.com\/wp-content\/uploads\/2026\/01\/private-tours-guides.jpg","width":1024,"height":523},{"@type":"BreadcrumbList","@id":"https:\/\/officialguides.com\/lv\/#breadcrumb","itemListElement":[{"@type":"ListItem","position":1,"name":"Home","item":"https:\/\/officialguides.com\/lv\/"},{"@type":"ListItem","position":2,"name":"Sazinieties Tie\u0161i Ar Ofici\u0101lajiem Gidiem Vis\u0101 Pasaul\u0113"}]},{"@type":"WebSite","@id":"https:\/\/officialguides.com\/lv\/#website","url":"https:\/\/officialguides.com\/lv\/","name":"Official Tour Guides Around The World! Istanbul, Paris, Rome, Dubai...","description":"Explore cities and popular destinations with professional, official, certified tour guides","alternateName":"Official Guides","potentialAction":[{"@type":"SearchAction","target":{"@type":"EntryPoint","urlTemplate":"https:\/\/officialguides.com\/lv\/?s={search_term_string}"},"query-input":{"@type":"PropertyValueSpecification","valueRequired":true,"valueName":"search_term_string"}}],"inLanguage":"lv-LV"}]}},"_links":{"self":[{"href":"https:\/\/officialguides.com\/lv\/wp-json\/wp\/v2\/pages\/40252","targetHints":{"allow":["GET"]}}],"collection":[{"href":"https:\/\/officialguides.com\/lv\/wp-json\/wp\/v2\/pages"}],"about":[{"href":"https:\/\/officialguides.com\/lv\/wp-json\/wp\/v2\/types\/page"}],"author":[{"embeddable":true,"href":"https:\/\/officialguides.com\/lv\/wp-json\/wp\/v2\/users\/3"}],"replies":[{"embeddable":true,"href":"https:\/\/officialguides.com\/lv\/wp-json\/wp\/v2\/comments?post=40252"}],"version-history":[{"count":41,"href":"https:\/\/officialguides.com\/lv\/wp-json\/wp\/v2\/pages\/40252\/revisions"}],"predecessor-version":[{"id":398182,"href":"https:\/\/officialguides.com\/lv\/wp-json\/wp\/v2\/pages\/40252\/revisions\/398182"}],"wp:featuredmedia":[{"embeddable":true,"href":"https:\/\/officialguides.com\/lv\/wp-json\/wp\/v2\/media\/397548"}],"wp:attachment":[{"href":"https:\/\/officialguides.com\/lv\/wp-json\/wp\/v2\/media?parent=40252"}],"curies":[{"name":"wp","href":"https:\/\/api.w.org\/{rel}","templated":true}]}}