{"id":397939,"date":"2026-01-30T21:57:27","date_gmt":"2026-01-30T18:57:27","guid":{"rendered":"https:\/\/officialguides.com\/privatuma-politika\/"},"modified":"2026-01-30T21:57:27","modified_gmt":"2026-01-30T18:57:27","slug":"privatuma-politika","status":"publish","type":"page","link":"https:\/\/officialguides.com\/lv\/privatuma-politika\/","title":{"rendered":"Priv\u0101tuma Politika"},"content":{"rendered":"<h2 data-path-to-node=\"52\">1. Datu p\u0101rzinis<\/h2>\n<p data-path-to-node=\"53\">\u0160\u012bs t\u012bmek\u013ca vietnes datu p\u0101rzinis ir <b data-path-to-node=\"53\" data-index-in-node=\"37\">OfficialGuides.com<\/b>. Ja jums ir jaut\u0101jumi par j\u016bsu personas datiem, varat sazin\u0101ties ar mums: <b data-path-to-node=\"53\" data-index-in-node=\"130\">info@officialguides.com<\/b>.<\/p>\n<h2 data-path-to-node=\"54\">2. Inform\u0101cija, ko m\u0113s iev\u0101cam<\/h2>\n<p data-path-to-node=\"55\">M\u0113s iev\u0101cam tikai nepiecie\u0161amo inform\u0101ciju, lai atvieglotu sazi\u0146u starp ce\u013cot\u0101jiem un gidiem:<\/p>\n<ul data-path-to-node=\"56\">\n<li>\n<p data-path-to-node=\"56,0,0\"><b data-path-to-node=\"56,0,0\" data-index-in-node=\"0\">Ce\u013cot\u0101jiem:<\/b> V\u0101rds, e-pasta adrese un t\u0101lru\u0146a numurs.<\/p>\n<\/li>\n<li>\n<p data-path-to-node=\"56,1,0\"><b data-path-to-node=\"56,1,0\" data-index-in-node=\"0\">Gidiem:<\/b> V\u0101rds, e-pasts, t\u0101lru\u0146a numurs, profila fotoatt\u0113ls, biogr\u0101fija un profesion\u0101l\u0101s licences dokumenti (ja piem\u0113rojams).<\/p>\n<\/li>\n<\/ul>\n<h2 data-path-to-node=\"57\">3. K\u0101 m\u0113s izmantojam un kop\u012bgojam j\u016bsu datus<\/h2>\n<p data-path-to-node=\"58\">OfficialGuides.com darbojas k\u0101 platforma (marketplace). J\u016bsu dati tiek apstr\u0101d\u0101ti \u0161\u0101di:<\/p>\n<ul data-path-to-node=\"59\">\n<li>\n<p data-path-to-node=\"59,0,0\"><b data-path-to-node=\"59,0,0\" data-index-in-node=\"0\">Mijiedarb\u012bba platform\u0101:<\/b> S\u0101kotn\u0113j\u0101 sazi\u0146a notiek caur m\u016bsu iek\u0161\u0113jo sist\u0113mu.<\/p>\n<\/li>\n<li>\n<p data-path-to-node=\"59,1,0\"><b data-path-to-node=\"59,1,0\" data-index-in-node=\"0\">Kontaktu kop\u012bgo\u0161ana:<\/b> J\u016bsu e-pasts un t\u0101lru\u0146a numurs <b data-path-to-node=\"59,1,0\" data-index-in-node=\"52\">netiek<\/b> kop\u012bgots, kam\u0113r lietot\u0101js nav skaidri noklik\u0161\u0137in\u0101jis uz pogas <b data-path-to-node=\"59,1,0\" data-index-in-node=\"121\">&#8220;Confirm&#8221;<\/b> (Apstiprin\u0101t). To darot, j\u016bs br\u012bvpr\u0101t\u012bgi piekr\u012btat kop\u012bgot savu kontaktinform\u0101ciju ar otru pusi.<\/p>\n<\/li>\n<li>\n<p data-path-to-node=\"59,2,0\"><b data-path-to-node=\"59,2,0\" data-index-in-node=\"0\">Anal\u012btika:<\/b> M\u0113s izmantojam <b data-path-to-node=\"59,2,0\" data-index-in-node=\"26\">Google Analytics<\/b>, lai anon\u012bmi uzraudz\u012btu vietnes trafiku.<\/p>\n<\/li>\n<li>\n<p data-path-to-node=\"59,3,0\"><b data-path-to-node=\"59,3,0\" data-index-in-node=\"0\">Maks\u0101jumi:<\/b> M\u0113s neiev\u0101cam un neuzglab\u0101jam bankas datus, jo m\u016bsu platform\u0101 netiek apstr\u0101d\u0101ti maks\u0101jumi.<\/p>\n<\/li>\n<\/ul>\n<h2 data-path-to-node=\"60\">4. Datu glab\u0101\u0161ana<\/h2>\n<p data-path-to-node=\"61\">M\u0113s glab\u0101jam j\u016bsu personas datus <b data-path-to-node=\"61\" data-index-in-node=\"33\">1 gadu<\/b> p\u0113c konta sl\u0113g\u0161anas. P\u0113c \u0161\u012b perioda dati tiek neatgriezeniski dz\u0113sti.<\/p>\n<h2 data-path-to-node=\"62\">5. J\u016bsu ties\u012bbas<\/h2>\n<p data-path-to-node=\"63\">Jums ir ties\u012bbas piek\u013c\u016bt saviem personas datiem, labot vai dz\u0113st tos. Lai izmantotu \u0161\u012bs ties\u012bbas, sazinieties ar mums: <b data-path-to-node=\"63\" data-index-in-node=\"119\">info@officialguides.com<\/b>.<\/p>\n","protected":false},"excerpt":{"rendered":"<p>1. Datu p\u0101rzinis \u0160\u012bs t\u012bmek\u013ca vietnes datu p\u0101rzinis ir OfficialGuides.com. Ja jums ir jaut\u0101jumi par j\u016bsu personas datiem, varat sazin\u0101ties ar mums: info@officialguides.com. 2. Inform\u0101cija, ko m\u0113s iev\u0101cam M\u0113s iev\u0101cam tikai nepiecie\u0161amo inform\u0101ciju, lai atvieglotu sazi\u0146u starp ce\u013cot\u0101jiem un gidiem: Ce\u013cot\u0101jiem: V\u0101rds, e-pasta adrese un t\u0101lru\u0146a numurs. Gidiem: V\u0101rds, e-pasts, t\u0101lru\u0146a numurs, profila fotoatt\u0113ls, biogr\u0101fija &#8230; <a title=\"Priv\u0101tuma Politika\" class=\"read-more\" href=\"https:\/\/officialguides.com\/lv\/privatuma-politika\/\" aria-label=\"Read more about Priv\u0101tuma Politika\">Read more<\/a><\/p>\n","protected":false},"author":3,"featured_media":0,"parent":0,"menu_order":0,"comment_status":"closed","ping_status":"closed","template":"","meta":{"_acf_changed":false,"footnotes":""},"class_list":["post-397939","page","type-page","status-publish"],"acf":[],"yoast_head":"<!-- This site is optimized with the Yoast SEO plugin v27.5 - https:\/\/yoast.com\/product\/yoast-seo-wordpress\/ -->\n<title>Priv\u0101tuma politika | OfficialGuides.com<\/title>\n<meta name=\"description\" content=\"Uzziniet, k\u0101 OfficialGuides.com aizsarg\u0101 j\u016bsu datus. Caursp\u012bd\u012bga inform\u0101cija ce\u013cot\u0101jiem un licenc\u0113tiem gidiem.\" \/>\n<meta name=\"robots\" content=\"index, follow, max-snippet:-1, max-image-preview:large, max-video-preview:-1\" \/>\n<link rel=\"canonical\" href=\"https:\/\/officialguides.com\/lv\/privatuma-politika\/\" \/>\n<meta property=\"og:locale\" content=\"lv_LV\" \/>\n<meta property=\"og:type\" content=\"article\" \/>\n<meta property=\"og:title\" content=\"Priv\u0101tuma politika | OfficialGuides.com\" \/>\n<meta property=\"og:description\" content=\"Uzziniet, k\u0101 OfficialGuides.com aizsarg\u0101 j\u016bsu datus. Caursp\u012bd\u012bga inform\u0101cija ce\u013cot\u0101jiem un licenc\u0113tiem gidiem.\" \/>\n<meta property=\"og:url\" content=\"https:\/\/officialguides.com\/lv\/privatuma-politika\/\" \/>\n<meta property=\"og:site_name\" content=\"Find Your Private Tour Guide Around The World!\" \/>\n<meta name=\"twitter:card\" content=\"summary_large_image\" \/>\n<meta name=\"twitter:label1\" content=\"Est. reading time\" \/>\n\t<meta name=\"twitter:data1\" content=\"1 minute\" \/>\n<script type=\"application\/ld+json\" class=\"yoast-schema-graph\">{\"@context\":\"https:\\\/\\\/schema.org\",\"@graph\":[{\"@type\":\"WebPage\",\"@id\":\"https:\\\/\\\/officialguides.com\\\/lv\\\/privatuma-politika\\\/\",\"url\":\"https:\\\/\\\/officialguides.com\\\/lv\\\/privatuma-politika\\\/\",\"name\":\"Priv\u0101tuma politika | OfficialGuides.com\",\"isPartOf\":{\"@id\":\"https:\\\/\\\/officialguides.com\\\/lv\\\/#website\"},\"datePublished\":\"2026-01-30T18:57:27+00:00\",\"description\":\"Uzziniet, k\u0101 OfficialGuides.com aizsarg\u0101 j\u016bsu datus. Caursp\u012bd\u012bga inform\u0101cija ce\u013cot\u0101jiem un licenc\u0113tiem gidiem.\",\"breadcrumb\":{\"@id\":\"https:\\\/\\\/officialguides.com\\\/lv\\\/privatuma-politika\\\/#breadcrumb\"},\"inLanguage\":\"lv-LV\",\"potentialAction\":[{\"@type\":\"ReadAction\",\"target\":[\"https:\\\/\\\/officialguides.com\\\/lv\\\/privatuma-politika\\\/\"]}]},{\"@type\":\"BreadcrumbList\",\"@id\":\"https:\\\/\\\/officialguides.com\\\/lv\\\/privatuma-politika\\\/#breadcrumb\",\"itemListElement\":[{\"@type\":\"ListItem\",\"position\":1,\"name\":\"Home\",\"item\":\"https:\\\/\\\/officialguides.com\\\/lv\\\/\"},{\"@type\":\"ListItem\",\"position\":2,\"name\":\"Priv\u0101tuma Politika\"}]},{\"@type\":\"WebSite\",\"@id\":\"https:\\\/\\\/officialguides.com\\\/lv\\\/#website\",\"url\":\"https:\\\/\\\/officialguides.com\\\/lv\\\/\",\"name\":\"Official Tour Guides Around The World! Istanbul, Paris, Rome, Dubai...\",\"description\":\"Explore cities and popular destinations with professional, official, certified tour guides\",\"alternateName\":\"Official Guides\",\"potentialAction\":[{\"@type\":\"SearchAction\",\"target\":{\"@type\":\"EntryPoint\",\"urlTemplate\":\"https:\\\/\\\/officialguides.com\\\/lv\\\/?s={search_term_string}\"},\"query-input\":{\"@type\":\"PropertyValueSpecification\",\"valueRequired\":true,\"valueName\":\"search_term_string\"}}],\"inLanguage\":\"lv-LV\"}]}<\/script>\n<!-- \/ Yoast SEO plugin. -->","yoast_head_json":{"title":"Priv\u0101tuma politika | OfficialGuides.com","description":"Uzziniet, k\u0101 OfficialGuides.com aizsarg\u0101 j\u016bsu datus. Caursp\u012bd\u012bga inform\u0101cija ce\u013cot\u0101jiem un licenc\u0113tiem gidiem.","robots":{"index":"index","follow":"follow","max-snippet":"max-snippet:-1","max-image-preview":"max-image-preview:large","max-video-preview":"max-video-preview:-1"},"canonical":"https:\/\/officialguides.com\/lv\/privatuma-politika\/","og_locale":"lv_LV","og_type":"article","og_title":"Priv\u0101tuma politika | OfficialGuides.com","og_description":"Uzziniet, k\u0101 OfficialGuides.com aizsarg\u0101 j\u016bsu datus. Caursp\u012bd\u012bga inform\u0101cija ce\u013cot\u0101jiem un licenc\u0113tiem gidiem.","og_url":"https:\/\/officialguides.com\/lv\/privatuma-politika\/","og_site_name":"Find Your Private Tour Guide Around The World!","twitter_card":"summary_large_image","twitter_misc":{"Est. reading time":"1 minute"},"schema":{"@context":"https:\/\/schema.org","@graph":[{"@type":"WebPage","@id":"https:\/\/officialguides.com\/lv\/privatuma-politika\/","url":"https:\/\/officialguides.com\/lv\/privatuma-politika\/","name":"Priv\u0101tuma politika | OfficialGuides.com","isPartOf":{"@id":"https:\/\/officialguides.com\/lv\/#website"},"datePublished":"2026-01-30T18:57:27+00:00","description":"Uzziniet, k\u0101 OfficialGuides.com aizsarg\u0101 j\u016bsu datus. Caursp\u012bd\u012bga inform\u0101cija ce\u013cot\u0101jiem un licenc\u0113tiem gidiem.","breadcrumb":{"@id":"https:\/\/officialguides.com\/lv\/privatuma-politika\/#breadcrumb"},"inLanguage":"lv-LV","potentialAction":[{"@type":"ReadAction","target":["https:\/\/officialguides.com\/lv\/privatuma-politika\/"]}]},{"@type":"BreadcrumbList","@id":"https:\/\/officialguides.com\/lv\/privatuma-politika\/#breadcrumb","itemListElement":[{"@type":"ListItem","position":1,"name":"Home","item":"https:\/\/officialguides.com\/lv\/"},{"@type":"ListItem","position":2,"name":"Priv\u0101tuma Politika"}]},{"@type":"WebSite","@id":"https:\/\/officialguides.com\/lv\/#website","url":"https:\/\/officialguides.com\/lv\/","name":"Official Tour Guides Around The World! Istanbul, Paris, Rome, Dubai...","description":"Explore cities and popular destinations with professional, official, certified tour guides","alternateName":"Official Guides","potentialAction":[{"@type":"SearchAction","target":{"@type":"EntryPoint","urlTemplate":"https:\/\/officialguides.com\/lv\/?s={search_term_string}"},"query-input":{"@type":"PropertyValueSpecification","valueRequired":true,"valueName":"search_term_string"}}],"inLanguage":"lv-LV"}]}},"_links":{"self":[{"href":"https:\/\/officialguides.com\/lv\/wp-json\/wp\/v2\/pages\/397939","targetHints":{"allow":["GET"]}}],"collection":[{"href":"https:\/\/officialguides.com\/lv\/wp-json\/wp\/v2\/pages"}],"about":[{"href":"https:\/\/officialguides.com\/lv\/wp-json\/wp\/v2\/types\/page"}],"author":[{"embeddable":true,"href":"https:\/\/officialguides.com\/lv\/wp-json\/wp\/v2\/users\/3"}],"replies":[{"embeddable":true,"href":"https:\/\/officialguides.com\/lv\/wp-json\/wp\/v2\/comments?post=397939"}],"version-history":[{"count":0,"href":"https:\/\/officialguides.com\/lv\/wp-json\/wp\/v2\/pages\/397939\/revisions"}],"wp:attachment":[{"href":"https:\/\/officialguides.com\/lv\/wp-json\/wp\/v2\/media?parent=397939"}],"curies":[{"name":"wp","href":"https:\/\/api.w.org\/{rel}","templated":true}]}}