{"id":394758,"date":"2025-04-18T20:21:43","date_gmt":"2025-04-18T17:21:43","guid":{"rendered":"https:\/\/officialguides.com\/mediciniskais-turisms\/"},"modified":"2025-04-18T20:21:43","modified_gmt":"2025-04-18T17:21:43","slug":"mediciniskais-turisms","status":"publish","type":"page","link":"https:\/\/officialguides.com\/lv\/mediciniskais-turisms\/","title":{"rendered":"Medic\u012bniskais T\u016brisms"},"content":{"rendered":"<h2 class=\"\" data-start=\"517\" data-end=\"562\">\ud83c\udf0d Starptautiskais Medic\u012bniskais T\u016brisms<\/h2>\n<p class=\"\" data-start=\"563\" data-end=\"673\"><strong data-start=\"563\" data-end=\"673\">Atkl\u0101jiet uzticamus medic\u012bnas t\u016brisma galam\u0113r\u0137us ar p\u0101rskat\u0101mu inform\u0101ciju un autentisku kult\u016bras pieredzi<\/strong><\/p>\n<p class=\"\" data-start=\"675\" data-end=\"875\">Laipni l\u016bdzam platform\u0101, kas pal\u012bdz izp\u0113t\u012bt augsti nov\u0113rt\u0113tus <strong data-start=\"737\" data-end=\"783\">starptautisk\u0101 medic\u012bnas t\u016brisma galam\u0113r\u0137us<\/strong>, kur augstas kvalit\u0101tes vesel\u012bbas apr\u016bpe apvienojas ar kult\u016bras bag\u0101t\u012bbu un piedz\u012bvojumiem.<\/p>\n<p class=\"\" data-start=\"877\" data-end=\"1178\"><strong data-start=\"877\" data-end=\"899\">Officialguides.com<\/strong> sniedz visp\u0101r\u012bgu inform\u0101ciju par <strong data-start=\"933\" data-end=\"995\">kl\u012bnik\u0101m un slimn\u012bc\u0101m, kas pie\u0146em starptautiskos pacientus<\/strong>. M\u0113s pa\u0161i nesniedzam \u0101rstniec\u012bbas pakalpojumus, bet pal\u012bdzam atrast uzticamus vesel\u012bbas apr\u016bpes pakalpojumu sniedz\u0113jus un papildin\u0101t j\u016bsu ce\u013cojumu ar ekskursij\u0101m un viet\u0113jo pieredzi.<\/p>\n<hr class=\"\" data-start=\"1180\" data-end=\"1183\" \/>\n<h3 class=\"\" data-start=\"1185\" data-end=\"1226\">K\u0101p\u0113c Izv\u0113l\u0113ties Medic\u012bnisko T\u016brismu?<\/h3>\n<p class=\"\" data-start=\"1228\" data-end=\"1302\">Miljoniem cilv\u0113ku katru gadu izv\u0113las \u0101rst\u0113ties \u0101rvalst\u012bs \u0161\u0101du iemeslu d\u0113\u013c:<\/p>\n<ul>\n<li data-start=\"1306\" data-end=\"1372\">\ud83c\udfe5 Piek\u013cuve akredit\u0113t\u0101m kl\u012bnik\u0101m un pieredz\u0113ju\u0161iem speci\u0101listiem<\/li>\n<li data-start=\"1375\" data-end=\"1422\">\ud83d\udcb0 Zem\u0101kas izmaksas sal\u012bdzin\u0101jum\u0101 ar dzimteni<\/li>\n<li data-start=\"1425\" data-end=\"1452\">\ud83d\udcc6 \u012as\u0101ki gaid\u012b\u0161anas laiki<\/li>\n<li data-start=\"1455\" data-end=\"1502\">\u2708\ufe0f Iesp\u0113ja apvienot \u0101rst\u0113\u0161anu ar atva\u013cin\u0101jumu<\/li>\n<li data-start=\"1505\" data-end=\"1550\">\ud83d\udcac Daudzvalodu, pacientam draudz\u012bgs person\u0101ls<\/li>\n<\/ul>\n<p class=\"\" data-start=\"1552\" data-end=\"1668\">M\u0113s pal\u012bdzam atrast valstis, kas <strong data-start=\"1585\" data-end=\"1667\">paz\u012bstamas ar augstu medic\u012bnas kvalit\u0101ti un viesm\u012bl\u012bbu pret \u0101rzemju pacientiem<\/strong>.<\/p>\n<hr class=\"\" data-start=\"1670\" data-end=\"1673\" \/>\n<h3 class=\"\" data-start=\"1675\" data-end=\"1707\">Popul\u0101r\u0101kie \u0100rst\u0113\u0161anas Veidi<\/h3>\n<p class=\"\" data-start=\"1709\" data-end=\"1774\">\u0160aj\u0101s valst\u012bs visbie\u017e\u0101k tiek mekl\u0113ti \u0161\u0101di \u0101rst\u0113\u0161anas pakalpojumi:<\/p>\n<ul>\n<li data-start=\"1778\" data-end=\"1839\">\u2705 <strong data-start=\"1780\" data-end=\"1798\">Zob\u0101rstniec\u012bba<\/strong> (implanti, pl\u0101ksn\u012btes, smaida dizains)<\/li>\n<li data-start=\"1842\" data-end=\"1882\">\u2705 <strong data-start=\"1844\" data-end=\"1880\">Plastisk\u0101 un est\u0113tisk\u0101 \u0137irur\u0123ija<\/strong><\/li>\n<li data-start=\"1885\" data-end=\"1913\">\u2705 <strong data-start=\"1887\" data-end=\"1911\">Matu transplant\u0101cija<\/strong><\/li>\n<li data-start=\"1916\" data-end=\"1948\">\u2705 <strong data-start=\"1918\" data-end=\"1946\">Augl\u012bbas \u0101rst\u0113\u0161ana (IVF)<\/strong><\/li>\n<li data-start=\"1951\" data-end=\"1994\">\u2705 <strong data-start=\"1953\" data-end=\"1992\">Ortop\u0113disk\u0101 un mugurkaula \u0137irur\u0123ija<\/strong><\/li>\n<li data-start=\"1997\" data-end=\"2034\">\u2705 <strong data-start=\"1999\" data-end=\"2032\">L\u0101zeroper\u0101cijas un acu apr\u016bpe<\/strong><\/li>\n<li data-start=\"2037\" data-end=\"2109\">\u2705 <strong data-start=\"2039\" data-end=\"2109\">Labsaj\u016btas programmas, rehabilit\u0101cija un pretnoveco\u0161an\u0101s terapijas<\/strong><\/li>\n<\/ul>\n<p class=\"\" data-start=\"2111\" data-end=\"2266\">\ud83d\udccc <em data-start=\"2114\" data-end=\"2266\">Piez\u012bme: m\u0113s nesniedzam medic\u012bniskus padomus un negarant\u0113jam \u0101rst\u0113\u0161anas rezult\u0101tus. Visa inform\u0101cija ir tikai sal\u012bdzino\u0161iem un informat\u012bviem nol\u016bkiem.<\/em><\/p>\n<hr class=\"\" data-start=\"2268\" data-end=\"2271\" \/>\n<h3 class=\"\" data-start=\"2273\" data-end=\"2314\">Ieteiktie Medic\u012bnas T\u016brisma Galam\u0113r\u0137i<\/h3>\n<p class=\"\" data-start=\"2316\" data-end=\"2400\">\u0160\u012bs valstis ir paz\u012bstamas ar kvalitat\u012bviem pakalpojumiem starptautiskiem pacientiem:<\/p>\n<ul>\n<li data-start=\"2404\" data-end=\"2591\">\ud83c\uddf9\ud83c\uddf7 <strong data-start=\"2409\" data-end=\"2420\">Turcija<\/strong> \u2013 est\u0113tisk\u0101 zob\u0101rstniec\u012bba, plastisk\u0101 \u0137irur\u0123ija, acu \u0101rst\u0113\u0161ana, org\u0101nu transplant\u0101cija, onkolo\u0123ija, sirds \u0137irur\u0123ija, ortop\u0113disk\u0101 \u0137irur\u0123ija un m\u0101ksl\u012bg\u0101 apaug\u013co\u0161ana (IVF)<\/li>\n<li data-start=\"2594\" data-end=\"2654\">\ud83c\udded\ud83c\uddfa <strong data-start=\"2599\" data-end=\"2611\">Ung\u0101rija<\/strong> \u2013 kosm\u0113tisk\u0101 zob\u0101rstniec\u012bba, ortodontija<\/li>\n<li data-start=\"2657\" data-end=\"2723\">\ud83c\udded\ud83c\uddf7 <strong data-start=\"2662\" data-end=\"2675\">Horv\u0101tija<\/strong> \u2013 zob\u0101rstniec\u012bba, labsaj\u016bta un rehabilit\u0101cija<\/li>\n<li data-start=\"2726\" data-end=\"2788\">\ud83c\uddf2\ud83c\uddfd <strong data-start=\"2731\" data-end=\"2742\">Meksika<\/strong> \u2013 bariatrijas oper\u0101cijas, augl\u012bbas kl\u012bnikas<\/li>\n<li data-start=\"2791\" data-end=\"2857\">\ud83c\uddea\ud83c\uddf8 <strong data-start=\"2796\" data-end=\"2807\">Sp\u0101nija<\/strong> \u2013 est\u0113tisk\u0101 \u0137irur\u0123ija, pretnoveco\u0161an\u0101s medic\u012bna<\/li>\n<li data-start=\"2860\" data-end=\"2920\">\ud83c\uddf9\ud83c\udded <strong data-start=\"2865\" data-end=\"2876\">Taizeme<\/strong> \u2013 medic\u012bniskie spa, est\u0113tisk\u0101s proced\u016bras<\/li>\n<li data-start=\"2923\" data-end=\"2993\">\ud83c\uddf0\ud83c\uddf7 <strong data-start=\"2928\" data-end=\"2945\">Dienvidkoreja<\/strong> \u2013 dermatolo\u0123ija, progres\u012bvas sejas proced\u016bras<\/li>\n<li data-start=\"2996\" data-end=\"3062\">\ud83c\uddee\ud83c\uddf3 <strong data-start=\"3001\" data-end=\"3011\">Indija<\/strong> \u2013 ortop\u0113dija, sirds \u0137irur\u0123ija, aj\u016brv\u0113das terapijas<\/li>\n<\/ul>\n<p class=\"\" data-start=\"3064\" data-end=\"3169\">Visas min\u0113t\u0101s iest\u0101des ir <strong data-start=\"3090\" data-end=\"3114\">neatkar\u012bgas kl\u012bnikas<\/strong>, kas specializ\u0113jas starptautisko pacientu apkalpo\u0161an\u0101.<\/p>\n<hr class=\"\" data-start=\"3171\" data-end=\"3174\" \/>\n<h3 class=\"\" data-start=\"3176\" data-end=\"3212\">Apvienojiet \u0100rst\u0113\u0161anu ar Kult\u016bru<\/h3>\n<p class=\"\" data-start=\"3214\" data-end=\"3515\">Papildus \u0101rstniec\u012bbas inform\u0101cijai m\u0113s pied\u0101v\u0101jam iesp\u0113ju sazin\u0101ties ar <strong data-start=\"3286\" data-end=\"3310\">sertific\u0113tiem gidiem<\/strong> da\u017e\u0101d\u0101s pils\u0113t\u0101s.<br data-start=\"3328\" data-end=\"3331\" \/>Neatkar\u012bgi no t\u0101, vai t\u0101 ir v\u0113sturiska ekskursija Stambul\u0101, v\u012bna t\u016bre Sp\u0101nij\u0101 vai ainaviska brauciena pieredze gar Donavu \u2013 atvese\u013co\u0161an\u0101s var k\u013c\u016bt par v\u0113rt\u012bgu j\u016bsu ce\u013cojuma sast\u0101vda\u013cu.<\/p>\n<blockquote data-start=\"3517\" data-end=\"3624\">\n<p class=\"\" data-start=\"3519\" data-end=\"3624\">\ud83c\udfa7 <em data-start=\"3522\" data-end=\"3624\">Priv\u0101t\u0101s ekskursijas ir izv\u0113les iesp\u0113ja un tiek organiz\u0113tas p\u0113c piepras\u012bjuma ar p\u0101rbaud\u012btiem gidiem.<\/em><\/p>\n<\/blockquote>\n<hr class=\"\" data-start=\"3626\" data-end=\"3629\" \/>\n<h3 class=\"\" data-start=\"3631\" data-end=\"3668\">Neatkar\u012bga un Objekt\u012bva Platforma<\/h3>\n<ul>\n<li data-start=\"3672\" data-end=\"3743\">\u2757 <strong data-start=\"3674\" data-end=\"3741\">M\u0113s nerekomend\u0113jam konkr\u0113tas \u0101rst\u0113\u0161anas metodes vai proced\u016bras.<\/strong><\/li>\n<li data-start=\"3746\" data-end=\"3811\">\ud83c\udfe5 Kl\u012bnikas, \u0101rsta un \u0101rst\u0113\u0161anas izv\u0113le ir lietot\u0101ja atbild\u012bba.<\/li>\n<li data-start=\"3814\" data-end=\"3875\">\ud83d\udcd1 Visa inform\u0101cija ir visp\u0101r\u012bga un nav juridiski saisto\u0161a.<\/li>\n<li data-start=\"3878\" data-end=\"3984\">\ud83d\udee1\ufe0f <strong data-start=\"3882\" data-end=\"3984\">M\u0113s neuz\u0146emamies atbild\u012bbu par \u0101rst\u0113\u0161anas rezult\u0101tiem vai tre\u0161o personu sniegtajiem pakalpojumiem.<\/strong><\/li>\n<\/ul>\n<hr class=\"\" data-start=\"3986\" data-end=\"3989\" \/>\n<h3 class=\"\" data-start=\"3991\" data-end=\"4022\">\u2709\ufe0f V\u0113laties Uzzin\u0101t Vair\u0101k?<\/h3>\n<p class=\"\" data-start=\"4024\" data-end=\"4160\">Ja apsverat \u0101rst\u0113\u0161anos \u0101rvalst\u012bs un v\u0113laties uzzin\u0101t vair\u0101k par galam\u0113r\u0137iem, kl\u012bnik\u0101m vai kult\u016bras iesp\u0113j\u0101m \u2013 dro\u0161i sazinieties ar mums!<\/p>\n<p class=\"\" data-start=\"4162\" data-end=\"4265\">\ud83d\udc49 <span style=\"text-decoration: underline;\"><strong data-start=\"4165\" data-end=\"4194\">SAZINIETIES AR MUMS T\u016aL\u012aT<\/strong><\/span> \u2013 sa\u0146emiet p\u0101rskatu par \u0101rst\u0113\u0161anas iesp\u0113j\u0101m un priv\u0101taj\u0101m ekskursij\u0101m.<\/p>\n<p data-start=\"4162\" data-end=\"4265\"><div class=\"wpforms-container wpforms-container-full\" id=\"wpforms-4263\"><form id=\"wpforms-form-4263\" class=\"wpforms-validate wpforms-form\" data-formid=\"4263\" method=\"post\" enctype=\"multipart\/form-data\" action=\"\/lv\/wp-json\/wp\/v2\/pages\/394758\" data-token=\"64ee37961eb10155f20c3e641885e0b8\" data-token-time=\"1777987824\"><noscript class=\"wpforms-error-noscript\">Please enable JavaScript in your browser to complete this form.<\/noscript><div class=\"wpforms-field-container\"><div id=\"wpforms-4263-field_0-container\" class=\"wpforms-field wpforms-field-name\" data-field-id=\"0\"><label class=\"wpforms-field-label\">Name <span class=\"wpforms-required-label\">*<\/span><\/label><div class=\"wpforms-field-row wpforms-field-medium\"><div class=\"wpforms-field-row-block wpforms-first wpforms-one-half\"><input type=\"text\" id=\"wpforms-4263-field_0\" class=\"wpforms-field-name-first wpforms-field-required\" name=\"wpforms[fields][0][first]\" required><label for=\"wpforms-4263-field_0\" class=\"wpforms-field-sublabel after\">First<\/label><\/div><div class=\"wpforms-field-row-block wpforms-one-half\"><input type=\"text\" id=\"wpforms-4263-field_0-last\" class=\"wpforms-field-name-last wpforms-field-required\" name=\"wpforms[fields][0][last]\" required><label for=\"wpforms-4263-field_0-last\" class=\"wpforms-field-sublabel after\">Last<\/label><\/div><\/div><\/div><div id=\"wpforms-4263-field_1-container\" class=\"wpforms-field wpforms-field-email\" data-field-id=\"1\"><label class=\"wpforms-field-label\" for=\"wpforms-4263-field_1\">Email <span class=\"wpforms-required-label\">*<\/span><\/label><input type=\"email\" id=\"wpforms-4263-field_1\" class=\"wpforms-field-medium wpforms-field-required\" name=\"wpforms[fields][1]\" spellcheck=\"false\" required><\/div><div id=\"wpforms-4263-field_4-container\" class=\"wpforms-field wpforms-field-phone\" data-field-id=\"4\"><label class=\"wpforms-field-label\" for=\"wpforms-4263-field_4\">Mobile Phone<\/label><input type=\"tel\" id=\"wpforms-4263-field_4\" class=\"wpforms-field-medium wpforms-smart-phone-field\" data-rule-smart-phone-field=\"true\" name=\"wpforms[fields][4]\" aria-label=\"Mobile Phone\" ><\/div><div id=\"wpforms-4263-field_2-container\" class=\"wpforms-field wpforms-field-textarea\" data-field-id=\"2\"><label class=\"wpforms-field-label\" for=\"wpforms-4263-field_2\">Comment or Message <span class=\"wpforms-required-label\">*<\/span><\/label><textarea id=\"wpforms-4263-field_2\" class=\"wpforms-field-medium wpforms-field-required\" name=\"wpforms[fields][2]\" required><\/textarea><\/div><\/div><!-- .wpforms-field-container --><div class=\"wpforms-field wpforms-field-hp\"><label for=\"wpforms-4263-field-hp\" class=\"wpforms-field-label\">Comment<\/label><input type=\"text\" name=\"wpforms[hp]\" id=\"wpforms-4263-field-hp\" class=\"wpforms-field-medium\"><\/div><div class=\"wpforms-recaptcha-container wpforms-is-recaptcha wpforms-is-recaptcha-type-v2\" ><div class=\"g-recaptcha\" data-sitekey=\"6LcUi_IZAAAAAPZECIskiqveM1KET8SQPPj592eW\"><\/div><input type=\"text\" name=\"g-recaptcha-hidden\" class=\"wpforms-recaptcha-hidden\" style=\"position:absolute!important;clip:rect(0,0,0,0)!important;height:1px!important;width:1px!important;border:0!important;overflow:hidden!important;padding:0!important;margin:0!important;\" data-rule-recaptcha=\"1\"><\/div><div class=\"wpforms-submit-container\" ><input type=\"hidden\" name=\"wpforms[id]\" value=\"4263\"><input type=\"hidden\" name=\"page_title\" value=\"\"><input type=\"hidden\" name=\"page_url\" value=\"https:\/\/officialguides.com\/lv\/wp-json\/wp\/v2\/pages\/394758\"><input type=\"hidden\" name=\"url_referer\" value=\"\"><button type=\"submit\" name=\"wpforms[submit]\" id=\"wpforms-submit-4263\" class=\"wpforms-submit\" data-alt-text=\"Sending...\" data-submit-text=\"Submit\" aria-live=\"assertive\" value=\"wpforms-submit\">Submit<\/button><\/div><\/form><\/div>  <!-- .wpforms-container --><\/p>\n","protected":false},"excerpt":{"rendered":"<p>\ud83c\udf0d Starptautiskais Medic\u012bniskais T\u016brisms Atkl\u0101jiet uzticamus medic\u012bnas t\u016brisma galam\u0113r\u0137us ar p\u0101rskat\u0101mu inform\u0101ciju un autentisku kult\u016bras pieredzi Laipni l\u016bdzam platform\u0101, kas pal\u012bdz izp\u0113t\u012bt augsti nov\u0113rt\u0113tus starptautisk\u0101 medic\u012bnas t\u016brisma galam\u0113r\u0137us, kur augstas kvalit\u0101tes vesel\u012bbas apr\u016bpe apvienojas ar kult\u016bras bag\u0101t\u012bbu un piedz\u012bvojumiem. Officialguides.com sniedz visp\u0101r\u012bgu inform\u0101ciju par kl\u012bnik\u0101m un slimn\u012bc\u0101m, kas pie\u0146em starptautiskos pacientus. M\u0113s pa\u0161i nesniedzam \u0101rstniec\u012bbas &#8230; <a title=\"Medic\u012bniskais T\u016brisms\" class=\"read-more\" href=\"https:\/\/officialguides.com\/lv\/mediciniskais-turisms\/\" aria-label=\"Read more about Medic\u012bniskais T\u016brisms\">Read more<\/a><\/p>\n","protected":false},"author":3,"featured_media":394722,"parent":0,"menu_order":0,"comment_status":"closed","ping_status":"closed","template":"","meta":{"_acf_changed":false,"footnotes":""},"class_list":["post-394758","page","type-page","status-publish","has-post-thumbnail"],"acf":[],"yoast_head":"<!-- This site is optimized with the Yoast SEO plugin v27.5 - https:\/\/yoast.com\/product\/yoast-seo-wordpress\/ -->\n<title>Starptautiskais Medic\u012bniskais T\u016brisms \u2013 Uzticamas Kl\u012bnikas un Kult\u016bras Pieredze<\/title>\n<meta name=\"description\" content=\"Izp\u0113tiet pasaules popul\u0101r\u0101kos vesel\u012bbas t\u016brisma galam\u0113r\u0137us. Sal\u012bdziniet kl\u012bnikas un apvienojiet \u0101rst\u0113\u0161anu ar ce\u013cojumu pieredzi.\" \/>\n<meta name=\"robots\" content=\"index, follow, max-snippet:-1, max-image-preview:large, max-video-preview:-1\" \/>\n<link rel=\"canonical\" href=\"https:\/\/officialguides.com\/lv\/mediciniskais-turisms\/\" \/>\n<meta property=\"og:locale\" content=\"lv_LV\" \/>\n<meta property=\"og:type\" content=\"article\" \/>\n<meta property=\"og:title\" content=\"Starptautiskais Medic\u012bniskais T\u016brisms \u2013 Uzticamas Kl\u012bnikas un Kult\u016bras Pieredze\" \/>\n<meta property=\"og:description\" content=\"Izp\u0113tiet pasaules popul\u0101r\u0101kos vesel\u012bbas t\u016brisma galam\u0113r\u0137us. Sal\u012bdziniet kl\u012bnikas un apvienojiet \u0101rst\u0113\u0161anu ar ce\u013cojumu pieredzi.\" \/>\n<meta property=\"og:url\" content=\"https:\/\/officialguides.com\/lv\/mediciniskais-turisms\/\" \/>\n<meta property=\"og:site_name\" content=\"Find Your Private Tour Guide Around The World!\" \/>\n<meta property=\"og:image\" content=\"https:\/\/officialguides.com\/wp-content\/uploads\/2025\/04\/medical-tourism.jpg\" \/>\n\t<meta property=\"og:image:width\" content=\"1023\" \/>\n\t<meta property=\"og:image:height\" content=\"373\" \/>\n\t<meta property=\"og:image:type\" content=\"image\/jpeg\" \/>\n<meta name=\"twitter:card\" content=\"summary_large_image\" \/>\n<meta name=\"twitter:label1\" content=\"Est. reading time\" \/>\n\t<meta name=\"twitter:data1\" content=\"3 minutes\" \/>\n<script type=\"application\/ld+json\" class=\"yoast-schema-graph\">{\"@context\":\"https:\\\/\\\/schema.org\",\"@graph\":[{\"@type\":\"WebPage\",\"@id\":\"https:\\\/\\\/officialguides.com\\\/lv\\\/mediciniskais-turisms\\\/\",\"url\":\"https:\\\/\\\/officialguides.com\\\/lv\\\/mediciniskais-turisms\\\/\",\"name\":\"Starptautiskais Medic\u012bniskais T\u016brisms \u2013 Uzticamas Kl\u012bnikas un Kult\u016bras Pieredze\",\"isPartOf\":{\"@id\":\"https:\\\/\\\/officialguides.com\\\/lv\\\/#website\"},\"primaryImageOfPage\":{\"@id\":\"https:\\\/\\\/officialguides.com\\\/lv\\\/mediciniskais-turisms\\\/#primaryimage\"},\"image\":{\"@id\":\"https:\\\/\\\/officialguides.com\\\/lv\\\/mediciniskais-turisms\\\/#primaryimage\"},\"thumbnailUrl\":\"https:\\\/\\\/officialguides.com\\\/wp-content\\\/uploads\\\/2025\\\/04\\\/medical-tourism.jpg\",\"datePublished\":\"2025-04-18T17:21:43+00:00\",\"description\":\"Izp\u0113tiet pasaules popul\u0101r\u0101kos vesel\u012bbas t\u016brisma galam\u0113r\u0137us. Sal\u012bdziniet kl\u012bnikas un apvienojiet \u0101rst\u0113\u0161anu ar ce\u013cojumu pieredzi.\",\"breadcrumb\":{\"@id\":\"https:\\\/\\\/officialguides.com\\\/lv\\\/mediciniskais-turisms\\\/#breadcrumb\"},\"inLanguage\":\"lv-LV\",\"potentialAction\":[{\"@type\":\"ReadAction\",\"target\":[\"https:\\\/\\\/officialguides.com\\\/lv\\\/mediciniskais-turisms\\\/\"]}]},{\"@type\":\"ImageObject\",\"inLanguage\":\"lv-LV\",\"@id\":\"https:\\\/\\\/officialguides.com\\\/lv\\\/mediciniskais-turisms\\\/#primaryimage\",\"url\":\"https:\\\/\\\/officialguides.com\\\/wp-content\\\/uploads\\\/2025\\\/04\\\/medical-tourism.jpg\",\"contentUrl\":\"https:\\\/\\\/officialguides.com\\\/wp-content\\\/uploads\\\/2025\\\/04\\\/medical-tourism.jpg\",\"width\":1023,\"height\":373,\"caption\":\"Starptautisks pacients p\u0113ta medic\u012bnisko inform\u0101ciju kult\u016bras ce\u013cojuma laik\u0101\"},{\"@type\":\"BreadcrumbList\",\"@id\":\"https:\\\/\\\/officialguides.com\\\/lv\\\/mediciniskais-turisms\\\/#breadcrumb\",\"itemListElement\":[{\"@type\":\"ListItem\",\"position\":1,\"name\":\"Home\",\"item\":\"https:\\\/\\\/officialguides.com\\\/lv\\\/\"},{\"@type\":\"ListItem\",\"position\":2,\"name\":\"Medic\u012bniskais T\u016brisms\"}]},{\"@type\":\"WebSite\",\"@id\":\"https:\\\/\\\/officialguides.com\\\/lv\\\/#website\",\"url\":\"https:\\\/\\\/officialguides.com\\\/lv\\\/\",\"name\":\"Official Tour Guides Around The World! Istanbul, Paris, Rome, Dubai...\",\"description\":\"Explore cities and popular destinations with professional, official, certified tour guides\",\"alternateName\":\"Official Guides\",\"potentialAction\":[{\"@type\":\"SearchAction\",\"target\":{\"@type\":\"EntryPoint\",\"urlTemplate\":\"https:\\\/\\\/officialguides.com\\\/lv\\\/?s={search_term_string}\"},\"query-input\":{\"@type\":\"PropertyValueSpecification\",\"valueRequired\":true,\"valueName\":\"search_term_string\"}}],\"inLanguage\":\"lv-LV\"}]}<\/script>\n<!-- \/ Yoast SEO plugin. -->","yoast_head_json":{"title":"Starptautiskais Medic\u012bniskais T\u016brisms \u2013 Uzticamas Kl\u012bnikas un Kult\u016bras Pieredze","description":"Izp\u0113tiet pasaules popul\u0101r\u0101kos vesel\u012bbas t\u016brisma galam\u0113r\u0137us. Sal\u012bdziniet kl\u012bnikas un apvienojiet \u0101rst\u0113\u0161anu ar ce\u013cojumu pieredzi.","robots":{"index":"index","follow":"follow","max-snippet":"max-snippet:-1","max-image-preview":"max-image-preview:large","max-video-preview":"max-video-preview:-1"},"canonical":"https:\/\/officialguides.com\/lv\/mediciniskais-turisms\/","og_locale":"lv_LV","og_type":"article","og_title":"Starptautiskais Medic\u012bniskais T\u016brisms \u2013 Uzticamas Kl\u012bnikas un Kult\u016bras Pieredze","og_description":"Izp\u0113tiet pasaules popul\u0101r\u0101kos vesel\u012bbas t\u016brisma galam\u0113r\u0137us. Sal\u012bdziniet kl\u012bnikas un apvienojiet \u0101rst\u0113\u0161anu ar ce\u013cojumu pieredzi.","og_url":"https:\/\/officialguides.com\/lv\/mediciniskais-turisms\/","og_site_name":"Find Your Private Tour Guide Around The World!","og_image":[{"width":1023,"height":373,"url":"https:\/\/officialguides.com\/wp-content\/uploads\/2025\/04\/medical-tourism.jpg","type":"image\/jpeg"}],"twitter_card":"summary_large_image","twitter_misc":{"Est. reading time":"3 minutes"},"schema":{"@context":"https:\/\/schema.org","@graph":[{"@type":"WebPage","@id":"https:\/\/officialguides.com\/lv\/mediciniskais-turisms\/","url":"https:\/\/officialguides.com\/lv\/mediciniskais-turisms\/","name":"Starptautiskais Medic\u012bniskais T\u016brisms \u2013 Uzticamas Kl\u012bnikas un Kult\u016bras Pieredze","isPartOf":{"@id":"https:\/\/officialguides.com\/lv\/#website"},"primaryImageOfPage":{"@id":"https:\/\/officialguides.com\/lv\/mediciniskais-turisms\/#primaryimage"},"image":{"@id":"https:\/\/officialguides.com\/lv\/mediciniskais-turisms\/#primaryimage"},"thumbnailUrl":"https:\/\/officialguides.com\/wp-content\/uploads\/2025\/04\/medical-tourism.jpg","datePublished":"2025-04-18T17:21:43+00:00","description":"Izp\u0113tiet pasaules popul\u0101r\u0101kos vesel\u012bbas t\u016brisma galam\u0113r\u0137us. Sal\u012bdziniet kl\u012bnikas un apvienojiet \u0101rst\u0113\u0161anu ar ce\u013cojumu pieredzi.","breadcrumb":{"@id":"https:\/\/officialguides.com\/lv\/mediciniskais-turisms\/#breadcrumb"},"inLanguage":"lv-LV","potentialAction":[{"@type":"ReadAction","target":["https:\/\/officialguides.com\/lv\/mediciniskais-turisms\/"]}]},{"@type":"ImageObject","inLanguage":"lv-LV","@id":"https:\/\/officialguides.com\/lv\/mediciniskais-turisms\/#primaryimage","url":"https:\/\/officialguides.com\/wp-content\/uploads\/2025\/04\/medical-tourism.jpg","contentUrl":"https:\/\/officialguides.com\/wp-content\/uploads\/2025\/04\/medical-tourism.jpg","width":1023,"height":373,"caption":"Starptautisks pacients p\u0113ta medic\u012bnisko inform\u0101ciju kult\u016bras ce\u013cojuma laik\u0101"},{"@type":"BreadcrumbList","@id":"https:\/\/officialguides.com\/lv\/mediciniskais-turisms\/#breadcrumb","itemListElement":[{"@type":"ListItem","position":1,"name":"Home","item":"https:\/\/officialguides.com\/lv\/"},{"@type":"ListItem","position":2,"name":"Medic\u012bniskais T\u016brisms"}]},{"@type":"WebSite","@id":"https:\/\/officialguides.com\/lv\/#website","url":"https:\/\/officialguides.com\/lv\/","name":"Official Tour Guides Around The World! Istanbul, Paris, Rome, Dubai...","description":"Explore cities and popular destinations with professional, official, certified tour guides","alternateName":"Official Guides","potentialAction":[{"@type":"SearchAction","target":{"@type":"EntryPoint","urlTemplate":"https:\/\/officialguides.com\/lv\/?s={search_term_string}"},"query-input":{"@type":"PropertyValueSpecification","valueRequired":true,"valueName":"search_term_string"}}],"inLanguage":"lv-LV"}]}},"_links":{"self":[{"href":"https:\/\/officialguides.com\/lv\/wp-json\/wp\/v2\/pages\/394758","targetHints":{"allow":["GET"]}}],"collection":[{"href":"https:\/\/officialguides.com\/lv\/wp-json\/wp\/v2\/pages"}],"about":[{"href":"https:\/\/officialguides.com\/lv\/wp-json\/wp\/v2\/types\/page"}],"author":[{"embeddable":true,"href":"https:\/\/officialguides.com\/lv\/wp-json\/wp\/v2\/users\/3"}],"replies":[{"embeddable":true,"href":"https:\/\/officialguides.com\/lv\/wp-json\/wp\/v2\/comments?post=394758"}],"version-history":[{"count":0,"href":"https:\/\/officialguides.com\/lv\/wp-json\/wp\/v2\/pages\/394758\/revisions"}],"wp:featuredmedia":[{"embeddable":true,"href":"https:\/\/officialguides.com\/lv\/wp-json\/wp\/v2\/media\/394722"}],"wp:attachment":[{"href":"https:\/\/officialguides.com\/lv\/wp-json\/wp\/v2\/media?parent=394758"}],"curies":[{"name":"wp","href":"https:\/\/api.w.org\/{rel}","templated":true}]}}