{"id":394683,"date":"2025-03-23T14:26:53","date_gmt":"2025-03-23T11:26:53","guid":{"rendered":"https:\/\/officialguides.com\/bazilikas-cisterna-stambula\/"},"modified":"2026-01-12T15:33:13","modified_gmt":"2026-01-12T12:33:13","slug":"bazilikas-cisterna-stambula","status":"publish","type":"page","link":"https:\/\/officialguides.com\/lv\/bazilikas-cisterna-stambula\/","title":{"rendered":"Bazilikas Cisterna Stambula"},"content":{"rendered":"<h2 class=\"\" data-start=\"424\" data-end=\"465\">Ieeja un bi\u013cetes uz Bazilikas cisternu<\/h2>\n<p data-path-to-node=\"7\">Viens no Stambulas aizraujo\u0161\u0101kajiem v\u0113sturiskajiem pieminek\u013ciem, <b data-path-to-node=\"7\" data-index-in-node=\"65\">Basilica Cistern<\/b> (vai Nogrimus\u012b pils), tika uzcelts m.\u0113. 532. gad\u0101, ko pav\u0113l\u0113ja <b data-path-to-node=\"7\" data-index-in-node=\"145\">Roman Emperor Justinian I<\/b>. Ar vair\u0101k nek\u0101 10.000 apmekl\u0113t\u0101ju dien\u0101 pie ieejas ir parastas garas bi\u013ce\u0161u rindas (l\u012bdz pat 1,5 stundu gaid\u012b\u0161anas laiks sezonas laik\u0101 no apr\u012b\u013ca l\u012bdz novembrim). Ja v\u0113laties \u0101tru ieeju, <i data-path-to-node=\"3\" data-index-in-node=\"193\">\ud83c\udf1f<\/i> <i data-path-to-node=\"7\" data-index-in-node=\"358\"><a class=\"ng-star-inserted\" href=\"https:\/\/www.tiqets.com\/basilica-cistern-tickets-l147375\/?partner=travelingturks\" target=\"_blank\" rel=\"noopener\" data-hveid=\"0\" data-ved=\"0CAAQ_4QMahgKEwj8kfGp2oWSAxUAAAAAHQAAAAAQtwg\">bi\u013cetes varat rezerv\u0113t \u0161eit<\/a><\/i> un <span style=\"color: #800000;\"><em><a style=\"color: #800000;\" href=\"https:\/\/officialguides.com\/lv\/turcija\/stambula\/latviesu-gids-stambula\/\" target=\"_blank\" rel=\"noopener\">pieteikt priv\u0101tu gidu<\/a><\/em><\/span>, lai apmekl\u0113tu cisternu, apejot rindu.<\/p>\n<figure style=\"width: 1014px\" class=\"wp-caption aligncenter\"><img decoding=\"async\" src=\"https:\/\/officialguides.com\/wp-content\/uploads\/2025\/03\/basilica-cistern-fast-track-entry.jpg\" alt=\"Underground Cistern ticket lines\" width=\"1024\" height=\"358\" \/><figcaption class=\"wp-caption-text\"><em>Bazilikas Cisternas bi\u013ce\u0161u l\u012bnijas<\/em><\/figcaption><\/figure>\n<p class=\"\" data-start=\"1129\" data-end=\"1474\">Osm\u0101\u0146u laik\u0101 cisterna galvenok\u0101rt tika izmantota <strong data-start=\"1178\" data-end=\"1193\">laist\u012b\u0161anai<\/strong>, nevis dzeramajam \u016bdenim. No vair\u0101k nek\u0101 <strong data-start=\"1235\" data-end=\"1278\">100 Bizantijas un Romas laika cist\u0113rn\u0101m<\/strong> Stambul\u0101 \u0161\u012b ir visliel\u0101k\u0101 \u2013 un ar\u012b <strong data-start=\"1314\" data-end=\"1350\">liel\u0101k\u0101 pazemes cisterna pasaul\u0113<\/strong>. M\u016bsdien\u0101s t\u0101 joproj\u0101m apbur apmekl\u0113t\u0101jus ar savu <strong data-start=\"1401\" data-end=\"1427\">nosl\u0113pumaino atmosf\u0113ru<\/strong>, senajiem kolonn\u0101m un iespaid\u012bgo apgaismojumu.<\/p>\n<h3 class=\"\" data-start=\"1476\" data-end=\"1515\"><span style=\"text-decoration: underline;\">Bi\u013ce\u0161u cenas un ieg\u0101des inform\u0101cija 2026<\/span><\/h3>\n<h4 class=\"\" data-start=\"1517\" data-end=\"1556\">Dienas apmekl\u0113jums (09:00\u201318:30)<\/h4>\n<ul>\n<li data-start=\"1559\" data-end=\"1583\">Pieaugu\u0161ajiem: 1500 TL<\/li>\n<li data-start=\"1586\" data-end=\"1625\">B\u0113rniem l\u012bdz 7 gadu vecumam: bez maksas<\/li>\n<li data-start=\"1586\" data-end=\"1625\">Studentu atlaide ir der\u012bga tikai studentiem, kuri stud\u0113 Turcij\u0101.<\/li>\n<\/ul>\n<p><img decoding=\"async\" class=\"aligncenter\" src=\"https:\/\/officialguides.com\/wp-content\/uploads\/2025\/03\/ticket-prices-basilica-cistern.jpg\" alt=\"ticket price and online purchase for Underground Cistern in Istanbul, free and discounted entrance\" \/><\/p>\n<h4 class=\"\" data-start=\"1627\" data-end=\"1666\">Vakara apmekl\u0113jums (19:30\u201322:00)<\/h4>\n<ul>\n<li data-start=\"1669\" data-end=\"1693\">Pieaugu\u0161ajiem: 2400 TL<\/li>\n<li data-start=\"1696\" data-end=\"1735\">B\u0113rniem l\u012bdz 7 gadu vecumam: bez maksas<\/li>\n<li data-start=\"1739\" data-end=\"1802\">Dienas bi\u013cetes var ieg\u0101d\u0101ties pie ieejas kas\u0113s (09:00\u201318:30).<\/li>\n<li data-start=\"1805\" data-end=\"1894\">Vakara bi\u013cetes ir <strong data-start=\"1823\" data-end=\"1842\">pieejamas tikai<\/strong> uz vietas pie Bazilikas cisternas kases no 19:30.<\/li>\n<li data-start=\"1897\" data-end=\"2010\"><strong data-start=\"1897\" data-end=\"1929\">Neofici\u0101lie bi\u013ce\u0161u p\u0101rdev\u0113ji<\/strong> nav atz\u012bti no K\u00fclt\u00fcr A\u015e puses. <em><a href=\"https:\/\/gyg.me\/RaeT5WTs\" target=\"_blank\" rel=\"noopener\">(Getyourguide is an official vendor).<\/a><\/em><\/li>\n<li data-start=\"2013\" data-end=\"2113\">Bi\u013cetes ir der\u012bgas tikai <strong data-start=\"2038\" data-end=\"2077\">vienreiz\u0113jai ieejai taj\u0101 pa\u0161\u0101 dien\u0101<\/strong>. Nav iesp\u0113jama atmaksa vai mai\u0146a.<\/li>\n<li data-start=\"2116\" data-end=\"2199\">B\u0113rniem l\u012bdz 7 gadiem un licenc\u0113tiem gidiem ir bezmaksas ieeja Night Shift laik\u0101.<\/li>\n<li data-start=\"2202\" data-end=\"2294\">Tiek pie\u0146emtas tikai <strong data-start=\"2223\" data-end=\"2256\">skaidra nauda un kred\u012btkartes<\/strong>. \u0100rvalstu val\u016btas netiek pie\u0146emtas.<\/li>\n<li data-start=\"2297\" data-end=\"2383\"><strong data-start=\"2297\" data-end=\"2329\">Muzeja karte \u0161eit nav der\u012bga<\/strong>, jo Bazilikas cisterna nepieder Kult\u016bras ministrijai.<\/li>\n<\/ul>\n<h3 class=\"\" data-start=\"2385\" data-end=\"2419\"><span style=\"text-decoration: underline;\">Darba laiks un sl\u0113g\u0161anas laiki 2026<\/span><\/h3>\n<ul>\n<li data-start=\"2423\" data-end=\"2464\">Atv\u0113rts katru dienu no 09:00 l\u012bdz 22:00<\/li>\n<li data-start=\"2467\" data-end=\"2532\">Sl\u0113gts no 18:30 l\u012bdz 19:30 sakar\u0101 ar p\u0101reju uz vakara apmekl\u0113jumu<\/li>\n<\/ul>\n<p><img decoding=\"async\" class=\"aligncenter\" src=\"https:\/\/officialguides.com\/wp-content\/uploads\/2025\/03\/basilica-cistern-opening-hours.jpg\" alt=\"Cisterna Basilica \/ Sunken Palace visitors information, closing hour and days\" \/><\/p>\n<h3 class=\"\" data-start=\"2534\" data-end=\"2573\"><span style=\"text-decoration: underline;\">K\u0101 nok\u013c\u016bt l\u012bdz Bazilikas cisternai?<\/span><\/h3>\n<h4 class=\"\" data-start=\"2575\" data-end=\"2593\">Ar tramvaju<\/h4>\n<p class=\"\" data-start=\"2594\" data-end=\"2691\">Tuv\u0101k\u0101 pietura ir <strong data-start=\"2612\" data-end=\"2627\">Sultanahmet<\/strong> uz T1 (Ba\u011fc\u0131lar\u2013Kabata\u015f) l\u012bnijas. No turienes 5 min\u016b\u0161u g\u0101jiens.<\/p>\n<p data-start=\"2594\" data-end=\"2691\"><iframe src=\"https:\/\/www.google.com\/maps\/embed?pb=!1m18!1m12!1m3!1d3010.7708709753197!2d28.975303074478624!3d41.00838801942053!2m3!1f0!2f0!3f0!3m2!1i1024!2i768!4f13.1!3m3!1m2!1s0x14cab9bde0c66ac9%3A0x60c02fe1ee6d8471!2zWWVyZWJhdGFuIFNhcm7EsWPEsQ!5e0!3m2!1str!2str!4v1741789356228!5m2!1str!2str\" width=\"600\" height=\"450\" frameborder=\"0\" allowfullscreen=\"allowfullscreen\"><\/iframe><\/p>\n<h4 class=\"\" data-start=\"2693\" data-end=\"2708\">Ar metro<\/h4>\n<p class=\"\" data-start=\"2709\" data-end=\"2939\">Brauciet ar <strong data-start=\"2721\" data-end=\"2740\">Marmaray l\u012bniju<\/strong> l\u012bdz <strong data-start=\"2746\" data-end=\"2766\">Sirkeci stacijai<\/strong>, p\u0101rs\u0113dieties uz tramvaju un izk\u0101piet <strong data-start=\"2805\" data-end=\"2820\">Sultanahmet<\/strong> pietur\u0101 (3 min\u016btes k\u0101j\u0101m).<br data-start=\"2847\" data-end=\"2850\" \/>Vai ar\u012b izejiet pa 2. vai 3. izeju no Marmaray un dodieties k\u0101j\u0101m aptuveni 10\u201315 min\u016btes.<\/p>\n<h4 class=\"\" data-start=\"2941\" data-end=\"2959\">Ar autobusu<\/h4>\n<p class=\"\" data-start=\"2960\" data-end=\"3015\"><strong data-start=\"2960\" data-end=\"3015\">Net\u0101lu nekurs\u0113 neviena pa\u0161vald\u012bbas autobusu l\u012bnija.<\/strong><\/p>\n<h4 class=\"\" data-start=\"3017\" data-end=\"3045\">Ar priv\u0101to automa\u0161\u012bnu<\/h4>\n<p class=\"\" data-start=\"3046\" data-end=\"3170\">V\u0113sturiskaj\u0101 centr\u0101 ir <strong data-start=\"3069\" data-end=\"3091\">intens\u012bva satiksme<\/strong>, t\u0101p\u0113c iesak\u0101m izmantot <strong data-start=\"3116\" data-end=\"3142\">sabiedrisko transportu<\/strong>. St\u0101vvietas ir ierobe\u017eotas.<\/p>\n<h3 class=\"\" data-start=\"3172\" data-end=\"3215\"><span style=\"text-decoration: underline;\">Ko noteikti apskat\u012bt Bazilikas cistern\u0101<\/span><\/h3>\n<h4 class=\"\" data-start=\"3217\" data-end=\"3241\">1. Med\u016bzas galvas<\/h4>\n<p class=\"\" data-start=\"3242\" data-end=\"3353\">Divas <strong data-start=\"3248\" data-end=\"3266\">Med\u016bzas galvas<\/strong>, viena apgriezta un otra noliekta uz s\u0101niem, atrodas zieme\u013crietumu st\u016br\u012b zem kolonn\u0101m.<\/p>\n<p class=\"\" data-start=\"3355\" data-end=\"3730\"><strong data-start=\"3355\" data-end=\"3378\">Mitolo\u0123isk\u0101 noz\u012bme:<\/strong><br data-start=\"3378\" data-end=\"3381\" \/>Senaj\u0101 grie\u0137u mitolo\u0123ij\u0101 Med\u016bza bija Gorgona ar \u010d\u016bsku matiem, kura sp\u0113ja p\u0101rv\u0113rst cilv\u0113kus akmen\u012b.<br data-start=\"3479\" data-end=\"3482\" \/>Romas laik\u0101 tika uzskat\u012bts, ka <strong data-start=\"3513\" data-end=\"3531\">Med\u016bzas galvas<\/strong> aizsarg\u0101 no \u013cauniem gariem.<br data-start=\"3559\" data-end=\"3562\" \/>Tiek uzskat\u012bts, ka t\u0101s p\u0101rnestas no cita, vec\u0101ka romie\u0161u objekta.<br data-start=\"3627\" data-end=\"3630\" \/>To poz\u012bcija iesp\u0113jams saist\u012bta ar m\u0113\u0123in\u0101jumu <strong data-start=\"3675\" data-end=\"3700\">mazin\u0101t Med\u016bzas sp\u0113ku<\/strong>, saska\u0146\u0101 ar krist\u012bg\u0101m idej\u0101m.<\/p>\n<h4 class=\"\" data-start=\"3732\" data-end=\"3762\">2. Iespaid\u012bg\u0101s kolonnas<\/h4>\n<p class=\"\" data-start=\"3763\" data-end=\"4023\">Cisternu balsta <strong data-start=\"3779\" data-end=\"3803\">336 marmora kolonnas<\/strong>, katra aptuveni 9 metrus augsta. Daudz\u0101m ir <strong data-start=\"3848\" data-end=\"3883\">korintie\u0161u vai jonie\u0161u kapite\u013ci<\/strong>, da\u017eas atvestas no pag\u0101nu temp\u013ciem, citas izgatavotas speci\u0101li \u0161im m\u0113r\u0137im. V\u0101j\u0161 apgaismojums un \u016bdens atspulgi veido <strong data-start=\"4001\" data-end=\"4022\">burv\u012bgu atmosf\u0113ru<\/strong>.<\/p>\n<p data-start=\"3763\" data-end=\"4023\"><img decoding=\"async\" class=\"aligncenter\" src=\"https:\/\/officialguides.com\/wp-content\/uploads\/2025\/03\/what-to-see-in-basilica-cistern.jpg\" alt=\"what is interesting to see inside Underground Cistern Istanbul\" \/><\/p>\n<h4 class=\"\" data-start=\"4025\" data-end=\"4060\">3. Gaismas atspulgi uz \u016bdens<\/h4>\n<p class=\"\" data-start=\"4061\" data-end=\"4134\">Viens no ma\u0123isk\u0101kajiem elementiem ir apgaismojuma sp\u0113le uz \u016bdens virsmas.<\/p>\n<p class=\"\" data-start=\"4136\" data-end=\"4157\">K\u0101p\u0113c tas ir \u012bpa\u0161s?<\/p>\n<ul>\n<li data-start=\"4160\" data-end=\"4202\">Rada <strong data-start=\"4165\" data-end=\"4200\">nosl\u0113pumainu un sap\u0146ainu saj\u016btu<\/strong><\/li>\n<li data-start=\"4205\" data-end=\"4241\">Izskat\u0101s p\u0113c <strong data-start=\"4218\" data-end=\"4239\">bezgal\u012bga dzi\u013cuma<\/strong><\/li>\n<li data-start=\"4244\" data-end=\"4288\">Lieliska vieta <strong data-start=\"4259\" data-end=\"4288\">fotogr\u0101fijas entuziastiem<\/strong><\/li>\n<\/ul>\n<h4 class=\"\" data-start=\"4290\" data-end=\"4315\">4. Raudo\u0161\u0101 kolonna<\/h4>\n<p class=\"\" data-start=\"4316\" data-end=\"4447\">At\u0161\u0137ir\u012bb\u0101 no cit\u0101m kolonn\u0101m, \u0161ai ir <strong data-start=\"4352\" data-end=\"4377\">asar\u0101m l\u012bdz\u012bgi raksti<\/strong>, kas paties\u012bb\u0101 simboliz\u0113 <strong data-start=\"4403\" data-end=\"4426\">koka zari\u0146u mezglus<\/strong>, nevis \u012bstas asaras.<\/p>\n<h3 class=\"\" data-start=\"4449\" data-end=\"4496\">Piedz\u012bvojumi un pas\u0101kumi Bazilikas cistern\u0101<\/h3>\n<ul>\n<li data-start=\"4500\" data-end=\"4574\"><strong data-start=\"4500\" data-end=\"4519\">M\u0101kslas izr\u0101des<\/strong>: Gaismas \u0161ovi un koncerti rada neaizmirstamu noska\u0146u<\/li>\n<li data-start=\"4577\" data-end=\"4655\"><strong data-start=\"4577\" data-end=\"4591\">Audio gids<\/strong>: Iznom\u0101jiet audiogidu, lai uzzin\u0101tu par v\u0113sturi un mitolo\u0123iju<\/li>\n<li data-start=\"4658\" data-end=\"4744\"><strong data-start=\"4658\" data-end=\"4675\">Fotograf\u0113\u0161ana<\/strong>: Gaismas un \u016bdens mijiedarb\u012bba ir ide\u0101li piem\u0113rota unik\u0101liem kadriem<\/li>\n<\/ul>\n<h3 class=\"\" data-start=\"4746\" data-end=\"4770\">Padomi apmekl\u0113t\u0101jiem<\/h3>\n<ul>\n<li data-start=\"4774\" data-end=\"4847\">Apmekl\u0113jiet <strong data-start=\"4786\" data-end=\"4819\">agr\u0101s r\u012bta stund\u0101s vai vakar\u0101<\/strong>, lai izvair\u012btos no p\u016b\u013ciem<\/li>\n<li data-start=\"4850\" data-end=\"4913\">Izv\u0113lieties <strong data-start=\"4862\" data-end=\"4890\">apavus ar nesl\u012bdo\u0161u zoli<\/strong>, gr\u012bda var b\u016bt mitra<\/li>\n<li data-start=\"4916\" data-end=\"4975\">\u0145emiet l\u012bdzi <strong data-start=\"4929\" data-end=\"4944\">vieglu jaku<\/strong>, iek\u0161pus\u0113 ir v\u0113s\u0101ks nek\u0101 \u0101r\u0101<\/li>\n<li data-start=\"4978\" data-end=\"5053\">Lai izvair\u012btos no rind\u0101m, <strong data-start=\"5004\" data-end=\"5053\">ieg\u0101d\u0101jieties bi\u013ceti tie\u0161saist\u0113 iepriek\u0161 \u0161eit<\/strong><\/li>\n<\/ul>\n<h3 class=\"\" data-start=\"5055\" data-end=\"5083\">Bie\u017e\u0101k uzdotie jaut\u0101jumi<\/h3>\n<h4 class=\"\" data-start=\"5085\" data-end=\"5122\">1. Vai Muzeja karte ir der\u012bga?<\/h4>\n<p class=\"\" data-start=\"5123\" data-end=\"5194\">N\u0113, <strong data-start=\"5127\" data-end=\"5159\">Muzeja karte \u0161eit nav der\u012bga<\/strong>, jo objekts ir priv\u0101ti p\u0101rvald\u012bts.<\/p>\n<h4 class=\"\" data-start=\"5196\" data-end=\"5263\">2. Vai vieta ir piem\u0113rota cilv\u0113kiem ar kust\u012bbu trauc\u0113jumiem?<\/h4>\n<p class=\"\" data-start=\"5264\" data-end=\"5370\">Gr\u012bda ir nel\u012bdzena, t\u0101p\u0113c <strong data-start=\"5290\" data-end=\"5335\">rite\u0146kr\u0113slu lietot\u0101jiem var b\u016bt sare\u017e\u0123\u012bti<\/strong>, bet person\u0101ls ir gatavs pal\u012bdz\u0113t.<\/p>\n<h4 class=\"\" data-start=\"5372\" data-end=\"5416\">3. Kad ir vislab\u0101kais laiks apmekl\u0113t?<\/h4>\n<p class=\"\" data-start=\"5417\" data-end=\"5465\"><strong data-start=\"5417\" data-end=\"5435\">Darbdienu r\u012bti<\/strong> ir visklus\u0101kie un mier\u012bg\u0101kie.<\/p>\n<p class=\"\" data-start=\"5467\" data-end=\"5640\"><strong data-start=\"5467\" data-end=\"5489\">Bazilikas cisterna<\/strong> ir oblig\u0101ts galam\u0113r\u0137is ikvienam, kur\u0161 v\u0113las izp\u0113t\u012bt <strong data-start=\"5542\" data-end=\"5576\">nosl\u0113pumaino Stambulas v\u0113sturi<\/strong>. Iepl\u0101nojiet savu viz\u012bti un iegrimstiet \u0161aj\u0101 ma\u0123iskaj\u0101 pasaul\u0113!<\/p>\n<hr class=\"\" data-start=\"5642\" data-end=\"5645\" \/>\n<ul>\n<li data-start=\"5649\" data-end=\"5677\"><em><a href=\"#\" rel=\"noopener\" data-start=\"5649\" data-end=\"5675\">Topkapi pils ce\u013cvedis<\/a><\/em><\/li>\n<li data-start=\"5680\" data-end=\"5708\"><em><a href=\"#\" rel=\"noopener\" data-start=\"5680\" data-end=\"5706\">Hagia Sophia ce\u013cvedis<\/a><\/em><\/li>\n<li data-start=\"5711\" data-end=\"5771\"><em><a href=\"https:\/\/istanbul.ktb.gov.tr\/\" target=\"_new\" rel=\"noopener\" data-start=\"5711\" data-end=\"5769\">Stambulas T\u016brisma p\u0101rvalde<\/a><\/em><\/li>\n<li data-start=\"5774\" data-end=\"5840\"><em><a href=\"https:\/\/yerebatan.com\/en\/\" target=\"_new\" rel=\"noopener\" data-start=\"5774\" data-end=\"5838\">Bazilikas cisternas ofici\u0101l\u0101 vietne<\/a><\/em><\/li>\n<li data-start=\"5843\" data-end=\"5870\"><em>Instagram: @yerebatansarnic<\/em><\/li>\n<\/ul>\n","protected":false},"excerpt":{"rendered":"<p>Ieeja un bi\u013cetes uz Bazilikas cisternu Viens no Stambulas aizraujo\u0161\u0101kajiem v\u0113sturiskajiem pieminek\u013ciem, Basilica Cistern (vai Nogrimus\u012b pils), tika uzcelts m.\u0113. 532. gad\u0101, ko pav\u0113l\u0113ja Roman Emperor Justinian I. Ar vair\u0101k nek\u0101 10.000 apmekl\u0113t\u0101ju dien\u0101 pie ieejas ir parastas garas bi\u013ce\u0161u rindas (l\u012bdz pat 1,5 stundu gaid\u012b\u0161anas laiks sezonas laik\u0101 no apr\u012b\u013ca l\u012bdz novembrim). Ja v\u0113laties &#8230; <a title=\"Bazilikas Cisterna Stambula\" class=\"read-more\" href=\"https:\/\/officialguides.com\/lv\/bazilikas-cisterna-stambula\/\" aria-label=\"Read more about Bazilikas Cisterna Stambula\">Read more<\/a><\/p>\n","protected":false},"author":3,"featured_media":394474,"parent":0,"menu_order":0,"comment_status":"closed","ping_status":"closed","template":"","meta":{"_acf_changed":false,"_lmt_disableupdate":"","_lmt_disable":"","footnotes":""},"class_list":["post-394683","page","type-page","status-publish","has-post-thumbnail"],"acf":[],"yoast_head":"<!-- This site is optimized with the Yoast SEO plugin v27.6 - https:\/\/yoast.com\/product\/yoast-seo-wordpress\/ -->\n<title>Bazilikas Cisterna Stambula | Bi\u013cetes, Ieejas maksa, Darba laiks<\/title>\n<meta name=\"description\" content=\"Pazemes cisternas ce\u013cvedis; \u0101tr\u0101s ieejas bi\u013cete, sl\u0113gt\u0101s dienas, k\u0101 nok\u013c\u016bt ar tramvaju \/ metro, ko skat\u012bties iek\u0161pus\u0113\" \/>\n<meta name=\"robots\" content=\"index, follow, max-snippet:-1, max-image-preview:large, max-video-preview:-1\" \/>\n<link rel=\"canonical\" href=\"https:\/\/officialguides.com\/lv\/bazilikas-cisterna-stambula\/\" \/>\n<meta property=\"og:locale\" content=\"lv_LV\" \/>\n<meta property=\"og:type\" content=\"article\" \/>\n<meta property=\"og:title\" content=\"Bazilikas Cisterna Stambula | Bi\u013cetes, Ieejas maksa, Darba laiks\" \/>\n<meta property=\"og:description\" content=\"Pazemes cisternas ce\u013cvedis; \u0101tr\u0101s ieejas bi\u013cete, sl\u0113gt\u0101s dienas, k\u0101 nok\u013c\u016bt ar tramvaju \/ metro, ko skat\u012bties iek\u0161pus\u0113\" \/>\n<meta property=\"og:url\" content=\"https:\/\/officialguides.com\/lv\/bazilikas-cisterna-stambula\/\" \/>\n<meta property=\"og:site_name\" content=\"Find Your Private Tour Guide Around The World!\" \/>\n<meta property=\"article:modified_time\" content=\"2026-01-12T12:33:13+00:00\" \/>\n<meta property=\"og:image\" content=\"https:\/\/officialguides.com\/wp-content\/uploads\/2025\/03\/underground-cistern-istanbul.jpg\" \/>\n\t<meta property=\"og:image:width\" content=\"1164\" \/>\n\t<meta property=\"og:image:height\" content=\"899\" \/>\n\t<meta property=\"og:image:type\" content=\"image\/jpeg\" \/>\n<meta name=\"twitter:card\" content=\"summary_large_image\" \/>\n<meta name=\"twitter:label1\" content=\"Est. reading time\" \/>\n\t<meta name=\"twitter:data1\" content=\"4 minutes\" \/>\n<script type=\"application\/ld+json\" class=\"yoast-schema-graph\">{\"@context\":\"https:\\\/\\\/schema.org\",\"@graph\":[{\"@type\":\"WebPage\",\"@id\":\"https:\\\/\\\/officialguides.com\\\/lv\\\/bazilikas-cisterna-stambula\\\/\",\"url\":\"https:\\\/\\\/officialguides.com\\\/lv\\\/bazilikas-cisterna-stambula\\\/\",\"name\":\"Bazilikas Cisterna Stambula | Bi\u013cetes, Ieejas maksa, Darba laiks\",\"isPartOf\":{\"@id\":\"https:\\\/\\\/officialguides.com\\\/lv\\\/#website\"},\"primaryImageOfPage\":{\"@id\":\"https:\\\/\\\/officialguides.com\\\/lv\\\/bazilikas-cisterna-stambula\\\/#primaryimage\"},\"image\":{\"@id\":\"https:\\\/\\\/officialguides.com\\\/lv\\\/bazilikas-cisterna-stambula\\\/#primaryimage\"},\"thumbnailUrl\":\"https:\\\/\\\/officialguides.com\\\/wp-content\\\/uploads\\\/2025\\\/03\\\/underground-cistern-istanbul.jpg\",\"datePublished\":\"2025-03-23T11:26:53+00:00\",\"dateModified\":\"2026-01-12T12:33:13+00:00\",\"description\":\"Pazemes cisternas ce\u013cvedis; \u0101tr\u0101s ieejas bi\u013cete, sl\u0113gt\u0101s dienas, k\u0101 nok\u013c\u016bt ar tramvaju \\\/ metro, ko skat\u012bties iek\u0161pus\u0113\",\"breadcrumb\":{\"@id\":\"https:\\\/\\\/officialguides.com\\\/lv\\\/bazilikas-cisterna-stambula\\\/#breadcrumb\"},\"inLanguage\":\"lv-LV\",\"potentialAction\":[{\"@type\":\"ReadAction\",\"target\":[\"https:\\\/\\\/officialguides.com\\\/lv\\\/bazilikas-cisterna-stambula\\\/\"]}]},{\"@type\":\"ImageObject\",\"inLanguage\":\"lv-LV\",\"@id\":\"https:\\\/\\\/officialguides.com\\\/lv\\\/bazilikas-cisterna-stambula\\\/#primaryimage\",\"url\":\"https:\\\/\\\/officialguides.com\\\/wp-content\\\/uploads\\\/2025\\\/03\\\/underground-cistern-istanbul.jpg\",\"contentUrl\":\"https:\\\/\\\/officialguides.com\\\/wp-content\\\/uploads\\\/2025\\\/03\\\/underground-cistern-istanbul.jpg\",\"width\":1164,\"height\":899,\"caption\":\"Bazilikas Cisterna Stambula | Bi\u013cetes, Ieejas Maksa, Darba Laiks\"},{\"@type\":\"BreadcrumbList\",\"@id\":\"https:\\\/\\\/officialguides.com\\\/lv\\\/bazilikas-cisterna-stambula\\\/#breadcrumb\",\"itemListElement\":[{\"@type\":\"ListItem\",\"position\":1,\"name\":\"Home\",\"item\":\"https:\\\/\\\/officialguides.com\\\/lv\\\/\"},{\"@type\":\"ListItem\",\"position\":2,\"name\":\"Bazilikas Cisterna Stambula\"}]},{\"@type\":\"WebSite\",\"@id\":\"https:\\\/\\\/officialguides.com\\\/lv\\\/#website\",\"url\":\"https:\\\/\\\/officialguides.com\\\/lv\\\/\",\"name\":\"Official Tour Guides Around The World! Istanbul, Paris, Rome, Dubai...\",\"description\":\"Explore cities and popular destinations with professional, official, certified tour guides\",\"alternateName\":\"Official Guides\",\"potentialAction\":[{\"@type\":\"SearchAction\",\"target\":{\"@type\":\"EntryPoint\",\"urlTemplate\":\"https:\\\/\\\/officialguides.com\\\/lv\\\/?s={search_term_string}\"},\"query-input\":{\"@type\":\"PropertyValueSpecification\",\"valueRequired\":true,\"valueName\":\"search_term_string\"}}],\"inLanguage\":\"lv-LV\"}]}<\/script>\n<!-- \/ Yoast SEO plugin. -->","yoast_head_json":{"title":"Bazilikas Cisterna Stambula | Bi\u013cetes, Ieejas maksa, Darba laiks","description":"Pazemes cisternas ce\u013cvedis; \u0101tr\u0101s ieejas bi\u013cete, sl\u0113gt\u0101s dienas, k\u0101 nok\u013c\u016bt ar tramvaju \/ metro, ko skat\u012bties iek\u0161pus\u0113","robots":{"index":"index","follow":"follow","max-snippet":"max-snippet:-1","max-image-preview":"max-image-preview:large","max-video-preview":"max-video-preview:-1"},"canonical":"https:\/\/officialguides.com\/lv\/bazilikas-cisterna-stambula\/","og_locale":"lv_LV","og_type":"article","og_title":"Bazilikas Cisterna Stambula | Bi\u013cetes, Ieejas maksa, Darba laiks","og_description":"Pazemes cisternas ce\u013cvedis; \u0101tr\u0101s ieejas bi\u013cete, sl\u0113gt\u0101s dienas, k\u0101 nok\u013c\u016bt ar tramvaju \/ metro, ko skat\u012bties iek\u0161pus\u0113","og_url":"https:\/\/officialguides.com\/lv\/bazilikas-cisterna-stambula\/","og_site_name":"Find Your Private Tour Guide Around The World!","article_modified_time":"2026-01-12T12:33:13+00:00","og_image":[{"width":1164,"height":899,"url":"https:\/\/officialguides.com\/wp-content\/uploads\/2025\/03\/underground-cistern-istanbul.jpg","type":"image\/jpeg"}],"twitter_card":"summary_large_image","twitter_misc":{"Est. reading time":"4 minutes"},"schema":{"@context":"https:\/\/schema.org","@graph":[{"@type":"WebPage","@id":"https:\/\/officialguides.com\/lv\/bazilikas-cisterna-stambula\/","url":"https:\/\/officialguides.com\/lv\/bazilikas-cisterna-stambula\/","name":"Bazilikas Cisterna Stambula | Bi\u013cetes, Ieejas maksa, Darba laiks","isPartOf":{"@id":"https:\/\/officialguides.com\/lv\/#website"},"primaryImageOfPage":{"@id":"https:\/\/officialguides.com\/lv\/bazilikas-cisterna-stambula\/#primaryimage"},"image":{"@id":"https:\/\/officialguides.com\/lv\/bazilikas-cisterna-stambula\/#primaryimage"},"thumbnailUrl":"https:\/\/officialguides.com\/wp-content\/uploads\/2025\/03\/underground-cistern-istanbul.jpg","datePublished":"2025-03-23T11:26:53+00:00","dateModified":"2026-01-12T12:33:13+00:00","description":"Pazemes cisternas ce\u013cvedis; \u0101tr\u0101s ieejas bi\u013cete, sl\u0113gt\u0101s dienas, k\u0101 nok\u013c\u016bt ar tramvaju \/ metro, ko skat\u012bties iek\u0161pus\u0113","breadcrumb":{"@id":"https:\/\/officialguides.com\/lv\/bazilikas-cisterna-stambula\/#breadcrumb"},"inLanguage":"lv-LV","potentialAction":[{"@type":"ReadAction","target":["https:\/\/officialguides.com\/lv\/bazilikas-cisterna-stambula\/"]}]},{"@type":"ImageObject","inLanguage":"lv-LV","@id":"https:\/\/officialguides.com\/lv\/bazilikas-cisterna-stambula\/#primaryimage","url":"https:\/\/officialguides.com\/wp-content\/uploads\/2025\/03\/underground-cistern-istanbul.jpg","contentUrl":"https:\/\/officialguides.com\/wp-content\/uploads\/2025\/03\/underground-cistern-istanbul.jpg","width":1164,"height":899,"caption":"Bazilikas Cisterna Stambula | Bi\u013cetes, Ieejas Maksa, Darba Laiks"},{"@type":"BreadcrumbList","@id":"https:\/\/officialguides.com\/lv\/bazilikas-cisterna-stambula\/#breadcrumb","itemListElement":[{"@type":"ListItem","position":1,"name":"Home","item":"https:\/\/officialguides.com\/lv\/"},{"@type":"ListItem","position":2,"name":"Bazilikas Cisterna Stambula"}]},{"@type":"WebSite","@id":"https:\/\/officialguides.com\/lv\/#website","url":"https:\/\/officialguides.com\/lv\/","name":"Official Tour Guides Around The World! Istanbul, Paris, Rome, Dubai...","description":"Explore cities and popular destinations with professional, official, certified tour guides","alternateName":"Official Guides","potentialAction":[{"@type":"SearchAction","target":{"@type":"EntryPoint","urlTemplate":"https:\/\/officialguides.com\/lv\/?s={search_term_string}"},"query-input":{"@type":"PropertyValueSpecification","valueRequired":true,"valueName":"search_term_string"}}],"inLanguage":"lv-LV"}]}},"_links":{"self":[{"href":"https:\/\/officialguides.com\/lv\/wp-json\/wp\/v2\/pages\/394683","targetHints":{"allow":["GET"]}}],"collection":[{"href":"https:\/\/officialguides.com\/lv\/wp-json\/wp\/v2\/pages"}],"about":[{"href":"https:\/\/officialguides.com\/lv\/wp-json\/wp\/v2\/types\/page"}],"author":[{"embeddable":true,"href":"https:\/\/officialguides.com\/lv\/wp-json\/wp\/v2\/users\/3"}],"replies":[{"embeddable":true,"href":"https:\/\/officialguides.com\/lv\/wp-json\/wp\/v2\/comments?post=394683"}],"version-history":[{"count":4,"href":"https:\/\/officialguides.com\/lv\/wp-json\/wp\/v2\/pages\/394683\/revisions"}],"predecessor-version":[{"id":397401,"href":"https:\/\/officialguides.com\/lv\/wp-json\/wp\/v2\/pages\/394683\/revisions\/397401"}],"wp:featuredmedia":[{"embeddable":true,"href":"https:\/\/officialguides.com\/lv\/wp-json\/wp\/v2\/media\/394474"}],"wp:attachment":[{"href":"https:\/\/officialguides.com\/lv\/wp-json\/wp\/v2\/media?parent=394683"}],"curies":[{"name":"wp","href":"https:\/\/api.w.org\/{rel}","templated":true}]}}