{"id":40381,"date":"2020-05-18T00:17:00","date_gmt":"2020-05-17T21:17:00","guid":{"rendered":"https:\/\/www.officialguides.net\/registracija-i-gidai\/"},"modified":"2020-05-26T16:06:29","modified_gmt":"2020-05-26T13:06:29","slug":"registracija-i-gidai","status":"publish","type":"page","link":"https:\/\/officialguides.com\/lt\/registracija-i-gidai\/","title":{"rendered":"Registracija \u012f Gidai"},"content":{"rendered":"<h2>Registracija \u012f Gidams<\/h2>\n<p>\u201eOfficialguide.net\u201c yra svetain\u0117, kurioje kartu suburti oficial\u016bs kelioni\u0173 vadovai visame pasaulyje. M\u016bs\u0173 tinklalapiuose galite pateikti ir parduoti savo priva\u010dias keliones tiesiai keliautojams. Nor\u0117dami su\u017einoti, kaip b\u016bsite \u012ftrauktas \u012f m\u016bs\u0173 svetain\u0119, u\u017epildykite \u017eemiau esan\u010di\u0105 form\u0105.<\/p>\n<h3>Kod\u0117l tur\u0117\u010diau parduoti savo priva\u010dias keliones internetu?<\/h3>\n<p>Deja, kartu su koronavirusu, deja, mes esame visi\u0161kai naujos tvarkos prad\u017eia 2020 m. Tarp vis\u0173 skirting\u0173 sektori\u0173 turizmas yra turb\u016bt labiausiai paveiktas. Pasak ekspert\u0173, \u012fgyvendinant \u0161i\u0105 nauj\u0105 ir ne\u012fprast\u0105 koncepcij\u0105, turistin\u0117s kelion\u0117s da\u017eniausiai bus \u012fgyvendinamos individualiai, o ne grup\u0117mis. Tod\u0117l kelion\u0117s, perve\u017eimai, ekskursijos po miest\u0105 ir visos kitos ekskursijos bus priva\u010dios ir \u0161i nauja koncepcija padidins i\u0161laidas vienam asmeniui. \u0160eimos ar ma\u017eos grup\u0117s nor\u0117s susisiekti tiesiogiai su kelioni\u0173 gidais, o ne su kelioni\u0173 agent\u016bromis, kad surast\u0173 priva\u010di\u0105 paslaug\u0105. Ir, \u017einoma, pirmasis j\u0173 adresas bus \u201eGoogle\u201c. \u0160iuo metu svarbu tur\u0117ti kiekvieno gido svetain\u0119 ir negalima tik\u0117tis, kad kiekvienas tur\u0117s savo svetain\u0119. Net jei turite asmenin\u0119 svetain\u0119, tur\u0117site sumok\u0117ti daug pinig\u0173 u\u017e rimt\u0105 SEO darb\u0105 ir ilgai laukti, kad pamatytum\u0117te rezultatus. \u0160ios pastangos taip pat negarantuoja gero reitingo \u201eGoogle\u201c. Tod\u0117l kaip alternatyv\u0173 sprendim\u0105 \u201eOfficialguides.net\u201c dabar si\u016blo atlikti visus darbus u\u017e jus. D\u0117l to tur\u0117site savo internetin\u012f profil\u012f ir gal\u0117site parduoti savo priva\u010dias keliones internetu. Nor\u0117dami pasinaudoti \u0161ia nemokama paslauga, u\u017epildykite form\u0105, esan\u010di\u0105 \u0161iame puslapyje.<\/p>\n<h3>Kod\u0117l tur\u0117tum\u0117te pasirinkti oficial\u0173 vadov\u0105?<\/h3>\n<p>Kadangi Officialguides.net yra daugiakalb\u0117 svetain\u0117 ir j\u016bs galite pasi\u016blyti savo priva\u010dius turus bet kuria norima kalba (\u012fskaitant lietuvi\u0173 kalb\u0105) ir net keliomis kalbomis. Taip pat nebus sunku pasiekti \u201eGoogle\u201c potencialius lankytojus pasitelkiant naujausias m\u016bs\u0173 naudojamas SEO technologijas.<\/p>\n<p>\t\t\t\t\t\t\t\t\t\t<img decoding=\"async\" width=\"1024\" height=\"365\" src=\"https:\/\/www.officialguides.net\/wp-content\/uploads\/2020\/05\/how-to-sell-my-private-tours-online-1024x365.jpg\" alt=\"kaip internetu parduoti mano asmenines keliones ir ekskursijas sve\u010diui?\" srcset=\"https:\/\/www.officialguides.net\/wp-content\/uploads\/2020\/05\/how-to-sell-my-private-tours-online-1024x365.jpg 1024w, https:\/\/www.officialguides.net\/wp-content\/uploads\/2020\/05\/how-to-sell-my-private-tours-online-300x107.jpg 300w, https:\/\/www.officialguides.net\/wp-content\/uploads\/2020\/05\/how-to-sell-my-private-tours-online-768x274.jpg 768w, https:\/\/www.officialguides.net\/wp-content\/uploads\/2020\/05\/how-to-sell-my-private-tours-online.jpg 1280w\" sizes=\"(max-width: 1024px) 100vw, 1024px\" \/><\/p>\n","protected":false},"excerpt":{"rendered":"<p>Registracija \u012f Gidams \u201eOfficialguide.net\u201c yra svetain\u0117, kurioje kartu suburti oficial\u016bs kelioni\u0173 vadovai visame pasaulyje. M\u016bs\u0173 tinklalapiuose galite pateikti ir parduoti savo priva\u010dias keliones tiesiai keliautojams. Nor\u0117dami su\u017einoti, kaip b\u016bsite \u012ftrauktas \u012f m\u016bs\u0173 svetain\u0119, u\u017epildykite \u017eemiau esan\u010di\u0105 form\u0105. Kod\u0117l tur\u0117\u010diau parduoti savo priva\u010dias keliones internetu? Deja, kartu su koronavirusu, deja, mes esame visi\u0161kai naujos tvarkos prad\u017eia &#8230; <a title=\"Registracija \u012f Gidai\" class=\"read-more\" href=\"https:\/\/officialguides.com\/lt\/registracija-i-gidai\/\" aria-label=\"Read more about Registracija \u012f Gidai\">Read more<\/a><\/p>\n","protected":false},"author":3,"featured_media":0,"parent":0,"menu_order":0,"comment_status":"closed","ping_status":"closed","template":"","meta":{"_acf_changed":false,"_lmt_disableupdate":"","_lmt_disable":"","footnotes":""},"class_list":["post-40381","page","type-page","status-publish"],"acf":[],"yoast_head":"<!-- This site is optimized with the Yoast SEO plugin v27.6 - https:\/\/yoast.com\/product\/yoast-seo-wordpress\/ -->\n<title>Registracija Lietuvos Gidai | Parduokite Priva\u010dias Keliones Internetu<\/title>\n<meta name=\"description\" content=\"Kaip galiu parduoti savo keliones \u201eGoogle\u201c \/ internete? Ar esate profesionalus vadovas? Turi licencij\u0105? Pasi\u016blykite savo ekskursijas per m\u016bs\u0173 svetain\u0119.\" \/>\n<meta name=\"robots\" content=\"index, follow, max-snippet:-1, max-image-preview:large, max-video-preview:-1\" \/>\n<link rel=\"canonical\" href=\"https:\/\/officialguides.com\/lt\/registracija-i-gidai\/\" \/>\n<meta property=\"og:locale\" content=\"lt_LT\" \/>\n<meta property=\"og:type\" content=\"article\" \/>\n<meta property=\"og:title\" content=\"Registracija Lietuvos Gidai | Parduokite Priva\u010dias Keliones Internetu\" \/>\n<meta property=\"og:description\" content=\"Kaip galiu parduoti savo keliones \u201eGoogle\u201c \/ internete? Ar esate profesionalus vadovas? Turi licencij\u0105? Pasi\u016blykite savo ekskursijas per m\u016bs\u0173 svetain\u0119.\" \/>\n<meta property=\"og:url\" content=\"https:\/\/officialguides.com\/lt\/registracija-i-gidai\/\" \/>\n<meta property=\"og:site_name\" content=\"Find Your Private Tour Guide Around The World!\" \/>\n<meta property=\"article:modified_time\" content=\"2020-05-26T13:06:29+00:00\" \/>\n<meta property=\"og:image\" content=\"https:\/\/www.officialguides.net\/wp-content\/uploads\/2020\/05\/how-to-sell-my-private-tours-online-1024x365.jpg\" \/>\n<meta name=\"twitter:card\" content=\"summary_large_image\" \/>\n<meta name=\"twitter:label1\" content=\"Est. reading time\" \/>\n\t<meta name=\"twitter:data1\" content=\"2 minut\u0117s\" \/>\n<script type=\"application\/ld+json\" class=\"yoast-schema-graph\">{\"@context\":\"https:\\\/\\\/schema.org\",\"@graph\":[{\"@type\":\"WebPage\",\"@id\":\"https:\\\/\\\/officialguides.com\\\/lt\\\/registracija-i-gidai\\\/\",\"url\":\"https:\\\/\\\/officialguides.com\\\/lt\\\/registracija-i-gidai\\\/\",\"name\":\"Registracija Lietuvos Gidai | Parduokite Priva\u010dias Keliones Internetu\",\"isPartOf\":{\"@id\":\"https:\\\/\\\/officialguides.com\\\/lt\\\/#website\"},\"primaryImageOfPage\":{\"@id\":\"https:\\\/\\\/officialguides.com\\\/lt\\\/registracija-i-gidai\\\/#primaryimage\"},\"image\":{\"@id\":\"https:\\\/\\\/officialguides.com\\\/lt\\\/registracija-i-gidai\\\/#primaryimage\"},\"thumbnailUrl\":\"https:\\\/\\\/www.officialguides.net\\\/wp-content\\\/uploads\\\/2020\\\/05\\\/how-to-sell-my-private-tours-online-1024x365.jpg\",\"datePublished\":\"2020-05-17T21:17:00+00:00\",\"dateModified\":\"2020-05-26T13:06:29+00:00\",\"description\":\"Kaip galiu parduoti savo keliones \u201eGoogle\u201c \\\/ internete? Ar esate profesionalus vadovas? Turi licencij\u0105? Pasi\u016blykite savo ekskursijas per m\u016bs\u0173 svetain\u0119.\",\"breadcrumb\":{\"@id\":\"https:\\\/\\\/officialguides.com\\\/lt\\\/registracija-i-gidai\\\/#breadcrumb\"},\"inLanguage\":\"lt-LT\",\"potentialAction\":[{\"@type\":\"ReadAction\",\"target\":[\"https:\\\/\\\/officialguides.com\\\/lt\\\/registracija-i-gidai\\\/\"]}]},{\"@type\":\"ImageObject\",\"inLanguage\":\"lt-LT\",\"@id\":\"https:\\\/\\\/officialguides.com\\\/lt\\\/registracija-i-gidai\\\/#primaryimage\",\"url\":\"https:\\\/\\\/www.officialguides.net\\\/wp-content\\\/uploads\\\/2020\\\/05\\\/how-to-sell-my-private-tours-online-1024x365.jpg\",\"contentUrl\":\"https:\\\/\\\/www.officialguides.net\\\/wp-content\\\/uploads\\\/2020\\\/05\\\/how-to-sell-my-private-tours-online-1024x365.jpg\"},{\"@type\":\"BreadcrumbList\",\"@id\":\"https:\\\/\\\/officialguides.com\\\/lt\\\/registracija-i-gidai\\\/#breadcrumb\",\"itemListElement\":[{\"@type\":\"ListItem\",\"position\":1,\"name\":\"Home\",\"item\":\"https:\\\/\\\/officialguides.com\\\/lt\\\/\"},{\"@type\":\"ListItem\",\"position\":2,\"name\":\"Registracija \u012f Gidai\"}]},{\"@type\":\"WebSite\",\"@id\":\"https:\\\/\\\/officialguides.com\\\/lt\\\/#website\",\"url\":\"https:\\\/\\\/officialguides.com\\\/lt\\\/\",\"name\":\"Official Tour Guides Around The World! Istanbul, Paris, Rome, Dubai...\",\"description\":\"Explore cities and popular destinations with professional, official, certified tour guides\",\"alternateName\":\"Official Guides\",\"potentialAction\":[{\"@type\":\"SearchAction\",\"target\":{\"@type\":\"EntryPoint\",\"urlTemplate\":\"https:\\\/\\\/officialguides.com\\\/lt\\\/?s={search_term_string}\"},\"query-input\":{\"@type\":\"PropertyValueSpecification\",\"valueRequired\":true,\"valueName\":\"search_term_string\"}}],\"inLanguage\":\"lt-LT\"}]}<\/script>\n<!-- \/ Yoast SEO plugin. -->","yoast_head_json":{"title":"Registracija Lietuvos Gidai | Parduokite Priva\u010dias Keliones Internetu","description":"Kaip galiu parduoti savo keliones \u201eGoogle\u201c \/ internete? Ar esate profesionalus vadovas? Turi licencij\u0105? Pasi\u016blykite savo ekskursijas per m\u016bs\u0173 svetain\u0119.","robots":{"index":"index","follow":"follow","max-snippet":"max-snippet:-1","max-image-preview":"max-image-preview:large","max-video-preview":"max-video-preview:-1"},"canonical":"https:\/\/officialguides.com\/lt\/registracija-i-gidai\/","og_locale":"lt_LT","og_type":"article","og_title":"Registracija Lietuvos Gidai | Parduokite Priva\u010dias Keliones Internetu","og_description":"Kaip galiu parduoti savo keliones \u201eGoogle\u201c \/ internete? Ar esate profesionalus vadovas? Turi licencij\u0105? Pasi\u016blykite savo ekskursijas per m\u016bs\u0173 svetain\u0119.","og_url":"https:\/\/officialguides.com\/lt\/registracija-i-gidai\/","og_site_name":"Find Your Private Tour Guide Around The World!","article_modified_time":"2020-05-26T13:06:29+00:00","og_image":[{"url":"https:\/\/www.officialguides.net\/wp-content\/uploads\/2020\/05\/how-to-sell-my-private-tours-online-1024x365.jpg","type":"","width":"","height":""}],"twitter_card":"summary_large_image","twitter_misc":{"Est. reading time":"2 minut\u0117s"},"schema":{"@context":"https:\/\/schema.org","@graph":[{"@type":"WebPage","@id":"https:\/\/officialguides.com\/lt\/registracija-i-gidai\/","url":"https:\/\/officialguides.com\/lt\/registracija-i-gidai\/","name":"Registracija Lietuvos Gidai | Parduokite Priva\u010dias Keliones Internetu","isPartOf":{"@id":"https:\/\/officialguides.com\/lt\/#website"},"primaryImageOfPage":{"@id":"https:\/\/officialguides.com\/lt\/registracija-i-gidai\/#primaryimage"},"image":{"@id":"https:\/\/officialguides.com\/lt\/registracija-i-gidai\/#primaryimage"},"thumbnailUrl":"https:\/\/www.officialguides.net\/wp-content\/uploads\/2020\/05\/how-to-sell-my-private-tours-online-1024x365.jpg","datePublished":"2020-05-17T21:17:00+00:00","dateModified":"2020-05-26T13:06:29+00:00","description":"Kaip galiu parduoti savo keliones \u201eGoogle\u201c \/ internete? Ar esate profesionalus vadovas? Turi licencij\u0105? Pasi\u016blykite savo ekskursijas per m\u016bs\u0173 svetain\u0119.","breadcrumb":{"@id":"https:\/\/officialguides.com\/lt\/registracija-i-gidai\/#breadcrumb"},"inLanguage":"lt-LT","potentialAction":[{"@type":"ReadAction","target":["https:\/\/officialguides.com\/lt\/registracija-i-gidai\/"]}]},{"@type":"ImageObject","inLanguage":"lt-LT","@id":"https:\/\/officialguides.com\/lt\/registracija-i-gidai\/#primaryimage","url":"https:\/\/www.officialguides.net\/wp-content\/uploads\/2020\/05\/how-to-sell-my-private-tours-online-1024x365.jpg","contentUrl":"https:\/\/www.officialguides.net\/wp-content\/uploads\/2020\/05\/how-to-sell-my-private-tours-online-1024x365.jpg"},{"@type":"BreadcrumbList","@id":"https:\/\/officialguides.com\/lt\/registracija-i-gidai\/#breadcrumb","itemListElement":[{"@type":"ListItem","position":1,"name":"Home","item":"https:\/\/officialguides.com\/lt\/"},{"@type":"ListItem","position":2,"name":"Registracija \u012f Gidai"}]},{"@type":"WebSite","@id":"https:\/\/officialguides.com\/lt\/#website","url":"https:\/\/officialguides.com\/lt\/","name":"Official Tour Guides Around The World! Istanbul, Paris, Rome, Dubai...","description":"Explore cities and popular destinations with professional, official, certified tour guides","alternateName":"Official Guides","potentialAction":[{"@type":"SearchAction","target":{"@type":"EntryPoint","urlTemplate":"https:\/\/officialguides.com\/lt\/?s={search_term_string}"},"query-input":{"@type":"PropertyValueSpecification","valueRequired":true,"valueName":"search_term_string"}}],"inLanguage":"lt-LT"}]}},"_links":{"self":[{"href":"https:\/\/officialguides.com\/lt\/wp-json\/wp\/v2\/pages\/40381","targetHints":{"allow":["GET"]}}],"collection":[{"href":"https:\/\/officialguides.com\/lt\/wp-json\/wp\/v2\/pages"}],"about":[{"href":"https:\/\/officialguides.com\/lt\/wp-json\/wp\/v2\/types\/page"}],"author":[{"embeddable":true,"href":"https:\/\/officialguides.com\/lt\/wp-json\/wp\/v2\/users\/3"}],"replies":[{"embeddable":true,"href":"https:\/\/officialguides.com\/lt\/wp-json\/wp\/v2\/comments?post=40381"}],"version-history":[{"count":0,"href":"https:\/\/officialguides.com\/lt\/wp-json\/wp\/v2\/pages\/40381\/revisions"}],"wp:attachment":[{"href":"https:\/\/officialguides.com\/lt\/wp-json\/wp\/v2\/media?parent=40381"}],"curies":[{"name":"wp","href":"https:\/\/api.w.org\/{rel}","templated":true}]}}