{"id":40254,"date":"2020-05-15T16:00:10","date_gmt":"2020-05-15T13:00:10","guid":{"rendered":"https:\/\/www.officialguides.net\/home\/"},"modified":"2026-02-01T20:39:30","modified_gmt":"2026-02-01T17:39:30","slug":"home","status":"publish","type":"page","link":"https:\/\/officialguides.com\/lt\/","title":{"rendered":"Tiesiogiai Susisiekite Su Oficialiais Gidais Visame Pasaulyje"},"content":{"rendered":"<p data-path-to-node=\"4\"><strong>OfficialGuides.com<\/strong> yra specializuota platforma, sujungianti nepriklausomus <img decoding=\"async\" class=\"alignleft\" src=\"https:\/\/officialguides.com\/wp-content\/uploads\/2026\/01\/licensed-oficial-verified-guides.jpg\" alt=\"only the verified and certified tour guides \" width=\"178\" height=\"178\" \/>keliautojus ir grupes su profesionaliais, licencijuotais gidais populiariausiose pasaulio vietose. Bendraukite realiuoju laiku ir suplanuokite savo tobul\u0105 kelion\u0119 daugiau nei 30 kalb\u0173.<\/p>\n<hr \/>\n<h2 style=\"text-align: center;\" data-path-to-node=\"5\">\ud83c\udf92 Pasirinkite savo miest\u0105, prad\u0117kite kelion\u0119<\/h2>\n<p style=\"text-align: center;\" data-path-to-node=\"6\">Nar\u0161ykite m\u016bs\u0173 katalog\u0105 <strong>OfficialGuides.com<\/strong> ir raskite tinkamiausi\u0105 sertifikuot\u0105 profesional\u0105 savo kitam nuotykiui. J\u016bs\u0173 autenti\u0161ka kelion\u0117 be streso prasideda vos viena \u017einute.<\/p>\n<h3 style=\"text-align: center;\" data-path-to-node=\"6\">Pasirinkite Savo Krypt\u012f \ud83d\udccd<\/h3>\n<p style=\"text-align: center;\" data-path-to-node=\"7\"><b data-path-to-node=\"7\" data-index-in-node=\"0\">Pary\u017eius, <span style=\"color: #ff0000;\"><a style=\"color: #ff0000;\" href=\"https:\/\/officialguides.com\/lv\/latviesu-gids-stambula\/\" target=\"_blank\" rel=\"noopener\">Stambulas<\/a><\/span>, Roma, <span style=\"color: #ff0000;\"><a style=\"color: #ff0000;\" href=\"https:\/\/officialguides.com\/lv\/latviesu-gidi-un-privatas-tures-barselona\/\" target=\"_blank\" rel=\"noopener\">Barselona<\/a><\/span>, Dubajus, <span style=\"color: #ff0000;\"><a style=\"color: #ff0000;\" href=\"https:\/\/officialguides.com\/lv\/privats-gids-un-ekskursijas-latviesu-valoda-atenas\/\" target=\"_blank\" rel=\"noopener\">At\u0117nai<\/a><\/span>, Londonas, Bankokas, Florencija, Madridas, Lisabona, Kapadokija, Amsterdamas, Praha, Neapolis, Berlynas, Antalija, Granada, Sevilija, Stokholmas.<\/b><\/p>\n<hr \/>\n<h2 data-path-to-node=\"8\">Kod\u0117l licencijuotas gidas yra geriausia investicija \u012f j\u016bs\u0173 kelion\u0119<\/h2>\n<p data-path-to-node=\"9\">Pasaulinio garso objekto lankymas su sertifikuotu profesionalu yra skirtumas tarp paprasto vietos \u201epamatymo\u201c ir tikro jos \u201epatyrimo\u201c. OfficialGuides.com gidai, su kuriais bendradarbiaujame, mielai pasi\u016blys jums \u0161iuos privalumus.<\/p>\n<ul data-path-to-node=\"10\">\n<li>\n<p data-path-to-node=\"10,0,0\"><b data-path-to-node=\"10,0,0\" data-index-in-node=\"0\">Prioritetinis patekimas ir \u012f\u0117jimas be eili\u0173:<\/b> Neleiskite, kad j\u016bs\u0173 atostogas diktuot\u0173 laukimas eil\u0117se. Licencijuoti gidai da\u017enai turi prioritetin\u0119 prieig\u0105, specialius rezervacijos langelius arba galimyb\u0119 i\u0161 anksto u\u017esakyti bilietus j\u016bs\u0173 vardu. Tai ypa\u010d aktualu piko sezono metu, leid\u017eiant aplenkti valandines eiles ir \u017eengti tiesiai \u012f pa\u017einimo d\u017eiaugsm\u0105.<\/p>\n<\/li>\n<li>\n<p data-path-to-node=\"10,1,0\"><b data-path-to-node=\"10,1,0\" data-index-in-node=\"0\">Maksimalus laiko efektyvumas:<\/b> Muziej\u0173 ar archeologin\u0119 vietov\u0119, kuriai savaranki\u0161kai prireikt\u0173 visos dienos, su gidu meistri\u0161kai i\u0161tirtas per 3 valandas. J\u016bs\u0173 gidas sukuria patirt\u012f parodydamas svarbiausius \u0161edevrus ir lankytinas vietas be nuovargio, kur\u012f sukelia pasiklydimas.<\/p>\n<\/li>\n<li>\n<p data-path-to-node=\"10,2,0\"><b data-path-to-node=\"10,2,0\" data-index-in-node=\"0\">Profesionalumas ir akademin\u0117 gylis:<\/b> Licencijuoti gidai n\u0117ra tik entuziastai; tai profesionalai, pra\u0117j\u0119 grie\u017etus akademinius mokymus ir i\u0161laik\u0119 oficialius egzaminus. J\u016bs gausite tikslius, gilius istorinius ir kult\u016brinius pasakojimus, kuri\u0173 nerasite jokiame kelioni\u0173 vadove.<\/p>\n<\/li>\n<li>\n<p data-path-to-node=\"10,3,0\"><b data-path-to-node=\"10,3,0\" data-index-in-node=\"0\">Individual\u016bs mar\u0161rutai ir saugumas:<\/b> Nesvarbu, ar keliaujate vieni, ar su grupe, m\u016bs\u0173 gidai pritaiko temp\u0105 prie j\u016bs\u0173 poreiki\u0173. Jie padeda orientuotis sud\u0117tingose vietin\u0117se sistemose, i\u0161vengti turist\u0173 sp\u0105st\u0173 ir u\u017etikrina saugi\u0105 bei auk\u0161tos kokyb\u0117s aplink\u0105 visos kelion\u0117s metu.<\/p>\n<\/li>\n<\/ul>\n<h2 data-path-to-node=\"11\">\u2728 Kod\u0117l verta rinktis priva\u010di\u0105 ekskursij\u0105?<\/h2>\n<p data-path-to-node=\"12\">Pab\u0117kite nuo minios ir standartini\u0173 program\u0173. Patirkite savo kelion\u0117s tiksl\u0105 savo s\u0105lygomis su Official Guides gidais.<\/p>\n<h3 data-path-to-node=\"13\">Privataus gido privalumai<\/h3>\n<ul data-path-to-node=\"14\">\n<li>\n<p data-path-to-node=\"14,0,0\"><b data-path-to-node=\"14,0,0\" data-index-in-node=\"0\">Individual\u016bs mar\u0161rutai:<\/b> Kiekviena ekskursija pritaikoma pagal j\u016bs\u0173 asmeninius interesus ir aistras.<\/p>\n<\/li>\n<li>\n<p data-path-to-node=\"14,1,0\"><b data-path-to-node=\"14,1,0\" data-index-in-node=\"0\">Licencijuota ekspertiz\u0117:<\/b> Gaukite gilias \u012f\u017evalgas i\u0161 profesionali\u0173 vietini\u0173 ekspert\u0173.<\/p>\n<\/li>\n<li>\n<p data-path-to-node=\"14,2,0\"><b data-path-to-node=\"14,2,0\" data-index-in-node=\"0\">Laiko taupymas:<\/b> Praleiskite ilgas eiles ir maksimaliai i\u0161naudokite laik\u0105 naudodami optimizuotus mar\u0161rutus.<\/p>\n<\/li>\n<li>\n<p data-path-to-node=\"14,3,0\"><b data-path-to-node=\"14,3,0\" data-index-in-node=\"0\">Visi\u0161kas lankstumas:<\/b> J\u016bs nustatote temp\u0105 \u2013 ilgiau u\u017esib\u016bkite m\u0117gstamose vietose arba padarykite spontani\u0161k\u0105 pertrauk\u0105.<\/p>\n<\/li>\n<li>\n<p data-path-to-node=\"14,4,0\"><b data-path-to-node=\"14,4,0\" data-index-in-node=\"0\">Autenti\u0161ki atradimai:<\/b> Tyrin\u0117kite pasl\u0117ptus perlus ir \u201eslaptas\u201c vietas toliau nuo turistini\u0173 sp\u0105st\u0173.<\/p>\n<\/li>\n<\/ul>\n<p data-path-to-node=\"15\"><i data-path-to-node=\"15\" data-index-in-node=\"0\">Kokyb\u0117 vir\u0161 kiekyb\u0117s. Pa\u017einkite miest\u0105 per kelias valandas, o ne dienas.<\/i><\/p>\n<h2 data-path-to-node=\"16\">\ud83c\udfdb\ufe0f Atraskite ikoni\u0161kas vietas su ekspertais<\/h2>\n<p data-path-to-node=\"17\">Nuo senovini\u0173 griuv\u0117si\u0173 iki moderni\u0173 architekt\u016bros stebukl\u0173, OfficialGuides.com sujungia jus su specialistais lankomiausiose pasaulio vietose:<\/p>\n<ul data-path-to-node=\"18\">\n<li>\n<p data-path-to-node=\"18,0,0\"><b data-path-to-node=\"18,0,0\" data-index-in-node=\"0\">Pary\u017eius:<\/b> I\u0161sam\u016bs meno istorijos pasivaik\u0161\u010diojimai po Luvr\u0105, Versal\u012f ir Monmartr\u0105.<\/p>\n<\/li>\n<li>\n<p data-path-to-node=\"18,1,0\"><b data-path-to-node=\"18,1,0\" data-index-in-node=\"0\">Stambulas:<\/b> Ekspert\u0173 pasakojimai Sofijos sobore, Topkapi r\u016bmuose, Hareme, M\u0117lynojoje me\u010det\u0117je, Bosforo s\u0105siauryje ir Did\u017eiajame turguje.<\/p>\n<\/li>\n<li>\n<p data-path-to-node=\"18,2,0\"><b data-path-to-node=\"18,2,0\" data-index-in-node=\"0\">Vatikanas ir Roma:<\/b> \u0160v. Petro bazilika, Koliziejus ir Vatikano muziejai.<\/p>\n<\/li>\n<li>\n<p data-path-to-node=\"18,3,0\"><b data-path-to-node=\"18,3,0\" data-index-in-node=\"0\">Barselona:<\/b> Architekt\u016brinis Sagrada Familia ir Park Guell genijus.<\/p>\n<\/li>\n<li>\n<p data-path-to-node=\"18,4,0\"><b data-path-to-node=\"18,4,0\" data-index-in-node=\"0\">At\u0117nai:<\/b> Senov\u0117s Graikijos \u0161irdis ir didingasis Akropolis.<\/p>\n<\/li>\n<li>\n<p data-path-to-node=\"18,5,0\"><b data-path-to-node=\"18,5,0\" data-index-in-node=\"0\">Dubajus:<\/b> Modern\u016bs stebuklai, tokie kaip Burj Khalifa, ir paveldo turai po sen\u0105j\u012f Dubaj\u0173.<\/p>\n<\/li>\n<\/ul>\n<p data-path-to-node=\"19\"><b data-path-to-node=\"19\" data-index-in-node=\"0\">Ir kitos kryptys:<\/b> Londonas, Kapadokija, Madridas, Florencija, Praha, Antalija, Lisabona, Amsterdamas, Berlynas, Stokholmas, Bankokas, Viena, Neapolis, Niujorkas, Kopenhaga, Sevilija, Granada, Valensija, Kairas, Tokijas.<\/p>\n<h2 data-path-to-node=\"20\">\ud83d\udcf2 Sukurta tiesioginiam bendravimui<\/h2>\n<p data-path-to-node=\"21\">Tikime, kad geriausi kelioni\u0173 planai prasideda nuo pokalbio. OfficialGuides.com u\u017etikrina tiesiogin\u012f bendravim\u0105 realiuoju laiku tarp j\u016bs\u0173 ir potencialaus gido. U\u017eduokite klausimus, aptarkite savo specifinius interesus ir suderinkite mar\u0161rut\u0105 tiesiogiai su asmeniu, kuris rodys jums miest\u0105. Joki\u0173 tarpinink\u0173, joki\u0173 pasl\u0117pt\u0173 agent\u016bros mokes\u010di\u0173 \u2013 tik tiesiogin\u0117 vietin\u0117 patirtis.<\/p>\n<h2 data-path-to-node=\"22\">\ud83c\udf0d Prisijunkite prie m\u016bs\u0173 pasaulinio profesional\u0173 tinklo<\/h2>\n<p data-path-to-node=\"23\">Ar esate licencijuotas gidas? Nuolat ple\u010diame savo veikl\u0105 ir esame atviri bendradarbiavimui su profesionaliais gidais, kalban\u010diais bet kuria kalba visame pasaulyje. Jei esate sertifikuotas ekspertas, norintis tiesiogiai susisiekti su tarptautiniais keliautojais, OfficialGuides.com yra j\u016bs\u0173 platforma. Prisijunkite prie m\u016bs\u0173 tinklo \u0161iandien.<\/p>\n<p data-path-to-node=\"24\"><i data-path-to-node=\"24\" data-index-in-node=\"0\">Svarbi pastaba: Official Guides yra platforma, sujungianti keliautojus su licencijuotais gidais; tai n\u0117ra kelioni\u0173 agent\u016bra. Perskaitykite m\u016bs\u0173 \u201e<a href=\"https:\/\/officialguides.com\/lt\/teisinis-apribojimas\/\" target=\"_blank\" rel=\"noopener\">Teisin\u012f atsakomyb\u0117s apribojim\u0105<\/a>\u201c ir \u201e<a href=\"https:\/\/officialguides.com\/lt\/privatumo-politika\/\" target=\"_blank\" rel=\"noopener\">Privatumo politik\u0105<\/a>\u201c<\/i><\/p>\n","protected":false},"excerpt":{"rendered":"<p>OfficialGuides.com yra specializuota platforma, sujungianti nepriklausomus keliautojus ir grupes su profesionaliais, licencijuotais gidais populiariausiose pasaulio vietose. Bendraukite realiuoju laiku ir suplanuokite savo tobul\u0105 kelion\u0119 daugiau nei 30 kalb\u0173. \ud83c\udf92 Pasirinkite savo miest\u0105, prad\u0117kite kelion\u0119 Nar\u0161ykite m\u016bs\u0173 katalog\u0105 OfficialGuides.com ir raskite tinkamiausi\u0105 sertifikuot\u0105 profesional\u0105 savo kitam nuotykiui. J\u016bs\u0173 autenti\u0161ka kelion\u0117 be streso prasideda vos viena \u017einute. &#8230; <a title=\"Tiesiogiai Susisiekite Su Oficialiais Gidais Visame Pasaulyje\" class=\"read-more\" href=\"https:\/\/officialguides.com\/lt\/\" aria-label=\"Read more about Tiesiogiai Susisiekite Su Oficialiais Gidais Visame Pasaulyje\">Read more<\/a><\/p>\n","protected":false},"author":3,"featured_media":397547,"parent":0,"menu_order":0,"comment_status":"closed","ping_status":"closed","template":"","meta":{"_acf_changed":false,"footnotes":""},"class_list":["post-40254","page","type-page","status-publish","has-post-thumbnail"],"acf":[],"yoast_head":"<!-- This site is optimized with the Yoast SEO plugin v27.4 - https:\/\/yoast.com\/product\/yoast-seo-wordpress\/ -->\n<title>Licencijuoti gidai ir priva\u010dios ekskursijos visame pasaulyje | OfficialGuides<\/title>\n<meta name=\"description\" content=\"Tiesiogiai susisiekite su oficialiais ir sertifikuotais gidais geriausiose pasaulio vietose. U\u017esisakykite individualias ekskursijas, venkite eili\u0173 ir patirkite autenti\u0161kas keliones be tarpinink\u0173.\" \/>\n<meta name=\"robots\" content=\"index, follow, max-snippet:-1, max-image-preview:large, max-video-preview:-1\" \/>\n<link rel=\"canonical\" href=\"https:\/\/officialguides.com\/lt\/\" \/>\n<meta property=\"og:locale\" content=\"lt_LT\" \/>\n<meta property=\"og:type\" content=\"article\" \/>\n<meta property=\"og:title\" content=\"Licencijuoti gidai ir priva\u010dios ekskursijos visame pasaulyje | OfficialGuides\" \/>\n<meta property=\"og:description\" content=\"Tiesiogiai susisiekite su oficialiais ir sertifikuotais gidais geriausiose pasaulio vietose. U\u017esisakykite individualias ekskursijas, venkite eili\u0173 ir patirkite autenti\u0161kas keliones be tarpinink\u0173.\" \/>\n<meta property=\"og:url\" content=\"https:\/\/officialguides.com\/lt\/\" \/>\n<meta property=\"og:site_name\" content=\"Find Your Private Tour Guide Around The World!\" \/>\n<meta property=\"article:modified_time\" content=\"2026-02-01T17:39:30+00:00\" \/>\n<meta property=\"og:image\" content=\"https:\/\/officialguides.com\/wp-content\/uploads\/2026\/01\/private-tours-guides.jpg\" \/>\n\t<meta property=\"og:image:width\" content=\"1024\" \/>\n\t<meta property=\"og:image:height\" content=\"523\" \/>\n\t<meta property=\"og:image:type\" content=\"image\/jpeg\" \/>\n<meta name=\"twitter:card\" content=\"summary_large_image\" \/>\n<meta name=\"twitter:label1\" content=\"Est. reading time\" \/>\n\t<meta name=\"twitter:data1\" content=\"3 minut\u0117s\" \/>\n<script type=\"application\/ld+json\" class=\"yoast-schema-graph\">{\"@context\":\"https:\\\/\\\/schema.org\",\"@graph\":[{\"@type\":\"WebPage\",\"@id\":\"https:\\\/\\\/officialguides.com\\\/lt\\\/\",\"url\":\"https:\\\/\\\/officialguides.com\\\/lt\\\/\",\"name\":\"Licencijuoti gidai ir priva\u010dios ekskursijos visame pasaulyje | OfficialGuides\",\"isPartOf\":{\"@id\":\"https:\\\/\\\/officialguides.com\\\/lt\\\/#website\"},\"primaryImageOfPage\":{\"@id\":\"https:\\\/\\\/officialguides.com\\\/lt\\\/#primaryimage\"},\"image\":{\"@id\":\"https:\\\/\\\/officialguides.com\\\/lt\\\/#primaryimage\"},\"thumbnailUrl\":\"https:\\\/\\\/officialguides.com\\\/wp-content\\\/uploads\\\/2026\\\/01\\\/private-tours-guides.jpg\",\"datePublished\":\"2020-05-15T13:00:10+00:00\",\"dateModified\":\"2026-02-01T17:39:30+00:00\",\"description\":\"Tiesiogiai susisiekite su oficialiais ir sertifikuotais gidais geriausiose pasaulio vietose. U\u017esisakykite individualias ekskursijas, venkite eili\u0173 ir patirkite autenti\u0161kas keliones be tarpinink\u0173.\",\"breadcrumb\":{\"@id\":\"https:\\\/\\\/officialguides.com\\\/lt\\\/#breadcrumb\"},\"inLanguage\":\"lt-LT\",\"potentialAction\":[{\"@type\":\"ReadAction\",\"target\":[\"https:\\\/\\\/officialguides.com\\\/lt\\\/\"]}]},{\"@type\":\"ImageObject\",\"inLanguage\":\"lt-LT\",\"@id\":\"https:\\\/\\\/officialguides.com\\\/lt\\\/#primaryimage\",\"url\":\"https:\\\/\\\/officialguides.com\\\/wp-content\\\/uploads\\\/2026\\\/01\\\/private-tours-guides.jpg\",\"contentUrl\":\"https:\\\/\\\/officialguides.com\\\/wp-content\\\/uploads\\\/2026\\\/01\\\/private-tours-guides.jpg\",\"width\":1024,\"height\":523},{\"@type\":\"BreadcrumbList\",\"@id\":\"https:\\\/\\\/officialguides.com\\\/lt\\\/#breadcrumb\",\"itemListElement\":[{\"@type\":\"ListItem\",\"position\":1,\"name\":\"Home\",\"item\":\"https:\\\/\\\/officialguides.com\\\/lt\\\/\"},{\"@type\":\"ListItem\",\"position\":2,\"name\":\"Tiesiogiai Susisiekite Su Oficialiais Gidais Visame Pasaulyje\"}]},{\"@type\":\"WebSite\",\"@id\":\"https:\\\/\\\/officialguides.com\\\/lt\\\/#website\",\"url\":\"https:\\\/\\\/officialguides.com\\\/lt\\\/\",\"name\":\"Official Tour Guides Around The World! Istanbul, Paris, Rome, Dubai...\",\"description\":\"Explore cities and popular destinations with professional, official, certified tour guides\",\"alternateName\":\"Official Guides\",\"potentialAction\":[{\"@type\":\"SearchAction\",\"target\":{\"@type\":\"EntryPoint\",\"urlTemplate\":\"https:\\\/\\\/officialguides.com\\\/lt\\\/?s={search_term_string}\"},\"query-input\":{\"@type\":\"PropertyValueSpecification\",\"valueRequired\":true,\"valueName\":\"search_term_string\"}}],\"inLanguage\":\"lt-LT\"}]}<\/script>\n<!-- \/ Yoast SEO plugin. -->","yoast_head_json":{"title":"Licencijuoti gidai ir priva\u010dios ekskursijos visame pasaulyje | OfficialGuides","description":"Tiesiogiai susisiekite su oficialiais ir sertifikuotais gidais geriausiose pasaulio vietose. U\u017esisakykite individualias ekskursijas, venkite eili\u0173 ir patirkite autenti\u0161kas keliones be tarpinink\u0173.","robots":{"index":"index","follow":"follow","max-snippet":"max-snippet:-1","max-image-preview":"max-image-preview:large","max-video-preview":"max-video-preview:-1"},"canonical":"https:\/\/officialguides.com\/lt\/","og_locale":"lt_LT","og_type":"article","og_title":"Licencijuoti gidai ir priva\u010dios ekskursijos visame pasaulyje | OfficialGuides","og_description":"Tiesiogiai susisiekite su oficialiais ir sertifikuotais gidais geriausiose pasaulio vietose. U\u017esisakykite individualias ekskursijas, venkite eili\u0173 ir patirkite autenti\u0161kas keliones be tarpinink\u0173.","og_url":"https:\/\/officialguides.com\/lt\/","og_site_name":"Find Your Private Tour Guide Around The World!","article_modified_time":"2026-02-01T17:39:30+00:00","og_image":[{"width":1024,"height":523,"url":"https:\/\/officialguides.com\/wp-content\/uploads\/2026\/01\/private-tours-guides.jpg","type":"image\/jpeg"}],"twitter_card":"summary_large_image","twitter_misc":{"Est. reading time":"3 minut\u0117s"},"schema":{"@context":"https:\/\/schema.org","@graph":[{"@type":"WebPage","@id":"https:\/\/officialguides.com\/lt\/","url":"https:\/\/officialguides.com\/lt\/","name":"Licencijuoti gidai ir priva\u010dios ekskursijos visame pasaulyje | OfficialGuides","isPartOf":{"@id":"https:\/\/officialguides.com\/lt\/#website"},"primaryImageOfPage":{"@id":"https:\/\/officialguides.com\/lt\/#primaryimage"},"image":{"@id":"https:\/\/officialguides.com\/lt\/#primaryimage"},"thumbnailUrl":"https:\/\/officialguides.com\/wp-content\/uploads\/2026\/01\/private-tours-guides.jpg","datePublished":"2020-05-15T13:00:10+00:00","dateModified":"2026-02-01T17:39:30+00:00","description":"Tiesiogiai susisiekite su oficialiais ir sertifikuotais gidais geriausiose pasaulio vietose. U\u017esisakykite individualias ekskursijas, venkite eili\u0173 ir patirkite autenti\u0161kas keliones be tarpinink\u0173.","breadcrumb":{"@id":"https:\/\/officialguides.com\/lt\/#breadcrumb"},"inLanguage":"lt-LT","potentialAction":[{"@type":"ReadAction","target":["https:\/\/officialguides.com\/lt\/"]}]},{"@type":"ImageObject","inLanguage":"lt-LT","@id":"https:\/\/officialguides.com\/lt\/#primaryimage","url":"https:\/\/officialguides.com\/wp-content\/uploads\/2026\/01\/private-tours-guides.jpg","contentUrl":"https:\/\/officialguides.com\/wp-content\/uploads\/2026\/01\/private-tours-guides.jpg","width":1024,"height":523},{"@type":"BreadcrumbList","@id":"https:\/\/officialguides.com\/lt\/#breadcrumb","itemListElement":[{"@type":"ListItem","position":1,"name":"Home","item":"https:\/\/officialguides.com\/lt\/"},{"@type":"ListItem","position":2,"name":"Tiesiogiai Susisiekite Su Oficialiais Gidais Visame Pasaulyje"}]},{"@type":"WebSite","@id":"https:\/\/officialguides.com\/lt\/#website","url":"https:\/\/officialguides.com\/lt\/","name":"Official Tour Guides Around The World! Istanbul, Paris, Rome, Dubai...","description":"Explore cities and popular destinations with professional, official, certified tour guides","alternateName":"Official Guides","potentialAction":[{"@type":"SearchAction","target":{"@type":"EntryPoint","urlTemplate":"https:\/\/officialguides.com\/lt\/?s={search_term_string}"},"query-input":{"@type":"PropertyValueSpecification","valueRequired":true,"valueName":"search_term_string"}}],"inLanguage":"lt-LT"}]}},"_links":{"self":[{"href":"https:\/\/officialguides.com\/lt\/wp-json\/wp\/v2\/pages\/40254","targetHints":{"allow":["GET"]}}],"collection":[{"href":"https:\/\/officialguides.com\/lt\/wp-json\/wp\/v2\/pages"}],"about":[{"href":"https:\/\/officialguides.com\/lt\/wp-json\/wp\/v2\/types\/page"}],"author":[{"embeddable":true,"href":"https:\/\/officialguides.com\/lt\/wp-json\/wp\/v2\/users\/3"}],"replies":[{"embeddable":true,"href":"https:\/\/officialguides.com\/lt\/wp-json\/wp\/v2\/comments?post=40254"}],"version-history":[{"count":41,"href":"https:\/\/officialguides.com\/lt\/wp-json\/wp\/v2\/pages\/40254\/revisions"}],"predecessor-version":[{"id":398184,"href":"https:\/\/officialguides.com\/lt\/wp-json\/wp\/v2\/pages\/40254\/revisions\/398184"}],"wp:featuredmedia":[{"embeddable":true,"href":"https:\/\/officialguides.com\/lt\/wp-json\/wp\/v2\/media\/397547"}],"wp:attachment":[{"href":"https:\/\/officialguides.com\/lt\/wp-json\/wp\/v2\/media?parent=40254"}],"curies":[{"name":"wp","href":"https:\/\/api.w.org\/{rel}","templated":true}]}}