{"id":394691,"date":"2025-03-23T21:16:49","date_gmt":"2025-03-23T18:16:49","guid":{"rendered":"https:\/\/officialguides.com\/stambulo-bazilikos-cisterna\/"},"modified":"2026-01-12T15:33:36","modified_gmt":"2026-01-12T12:33:36","slug":"stambulo-bazilikos-cisterna","status":"publish","type":"page","link":"https:\/\/officialguides.com\/lt\/stambulo-bazilikos-cisterna\/","title":{"rendered":"Stambulo Bazilikos Cisterna"},"content":{"rendered":"<h2 class=\"\" data-start=\"374\" data-end=\"426\">\u012e\u0117jimas ir bilietai \u012f Bazilikos po\u017eemin\u0119 cistern\u0105<\/h2>\n<p data-path-to-node=\"9\">Vienas \u012fsp\u016bdingiausi\u0173 Stambulo istorini\u0173 paminkl\u0173, <b data-path-to-node=\"9\" data-index-in-node=\"51\">Basilica Cistern<\/b> (arba Nuskendusieji r\u016bmai), buvo pastatytas 532 m. e. m. <b data-path-to-node=\"9\" data-index-in-node=\"125\">Roman Emperor Justinian I<\/b>. Kasdien sulaukiant daugiau nei 10 000 lankytoj\u0173, prie \u012f\u0117jimo da\u017enai susidaro ilgos biliet\u0173 eil\u0117s (sezono metu nuo baland\u017eio iki lapkri\u010dio laukimo laikas gali siekti iki 1,5 valandos). Jei pageidaujate greito \u012f\u0117jimo, <i data-path-to-node=\"3\" data-index-in-node=\"193\">\ud83c\udf1f<\/i> <i data-path-to-node=\"9\" data-index-in-node=\"368\"><a class=\"ng-star-inserted\" href=\"https:\/\/www.tiqets.com\/basilica-cistern-tickets-l147375\/?partner=travelingturks\" target=\"_blank\" rel=\"noopener\" data-hveid=\"0\" data-ved=\"0CAAQ_4QMahgKEwj8kfGp2oWSAxUAAAAAHQAAAAAQuAg\">bilietus galite rezervuoti \u010dia<\/a><\/i> ir <span style=\"color: #800000;\"><em><a style=\"color: #800000;\" href=\"https:\/\/officialguides.com\/lt\/gidas-lietuviu-kalba-stambule\/\" target=\"_blank\" rel=\"noopener\">u\u017esisakyti privat\u0173 gid\u0105<\/a><\/em><\/span>, kad cistern\u0105 aplankytum\u0117te be eil\u0117s.<\/p>\n<figure style=\"width: 1014px\" class=\"wp-caption aligncenter\"><img decoding=\"async\" src=\"https:\/\/officialguides.com\/wp-content\/uploads\/2025\/03\/basilica-cistern-fast-track-entry.jpg\" alt=\"Underground Cistern ticket lines\" width=\"1024\" height=\"358\" \/><figcaption class=\"wp-caption-text\"><em>Bazilikos cisternos biliet\u0173 linijos<\/em><\/figcaption><\/figure>\n<p class=\"\" data-start=\"1111\" data-end=\"1490\">Osman\u0173 laikais \u0161i cisterna buvo naudojama daugiausia <strong data-start=\"1164\" data-end=\"1178\">dr\u0117kinimui<\/strong>, o ne kaip geriamojo vandens \u0161altinis. I\u0161 daugiau nei <strong data-start=\"1233\" data-end=\"1275\">100 Bizantijos ir Romos laik\u0173 cistern\u0173<\/strong>, pastatyt\u0173 Konstantinopolyje, \u0161i yra <strong data-start=\"1313\" data-end=\"1327\">did\u017eiausia<\/strong>, o taip pat ir <strong data-start=\"1343\" data-end=\"1385\">did\u017eiausia po\u017eemin\u0117 cisterna pasaulyje<\/strong>. \u0160iandien lankytojai j\u0105 vertina d\u0117l <strong data-start=\"1422\" data-end=\"1445\">mistin\u0117s atmosferos<\/strong>, senovini\u0173 kolon\u0173 ir i\u0161skirtinio ap\u0161vietimo.<\/p>\n<h3 class=\"\" data-start=\"1492\" data-end=\"1533\"><span style=\"text-decoration: underline;\">Biliet\u0173 kainos ir pirkimo informacija 2026<\/span><\/h3>\n<h4 class=\"\" data-start=\"1535\" data-end=\"1577\">Dieninis apsilankymas (09:00\u201318:30)<\/h4>\n<ul>\n<li data-start=\"1580\" data-end=\"1613\">Suaugusieji: 1500 Turkijos lir\u0173<\/li>\n<li data-start=\"1616\" data-end=\"1644\">Vaikai iki 7 met\u0173: nemokamai<\/li>\n<li data-start=\"1616\" data-end=\"1644\">Studento nuolaida galioja tik studentams, studijuojantiems Turkijoje.<\/li>\n<\/ul>\n<p><img decoding=\"async\" class=\"aligncenter\" src=\"https:\/\/officialguides.com\/wp-content\/uploads\/2025\/03\/ticket-prices-basilica-cistern.jpg\" alt=\"ticket price and online purchase for Underground Cistern in Istanbul, free and discounted entrance\" \/><\/p>\n<h4 class=\"\" data-start=\"1646\" data-end=\"1689\">Vakarinis apsilankymas (19:30\u201322:00)<\/h4>\n<ul>\n<li data-start=\"1692\" data-end=\"1725\">Suaugusieji: 2400 Turkijos lir\u0173<\/li>\n<li data-start=\"1728\" data-end=\"1756\">Vaikai iki 7 met\u0173: nemokamai<\/li>\n<li data-start=\"1760\" data-end=\"1817\">Dieninius bilietus galima \u012fsigyti kasoje (09:00\u201318:30).<\/li>\n<li data-start=\"1820\" data-end=\"1898\">Vakariniai bilietai <strong data-start=\"1840\" data-end=\"1858\">parduodami tik<\/strong> Bazilikos cisternos kasoje nuo 19:30.<\/li>\n<li data-start=\"1901\" data-end=\"2013\"><strong data-start=\"1901\" data-end=\"1963\">Neoficial\u016bs biliet\u0173 pardav\u0117jai n\u0117ra pripa\u017e\u012fstami K\u00fclt\u00fcr A\u015e<\/strong>, <em><a href=\"https:\/\/gyg.me\/RaeT5WTs\" target=\"_blank\" rel=\"noopener\">(Getyourguide is an official vendor).<\/a><\/em><\/li>\n<li data-start=\"2016\" data-end=\"2113\">Bilietai galioja <strong data-start=\"2033\" data-end=\"2073\">vienkartiniam \u012f\u0117jimui t\u0105 pa\u010di\u0105 dien\u0105<\/strong>. Bilietai n\u0117ra gr\u0105\u017einami ar kei\u010diami.<\/li>\n<li data-start=\"2116\" data-end=\"2222\">Vaikai iki 7 met\u0173 ir licencijuoti gidai gali patekti <strong data-start=\"2169\" data-end=\"2219\">nemokamai vakarinio lankymo metu (Night Shift)<\/strong>.<\/li>\n<li data-start=\"2225\" data-end=\"2326\">Priimami tik <strong data-start=\"2238\" data-end=\"2294\">grynieji pinigai Turkijos lirais arba banko kortel\u0117s<\/strong>. U\u017esienio valiuta nepriimama.<\/li>\n<li data-start=\"2329\" data-end=\"2413\"><strong data-start=\"2329\" data-end=\"2360\">Muziejaus kortel\u0117 negalioja<\/strong>, nes \u0161is objektas nepriklauso Kult\u016bros ministerijai.<\/li>\n<\/ul>\n<h3 class=\"\" data-start=\"2415\" data-end=\"2450\"><span style=\"text-decoration: underline;\">Darbo laikas ir u\u017edarymo laikai 2026<\/span><\/h3>\n<ul>\n<li data-start=\"2454\" data-end=\"2493\">Atidaryta kasdien nuo 09:00 iki 22:00<\/li>\n<li data-start=\"2496\" data-end=\"2557\">U\u017edaroma tarp 18:30 ir 19:30 d\u0117l lankytoj\u0173 sraut\u0173 pasikeitimo<\/li>\n<\/ul>\n<p><img decoding=\"async\" class=\"aligncenter\" src=\"https:\/\/officialguides.com\/wp-content\/uploads\/2025\/03\/basilica-cistern-opening-hours.jpg\" alt=\"Cisterna Basilica \/ Sunken Palace visitors information, closing hour and days\" \/><\/p>\n<h3 class=\"\" data-start=\"2559\" data-end=\"2597\"><span style=\"text-decoration: underline;\">Kaip nuvykti \u012f Bazilikos cistern\u0105?<\/span><\/h3>\n<h4 class=\"\" data-start=\"2599\" data-end=\"2616\">Tramvajumi<\/h4>\n<p class=\"\" data-start=\"2617\" data-end=\"2720\">Artimiausia stotel\u0117 \u2014 <strong data-start=\"2639\" data-end=\"2654\">Sultanahmet<\/strong>, T1 (Ba\u011fc\u0131lar\u2013Kabata\u015f) linijoje. Nuo jos tik 5 minut\u0117s p\u0117s\u010diomis.<\/p>\n<p data-start=\"2617\" data-end=\"2720\"><iframe src=\"https:\/\/www.google.com\/maps\/embed?pb=!1m18!1m12!1m3!1d3010.7708709753197!2d28.975303074478624!3d41.00838801942053!2m3!1f0!2f0!3f0!3m2!1i1024!2i768!4f13.1!3m3!1m2!1s0x14cab9bde0c66ac9%3A0x60c02fe1ee6d8471!2zWWVyZWJhdGFuIFNhcm7EsWPEsQ!5e0!3m2!1str!2str!4v1741789356228!5m2!1str!2str\" width=\"600\" height=\"450\" frameborder=\"0\" allowfullscreen=\"allowfullscreen\"><\/iframe><\/p>\n<h4 class=\"\" data-start=\"2722\" data-end=\"2734\">Metro<\/h4>\n<p class=\"\" data-start=\"2735\" data-end=\"2952\">Va\u017eiuokite <strong data-start=\"2746\" data-end=\"2758\">Marmaray<\/strong> linija iki <strong data-start=\"2770\" data-end=\"2781\">Sirkeci<\/strong> stoties, pers\u0117skite \u012f tramvaj\u0173 ir i\u0161lipkite Sultanahmet stotel\u0117je (3 minut\u0117s p\u0117s\u010diomis).<br data-start=\"2870\" data-end=\"2873\" \/>Arba i\u0161eikite pro 2 ar 3 i\u0161\u0117jim\u0105 i\u0161 Marmaray ir eikite p\u0117s\u010diomis 10\u201315 minu\u010di\u0173.<\/p>\n<h4 class=\"\" data-start=\"2954\" data-end=\"2969\">Autobusu<\/h4>\n<p class=\"\" data-start=\"2970\" data-end=\"3018\"><strong data-start=\"2970\" data-end=\"3018\">Netoliese n\u0117ra va\u017eiuojan\u010di\u0173 miesto autobus\u0173.<\/strong><\/p>\n<h4 class=\"\" data-start=\"3020\" data-end=\"3046\">Nuosavu automobiliu<\/h4>\n<p class=\"\" data-start=\"3047\" data-end=\"3175\">Istorin\u0117je miesto dalyje <strong data-start=\"3072\" data-end=\"3090\">didelis eismas<\/strong>, tod\u0117l rekomenduojama naudotis <strong data-start=\"3122\" data-end=\"3145\">vie\u0161uoju transportu<\/strong>. Parkavimo viet\u0173 labai ma\u017eai.<\/p>\n<h3 class=\"\" data-start=\"3177\" data-end=\"3219\"><span style=\"text-decoration: underline;\">K\u0105 verta pamatyti Bazilikos cisternoje<\/span><\/h3>\n<h4 class=\"\" data-start=\"3221\" data-end=\"3245\">1. Med\u016bzos galvos<\/h4>\n<p class=\"\" data-start=\"3246\" data-end=\"3363\">Dvi <strong data-start=\"3250\" data-end=\"3268\">Med\u016bzos galvos<\/strong> \u2013 viena apversta, kita paguldyta ant \u0161ono \u2013 yra \u0161iaur\u0117s vakariniame kampe, po dviem kolonomis.<\/p>\n<p class=\"\" data-start=\"3365\" data-end=\"3767\"><strong data-start=\"3365\" data-end=\"3388\">Mitologin\u0117 reik\u0161m\u0117:<\/strong><br data-start=\"3388\" data-end=\"3391\" \/>Senov\u0117s Graikijos mitologijoje Med\u016bza buvo Gorgonas su gyvat\u0117mis vietoje plauk\u0173, kurios \u017evilgsnis pavert\u0117 \u017emones akmenimis.<br data-start=\"3514\" data-end=\"3517\" \/>Romos laikais tik\u0117ta, kad <strong data-start=\"3543\" data-end=\"3561\">Med\u016bzos galvos<\/strong> apsaugo nuo pikt\u0173j\u0173 dvasi\u0173.<br data-start=\"3589\" data-end=\"3592\" \/>Manoma, kad jos atkeliavo i\u0161 senesnio rom\u0117n\u0173 statinio.<br data-start=\"3646\" data-end=\"3649\" \/>Kai kurios teorijos sako, kad galvos apverstos siekiant <strong data-start=\"3705\" data-end=\"3766\">neutralizuoti Med\u016bzos gali\u0105 pagal krik\u0161\u010dioni\u0161k\u0105 simbolik\u0105<\/strong>.<\/p>\n<h4 class=\"\" data-start=\"3769\" data-end=\"3797\">2. \u012esp\u016bdingos kolonos<\/h4>\n<p class=\"\" data-start=\"3798\" data-end=\"4104\">Cistern\u0105 laiko <strong data-start=\"3813\" data-end=\"3839\">336 marmurin\u0117s kolonos<\/strong>, kuri\u0173 kiekviena apie 9 metr\u0173 auk\u0161\u010dio. Dauguma j\u0173 turi <strong data-start=\"3895\" data-end=\"3939\">korintinio ar joninio stiliaus kapiteli\u0173<\/strong>. Kai kurios atgabentos i\u0161 pagoni\u0161k\u0173 \u0161ventykl\u0173, kitos pagamintos specialiai \u0161iai vietai. Prislopintas ap\u0161vietimas ir vandens atspind\u017eiai kuria <strong data-start=\"4082\" data-end=\"4103\">magi\u0161k\u0105 atmosfer\u0105<\/strong>.<\/p>\n<p data-start=\"3798\" data-end=\"4104\"><img decoding=\"async\" class=\"aligncenter\" src=\"https:\/\/officialguides.com\/wp-content\/uploads\/2025\/03\/what-to-see-in-basilica-cistern.jpg\" alt=\"what is interesting to see inside Underground Cistern Istanbul\" \/><\/p>\n<h4 class=\"\" data-start=\"4106\" data-end=\"4145\">3. \u0160viesos atspind\u017eiai vandenyje<\/h4>\n<p class=\"\" data-start=\"4146\" data-end=\"4216\">Vienas \u012fsp\u016bdingiausi\u0173 dalyk\u0173 \u2014 <strong data-start=\"4177\" data-end=\"4215\">\u0161viesos \u017eaismas vandens pavir\u0161iuje<\/strong>.<\/p>\n<p class=\"\" data-start=\"4218\" data-end=\"4239\">Kod\u0117l tai ypatinga?<\/p>\n<ul>\n<li data-start=\"4242\" data-end=\"4289\">Sukuria <strong data-start=\"4250\" data-end=\"4287\">misti\u0161k\u0105, beveik sapni\u0161k\u0105 aplink\u0105<\/strong><\/li>\n<li data-start=\"4292\" data-end=\"4348\">Vandens atspind\u017eiai sukuria <strong data-start=\"4320\" data-end=\"4346\">begalyb\u0117s gylio \u012fsp\u016bd\u012f<\/strong><\/li>\n<li data-start=\"4351\" data-end=\"4388\">Puiki vieta <strong data-start=\"4363\" data-end=\"4388\">fotografijos m\u0117g\u0117jams<\/strong><\/li>\n<\/ul>\n<h4 class=\"\" data-start=\"4390\" data-end=\"4419\">4. Verkian\u010dioji kolona<\/h4>\n<p class=\"\" data-start=\"4420\" data-end=\"4568\">Skirtingai nei kitos, \u0161i kolona papuo\u0161ta <strong data-start=\"4461\" data-end=\"4489\">a\u0161ar\u0173 formos ornamentais<\/strong>, kurie i\u0161 tikr\u0173j\u0173 simbolizuoja <strong data-start=\"4521\" data-end=\"4547\">med\u017eio \u0161akas ar mazgus<\/strong>, o ne tikras a\u0161aras.<\/p>\n<h3 class=\"\" data-start=\"4570\" data-end=\"4616\"><span style=\"text-decoration: underline;\">Patirtys ir renginiai Bazilikos cisternoje<\/span><\/h3>\n<ul>\n<li data-start=\"4620\" data-end=\"4718\"><strong data-start=\"4620\" data-end=\"4640\">Meno pasirodymai<\/strong>: Kartais vykstantys \u0161vies\u0173 \u0161ou ir koncertai suteikia nepamir\u0161tam\u0105 atmosfer\u0105<\/li>\n<li data-start=\"4721\" data-end=\"4821\"><strong data-start=\"4721\" data-end=\"4735\">Audiogidas<\/strong>: Galite i\u0161sinuomoti audiogid\u0105, kad daugiau su\u017einotum\u0117te apie istorij\u0105 ir mitologij\u0105<\/li>\n<li data-start=\"4824\" data-end=\"4915\"><strong data-start=\"4824\" data-end=\"4842\">Fotografavimas<\/strong>: Puikios s\u0105lygos fotografijai, ypa\u010d d\u0117l ap\u0161vietimo ir vandens atspind\u017ei\u0173<\/li>\n<\/ul>\n<h3 class=\"\" data-start=\"4917\" data-end=\"4942\"><span style=\"text-decoration: underline;\">Patarimai lankytojams<\/span><\/h3>\n<ul>\n<li data-start=\"4946\" data-end=\"5028\">Nor\u0117dami i\u0161vengti \u017emoni\u0173 sraut\u0173, apsilankykite <strong data-start=\"4993\" data-end=\"5026\">anksti ryte arba v\u0117lai vakare<\/strong><\/li>\n<li data-start=\"5031\" data-end=\"5103\">D\u0117v\u0117kite <strong data-start=\"5040\" data-end=\"5070\">batus su neslystan\u010diu padu<\/strong>, nes grindys gali b\u016bti \u0161lapios<\/li>\n<li data-start=\"5106\" data-end=\"5168\">Viduje v\u0117siau nei lauke \u2014 <strong data-start=\"5132\" data-end=\"5166\">naudinga tur\u0117ti lengv\u0105 striuk\u0119<\/strong><\/li>\n<li data-start=\"5171\" data-end=\"5240\">Nor\u0117dami praleisti eil\u0119, <strong data-start=\"5196\" data-end=\"5240\">pirkite bilietus i\u0161 anksto internetu \u010dia<\/strong><\/li>\n<\/ul>\n<h3 class=\"\" data-start=\"5242\" data-end=\"5277\"><span style=\"text-decoration: underline;\">Da\u017eniausiai u\u017eduodami klausimai<\/span><\/h3>\n<h4 class=\"\" data-start=\"5279\" data-end=\"5330\">1. Ar tinka muziejaus kortel\u0117 (Museum Pass)?<\/h4>\n<p class=\"\" data-start=\"5331\" data-end=\"5396\">Ne. <strong data-start=\"5335\" data-end=\"5370\">Muziejaus kortel\u0117 \u010dia negalioja<\/strong>, nes tai privati \u012fstaiga.<\/p>\n<h4 class=\"\" data-start=\"5398\" data-end=\"5445\">2. Ar cisterna pritaikyta ne\u012fgaliesiems?<\/h4>\n<p class=\"\" data-start=\"5446\" data-end=\"5565\">Grindys yra nelygios, tod\u0117l jud\u0117jimo negali\u0105 turintiems lankytojams gali b\u016bti sunku, ta\u010diau <strong data-start=\"5538\" data-end=\"5564\">personalas gali pad\u0117ti<\/strong>.<\/p>\n<h4 class=\"\" data-start=\"5567\" data-end=\"5612\">3. Kada geriausias laikas apsilankyti?<\/h4>\n<p class=\"\" data-start=\"5613\" data-end=\"5678\"><strong data-start=\"5613\" data-end=\"5634\">Darbo dien\u0173 rytai<\/strong> \u2013 pats tinkamiausias laikas i\u0161vengti mini\u0173.<\/p>\n<p class=\"\" data-start=\"5680\" data-end=\"5857\"><strong data-start=\"5680\" data-end=\"5702\">Bazilikos cisterna<\/strong> yra b\u016btina lankytina vieta tiems, kurie nori pasinerti \u012f <strong data-start=\"5760\" data-end=\"5789\">mistin\u0119 Stambulo istorij\u0105<\/strong>. Planuokite savo apsilankym\u0105 ir m\u0117gaukit\u0117s \u0161ia nepakartojama vieta!<\/p>\n<hr class=\"\" data-start=\"5859\" data-end=\"5862\" \/>\n<ul>\n<li data-start=\"5866\" data-end=\"5902\"><em><a href=\"#\" rel=\"noopener\" data-start=\"5866\" data-end=\"5900\">Topkapio r\u016bm\u0173 lankytojo gidas<\/a><\/em><\/li>\n<li data-start=\"5905\" data-end=\"5939\"><em><a href=\"#\" rel=\"noopener\" data-start=\"5905\" data-end=\"5937\">\u0160v. Sofijos lankytojo gidas<\/a><\/em><\/li>\n<li data-start=\"5942\" data-end=\"6002\"><em><a href=\"https:\/\/istanbul.ktb.gov.tr\/\" target=\"_new\" rel=\"noopener\" data-start=\"5942\" data-end=\"6000\">Stambulo Turizmo direkcija<\/a><\/em><\/li>\n<li data-start=\"6005\" data-end=\"6073\"><em><a href=\"https:\/\/yerebatan.com\/en\/\" target=\"_new\" rel=\"noopener\" data-start=\"6005\" data-end=\"6071\">Oficiali Bazilikos cisternos svetain\u0117<\/a><\/em><\/li>\n<li data-start=\"6076\" data-end=\"6103\"><em>Instagram: @yerebatansarnic<\/em><\/li>\n<\/ul>\n","protected":false},"excerpt":{"rendered":"<p>\u012e\u0117jimas ir bilietai \u012f Bazilikos po\u017eemin\u0119 cistern\u0105 Vienas \u012fsp\u016bdingiausi\u0173 Stambulo istorini\u0173 paminkl\u0173, Basilica Cistern (arba Nuskendusieji r\u016bmai), buvo pastatytas 532 m. e. m. Roman Emperor Justinian I. Kasdien sulaukiant daugiau nei 10 000 lankytoj\u0173, prie \u012f\u0117jimo da\u017enai susidaro ilgos biliet\u0173 eil\u0117s (sezono metu nuo baland\u017eio iki lapkri\u010dio laukimo laikas gali siekti iki 1,5 valandos). Jei &#8230; <a title=\"Stambulo Bazilikos Cisterna\" class=\"read-more\" href=\"https:\/\/officialguides.com\/lt\/stambulo-bazilikos-cisterna\/\" aria-label=\"Read more about Stambulo Bazilikos Cisterna\">Read more<\/a><\/p>\n","protected":false},"author":3,"featured_media":394475,"parent":0,"menu_order":0,"comment_status":"closed","ping_status":"closed","template":"","meta":{"_acf_changed":false,"footnotes":""},"class_list":["post-394691","page","type-page","status-publish","has-post-thumbnail"],"acf":[],"yoast_head":"<!-- This site is optimized with the Yoast SEO plugin v27.5 - https:\/\/yoast.com\/product\/yoast-seo-wordpress\/ -->\n<title>Stambulo Bazilikos Cisterna | Bilietai, \u012e\u0117jimo kaina, Atidarymo valandos<\/title>\n<meta name=\"description\" content=\"Po\u017eeminio cisternos gidas; greitojo \u012f\u0117jimo bilietas, u\u017edarymo dienos, kaip nuvykti tramvajumi \/ metro, k\u0105 pamatyti viduje\" \/>\n<meta name=\"robots\" content=\"index, follow, max-snippet:-1, max-image-preview:large, max-video-preview:-1\" \/>\n<link rel=\"canonical\" href=\"https:\/\/officialguides.com\/lt\/stambulo-bazilikos-cisterna\/\" \/>\n<meta property=\"og:locale\" content=\"lt_LT\" \/>\n<meta property=\"og:type\" content=\"article\" \/>\n<meta property=\"og:title\" content=\"Stambulo Bazilikos Cisterna | Bilietai, \u012e\u0117jimo kaina, Atidarymo valandos\" \/>\n<meta property=\"og:description\" content=\"Po\u017eeminio cisternos gidas; greitojo \u012f\u0117jimo bilietas, u\u017edarymo dienos, kaip nuvykti tramvajumi \/ metro, k\u0105 pamatyti viduje\" \/>\n<meta property=\"og:url\" content=\"https:\/\/officialguides.com\/lt\/stambulo-bazilikos-cisterna\/\" \/>\n<meta property=\"og:site_name\" content=\"Find Your Private Tour Guide Around The World!\" \/>\n<meta property=\"article:modified_time\" content=\"2026-01-12T12:33:36+00:00\" \/>\n<meta property=\"og:image\" content=\"https:\/\/officialguides.com\/wp-content\/uploads\/2025\/03\/underground-cistern-istanbul.jpg\" \/>\n\t<meta property=\"og:image:width\" content=\"1164\" \/>\n\t<meta property=\"og:image:height\" content=\"899\" \/>\n\t<meta property=\"og:image:type\" content=\"image\/jpeg\" \/>\n<meta name=\"twitter:card\" content=\"summary_large_image\" \/>\n<meta name=\"twitter:label1\" content=\"Est. reading time\" \/>\n\t<meta name=\"twitter:data1\" content=\"4 minut\u0117s\" \/>\n<script type=\"application\/ld+json\" class=\"yoast-schema-graph\">{\"@context\":\"https:\\\/\\\/schema.org\",\"@graph\":[{\"@type\":\"WebPage\",\"@id\":\"https:\\\/\\\/officialguides.com\\\/lt\\\/stambulo-bazilikos-cisterna\\\/\",\"url\":\"https:\\\/\\\/officialguides.com\\\/lt\\\/stambulo-bazilikos-cisterna\\\/\",\"name\":\"Stambulo Bazilikos Cisterna | Bilietai, \u012e\u0117jimo kaina, Atidarymo valandos\",\"isPartOf\":{\"@id\":\"https:\\\/\\\/officialguides.com\\\/lt\\\/#website\"},\"primaryImageOfPage\":{\"@id\":\"https:\\\/\\\/officialguides.com\\\/lt\\\/stambulo-bazilikos-cisterna\\\/#primaryimage\"},\"image\":{\"@id\":\"https:\\\/\\\/officialguides.com\\\/lt\\\/stambulo-bazilikos-cisterna\\\/#primaryimage\"},\"thumbnailUrl\":\"https:\\\/\\\/officialguides.com\\\/wp-content\\\/uploads\\\/2025\\\/03\\\/underground-cistern-istanbul.jpg\",\"datePublished\":\"2025-03-23T18:16:49+00:00\",\"dateModified\":\"2026-01-12T12:33:36+00:00\",\"description\":\"Po\u017eeminio cisternos gidas; greitojo \u012f\u0117jimo bilietas, u\u017edarymo dienos, kaip nuvykti tramvajumi \\\/ metro, k\u0105 pamatyti viduje\",\"breadcrumb\":{\"@id\":\"https:\\\/\\\/officialguides.com\\\/lt\\\/stambulo-bazilikos-cisterna\\\/#breadcrumb\"},\"inLanguage\":\"lt-LT\",\"potentialAction\":[{\"@type\":\"ReadAction\",\"target\":[\"https:\\\/\\\/officialguides.com\\\/lt\\\/stambulo-bazilikos-cisterna\\\/\"]}]},{\"@type\":\"ImageObject\",\"inLanguage\":\"lt-LT\",\"@id\":\"https:\\\/\\\/officialguides.com\\\/lt\\\/stambulo-bazilikos-cisterna\\\/#primaryimage\",\"url\":\"https:\\\/\\\/officialguides.com\\\/wp-content\\\/uploads\\\/2025\\\/03\\\/underground-cistern-istanbul.jpg\",\"contentUrl\":\"https:\\\/\\\/officialguides.com\\\/wp-content\\\/uploads\\\/2025\\\/03\\\/underground-cistern-istanbul.jpg\",\"width\":1164,\"height\":899,\"caption\":\"Bazilikos Cistena Stambulas | Bilietai, \u012e\u0117jimo Kaina, Darbo Laikas\"},{\"@type\":\"BreadcrumbList\",\"@id\":\"https:\\\/\\\/officialguides.com\\\/lt\\\/stambulo-bazilikos-cisterna\\\/#breadcrumb\",\"itemListElement\":[{\"@type\":\"ListItem\",\"position\":1,\"name\":\"Home\",\"item\":\"https:\\\/\\\/officialguides.com\\\/lt\\\/\"},{\"@type\":\"ListItem\",\"position\":2,\"name\":\"Stambulo Bazilikos Cisterna\"}]},{\"@type\":\"WebSite\",\"@id\":\"https:\\\/\\\/officialguides.com\\\/lt\\\/#website\",\"url\":\"https:\\\/\\\/officialguides.com\\\/lt\\\/\",\"name\":\"Official Tour Guides Around The World! Istanbul, Paris, Rome, Dubai...\",\"description\":\"Explore cities and popular destinations with professional, official, certified tour guides\",\"alternateName\":\"Official Guides\",\"potentialAction\":[{\"@type\":\"SearchAction\",\"target\":{\"@type\":\"EntryPoint\",\"urlTemplate\":\"https:\\\/\\\/officialguides.com\\\/lt\\\/?s={search_term_string}\"},\"query-input\":{\"@type\":\"PropertyValueSpecification\",\"valueRequired\":true,\"valueName\":\"search_term_string\"}}],\"inLanguage\":\"lt-LT\"}]}<\/script>\n<!-- \/ Yoast SEO plugin. -->","yoast_head_json":{"title":"Stambulo Bazilikos Cisterna | Bilietai, \u012e\u0117jimo kaina, Atidarymo valandos","description":"Po\u017eeminio cisternos gidas; greitojo \u012f\u0117jimo bilietas, u\u017edarymo dienos, kaip nuvykti tramvajumi \/ metro, k\u0105 pamatyti viduje","robots":{"index":"index","follow":"follow","max-snippet":"max-snippet:-1","max-image-preview":"max-image-preview:large","max-video-preview":"max-video-preview:-1"},"canonical":"https:\/\/officialguides.com\/lt\/stambulo-bazilikos-cisterna\/","og_locale":"lt_LT","og_type":"article","og_title":"Stambulo Bazilikos Cisterna | Bilietai, \u012e\u0117jimo kaina, Atidarymo valandos","og_description":"Po\u017eeminio cisternos gidas; greitojo \u012f\u0117jimo bilietas, u\u017edarymo dienos, kaip nuvykti tramvajumi \/ metro, k\u0105 pamatyti viduje","og_url":"https:\/\/officialguides.com\/lt\/stambulo-bazilikos-cisterna\/","og_site_name":"Find Your Private Tour Guide Around The World!","article_modified_time":"2026-01-12T12:33:36+00:00","og_image":[{"width":1164,"height":899,"url":"https:\/\/officialguides.com\/wp-content\/uploads\/2025\/03\/underground-cistern-istanbul.jpg","type":"image\/jpeg"}],"twitter_card":"summary_large_image","twitter_misc":{"Est. reading time":"4 minut\u0117s"},"schema":{"@context":"https:\/\/schema.org","@graph":[{"@type":"WebPage","@id":"https:\/\/officialguides.com\/lt\/stambulo-bazilikos-cisterna\/","url":"https:\/\/officialguides.com\/lt\/stambulo-bazilikos-cisterna\/","name":"Stambulo Bazilikos Cisterna | Bilietai, \u012e\u0117jimo kaina, Atidarymo valandos","isPartOf":{"@id":"https:\/\/officialguides.com\/lt\/#website"},"primaryImageOfPage":{"@id":"https:\/\/officialguides.com\/lt\/stambulo-bazilikos-cisterna\/#primaryimage"},"image":{"@id":"https:\/\/officialguides.com\/lt\/stambulo-bazilikos-cisterna\/#primaryimage"},"thumbnailUrl":"https:\/\/officialguides.com\/wp-content\/uploads\/2025\/03\/underground-cistern-istanbul.jpg","datePublished":"2025-03-23T18:16:49+00:00","dateModified":"2026-01-12T12:33:36+00:00","description":"Po\u017eeminio cisternos gidas; greitojo \u012f\u0117jimo bilietas, u\u017edarymo dienos, kaip nuvykti tramvajumi \/ metro, k\u0105 pamatyti viduje","breadcrumb":{"@id":"https:\/\/officialguides.com\/lt\/stambulo-bazilikos-cisterna\/#breadcrumb"},"inLanguage":"lt-LT","potentialAction":[{"@type":"ReadAction","target":["https:\/\/officialguides.com\/lt\/stambulo-bazilikos-cisterna\/"]}]},{"@type":"ImageObject","inLanguage":"lt-LT","@id":"https:\/\/officialguides.com\/lt\/stambulo-bazilikos-cisterna\/#primaryimage","url":"https:\/\/officialguides.com\/wp-content\/uploads\/2025\/03\/underground-cistern-istanbul.jpg","contentUrl":"https:\/\/officialguides.com\/wp-content\/uploads\/2025\/03\/underground-cistern-istanbul.jpg","width":1164,"height":899,"caption":"Bazilikos Cistena Stambulas | Bilietai, \u012e\u0117jimo Kaina, Darbo Laikas"},{"@type":"BreadcrumbList","@id":"https:\/\/officialguides.com\/lt\/stambulo-bazilikos-cisterna\/#breadcrumb","itemListElement":[{"@type":"ListItem","position":1,"name":"Home","item":"https:\/\/officialguides.com\/lt\/"},{"@type":"ListItem","position":2,"name":"Stambulo Bazilikos Cisterna"}]},{"@type":"WebSite","@id":"https:\/\/officialguides.com\/lt\/#website","url":"https:\/\/officialguides.com\/lt\/","name":"Official Tour Guides Around The World! Istanbul, Paris, Rome, Dubai...","description":"Explore cities and popular destinations with professional, official, certified tour guides","alternateName":"Official Guides","potentialAction":[{"@type":"SearchAction","target":{"@type":"EntryPoint","urlTemplate":"https:\/\/officialguides.com\/lt\/?s={search_term_string}"},"query-input":{"@type":"PropertyValueSpecification","valueRequired":true,"valueName":"search_term_string"}}],"inLanguage":"lt-LT"}]}},"_links":{"self":[{"href":"https:\/\/officialguides.com\/lt\/wp-json\/wp\/v2\/pages\/394691","targetHints":{"allow":["GET"]}}],"collection":[{"href":"https:\/\/officialguides.com\/lt\/wp-json\/wp\/v2\/pages"}],"about":[{"href":"https:\/\/officialguides.com\/lt\/wp-json\/wp\/v2\/types\/page"}],"author":[{"embeddable":true,"href":"https:\/\/officialguides.com\/lt\/wp-json\/wp\/v2\/users\/3"}],"replies":[{"embeddable":true,"href":"https:\/\/officialguides.com\/lt\/wp-json\/wp\/v2\/comments?post=394691"}],"version-history":[{"count":4,"href":"https:\/\/officialguides.com\/lt\/wp-json\/wp\/v2\/pages\/394691\/revisions"}],"predecessor-version":[{"id":397402,"href":"https:\/\/officialguides.com\/lt\/wp-json\/wp\/v2\/pages\/394691\/revisions\/397402"}],"wp:featuredmedia":[{"embeddable":true,"href":"https:\/\/officialguides.com\/lt\/wp-json\/wp\/v2\/media\/394475"}],"wp:attachment":[{"href":"https:\/\/officialguides.com\/lt\/wp-json\/wp\/v2\/media?parent=394691"}],"curies":[{"name":"wp","href":"https:\/\/api.w.org\/{rel}","templated":true}]}}