{"id":396241,"date":"2025-05-22T22:10:56","date_gmt":"2025-05-22T19:10:56","guid":{"rendered":"https:\/\/officialguides.com\/trasporti-pubblici-a-istanbul\/"},"modified":"2025-05-22T22:10:56","modified_gmt":"2025-05-22T19:10:56","slug":"trasporti-pubblici-a-istanbul","status":"publish","type":"page","link":"https:\/\/officialguides.com\/it\/trasporti-pubblici-a-istanbul\/","title":{"rendered":"Trasporti Pubblici a Istanbul"},"content":{"rendered":"<h2 data-start=\"229\" data-end=\"317\">Guida Completa per Spostarsi a Istanbul: Consigli sul Trasporto Pubblico per i Turisti<\/h2>\n<p data-start=\"319\" data-end=\"880\">Orientarsi a Istanbul pu\u00f2 sembrare difficile all\u2019inizio \u2014 ma non preoccuparti! Questa citt\u00e0 offre uno dei sistemi di trasporto pubblico pi\u00f9 economici ed efficienti d\u2019Europa. Che tu stia andando nel quartiere storico di <strong>Sultanahmet<\/strong>, nella vivace <strong>Taksim<\/strong> o stia attraversando i continenti in traghetto, la rete di <strong>metro, tram<\/strong>, <strong>autobus<\/strong> e <strong>traghetti<\/strong> di Istanbul rende gli spostamenti semplici. In questa guida troverai tutto ci\u00f2 che ti serve per viaggiare come un abitante del posto \u2014 da come ottenere l\u2019<strong>Istanbulkart<\/strong> alle migliori linee e ai consigli sulla sicurezza.<\/p>\n<ul>\n<li><span style=\"color: #800000;\"><strong><em><a class=\"\" style=\"color: #800000;\" href=\"#\" rel=\"noopener\" data-start=\"882\" data-end=\"954\">Clicca qui se hai bisogno di una guida turistica privata a Istanbul<\/a><\/em><\/strong><\/span><\/li>\n<li><strong><em><a class=\"\" href=\"#\" rel=\"noopener\" data-start=\"957\" data-end=\"1035\">Clicca qui se vuoi entrare rapidamente a Santa Sofia e al Palazzo Topkapi<\/a><\/em><\/strong><\/li>\n<\/ul>\n<h3 data-start=\"1037\" data-end=\"1096\">Comprendere il Sistema di Trasporto Pubblico di Istanbul<\/h3>\n<p data-start=\"1098\" data-end=\"1529\">Istanbul ha una rete di trasporti pubblici vasta e integrata che comprende <strong>metro, tram, treni, autobus, traghetti, auto elettriche<\/strong> (nelle Isole dei Principi), <strong>3 funicolari<\/strong> e <strong>2 funivie.<\/strong> La vera sfida \u00e8 la dimensione e la geografia della citt\u00e0 \u2014 divisa dal Bosforo e dal Corno d\u2019Oro, con molte colline e valli \u2014 quindi, rispetto a una citt\u00e0 europea di medie dimensioni, le distanze sono maggiori e possono essere necessari pi\u00f9 cambi.<\/p>\n<figure style=\"width: 1014px\" class=\"wp-caption aligncenter\"><img decoding=\"async\" src=\"https:\/\/officialguides.com\/wp-content\/uploads\/2025\/05\/istanbul-public-transportation-ferries.jpg\" alt=\"Istanbul's integrated public transport system consist of municipal ferry boats, metros, trams, trains, buses, ferries, electric cars, funiculars and cable cars\" width=\"1024\" height=\"551\" \/><figcaption class=\"wp-caption-text\"><em>Uno dei nuovi traghetti comodi che collegano i continenti europeo e asiatico e attraversano il Bosforo<\/em><\/figcaption><\/figure>\n<p data-start=\"1637\" data-end=\"2037\">La <strong data-start=\"1640\" data-end=\"1656\">Istanbulkart<\/strong> \u00e8 la principale carta di viaggio, valida su tutti i mezzi pubblici e perfino nei bagni municipali. Puoi anche acquistare delle carte usa e getta da <strong>10 viaggi presso<\/strong> le macchinette, utili per soggiorni brevi. In caso di emergenza, puoi semplicemente usare la tua <strong>carta di credito<\/strong> contactless direttamente su autobus, metro o traghetti. Tutte le opzioni funzionano su tutta la rete.<\/p>\n<h3 data-start=\"2039\" data-end=\"2088\">\ud83d\udcb3 Istanbulkart e Carte da 10 Viaggi (OnGe\u00e7)<\/h3>\n<h4 data-start=\"2089\" data-end=\"2133\">Prezzi dei biglietti e costo della carta<\/h4>\n<p data-start=\"2135\" data-end=\"2478\">La <span style=\"color: #800000;\"><strong data-start=\"2138\" data-end=\"2154\">ISTANBULKART<\/strong><\/span> \u00e8 la carta principale della citt\u00e0 e costa 130 TL (circa 3 \u20ac a maggio 2025). \u00c8 personale e si pu\u00f2 bloccare se utilizzata per pi\u00f9 di 4 convalide consecutive, quindi non \u00e8 adatta alla condivisione tra pi\u00f9 persone. La tariffa base per un singolo viaggio \u00e8 di 27 TL, ma pu\u00f2 variare in base al tipo di mezzo e al numero di cambi.<\/p>\n<figure style=\"width: 290px\" class=\"wp-caption aligncenter\"><img decoding=\"async\" src=\"https:\/\/officialguides.com\/wp-content\/uploads\/2025\/05\/istanbulkart-istanbul-card-300x209.jpg\" alt=\"{%ALT_TEXT%}\" width=\"300\" height=\"209\" \/><figcaption class=\"wp-caption-text\"><em>Puoi usare Istanbulkart anche tramite un&#8217;app mobile<\/em><\/figcaption><\/figure>\n<p data-start=\"2535\" data-end=\"2854\"><span style=\"color: #800000;\"><strong data-start=\"2535\" data-end=\"2549\">ONGE\u00c7 KART<\/strong>:<\/span> in alternativa, puoi acquistare una carta da <strong>10 viaggi (305 TL)<\/strong> presso le macchinette. Non \u00e8 personale, non ha costi aggiuntivi e pu\u00f2 essere utilizzata da pi\u00f9 persone, anche consecutivamente. Ogni viaggio scala una tariffa fissa, indipendentemente dai cambi, rendendola ideale se non cambi spesso mezzo.<\/p>\n<p data-start=\"2856\" data-end=\"2938\">Entrambe le carte funzionano su tutti i mezzi pubblici e anche nei<strong> bagni<\/strong> comunali.<\/p>\n<div class=\"_tableContainer_16hzy_1\">\n<div class=\"_tableWrapper_16hzy_14 group flex w-fit flex-col-reverse\" tabindex=\"-1\">\n<table class=\"w-fit min-w-(--thread-content-width)\" data-start=\"2940\" data-end=\"3624\">\n<thead data-start=\"2940\" data-end=\"3074\">\n<tr data-start=\"2940\" data-end=\"3074\">\n<th data-start=\"2940\" data-end=\"2965\" data-col-size=\"sm\">\ud83d\udcb3 Tipo di Carta<\/th>\n<th data-start=\"2965\" data-end=\"2983\" data-col-size=\"sm\">\ud83e\uddcd\u200d\u2642\ufe0f Personale<\/th>\n<th data-start=\"2983\" data-end=\"3000\" data-col-size=\"sm\">\ud83d\udc65 Multiutente<\/th>\n<th data-start=\"3000\" data-end=\"3025\" data-col-size=\"sm\">\ud83d\udcb0 Costo (maggio 2025)<\/th>\n<th data-start=\"3025\" data-end=\"3050\" data-col-size=\"sm\">\ud83d\ude8d Tariffa per viaggio<\/th>\n<th data-start=\"3050\" data-end=\"3061\" data-col-size=\"sm\">\ud83d\udd01 Cambi<\/th>\n<th data-start=\"3061\" data-end=\"3074\" data-col-size=\"sm\">\ud83d\udec2 Limiti<\/th>\n<\/tr>\n<\/thead>\n<tbody data-start=\"3209\" data-end=\"3624\">\n<tr data-start=\"3209\" data-end=\"3349\">\n<td data-start=\"3209\" data-end=\"3234\" data-col-size=\"sm\">\ud83d\udfe6 Istanbulkart<\/td>\n<td data-col-size=\"sm\" data-start=\"3234\" data-end=\"3251\">\u2714\ufe0f S\u00ec<\/td>\n<td data-col-size=\"sm\" data-start=\"3251\" data-end=\"3267\">\u274c No<\/td>\n<td data-col-size=\"sm\" data-start=\"3267\" data-end=\"3292\">130 TL (3 \u20ac)<\/td>\n<td data-col-size=\"sm\" data-start=\"3292\" data-end=\"3317\">da 27 TL*<\/td>\n<td data-col-size=\"sm\" data-start=\"3317\" data-end=\"3328\">Sconti<\/td>\n<td data-col-size=\"sm\" data-start=\"3328\" data-end=\"3349\">Max 4 usi\/persona<\/td>\n<\/tr>\n<tr data-start=\"3350\" data-end=\"3486\">\n<td data-start=\"3350\" data-end=\"3375\" data-col-size=\"sm\">\ud83d\udd1f Carta 10 viaggi<\/td>\n<td data-col-size=\"sm\" data-start=\"3375\" data-end=\"3391\">\u274c No<\/td>\n<td data-col-size=\"sm\" data-start=\"3391\" data-end=\"3408\">\u2714\ufe0f S\u00ec<\/td>\n<td data-col-size=\"sm\" data-start=\"3408\" data-end=\"3433\">305 TL (nessun extra)<\/td>\n<td data-col-size=\"sm\" data-start=\"3433\" data-end=\"3458\">Fisso per viaggio<\/td>\n<td data-col-size=\"sm\" data-start=\"3458\" data-end=\"3470\">\u274c Nessuno<\/td>\n<td data-col-size=\"sm\" data-start=\"3470\" data-end=\"3486\">Senza limiti<\/td>\n<\/tr>\n<tr data-start=\"3487\" data-end=\"3624\">\n<td data-start=\"3487\" data-end=\"3512\" data-col-size=\"sm\">\ud83d\udcb3 Carta di credito<\/td>\n<td data-col-size=\"sm\" data-start=\"3512\" data-end=\"3528\">\u274c No<\/td>\n<td data-col-size=\"sm\" data-start=\"3528\" data-end=\"3545\">\u2714\ufe0f S\u00ec<\/td>\n<td data-col-size=\"sm\" data-start=\"3545\" data-end=\"3571\">Variabile<\/td>\n<td data-col-size=\"sm\" data-start=\"3571\" data-end=\"3596\">40 TL<\/td>\n<td data-col-size=\"sm\" data-start=\"3596\" data-end=\"3608\">\u274c Nessuno<\/td>\n<td data-col-size=\"sm\" data-start=\"3608\" data-end=\"3624\">Senza limiti<\/td>\n<\/tr>\n<\/tbody>\n<\/table>\n<div class=\"sticky end-(--thread-content-margin) h-0 self-end select-none\">\n<div class=\"absolute end-0 flex items-end\"><\/div>\n<\/div>\n<\/div>\n<\/div>\n<h3 data-start=\"3626\" data-end=\"3700\">\ud83d\ude8b Linee di Tram, Metro, Funicolare e Traghetti pi\u00f9 Utili per i Turisti<\/h3>\n<p data-start=\"3702\" data-end=\"3794\">Spostarsi a Istanbul \u00e8 facile quando conosci le linee giuste. Ecco le pi\u00f9 usate dai turisti:<\/p>\n<ul>\n<li data-start=\"3798\" data-end=\"3941\"><strong data-start=\"3798\" data-end=\"3819\">Linea T1 del tram<\/strong>: Sultanahmet \u2192 Emin\u00f6n\u00fc \u2192 Karak\u00f6y \u2192 Kabata\u015f<br data-start=\"3862\" data-end=\"3865\" \/>Collega i principali siti storici con il molo dei traghetti e la funicolare.<\/li>\n<li data-start=\"3944\" data-end=\"4086\"><strong data-start=\"3944\" data-end=\"3968\">Linea M2 della metro<\/strong>: Yenikap\u0131 \u2192 Taksim (Istiklal) \u2192 \u015ei\u015fli \u2192 Levent<br data-start=\"4015\" data-end=\"4018\" \/>Modo rapido per raggiungere il centro moderno e le aree commerciali.<\/li>\n<li data-start=\"4089\" data-end=\"4183\"><strong data-start=\"4089\" data-end=\"4112\">Linea F1 funicolare<\/strong>: Kabata\u015f \u2194 Taksim<br data-start=\"4130\" data-end=\"4133\" \/>Evita le salite con questa funicolare sotterranea.<\/li>\n<li data-start=\"4186\" data-end=\"4283\"><strong data-start=\"4186\" data-end=\"4206\">Linea F2 (T\u00fcnel)<\/strong>: Karak\u00f6y \u2194 Beyo\u011flu (Istiklal)<br data-start=\"4236\" data-end=\"4239\" \/>Linea storica che collega Galata e Istiklal.<\/li>\n<li data-start=\"4286\" data-end=\"4323\"><strong data-start=\"4286\" data-end=\"4320\">Traghetti da Emin\u00f6n\u00fc o Karak\u00f6y<\/strong>:<\/li>\n<\/ul>\n<ol>\n<li data-start=\"4328\" data-end=\"4379\">Verso Kad\u0131k\u00f6y (lato asiatico) \u2013 ogni 20\u201330 minuti<\/li>\n<li data-start=\"4384\" data-end=\"4433\">Verso \u00dcsk\u00fcdar (lato asiatico) \u2013 ogni 10\u201320 minuti<\/li>\n<\/ol>\n<figure style=\"width: 1014px\" class=\"wp-caption aligncenter\"><img decoding=\"async\" src=\"https:\/\/officialguides.com\/wp-content\/uploads\/2025\/05\/istanbul-metro-haritasi-1024x644.jpg\" alt=\"Istanbul city metro, tram and railway map, plan\" width=\"1024\" height=\"644\" \/><figcaption class=\"wp-caption-text\"><em>Mappa della metropolitana e del tram di Istanbul<\/em><\/figcaption><\/figure>\n<h3 data-start=\"4435\" data-end=\"4506\">Come Raggiungere le Zone Chiave da Citt\u00e0 Vecchia, Taksim e Aeroporti<\/h3>\n<h4 data-start=\"4508\" data-end=\"4572\">\ud83d\udccd Sultanahmet (Citt\u00e0 Vecchia) \u2192 Taksim \/ Istiklal \/ Galata:<\/h4>\n<ul>\n<li data-start=\"4575\" data-end=\"4694\"><strong data-start=\"4575\" data-end=\"4596\">Tram + funicolare<\/strong>: prendi la T1 fino a Karak\u00f6y o Kabata\u015f. Cambia con F2 T\u00fcnel o F1 per raggiungere Galata o Taksim.<\/li>\n<li data-start=\"4697\" data-end=\"4796\"><strong data-start=\"4697\" data-end=\"4706\">Metro<\/strong>: se vicino a Vezneciler (linea M2), puoi andare direttamente a Galata (\u015ei\u015fhane) o Taksim.<\/li>\n<\/ul>\n<figure style=\"width: 1014px\" class=\"wp-caption aligncenter\"><img decoding=\"async\" src=\"https:\/\/officialguides.com\/wp-content\/uploads\/2025\/05\/istanbul-funicular.jpg\" alt=\"Historical funicular (Tunnel \/ T\u00fcnel) running beetween Kark\u00f6y and Istiklal Street, Galata \" width=\"1024\" height=\"682\" \/><figcaption class=\"wp-caption-text\"><em>La funicolare storica &#8220;T\u00fcnel&#8221; collega Karak\u00f6y e Galata<\/em><\/figcaption><\/figure>\n<h4 data-start=\"4856\" data-end=\"4885\">\ud83d\udccd Sultanahmet \u2192 Kad\u0131k\u00f6y (Lato asiatico):<\/h4>\n<ul>\n<li data-start=\"4888\" data-end=\"4976\"><strong data-start=\"4888\" data-end=\"4901\">Traghetto<\/strong>: T1 fino a Emin\u00f6n\u00fc, Karak\u00f6y o Kabata\u015f. Traghetto per Kad\u0131k\u00f6y (~20\u201330 min).<\/li>\n<li data-start=\"4979\" data-end=\"5054\"><strong data-start=\"4979\" data-end=\"4988\">Metro<\/strong>: Marmaray da Sirkeci ad Ayr\u0131l\u0131k\u00e7e\u015fmesi, poi linea M4 per Kad\u0131k\u00f6y.<\/li>\n<\/ul>\n<h3 data-start=\"5056\" data-end=\"5085\">\ud83d\udccd Sultanahmet \u2192 \u00dcsk\u00fcdar (Lato asiatico):<\/h3>\n<ul>\n<li data-start=\"5088\" data-end=\"5177\"><strong data-start=\"5088\" data-end=\"5101\">Traghetto<\/strong>: T1 fino a Emin\u00f6n\u00fc, Karak\u00f6y o Kabata\u015f e traghetto per \u00dcsk\u00fcdar (~10\u201320 min).<\/li>\n<li data-start=\"5180\" data-end=\"5227\"><strong data-start=\"5180\" data-end=\"5189\">Metro<\/strong>: linea Marmaray da Sirkeci a \u00dcsk\u00fcdar.<\/li>\n<\/ul>\n<figure style=\"width: 1014px\" class=\"wp-caption aligncenter\"><img decoding=\"async\" src=\"https:\/\/officialguides.com\/wp-content\/uploads\/2025\/05\/how-to-get-to-in-istanbul.jpg\" alt=\"{%ALT_TEXT%}\" width=\"1024\" height=\"576\" \/><figcaption class=\"wp-caption-text\"><em>Una stazione metro sul lato asiatico<\/em><\/figcaption><\/figure>\n<h4 data-start=\"5269\" data-end=\"5320\">\ud83d\udccd Citt\u00e0 Vecchia \u2192 Corno d&#8217;Oro \/ Balat \/ Fener:<\/h4>\n<ul>\n<li data-start=\"5323\" data-end=\"5379\"><strong data-start=\"5323\" data-end=\"5331\">Tram<\/strong>: T1 fino a Emin\u00f6n\u00fc, poi cambia con la linea T5.<\/li>\n<li data-start=\"5382\" data-end=\"5470\"><strong data-start=\"5382\" data-end=\"5395\">Traghetto<\/strong>: T1 fino a Karak\u00f6y e prendi il traghetto Hali\u00e7 (se attivo stagionalmente).<\/li>\n<\/ul>\n<h4 data-start=\"5472\" data-end=\"5507\">\ud83d\udccd Taksim \/ Istiklal \u2192 Kad\u0131k\u00f6y:<\/h4>\n<ul>\n<li data-start=\"5510\" data-end=\"5601\"><strong data-start=\"5510\" data-end=\"5523\">Traghetto<\/strong>: a piedi o con T\u00fcnel fino a Karak\u00f6y, o F1 da Taksim a Kabata\u015f, poi traghetto.<\/li>\n<li data-start=\"5604\" data-end=\"5704\"><strong data-start=\"5604\" data-end=\"5613\">Metro<\/strong>: M2 fino a Yenikap\u0131, cambia con Marmaray verso Gebze, cambia a Ayr\u0131l\u0131k\u00e7e\u015fmesi per Kad\u0131k\u00f6y.<\/li>\n<\/ul>\n<h4 data-start=\"5706\" data-end=\"5774\">\ud83d\udccd Aeroporto di Istanbul (IST) \u2192 Centro Storico o Centro Moderno<\/h4>\n<ul>\n<li data-start=\"5777\" data-end=\"5914\"><strong data-start=\"5777\" data-end=\"5807\">Metro per la citt\u00e0 vecchia<\/strong>: linea M11\/U2 fino a Gayrettepe (ogni 20 min dalle 06:00 alle 00:40), poi M2 verso Taksim, F1 e infine T1.<\/li>\n<li data-start=\"5917\" data-end=\"6009\"><strong data-start=\"5917\" data-end=\"5940\">Metro per il centro<\/strong>: M11\/U2 a Gayrettepe e poi M2 verso \u015ei\u015fli, Taksim, Istiklal, Galata.<\/li>\n<li data-start=\"6012\" data-end=\"6129\"><strong data-start=\"6012\" data-end=\"6038\">Taxi o navetta HAVAIST<\/strong>: 40 km circa, 30 \u20ac taxi giallo, 35 \u20ac blu, 50 \u20ac nero. HAVAIST ha 11 linee, biglietto: ~7 \u20ac.<\/li>\n<li data-start=\"6132\" data-end=\"6195\"><strong data-start=\"6132\" data-end=\"6151\">Trasfer privato<\/strong>: circa 100 \u20ac a tratta in veicolo tipo Vito.<\/li>\n<\/ul>\n<h4 data-start=\"6197\" data-end=\"6267\">\ud83d\udccd Aeroporto Sabiha G\u00f6k\u00e7en (SAW) \u2192 Centro Storico o Centro Moderno<\/h4>\n<ul>\n<li data-start=\"6270\" data-end=\"6382\"><strong data-start=\"6270\" data-end=\"6300\">Metro per la citt\u00e0 vecchia<\/strong>: M4 fino ad Ayr\u0131l\u0131k\u00e7e\u015fmesi, cambio con Marmaray per Sirkeci. Cammina o prendi T1.<\/li>\n<li data-start=\"6385\" data-end=\"6502\"><strong data-start=\"6385\" data-end=\"6408\">Metro per il centro<\/strong>: M4 fino ad Ayr\u0131l\u0131k\u00e7e\u015fmesi, Marmaray fino a Yenikap\u0131, cambio con M2 per \u015ei\u015fhane, Taksim, ecc.<\/li>\n<li data-start=\"6505\" data-end=\"6675\"><strong data-start=\"6505\" data-end=\"6523\">Taxi o HAVABUS<\/strong>: 40\u201355 km, supplementi pedaggio: ~3 \u20ac (ponti), ~10 \u20ac (tunnel). Tariffe: 30\u201340 \u20ac giallo, 40\u201350 \u20ac blu, 50\u201360 \u20ac nero. HAVABUS ha 3 linee, biglietto: ~7 \u20ac.<\/li>\n<li data-start=\"6678\" data-end=\"6741\"><strong data-start=\"6678\" data-end=\"6697\">Trasfer privato<\/strong>: circa 110 \u20ac a tratta in veicolo tipo Vito.<\/li>\n<\/ul>\n<h3 data-start=\"6743\" data-end=\"6774\">Ponti e Gallerie di Istanbul<\/h3>\n<p data-start=\"6776\" data-end=\"6975\">Istanbul ha realizzato progetti d\u2019avanguardia per affrontare le sfide geografiche. Tra i tre ponti sul Bosforo, il pi\u00f9 a nord \u00e8 il ponte sospeso pi\u00f9 grande e largo al mondo con una linea ferroviaria.<\/p>\n<p data-start=\"6977\" data-end=\"7109\">Inoltre, due tunnel sottomarini collegano i continenti: uno per la metropolitana, uno per le auto. Sono tra i pi\u00f9 profondi al mondo.<\/p>\n<p data-start=\"7111\" data-end=\"7253\">Infine, 12 gallerie stradali (145 km in totale) migliorano la viabilit\u00e0. Tutte queste infrastrutture facilitano la mobilit\u00e0 urbana a Istanbul.<\/p>\n","protected":false},"excerpt":{"rendered":"<p>Guida Completa per Spostarsi a Istanbul: Consigli sul Trasporto Pubblico per i Turisti Orientarsi a Istanbul pu\u00f2 sembrare difficile all\u2019inizio \u2014 ma non preoccuparti! Questa citt\u00e0 offre uno dei sistemi di trasporto pubblico pi\u00f9 economici ed efficienti d\u2019Europa. Che tu stia andando nel quartiere storico di Sultanahmet, nella vivace Taksim o stia attraversando i continenti &#8230; <a title=\"Trasporti Pubblici a Istanbul\" class=\"read-more\" href=\"https:\/\/officialguides.com\/it\/trasporti-pubblici-a-istanbul\/\" aria-label=\"Per saperne di pi\u00f9 su Trasporti Pubblici a Istanbul\">Leggi tutto<\/a><\/p>\n","protected":false},"author":3,"featured_media":396078,"parent":0,"menu_order":0,"comment_status":"closed","ping_status":"closed","template":"","meta":{"_acf_changed":false,"footnotes":""},"class_list":["post-396241","page","type-page","status-publish","has-post-thumbnail"],"acf":[],"yoast_head":"<!-- This site is optimized with the Yoast SEO plugin v27.4 - https:\/\/yoast.com\/product\/yoast-seo-wordpress\/ -->\n<title>Trasporti Pubblici a Istanbul: Guida Completa 2025 con Linee, Prezzi e Consigli Utili<\/title>\n<meta name=\"description\" content=\"Scopri come muoverti facilmente a Istanbul: metro, tram, traghetti e autobus. Prezzi aggiornati, Istanbulkart, mappe e consigli per turisti.\" \/>\n<meta name=\"robots\" content=\"index, follow, max-snippet:-1, max-image-preview:large, max-video-preview:-1\" \/>\n<link rel=\"canonical\" href=\"https:\/\/officialguides.com\/it\/trasporti-pubblici-a-istanbul\/\" \/>\n<meta property=\"og:locale\" content=\"it_IT\" \/>\n<meta property=\"og:type\" content=\"article\" \/>\n<meta property=\"og:title\" content=\"Trasporti Pubblici a Istanbul: Guida Completa 2025 con Linee, Prezzi e Consigli Utili\" \/>\n<meta property=\"og:description\" content=\"Scopri come muoverti facilmente a Istanbul: metro, tram, traghetti e autobus. Prezzi aggiornati, Istanbulkart, mappe e consigli per turisti.\" \/>\n<meta property=\"og:url\" content=\"https:\/\/officialguides.com\/it\/trasporti-pubblici-a-istanbul\/\" \/>\n<meta property=\"og:site_name\" content=\"Find Your Private Tour Guide Around The World!\" \/>\n<meta property=\"og:image\" content=\"https:\/\/officialguides.com\/wp-content\/uploads\/2025\/05\/istanbul-public-transportation.jpg\" \/>\n\t<meta property=\"og:image:width\" content=\"1024\" \/>\n\t<meta property=\"og:image:height\" content=\"576\" \/>\n\t<meta property=\"og:image:type\" content=\"image\/jpeg\" \/>\n<meta name=\"twitter:card\" content=\"summary_large_image\" \/>\n<meta name=\"twitter:label1\" content=\"Tempo di lettura stimato\" \/>\n\t<meta name=\"twitter:data1\" content=\"5 minuti\" \/>\n<script type=\"application\/ld+json\" class=\"yoast-schema-graph\">{\"@context\":\"https:\\\/\\\/schema.org\",\"@graph\":[{\"@type\":\"WebPage\",\"@id\":\"https:\\\/\\\/officialguides.com\\\/it\\\/trasporti-pubblici-a-istanbul\\\/\",\"url\":\"https:\\\/\\\/officialguides.com\\\/it\\\/trasporti-pubblici-a-istanbul\\\/\",\"name\":\"Trasporti Pubblici a Istanbul: Guida Completa 2025 con Linee, Prezzi e Consigli Utili\",\"isPartOf\":{\"@id\":\"https:\\\/\\\/officialguides.com\\\/it\\\/#website\"},\"primaryImageOfPage\":{\"@id\":\"https:\\\/\\\/officialguides.com\\\/it\\\/trasporti-pubblici-a-istanbul\\\/#primaryimage\"},\"image\":{\"@id\":\"https:\\\/\\\/officialguides.com\\\/it\\\/trasporti-pubblici-a-istanbul\\\/#primaryimage\"},\"thumbnailUrl\":\"https:\\\/\\\/officialguides.com\\\/wp-content\\\/uploads\\\/2025\\\/05\\\/istanbul-public-transportation.jpg\",\"datePublished\":\"2025-05-22T19:10:56+00:00\",\"description\":\"Scopri come muoverti facilmente a Istanbul: metro, tram, traghetti e autobus. Prezzi aggiornati, Istanbulkart, mappe e consigli per turisti.\",\"breadcrumb\":{\"@id\":\"https:\\\/\\\/officialguides.com\\\/it\\\/trasporti-pubblici-a-istanbul\\\/#breadcrumb\"},\"inLanguage\":\"it-IT\",\"potentialAction\":[{\"@type\":\"ReadAction\",\"target\":[\"https:\\\/\\\/officialguides.com\\\/it\\\/trasporti-pubblici-a-istanbul\\\/\"]}]},{\"@type\":\"ImageObject\",\"inLanguage\":\"it-IT\",\"@id\":\"https:\\\/\\\/officialguides.com\\\/it\\\/trasporti-pubblici-a-istanbul\\\/#primaryimage\",\"url\":\"https:\\\/\\\/officialguides.com\\\/wp-content\\\/uploads\\\/2025\\\/05\\\/istanbul-public-transportation.jpg\",\"contentUrl\":\"https:\\\/\\\/officialguides.com\\\/wp-content\\\/uploads\\\/2025\\\/05\\\/istanbul-public-transportation.jpg\",\"width\":1024,\"height\":576,\"caption\":\"Trasporto pubblico a Istanbul: linee metro, tram, traghetto, aeroporti, prezzi e come arrivare\u2026\"},{\"@type\":\"BreadcrumbList\",\"@id\":\"https:\\\/\\\/officialguides.com\\\/it\\\/trasporti-pubblici-a-istanbul\\\/#breadcrumb\",\"itemListElement\":[{\"@type\":\"ListItem\",\"position\":1,\"name\":\"Home\",\"item\":\"https:\\\/\\\/officialguides.com\\\/it\\\/\"},{\"@type\":\"ListItem\",\"position\":2,\"name\":\"Trasporti Pubblici a Istanbul\"}]},{\"@type\":\"WebSite\",\"@id\":\"https:\\\/\\\/officialguides.com\\\/it\\\/#website\",\"url\":\"https:\\\/\\\/officialguides.com\\\/it\\\/\",\"name\":\"Official Tour Guides Around The World! Istanbul, Paris, Rome, Dubai...\",\"description\":\"Explore cities and popular destinations with professional, official, certified tour guides\",\"alternateName\":\"Official Guides\",\"potentialAction\":[{\"@type\":\"SearchAction\",\"target\":{\"@type\":\"EntryPoint\",\"urlTemplate\":\"https:\\\/\\\/officialguides.com\\\/it\\\/?s={search_term_string}\"},\"query-input\":{\"@type\":\"PropertyValueSpecification\",\"valueRequired\":true,\"valueName\":\"search_term_string\"}}],\"inLanguage\":\"it-IT\"}]}<\/script>\n<!-- \/ Yoast SEO plugin. -->","yoast_head_json":{"title":"Trasporti Pubblici a Istanbul: Guida Completa 2025 con Linee, Prezzi e Consigli Utili","description":"Scopri come muoverti facilmente a Istanbul: metro, tram, traghetti e autobus. Prezzi aggiornati, Istanbulkart, mappe e consigli per turisti.","robots":{"index":"index","follow":"follow","max-snippet":"max-snippet:-1","max-image-preview":"max-image-preview:large","max-video-preview":"max-video-preview:-1"},"canonical":"https:\/\/officialguides.com\/it\/trasporti-pubblici-a-istanbul\/","og_locale":"it_IT","og_type":"article","og_title":"Trasporti Pubblici a Istanbul: Guida Completa 2025 con Linee, Prezzi e Consigli Utili","og_description":"Scopri come muoverti facilmente a Istanbul: metro, tram, traghetti e autobus. Prezzi aggiornati, Istanbulkart, mappe e consigli per turisti.","og_url":"https:\/\/officialguides.com\/it\/trasporti-pubblici-a-istanbul\/","og_site_name":"Find Your Private Tour Guide Around The World!","og_image":[{"width":1024,"height":576,"url":"https:\/\/officialguides.com\/wp-content\/uploads\/2025\/05\/istanbul-public-transportation.jpg","type":"image\/jpeg"}],"twitter_card":"summary_large_image","twitter_misc":{"Tempo di lettura stimato":"5 minuti"},"schema":{"@context":"https:\/\/schema.org","@graph":[{"@type":"WebPage","@id":"https:\/\/officialguides.com\/it\/trasporti-pubblici-a-istanbul\/","url":"https:\/\/officialguides.com\/it\/trasporti-pubblici-a-istanbul\/","name":"Trasporti Pubblici a Istanbul: Guida Completa 2025 con Linee, Prezzi e Consigli Utili","isPartOf":{"@id":"https:\/\/officialguides.com\/it\/#website"},"primaryImageOfPage":{"@id":"https:\/\/officialguides.com\/it\/trasporti-pubblici-a-istanbul\/#primaryimage"},"image":{"@id":"https:\/\/officialguides.com\/it\/trasporti-pubblici-a-istanbul\/#primaryimage"},"thumbnailUrl":"https:\/\/officialguides.com\/wp-content\/uploads\/2025\/05\/istanbul-public-transportation.jpg","datePublished":"2025-05-22T19:10:56+00:00","description":"Scopri come muoverti facilmente a Istanbul: metro, tram, traghetti e autobus. Prezzi aggiornati, Istanbulkart, mappe e consigli per turisti.","breadcrumb":{"@id":"https:\/\/officialguides.com\/it\/trasporti-pubblici-a-istanbul\/#breadcrumb"},"inLanguage":"it-IT","potentialAction":[{"@type":"ReadAction","target":["https:\/\/officialguides.com\/it\/trasporti-pubblici-a-istanbul\/"]}]},{"@type":"ImageObject","inLanguage":"it-IT","@id":"https:\/\/officialguides.com\/it\/trasporti-pubblici-a-istanbul\/#primaryimage","url":"https:\/\/officialguides.com\/wp-content\/uploads\/2025\/05\/istanbul-public-transportation.jpg","contentUrl":"https:\/\/officialguides.com\/wp-content\/uploads\/2025\/05\/istanbul-public-transportation.jpg","width":1024,"height":576,"caption":"Trasporto pubblico a Istanbul: linee metro, tram, traghetto, aeroporti, prezzi e come arrivare\u2026"},{"@type":"BreadcrumbList","@id":"https:\/\/officialguides.com\/it\/trasporti-pubblici-a-istanbul\/#breadcrumb","itemListElement":[{"@type":"ListItem","position":1,"name":"Home","item":"https:\/\/officialguides.com\/it\/"},{"@type":"ListItem","position":2,"name":"Trasporti Pubblici a Istanbul"}]},{"@type":"WebSite","@id":"https:\/\/officialguides.com\/it\/#website","url":"https:\/\/officialguides.com\/it\/","name":"Official Tour Guides Around The World! Istanbul, Paris, Rome, Dubai...","description":"Explore cities and popular destinations with professional, official, certified tour guides","alternateName":"Official Guides","potentialAction":[{"@type":"SearchAction","target":{"@type":"EntryPoint","urlTemplate":"https:\/\/officialguides.com\/it\/?s={search_term_string}"},"query-input":{"@type":"PropertyValueSpecification","valueRequired":true,"valueName":"search_term_string"}}],"inLanguage":"it-IT"}]}},"_links":{"self":[{"href":"https:\/\/officialguides.com\/it\/wp-json\/wp\/v2\/pages\/396241","targetHints":{"allow":["GET"]}}],"collection":[{"href":"https:\/\/officialguides.com\/it\/wp-json\/wp\/v2\/pages"}],"about":[{"href":"https:\/\/officialguides.com\/it\/wp-json\/wp\/v2\/types\/page"}],"author":[{"embeddable":true,"href":"https:\/\/officialguides.com\/it\/wp-json\/wp\/v2\/users\/3"}],"replies":[{"embeddable":true,"href":"https:\/\/officialguides.com\/it\/wp-json\/wp\/v2\/comments?post=396241"}],"version-history":[{"count":0,"href":"https:\/\/officialguides.com\/it\/wp-json\/wp\/v2\/pages\/396241\/revisions"}],"wp:featuredmedia":[{"embeddable":true,"href":"https:\/\/officialguides.com\/it\/wp-json\/wp\/v2\/media\/396078"}],"wp:attachment":[{"href":"https:\/\/officialguides.com\/it\/wp-json\/wp\/v2\/media?parent=396241"}],"curies":[{"name":"wp","href":"https:\/\/api.w.org\/{rel}","templated":true}]}}