{"id":40369,"date":"2020-05-17T22:51:08","date_gmt":"2020-05-17T19:51:08","guid":{"rendered":"https:\/\/www.officialguides.net\/regisztracio-idegenvezetokhoz\/"},"modified":"2020-05-26T15:53:25","modified_gmt":"2020-05-26T12:53:25","slug":"regisztracio-idegenvezetokhoz","status":"publish","type":"page","link":"https:\/\/officialguides.com\/hu\/regisztracio-idegenvezetokhoz\/","title":{"rendered":"Regisztr\u00e1ci\u00f3 Idegenvezet\u0151kh\u00f6z"},"content":{"rendered":"<h2>Regisztr\u00e1ci\u00f3 Idegenvezet\u0151kh\u00f6z<\/h2>\n<p>A Officialguide.net egy olyan weboldal, amely a vil\u00e1g minden t\u00e1j\u00e1r\u00f3l \u00f6sszegy\u0171jti a hivatalos idegenvezet\u0151ket. Weblapjainkon bemutathatja \u00e9s eladhatja mag\u00e1ntulajdon\u00e1t k\u00f6zvetlen\u00fcl az utaz\u00f3k sz\u00e1m\u00e1ra. K\u00e9rj\u00fck, t\u00f6ltse ki az al\u00e1bbi \u0171rlapot, hogy megtudja, hogyan ker\u00fcl felsorol\u00e1sra weboldalunkon.<\/p>\n<h3>Mi\u00e9rt \u00e9rt\u00e9kes\u00edtek online priv\u00e1t t\u00far\u00e1kat online?<\/h3>\n<p>A koronav\u00edrus mellett sajnos 2020-ban egy teljesen \u00faj rendel\u00e9s elej\u00e9n vagyunk. Az \u00f6sszes \u00e1gazat k\u00f6z\u00fcl tal\u00e1n a turizmus van a legink\u00e1bb negat\u00edv hat\u00e1ssal. A szak\u00e9rt\u0151k szerint ebben az \u00faj \u00e9s szokatlan koncepci\u00f3ban a turisztikai kir\u00e1ndul\u00e1sokat t\u00f6bbnyire egy\u00e9ni alapon, nem pedig csoportokon val\u00f3s\u00edtj\u00e1k meg. Ez\u00e9rt a kir\u00e1ndul\u00e1sok, transzferek, v\u00e1rosn\u00e9z\u0151 t\u00far\u00e1k \u00e9s minden egy\u00e9b kir\u00e1ndul\u00e1s mag\u00e1ntulajdonban lesz, \u00e9s ez az \u00faj koncepci\u00f3 n\u00f6veli az egy f\u0151re es\u0151 k\u00f6lts\u00e9geket. A csal\u00e1dok vagy kis csoportok ink\u00e1bb k\u00f6zvetlen\u00fcl az \u00fatikalauzokkal l\u00e9pnek kapcsolatba, mint az utaz\u00e1si irod\u00e1kkal, hogy priv\u00e1t szolg\u00e1ltat\u00e1st tal\u00e1ljanak. \u00c9s term\u00e9szetesen els\u0151 c\u00edme a Google lesz. Ezen a ponton minden egyes idegenvezet\u0151 sz\u00e1m\u00e1ra van weboldal, \u00e9s nem v\u00e1rhat\u00f3 el, hogy mindenki birtokolja a weboldalt. M\u00e9g akkor is, ha szem\u00e9lyes weboldala van, sok p\u00e9nzt kell fizetnie egy komoly SEO munk\u00e1val kapcsolatban, \u00e9s sok\u00e1ig v\u00e1rnia kell az eredm\u00e9nyek megtekint\u00e9s\u00e9t. Ez az er\u0151fesz\u00edt\u00e9s nem garant\u00e1lja a j\u00f3 rangsorol\u00e1st a Google-ban sem. Ez\u00e9rt alternat\u00edv megold\u00e1sk\u00e9nt a Officialguides.net most felaj\u00e1nlja, hogy mindent megtesz az \u00d6n sz\u00e1m\u00e1ra. Ennek eredm\u00e9nyek\u00e9nt saj\u00e1t web-profilja lesz, \u00e9s online eladhatja mag\u00e1ntulajdon\u00e1t. Az ingyenes szolg\u00e1ltat\u00e1s ig\u00e9nybev\u00e9tel\u00e9hez k\u00e9rj\u00fck, t\u00f6ltse ki az ezen az oldalon tal\u00e1lhat\u00f3 \u0171rlapot.<\/p>\n<h3>Mi\u00e9rt kellene v\u00e1lasztania a Officialguides.net webhelyet?<\/h3>\n<p>Mert a Officialguides.net egy t\u00f6bbnyelv\u0171 webhely, \u00e9s priv\u00e1t t\u00far\u00e1kat k\u00edn\u00e1lhat b\u00e1rmilyen k\u00edv\u00e1nt nyelven (bele\u00e9rtve a magyar nyelvet is), ak\u00e1r t\u00f6bb nyelven is. Ezenk\u00edv\u00fcl nem lesz neh\u00e9z el\u00e9rni a potenci\u00e1lis l\u00e1togat\u00f3kat a Google-ban a leg\u00fajabb SEO technik\u00e1k seg\u00edts\u00e9g\u00e9vel, amelyeket haszn\u00e1lunk.<\/p>\n<p>\t\t\t\t\t\t\t\t\t\t<img decoding=\"async\" width=\"1024\" height=\"365\" src=\"https:\/\/www.officialguides.net\/wp-content\/uploads\/2020\/05\/how-to-sell-my-private-tours-online-1024x365.jpg\" alt=\"Hogyan adhatom el a priv\u00e1t t\u00far\u00e1kat \u00e9s internetes kir\u00e1ndul\u00e1saimat k\u00f6zvetlen\u00fcl a vend\u00e9gnek?\" srcset=\"https:\/\/www.officialguides.net\/wp-content\/uploads\/2020\/05\/how-to-sell-my-private-tours-online-1024x365.jpg 1024w, https:\/\/www.officialguides.net\/wp-content\/uploads\/2020\/05\/how-to-sell-my-private-tours-online-300x107.jpg 300w, https:\/\/www.officialguides.net\/wp-content\/uploads\/2020\/05\/how-to-sell-my-private-tours-online-768x274.jpg 768w, https:\/\/www.officialguides.net\/wp-content\/uploads\/2020\/05\/how-to-sell-my-private-tours-online.jpg 1280w\" sizes=\"(max-width: 1024px) 100vw, 1024px\" \/><\/p>\n","protected":false},"excerpt":{"rendered":"<p>Regisztr\u00e1ci\u00f3 Idegenvezet\u0151kh\u00f6z A Officialguide.net egy olyan weboldal, amely a vil\u00e1g minden t\u00e1j\u00e1r\u00f3l \u00f6sszegy\u0171jti a hivatalos idegenvezet\u0151ket. Weblapjainkon bemutathatja \u00e9s eladhatja mag\u00e1ntulajdon\u00e1t k\u00f6zvetlen\u00fcl az utaz\u00f3k sz\u00e1m\u00e1ra. K\u00e9rj\u00fck, t\u00f6ltse ki az al\u00e1bbi \u0171rlapot, hogy megtudja, hogyan ker\u00fcl felsorol\u00e1sra weboldalunkon. Mi\u00e9rt \u00e9rt\u00e9kes\u00edtek online priv\u00e1t t\u00far\u00e1kat online? A koronav\u00edrus mellett sajnos 2020-ban egy teljesen \u00faj rendel\u00e9s elej\u00e9n vagyunk. Az &#8230; <a title=\"Regisztr\u00e1ci\u00f3 Idegenvezet\u0151kh\u00f6z\" class=\"read-more\" href=\"https:\/\/officialguides.com\/hu\/regisztracio-idegenvezetokhoz\/\" aria-label=\"Read more about Regisztr\u00e1ci\u00f3 Idegenvezet\u0151kh\u00f6z\">Olvass tov\u00e1bb<\/a><\/p>\n","protected":false},"author":3,"featured_media":0,"parent":0,"menu_order":0,"comment_status":"closed","ping_status":"closed","template":"","meta":{"_acf_changed":false,"_lmt_disableupdate":"","_lmt_disable":"","footnotes":""},"class_list":["post-40369","page","type-page","status-publish"],"acf":[],"yoast_head":"<!-- This site is optimized with the Yoast SEO plugin v27.6 - https:\/\/yoast.com\/product\/yoast-seo-wordpress\/ -->\n<title>Regisztr\u00e1ci\u00f3 A Magyar Idegenvezet\u0151k Sz\u00e1m\u00e1ra<\/title>\n<meta name=\"description\" content=\"Hogyan adhatom el t\u00far\u00e1imat a Google-on \/ interneten? \u00d6n professzion\u00e1lis \u00fatmutat\u00f3? Van enged\u00e9lyed? A weboldalunkon kereszt\u00fcl k\u00edn\u00e1lhat kir\u00e1ndul\u00e1sokat.\" \/>\n<meta name=\"robots\" content=\"index, follow, max-snippet:-1, max-image-preview:large, max-video-preview:-1\" \/>\n<link rel=\"canonical\" href=\"https:\/\/officialguides.com\/hu\/regisztracio-idegenvezetokhoz\/\" \/>\n<meta property=\"og:locale\" content=\"hu_HU\" \/>\n<meta property=\"og:type\" content=\"article\" \/>\n<meta property=\"og:title\" content=\"Regisztr\u00e1ci\u00f3 A Magyar Idegenvezet\u0151k Sz\u00e1m\u00e1ra\" \/>\n<meta property=\"og:description\" content=\"Hogyan adhatom el t\u00far\u00e1imat a Google-on \/ interneten? \u00d6n professzion\u00e1lis \u00fatmutat\u00f3? Van enged\u00e9lyed? A weboldalunkon kereszt\u00fcl k\u00edn\u00e1lhat kir\u00e1ndul\u00e1sokat.\" \/>\n<meta property=\"og:url\" content=\"https:\/\/officialguides.com\/hu\/regisztracio-idegenvezetokhoz\/\" \/>\n<meta property=\"og:site_name\" content=\"Find Your Private Tour Guide Around The World!\" \/>\n<meta property=\"article:modified_time\" content=\"2020-05-26T12:53:25+00:00\" \/>\n<meta property=\"og:image\" content=\"https:\/\/www.officialguides.net\/wp-content\/uploads\/2020\/05\/how-to-sell-my-private-tours-online-1024x365.jpg\" \/>\n<meta name=\"twitter:card\" content=\"summary_large_image\" \/>\n<meta name=\"twitter:label1\" content=\"Becs\u00fclt olvas\u00e1si id\u0151\" \/>\n\t<meta name=\"twitter:data1\" content=\"2 perc\" \/>\n<script type=\"application\/ld+json\" class=\"yoast-schema-graph\">{\"@context\":\"https:\\\/\\\/schema.org\",\"@graph\":[{\"@type\":\"WebPage\",\"@id\":\"https:\\\/\\\/officialguides.com\\\/hu\\\/regisztracio-idegenvezetokhoz\\\/\",\"url\":\"https:\\\/\\\/officialguides.com\\\/hu\\\/regisztracio-idegenvezetokhoz\\\/\",\"name\":\"Regisztr\u00e1ci\u00f3 A Magyar Idegenvezet\u0151k Sz\u00e1m\u00e1ra\",\"isPartOf\":{\"@id\":\"https:\\\/\\\/officialguides.com\\\/hu\\\/#website\"},\"primaryImageOfPage\":{\"@id\":\"https:\\\/\\\/officialguides.com\\\/hu\\\/regisztracio-idegenvezetokhoz\\\/#primaryimage\"},\"image\":{\"@id\":\"https:\\\/\\\/officialguides.com\\\/hu\\\/regisztracio-idegenvezetokhoz\\\/#primaryimage\"},\"thumbnailUrl\":\"https:\\\/\\\/www.officialguides.net\\\/wp-content\\\/uploads\\\/2020\\\/05\\\/how-to-sell-my-private-tours-online-1024x365.jpg\",\"datePublished\":\"2020-05-17T19:51:08+00:00\",\"dateModified\":\"2020-05-26T12:53:25+00:00\",\"description\":\"Hogyan adhatom el t\u00far\u00e1imat a Google-on \\\/ interneten? \u00d6n professzion\u00e1lis \u00fatmutat\u00f3? Van enged\u00e9lyed? A weboldalunkon kereszt\u00fcl k\u00edn\u00e1lhat kir\u00e1ndul\u00e1sokat.\",\"breadcrumb\":{\"@id\":\"https:\\\/\\\/officialguides.com\\\/hu\\\/regisztracio-idegenvezetokhoz\\\/#breadcrumb\"},\"inLanguage\":\"hu\",\"potentialAction\":[{\"@type\":\"ReadAction\",\"target\":[\"https:\\\/\\\/officialguides.com\\\/hu\\\/regisztracio-idegenvezetokhoz\\\/\"]}]},{\"@type\":\"ImageObject\",\"inLanguage\":\"hu\",\"@id\":\"https:\\\/\\\/officialguides.com\\\/hu\\\/regisztracio-idegenvezetokhoz\\\/#primaryimage\",\"url\":\"https:\\\/\\\/www.officialguides.net\\\/wp-content\\\/uploads\\\/2020\\\/05\\\/how-to-sell-my-private-tours-online-1024x365.jpg\",\"contentUrl\":\"https:\\\/\\\/www.officialguides.net\\\/wp-content\\\/uploads\\\/2020\\\/05\\\/how-to-sell-my-private-tours-online-1024x365.jpg\"},{\"@type\":\"BreadcrumbList\",\"@id\":\"https:\\\/\\\/officialguides.com\\\/hu\\\/regisztracio-idegenvezetokhoz\\\/#breadcrumb\",\"itemListElement\":[{\"@type\":\"ListItem\",\"position\":1,\"name\":\"Home\",\"item\":\"https:\\\/\\\/officialguides.com\\\/hu\\\/\"},{\"@type\":\"ListItem\",\"position\":2,\"name\":\"Regisztr\u00e1ci\u00f3 Idegenvezet\u0151kh\u00f6z\"}]},{\"@type\":\"WebSite\",\"@id\":\"https:\\\/\\\/officialguides.com\\\/hu\\\/#website\",\"url\":\"https:\\\/\\\/officialguides.com\\\/hu\\\/\",\"name\":\"Official Tour Guides Around The World! Istanbul, Paris, Rome, Dubai...\",\"description\":\"Explore cities and popular destinations with professional, official, certified tour guides\",\"alternateName\":\"Official Guides\",\"potentialAction\":[{\"@type\":\"SearchAction\",\"target\":{\"@type\":\"EntryPoint\",\"urlTemplate\":\"https:\\\/\\\/officialguides.com\\\/hu\\\/?s={search_term_string}\"},\"query-input\":{\"@type\":\"PropertyValueSpecification\",\"valueRequired\":true,\"valueName\":\"search_term_string\"}}],\"inLanguage\":\"hu\"}]}<\/script>\n<!-- \/ Yoast SEO plugin. -->","yoast_head_json":{"title":"Regisztr\u00e1ci\u00f3 A Magyar Idegenvezet\u0151k Sz\u00e1m\u00e1ra","description":"Hogyan adhatom el t\u00far\u00e1imat a Google-on \/ interneten? \u00d6n professzion\u00e1lis \u00fatmutat\u00f3? Van enged\u00e9lyed? A weboldalunkon kereszt\u00fcl k\u00edn\u00e1lhat kir\u00e1ndul\u00e1sokat.","robots":{"index":"index","follow":"follow","max-snippet":"max-snippet:-1","max-image-preview":"max-image-preview:large","max-video-preview":"max-video-preview:-1"},"canonical":"https:\/\/officialguides.com\/hu\/regisztracio-idegenvezetokhoz\/","og_locale":"hu_HU","og_type":"article","og_title":"Regisztr\u00e1ci\u00f3 A Magyar Idegenvezet\u0151k Sz\u00e1m\u00e1ra","og_description":"Hogyan adhatom el t\u00far\u00e1imat a Google-on \/ interneten? \u00d6n professzion\u00e1lis \u00fatmutat\u00f3? Van enged\u00e9lyed? A weboldalunkon kereszt\u00fcl k\u00edn\u00e1lhat kir\u00e1ndul\u00e1sokat.","og_url":"https:\/\/officialguides.com\/hu\/regisztracio-idegenvezetokhoz\/","og_site_name":"Find Your Private Tour Guide Around The World!","article_modified_time":"2020-05-26T12:53:25+00:00","og_image":[{"url":"https:\/\/www.officialguides.net\/wp-content\/uploads\/2020\/05\/how-to-sell-my-private-tours-online-1024x365.jpg","type":"","width":"","height":""}],"twitter_card":"summary_large_image","twitter_misc":{"Becs\u00fclt olvas\u00e1si id\u0151":"2 perc"},"schema":{"@context":"https:\/\/schema.org","@graph":[{"@type":"WebPage","@id":"https:\/\/officialguides.com\/hu\/regisztracio-idegenvezetokhoz\/","url":"https:\/\/officialguides.com\/hu\/regisztracio-idegenvezetokhoz\/","name":"Regisztr\u00e1ci\u00f3 A Magyar Idegenvezet\u0151k Sz\u00e1m\u00e1ra","isPartOf":{"@id":"https:\/\/officialguides.com\/hu\/#website"},"primaryImageOfPage":{"@id":"https:\/\/officialguides.com\/hu\/regisztracio-idegenvezetokhoz\/#primaryimage"},"image":{"@id":"https:\/\/officialguides.com\/hu\/regisztracio-idegenvezetokhoz\/#primaryimage"},"thumbnailUrl":"https:\/\/www.officialguides.net\/wp-content\/uploads\/2020\/05\/how-to-sell-my-private-tours-online-1024x365.jpg","datePublished":"2020-05-17T19:51:08+00:00","dateModified":"2020-05-26T12:53:25+00:00","description":"Hogyan adhatom el t\u00far\u00e1imat a Google-on \/ interneten? \u00d6n professzion\u00e1lis \u00fatmutat\u00f3? Van enged\u00e9lyed? A weboldalunkon kereszt\u00fcl k\u00edn\u00e1lhat kir\u00e1ndul\u00e1sokat.","breadcrumb":{"@id":"https:\/\/officialguides.com\/hu\/regisztracio-idegenvezetokhoz\/#breadcrumb"},"inLanguage":"hu","potentialAction":[{"@type":"ReadAction","target":["https:\/\/officialguides.com\/hu\/regisztracio-idegenvezetokhoz\/"]}]},{"@type":"ImageObject","inLanguage":"hu","@id":"https:\/\/officialguides.com\/hu\/regisztracio-idegenvezetokhoz\/#primaryimage","url":"https:\/\/www.officialguides.net\/wp-content\/uploads\/2020\/05\/how-to-sell-my-private-tours-online-1024x365.jpg","contentUrl":"https:\/\/www.officialguides.net\/wp-content\/uploads\/2020\/05\/how-to-sell-my-private-tours-online-1024x365.jpg"},{"@type":"BreadcrumbList","@id":"https:\/\/officialguides.com\/hu\/regisztracio-idegenvezetokhoz\/#breadcrumb","itemListElement":[{"@type":"ListItem","position":1,"name":"Home","item":"https:\/\/officialguides.com\/hu\/"},{"@type":"ListItem","position":2,"name":"Regisztr\u00e1ci\u00f3 Idegenvezet\u0151kh\u00f6z"}]},{"@type":"WebSite","@id":"https:\/\/officialguides.com\/hu\/#website","url":"https:\/\/officialguides.com\/hu\/","name":"Official Tour Guides Around The World! Istanbul, Paris, Rome, Dubai...","description":"Explore cities and popular destinations with professional, official, certified tour guides","alternateName":"Official Guides","potentialAction":[{"@type":"SearchAction","target":{"@type":"EntryPoint","urlTemplate":"https:\/\/officialguides.com\/hu\/?s={search_term_string}"},"query-input":{"@type":"PropertyValueSpecification","valueRequired":true,"valueName":"search_term_string"}}],"inLanguage":"hu"}]}},"_links":{"self":[{"href":"https:\/\/officialguides.com\/hu\/wp-json\/wp\/v2\/pages\/40369","targetHints":{"allow":["GET"]}}],"collection":[{"href":"https:\/\/officialguides.com\/hu\/wp-json\/wp\/v2\/pages"}],"about":[{"href":"https:\/\/officialguides.com\/hu\/wp-json\/wp\/v2\/types\/page"}],"author":[{"embeddable":true,"href":"https:\/\/officialguides.com\/hu\/wp-json\/wp\/v2\/users\/3"}],"replies":[{"embeddable":true,"href":"https:\/\/officialguides.com\/hu\/wp-json\/wp\/v2\/comments?post=40369"}],"version-history":[{"count":0,"href":"https:\/\/officialguides.com\/hu\/wp-json\/wp\/v2\/pages\/40369\/revisions"}],"wp:attachment":[{"href":"https:\/\/officialguides.com\/hu\/wp-json\/wp\/v2\/media?parent=40369"}],"curies":[{"name":"wp","href":"https:\/\/api.w.org\/{rel}","templated":true}]}}