{"id":40248,"date":"2020-05-15T00:14:18","date_gmt":"2020-05-14T21:14:18","guid":{"rendered":"https:\/\/www.officialguides.net\/home\/"},"modified":"2026-02-01T20:39:18","modified_gmt":"2026-02-01T17:39:18","slug":"home","status":"publish","type":"page","link":"https:\/\/officialguides.com\/hu\/","title":{"rendered":"L\u00e9pjen Kapcsolatba Hivatalos Idegenvezet\u0151kkel Vil\u00e1gszerte"},"content":{"rendered":"<p data-path-to-node=\"4\">Az <strong>OfficialGuides.com<\/strong> egy specializ\u00e1lt platform, amely \u00f6sszek\u00f6ti a f\u00fcggetlen utaz\u00f3kat <img decoding=\"async\" class=\"alignleft\" src=\"https:\/\/officialguides.com\/wp-content\/uploads\/2026\/01\/licensed-oficial-verified-guides.jpg\" alt=\"only the verified and certified tour guides \" width=\"167\" height=\"167\" \/>\u00e9s csoportokat professzion\u00e1lis, enged\u00e9llyel rendelkez\u0151 idegenvezet\u0151kkel a vil\u00e1g legn\u00e9pszer\u0171bb \u00fati c\u00e9ljain. Kommunik\u00e1lj val\u00f3s id\u0151ben, \u00e9s tervezd meg a t\u00f6k\u00e9letes utaz\u00e1st t\u00f6bb mint 30 nyelven.<\/p>\n<hr \/>\n<h2 style=\"text-align: center;\" data-path-to-node=\"5\">\ud83c\udf92 V\u00e1lassz v\u00e1rost, kezdd el az utaz\u00e1st<\/h2>\n<p style=\"text-align: center;\" data-path-to-node=\"6\">B\u00f6ng\u00e9ssz az <strong>OfficialGuides.com<\/strong> c\u00edmt\u00e1r\u00e1ban, \u00e9s tal\u00e1ld meg a t\u00f6k\u00e9letes min\u0151s\u00edtett szakembert a k\u00f6vetkez\u0151 kalandodhoz. Az autentikus, stresszmentes utaz\u00e1si \u00e9lm\u00e9ny csak egy \u00fczenetnyire van.<\/p>\n<h3 style=\"text-align: center;\" data-path-to-node=\"6\">V\u00e1lassza Ki \u00dati C\u00e9lj\u00e1t \ud83d\udccd<\/h3>\n<p style=\"text-align: center;\" data-path-to-node=\"7\"><b data-path-to-node=\"7\" data-index-in-node=\"0\">P\u00e1rizs, <span style=\"color: #ff0000;\"><a style=\"color: #ff0000;\" href=\"https:\/\/officialguides.com\/hu\/magyar-idegenvezeto-isztambulban\/\" target=\"_blank\" rel=\"noopener\">Isztambul<\/a><\/span>, R\u00f3ma, <span style=\"color: #ff0000;\"><a style=\"color: #ff0000;\" href=\"https:\/\/officialguides.com\/hu\/nemet-idegenvezetok-es-privat-turak-barcelonaban\/\" target=\"_blank\" rel=\"noopener\">Barcelona<\/a><\/span>, Dubaj, <span style=\"color: #ff0000;\"><a style=\"color: #ff0000;\" href=\"https:\/\/officialguides.com\/hu\/magan-idegenvezeto-magyarul-es-magan-turak-athenban\/\" target=\"_blank\" rel=\"noopener\">Ath\u00e9n<\/a><\/span>, London, Bangkok, Firenze, Madrid, Lisszabon, Kappad\u00f3kia, Amszterdam, Pr\u00e1ga, N\u00e1poly, Berlin, Antalya, Granada, Sevilla, Stockholm.<\/b><\/p>\n<hr \/>\n<h2 data-path-to-node=\"8\">Mi\u00e9rt a hivatalos idegenvezet\u0151 a legjobb befektet\u00e9s az utaz\u00e1sodhoz?<\/h2>\n<p data-path-to-node=\"9\">Egy vil\u00e1gh\u00edr\u0171 nevezetess\u00e9g felfedez\u00e9se vizsg\u00e1zott szakember k\u00eds\u00e9ret\u00e9ben jelenti a k\u00fcl\u00f6nbs\u00e9get egy hely egyszer\u0171 \u201emegtekint\u00e9se\u201d \u00e9s annak val\u00f3di \u201emeg\u00e9l\u00e9se\u201d k\u00f6z\u00f6tt. Az OfficialGuides.com-on egy\u00fcttm\u0171k\u00f6d\u0151 idegenvezet\u0151k \u00f6r\u00f6mmel k\u00edn\u00e1lj\u00e1k \u00d6nnek az al\u00e1bbi el\u0151ny\u00f6ket.<\/p>\n<ul data-path-to-node=\"10\">\n<li>\n<p data-path-to-node=\"10,0,0\"><b data-path-to-node=\"10,0,0\" data-index-in-node=\"0\">Els\u0151bbs\u00e9gi bel\u00e9p\u00e9s \u00e9s soron k\u00edv\u00fcli bejut\u00e1s:<\/b> Ne hagyd, hogy a vak\u00e1ci\u00f3dat a sorban \u00e1ll\u00e1s hat\u00e1rozza meg. A hivatalos idegenvezet\u0151k gyakran els\u0151bbs\u00e9gi hozz\u00e1f\u00e9r\u00e9ssel, k\u00fcl\u00f6n foglal\u00e1si pultokkal rendelkeznek, vagy k\u00e9pesek el\u0151re lefoglalni a jegyeket a nevedben. K\u00fcl\u00f6n\u00f6sen a f\u0151szezonban ez lehet\u0151v\u00e9 teszi, hogy megker\u00fcld a t\u00f6bb\u00f3r\u00e1s sorokat, \u00e9s azonnal fejest ugorj az \u00e9lm\u00e9nybe.<\/p>\n<\/li>\n<li>\n<p data-path-to-node=\"10,1,0\"><b data-path-to-node=\"10,1,0\" data-index-in-node=\"0\">Maxim\u00e1lis id\u0151hat\u00e9konys\u00e1g:<\/b> Egy m\u00fazeum vagy r\u00e9g\u00e9szeti lel\u0151hely, amelynek bej\u00e1r\u00e1sa egyed\u00fcl egy eg\u00e9sz napot venne ig\u00e9nybe, egy szak\u00e9rt\u0151vel mind\u00f6ssze 3 \u00f3ra alatt mesterien felfedezhet\u0151. Az idegenvezet\u0151d \u00f6ssze\u00e1ll\u00edtja az \u00fatvonalat, megmutatva a legjelent\u0151sebb remekm\u0171veket \u00e9s a \u201el\u00e1tni kell\u201d f\u00e9nypontokat, megk\u00edm\u00e9lve t\u00e9ged az elt\u00e9ved\u00e9s okozta f\u00e1radts\u00e1gt\u00f3l.<\/p>\n<\/li>\n<li>\n<p data-path-to-node=\"10,2,0\"><b data-path-to-node=\"10,2,0\" data-index-in-node=\"0\">Profizmus \u00e9s akad\u00e9miai m\u00e9lys\u00e9g:<\/b> A hivatalos idegenvezet\u0151k nem csup\u00e1n rajong\u00f3k; \u0151k szakemberek, akik szigor\u00fa akad\u00e9miai k\u00e9pz\u00e9sen \u00e9s \u00e1llami vizsg\u00e1kon mentek kereszt\u00fcl. Pontos, m\u00e9lyrehat\u00f3 t\u00f6rt\u00e9nelmi \u00e9s kultur\u00e1lis h\u00e1tt\u00e9rsztorikat kapsz, amelyeket semmilyen \u00fatik\u00f6nyvben nem tal\u00e1lsz meg.<\/p>\n<\/li>\n<li>\n<p data-path-to-node=\"10,3,0\"><b data-path-to-node=\"10,3,0\" data-index-in-node=\"0\">Szem\u00e9lyre szabott \u00fatvonalak \u00e9s biztons\u00e1g:<\/b> Ak\u00e1r egyed\u00fcl, ak\u00e1r csoporttal utazol, vezet\u0151ink az ig\u00e9nyeidhez igaz\u00edtj\u00e1k a temp\u00f3t. Seg\u00edtenek eligazodni a bonyolult helyi rendszerekben, elker\u00fclni a turistacsapd\u00e1kat, \u00e9s biztons\u00e1gos, magas sz\u00ednvonal\u00fa k\u00f6rnyezetet garant\u00e1lnak az eg\u00e9sz utaz\u00e1s alatt.<\/p>\n<\/li>\n<\/ul>\n<h2 data-path-to-node=\"11\">\u2728 Mi\u00e9rt v\u00e1lassz priv\u00e1t t\u00far\u00e1t?<\/h2>\n<p data-path-to-node=\"12\">Szabaduljon meg a t\u00f6megt\u0151l \u00e9s a sablonos programokt\u00f3l. Fedezze fel \u00fatic\u00e9lj\u00e1t a saj\u00e1t felt\u00e9telei szerint az Official Guides idegenvezet\u0151ivel.<\/p>\n<h3 data-path-to-node=\"13\">A priv\u00e1t vezet\u00e9s el\u0151nyei<\/h3>\n<ul data-path-to-node=\"14\">\n<li>\n<p data-path-to-node=\"14,0,0\"><b data-path-to-node=\"14,0,0\" data-index-in-node=\"0\">Szem\u00e9lyre szabott \u00fatvonalak:<\/b> Minden t\u00fara a te egy\u00e9ni \u00e9rdekl\u0151d\u00e9sedhez \u00e9s szenved\u00e9lyeidhez igazodik.<\/p>\n<\/li>\n<li>\n<p data-path-to-node=\"14,1,0\"><b data-path-to-node=\"14,1,0\" data-index-in-node=\"0\">Enged\u00e9lyezett szaktud\u00e1s:<\/b> M\u00e9ly t\u00f6rt\u00e9nelmi \u00e9s kultur\u00e1lis betekint\u00e9st nyerhetsz professzion\u00e1lis, helyi szak\u00e9rt\u0151kt\u0151l.<\/p>\n<\/li>\n<li>\n<p data-path-to-node=\"14,2,0\"><b data-path-to-node=\"14,2,0\" data-index-in-node=\"0\">Id\u0151megtakar\u00edt\u00e1s:<\/b> Hagyd ki a hossz\u00fa sorokat, \u00e9s maximaliz\u00e1ld az id\u0151det optimaliz\u00e1lt \u00fatvonalakkal.<\/p>\n<\/li>\n<li>\n<p data-path-to-node=\"14,3,0\"><b data-path-to-node=\"14,3,0\" data-index-in-node=\"0\">Teljes rugalmass\u00e1g:<\/b> Te szabod meg a temp\u00f3t \u2013 maradj tov\u00e1bb a kedvenc helyeiden, vagy tarts egy spont\u00e1n sz\u00fcnetet.<\/p>\n<\/li>\n<li>\n<p data-path-to-node=\"14,4,0\"><b data-path-to-node=\"14,4,0\" data-index-in-node=\"0\">Autentikus felfedez\u00e9sek:<\/b> Fedezd fel a rejtett kincseket \u00e9s \u201etitkos\u201d helysz\u00edneket t\u00e1vol a turistacsapd\u00e1kt\u00f3l.<\/p>\n<\/li>\n<\/ul>\n<p data-path-to-node=\"15\"><i data-path-to-node=\"15\" data-index-in-node=\"0\">Min\u0151s\u00e9g a mennyis\u00e9g felett. Ismerd meg a v\u00e1rost \u00f3r\u00e1k, \u00e9s ne napok alatt.<\/i><\/p>\n<h2 data-path-to-node=\"16\">\ud83c\udfdb\ufe0f Fedezd fel az ikonikus l\u00e1tnival\u00f3kat szak\u00e9rt\u0151kkel<\/h2>\n<p data-path-to-node=\"17\">Az \u00f3kori romokt\u00f3l a modern \u00e9p\u00edt\u00e9szeti csod\u00e1kig, az OfficialGuides.com \u00f6sszek\u00f6t t\u00e9ged a vil\u00e1g legl\u00e1togatottabb helysz\u00edneinek specialist\u00e1ival:<\/p>\n<ul data-path-to-node=\"18\">\n<li>\n<p data-path-to-node=\"18,0,0\"><b data-path-to-node=\"18,0,0\" data-index-in-node=\"0\">P\u00e1rizs:<\/b> R\u00e9szletes m\u0171v\u00e9szett\u00f6rt\u00e9neti s\u00e9t\u00e1k a Louvre-ban, Versailles-ban \u00e9s a Montmartre-on.<\/p>\n<\/li>\n<li>\n<p data-path-to-node=\"18,1,0\"><b data-path-to-node=\"18,1,0\" data-index-in-node=\"0\">Isztambul:<\/b> Szak\u00e9rt\u0151i narr\u00e1ci\u00f3k a Hagia Sophia, a Topkapi palota, a H\u00e1rem, a K\u00e9k mecset, a Boszporusz \u00e9s a Nagy Baz\u00e1r helysz\u00ednein.<\/p>\n<\/li>\n<li>\n<p data-path-to-node=\"18,2,0\"><b data-path-to-node=\"18,2,0\" data-index-in-node=\"0\">Vatik\u00e1n \u00e9s R\u00f3ma:<\/b> Szent P\u00e9ter-bazilika, a Colosseum \u00e9s a Vatik\u00e1ni M\u00fazeumok.<\/p>\n<\/li>\n<li>\n<p data-path-to-node=\"18,3,0\"><b data-path-to-node=\"18,3,0\" data-index-in-node=\"0\">Barcelona:<\/b> A Sagrada Fam\u00edlia \u00e9s a Park G\u00fcell \u00e9p\u00edt\u00e9szeti zsenialit\u00e1sa.<\/p>\n<\/li>\n<li>\n<p data-path-to-node=\"18,4,0\"><b data-path-to-node=\"18,4,0\" data-index-in-node=\"0\">Ath\u00e9n:<\/b> Az \u00f3kori G\u00f6r\u00f6gorsz\u00e1g sz\u00edve \u00e9s a leny\u0171g\u00f6z\u0151 Akropolisz.<\/p>\n<\/li>\n<li>\n<p data-path-to-node=\"18,5,0\"><b data-path-to-node=\"18,5,0\" data-index-in-node=\"0\">Dubaj:<\/b> Modern csod\u00e1k, mint a Burdzs Kalifa, \u00e9s \u00f6r\u00f6ks\u00e9gt\u00far\u00e1k az \u00f3v\u00e1rosban.<\/p>\n<\/li>\n<\/ul>\n<p data-path-to-node=\"19\"><b data-path-to-node=\"19\" data-index-in-node=\"0\">\u00c9s tov\u00e1bbi \u00fati c\u00e9lok:<\/b> London, Kappad\u00f3kia, Madrid, Firenze, Pr\u00e1ga, Antalya, Lisszabon, Amszterdam, Berlin, Stockholm, Bangkok, B\u00e9cs, N\u00e1poly, New York, Koppenh\u00e1ga, Sevilla, Granada, Valencia, Kair\u00f3, Toki\u00f3.<\/p>\n<h2 data-path-to-node=\"20\">\ud83d\udcf2 K\u00f6zvetlen kommunik\u00e1ci\u00f3ra tervezve<\/h2>\n<p data-path-to-node=\"21\">Hisz\u00fcnk abban, hogy a legjobb utaz\u00e1si tervek egy besz\u00e9lget\u00e9ssel kezd\u0151dnek. Az OfficialGuides.com lehet\u0151v\u00e9 teszi az azonnali, val\u00f3s idej\u0171 kommunik\u00e1ci\u00f3t k\u00f6zted \u00e9s a potenci\u00e1lis idegenvezet\u0151d k\u00f6z\u00f6tt. T\u00e9gy fel k\u00e9rd\u00e9seket, besz\u00e9ld meg az egy\u00e9ni k\u00e9r\u00e9seidet, \u00e9s v\u00e9gleges\u00edtsd az \u00fatvonalat k\u00f6zvetlen\u00fcl azzal a szem\u00e9llyel, aki megmutatja neked a v\u00e1rost. Nincsenek k\u00f6zvet\u00edt\u0151k, nincsenek rejtett \u00fcgyn\u00f6ks\u00e9gi d\u00edjak \u2013 csak k\u00f6zvetlen helyi szak\u00e9rtelem.<\/p>\n<h2 data-path-to-node=\"22\">\ud83c\udf0d Csatlakozz glob\u00e1lis szakmai h\u00e1l\u00f3zatunkhoz<\/h2>\n<p data-path-to-node=\"23\">Enged\u00e9llyel rendelkez\u0151 idegenvezet\u0151 vagy? Folyamatosan b\u0151v\u00edtj\u00fck h\u00e1l\u00f3zatunkat, \u00e9s nyitottak vagyunk az egy\u00fcttm\u0171k\u00f6d\u00e9sre b\u00e1rmilyen nyelven besz\u00e9l\u0151 professzion\u00e1lis vezet\u0151vel a vil\u00e1g minden t\u00e1j\u00e1r\u00f3l. Ha min\u0151s\u00edtett szak\u00e9rt\u0151 vagy, aki k\u00f6zvetlen\u00fcl szeretne kapcsolatba l\u00e9pni a nemzetk\u00f6zi utaz\u00f3kkal, az OfficialGuides.com a te platformod. Csatlakozz hozz\u00e1nk m\u00e9g ma.<\/p>\n<p data-path-to-node=\"24\"><i data-path-to-node=\"24\" data-index-in-node=\"0\"><strong>Fontos megjegyz\u00e9s:<\/strong> Az Official Guides egy piact\u00e9r, amely \u00f6sszek\u00f6ti az utaz\u00f3kat az enged\u00e9llyel rendelkez\u0151 idegenvezet\u0151kkel; nem utaz\u00e1si iroda. Olvassa el \u201e<a href=\"https:\/\/officialguides.com\/hu\/jogi-nyilatkozat\/\" target=\"_blank\" rel=\"noopener\">Jogi nyilatkozatunkat<\/a>\u201d \u00e9s \u201e<a href=\"https:\/\/officialguides.com\/hu\/adatvedelmi-iranyelvek\/\" target=\"_blank\" rel=\"noopener\">Adatv\u00e9delmi ir\u00e1nyelveinket<\/a>\u201d<\/i><\/p>\n","protected":false},"excerpt":{"rendered":"<p>Az OfficialGuides.com egy specializ\u00e1lt platform, amely \u00f6sszek\u00f6ti a f\u00fcggetlen utaz\u00f3kat \u00e9s csoportokat professzion\u00e1lis, enged\u00e9llyel rendelkez\u0151 idegenvezet\u0151kkel a vil\u00e1g legn\u00e9pszer\u0171bb \u00fati c\u00e9ljain. Kommunik\u00e1lj val\u00f3s id\u0151ben, \u00e9s tervezd meg a t\u00f6k\u00e9letes utaz\u00e1st t\u00f6bb mint 30 nyelven. \ud83c\udf92 V\u00e1lassz v\u00e1rost, kezdd el az utaz\u00e1st B\u00f6ng\u00e9ssz az OfficialGuides.com c\u00edmt\u00e1r\u00e1ban, \u00e9s tal\u00e1ld meg a t\u00f6k\u00e9letes min\u0151s\u00edtett szakembert a k\u00f6vetkez\u0151 kalandodhoz. &#8230; <a title=\"L\u00e9pjen Kapcsolatba Hivatalos Idegenvezet\u0151kkel Vil\u00e1gszerte\" class=\"read-more\" href=\"https:\/\/officialguides.com\/hu\/\" aria-label=\"Read more about L\u00e9pjen Kapcsolatba Hivatalos Idegenvezet\u0151kkel Vil\u00e1gszerte\">Olvass tov\u00e1bb<\/a><\/p>\n","protected":false},"author":3,"featured_media":397724,"parent":0,"menu_order":0,"comment_status":"closed","ping_status":"closed","template":"","meta":{"_acf_changed":false,"footnotes":""},"class_list":["post-40248","page","type-page","status-publish","has-post-thumbnail"],"acf":[],"yoast_head":"<!-- This site is optimized with the Yoast SEO plugin v27.4 - https:\/\/yoast.com\/product\/yoast-seo-wordpress\/ -->\n<title>Hivatalos idegenvezet\u0151k \u00e9s priv\u00e1t t\u00far\u00e1k vil\u00e1gszerte | OfficialGuides<\/title>\n<meta name=\"description\" content=\"L\u00e9pj kapcsolatba k\u00f6zvetlen\u00fcl hivatalos \u00e9s enged\u00e9llyel rendelkez\u0151 idegenvezet\u0151kkel a vil\u00e1g legjobb \u00fati c\u00e9ljain. Foglalj szem\u00e9lyre szabott priv\u00e1t t\u00far\u00e1kat, ker\u00fcld el a sorban \u00e1ll\u00e1st, \u00e9s \u00e9lvezd az autentikus utaz\u00e1st k\u00f6zvet\u00edt\u0151k n\u00e9lk\u00fcl.\" \/>\n<meta name=\"robots\" content=\"index, follow, max-snippet:-1, max-image-preview:large, max-video-preview:-1\" \/>\n<link rel=\"canonical\" href=\"https:\/\/officialguides.com\/hu\/\" \/>\n<meta property=\"og:locale\" content=\"hu_HU\" \/>\n<meta property=\"og:type\" content=\"article\" \/>\n<meta property=\"og:title\" content=\"Hivatalos idegenvezet\u0151k \u00e9s priv\u00e1t t\u00far\u00e1k vil\u00e1gszerte | OfficialGuides\" \/>\n<meta property=\"og:description\" content=\"L\u00e9pj kapcsolatba k\u00f6zvetlen\u00fcl hivatalos \u00e9s enged\u00e9llyel rendelkez\u0151 idegenvezet\u0151kkel a vil\u00e1g legjobb \u00fati c\u00e9ljain. Foglalj szem\u00e9lyre szabott priv\u00e1t t\u00far\u00e1kat, ker\u00fcld el a sorban \u00e1ll\u00e1st, \u00e9s \u00e9lvezd az autentikus utaz\u00e1st k\u00f6zvet\u00edt\u0151k n\u00e9lk\u00fcl.\" \/>\n<meta property=\"og:url\" content=\"https:\/\/officialguides.com\/hu\/\" \/>\n<meta property=\"og:site_name\" content=\"Find Your Private Tour Guide Around The World!\" \/>\n<meta property=\"article:modified_time\" content=\"2026-02-01T17:39:18+00:00\" \/>\n<meta property=\"og:image\" content=\"https:\/\/officialguides.com\/wp-content\/uploads\/2026\/01\/private-tours-and-guides.jpg\" \/>\n\t<meta property=\"og:image:width\" content=\"1024\" \/>\n\t<meta property=\"og:image:height\" content=\"523\" \/>\n\t<meta property=\"og:image:type\" content=\"image\/jpeg\" \/>\n<meta name=\"twitter:card\" content=\"summary_large_image\" \/>\n<meta name=\"twitter:label1\" content=\"Becs\u00fclt olvas\u00e1si id\u0151\" \/>\n\t<meta name=\"twitter:data1\" content=\"4 perc\" \/>\n<script type=\"application\/ld+json\" class=\"yoast-schema-graph\">{\"@context\":\"https:\\\/\\\/schema.org\",\"@graph\":[{\"@type\":\"WebPage\",\"@id\":\"https:\\\/\\\/officialguides.com\\\/hu\\\/\",\"url\":\"https:\\\/\\\/officialguides.com\\\/hu\\\/\",\"name\":\"Hivatalos idegenvezet\u0151k \u00e9s priv\u00e1t t\u00far\u00e1k vil\u00e1gszerte | OfficialGuides\",\"isPartOf\":{\"@id\":\"https:\\\/\\\/officialguides.com\\\/hu\\\/#website\"},\"primaryImageOfPage\":{\"@id\":\"https:\\\/\\\/officialguides.com\\\/hu\\\/#primaryimage\"},\"image\":{\"@id\":\"https:\\\/\\\/officialguides.com\\\/hu\\\/#primaryimage\"},\"thumbnailUrl\":\"https:\\\/\\\/officialguides.com\\\/wp-content\\\/uploads\\\/2026\\\/01\\\/private-tours-and-guides.jpg\",\"datePublished\":\"2020-05-14T21:14:18+00:00\",\"dateModified\":\"2026-02-01T17:39:18+00:00\",\"description\":\"L\u00e9pj kapcsolatba k\u00f6zvetlen\u00fcl hivatalos \u00e9s enged\u00e9llyel rendelkez\u0151 idegenvezet\u0151kkel a vil\u00e1g legjobb \u00fati c\u00e9ljain. Foglalj szem\u00e9lyre szabott priv\u00e1t t\u00far\u00e1kat, ker\u00fcld el a sorban \u00e1ll\u00e1st, \u00e9s \u00e9lvezd az autentikus utaz\u00e1st k\u00f6zvet\u00edt\u0151k n\u00e9lk\u00fcl.\",\"breadcrumb\":{\"@id\":\"https:\\\/\\\/officialguides.com\\\/hu\\\/#breadcrumb\"},\"inLanguage\":\"hu\",\"potentialAction\":[{\"@type\":\"ReadAction\",\"target\":[\"https:\\\/\\\/officialguides.com\\\/hu\\\/\"]}]},{\"@type\":\"ImageObject\",\"inLanguage\":\"hu\",\"@id\":\"https:\\\/\\\/officialguides.com\\\/hu\\\/#primaryimage\",\"url\":\"https:\\\/\\\/officialguides.com\\\/wp-content\\\/uploads\\\/2026\\\/01\\\/private-tours-and-guides.jpg\",\"contentUrl\":\"https:\\\/\\\/officialguides.com\\\/wp-content\\\/uploads\\\/2026\\\/01\\\/private-tours-and-guides.jpg\",\"width\":1024,\"height\":523,\"caption\":\"Egy n\u0151i, okleveles idegenvezet\u0151, jogos\u00edtv\u00e1nnyal a kez\u00e9ben, bemutatja \u00e9s mes\u00e9li a r\u00f3mai Colosseum el\u0151tt egy csal\u00e1dnak.\"},{\"@type\":\"BreadcrumbList\",\"@id\":\"https:\\\/\\\/officialguides.com\\\/hu\\\/#breadcrumb\",\"itemListElement\":[{\"@type\":\"ListItem\",\"position\":1,\"name\":\"Home\",\"item\":\"https:\\\/\\\/officialguides.com\\\/hu\\\/\"},{\"@type\":\"ListItem\",\"position\":2,\"name\":\"L\u00e9pjen Kapcsolatba Hivatalos Idegenvezet\u0151kkel Vil\u00e1gszerte\"}]},{\"@type\":\"WebSite\",\"@id\":\"https:\\\/\\\/officialguides.com\\\/hu\\\/#website\",\"url\":\"https:\\\/\\\/officialguides.com\\\/hu\\\/\",\"name\":\"Official Tour Guides Around The World! Istanbul, Paris, Rome, Dubai...\",\"description\":\"Explore cities and popular destinations with professional, official, certified tour guides\",\"alternateName\":\"Official Guides\",\"potentialAction\":[{\"@type\":\"SearchAction\",\"target\":{\"@type\":\"EntryPoint\",\"urlTemplate\":\"https:\\\/\\\/officialguides.com\\\/hu\\\/?s={search_term_string}\"},\"query-input\":{\"@type\":\"PropertyValueSpecification\",\"valueRequired\":true,\"valueName\":\"search_term_string\"}}],\"inLanguage\":\"hu\"}]}<\/script>\n<!-- \/ Yoast SEO plugin. -->","yoast_head_json":{"title":"Hivatalos idegenvezet\u0151k \u00e9s priv\u00e1t t\u00far\u00e1k vil\u00e1gszerte | OfficialGuides","description":"L\u00e9pj kapcsolatba k\u00f6zvetlen\u00fcl hivatalos \u00e9s enged\u00e9llyel rendelkez\u0151 idegenvezet\u0151kkel a vil\u00e1g legjobb \u00fati c\u00e9ljain. Foglalj szem\u00e9lyre szabott priv\u00e1t t\u00far\u00e1kat, ker\u00fcld el a sorban \u00e1ll\u00e1st, \u00e9s \u00e9lvezd az autentikus utaz\u00e1st k\u00f6zvet\u00edt\u0151k n\u00e9lk\u00fcl.","robots":{"index":"index","follow":"follow","max-snippet":"max-snippet:-1","max-image-preview":"max-image-preview:large","max-video-preview":"max-video-preview:-1"},"canonical":"https:\/\/officialguides.com\/hu\/","og_locale":"hu_HU","og_type":"article","og_title":"Hivatalos idegenvezet\u0151k \u00e9s priv\u00e1t t\u00far\u00e1k vil\u00e1gszerte | OfficialGuides","og_description":"L\u00e9pj kapcsolatba k\u00f6zvetlen\u00fcl hivatalos \u00e9s enged\u00e9llyel rendelkez\u0151 idegenvezet\u0151kkel a vil\u00e1g legjobb \u00fati c\u00e9ljain. Foglalj szem\u00e9lyre szabott priv\u00e1t t\u00far\u00e1kat, ker\u00fcld el a sorban \u00e1ll\u00e1st, \u00e9s \u00e9lvezd az autentikus utaz\u00e1st k\u00f6zvet\u00edt\u0151k n\u00e9lk\u00fcl.","og_url":"https:\/\/officialguides.com\/hu\/","og_site_name":"Find Your Private Tour Guide Around The World!","article_modified_time":"2026-02-01T17:39:18+00:00","og_image":[{"width":1024,"height":523,"url":"https:\/\/officialguides.com\/wp-content\/uploads\/2026\/01\/private-tours-and-guides.jpg","type":"image\/jpeg"}],"twitter_card":"summary_large_image","twitter_misc":{"Becs\u00fclt olvas\u00e1si id\u0151":"4 perc"},"schema":{"@context":"https:\/\/schema.org","@graph":[{"@type":"WebPage","@id":"https:\/\/officialguides.com\/hu\/","url":"https:\/\/officialguides.com\/hu\/","name":"Hivatalos idegenvezet\u0151k \u00e9s priv\u00e1t t\u00far\u00e1k vil\u00e1gszerte | OfficialGuides","isPartOf":{"@id":"https:\/\/officialguides.com\/hu\/#website"},"primaryImageOfPage":{"@id":"https:\/\/officialguides.com\/hu\/#primaryimage"},"image":{"@id":"https:\/\/officialguides.com\/hu\/#primaryimage"},"thumbnailUrl":"https:\/\/officialguides.com\/wp-content\/uploads\/2026\/01\/private-tours-and-guides.jpg","datePublished":"2020-05-14T21:14:18+00:00","dateModified":"2026-02-01T17:39:18+00:00","description":"L\u00e9pj kapcsolatba k\u00f6zvetlen\u00fcl hivatalos \u00e9s enged\u00e9llyel rendelkez\u0151 idegenvezet\u0151kkel a vil\u00e1g legjobb \u00fati c\u00e9ljain. Foglalj szem\u00e9lyre szabott priv\u00e1t t\u00far\u00e1kat, ker\u00fcld el a sorban \u00e1ll\u00e1st, \u00e9s \u00e9lvezd az autentikus utaz\u00e1st k\u00f6zvet\u00edt\u0151k n\u00e9lk\u00fcl.","breadcrumb":{"@id":"https:\/\/officialguides.com\/hu\/#breadcrumb"},"inLanguage":"hu","potentialAction":[{"@type":"ReadAction","target":["https:\/\/officialguides.com\/hu\/"]}]},{"@type":"ImageObject","inLanguage":"hu","@id":"https:\/\/officialguides.com\/hu\/#primaryimage","url":"https:\/\/officialguides.com\/wp-content\/uploads\/2026\/01\/private-tours-and-guides.jpg","contentUrl":"https:\/\/officialguides.com\/wp-content\/uploads\/2026\/01\/private-tours-and-guides.jpg","width":1024,"height":523,"caption":"Egy n\u0151i, okleveles idegenvezet\u0151, jogos\u00edtv\u00e1nnyal a kez\u00e9ben, bemutatja \u00e9s mes\u00e9li a r\u00f3mai Colosseum el\u0151tt egy csal\u00e1dnak."},{"@type":"BreadcrumbList","@id":"https:\/\/officialguides.com\/hu\/#breadcrumb","itemListElement":[{"@type":"ListItem","position":1,"name":"Home","item":"https:\/\/officialguides.com\/hu\/"},{"@type":"ListItem","position":2,"name":"L\u00e9pjen Kapcsolatba Hivatalos Idegenvezet\u0151kkel Vil\u00e1gszerte"}]},{"@type":"WebSite","@id":"https:\/\/officialguides.com\/hu\/#website","url":"https:\/\/officialguides.com\/hu\/","name":"Official Tour Guides Around The World! Istanbul, Paris, Rome, Dubai...","description":"Explore cities and popular destinations with professional, official, certified tour guides","alternateName":"Official Guides","potentialAction":[{"@type":"SearchAction","target":{"@type":"EntryPoint","urlTemplate":"https:\/\/officialguides.com\/hu\/?s={search_term_string}"},"query-input":{"@type":"PropertyValueSpecification","valueRequired":true,"valueName":"search_term_string"}}],"inLanguage":"hu"}]}},"_links":{"self":[{"href":"https:\/\/officialguides.com\/hu\/wp-json\/wp\/v2\/pages\/40248","targetHints":{"allow":["GET"]}}],"collection":[{"href":"https:\/\/officialguides.com\/hu\/wp-json\/wp\/v2\/pages"}],"about":[{"href":"https:\/\/officialguides.com\/hu\/wp-json\/wp\/v2\/types\/page"}],"author":[{"embeddable":true,"href":"https:\/\/officialguides.com\/hu\/wp-json\/wp\/v2\/users\/3"}],"replies":[{"embeddable":true,"href":"https:\/\/officialguides.com\/hu\/wp-json\/wp\/v2\/comments?post=40248"}],"version-history":[{"count":62,"href":"https:\/\/officialguides.com\/hu\/wp-json\/wp\/v2\/pages\/40248\/revisions"}],"predecessor-version":[{"id":398144,"href":"https:\/\/officialguides.com\/hu\/wp-json\/wp\/v2\/pages\/40248\/revisions\/398144"}],"wp:featuredmedia":[{"embeddable":true,"href":"https:\/\/officialguides.com\/hu\/wp-json\/wp\/v2\/media\/397724"}],"wp:attachment":[{"href":"https:\/\/officialguides.com\/hu\/wp-json\/wp\/v2\/media?parent=40248"}],"curies":[{"name":"wp","href":"https:\/\/api.w.org\/{rel}","templated":true}]}}