{"id":396259,"date":"2025-05-28T22:43:38","date_gmt":"2025-05-28T19:43:38","guid":{"rendered":"https:\/\/officialguides.com\/tomegkozlekedes-isztambulban\/"},"modified":"2025-05-28T22:43:38","modified_gmt":"2025-05-28T19:43:38","slug":"tomegkozlekedes-isztambulban","status":"publish","type":"page","link":"https:\/\/officialguides.com\/hu\/tomegkozlekedes-isztambulban\/","title":{"rendered":"T\u00f6megk\u00f6zleked\u00e9s Isztambulban"},"content":{"rendered":"<h2 data-pm-slice=\"1 1 []\">Teljes \u00fatmutat\u00f3 az isztambuli t\u00f6megk\u00f6zleked\u00e9shez: Tippek turist\u00e1knak<\/h2>\n<p>El\u0151sz\u00f6r neh\u00e9znek t\u0171nhet eligazodni Isztambulban \u2013 de ne agg\u00f3dj! A v\u00e1ros Eur\u00f3pa egyik legolcs\u00f3bb \u00e9s leghat\u00e9konyabb t\u00f6megk\u00f6zleked\u00e9si rendszer\u00e9vel rendelkezik. Ak\u00e1r a t\u00f6rt\u00e9nelmi <strong>Sultanahmet<\/strong> negyedbe, ak\u00e1r a ny\u00fczsg\u0151 <strong>Taksim<\/strong> t\u00e9rre tartasz, vagy \u00e9ppen komppal kelsz \u00e1t a kontinensek k\u00f6z\u00f6tt, az isztambuli <strong>metr\u00f3<\/strong>, <strong>villamos<\/strong>, <strong>busz<\/strong> \u00e9s <strong>komp<\/strong> mind egyszer\u0171v\u00e9 teszi az utaz\u00e1st. Ez az \u00fatmutat\u00f3 mindent tartalmaz, amire sz\u00fcks\u00e9ged lehet \u2013 az <strong>Istanbulkart<\/strong> beszerz\u00e9s\u00e9t\u0151l a legjobb \u00fatvonalakig \u00e9s biztons\u00e1gi tan\u00e1csokig.<\/p>\n<ul>\n<li><span style=\"color: #993300;\"><a style=\"color: #993300;\" href=\"https:\/\/officialguides.com\/official-tour-guides-in-istanbul\/\"><strong><em>Kattints ide, ha mag\u00e1nidegenvezet\u0151t szeretn\u00e9l Isztambulban<\/em><\/strong><\/a><\/span><\/li>\n<\/ul>\n<ul>\n<li><a href=\"https:\/\/www.getyourguide.com\/s?partner_id=F2GZGY3&amp;utm_medium=online_publisher&amp;visitor-id=P623CBJZAWLPQI34Z54Z68CBWM85DH8X&amp;locale_autoredirect_optout=true&amp;et=948206&amp;lc=56\"><strong><em>Kattints ide, ha gyors bel\u00e9p\u00e9st szeretn\u00e9l az Aya Sofi\u00e1ba \u00e9s a Topkapi Palot\u00e1ba<\/em><\/strong><\/a><\/li>\n<\/ul>\n<h3>Az isztambuli t\u00f6megk\u00f6zleked\u00e9si rendszer meg\u00e9rt\u00e9se<\/h3>\n<p>Isztambul kiterjedt, integr\u00e1lt t\u00f6megk\u00f6zleked\u00e9si h\u00e1l\u00f3zattal rendelkezik, amely mag\u00e1ban foglalja a <strong>metr\u00f3<\/strong>, <strong>villamos<\/strong>, <strong>vas\u00fat<\/strong>, <strong>busz<\/strong>, <strong>komp<\/strong>, <strong>elektromos aut\u00f3k<\/strong> (a Herceg-szigeteken), <strong>3 sikl\u00f3<\/strong> \u00e9s <strong>2 dr\u00f3tk\u00f6t\u00e9lp\u00e1ly\u00e1s felvon\u00f3<\/strong> szolg\u00e1ltat\u00e1sait. A v\u00e1ros f\u00f6ldrajza \u2013 a Boszporusz \u00e9s az Aranyszarv-\u00f6b\u00f6l \u00e1ltal kett\u00e9v\u00e1gott, dombokkal \u00e9s v\u00f6lgyekkel tagolt t\u00e1j \u2013 hosszabb utaz\u00e1sokat \u00e9s t\u00f6bb \u00e1tsz\u00e1ll\u00e1st tesz sz\u00fcks\u00e9gess\u00e9, mint egy \u00e1tlagos eur\u00f3pai v\u00e1rosban.<\/p>\n<figure id=\"attachment_396144\" aria-describedby=\"caption-attachment-396144\" style=\"width: 1014px\" class=\"wp-caption aligncenter\"><img decoding=\"async\" class=\"wp-image-396131 size-full\" src=\"https:\/\/officialguides.com\/wp-content\/uploads\/2025\/05\/istanbul-public-transportation-ferries.jpg\" alt=\"Istanbul's integrated public transport system consist of municipal ferry boats, metros, trams, trains, buses, ferries, electric cars, funiculars and cable cars\" width=\"1024\" height=\"551\" srcset=\"https:\/\/officialguides.com\/wp-content\/uploads\/2025\/05\/istanbul-public-transportation-ferries.jpg 1024w, https:\/\/officialguides.com\/wp-content\/uploads\/2025\/05\/istanbul-public-transportation-ferries-300x161.jpg 300w, https:\/\/officialguides.com\/wp-content\/uploads\/2025\/05\/istanbul-public-transportation-ferries-768x413.jpg 768w\" sizes=\"(max-width: 1024px) 100vw, 1024px\" \/><figcaption id=\"caption-attachment-396144\" class=\"wp-caption-text\"><em>Az \u00faj, k\u00e9nyelmes kompok Eur\u00f3pa \u00e9s \u00c1zsia k\u00f6z\u00f6tt k\u00f6zlekednek a Boszporuszon<\/em><\/figcaption><\/figure>\n<p>Az <strong>Istanbulkart<\/strong> az els\u0151dleges k\u00f6zleked\u00e9si k\u00e1rtya, amely minden k\u00f6zleked\u00e9si eszk\u00f6zre \u00e9rv\u00e9nyes \u2013 bele\u00e9rtve a <strong>v\u00e1rosi nyilv\u00e1nos WC-ket<\/strong> is. R\u00f6videbb tart\u00f3zkod\u00e1s eset\u00e9n v\u00e1s\u00e1rolhatsz <strong>10 alkalmas egyszer haszn\u00e1lhat\u00f3 k\u00e1rty\u00e1t<\/strong> is automat\u00e1b\u00f3l. S\u00fcrg\u0151s esetben haszn\u00e1lhatsz <strong>\u00e9rint\u00e9smentes bankk\u00e1rty\u00e1t<\/strong> is k\u00f6zvetlen\u00fcl a <strong>buszokon<\/strong>, <strong>metr\u00f3n<\/strong> vagy <strong>kompon<\/strong>. Minden lehet\u0151s\u00e9g m\u0171k\u00f6dik a teljes h\u00e1l\u00f3zaton.<\/p>\n<h3>\ud83d\udcb3 <span style=\"text-decoration: underline;\">Istanbulkart<\/span> \u00e9s 10 alkalmas (OnGe\u00e7) k\u00e1rty\u00e1k<\/h3>\n<p><strong>Jegy\u00e1rak \u00e9s k\u00e1rtyad\u00edjak:<\/strong><\/p>\n<p>Az <strong>Istanbulkart<\/strong> \u00e1ra <strong>130 TL (kb. 3 \u20ac 2025 m\u00e1jus\u00e1ban)<\/strong>. Szem\u00e9lyre szabott, \u00e9s ha n\u00e9gyszer egym\u00e1s ut\u00e1n haszn\u00e1lj\u00e1k, letilthat\u00f3 \u2013 \u00edgy nem alkalmas megoszt\u00e1sra. Egy <strong>egyszeri utaz\u00e1s d\u00edja 27 TL<\/strong>, de az \u00f6sszeg a j\u00e1rm\u0171 t\u00edpus\u00e1t\u00f3l \u00e9s az \u00e1tsz\u00e1ll\u00e1sok sz\u00e1m\u00e1t\u00f3l f\u00fcgg\u0151en v\u00e1ltozhat.<\/p>\n<figure id=\"attachment_396110\" aria-describedby=\"caption-attachment-396110\" style=\"width: 290px\" class=\"wp-caption aligncenter\"><img decoding=\"async\" class=\"wp-image-396097 size-medium\" src=\"https:\/\/officialguides.com\/wp-content\/uploads\/2025\/05\/istanbulkart-istanbul-card-300x209.jpg\" alt=\"Istanbul Card \u00e9s 10 b\u00e9rletes k\u00e1rtya, hol lehet megv\u00e1s\u00e1rolni, jegy\u00e1rak \u00e9s mennyibe ker\u00fcl?\" width=\"300\" height=\"209\" srcset=\"https:\/\/officialguides.com\/wp-content\/uploads\/2025\/05\/istanbulkart-istanbul-card-300x209.jpg 300w, https:\/\/officialguides.com\/wp-content\/uploads\/2025\/05\/istanbulkart-istanbul-card-768x536.jpg 768w, https:\/\/officialguides.com\/wp-content\/uploads\/2025\/05\/istanbulkart-istanbul-card.jpg 800w\" sizes=\"(max-width: 300px) 100vw, 300px\" \/><figcaption id=\"caption-attachment-396110\" class=\"wp-caption-text\"><em>Az <strong>Istanbulkart<\/strong> mobilalkalmaz\u00e1son kereszt\u00fcl is haszn\u00e1lhat\u00f3<\/em><\/figcaption><\/figure>\n<p><strong><span style=\"text-decoration: underline;\"><span style=\"color: #800080; text-decoration: underline;\">ONGE\u00c7 KART<\/span><\/span>;<\/strong> alternat\u00edvak\u00e9nt v\u00e1s\u00e1rolhatsz <strong>10 alkalmas k\u00e1rty\u00e1t (305 TL)<\/strong> automat\u00e1b\u00f3l. Ezek nem szem\u00e9lyesek, nincs plusz d\u00edjuk, \u00e9s t\u00f6bb szem\u00e9ly is haszn\u00e1lhatja \u0151ket egym\u00e1s ut\u00e1n. Minden utaz\u00e1s fix \u00e1ron ker\u00fcl levon\u00e1sra, f\u00fcggetlen\u00fcl az \u00e1tsz\u00e1ll\u00e1sok sz\u00e1m\u00e1t\u00f3l.<\/p>\n<p>Mindk\u00e9t k\u00e1rtya haszn\u00e1lhat\u00f3 minden k\u00f6zleked\u00e9si eszk\u00f6z\u00f6n, valamint a <strong>v\u00e1rosi WC-kben<\/strong> is.<\/p>\n<table>\n<tbody>\n<tr>\n<th>\ud83d\udcb3 K\u00e1rtyat\u00edpus<\/th>\n<th>\ud83e\uddcd\u200d\u2642\ufe0f Szem\u00e9lyre szabott<\/th>\n<th>\ud83d\udc65 T\u00f6bb szem\u00e9ly \u00e1ltal<\/th>\n<th>\ud83d\udcb0 \u00c1r (2025 m\u00e1jus)<\/th>\n<th>\ud83d\ude8d Utaz\u00e1sonk\u00e9nti d\u00edj<\/th>\n<th>\ud83d\udd01 \u00c1tsz\u00e1ll\u00e1sok<\/th>\n<th>\ud83d\udec2 Korl\u00e1toz\u00e1sok<\/th>\n<\/tr>\n<tr>\n<td>\ud83d\udfe6 Istanbulkart<\/td>\n<td>\u2714\ufe0f Igen<\/td>\n<td>\u274c Nem<\/td>\n<td>130 TL (~3 \u20ac)<\/td>\n<td>27 TL-t\u0151l<\/td>\n<td>Kedvezm\u00e9nyek<\/td>\n<td>Max. 4 haszn\u00e1lat\/f\u0151<\/td>\n<\/tr>\n<tr>\n<td>\ud83d\udd1f 10 utaz\u00e1sos k\u00e1rtya<\/td>\n<td>\u274c Nem<\/td>\n<td>\u2714\ufe0f Igen<\/td>\n<td>305 TL (nincs d\u00edj)<\/td>\n<td>Fix d\u00edj utaz\u00e1sonk\u00e9nt<\/td>\n<td>\u274c Nincs kedv.<\/td>\n<td>Nincs korl\u00e1toz\u00e1s<\/td>\n<\/tr>\n<tr>\n<td>\ud83d\udcb3 \u00c9rint\u00e9ses bankk\u00e1rtya<\/td>\n<td>\u274c Nem<\/td>\n<td>\u2714\ufe0f Igen<\/td>\n<td>Bankt\u00f3l f\u00fcgg<\/td>\n<td>40 TL<\/td>\n<td>\u274c Nincs kedv.<\/td>\n<td>Nincs korl\u00e1toz\u00e1s<\/td>\n<\/tr>\n<\/tbody>\n<\/table>\n<h3 data-pm-slice=\"1 1 []\">\ud83d\ude8b A legfontosabb villamos, metr\u00f3, sikl\u00f3 \u00e9s komp vonalak turist\u00e1knak<\/h3>\n<p><strong>T1 Villamosvonal<\/strong>: Sultanahmet \u2192 Emin\u00f6n\u00fc \u2192 Karak\u00f6y \u2192 Kabata\u015f<br \/>\n<strong>M2 Metr\u00f3vonal<\/strong>: Yenikap\u0131 \u2192 Taksim (Istiklal utca) \u2192 \u015ei\u015fli \u2192 Levent<br \/>\n<strong>F1 Sikl\u00f3vonal<\/strong>: Kabata\u015f \u2194 Taksim<br \/>\n<strong>F2 Sikl\u00f3 (T\u00fcnel)<\/strong>: Karak\u00f6y \u2194 Beyo\u011flu (Istiklal utca)<br \/>\n<strong>Kompok<\/strong> az Emin\u00f6n\u00fc vagy Karak\u00f6y kik\u00f6t\u0151kb\u0151l:<\/p>\n<ol>\n<li><em>Kad\u0131k\u00f6y fel\u00e9 (\u00e1zsiai oldal) \u2013 20\u201330 percenk\u00e9nt<\/em><\/li>\n<li><em>\u00dcsk\u00fcdar fel\u00e9 (\u00e1zsiai oldal) \u2013 10\u201320 percenk\u00e9nt<\/em><\/li>\n<\/ol>\n<figure style=\"width: 1014px\" class=\"wp-caption aligncenter\"><img decoding=\"async\" src=\"https:\/\/officialguides.com\/wp-content\/uploads\/2025\/05\/istanbul-metro-haritasi-1024x644.jpg\" alt=\"Istanbul city metro, tram and railway map, plan\" width=\"1024\" height=\"644\" \/><figcaption class=\"wp-caption-text\"><em>Isztambul metr\u00f3- \u00e9s villamost\u00e9rk\u00e9pe<\/em><\/figcaption><\/figure>\n<h3>Hogyan juthatunk el Sultanahmetb\u0151l, Taksimb\u00f3l vagy a rep\u00fcl\u0151terekr\u0151l a f\u0151bb v\u00e1rosr\u00e9szekbe?<\/h3>\n<p><strong>\ud83d\udccd Sultanahmet \u2192 Taksim \/ Istiklal \/ Galata:<\/strong><\/p>\n<ul data-spread=\"false\">\n<li><strong>Villamossal + sikl\u00f3val:<\/strong> T1 villamos Karak\u00f6y vagy Kabata\u015f fel\u00e9 \u2192 T2 T\u00fcnel vagy F1 sikl\u00f3 Galat\u00e1ba \/ Taksimba<\/li>\n<li><strong>Metr\u00f3val:<\/strong> Ha k\u00f6zel van az M2 Vezneciler \u00e1llom\u00e1s, onnan k\u00f6zvetlen eljut\u00e1s Taksimbe vagy Galat\u00e1ba (\u015ei\u015fhane)<\/li>\n<\/ul>\n<figure id=\"attachment_396178\" aria-describedby=\"caption-attachment-396178\" style=\"width: 1014px\" class=\"wp-caption aligncenter\"><img decoding=\"async\" class=\"wp-image-396165 size-full\" src=\"https:\/\/officialguides.com\/wp-content\/uploads\/2025\/05\/istanbul-funicular.jpg\" alt=\"Historical funicular (Tunnel \/ T\u00fcnel) running beetween Kark\u00f6y and Istiklal Street, Galata \" width=\"1024\" height=\"682\" srcset=\"https:\/\/officialguides.com\/wp-content\/uploads\/2025\/05\/istanbul-funicular.jpg 1024w, https:\/\/officialguides.com\/wp-content\/uploads\/2025\/05\/istanbul-funicular-300x200.jpg 300w, https:\/\/officialguides.com\/wp-content\/uploads\/2025\/05\/istanbul-funicular-768x512.jpg 768w\" sizes=\"(max-width: 1024px) 100vw, 1024px\" \/><figcaption id=\"caption-attachment-396178\" class=\"wp-caption-text\"><em>A t\u00f6rt\u00e9nelmi &#8222;T\u00fcnel&#8221; sikl\u00f3 a Karak\u00f6y \u00e9s a Galata negyedek k\u00f6z\u00f6tt k\u00f6zlekedik<\/em><\/figcaption><\/figure>\n<p><strong>\ud83d\udccd Sultanahmet \u2192 Kad\u0131k\u00f6y (\u00e1zsiai oldal):<\/strong><\/p>\n<ul data-spread=\"false\">\n<li><strong>Komppal:<\/strong> T1 villamos Emin\u00f6n\u00fc, Karak\u00f6y vagy Kabata\u015f \u2192 Komp Kad\u0131k\u00f6ybe (~20\u201330 perc)<\/li>\n<li><strong>Metr\u00f3val:<\/strong> Marmaray vonal Sirkecib\u0151l Ayr\u0131l\u0131k\u00e7e\u015fmesi \u00e1llom\u00e1sig \u2192 M4 metr\u00f3 Kad\u0131k\u00f6yig<\/li>\n<\/ul>\n<p><strong>\ud83d\udccd Sultanahmet \u2192 \u00dcsk\u00fcdar (\u00e1zsiai oldal):<\/strong><\/p>\n<ul data-spread=\"false\">\n<li><strong>Komppal:<\/strong> T1 villamos \u2192 Komp \u00dcsk\u00fcdarba (~10\u201320 perc)<\/li>\n<li><strong>Metr\u00f3val:<\/strong> Marmaray vonal Sirkecib\u0151l \u00dcsk\u00fcdar \u00e1llom\u00e1sig<\/li>\n<\/ul>\n<figure id=\"attachment_396213\" aria-describedby=\"caption-attachment-396213\" style=\"width: 1014px\" class=\"wp-caption aligncenter\"><img decoding=\"async\" class=\"wp-image-396200 size-full\" src=\"https:\/\/officialguides.com\/wp-content\/uploads\/2025\/05\/how-to-get-to-in-istanbul.jpg\" alt=\"Hogyan juthatok el az \u00e1zsiai oldalra (Kadikoy, Uskudar) Isztambul \u00f3v\u00e1ros\u00e1b\u00f3l (Sultnahmet) vagy v\u00e1rosk\u00f6zpontj\u00e1b\u00f3l (Taaksim)?\" width=\"1024\" height=\"576\" srcset=\"https:\/\/officialguides.com\/wp-content\/uploads\/2025\/05\/how-to-get-to-in-istanbul.jpg 1024w, https:\/\/officialguides.com\/wp-content\/uploads\/2025\/05\/how-to-get-to-in-istanbul-300x169.jpg 300w, https:\/\/officialguides.com\/wp-content\/uploads\/2025\/05\/how-to-get-to-in-istanbul-768x432.jpg 768w\" sizes=\"(max-width: 1024px) 100vw, 1024px\" \/><figcaption id=\"caption-attachment-396213\" class=\"wp-caption-text\"><em>Metr\u00f3\u00e1llom\u00e1s az \u00e1zsiai oldalon<\/em><\/figcaption><\/figure>\n<p><strong>\ud83d\udccd R\u00e9gi v\u00e1rosr\u00e9sz \u2192 Golden Horn \/ Balat \/ Fener:<\/strong><\/p>\n<ul data-spread=\"false\">\n<li>T1 villamos \u2192 Emin\u00f6n\u00fc \u2192 \u00c1tsz\u00e1ll\u00e1s T5 vonalra<\/li>\n<li><strong>Alternat\u00edva:<\/strong> Karak\u00f6y \u2192 Aranyszarv komphaj\u00f3 (szezon\u00e1lis)<\/li>\n<\/ul>\n<p><strong>\ud83d\udccd Taksim \u2192 Kad\u0131k\u00f6y:<\/strong><\/p>\n<ul data-spread=\"false\">\n<li><strong>Komppal:<\/strong> F1 sikl\u00f3 Kabata\u015fig \u2192 Komp Kad\u0131k\u00f6ybe<\/li>\n<li><strong>Metr\u00f3val:<\/strong> M2 \u2192 Yenikap\u0131 \u2192 Marmaray \u2192 Ayr\u0131l\u0131k\u00e7e\u015fmesi \u2192 M4 \u2192 Kad\u0131k\u00f6y<\/li>\n<\/ul>\n<p><strong>\ud83d\udccd Istanbul rep\u00fcl\u0151t\u00e9r (IST) \u2192 v\u00e1rosk\u00f6zpont \/ r\u00e9gi v\u00e1rosr\u00e9sz:<\/strong><\/p>\n<ul data-spread=\"false\">\n<li><strong>Metr\u00f3val:<\/strong> M11\/U2 metr\u00f3 \u2192 Gayrettepe \u2192 \u00c1tsz\u00e1ll\u00e1s M2 \u2192 Taksim \u2192 F1 sikl\u00f3 \u2192 T1 villamos<\/li>\n<li><strong>Taxi vagy transzfer:<\/strong> ~40 km, s\u00e1rga taxi: ~30 \u20ac, k\u00e9k taxi: ~35 \u20ac, fekete taxi: ~50 \u20ac<\/li>\n<li><a href=\"https:\/\/www.istairport.com\/en\/airport\/airport-transportation\/urban-transportation\/public-transportation\/?locale=en\"><strong>HAVAIST j\u00e1ratok<\/strong><\/a>: 11 \u00fatvonal, jegy: ~7 \u20ac<\/li>\n<\/ul>\n<p><strong>\ud83d\udccd Sabiha G\u00f6k\u00e7en rep\u00fcl\u0151t\u00e9r (SAW) \u2192 v\u00e1rosk\u00f6zpont \/ r\u00e9gi v\u00e1rosr\u00e9sz:<\/strong><\/p>\n<ul data-spread=\"false\">\n<li><strong>Metr\u00f3val:<\/strong> M4 metr\u00f3 \u2192 Ayr\u0131l\u0131k\u00e7e\u015fmesi \u2192 Marmaray \u2192 Sirkeci (vagy Yenikap\u0131 + M2)<\/li>\n<li><strong>Taxi:<\/strong> 40\u201355 km, h\u00edd vagy alag\u00fat d\u00edja +3\u201310 \u20ac, s\u00e1rga: 30\u201340 \u20ac, k\u00e9k: 40\u201350 \u20ac, fekete: 50\u201360 \u20ac<\/li>\n<li><a href=\"https:\/\/www.havabus.com\/yolcuservisi\/taksim-sabihagokcenhavalimani.aspx\"><strong>HAVABUS j\u00e1ratok<\/strong><\/a>: 3 \u00fatvonal, jegy: ~7 \u20ac<\/li>\n<\/ul>\n<h3>Isztambul h\u00eddjai \u00e9s alag\u00fatjai<\/h3>\n<p>Isztambul k\u00fcl\u00f6nleges domborzat\u00e1t korszer\u0171 infrastrukt\u00far\u00e1val gy\u0151zte le. A h\u00e1rom Boszporuszon \u00e1t\u00edvel\u0151 h\u00edd k\u00f6z\u00fcl az \u00e9szaki a vil\u00e1g legsz\u00e9lesebb vas\u00fati f\u00fcgg\u0151h\u00eddja.<\/p>\n<p>Tov\u00e1bb\u00e1 k\u00e9t v\u00edz alatti alag\u00fat \u2013 az egyik metr\u00f3hoz, a m\u00e1sik k\u00f6z\u00fati forgalomhoz \u2013 kulcsszerepet j\u00e1tszik. Ezek a vil\u00e1g legm\u00e9lyebb v\u00edz alatti alag\u00fatjai k\u00f6z\u00e9 tartoznak.<\/p>\n<p>Ezen k\u00edv\u00fcl 12 \u00fatalag\u00fat \u2013 \u00f6sszesen 145 km \u2013 k\u00f6nny\u00edti a forgalmat. Ezek az \u00e9p\u00edtm\u00e9nyek jelent\u0151sen hozz\u00e1j\u00e1rulnak a v\u00e1ros k\u00f6zleked\u00e9s\u00e9nek g\u00f6rd\u00fcl\u00e9kenys\u00e9g\u00e9hez.<\/p>\n<p><em>Tov\u00e1bbi inform\u00e1ci\u00f3: <\/em><a href=\"https:\/\/www.metro.istanbul\/\"><em>Isztambuli Metr\u00f3 hivatalos weboldala<\/em><\/a><\/p>\n","protected":false},"excerpt":{"rendered":"<p>Teljes \u00fatmutat\u00f3 az isztambuli t\u00f6megk\u00f6zleked\u00e9shez: Tippek turist\u00e1knak El\u0151sz\u00f6r neh\u00e9znek t\u0171nhet eligazodni Isztambulban \u2013 de ne agg\u00f3dj! A v\u00e1ros Eur\u00f3pa egyik legolcs\u00f3bb \u00e9s leghat\u00e9konyabb t\u00f6megk\u00f6zleked\u00e9si rendszer\u00e9vel rendelkezik. Ak\u00e1r a t\u00f6rt\u00e9nelmi Sultanahmet negyedbe, ak\u00e1r a ny\u00fczsg\u0151 Taksim t\u00e9rre tartasz, vagy \u00e9ppen komppal kelsz \u00e1t a kontinensek k\u00f6z\u00f6tt, az isztambuli metr\u00f3, villamos, busz \u00e9s komp mind egyszer\u0171v\u00e9 teszi &#8230; <a title=\"T\u00f6megk\u00f6zleked\u00e9s Isztambulban\" class=\"read-more\" href=\"https:\/\/officialguides.com\/hu\/tomegkozlekedes-isztambulban\/\" aria-label=\"Read more about T\u00f6megk\u00f6zleked\u00e9s Isztambulban\">Olvass tov\u00e1bb<\/a><\/p>\n","protected":false},"author":3,"featured_media":396076,"parent":0,"menu_order":0,"comment_status":"closed","ping_status":"closed","template":"","meta":{"_acf_changed":false,"footnotes":""},"class_list":["post-396259","page","type-page","status-publish","has-post-thumbnail"],"acf":[],"yoast_head":"<!-- This site is optimized with the Yoast SEO plugin v27.4 - https:\/\/yoast.com\/product\/yoast-seo-wordpress\/ -->\n<title>Teljes \u00fatmutat\u00f3 az isztambuli t\u00f6megk\u00f6zleked\u00e9shez turist\u00e1knak | Villamos, metr\u00f3, komp<\/title>\n<meta name=\"description\" content=\"Hogyan k\u00f6zlekedj Isztambulban t\u00f6megk\u00f6zleked\u00e9ssel? Ismerd meg a legfontosabb vonalakat, jegy\u00e1rakat, Istanbulkart, rep\u00fcl\u0151t\u00e9ri transzfereket \u00e9s hasznos tippeket \u2013 mindezt egyetlen \u00fatmutat\u00f3ban!\" \/>\n<meta name=\"robots\" content=\"index, follow, max-snippet:-1, max-image-preview:large, max-video-preview:-1\" \/>\n<link rel=\"canonical\" href=\"https:\/\/officialguides.com\/hu\/tomegkozlekedes-isztambulban\/\" \/>\n<meta property=\"og:locale\" content=\"hu_HU\" \/>\n<meta property=\"og:type\" content=\"article\" \/>\n<meta property=\"og:title\" content=\"Teljes \u00fatmutat\u00f3 az isztambuli t\u00f6megk\u00f6zleked\u00e9shez turist\u00e1knak | Villamos, metr\u00f3, komp\" \/>\n<meta property=\"og:description\" content=\"Hogyan k\u00f6zlekedj Isztambulban t\u00f6megk\u00f6zleked\u00e9ssel? Ismerd meg a legfontosabb vonalakat, jegy\u00e1rakat, Istanbulkart, rep\u00fcl\u0151t\u00e9ri transzfereket \u00e9s hasznos tippeket \u2013 mindezt egyetlen \u00fatmutat\u00f3ban!\" \/>\n<meta property=\"og:url\" content=\"https:\/\/officialguides.com\/hu\/tomegkozlekedes-isztambulban\/\" \/>\n<meta property=\"og:site_name\" content=\"Find Your Private Tour Guide Around The World!\" \/>\n<meta property=\"og:image\" content=\"https:\/\/officialguides.com\/wp-content\/uploads\/2025\/05\/istanbul-public-transportation.jpg\" \/>\n\t<meta property=\"og:image:width\" content=\"1024\" \/>\n\t<meta property=\"og:image:height\" content=\"576\" \/>\n\t<meta property=\"og:image:type\" content=\"image\/jpeg\" \/>\n<meta name=\"twitter:card\" content=\"summary_large_image\" \/>\n<meta name=\"twitter:label1\" content=\"Becs\u00fclt olvas\u00e1si id\u0151\" \/>\n\t<meta name=\"twitter:data1\" content=\"5 perc\" \/>\n<script type=\"application\/ld+json\" class=\"yoast-schema-graph\">{\"@context\":\"https:\\\/\\\/schema.org\",\"@graph\":[{\"@type\":\"WebPage\",\"@id\":\"https:\\\/\\\/officialguides.com\\\/hu\\\/tomegkozlekedes-isztambulban\\\/\",\"url\":\"https:\\\/\\\/officialguides.com\\\/hu\\\/tomegkozlekedes-isztambulban\\\/\",\"name\":\"Teljes \u00fatmutat\u00f3 az isztambuli t\u00f6megk\u00f6zleked\u00e9shez turist\u00e1knak | Villamos, metr\u00f3, komp\",\"isPartOf\":{\"@id\":\"https:\\\/\\\/officialguides.com\\\/hu\\\/#website\"},\"primaryImageOfPage\":{\"@id\":\"https:\\\/\\\/officialguides.com\\\/hu\\\/tomegkozlekedes-isztambulban\\\/#primaryimage\"},\"image\":{\"@id\":\"https:\\\/\\\/officialguides.com\\\/hu\\\/tomegkozlekedes-isztambulban\\\/#primaryimage\"},\"thumbnailUrl\":\"https:\\\/\\\/officialguides.com\\\/wp-content\\\/uploads\\\/2025\\\/05\\\/istanbul-public-transportation.jpg\",\"datePublished\":\"2025-05-28T19:43:38+00:00\",\"description\":\"Hogyan k\u00f6zlekedj Isztambulban t\u00f6megk\u00f6zleked\u00e9ssel? Ismerd meg a legfontosabb vonalakat, jegy\u00e1rakat, Istanbulkart, rep\u00fcl\u0151t\u00e9ri transzfereket \u00e9s hasznos tippeket \u2013 mindezt egyetlen \u00fatmutat\u00f3ban!\",\"breadcrumb\":{\"@id\":\"https:\\\/\\\/officialguides.com\\\/hu\\\/tomegkozlekedes-isztambulban\\\/#breadcrumb\"},\"inLanguage\":\"hu\",\"potentialAction\":[{\"@type\":\"ReadAction\",\"target\":[\"https:\\\/\\\/officialguides.com\\\/hu\\\/tomegkozlekedes-isztambulban\\\/\"]}]},{\"@type\":\"ImageObject\",\"inLanguage\":\"hu\",\"@id\":\"https:\\\/\\\/officialguides.com\\\/hu\\\/tomegkozlekedes-isztambulban\\\/#primaryimage\",\"url\":\"https:\\\/\\\/officialguides.com\\\/wp-content\\\/uploads\\\/2025\\\/05\\\/istanbul-public-transportation.jpg\",\"contentUrl\":\"https:\\\/\\\/officialguides.com\\\/wp-content\\\/uploads\\\/2025\\\/05\\\/istanbul-public-transportation.jpg\",\"width\":1024,\"height\":576,\"caption\":\"T\u00f6megk\u00f6zleked\u00e9s Isztambulban; metr\u00f3, villamos, kompj\u00e1ratok, jegy\u00e1rak, hogyan juthatok el...\"},{\"@type\":\"BreadcrumbList\",\"@id\":\"https:\\\/\\\/officialguides.com\\\/hu\\\/tomegkozlekedes-isztambulban\\\/#breadcrumb\",\"itemListElement\":[{\"@type\":\"ListItem\",\"position\":1,\"name\":\"Home\",\"item\":\"https:\\\/\\\/officialguides.com\\\/hu\\\/\"},{\"@type\":\"ListItem\",\"position\":2,\"name\":\"T\u00f6megk\u00f6zleked\u00e9s Isztambulban\"}]},{\"@type\":\"WebSite\",\"@id\":\"https:\\\/\\\/officialguides.com\\\/hu\\\/#website\",\"url\":\"https:\\\/\\\/officialguides.com\\\/hu\\\/\",\"name\":\"Official Tour Guides Around The World! Istanbul, Paris, Rome, Dubai...\",\"description\":\"Explore cities and popular destinations with professional, official, certified tour guides\",\"alternateName\":\"Official Guides\",\"potentialAction\":[{\"@type\":\"SearchAction\",\"target\":{\"@type\":\"EntryPoint\",\"urlTemplate\":\"https:\\\/\\\/officialguides.com\\\/hu\\\/?s={search_term_string}\"},\"query-input\":{\"@type\":\"PropertyValueSpecification\",\"valueRequired\":true,\"valueName\":\"search_term_string\"}}],\"inLanguage\":\"hu\"}]}<\/script>\n<!-- \/ Yoast SEO plugin. -->","yoast_head_json":{"title":"Teljes \u00fatmutat\u00f3 az isztambuli t\u00f6megk\u00f6zleked\u00e9shez turist\u00e1knak | Villamos, metr\u00f3, komp","description":"Hogyan k\u00f6zlekedj Isztambulban t\u00f6megk\u00f6zleked\u00e9ssel? Ismerd meg a legfontosabb vonalakat, jegy\u00e1rakat, Istanbulkart, rep\u00fcl\u0151t\u00e9ri transzfereket \u00e9s hasznos tippeket \u2013 mindezt egyetlen \u00fatmutat\u00f3ban!","robots":{"index":"index","follow":"follow","max-snippet":"max-snippet:-1","max-image-preview":"max-image-preview:large","max-video-preview":"max-video-preview:-1"},"canonical":"https:\/\/officialguides.com\/hu\/tomegkozlekedes-isztambulban\/","og_locale":"hu_HU","og_type":"article","og_title":"Teljes \u00fatmutat\u00f3 az isztambuli t\u00f6megk\u00f6zleked\u00e9shez turist\u00e1knak | Villamos, metr\u00f3, komp","og_description":"Hogyan k\u00f6zlekedj Isztambulban t\u00f6megk\u00f6zleked\u00e9ssel? Ismerd meg a legfontosabb vonalakat, jegy\u00e1rakat, Istanbulkart, rep\u00fcl\u0151t\u00e9ri transzfereket \u00e9s hasznos tippeket \u2013 mindezt egyetlen \u00fatmutat\u00f3ban!","og_url":"https:\/\/officialguides.com\/hu\/tomegkozlekedes-isztambulban\/","og_site_name":"Find Your Private Tour Guide Around The World!","og_image":[{"width":1024,"height":576,"url":"https:\/\/officialguides.com\/wp-content\/uploads\/2025\/05\/istanbul-public-transportation.jpg","type":"image\/jpeg"}],"twitter_card":"summary_large_image","twitter_misc":{"Becs\u00fclt olvas\u00e1si id\u0151":"5 perc"},"schema":{"@context":"https:\/\/schema.org","@graph":[{"@type":"WebPage","@id":"https:\/\/officialguides.com\/hu\/tomegkozlekedes-isztambulban\/","url":"https:\/\/officialguides.com\/hu\/tomegkozlekedes-isztambulban\/","name":"Teljes \u00fatmutat\u00f3 az isztambuli t\u00f6megk\u00f6zleked\u00e9shez turist\u00e1knak | Villamos, metr\u00f3, komp","isPartOf":{"@id":"https:\/\/officialguides.com\/hu\/#website"},"primaryImageOfPage":{"@id":"https:\/\/officialguides.com\/hu\/tomegkozlekedes-isztambulban\/#primaryimage"},"image":{"@id":"https:\/\/officialguides.com\/hu\/tomegkozlekedes-isztambulban\/#primaryimage"},"thumbnailUrl":"https:\/\/officialguides.com\/wp-content\/uploads\/2025\/05\/istanbul-public-transportation.jpg","datePublished":"2025-05-28T19:43:38+00:00","description":"Hogyan k\u00f6zlekedj Isztambulban t\u00f6megk\u00f6zleked\u00e9ssel? Ismerd meg a legfontosabb vonalakat, jegy\u00e1rakat, Istanbulkart, rep\u00fcl\u0151t\u00e9ri transzfereket \u00e9s hasznos tippeket \u2013 mindezt egyetlen \u00fatmutat\u00f3ban!","breadcrumb":{"@id":"https:\/\/officialguides.com\/hu\/tomegkozlekedes-isztambulban\/#breadcrumb"},"inLanguage":"hu","potentialAction":[{"@type":"ReadAction","target":["https:\/\/officialguides.com\/hu\/tomegkozlekedes-isztambulban\/"]}]},{"@type":"ImageObject","inLanguage":"hu","@id":"https:\/\/officialguides.com\/hu\/tomegkozlekedes-isztambulban\/#primaryimage","url":"https:\/\/officialguides.com\/wp-content\/uploads\/2025\/05\/istanbul-public-transportation.jpg","contentUrl":"https:\/\/officialguides.com\/wp-content\/uploads\/2025\/05\/istanbul-public-transportation.jpg","width":1024,"height":576,"caption":"T\u00f6megk\u00f6zleked\u00e9s Isztambulban; metr\u00f3, villamos, kompj\u00e1ratok, jegy\u00e1rak, hogyan juthatok el..."},{"@type":"BreadcrumbList","@id":"https:\/\/officialguides.com\/hu\/tomegkozlekedes-isztambulban\/#breadcrumb","itemListElement":[{"@type":"ListItem","position":1,"name":"Home","item":"https:\/\/officialguides.com\/hu\/"},{"@type":"ListItem","position":2,"name":"T\u00f6megk\u00f6zleked\u00e9s Isztambulban"}]},{"@type":"WebSite","@id":"https:\/\/officialguides.com\/hu\/#website","url":"https:\/\/officialguides.com\/hu\/","name":"Official Tour Guides Around The World! Istanbul, Paris, Rome, Dubai...","description":"Explore cities and popular destinations with professional, official, certified tour guides","alternateName":"Official Guides","potentialAction":[{"@type":"SearchAction","target":{"@type":"EntryPoint","urlTemplate":"https:\/\/officialguides.com\/hu\/?s={search_term_string}"},"query-input":{"@type":"PropertyValueSpecification","valueRequired":true,"valueName":"search_term_string"}}],"inLanguage":"hu"}]}},"_links":{"self":[{"href":"https:\/\/officialguides.com\/hu\/wp-json\/wp\/v2\/pages\/396259","targetHints":{"allow":["GET"]}}],"collection":[{"href":"https:\/\/officialguides.com\/hu\/wp-json\/wp\/v2\/pages"}],"about":[{"href":"https:\/\/officialguides.com\/hu\/wp-json\/wp\/v2\/types\/page"}],"author":[{"embeddable":true,"href":"https:\/\/officialguides.com\/hu\/wp-json\/wp\/v2\/users\/3"}],"replies":[{"embeddable":true,"href":"https:\/\/officialguides.com\/hu\/wp-json\/wp\/v2\/comments?post=396259"}],"version-history":[{"count":0,"href":"https:\/\/officialguides.com\/hu\/wp-json\/wp\/v2\/pages\/396259\/revisions"}],"wp:featuredmedia":[{"embeddable":true,"href":"https:\/\/officialguides.com\/hu\/wp-json\/wp\/v2\/media\/396076"}],"wp:attachment":[{"href":"https:\/\/officialguides.com\/hu\/wp-json\/wp\/v2\/media?parent=396259"}],"curies":[{"name":"wp","href":"https:\/\/api.w.org\/{rel}","templated":true}]}}