{"id":394742,"date":"2025-04-18T18:25:34","date_gmt":"2025-04-18T15:25:34","guid":{"rendered":"https:\/\/officialguides.com\/egeszsegturizmus\/"},"modified":"2025-04-18T18:25:34","modified_gmt":"2025-04-18T15:25:34","slug":"egeszsegturizmus","status":"publish","type":"page","link":"https:\/\/officialguides.com\/hu\/egeszsegturizmus\/","title":{"rendered":"Eg\u00e9szs\u00e9gturizmus"},"content":{"rendered":"<h2 class=\"\" data-start=\"430\" data-end=\"465\">\ud83c\udf0d Nemzetk\u00f6zi Eg\u00e9szs\u00e9gturizmus<\/h2>\n<p class=\"\" data-start=\"466\" data-end=\"580\"><strong data-start=\"466\" data-end=\"580\">Fedezze fel a legmegb\u00edzhat\u00f3bb eg\u00e9szs\u00e9gturisztikai \u00fati c\u00e9lokat hiteles inform\u00e1ci\u00f3kkal \u00e9s kultur\u00e1lis \u00e9lm\u00e9nyekkel<\/strong><\/p>\n<p class=\"\" data-start=\"582\" data-end=\"798\">\u00dcdv\u00f6z\u00f6lj\u00fck egy olyan platformon, amelyet a vil\u00e1g legelismertebb <strong data-start=\"646\" data-end=\"680\">eg\u00e9szs\u00e9gturizmusra szakosodott<\/strong> \u00fati c\u00e9ljainak bemutat\u00e1s\u00e1ra hoztunk l\u00e9tre \u2013 ahol fejlett orvosi ell\u00e1t\u00e1s tal\u00e1lkozik gazdag kultur\u00e1lis tapasztalatokkal.<\/p>\n<p class=\"\" data-start=\"800\" data-end=\"1114\">A <strong data-start=\"802\" data-end=\"824\">officialguides.com<\/strong> weboldalon <strong data-start=\"836\" data-end=\"896\">nemzetk\u00f6zi p\u00e1cienseket fogad\u00f3 klinik\u00e1kr\u00f3l \u00e9s k\u00f3rh\u00e1zakr\u00f3l<\/strong> ny\u00fajtunk t\u00e1j\u00e9koztat\u00f3 jelleg\u0171 inform\u00e1ci\u00f3kat. Nem ny\u00fajtunk k\u00f6zvetlen orvosi szolg\u00e1ltat\u00e1sokat, de seg\u00edt\u00fcnk megb\u00edzhat\u00f3 int\u00e9zm\u00e9nyeket tal\u00e1lni k\u00fclf\u00f6ld\u00f6n, \u00e9s \u00e9lm\u00e9nyd\u00fas utaz\u00e1st szervezni kultur\u00e1lis lehet\u0151s\u00e9gekkel kieg\u00e9sz\u00edtve.<\/p>\n<hr class=\"\" data-start=\"1116\" data-end=\"1119\" \/>\n<h3 class=\"\" data-start=\"1121\" data-end=\"1178\">Mi\u00e9rt \u00c9rdemes Eg\u00e9szs\u00e9gturisztikai Utaz\u00e1st V\u00e1lasztani?<\/h3>\n<p class=\"\" data-start=\"1180\" data-end=\"1260\">Vil\u00e1gszerte milli\u00f3k v\u00e1lasztj\u00e1k a k\u00fclf\u00f6ldi gy\u00f3gykezel\u00e9seket az al\u00e1bbi okok miatt:<\/p>\n<ul>\n<li data-start=\"1264\" data-end=\"1328\">\ud83c\udfe5 Hozz\u00e1f\u00e9r\u00e9s akkredit\u00e1lt klinik\u00e1khoz \u00e9s tapasztalt orvosokhoz<\/li>\n<li data-start=\"1331\" data-end=\"1388\">\ud83d\udcb0 Kedvez\u0151bb kezel\u00e9si k\u00f6lts\u00e9gek, mint a saj\u00e1t orsz\u00e1gban<\/li>\n<li data-start=\"1391\" data-end=\"1420\">\ud83d\udcc6 R\u00f6videbb v\u00e1rakoz\u00e1si id\u0151k<\/li>\n<li data-start=\"1423\" data-end=\"1475\">\u2708\ufe0f Lehet\u0151s\u00e9g gy\u00f3gykezel\u00e9st \u00e9s nyaral\u00e1st kombin\u00e1lni<\/li>\n<li data-start=\"1478\" data-end=\"1518\">\ud83d\udcac T\u00f6bbnyelv\u0171, p\u00e1ciensbar\u00e1t szem\u00e9lyzet<\/li>\n<\/ul>\n<p class=\"\" data-start=\"1520\" data-end=\"1626\">Seg\u00edt\u00fcnk felfedezni olyan <strong data-start=\"1546\" data-end=\"1626\">orsz\u00e1gokat, amelyek h\u00edresek az orvosi sz\u00ednvonalukr\u00f3l \u00e9s vend\u00e9gszeretet\u00fckr\u0151l.<\/strong><\/p>\n<hr class=\"\" data-start=\"1628\" data-end=\"1631\" \/>\n<h3 class=\"\" data-start=\"1633\" data-end=\"1679\">Milyen T\u00edpus\u00fa Kezel\u00e9sek a Legn\u00e9pszer\u0171bbek?<\/h3>\n<p class=\"\" data-start=\"1681\" data-end=\"1748\">Az al\u00e1bbi kezel\u00e9seket keresik leggyakrabban a nemzetk\u00f6zi p\u00e1ciensek:<\/p>\n<ul>\n<li data-start=\"1752\" data-end=\"1818\">\u2705 <strong data-start=\"1754\" data-end=\"1777\">Fog\u00e1szati kezel\u00e9sek<\/strong> (implant\u00e1tumok, h\u00e9jak, mosolytervez\u00e9s)<\/li>\n<li data-start=\"1821\" data-end=\"1862\">\u2705 <strong data-start=\"1823\" data-end=\"1860\">Eszt\u00e9tikai \u00e9s plasztikai seb\u00e9szet<\/strong><\/li>\n<li data-start=\"1865\" data-end=\"1885\">\u2705 <strong data-start=\"1867\" data-end=\"1883\">Hajbe\u00fcltet\u00e9s<\/strong><\/li>\n<li data-start=\"1888\" data-end=\"1921\">\u2705 <strong data-start=\"1890\" data-end=\"1919\">Medd\u0151s\u00e9gi kezel\u00e9sek (IVF)<\/strong><\/li>\n<li data-start=\"1924\" data-end=\"1969\">\u2705 <strong data-start=\"1926\" data-end=\"1967\">Ortop\u00e9diai \u00e9s gerincseb\u00e9szeti m\u0171t\u00e9tek<\/strong><\/li>\n<li data-start=\"1972\" data-end=\"2013\">\u2705 <strong data-start=\"1974\" data-end=\"2011\">L\u00e9zeres l\u00e1t\u00e1sjav\u00edt\u00e1s \u00e9s szem\u00e9szet<\/strong><\/li>\n<li data-start=\"2016\" data-end=\"2078\">\u2705 <strong data-start=\"2018\" data-end=\"2078\">Wellness programok, rehabilit\u00e1ci\u00f3 \u00e9s anti-aging ter\u00e1pi\u00e1k<\/strong><\/li>\n<\/ul>\n<p class=\"\" data-start=\"2080\" data-end=\"2240\">\ud83d\udccc <em data-start=\"2083\" data-end=\"2240\">K\u00e9rj\u00fck, vegye figyelembe, hogy nem adunk orvosi tan\u00e1csot, \u00e9s nem v\u00e1llalunk garanci\u00e1t kezel\u00e9si eredm\u00e9nyekre. Az inform\u00e1ci\u00f3k kiz\u00e1r\u00f3lag t\u00e1j\u00e9koztat\u00f3 jelleg\u0171ek.<\/em><\/p>\n<hr class=\"\" data-start=\"2242\" data-end=\"2245\" \/>\n<h3 class=\"\" data-start=\"2247\" data-end=\"2289\">Aj\u00e1nlott Eg\u00e9szs\u00e9gturisztikai \u00dati C\u00e9lok<\/h3>\n<p class=\"\" data-start=\"2291\" data-end=\"2425\">Az al\u00e1bbi orsz\u00e1gokat mutatjuk be platformunkon, mivel elismerten kiemelked\u0151 szolg\u00e1ltat\u00e1sokat ny\u00fajtanak a nemzetk\u00f6zi p\u00e1ciensek sz\u00e1m\u00e1ra:<\/p>\n<ul>\n<li data-start=\"2429\" data-end=\"2616\">\ud83c\uddf9\ud83c\uddf7 <strong data-start=\"2434\" data-end=\"2449\">T\u00f6r\u00f6korsz\u00e1g<\/strong> \u2013 eszt\u00e9tikai fog\u00e1szat, plasztikai seb\u00e9szet, szem\u00e9szet, szerv\u00e1t\u00fcltet\u00e9s, onkol\u00f3gia, sz\u00edvseb\u00e9szet, ortop\u00e9diai seb\u00e9szet \u00e9s mesters\u00e9ges megterm\u00e9keny\u00edt\u00e9si (IVF) kezel\u00e9sek<\/li>\n<li data-start=\"2619\" data-end=\"2680\">\ud83c\udded\ud83c\uddfa <strong data-start=\"2624\" data-end=\"2640\">Magyarorsz\u00e1g<\/strong> \u2013 kozmetikai fog\u00e1szat, fogszab\u00e1lyoz\u00e1s<\/li>\n<li data-start=\"2683\" data-end=\"2755\">\ud83c\udded\ud83c\uddf7 <strong data-start=\"2688\" data-end=\"2704\">Horv\u00e1torsz\u00e1g<\/strong> \u2013 fog\u00e1szati kezel\u00e9sek, wellness \u00e9s rehabilit\u00e1ci\u00f3<\/li>\n<li data-start=\"2758\" data-end=\"2822\">\ud83c\uddf2\ud83c\uddfd <strong data-start=\"2763\" data-end=\"2773\">Mexik\u00f3<\/strong> \u2013 bari\u00e1triai seb\u00e9szet, term\u00e9kenys\u00e9gi kezel\u00e9sek<\/li>\n<li data-start=\"2825\" data-end=\"2896\">\ud83c\uddea\ud83c\uddf8 <strong data-start=\"2830\" data-end=\"2847\">Spanyolorsz\u00e1g<\/strong> \u2013 plasztikai seb\u00e9szet, \u00f6reged\u00e9sg\u00e1tl\u00f3 programok<\/li>\n<li data-start=\"2899\" data-end=\"2958\">\ud83c\uddf9\ud83c\udded <strong data-start=\"2904\" data-end=\"2916\">Thaif\u00f6ld<\/strong> \u2013 gy\u00f3gyf\u00fcrd\u0151k, kozmetikai beavatkoz\u00e1sok<\/li>\n<li data-start=\"2961\" data-end=\"3030\">\ud83c\uddf0\ud83c\uddf7 <strong data-start=\"2966\" data-end=\"2979\">D\u00e9l-Korea<\/strong> \u2013 b\u0151rgy\u00f3gy\u00e1szat, fejlett arceszt\u00e9tikai kezel\u00e9sek<\/li>\n<li data-start=\"3033\" data-end=\"3095\">\ud83c\uddee\ud83c\uddf3 <strong data-start=\"3038\" data-end=\"3047\">India<\/strong> \u2013 ortop\u00e9dia, sz\u00edvseb\u00e9szet, ayurv\u00e9dikus ter\u00e1pi\u00e1k<\/li>\n<\/ul>\n<p class=\"\" data-start=\"3097\" data-end=\"3183\">Minden bemutatott int\u00e9zm\u00e9ny <strong data-start=\"3125\" data-end=\"3146\">f\u00fcggetlen klinika<\/strong>, amely nemzetk\u00f6zi p\u00e1cienseket fogad.<\/p>\n<hr class=\"\" data-start=\"3185\" data-end=\"3188\" \/>\n<h3 class=\"\" data-start=\"3190\" data-end=\"3244\">Eg\u00e9sz\u00edtse Ki Gy\u00f3gykezel\u00e9s\u00e9t Kultur\u00e1lis \u00c9lm\u00e9nyekkel<\/h3>\n<p class=\"\" data-start=\"3246\" data-end=\"3539\">Az eg\u00e9szs\u00e9gturisztikai inform\u00e1ci\u00f3kon t\u00fal <strong data-start=\"3287\" data-end=\"3330\">enged\u00e9llyel rendelkez\u0151 idegenvezet\u0151kkel<\/strong> is kapcsolatba hozunk k\u00fcl\u00f6nb\u00f6z\u0151 \u00fati c\u00e9lokban.<br data-start=\"3376\" data-end=\"3379\" \/>Legyen sz\u00f3 egy isztambuli t\u00f6rt\u00e9nelmi s\u00e9t\u00e1r\u00f3l, spanyolorsz\u00e1gi bork\u00f3stol\u00f3r\u00f3l vagy egy dunai panor\u00e1mat\u00far\u00e1r\u00f3l \u2013 a gy\u00f3gyul\u00e1si id\u0151szak \u00e9rt\u00e9kes r\u00e9sze lehet utaz\u00e1s\u00e1nak.<\/p>\n<blockquote data-start=\"3541\" data-end=\"3641\">\n<p class=\"\" data-start=\"3543\" data-end=\"3641\">\ud83c\udfa7 <em data-start=\"3546\" data-end=\"3641\">A priv\u00e1t t\u00far\u00e1k opcion\u00e1lisak, \u00e9s megb\u00edzhat\u00f3, hivatalos idegenvezet\u0151k\u00f6n kereszt\u00fcl szervezhet\u0151k.<\/em><\/p>\n<\/blockquote>\n<hr class=\"\" data-start=\"3643\" data-end=\"3646\" \/>\n<h3 class=\"\" data-start=\"3648\" data-end=\"3683\">F\u00fcggetlen, T\u00e1j\u00e9koztat\u00f3 Platform<\/h3>\n<ul>\n<li data-start=\"3687\" data-end=\"3752\">\u2757 <strong data-start=\"3689\" data-end=\"3750\">Nem aj\u00e1nlunk konkr\u00e9t orvosi kezel\u00e9seket vagy elj\u00e1r\u00e1sokat.<\/strong><\/li>\n<li data-start=\"3755\" data-end=\"3858\">\ud83c\udfe5 A klinika, az orvos \u00e9s a kezel\u00e9si m\u00f3dszer kiv\u00e1laszt\u00e1sa teljes m\u00e9rt\u00e9kben a felhaszn\u00e1l\u00f3 felel\u0151ss\u00e9ge.<\/li>\n<li data-start=\"3861\" data-end=\"3929\">\ud83d\udcd1 Az itt szerepl\u0151 inform\u00e1ci\u00f3k \u00e1ltal\u00e1nos t\u00e1j\u00e9koztat\u00e1st szolg\u00e1lnak.<\/li>\n<li data-start=\"3932\" data-end=\"4039\">\ud83d\udee1\ufe0f <strong data-start=\"3936\" data-end=\"4039\">Nem v\u00e1llalunk felel\u0151ss\u00e9get az orvosi kezel\u00e9sek vagy harmadik felek szolg\u00e1ltat\u00e1sainak eredm\u00e9nyei\u00e9rt.<\/strong><\/li>\n<\/ul>\n<hr class=\"\" data-start=\"4041\" data-end=\"4044\" \/>\n<h3 class=\"\" data-start=\"4046\" data-end=\"4075\">\u2709\ufe0f K\u00e9szen \u00c1ll a Kezd\u00e9sre?<\/h3>\n<p class=\"\" data-start=\"4077\" data-end=\"4255\">Ha eg\u00e9szs\u00e9gturisztikai utaz\u00e1son gondolkodik, \u00e9s szeretne t\u00f6bbet megtudni az el\u00e9rhet\u0151 \u00fati c\u00e9lokr\u00f3l, klinik\u00e1kr\u00f3l vagy kultur\u00e1lis programokr\u00f3l, l\u00e9pjen vel\u00fcnk kapcsolatba bizalommal.<\/p>\n<p class=\"\" data-start=\"4257\" data-end=\"4371\">\ud83d\udc49 <span style=\"text-decoration: underline;\"><strong data-start=\"4260\" data-end=\"4294\">L\u00c9PJEN KAPCSOLATBA VEL\u00dcNK MOST<\/strong><\/span> egy \u00e1tfog\u00f3 t\u00e1j\u00e9koztat\u00e1s\u00e9rt a kezel\u00e9si lehet\u0151s\u00e9gekr\u0151l \u00e9s a vezetett t\u00far\u00e1kr\u00f3l.<\/p>\n<p data-start=\"4257\" data-end=\"4371\"><div class=\"wpforms-container wpforms-container-full\" id=\"wpforms-4263\"><form id=\"wpforms-form-4263\" class=\"wpforms-validate wpforms-form\" data-formid=\"4263\" method=\"post\" enctype=\"multipart\/form-data\" action=\"\/hu\/wp-json\/wp\/v2\/pages\/394742\" data-token=\"e55905b6665478818f3198ba995420eb\" data-token-time=\"1777278843\"><noscript class=\"wpforms-error-noscript\">Please enable JavaScript in your browser to complete this form.<\/noscript><div class=\"wpforms-field-container\"><div id=\"wpforms-4263-field_0-container\" class=\"wpforms-field wpforms-field-name\" data-field-id=\"0\"><label class=\"wpforms-field-label\">Name <span class=\"wpforms-required-label\">*<\/span><\/label><div class=\"wpforms-field-row wpforms-field-medium\"><div class=\"wpforms-field-row-block wpforms-first wpforms-one-half\"><input type=\"text\" id=\"wpforms-4263-field_0\" class=\"wpforms-field-name-first wpforms-field-required\" name=\"wpforms[fields][0][first]\" required><label for=\"wpforms-4263-field_0\" class=\"wpforms-field-sublabel after\">First<\/label><\/div><div class=\"wpforms-field-row-block wpforms-one-half\"><input type=\"text\" id=\"wpforms-4263-field_0-last\" class=\"wpforms-field-name-last wpforms-field-required\" name=\"wpforms[fields][0][last]\" required><label for=\"wpforms-4263-field_0-last\" class=\"wpforms-field-sublabel after\">Last<\/label><\/div><\/div><\/div><div id=\"wpforms-4263-field_1-container\" class=\"wpforms-field wpforms-field-email\" data-field-id=\"1\"><label class=\"wpforms-field-label\" for=\"wpforms-4263-field_1\">Email <span class=\"wpforms-required-label\">*<\/span><\/label><input type=\"email\" id=\"wpforms-4263-field_1\" class=\"wpforms-field-medium wpforms-field-required\" name=\"wpforms[fields][1]\" spellcheck=\"false\" required><\/div><div id=\"wpforms-4263-field_4-container\" class=\"wpforms-field wpforms-field-phone\" data-field-id=\"4\"><label class=\"wpforms-field-label\" for=\"wpforms-4263-field_4\">Mobile Phone<\/label><input type=\"tel\" id=\"wpforms-4263-field_4\" class=\"wpforms-field-medium wpforms-smart-phone-field\" data-rule-smart-phone-field=\"true\" name=\"wpforms[fields][4]\" aria-label=\"Mobile Phone\" ><\/div><div id=\"wpforms-4263-field_2-container\" class=\"wpforms-field wpforms-field-textarea\" data-field-id=\"2\"><label class=\"wpforms-field-label\" for=\"wpforms-4263-field_2\">Comment or Message <span class=\"wpforms-required-label\">*<\/span><\/label><textarea id=\"wpforms-4263-field_2\" class=\"wpforms-field-medium wpforms-field-required\" name=\"wpforms[fields][2]\" required><\/textarea><\/div><\/div><!-- .wpforms-field-container --><div class=\"wpforms-field wpforms-field-hp\"><label for=\"wpforms-4263-field-hp\" class=\"wpforms-field-label\">Email<\/label><input type=\"text\" name=\"wpforms[hp]\" id=\"wpforms-4263-field-hp\" class=\"wpforms-field-medium\"><\/div><div class=\"wpforms-recaptcha-container wpforms-is-recaptcha wpforms-is-recaptcha-type-v2\" ><div class=\"g-recaptcha\" data-sitekey=\"6LcUi_IZAAAAAPZECIskiqveM1KET8SQPPj592eW\"><\/div><input type=\"text\" name=\"g-recaptcha-hidden\" class=\"wpforms-recaptcha-hidden\" style=\"position:absolute!important;clip:rect(0,0,0,0)!important;height:1px!important;width:1px!important;border:0!important;overflow:hidden!important;padding:0!important;margin:0!important;\" data-rule-recaptcha=\"1\"><\/div><div class=\"wpforms-submit-container\" ><input type=\"hidden\" name=\"wpforms[id]\" value=\"4263\"><input type=\"hidden\" name=\"page_title\" value=\"\"><input type=\"hidden\" name=\"page_url\" value=\"https:\/\/officialguides.com\/hu\/wp-json\/wp\/v2\/pages\/394742\"><input type=\"hidden\" name=\"url_referer\" value=\"\"><button type=\"submit\" name=\"wpforms[submit]\" id=\"wpforms-submit-4263\" class=\"wpforms-submit\" data-alt-text=\"Sending...\" data-submit-text=\"Submit\" aria-live=\"assertive\" value=\"wpforms-submit\">Submit<\/button><\/div><\/form><\/div>  <!-- .wpforms-container --><\/p>\n","protected":false},"excerpt":{"rendered":"<p>\ud83c\udf0d Nemzetk\u00f6zi Eg\u00e9szs\u00e9gturizmus Fedezze fel a legmegb\u00edzhat\u00f3bb eg\u00e9szs\u00e9gturisztikai \u00fati c\u00e9lokat hiteles inform\u00e1ci\u00f3kkal \u00e9s kultur\u00e1lis \u00e9lm\u00e9nyekkel \u00dcdv\u00f6z\u00f6lj\u00fck egy olyan platformon, amelyet a vil\u00e1g legelismertebb eg\u00e9szs\u00e9gturizmusra szakosodott \u00fati c\u00e9ljainak bemutat\u00e1s\u00e1ra hoztunk l\u00e9tre \u2013 ahol fejlett orvosi ell\u00e1t\u00e1s tal\u00e1lkozik gazdag kultur\u00e1lis tapasztalatokkal. A officialguides.com weboldalon nemzetk\u00f6zi p\u00e1cienseket fogad\u00f3 klinik\u00e1kr\u00f3l \u00e9s k\u00f3rh\u00e1zakr\u00f3l ny\u00fajtunk t\u00e1j\u00e9koztat\u00f3 jelleg\u0171 inform\u00e1ci\u00f3kat. Nem ny\u00fajtunk k\u00f6zvetlen &#8230; <a title=\"Eg\u00e9szs\u00e9gturizmus\" class=\"read-more\" href=\"https:\/\/officialguides.com\/hu\/egeszsegturizmus\/\" aria-label=\"Read more about Eg\u00e9szs\u00e9gturizmus\">Olvass tov\u00e1bb<\/a><\/p>\n","protected":false},"author":3,"featured_media":394717,"parent":0,"menu_order":0,"comment_status":"closed","ping_status":"closed","template":"","meta":{"_acf_changed":false,"footnotes":""},"class_list":["post-394742","page","type-page","status-publish","has-post-thumbnail"],"acf":[],"yoast_head":"<!-- This site is optimized with the Yoast SEO plugin v27.4 - https:\/\/yoast.com\/product\/yoast-seo-wordpress\/ -->\n<title>Nemzetk\u00f6zi Eg\u00e9szs\u00e9gturizmus \u2013 Megb\u00edzhat\u00f3 Klinik\u00e1k \u00e9s Kultur\u00e1lis \u00c9lm\u00e9nyek<\/title>\n<meta name=\"description\" content=\"Fedezze fel a turizmus az eg\u00e9szs\u00e9g\u00e9rt legjobb \u00fati c\u00e9ljait vil\u00e1gszerte. Hasonl\u00edtsa \u00f6ssze a nemzetk\u00f6zi klinik\u00e1kat \u00e9s kombin\u00e1lja a kezel\u00e9st helyi \u00e9lm\u00e9nyekkel.\" \/>\n<meta name=\"robots\" content=\"index, follow, max-snippet:-1, max-image-preview:large, max-video-preview:-1\" \/>\n<link rel=\"canonical\" href=\"https:\/\/officialguides.com\/hu\/egeszsegturizmus\/\" \/>\n<meta property=\"og:locale\" content=\"hu_HU\" \/>\n<meta property=\"og:type\" content=\"article\" \/>\n<meta property=\"og:title\" content=\"Nemzetk\u00f6zi Eg\u00e9szs\u00e9gturizmus \u2013 Megb\u00edzhat\u00f3 Klinik\u00e1k \u00e9s Kultur\u00e1lis \u00c9lm\u00e9nyek\" \/>\n<meta property=\"og:description\" content=\"Fedezze fel a turizmus az eg\u00e9szs\u00e9g\u00e9rt legjobb \u00fati c\u00e9ljait vil\u00e1gszerte. Hasonl\u00edtsa \u00f6ssze a nemzetk\u00f6zi klinik\u00e1kat \u00e9s kombin\u00e1lja a kezel\u00e9st helyi \u00e9lm\u00e9nyekkel.\" \/>\n<meta property=\"og:url\" content=\"https:\/\/officialguides.com\/hu\/egeszsegturizmus\/\" \/>\n<meta property=\"og:site_name\" content=\"Find Your Private Tour Guide Around The World!\" \/>\n<meta property=\"og:image\" content=\"https:\/\/officialguides.com\/wp-content\/uploads\/2025\/04\/medical-tourism.jpg\" \/>\n\t<meta property=\"og:image:width\" content=\"1023\" \/>\n\t<meta property=\"og:image:height\" content=\"373\" \/>\n\t<meta property=\"og:image:type\" content=\"image\/jpeg\" \/>\n<meta name=\"twitter:card\" content=\"summary_large_image\" \/>\n<meta name=\"twitter:label1\" content=\"Becs\u00fclt olvas\u00e1si id\u0151\" \/>\n\t<meta name=\"twitter:data1\" content=\"4 perc\" \/>\n<script type=\"application\/ld+json\" class=\"yoast-schema-graph\">{\"@context\":\"https:\\\/\\\/schema.org\",\"@graph\":[{\"@type\":\"WebPage\",\"@id\":\"https:\\\/\\\/officialguides.com\\\/hu\\\/egeszsegturizmus\\\/\",\"url\":\"https:\\\/\\\/officialguides.com\\\/hu\\\/egeszsegturizmus\\\/\",\"name\":\"Nemzetk\u00f6zi Eg\u00e9szs\u00e9gturizmus \u2013 Megb\u00edzhat\u00f3 Klinik\u00e1k \u00e9s Kultur\u00e1lis \u00c9lm\u00e9nyek\",\"isPartOf\":{\"@id\":\"https:\\\/\\\/officialguides.com\\\/hu\\\/#website\"},\"primaryImageOfPage\":{\"@id\":\"https:\\\/\\\/officialguides.com\\\/hu\\\/egeszsegturizmus\\\/#primaryimage\"},\"image\":{\"@id\":\"https:\\\/\\\/officialguides.com\\\/hu\\\/egeszsegturizmus\\\/#primaryimage\"},\"thumbnailUrl\":\"https:\\\/\\\/officialguides.com\\\/wp-content\\\/uploads\\\/2025\\\/04\\\/medical-tourism.jpg\",\"datePublished\":\"2025-04-18T15:25:34+00:00\",\"description\":\"Fedezze fel a turizmus az eg\u00e9szs\u00e9g\u00e9rt legjobb \u00fati c\u00e9ljait vil\u00e1gszerte. Hasonl\u00edtsa \u00f6ssze a nemzetk\u00f6zi klinik\u00e1kat \u00e9s kombin\u00e1lja a kezel\u00e9st helyi \u00e9lm\u00e9nyekkel.\",\"breadcrumb\":{\"@id\":\"https:\\\/\\\/officialguides.com\\\/hu\\\/egeszsegturizmus\\\/#breadcrumb\"},\"inLanguage\":\"hu\",\"potentialAction\":[{\"@type\":\"ReadAction\",\"target\":[\"https:\\\/\\\/officialguides.com\\\/hu\\\/egeszsegturizmus\\\/\"]}]},{\"@type\":\"ImageObject\",\"inLanguage\":\"hu\",\"@id\":\"https:\\\/\\\/officialguides.com\\\/hu\\\/egeszsegturizmus\\\/#primaryimage\",\"url\":\"https:\\\/\\\/officialguides.com\\\/wp-content\\\/uploads\\\/2025\\\/04\\\/medical-tourism.jpg\",\"contentUrl\":\"https:\\\/\\\/officialguides.com\\\/wp-content\\\/uploads\\\/2025\\\/04\\\/medical-tourism.jpg\",\"width\":1023,\"height\":373,\"caption\":\"K\u00fclf\u00f6ldi beteg, aki gy\u00f3gykezel\u00e9s k\u00f6zben kultur\u00e1lis inform\u00e1ci\u00f3kat olvas\"},{\"@type\":\"BreadcrumbList\",\"@id\":\"https:\\\/\\\/officialguides.com\\\/hu\\\/egeszsegturizmus\\\/#breadcrumb\",\"itemListElement\":[{\"@type\":\"ListItem\",\"position\":1,\"name\":\"Home\",\"item\":\"https:\\\/\\\/officialguides.com\\\/hu\\\/\"},{\"@type\":\"ListItem\",\"position\":2,\"name\":\"Eg\u00e9szs\u00e9gturizmus\"}]},{\"@type\":\"WebSite\",\"@id\":\"https:\\\/\\\/officialguides.com\\\/hu\\\/#website\",\"url\":\"https:\\\/\\\/officialguides.com\\\/hu\\\/\",\"name\":\"Official Tour Guides Around The World! Istanbul, Paris, Rome, Dubai...\",\"description\":\"Explore cities and popular destinations with professional, official, certified tour guides\",\"alternateName\":\"Official Guides\",\"potentialAction\":[{\"@type\":\"SearchAction\",\"target\":{\"@type\":\"EntryPoint\",\"urlTemplate\":\"https:\\\/\\\/officialguides.com\\\/hu\\\/?s={search_term_string}\"},\"query-input\":{\"@type\":\"PropertyValueSpecification\",\"valueRequired\":true,\"valueName\":\"search_term_string\"}}],\"inLanguage\":\"hu\"}]}<\/script>\n<!-- \/ Yoast SEO plugin. -->","yoast_head_json":{"title":"Nemzetk\u00f6zi Eg\u00e9szs\u00e9gturizmus \u2013 Megb\u00edzhat\u00f3 Klinik\u00e1k \u00e9s Kultur\u00e1lis \u00c9lm\u00e9nyek","description":"Fedezze fel a turizmus az eg\u00e9szs\u00e9g\u00e9rt legjobb \u00fati c\u00e9ljait vil\u00e1gszerte. Hasonl\u00edtsa \u00f6ssze a nemzetk\u00f6zi klinik\u00e1kat \u00e9s kombin\u00e1lja a kezel\u00e9st helyi \u00e9lm\u00e9nyekkel.","robots":{"index":"index","follow":"follow","max-snippet":"max-snippet:-1","max-image-preview":"max-image-preview:large","max-video-preview":"max-video-preview:-1"},"canonical":"https:\/\/officialguides.com\/hu\/egeszsegturizmus\/","og_locale":"hu_HU","og_type":"article","og_title":"Nemzetk\u00f6zi Eg\u00e9szs\u00e9gturizmus \u2013 Megb\u00edzhat\u00f3 Klinik\u00e1k \u00e9s Kultur\u00e1lis \u00c9lm\u00e9nyek","og_description":"Fedezze fel a turizmus az eg\u00e9szs\u00e9g\u00e9rt legjobb \u00fati c\u00e9ljait vil\u00e1gszerte. Hasonl\u00edtsa \u00f6ssze a nemzetk\u00f6zi klinik\u00e1kat \u00e9s kombin\u00e1lja a kezel\u00e9st helyi \u00e9lm\u00e9nyekkel.","og_url":"https:\/\/officialguides.com\/hu\/egeszsegturizmus\/","og_site_name":"Find Your Private Tour Guide Around The World!","og_image":[{"width":1023,"height":373,"url":"https:\/\/officialguides.com\/wp-content\/uploads\/2025\/04\/medical-tourism.jpg","type":"image\/jpeg"}],"twitter_card":"summary_large_image","twitter_misc":{"Becs\u00fclt olvas\u00e1si id\u0151":"4 perc"},"schema":{"@context":"https:\/\/schema.org","@graph":[{"@type":"WebPage","@id":"https:\/\/officialguides.com\/hu\/egeszsegturizmus\/","url":"https:\/\/officialguides.com\/hu\/egeszsegturizmus\/","name":"Nemzetk\u00f6zi Eg\u00e9szs\u00e9gturizmus \u2013 Megb\u00edzhat\u00f3 Klinik\u00e1k \u00e9s Kultur\u00e1lis \u00c9lm\u00e9nyek","isPartOf":{"@id":"https:\/\/officialguides.com\/hu\/#website"},"primaryImageOfPage":{"@id":"https:\/\/officialguides.com\/hu\/egeszsegturizmus\/#primaryimage"},"image":{"@id":"https:\/\/officialguides.com\/hu\/egeszsegturizmus\/#primaryimage"},"thumbnailUrl":"https:\/\/officialguides.com\/wp-content\/uploads\/2025\/04\/medical-tourism.jpg","datePublished":"2025-04-18T15:25:34+00:00","description":"Fedezze fel a turizmus az eg\u00e9szs\u00e9g\u00e9rt legjobb \u00fati c\u00e9ljait vil\u00e1gszerte. Hasonl\u00edtsa \u00f6ssze a nemzetk\u00f6zi klinik\u00e1kat \u00e9s kombin\u00e1lja a kezel\u00e9st helyi \u00e9lm\u00e9nyekkel.","breadcrumb":{"@id":"https:\/\/officialguides.com\/hu\/egeszsegturizmus\/#breadcrumb"},"inLanguage":"hu","potentialAction":[{"@type":"ReadAction","target":["https:\/\/officialguides.com\/hu\/egeszsegturizmus\/"]}]},{"@type":"ImageObject","inLanguage":"hu","@id":"https:\/\/officialguides.com\/hu\/egeszsegturizmus\/#primaryimage","url":"https:\/\/officialguides.com\/wp-content\/uploads\/2025\/04\/medical-tourism.jpg","contentUrl":"https:\/\/officialguides.com\/wp-content\/uploads\/2025\/04\/medical-tourism.jpg","width":1023,"height":373,"caption":"K\u00fclf\u00f6ldi beteg, aki gy\u00f3gykezel\u00e9s k\u00f6zben kultur\u00e1lis inform\u00e1ci\u00f3kat olvas"},{"@type":"BreadcrumbList","@id":"https:\/\/officialguides.com\/hu\/egeszsegturizmus\/#breadcrumb","itemListElement":[{"@type":"ListItem","position":1,"name":"Home","item":"https:\/\/officialguides.com\/hu\/"},{"@type":"ListItem","position":2,"name":"Eg\u00e9szs\u00e9gturizmus"}]},{"@type":"WebSite","@id":"https:\/\/officialguides.com\/hu\/#website","url":"https:\/\/officialguides.com\/hu\/","name":"Official Tour Guides Around The World! Istanbul, Paris, Rome, Dubai...","description":"Explore cities and popular destinations with professional, official, certified tour guides","alternateName":"Official Guides","potentialAction":[{"@type":"SearchAction","target":{"@type":"EntryPoint","urlTemplate":"https:\/\/officialguides.com\/hu\/?s={search_term_string}"},"query-input":{"@type":"PropertyValueSpecification","valueRequired":true,"valueName":"search_term_string"}}],"inLanguage":"hu"}]}},"_links":{"self":[{"href":"https:\/\/officialguides.com\/hu\/wp-json\/wp\/v2\/pages\/394742","targetHints":{"allow":["GET"]}}],"collection":[{"href":"https:\/\/officialguides.com\/hu\/wp-json\/wp\/v2\/pages"}],"about":[{"href":"https:\/\/officialguides.com\/hu\/wp-json\/wp\/v2\/types\/page"}],"author":[{"embeddable":true,"href":"https:\/\/officialguides.com\/hu\/wp-json\/wp\/v2\/users\/3"}],"replies":[{"embeddable":true,"href":"https:\/\/officialguides.com\/hu\/wp-json\/wp\/v2\/comments?post=394742"}],"version-history":[{"count":0,"href":"https:\/\/officialguides.com\/hu\/wp-json\/wp\/v2\/pages\/394742\/revisions"}],"wp:featuredmedia":[{"embeddable":true,"href":"https:\/\/officialguides.com\/hu\/wp-json\/wp\/v2\/media\/394717"}],"wp:attachment":[{"href":"https:\/\/officialguides.com\/hu\/wp-json\/wp\/v2\/media?parent=394742"}],"curies":[{"name":"wp","href":"https:\/\/api.w.org\/{rel}","templated":true}]}}