{"id":393566,"date":"2024-08-23T13:58:32","date_gmt":"2024-08-23T10:58:32","guid":{"rendered":"https:\/\/officialguides.com\/isztambul\/"},"modified":"2024-08-23T15:39:37","modified_gmt":"2024-08-23T12:39:37","slug":"isztambul","status":"publish","type":"page","link":"https:\/\/officialguides.com\/hu\/isztambul\/","title":{"rendered":"Isztambul"},"content":{"rendered":"<h3>Isztambul: A Kontinensek \u00e9s Kult\u00far\u00e1k Tal\u00e1lkoz\u00e1si Pontja<\/h3>\n<p>Isztambul, amely Eur\u00f3pa \u00e9s \u00c1zsia keresztez\u0151d\u00e9s\u00e9ben helyezkedik el, t\u00f6rt\u00e9nelmileg strat\u00e9giai szerepet j\u00e1tszott mint egyed\u00fcl\u00e1ll\u00f3 v\u00e1ros, ahol k\u00fcl\u00f6nb\u00f6z\u0151 kult\u00far\u00e1k \u00e9s civiliz\u00e1ci\u00f3k tal\u00e1lkoznak.<\/p>\n<ul>\n<li><span style=\"color: #993366;\"><em><span style=\"text-decoration: underline;\"><strong>5 hours official tour guide 120 \u20ac (included skip the line priority),<\/strong><\/span> please contact by filling the form below<\/em><\/span><\/li>\n<\/ul>\n<p><strong><span style=\"text-decoration: underline;\">CONTACT FOR AN OFFICIAL GUIDE<\/span> <span style=\"color: #ff0000;\">\u2207<\/span><\/strong><\/p>\n<p><em>Please include your name, mobile, e-mail, dates and number of person in the message<\/em><\/p>\n<div class=\"wpforms-container wpforms-container-full\" id=\"wpforms-393286\"><form id=\"wpforms-form-393286\" class=\"wpforms-validate wpforms-form\" data-formid=\"393286\" method=\"post\" enctype=\"multipart\/form-data\" action=\"\/hu\/wp-json\/wp\/v2\/pages\/393566\" data-token=\"d72cf768d5cd46a7954fbee7eb81beca\" data-token-time=\"1778852364\"><noscript class=\"wpforms-error-noscript\">Please enable JavaScript in your browser to complete this form.<\/noscript><div class=\"wpforms-field-container\">\t\t<div id=\"wpforms-393286-field_1-container\"\n\t\t\tclass=\"wpforms-field wpforms-field-text\"\n\t\t\tdata-field-type=\"text\"\n\t\t\tdata-field-id=\"1\"\n\t\t\t>\n\t\t\t<label class=\"wpforms-field-label\" for=\"wpforms-393286-field_1\" ><\/label>\n\t\t\t<input type=\"text\" id=\"wpforms-393286-field_1\" class=\"wpforms-field-medium\" name=\"wpforms[fields][1]\" >\n\t\t<\/div>\n\t\t<div id=\"wpforms-393286-field_2-container\" class=\"wpforms-field wpforms-field-textarea\" data-field-id=\"2\"><textarea id=\"wpforms-393286-field_2\" class=\"wpforms-field-medium wpforms-field-required\" name=\"wpforms[fields][2]\" required><\/textarea><\/div><script>\n\t\t\t\t( function() {\n\t\t\t\t\tconst style = document.createElement( 'style' );\n\t\t\t\t\tstyle.appendChild( document.createTextNode( '#wpforms-393286-field_1-container { position: absolute !important; overflow: hidden !important; display: inline !important; height: 1px !important; width: 1px !important; z-index: -1000 !important; padding: 0 !important; } #wpforms-393286-field_1-container input { visibility: hidden; } #wpforms-conversational-form-page #wpforms-393286-field_1-container label { counter-increment: none; }' ) );\n\t\t\t\t\tdocument.head.appendChild( style );\n\t\t\t\t\tdocument.currentScript?.remove();\n\t\t\t\t} )();\n\t\t\t<\/script><\/div><!-- .wpforms-field-container --><div class=\"wpforms-recaptcha-container wpforms-is-recaptcha wpforms-is-recaptcha-type-v2\" ><div class=\"g-recaptcha\" data-sitekey=\"6LcUi_IZAAAAAPZECIskiqveM1KET8SQPPj592eW\"><\/div><input type=\"text\" name=\"g-recaptcha-hidden\" class=\"wpforms-recaptcha-hidden\" style=\"position:absolute!important;clip:rect(0,0,0,0)!important;height:1px!important;width:1px!important;border:0!important;overflow:hidden!important;padding:0!important;margin:0!important;\" data-rule-recaptcha=\"1\"><\/div><div class=\"wpforms-submit-container\" ><input type=\"hidden\" name=\"wpforms[id]\" value=\"393286\"><input type=\"hidden\" name=\"page_title\" value=\"\"><input type=\"hidden\" name=\"page_url\" value=\"https:\/\/officialguides.com\/hu\/wp-json\/wp\/v2\/pages\/393566\"><input type=\"hidden\" name=\"url_referer\" value=\"\"><button type=\"submit\" name=\"wpforms[submit]\" id=\"wpforms-submit-393286\" class=\"wpforms-submit\" data-alt-text=\"Sending...\" data-submit-text=\"Submit\" aria-live=\"assertive\" value=\"wpforms-submit\">Submit<\/button><\/div><\/form><\/div>  <!-- .wpforms-container -->\n<h3>Isztambul Geogr\u00e1fiai, T\u00f6rt\u00e9nelmi, Turisztikai \u00e9s Kultur\u00e1lis \u00c1ttekint\u00e9se<\/h3>\n<p>Isztambul, T\u00f6r\u00f6korsz\u00e1g egyik legnagyobb \u00e9s legkozmopolitaibb v\u00e1rosa, az egyetlen metropolisz, amely Eur\u00f3p\u00e1ban \u00e9s \u00c1zsi\u00e1ban is elter\u00fcl. Elhelyezked\u00e9se mindk\u00e9t oldal\u00e1n a <strong>Boszporusz<\/strong> term\u00e9szetes h\u00eddk\u00e9nt szolg\u00e1l, \u00edgy Isztambul a <strong>nyugati<\/strong> \u00e9s <strong>keleti<\/strong> kult\u00far\u00e1k tal\u00e1lkoz\u00e1si pontja.<\/p>\n<p><strong>Isztambul Geogr\u00e1fiai Szempontjai:<\/strong> Isztambul strat\u00e9giailag helyezkedik el azon a ponton, ahol a <strong>Boszporusz<\/strong> k\u00e9t kontinenst \u00f6sszek\u00f6t. \u00c9szakon a <strong>Fekete-tenger<\/strong> \u00e9s d\u00e9len a <strong>M\u00e1rv\u00e1ny-tenger<\/strong> hat\u00e1rolja. A v\u00e1ros k\u00e9t f\u0151 r\u00e9gi\u00f3ra oszlik: az <strong>eur\u00f3pai<\/strong> \u00e9s az <strong>\u00e1zsiai<\/strong> oldalra. A <strong>Boszporusz-h\u00edd<\/strong> \u00e9s a <strong>Fatih Szult\u00e1n Mehmed-h\u00edd<\/strong> kulcsfontoss\u00e1g\u00fa k\u00f6zleked\u00e9si kapcsolatok a k\u00e9t oldal k\u00f6z\u00f6tt. Emellett a term\u00e9szetes kik\u00f6t\u0151k, mint a <strong>Aranyszarv<\/strong> fontos f\u00f6ldrajzi jellemz\u0151k.<\/p>\n<p><strong>Isztambul T\u00f6rt\u00e9nelmi Szempontjai:<\/strong> Isztambul t\u00f6rt\u00e9nete az i.e. 7. sz\u00e1zadra ny\u00falik vissza, \u00e9s mag\u00e1ban foglalja a <strong>r\u00f3mai<\/strong>, <strong>biz\u00e1nci<\/strong> \u00e9s <strong>oszm\u00e1n<\/strong> birodalom id\u0151szakait. Eredetileg Biz\u00e1ncnak nevezt\u00e9k, \u00e9s a r\u00f3mai birodalom alatt Konstantin\u00e1polyra v\u00e1ltoztatt\u00e1k a nev\u00e9t. Fontos vall\u00e1si \u00e9s kultur\u00e1lis k\u00f6zpontk\u00e9nt szolg\u00e1lt a biz\u00e1nci id\u0151szak alatt, \u00e9s 1453-ban oszm\u00e1n elfoglal\u00e1sa ut\u00e1n Isztambulra v\u00e1ltoztatt\u00e1k a nev\u00e9t.<\/p>\n<p><strong>Isztambul Turisztikai Szempontjai:<\/strong> Isztambul h\u00edres turisztikai c\u00e9lpont, gazdag t\u00f6rt\u00e9nelemmel \u00e9s kultur\u00e1lis \u00f6r\u00f6ks\u00e9ggel rendelkezik. A v\u00e1ros sz\u00e1mos jelent\u0151s l\u00e1tnival\u00f3t k\u00edn\u00e1l, mint a <strong>Hagia Sophia<\/strong>, a <strong>Topkapi Palota<\/strong> \u00e9s a <strong>S\u00fcleymaniye Camii<\/strong>. A l\u00e1togat\u00f3k sz\u00edvesen vesznek r\u00e9szt Boszporusz haj\u00f3kir\u00e1ndul\u00e1sokon \u00e9s a <strong>hercegi szigetek<\/strong> t\u00far\u00e1in.<\/p>\n<p><strong>Isztambul Kultur\u00e1lis Szempontjai:<\/strong> Isztambul sz\u00e1mos kultur\u00e1lis tev\u00e9kenys\u00e9get \u00e9s m\u0171v\u00e9szeti esem\u00e9nyt k\u00edn\u00e1l. A v\u00e1ros m\u00fazeumai, m\u0171v\u00e9szeti gal\u00e9ri\u00e1i \u00e9s sz\u00ednh\u00e1zai t\u00fckr\u00f6zik kultur\u00e1lis gazdags\u00e1g\u00e1t. A v\u00e1ros konyh\u00e1ja is v\u00e1ltozatos, <strong>hagyom\u00e1nyos t\u00f6r\u00f6k \u00e9telekkel<\/strong>, nemzetk\u00f6zi \u00edzekkel \u00e9s utcai \u00e9telekkel, amelyek bemutatj\u00e1k Isztambul gasztron\u00f3miai soksz\u00edn\u0171s\u00e9g\u00e9t.<\/p>\n<h3>T\u00f6rt\u00e9nelmi Nevezetess\u00e9gek \u00e9s M\u00fazeumok Isztambulban<\/h3>\n<p><strong>Hagia Sophia:<\/strong> Ez a leny\u0171g\u00f6z\u0151 biz\u00e1nci \u00e9p\u00fclet egyar\u00e1nt szolg\u00e1lt mecsetk\u00e9nt \u00e9s templomk\u00e9nt. A csod\u00e1latos mozaikok \u00e9s az \u00e9p\u00edt\u00e9szeti r\u00e9szletek t\u00f6rt\u00e9nelmi utaz\u00e1st ny\u00fajtanak a l\u00e1togat\u00f3knak.<\/p>\n<p><strong>Topkapi Palota:<\/strong> Ez a palota, amely egykor az oszm\u00e1n szult\u00e1nok lak\u00f3helye volt, gazdag gy\u0171jtem\u00e9nyeir\u0151l \u00e9s hatalmas udvarair\u00f3l ismert. A palota bemutatja a szult\u00e1n \u00e9kszereit, szent relikvi\u00e1kat \u00e9s sok oszm\u00e1n kori t\u00e1rgyat.<\/p>\n<p><strong>S\u00fcleymaniye Camii:<\/strong> K\u00e9k csemp\u00e9ir\u0151l \u00e9s hat minaretj\u00e9r\u0151l ismert mecset az egyik legfontosabb vall\u00e1si \u00e9p\u00fclet Isztambulban.<\/p>\n<p><strong>Biz\u00e1nci Ciszterna:<\/strong> Ez a f\u00f6ldalatti ciszterna a biz\u00e1nci id\u0151kb\u0151l ismert leny\u0171g\u00f6z\u0151 oszlopair\u00f3l \u00e9s misztikus l\u00e9gk\u00f6r\u00e9r\u0151l.<\/p>\n<p><strong>Isztambuli R\u00e9g\u00e9szeti M\u00fazeum:<\/strong> Ez a m\u00fazeumkomplexum T\u00f6r\u00f6korsz\u00e1g <strong>kis\u00e1zsiai<\/strong> \u00e9s <strong>mezoop\u00f3t\u00e1miai<\/strong> r\u00e9g\u00e9szeti leleteit t\u00e1rolja, \u00e9s sz\u00e9les t\u00f6rt\u00e9nelmi id\u0151szakokat \u00f6lel fel.<\/p>\n<p><strong>Hipodrom (S\u00fcleymaniye t\u00e9r):<\/strong> Az egykori versenyp\u00e1lya a biz\u00e1nci id\u0151szakban, ma l\u00e1togat\u00f3kat vonz t\u00f6rt\u00e9nelmi maradv\u00e1nyaival \u00e9s eml\u00e9km\u0171veivel, mint p\u00e9ld\u00e1ul az <strong>obeliszkk\u00e9nt<\/strong> \u00e9s a <strong>k\u00edgy\u00f3oszlop<\/strong>.<\/p>\n<p><strong>Dolmabah\u00e7e Palota:<\/strong> A 19. sz\u00e1zadban \u00e9p\u00fclt impoz\u00e1ns palota l\u00e1tta az oszm\u00e1n birodalom utols\u00f3 napjait. Az eur\u00f3pai \u00e9p\u00edt\u00e9szet \u00e9s a bels\u0151 d\u00edsz\u00edt\u00e9s leny\u0171g\u00f6z\u0151.<\/p>\n<p><strong>Boszporusz:<\/strong> Ez a term\u00e9szetes v\u00edzi \u00fat, amely \u00f6sszek\u00f6ti a Fekete-tengert a M\u00e1rv\u00e1ny-tengerrel, haj\u00f3kir\u00e1ndul\u00e1sokkal fedezhet\u0151 fel. A Boszporusz partj\u00e1n tal\u00e1lhat\u00f3 <strong>yal\u0131<\/strong> (tengerparti vill\u00e1k) \u00e9s palot\u00e1k h\u00edresek.<\/p>\n<p><strong>Aranyszarv:<\/strong> Isztambul t\u00f6rt\u00e9nelmi kik\u00f6t\u0151je, az Aranyszarv fontos szerepet j\u00e1tszik a v\u00e1ros k\u00f6zpontj\u00e1ban. S\u00e9ta \u00e9s haj\u00f3kir\u00e1ndul\u00e1sok az Aranyszarv ment\u00e9n egyedi kil\u00e1t\u00e1st ny\u00fajtanak a v\u00e1rosra.<\/p>\n<p><strong>Hercegi Szigetek:<\/strong> Ezek a szigetek a M\u00e1rv\u00e1ny-tengerben n\u00e9pszer\u0171ek a term\u00e9szetj\u00e1r\u00f3 kir\u00e1ndul\u00e1sok \u00e9s ker\u00e9kp\u00e1ros t\u00far\u00e1k sz\u00e1m\u00e1ra. T\u00f6rt\u00e9nelmi vill\u00e1ikr\u00f3l \u00e9s nyugodt l\u00e9gk\u00f6r\u00fckr\u0151l ismertek.<\/p>\n<p><strong>Galata Torony:<\/strong> Ez a t\u00f6rt\u00e9nelmi torony panor\u00e1m\u00e1s kil\u00e1t\u00e1st ny\u00fajt Isztambulra. Eredetileg k\u00f6z\u00e9pkori v\u00e9delmi \u00e9p\u00fcletk\u00e9nt \u00e9p\u00fclt, \u00e9s egyedi kil\u00e1t\u00e1st ny\u00fajt a v\u00e1rosra.<\/p>\n<h3>Skip-the-Line Jegyek \u00e9s Jegy\u00e1rak<\/h3>\n<p><strong>Hagia Sophia:<\/strong><\/p>\n<ul>\n<li>Bel\u00e9p\u0151: 25 \u20ac<\/li>\n<li>Skip-the-Line Jegy: Tov\u00e1bbi 10 \u20ac<\/li>\n<\/ul>\n<p><strong>Topkapi Palota:<\/strong><\/p>\n<ul>\n<li>Bel\u00e9p\u0151: 1700 TRY<\/li>\n<li>Skip-the-Line Jegy: Tov\u00e1bbi 200-500 TRY<\/li>\n<\/ul>\n<p><strong>S\u00fcleymaniye Camii:<\/strong><\/p>\n<ul>\n<li>Bel\u00e9p\u0151: Ingyenes<\/li>\n<li>Skip-the-Line Opci\u00f3: Nem el\u00e9rhet\u0151<\/li>\n<\/ul>\n<p><strong>Biz\u00e1nci Ciszterna:<\/strong><\/p>\n<ul>\n<li>Bel\u00e9p\u0151: 950 TRY<\/li>\n<li>Skip-the-Line Jegy: 100-150 TRY<\/li>\n<\/ul>\n<p><strong>Isztambuli R\u00e9g\u00e9szeti M\u00fazeum:<\/strong><\/p>\n<ul>\n<li>Bel\u00e9p\u0151: 340 TRY<\/li>\n<li>Skip-the-Line Jegy: Nem el\u00e9rhet\u0151<\/li>\n<\/ul>\n<p><strong>Dolmabah\u00e7e Palota:<\/strong><\/p>\n<ul>\n<li>Bel\u00e9p\u0151: 1050 TRY<\/li>\n<li>Skip-the-Line Jegy: Tov\u00e1bbi 400-450 TL<\/li>\n<\/ul>\n<p><strong>Galata Torony:<\/strong><\/p>\n<ul>\n<li>Bel\u00e9p\u0151: 650 TL<\/li>\n<li>Skip-the-Line Jegy: 200 TL<\/li>\n<\/ul>\n<h3>A Mag\u00e1nvezet\u0151k Jelent\u0151s\u00e9ge Isztambulban<\/h3>\n<p><strong>Mag\u00e1nvezet\u0151k<\/strong> Isztambulban szem\u00e9lyre szabott \u00e9s informat\u00edv \u00e9lm\u00e9nyeket ny\u00fajtanak, amelyek kulcsfontoss\u00e1g\u00faak a v\u00e1ros gazdag t\u00f6rt\u00e9nelm\u00e9nek \u00e9s \u00e9l\u00e9nk kult\u00far\u00e1j\u00e1nak navig\u00e1l\u00e1s\u00e1hoz. Szem\u00e9lyre szabott inform\u00e1ci\u00f3kat adnak, seg\u00edtenek elker\u00fclni a hossz\u00fa sorokat, \u00e9s m\u00e9lyebb tud\u00e1st ny\u00fajtanak a l\u00e1togat\u00e1s sor\u00e1n, biztos\u00edtva egy hat\u00e9kony \u00e9s eml\u00e9kezetes felfedez\u00e9st a k\u00fcl\u00f6nleges v\u00e1rosban.<\/p>\n","protected":false},"excerpt":{"rendered":"<p>Isztambul: A Kontinensek \u00e9s Kult\u00far\u00e1k Tal\u00e1lkoz\u00e1si Pontja Isztambul, amely Eur\u00f3pa \u00e9s \u00c1zsia keresztez\u0151d\u00e9s\u00e9ben helyezkedik el, t\u00f6rt\u00e9nelmileg strat\u00e9giai szerepet j\u00e1tszott mint egyed\u00fcl\u00e1ll\u00f3 v\u00e1ros, ahol k\u00fcl\u00f6nb\u00f6z\u0151 kult\u00far\u00e1k \u00e9s civiliz\u00e1ci\u00f3k tal\u00e1lkoznak. 5 hours official tour guide 120 \u20ac (included skip the line priority), please contact by filling the form below CONTACT FOR AN OFFICIAL GUIDE \u2207 Please include &#8230; <a title=\"Isztambul\" class=\"read-more\" href=\"https:\/\/officialguides.com\/hu\/isztambul\/\" aria-label=\"Read more about Isztambul\">Olvass tov\u00e1bb<\/a><\/p>\n","protected":false},"author":3,"featured_media":393525,"parent":0,"menu_order":0,"comment_status":"closed","ping_status":"closed","template":"","meta":{"_acf_changed":false,"_lmt_disableupdate":"","_lmt_disable":"","footnotes":""},"class_list":["post-393566","page","type-page","status-publish","has-post-thumbnail"],"acf":[],"yoast_head":"<!-- This site is optimized with the Yoast SEO plugin v27.6 - https:\/\/yoast.com\/product\/yoast-seo-wordpress\/ -->\n<title>Fedezze fel Isztambult: \u00datmutat\u00f3 a t\u00f6rt\u00e9nelemhez, a kult\u00far\u00e1hoz, a legn\u00e9pszer\u0171bb l\u00e1tnival\u00f3khoz stb<\/title>\n<meta name=\"description\" content=\"Fedezze fel Isztambult, Eur\u00f3pa \u00e9s \u00c1zsia keresztez\u0151d\u00e9s\u00e9t. Kihagyhatatlan terept\u00e1rgyak, jegyek \u00e9s priv\u00e1t t\u00faravezet\u0151i szolg\u00e1ltat\u00e1sok a jobb \u00e9lm\u00e9ny \u00e9rdek\u00e9ben.\" \/>\n<meta name=\"robots\" content=\"index, follow, max-snippet:-1, max-image-preview:large, max-video-preview:-1\" \/>\n<link rel=\"canonical\" href=\"https:\/\/officialguides.com\/hu\/isztambul\/\" \/>\n<meta property=\"og:locale\" content=\"hu_HU\" \/>\n<meta property=\"og:type\" content=\"article\" \/>\n<meta property=\"og:title\" content=\"Fedezze fel Isztambult: \u00datmutat\u00f3 a t\u00f6rt\u00e9nelemhez, a kult\u00far\u00e1hoz, a legn\u00e9pszer\u0171bb l\u00e1tnival\u00f3khoz stb\" \/>\n<meta property=\"og:description\" content=\"Fedezze fel Isztambult, Eur\u00f3pa \u00e9s \u00c1zsia keresztez\u0151d\u00e9s\u00e9t. Kihagyhatatlan terept\u00e1rgyak, jegyek \u00e9s priv\u00e1t t\u00faravezet\u0151i szolg\u00e1ltat\u00e1sok a jobb \u00e9lm\u00e9ny \u00e9rdek\u00e9ben.\" \/>\n<meta property=\"og:url\" content=\"https:\/\/officialguides.com\/hu\/isztambul\/\" \/>\n<meta property=\"og:site_name\" content=\"Find Your Private Tour Guide Around The World!\" \/>\n<meta property=\"article:modified_time\" content=\"2024-08-23T12:39:37+00:00\" \/>\n<meta property=\"og:image\" content=\"https:\/\/officialguides.com\/wp-content\/uploads\/2024\/08\/istanbul.jpg\" \/>\n\t<meta property=\"og:image:width\" content=\"1200\" \/>\n\t<meta property=\"og:image:height\" content=\"800\" \/>\n\t<meta property=\"og:image:type\" content=\"image\/jpeg\" \/>\n<meta name=\"twitter:card\" content=\"summary_large_image\" \/>\n<meta name=\"twitter:label1\" content=\"Becs\u00fclt olvas\u00e1si id\u0151\" \/>\n\t<meta name=\"twitter:data1\" content=\"5 perc\" \/>\n<script type=\"application\/ld+json\" class=\"yoast-schema-graph\">{\"@context\":\"https:\\\/\\\/schema.org\",\"@graph\":[{\"@type\":\"WebPage\",\"@id\":\"https:\\\/\\\/officialguides.com\\\/hu\\\/isztambul\\\/\",\"url\":\"https:\\\/\\\/officialguides.com\\\/hu\\\/isztambul\\\/\",\"name\":\"Fedezze fel Isztambult: \u00datmutat\u00f3 a t\u00f6rt\u00e9nelemhez, a kult\u00far\u00e1hoz, a legn\u00e9pszer\u0171bb l\u00e1tnival\u00f3khoz stb\",\"isPartOf\":{\"@id\":\"https:\\\/\\\/officialguides.com\\\/hu\\\/#website\"},\"primaryImageOfPage\":{\"@id\":\"https:\\\/\\\/officialguides.com\\\/hu\\\/isztambul\\\/#primaryimage\"},\"image\":{\"@id\":\"https:\\\/\\\/officialguides.com\\\/hu\\\/isztambul\\\/#primaryimage\"},\"thumbnailUrl\":\"https:\\\/\\\/officialguides.com\\\/wp-content\\\/uploads\\\/2024\\\/08\\\/istanbul.jpg\",\"datePublished\":\"2024-08-23T10:58:32+00:00\",\"dateModified\":\"2024-08-23T12:39:37+00:00\",\"description\":\"Fedezze fel Isztambult, Eur\u00f3pa \u00e9s \u00c1zsia keresztez\u0151d\u00e9s\u00e9t. Kihagyhatatlan terept\u00e1rgyak, jegyek \u00e9s priv\u00e1t t\u00faravezet\u0151i szolg\u00e1ltat\u00e1sok a jobb \u00e9lm\u00e9ny \u00e9rdek\u00e9ben.\",\"breadcrumb\":{\"@id\":\"https:\\\/\\\/officialguides.com\\\/hu\\\/isztambul\\\/#breadcrumb\"},\"inLanguage\":\"hu\",\"potentialAction\":[{\"@type\":\"ReadAction\",\"target\":[\"https:\\\/\\\/officialguides.com\\\/hu\\\/isztambul\\\/\"]}]},{\"@type\":\"ImageObject\",\"inLanguage\":\"hu\",\"@id\":\"https:\\\/\\\/officialguides.com\\\/hu\\\/isztambul\\\/#primaryimage\",\"url\":\"https:\\\/\\\/officialguides.com\\\/wp-content\\\/uploads\\\/2024\\\/08\\\/istanbul.jpg\",\"contentUrl\":\"https:\\\/\\\/officialguides.com\\\/wp-content\\\/uploads\\\/2024\\\/08\\\/istanbul.jpg\",\"width\":1200,\"height\":800,\"caption\":\"Isztambul; t\u00f6rt\u00e9nelem, f\u00f6ldrajz, kult\u00fara, turizmus, m\u00fazeumok, m\u0171eml\u00e9kek, legjobb l\u00e1tnival\u00f3k, t\u00far\u00e1k \u00e9s priv\u00e1t idegenvezet\u00e9s.\"},{\"@type\":\"BreadcrumbList\",\"@id\":\"https:\\\/\\\/officialguides.com\\\/hu\\\/isztambul\\\/#breadcrumb\",\"itemListElement\":[{\"@type\":\"ListItem\",\"position\":1,\"name\":\"Home\",\"item\":\"https:\\\/\\\/officialguides.com\\\/hu\\\/\"},{\"@type\":\"ListItem\",\"position\":2,\"name\":\"Isztambul\"}]},{\"@type\":\"WebSite\",\"@id\":\"https:\\\/\\\/officialguides.com\\\/hu\\\/#website\",\"url\":\"https:\\\/\\\/officialguides.com\\\/hu\\\/\",\"name\":\"Official Tour Guides Around The World! Istanbul, Paris, Rome, Dubai...\",\"description\":\"Explore cities and popular destinations with professional, official, certified tour guides\",\"alternateName\":\"Official Guides\",\"potentialAction\":[{\"@type\":\"SearchAction\",\"target\":{\"@type\":\"EntryPoint\",\"urlTemplate\":\"https:\\\/\\\/officialguides.com\\\/hu\\\/?s={search_term_string}\"},\"query-input\":{\"@type\":\"PropertyValueSpecification\",\"valueRequired\":true,\"valueName\":\"search_term_string\"}}],\"inLanguage\":\"hu\"}]}<\/script>\n<!-- \/ Yoast SEO plugin. -->","yoast_head_json":{"title":"Fedezze fel Isztambult: \u00datmutat\u00f3 a t\u00f6rt\u00e9nelemhez, a kult\u00far\u00e1hoz, a legn\u00e9pszer\u0171bb l\u00e1tnival\u00f3khoz stb","description":"Fedezze fel Isztambult, Eur\u00f3pa \u00e9s \u00c1zsia keresztez\u0151d\u00e9s\u00e9t. Kihagyhatatlan terept\u00e1rgyak, jegyek \u00e9s priv\u00e1t t\u00faravezet\u0151i szolg\u00e1ltat\u00e1sok a jobb \u00e9lm\u00e9ny \u00e9rdek\u00e9ben.","robots":{"index":"index","follow":"follow","max-snippet":"max-snippet:-1","max-image-preview":"max-image-preview:large","max-video-preview":"max-video-preview:-1"},"canonical":"https:\/\/officialguides.com\/hu\/isztambul\/","og_locale":"hu_HU","og_type":"article","og_title":"Fedezze fel Isztambult: \u00datmutat\u00f3 a t\u00f6rt\u00e9nelemhez, a kult\u00far\u00e1hoz, a legn\u00e9pszer\u0171bb l\u00e1tnival\u00f3khoz stb","og_description":"Fedezze fel Isztambult, Eur\u00f3pa \u00e9s \u00c1zsia keresztez\u0151d\u00e9s\u00e9t. Kihagyhatatlan terept\u00e1rgyak, jegyek \u00e9s priv\u00e1t t\u00faravezet\u0151i szolg\u00e1ltat\u00e1sok a jobb \u00e9lm\u00e9ny \u00e9rdek\u00e9ben.","og_url":"https:\/\/officialguides.com\/hu\/isztambul\/","og_site_name":"Find Your Private Tour Guide Around The World!","article_modified_time":"2024-08-23T12:39:37+00:00","og_image":[{"width":1200,"height":800,"url":"https:\/\/officialguides.com\/wp-content\/uploads\/2024\/08\/istanbul.jpg","type":"image\/jpeg"}],"twitter_card":"summary_large_image","twitter_misc":{"Becs\u00fclt olvas\u00e1si id\u0151":"5 perc"},"schema":{"@context":"https:\/\/schema.org","@graph":[{"@type":"WebPage","@id":"https:\/\/officialguides.com\/hu\/isztambul\/","url":"https:\/\/officialguides.com\/hu\/isztambul\/","name":"Fedezze fel Isztambult: \u00datmutat\u00f3 a t\u00f6rt\u00e9nelemhez, a kult\u00far\u00e1hoz, a legn\u00e9pszer\u0171bb l\u00e1tnival\u00f3khoz stb","isPartOf":{"@id":"https:\/\/officialguides.com\/hu\/#website"},"primaryImageOfPage":{"@id":"https:\/\/officialguides.com\/hu\/isztambul\/#primaryimage"},"image":{"@id":"https:\/\/officialguides.com\/hu\/isztambul\/#primaryimage"},"thumbnailUrl":"https:\/\/officialguides.com\/wp-content\/uploads\/2024\/08\/istanbul.jpg","datePublished":"2024-08-23T10:58:32+00:00","dateModified":"2024-08-23T12:39:37+00:00","description":"Fedezze fel Isztambult, Eur\u00f3pa \u00e9s \u00c1zsia keresztez\u0151d\u00e9s\u00e9t. Kihagyhatatlan terept\u00e1rgyak, jegyek \u00e9s priv\u00e1t t\u00faravezet\u0151i szolg\u00e1ltat\u00e1sok a jobb \u00e9lm\u00e9ny \u00e9rdek\u00e9ben.","breadcrumb":{"@id":"https:\/\/officialguides.com\/hu\/isztambul\/#breadcrumb"},"inLanguage":"hu","potentialAction":[{"@type":"ReadAction","target":["https:\/\/officialguides.com\/hu\/isztambul\/"]}]},{"@type":"ImageObject","inLanguage":"hu","@id":"https:\/\/officialguides.com\/hu\/isztambul\/#primaryimage","url":"https:\/\/officialguides.com\/wp-content\/uploads\/2024\/08\/istanbul.jpg","contentUrl":"https:\/\/officialguides.com\/wp-content\/uploads\/2024\/08\/istanbul.jpg","width":1200,"height":800,"caption":"Isztambul; t\u00f6rt\u00e9nelem, f\u00f6ldrajz, kult\u00fara, turizmus, m\u00fazeumok, m\u0171eml\u00e9kek, legjobb l\u00e1tnival\u00f3k, t\u00far\u00e1k \u00e9s priv\u00e1t idegenvezet\u00e9s."},{"@type":"BreadcrumbList","@id":"https:\/\/officialguides.com\/hu\/isztambul\/#breadcrumb","itemListElement":[{"@type":"ListItem","position":1,"name":"Home","item":"https:\/\/officialguides.com\/hu\/"},{"@type":"ListItem","position":2,"name":"Isztambul"}]},{"@type":"WebSite","@id":"https:\/\/officialguides.com\/hu\/#website","url":"https:\/\/officialguides.com\/hu\/","name":"Official Tour Guides Around The World! Istanbul, Paris, Rome, Dubai...","description":"Explore cities and popular destinations with professional, official, certified tour guides","alternateName":"Official Guides","potentialAction":[{"@type":"SearchAction","target":{"@type":"EntryPoint","urlTemplate":"https:\/\/officialguides.com\/hu\/?s={search_term_string}"},"query-input":{"@type":"PropertyValueSpecification","valueRequired":true,"valueName":"search_term_string"}}],"inLanguage":"hu"}]}},"_links":{"self":[{"href":"https:\/\/officialguides.com\/hu\/wp-json\/wp\/v2\/pages\/393566","targetHints":{"allow":["GET"]}}],"collection":[{"href":"https:\/\/officialguides.com\/hu\/wp-json\/wp\/v2\/pages"}],"about":[{"href":"https:\/\/officialguides.com\/hu\/wp-json\/wp\/v2\/types\/page"}],"author":[{"embeddable":true,"href":"https:\/\/officialguides.com\/hu\/wp-json\/wp\/v2\/users\/3"}],"replies":[{"embeddable":true,"href":"https:\/\/officialguides.com\/hu\/wp-json\/wp\/v2\/comments?post=393566"}],"version-history":[{"count":1,"href":"https:\/\/officialguides.com\/hu\/wp-json\/wp\/v2\/pages\/393566\/revisions"}],"predecessor-version":[{"id":393591,"href":"https:\/\/officialguides.com\/hu\/wp-json\/wp\/v2\/pages\/393566\/revisions\/393591"}],"wp:featuredmedia":[{"embeddable":true,"href":"https:\/\/officialguides.com\/hu\/wp-json\/wp\/v2\/media\/393525"}],"wp:attachment":[{"href":"https:\/\/officialguides.com\/hu\/wp-json\/wp\/v2\/media?parent=393566"}],"curies":[{"name":"wp","href":"https:\/\/api.w.org\/{rel}","templated":true}]}}