{"id":396242,"date":"2025-05-22T22:36:32","date_gmt":"2025-05-22T19:36:32","guid":{"rendered":"https:\/\/officialguides.com\/transports-publics-a-istanbul\/"},"modified":"2025-05-22T22:36:32","modified_gmt":"2025-05-22T19:36:32","slug":"transports-publics-a-istanbul","status":"publish","type":"page","link":"https:\/\/officialguides.com\/fr\/transports-publics-a-istanbul\/","title":{"rendered":"Transports Publics \u00e0 Istanbul"},"content":{"rendered":"<h2 data-pm-slice=\"1 1 []\">Guide Complet pour Se D\u00e9placer \u00e0 Istanbul : Conseils sur les Transports Publics pour les Touristes<\/h2>\n<p>Se rep\u00e9rer \u00e0 Istanbul peut sembler d\u00e9routant au d\u00e9but \u2014 mais pas d&rsquo;inqui\u00e9tude ! Cette ville dispose de l\u2019un des syst\u00e8mes de transport public les plus abordables et efficaces d\u2019Europe. Que vous vous rendiez \u00e0 <strong>Sultanahmet<\/strong>, \u00e0 <strong>Taksim<\/strong>, ou que vous traversiez les continents en ferry, les <strong>metro<\/strong>, <strong>trams<\/strong>, <strong>buses<\/strong>, et <strong>ferries<\/strong> d\u2019Istanbul rendent les d\u00e9placements simples. Ce guide contient tout ce qu\u2019il faut savoir pour voyager comme un local \u2014 de l\u2019obtention de la <strong>Istanbulkart<\/strong> aux meilleures lignes et conseils de s\u00e9curit\u00e9.<\/p>\n<ul>\n<li><span style=\"color: #993300;\"><a style=\"color: #993300;\" href=\"https:\/\/officialguides.com\/official-tour-guides-in-istanbul\/\" target=\"_blank\" rel=\"noopener\"><em><strong><a>Cliquez ici si vous avez besoin d\u2019un guide touristique priv\u00e9 \u00e0 Istanbul<\/a><\/strong><\/em><\/a><\/span><\/li>\n<li><a href=\"https:\/\/www.getyourguide.com\/s?partner_id=F2GZGY3&amp;utm_medium=online_publisher&amp;visitor-id=P623CBJZAWLPQI34Z54Z68CBWM85DH8X&amp;locale_autoredirect_optout=true&amp;et=948206&amp;lc=56\" target=\"_blank\" rel=\"noopener\"><em><strong><a>Cliquez ici si vous souhaitez un acc\u00e8s rapide \u00e0 Sainte-Sophie et au Palais de Topkapi<\/a><\/strong><\/em><\/a><\/li>\n<\/ul>\n<h3>Comprendre le Syst\u00e8me de Transport Public d\u2019Istanbul<\/h3>\n<p>Istanbul dispose d\u2019un r\u00e9seau de transport public vaste et int\u00e9gr\u00e9 comprenant <strong>metros<\/strong>, <strong>trams<\/strong>, <strong>trains<\/strong>, <strong>buses<\/strong>, <strong>ferries<\/strong>, <strong>electric cars<\/strong> (dans les \u00eeles des Princes), <strong>3 funiculars<\/strong> et <strong>2 cable cars<\/strong>. Le seul v\u00e9ritable d\u00e9fi est la taille de la ville et sa g\u00e9ographie \u2014 divis\u00e9e par le Bosphore et la Corne d\u2019Or, avec de nombreuses collines et vall\u00e9es \u2014 donc par rapport \u00e0 une ville europ\u00e9enne moyenne, les distances sont plus longues et plus de correspondances peuvent \u00eatre n\u00e9cessaires.<\/p>\n<figure style=\"width: 1014px\" class=\"wp-caption aligncenter\"><img decoding=\"async\" src=\"https:\/\/officialguides.com\/wp-content\/uploads\/2025\/05\/istanbul-public-transportation-ferries.jpg\" alt=\"Istanbul's integrated public transport system consist of municipal ferry boats, metros, trams, trains, buses, ferries, electric cars, funiculars and cable cars\" width=\"1024\" height=\"551\" \/><figcaption class=\"wp-caption-text\"><em>Un des nouveaux ferries confortables naviguant entre les continents europ\u00e9en et asiatique et sur le Bosphore<\/em><\/figcaption><\/figure>\n<p>La <strong>Istanbulkart<\/strong> est la carte de transport principale, valable dans tous les moyens de transport public et m\u00eame dans les <strong>municipal toilets<\/strong>. Vous pouvez \u00e9galement acheter des <strong>10-use disposable cards<\/strong> dans les distributeurs automatiques, id\u00e9ales pour les courts s\u00e9jours. En cas d\u2019urgence, vous pouvez simplement utiliser votre <strong>contactless credit card<\/strong> directement dans les <strong>buses<\/strong>, <strong>metros<\/strong> ou <strong>ferries<\/strong>. Toutes les options sont valables sur l\u2019ensemble du r\u00e9seau.<\/p>\n<h3>\ud83d\udcb3 Istanbulkart et Cartes 10 Trajets (OnGe\u00e7)<\/h3>\n<h4>Prix du billet et combien co\u00fbte la carte ?<\/h4>\n<p>La <span style=\"color: #800080;\"><strong>ISTANBULKART<\/strong><\/span>\u00a0est la carte principale de transport de la ville et co\u00fbte <strong>130 TL (around \u20ac3 as of May 2025)<\/strong>. Elle est personnalis\u00e9e et peut \u00eatre bloqu\u00e9e si elle est utilis\u00e9e plus de 4 fois de suite, donc elle n\u2019est pas destin\u00e9e \u00e0 \u00eatre partag\u00e9e. Le tarif standard pour un <strong>single ride is 27 TL<\/strong>, mais le montant pr\u00e9lev\u00e9 peut varier selon le type de v\u00e9hicule et le nombre de correspondances.<\/p>\n<figure id=\"attachment_396106\" aria-describedby=\"caption-attachment-396106\" style=\"width: 290px\" class=\"wp-caption aligncenter\"><img decoding=\"async\" class=\"wp-image-396097 size-medium\" src=\"https:\/\/officialguides.com\/wp-content\/uploads\/2025\/05\/istanbulkart-istanbul-card-300x209.jpg\" alt=\"Istanbulkart et carte 10 trajets : o\u00f9 l\u2019acheter, prix des billets et combien \u00e7a co\" width=\"300\" height=\"209\" srcset=\"https:\/\/officialguides.com\/wp-content\/uploads\/2025\/05\/istanbulkart-istanbul-card-300x209.jpg 300w, https:\/\/officialguides.com\/wp-content\/uploads\/2025\/05\/istanbulkart-istanbul-card-768x536.jpg 768w, https:\/\/officialguides.com\/wp-content\/uploads\/2025\/05\/istanbulkart-istanbul-card.jpg 800w\" sizes=\"(max-width: 300px) 100vw, 300px\" \/><figcaption id=\"caption-attachment-396106\" class=\"wp-caption-text\"><em>La <strong>Istanbulkart<\/strong> peut aussi \u00eatre utilis\u00e9e via une application mobile<\/em><\/figcaption><\/figure>\n<p><span style=\"color: #800080;\"><strong>ONGE\u00c7 KART<\/strong> <\/span>: comme alternative, vous pouvez acheter une <strong>10-Ride Card (305 TL)<\/strong> dans les distributeurs. Ces cartes ne sont pas personnelles, ne comportent pas de frais suppl\u00e9mentaires, et peuvent \u00eatre utilis\u00e9es par plusieurs personnes. Chaque trajet d\u00e9duit un montant fixe, ind\u00e9pendamment des transferts.<\/p>\n<p>Les deux cartes fonctionnent dans tous les transports publics et dans les <strong>municipal toilets<\/strong>.<\/p>\n<h3>\ud83d\ude8b Lignes de Tram, Metro, Funiculaire et Ferry les Plus Utiles pour les Touristes<\/h3>\n<h4>Se d\u00e9placer facilement \u00e0 Istanbul<\/h4>\n<ul>\n<li><strong>Ligne T1 (Tram)<\/strong> : <strong>Sultanahmet<\/strong> \u2192 Emin\u00f6n\u00fc \u2192 Karak\u00f6y \u2192 Kabata\u015f<br \/>\nRelie les principaux sites historiques avec les quais de ferry et le funiculaire.<\/li>\n<li><strong>Ligne M2 (Metro)<\/strong> : Yenikap\u0131 \u2192 <strong>Taksim<\/strong> \u2192 \u015ei\u015fli \u2192 Levent<br \/>\nAcc\u00e8s rapide au centre-ville moderne et aux zones commer\u00e7antes.<\/li>\n<li><strong>Funiculaire F1<\/strong> : Kabata\u015f \u2194 <strong>Taksim<\/strong><br \/>\nPermet d&rsquo;\u00e9viter les pentes raides.<\/li>\n<li><strong>Funiculaire F2 (T\u00fcnel)<\/strong> : Karak\u00f6y \u2194 Beyo\u011flu (Istiklal)<br \/>\nLigne historique reliant Galata \u00e0 la rue Istiklal.<\/li>\n<li><strong>Ferries depuis Emin\u00f6n\u00fc ou Karak\u00f6y<\/strong> :<\/li>\n<\/ul>\n<ol>\n<li>Vers Kad\u0131k\u00f6y (c\u00f4t\u00e9 asiatique) toutes les 20\u201330 minutes<\/li>\n<li>Vers \u00dcsk\u00fcdar toutes les 10\u201320 minutes<\/li>\n<\/ol>\n<h3>Comment Aller de la Vieille Ville, de Taksim et des A\u00e9roports vers les Zones Cl\u00e9s d\u2019Istanbul<\/h3>\n<h4>\ud83d\udccd <strong>Sultanahmet<\/strong> (vieille ville) \u2192 <strong>Taksim<\/strong> \/ Istiklal \/ Galata:<\/h4>\n<ul>\n<li>Par <strong>tram<\/strong> + <strong>funiculaire<\/strong> : prendre la T1 jusqu&rsquo;\u00e0 Karak\u00f6y ou Kabata\u015f. Correspondance avec F2 T\u00fcnel ou F1.<\/li>\n<li>Par <strong>metro<\/strong> : depuis Vezneciler (ligne M2), acc\u00e8s direct \u00e0 Galata (\u015ei\u015fhane) ou <strong>Taksim<\/strong>.<\/li>\n<\/ul>\n<h4>\ud83d\udccd <strong>Sultanahmet<\/strong> \u2192 Kad\u0131k\u00f6y (c\u00f4t\u00e9 asiatique) :<\/h4>\n<ul>\n<li>Par ferry : T1 jusqu&rsquo;\u00e0 Emin\u00f6n\u00fc, Karak\u00f6y ou Kabata\u015f. Ferry pour Kad\u0131k\u00f6y (~20\u201330 min).<\/li>\n<li>Par <strong>metro<\/strong> : Marmaray depuis Sirkeci vers Ayr\u0131l\u0131k\u00e7e\u015fmesi, puis ligne M4 pour Kad\u0131k\u00f6y.<\/li>\n<\/ul>\n<h4>\ud83d\udccd <strong>Sultanahmet<\/strong> \u2192 \u00dcsk\u00fcdar (c\u00f4t\u00e9 asiatique) :<\/h4>\n<ul>\n<li>Par ferry : T1 vers Emin\u00f6n\u00fc, Karak\u00f6y ou Kabata\u015f puis ferry (~10\u201320 min).<\/li>\n<li>Par <strong>metro<\/strong> : Marmaray depuis Sirkeci jusqu&rsquo;\u00e0 \u00dcsk\u00fcdar.<\/li>\n<\/ul>\n<h4>\ud83d\udccd A\u00e9roport d&rsquo;Istanbul (IST) \u2192 centre-ville ou vieille ville<\/h4>\n<ul>\n<li>Par <strong>metro<\/strong> : ligne M11\/U2 jusqu&rsquo;\u00e0 Gayrettepe (toutes les 20 min de 06h00 \u00e0 00h40), puis M2 vers <strong>Taksim<\/strong>, funiculaire F1, puis T1.<\/li>\n<li>Par taxi ou navette <a href=\"https:\/\/www.istairport.com\/en\/airport\/airport-transportation\/urban-transportation\/public-transportation\/?locale=en\"><strong>HAVAIST<\/strong><\/a> : ~40 km, 30 \u20ac (taxi jaune), 35 \u20ac (bleu), 50 \u20ac (noir). HAVAIST propose 11 lignes, ticket ~7 \u20ac.<\/li>\n<\/ul>\n<h4>\ud83d\udccd A\u00e9roport Sabiha G\u00f6k\u00e7en (SAW) \u2192 centre-ville ou vieille ville<\/h4>\n<ul>\n<li>Par <strong>metro<\/strong> : ligne M4 jusqu&rsquo;\u00e0 Ayr\u0131l\u0131k\u00e7e\u015fmesi, changement pour Marmaray vers Sirkeci ou Yenikap\u0131.<\/li>\n<li>Par taxi ou navette <a href=\"https:\/\/www.havabus.com\/yolcuservisi\/taksim-sabihagokcenhavalimani.aspx\"><strong>HAVABUS<\/strong><\/a> : 40\u201355 km, 30\u201360 \u20ac selon type de taxi, suppl\u00e9ment pour les ponts ou le tunnel Avrasya. Ticket HAVABUS ~7 \u20ac.<\/li>\n<\/ul>\n<h3>Ponts et Tunnels d\u2019Istanbul<\/h3>\n<p>Istanbul a r\u00e9alis\u00e9 des projets de haute technologie pour r\u00e9soudre ses d\u00e9fis g\u00e9ographiques. Trois ponts relient les continents, dont le plus au nord est le plus large pont suspendu au monde avec une voie ferr\u00e9e.<\/p>\n<p>Deux tunnels sous-marins relient les continents (m\u00e9tro et voitures), parmi les plus profonds du monde.<\/p>\n<p>12 tunnels routiers de 145 km compl\u00e8tent ce r\u00e9seau, am\u00e9liorant grandement la circulation \u00e0 Istanbul.<\/p>\n","protected":false},"excerpt":{"rendered":"<p>Guide Complet pour Se D\u00e9placer \u00e0 Istanbul : Conseils sur les Transports Publics pour les Touristes Se rep\u00e9rer \u00e0 Istanbul peut sembler d\u00e9routant au d\u00e9but \u2014 mais pas d&rsquo;inqui\u00e9tude ! Cette ville dispose de l\u2019un des syst\u00e8mes de transport public les plus abordables et efficaces d\u2019Europe. Que vous vous rendiez \u00e0 Sultanahmet, \u00e0 Taksim, ou &#8230; <a title=\"Transports Publics \u00e0 Istanbul\" class=\"read-more\" href=\"https:\/\/officialguides.com\/fr\/transports-publics-a-istanbul\/\" aria-label=\"En savoir plus sur Transports Publics \u00e0 Istanbul\">Lire plus<\/a><\/p>\n","protected":false},"author":3,"featured_media":396072,"parent":0,"menu_order":0,"comment_status":"closed","ping_status":"closed","template":"","meta":{"_acf_changed":false,"footnotes":""},"class_list":["post-396242","page","type-page","status-publish","has-post-thumbnail"],"acf":[],"yoast_head":"<!-- This site is optimized with the Yoast SEO plugin v27.4 - https:\/\/yoast.com\/product\/yoast-seo-wordpress\/ -->\n<title>Transports Publics \u00e0 Istanbul : Guide 2025 avec Lignes, Tarifs et Itin\u00e9raires Touristiques<\/title>\n<meta name=\"description\" content=\"D\u00e9couvrez comment vous d\u00e9placer \u00e0 Istanbul facilement: metro, tram, ferry, a\u00e9roports, prix, carte Istanbulkart et conseils pratiques pour les visiteurs.\" \/>\n<meta name=\"robots\" content=\"index, follow, max-snippet:-1, max-image-preview:large, max-video-preview:-1\" \/>\n<link rel=\"canonical\" href=\"https:\/\/officialguides.com\/fr\/transports-publics-a-istanbul\/\" \/>\n<meta property=\"og:locale\" content=\"fr_FR\" \/>\n<meta property=\"og:type\" content=\"article\" \/>\n<meta property=\"og:title\" content=\"Transports Publics \u00e0 Istanbul : Guide 2025 avec Lignes, Tarifs et Itin\u00e9raires Touristiques\" \/>\n<meta property=\"og:description\" content=\"D\u00e9couvrez comment vous d\u00e9placer \u00e0 Istanbul facilement: metro, tram, ferry, a\u00e9roports, prix, carte Istanbulkart et conseils pratiques pour les visiteurs.\" \/>\n<meta property=\"og:url\" content=\"https:\/\/officialguides.com\/fr\/transports-publics-a-istanbul\/\" \/>\n<meta property=\"og:site_name\" content=\"Find Your Private Tour Guide Around The World!\" \/>\n<meta property=\"og:image\" content=\"https:\/\/officialguides.com\/wp-content\/uploads\/2025\/05\/istanbul-public-transportation.jpg\" \/>\n\t<meta property=\"og:image:width\" content=\"1024\" \/>\n\t<meta property=\"og:image:height\" content=\"576\" \/>\n\t<meta property=\"og:image:type\" content=\"image\/jpeg\" \/>\n<meta name=\"twitter:card\" content=\"summary_large_image\" \/>\n<meta name=\"twitter:label1\" content=\"Dur\u00e9e de lecture estim\u00e9e\" \/>\n\t<meta name=\"twitter:data1\" content=\"4 minutes\" \/>\n<script type=\"application\/ld+json\" class=\"yoast-schema-graph\">{\"@context\":\"https:\\\/\\\/schema.org\",\"@graph\":[{\"@type\":\"WebPage\",\"@id\":\"https:\\\/\\\/officialguides.com\\\/fr\\\/transports-publics-a-istanbul\\\/\",\"url\":\"https:\\\/\\\/officialguides.com\\\/fr\\\/transports-publics-a-istanbul\\\/\",\"name\":\"Transports Publics \u00e0 Istanbul : Guide 2025 avec Lignes, Tarifs et Itin\u00e9raires Touristiques\",\"isPartOf\":{\"@id\":\"https:\\\/\\\/officialguides.com\\\/fr\\\/#website\"},\"primaryImageOfPage\":{\"@id\":\"https:\\\/\\\/officialguides.com\\\/fr\\\/transports-publics-a-istanbul\\\/#primaryimage\"},\"image\":{\"@id\":\"https:\\\/\\\/officialguides.com\\\/fr\\\/transports-publics-a-istanbul\\\/#primaryimage\"},\"thumbnailUrl\":\"https:\\\/\\\/officialguides.com\\\/wp-content\\\/uploads\\\/2025\\\/05\\\/istanbul-public-transportation.jpg\",\"datePublished\":\"2025-05-22T19:36:32+00:00\",\"description\":\"D\u00e9couvrez comment vous d\u00e9placer \u00e0 Istanbul facilement: metro, tram, ferry, a\u00e9roports, prix, carte Istanbulkart et conseils pratiques pour les visiteurs.\",\"breadcrumb\":{\"@id\":\"https:\\\/\\\/officialguides.com\\\/fr\\\/transports-publics-a-istanbul\\\/#breadcrumb\"},\"inLanguage\":\"fr-FR\",\"potentialAction\":[{\"@type\":\"ReadAction\",\"target\":[\"https:\\\/\\\/officialguides.com\\\/fr\\\/transports-publics-a-istanbul\\\/\"]}]},{\"@type\":\"ImageObject\",\"inLanguage\":\"fr-FR\",\"@id\":\"https:\\\/\\\/officialguides.com\\\/fr\\\/transports-publics-a-istanbul\\\/#primaryimage\",\"url\":\"https:\\\/\\\/officialguides.com\\\/wp-content\\\/uploads\\\/2025\\\/05\\\/istanbul-public-transportation.jpg\",\"contentUrl\":\"https:\\\/\\\/officialguides.com\\\/wp-content\\\/uploads\\\/2025\\\/05\\\/istanbul-public-transportation.jpg\",\"width\":1024,\"height\":576,\"caption\":\"Transports publics \u00e0 Istanbul : lignes de metro, tram, ferry, a\u00e9roports, prix des tickets, comment y aller\u2026\"},{\"@type\":\"BreadcrumbList\",\"@id\":\"https:\\\/\\\/officialguides.com\\\/fr\\\/transports-publics-a-istanbul\\\/#breadcrumb\",\"itemListElement\":[{\"@type\":\"ListItem\",\"position\":1,\"name\":\"Home\",\"item\":\"https:\\\/\\\/officialguides.com\\\/fr\\\/\"},{\"@type\":\"ListItem\",\"position\":2,\"name\":\"Transports Publics \u00e0 Istanbul\"}]},{\"@type\":\"WebSite\",\"@id\":\"https:\\\/\\\/officialguides.com\\\/fr\\\/#website\",\"url\":\"https:\\\/\\\/officialguides.com\\\/fr\\\/\",\"name\":\"Official Tour Guides Around The World! Istanbul, Paris, Rome, Dubai...\",\"description\":\"Explore cities and popular destinations with professional, official, certified tour guides\",\"alternateName\":\"Official Guides\",\"potentialAction\":[{\"@type\":\"SearchAction\",\"target\":{\"@type\":\"EntryPoint\",\"urlTemplate\":\"https:\\\/\\\/officialguides.com\\\/fr\\\/?s={search_term_string}\"},\"query-input\":{\"@type\":\"PropertyValueSpecification\",\"valueRequired\":true,\"valueName\":\"search_term_string\"}}],\"inLanguage\":\"fr-FR\"}]}<\/script>\n<!-- \/ Yoast SEO plugin. -->","yoast_head_json":{"title":"Transports Publics \u00e0 Istanbul : Guide 2025 avec Lignes, Tarifs et Itin\u00e9raires Touristiques","description":"D\u00e9couvrez comment vous d\u00e9placer \u00e0 Istanbul facilement: metro, tram, ferry, a\u00e9roports, prix, carte Istanbulkart et conseils pratiques pour les visiteurs.","robots":{"index":"index","follow":"follow","max-snippet":"max-snippet:-1","max-image-preview":"max-image-preview:large","max-video-preview":"max-video-preview:-1"},"canonical":"https:\/\/officialguides.com\/fr\/transports-publics-a-istanbul\/","og_locale":"fr_FR","og_type":"article","og_title":"Transports Publics \u00e0 Istanbul : Guide 2025 avec Lignes, Tarifs et Itin\u00e9raires Touristiques","og_description":"D\u00e9couvrez comment vous d\u00e9placer \u00e0 Istanbul facilement: metro, tram, ferry, a\u00e9roports, prix, carte Istanbulkart et conseils pratiques pour les visiteurs.","og_url":"https:\/\/officialguides.com\/fr\/transports-publics-a-istanbul\/","og_site_name":"Find Your Private Tour Guide Around The World!","og_image":[{"width":1024,"height":576,"url":"https:\/\/officialguides.com\/wp-content\/uploads\/2025\/05\/istanbul-public-transportation.jpg","type":"image\/jpeg"}],"twitter_card":"summary_large_image","twitter_misc":{"Dur\u00e9e de lecture estim\u00e9e":"4 minutes"},"schema":{"@context":"https:\/\/schema.org","@graph":[{"@type":"WebPage","@id":"https:\/\/officialguides.com\/fr\/transports-publics-a-istanbul\/","url":"https:\/\/officialguides.com\/fr\/transports-publics-a-istanbul\/","name":"Transports Publics \u00e0 Istanbul : Guide 2025 avec Lignes, Tarifs et Itin\u00e9raires Touristiques","isPartOf":{"@id":"https:\/\/officialguides.com\/fr\/#website"},"primaryImageOfPage":{"@id":"https:\/\/officialguides.com\/fr\/transports-publics-a-istanbul\/#primaryimage"},"image":{"@id":"https:\/\/officialguides.com\/fr\/transports-publics-a-istanbul\/#primaryimage"},"thumbnailUrl":"https:\/\/officialguides.com\/wp-content\/uploads\/2025\/05\/istanbul-public-transportation.jpg","datePublished":"2025-05-22T19:36:32+00:00","description":"D\u00e9couvrez comment vous d\u00e9placer \u00e0 Istanbul facilement: metro, tram, ferry, a\u00e9roports, prix, carte Istanbulkart et conseils pratiques pour les visiteurs.","breadcrumb":{"@id":"https:\/\/officialguides.com\/fr\/transports-publics-a-istanbul\/#breadcrumb"},"inLanguage":"fr-FR","potentialAction":[{"@type":"ReadAction","target":["https:\/\/officialguides.com\/fr\/transports-publics-a-istanbul\/"]}]},{"@type":"ImageObject","inLanguage":"fr-FR","@id":"https:\/\/officialguides.com\/fr\/transports-publics-a-istanbul\/#primaryimage","url":"https:\/\/officialguides.com\/wp-content\/uploads\/2025\/05\/istanbul-public-transportation.jpg","contentUrl":"https:\/\/officialguides.com\/wp-content\/uploads\/2025\/05\/istanbul-public-transportation.jpg","width":1024,"height":576,"caption":"Transports publics \u00e0 Istanbul : lignes de metro, tram, ferry, a\u00e9roports, prix des tickets, comment y aller\u2026"},{"@type":"BreadcrumbList","@id":"https:\/\/officialguides.com\/fr\/transports-publics-a-istanbul\/#breadcrumb","itemListElement":[{"@type":"ListItem","position":1,"name":"Home","item":"https:\/\/officialguides.com\/fr\/"},{"@type":"ListItem","position":2,"name":"Transports Publics \u00e0 Istanbul"}]},{"@type":"WebSite","@id":"https:\/\/officialguides.com\/fr\/#website","url":"https:\/\/officialguides.com\/fr\/","name":"Official Tour Guides Around The World! Istanbul, Paris, Rome, Dubai...","description":"Explore cities and popular destinations with professional, official, certified tour guides","alternateName":"Official Guides","potentialAction":[{"@type":"SearchAction","target":{"@type":"EntryPoint","urlTemplate":"https:\/\/officialguides.com\/fr\/?s={search_term_string}"},"query-input":{"@type":"PropertyValueSpecification","valueRequired":true,"valueName":"search_term_string"}}],"inLanguage":"fr-FR"}]}},"_links":{"self":[{"href":"https:\/\/officialguides.com\/fr\/wp-json\/wp\/v2\/pages\/396242","targetHints":{"allow":["GET"]}}],"collection":[{"href":"https:\/\/officialguides.com\/fr\/wp-json\/wp\/v2\/pages"}],"about":[{"href":"https:\/\/officialguides.com\/fr\/wp-json\/wp\/v2\/types\/page"}],"author":[{"embeddable":true,"href":"https:\/\/officialguides.com\/fr\/wp-json\/wp\/v2\/users\/3"}],"replies":[{"embeddable":true,"href":"https:\/\/officialguides.com\/fr\/wp-json\/wp\/v2\/comments?post=396242"}],"version-history":[{"count":0,"href":"https:\/\/officialguides.com\/fr\/wp-json\/wp\/v2\/pages\/396242\/revisions"}],"wp:featuredmedia":[{"embeddable":true,"href":"https:\/\/officialguides.com\/fr\/wp-json\/wp\/v2\/media\/396072"}],"wp:attachment":[{"href":"https:\/\/officialguides.com\/fr\/wp-json\/wp\/v2\/media?parent=396242"}],"curies":[{"name":"wp","href":"https:\/\/api.w.org\/{rel}","templated":true}]}}