{"id":394753,"date":"2025-04-18T19:54:15","date_gmt":"2025-04-18T16:54:15","guid":{"rendered":"https:\/\/officialguides.com\/tourisme-medical\/"},"modified":"2025-04-18T19:54:15","modified_gmt":"2025-04-18T16:54:15","slug":"tourisme-medical","status":"publish","type":"page","link":"https:\/\/officialguides.com\/fr\/tourisme-medical\/","title":{"rendered":"Tourisme M\u00e9dical"},"content":{"rendered":"<h2 class=\"\" data-start=\"588\" data-end=\"626\">\ud83c\udf0d Tourisme M\u00e9dical International<\/h2>\n<p class=\"\" data-start=\"627\" data-end=\"761\"><strong data-start=\"627\" data-end=\"761\">D\u00e9couvrez des destinations fiables en tourisme m\u00e9dical avec des informations claires et des exp\u00e9riences culturelles enrichissantes<\/strong><\/p>\n<p class=\"\" data-start=\"763\" data-end=\"991\">Bienvenue sur une plateforme con\u00e7ue pour vous faire d\u00e9couvrir les destinations les plus r\u00e9put\u00e9es du <strong data-start=\"863\" data-end=\"897\">tourisme m\u00e9dical international<\/strong>, o\u00f9 des soins de sant\u00e9 de qualit\u00e9 se combinent avec des d\u00e9couvertes culturelles inoubliables.<\/p>\n<p class=\"\" data-start=\"993\" data-end=\"1348\">Sur <strong data-start=\"997\" data-end=\"1019\">officialguides.com<\/strong>, nous fournissons des informations g\u00e9n\u00e9rales sur <strong data-start=\"1069\" data-end=\"1138\">des cliniques et h\u00f4pitaux accueillant des patients internationaux<\/strong>. Nous ne proposons pas de services m\u00e9dicaux nous-m\u00eames, mais nous vous aidons \u00e0 identifier des prestataires de confiance \u00e0 l\u2019\u00e9tranger et \u00e0 enrichir votre s\u00e9jour par des exp\u00e9riences touristiques et culturelles.<\/p>\n<hr class=\"\" data-start=\"1350\" data-end=\"1353\" \/>\n<h3 class=\"\" data-start=\"1355\" data-end=\"1397\">Pourquoi Choisir le Tourisme M\u00e9dical ?<\/h3>\n<p class=\"\" data-start=\"1399\" data-end=\"1508\">Chaque ann\u00e9e, des millions de personnes choisissent de se faire soigner \u00e0 l&rsquo;\u00e9tranger pour plusieurs raisons :<\/p>\n<ul>\n<li data-start=\"1512\" data-end=\"1579\">\ud83c\udfe5 Acc\u00e8s \u00e0 des cliniques accr\u00e9dit\u00e9es et des m\u00e9decins exp\u00e9riment\u00e9s<\/li>\n<li data-start=\"1582\" data-end=\"1652\">\ud83d\udcb0 Co\u00fbts de traitement bien inf\u00e9rieurs \u00e0 ceux de leur pays d&rsquo;origine<\/li>\n<li data-start=\"1655\" data-end=\"1688\">\ud83d\udcc6 D\u00e9lais d\u2019attente plus courts<\/li>\n<li data-start=\"1691\" data-end=\"1746\">\u2708\ufe0f Possibilit\u00e9 de combiner soins m\u00e9dicaux et vacances<\/li>\n<li data-start=\"1749\" data-end=\"1788\">\ud83d\udcac Personnel multilingue et attentionn\u00e9<\/li>\n<\/ul>\n<p class=\"\" data-start=\"1790\" data-end=\"1942\">Nous vous aidons \u00e0 explorer des destinations <strong data-start=\"1835\" data-end=\"1942\">reconnues pour la qualit\u00e9 de leurs soins et leur accueil chaleureux envers les patients internationaux.<\/strong><\/p>\n<hr class=\"\" data-start=\"1944\" data-end=\"1947\" \/>\n<h3 class=\"\" data-start=\"1949\" data-end=\"1987\">Soins M\u00e9dicaux les Plus Recherch\u00e9s<\/h3>\n<p class=\"\" data-start=\"1989\" data-end=\"2088\">Voici les soins les plus souvent recherch\u00e9s par les patients voyageant pour des raisons m\u00e9dicales :<\/p>\n<ul>\n<li data-start=\"2092\" data-end=\"2155\">\u2705 <strong data-start=\"2094\" data-end=\"2113\">Soins dentaires<\/strong> (implants, facettes, design du sourire)<\/li>\n<li data-start=\"2158\" data-end=\"2199\">\u2705 <strong data-start=\"2160\" data-end=\"2197\">Chirurgie esth\u00e9tique et plastique<\/strong><\/li>\n<li data-start=\"2202\" data-end=\"2227\">\u2705 <strong data-start=\"2204\" data-end=\"2225\">Greffe de cheveux<\/strong><\/li>\n<li data-start=\"2230\" data-end=\"2268\">\u2705 <strong data-start=\"2232\" data-end=\"2266\">Traitements de fertilit\u00e9 (FIV)<\/strong><\/li>\n<li data-start=\"2271\" data-end=\"2329\">\u2705 <strong data-start=\"2273\" data-end=\"2327\">Chirurgie orthop\u00e9dique et de la colonne vert\u00e9brale<\/strong><\/li>\n<li data-start=\"2332\" data-end=\"2375\">\u2705 <strong data-start=\"2334\" data-end=\"2373\">Ophtalmologie et chirurgie au laser<\/strong><\/li>\n<li data-start=\"2378\" data-end=\"2441\">\u2705 <strong data-start=\"2380\" data-end=\"2441\">Programmes bien-\u00eatre, r\u00e9\u00e9ducation et traitements anti-\u00e2ge<\/strong><\/li>\n<\/ul>\n<p class=\"\" data-start=\"2443\" data-end=\"2625\">\ud83d\udccc <em data-start=\"2446\" data-end=\"2625\">Veuillez noter que nous ne fournissons aucun avis m\u00e9dical et ne garantissons aucun r\u00e9sultat th\u00e9rapeutique. Toutes les informations sont fournies \u00e0 titre indicatif et comparatif.<\/em><\/p>\n<hr class=\"\" data-start=\"2627\" data-end=\"2630\" \/>\n<h3 class=\"\" data-start=\"2632\" data-end=\"2681\">Destinations Recommand\u00e9es en Tourisme M\u00e9dical<\/h3>\n<p class=\"\" data-start=\"2683\" data-end=\"2799\">Nous mettons en avant les pays suivants, reconnus pour leurs services m\u00e9dicaux adapt\u00e9s aux patients internationaux :<\/p>\n<ul>\n<li data-start=\"2803\" data-end=\"3015\">\ud83c\uddf9\ud83c\uddf7 <strong data-start=\"2808\" data-end=\"2819\">Turquie<\/strong> \u2013 soins dentaires esth\u00e9tiques, chirurgie plastique, traitements ophtalmologiques, transplantation d\u2019organes, oncologie, chirurgie cardiaque, chirurgie orthop\u00e9dique et f\u00e9condation in vitro (FIV)<\/li>\n<li data-start=\"3018\" data-end=\"3074\">\ud83c\udded\ud83c\uddfa <strong data-start=\"3023\" data-end=\"3034\">Hongrie<\/strong> \u2013 dentisterie esth\u00e9tique, orthodontie<\/li>\n<li data-start=\"3077\" data-end=\"3139\">\ud83c\udded\ud83c\uddf7 <strong data-start=\"3082\" data-end=\"3093\">Croatie<\/strong> \u2013 soins dentaires, bien-\u00eatre et r\u00e9\u00e9ducation<\/li>\n<li data-start=\"3142\" data-end=\"3208\">\ud83c\uddf2\ud83c\uddfd <strong data-start=\"3147\" data-end=\"3158\">Mexique<\/strong> \u2013 chirurgie bariatrique, cliniques de fertilit\u00e9<\/li>\n<li data-start=\"3211\" data-end=\"3271\">\ud83c\uddea\ud83c\uddf8 <strong data-start=\"3216\" data-end=\"3227\">Espagne<\/strong> \u2013 chirurgie esth\u00e9tique, m\u00e9decine anti-\u00e2ge<\/li>\n<li data-start=\"3274\" data-end=\"3337\">\ud83c\uddf9\ud83c\udded <strong data-start=\"3279\" data-end=\"3292\">Tha\u00eflande<\/strong> \u2013 spas m\u00e9dicaux, interventions esth\u00e9tiques<\/li>\n<li data-start=\"3340\" data-end=\"3403\">\ud83c\uddf0\ud83c\uddf7 <strong data-start=\"3345\" data-end=\"3361\">Cor\u00e9e du Sud<\/strong> \u2013 dermatologie, soins du visage avanc\u00e9s<\/li>\n<li data-start=\"3406\" data-end=\"3477\">\ud83c\uddee\ud83c\uddf3 <strong data-start=\"3411\" data-end=\"3419\">Inde<\/strong> \u2013 orthop\u00e9die, chirurgie cardiaque, th\u00e9rapies ayurv\u00e9diques<\/li>\n<\/ul>\n<p class=\"\" data-start=\"3479\" data-end=\"3623\">Tous les \u00e9tablissements pr\u00e9sent\u00e9s sont des <strong data-start=\"3522\" data-end=\"3549\">cliniques ind\u00e9pendantes<\/strong> avec une exp\u00e9rience av\u00e9r\u00e9e dans le traitement de patients internationaux.<\/p>\n<hr class=\"\" data-start=\"3625\" data-end=\"3628\" \/>\n<h3 class=\"\" data-start=\"3630\" data-end=\"3672\">Associez Traitement M\u00e9dical et Culture<\/h3>\n<p class=\"\" data-start=\"3674\" data-end=\"4017\">En plus des informations sur les soins m\u00e9dicaux, nous vous mettons en relation avec des <strong data-start=\"3762\" data-end=\"3792\">guides touristiques agr\u00e9\u00e9s<\/strong> dans plusieurs destinations.<br data-start=\"3821\" data-end=\"3824\" \/>Que ce soit pour une visite historique \u00e0 Istanbul, une route des vins en Espagne ou une croisi\u00e8re le long du Danube, votre p\u00e9riode de convalescence peut faire partie int\u00e9grante de votre voyage.<\/p>\n<blockquote data-start=\"4019\" data-end=\"4116\">\n<p class=\"\" data-start=\"4021\" data-end=\"4116\">\ud83c\udfa7 <em data-start=\"4024\" data-end=\"4116\">Les visites priv\u00e9es sont facultatives et organis\u00e9es sur demande avec des guides certifi\u00e9s.<\/em><\/p>\n<\/blockquote>\n<hr class=\"\" data-start=\"4118\" data-end=\"4121\" \/>\n<h3 class=\"\" data-start=\"4123\" data-end=\"4163\">Une Plateforme Neutre et Informative<\/h3>\n<ul>\n<li data-start=\"4167\" data-end=\"4246\">\u2757 <strong data-start=\"4169\" data-end=\"4244\">Nous ne recommandons aucun traitement ou proc\u00e9dure m\u00e9dicale sp\u00e9cifique.<\/strong><\/li>\n<li data-start=\"4249\" data-end=\"4366\">\ud83c\udfe5 Le choix de la clinique, du m\u00e9decin et du traitement rel\u00e8ve exclusivement de la responsabilit\u00e9 de l\u2019utilisateur.<\/li>\n<li data-start=\"4369\" data-end=\"4437\">\ud83d\udcd1 Les informations fournies sont g\u00e9n\u00e9rales et non contractuelles.<\/li>\n<li data-start=\"4440\" data-end=\"4553\">\ud83d\udee1\ufe0f <strong data-start=\"4444\" data-end=\"4553\">Nous n\u2019assumons aucune responsabilit\u00e9 quant aux r\u00e9sultats m\u00e9dicaux ni aux services fournis par des tiers.<\/strong><\/li>\n<\/ul>\n<hr class=\"\" data-start=\"4555\" data-end=\"4558\" \/>\n<h3 class=\"\" data-start=\"4560\" data-end=\"4598\">\u2709\ufe0f Vous Souhaitez En Savoir Plus ?<\/h3>\n<p class=\"\" data-start=\"4600\" data-end=\"4769\">Si vous envisagez un voyage m\u00e9dical et souhaitez en apprendre davantage sur les destinations, les cliniques ou les activit\u00e9s culturelles, n&rsquo;h\u00e9sitez pas \u00e0 nous contacter.<\/p>\n<p class=\"\" data-start=\"4771\" data-end=\"4882\">\ud83d\udc49 <span style=\"text-decoration: underline;\"><strong data-start=\"4774\" data-end=\"4807\">CONTACTEZ-NOUS D\u00c8S MAINTENANT<\/strong><\/span> pour un aper\u00e7u des options de soins et des visites guid\u00e9es personnalis\u00e9es.<\/p>\n<p data-start=\"4771\" data-end=\"4882\"><div class=\"wpforms-container wpforms-container-full\" id=\"wpforms-4263\"><form id=\"wpforms-form-4263\" class=\"wpforms-validate wpforms-form\" data-formid=\"4263\" method=\"post\" enctype=\"multipart\/form-data\" action=\"\/fr\/wp-json\/wp\/v2\/pages\/394753\" data-token=\"6d89dca00af0ace11182f92f65cdc7f0\" data-token-time=\"1778847449\"><noscript class=\"wpforms-error-noscript\">Veuillez activer JavaScript dans votre navigateur pour remplir ce formulaire.<\/noscript><div class=\"wpforms-field-container\"><div id=\"wpforms-4263-field_0-container\" class=\"wpforms-field wpforms-field-name\" data-field-id=\"0\"><label class=\"wpforms-field-label\">Name <span class=\"wpforms-required-label\">*<\/span><\/label><div class=\"wpforms-field-row wpforms-field-medium\"><div class=\"wpforms-field-row-block wpforms-first wpforms-one-half\"><input type=\"text\" id=\"wpforms-4263-field_0\" class=\"wpforms-field-name-first wpforms-field-required\" name=\"wpforms[fields][0][first]\" required><label for=\"wpforms-4263-field_0\" class=\"wpforms-field-sublabel after\">Pr\u00e9nom<\/label><\/div><div class=\"wpforms-field-row-block wpforms-one-half\"><input type=\"text\" id=\"wpforms-4263-field_0-last\" class=\"wpforms-field-name-last wpforms-field-required\" name=\"wpforms[fields][0][last]\" required><label for=\"wpforms-4263-field_0-last\" class=\"wpforms-field-sublabel after\">Nom<\/label><\/div><\/div><\/div><div id=\"wpforms-4263-field_1-container\" class=\"wpforms-field wpforms-field-email\" data-field-id=\"1\"><label class=\"wpforms-field-label\" for=\"wpforms-4263-field_1\">Email <span class=\"wpforms-required-label\">*<\/span><\/label><input type=\"email\" id=\"wpforms-4263-field_1\" class=\"wpforms-field-medium wpforms-field-required\" name=\"wpforms[fields][1]\" spellcheck=\"false\" required><\/div><div id=\"wpforms-4263-field_4-container\" class=\"wpforms-field wpforms-field-phone\" data-field-id=\"4\"><label class=\"wpforms-field-label\" for=\"wpforms-4263-field_4\">Mobile Phone<\/label><input type=\"tel\" id=\"wpforms-4263-field_4\" class=\"wpforms-field-medium wpforms-smart-phone-field\" data-rule-smart-phone-field=\"true\" name=\"wpforms[fields][4]\" aria-label=\"Mobile Phone\" ><\/div><div id=\"wpforms-4263-field_2-container\" class=\"wpforms-field wpforms-field-textarea\" data-field-id=\"2\"><label class=\"wpforms-field-label\" for=\"wpforms-4263-field_2\">Comment or Message <span class=\"wpforms-required-label\">*<\/span><\/label><textarea id=\"wpforms-4263-field_2\" class=\"wpforms-field-medium wpforms-field-required\" name=\"wpforms[fields][2]\" required><\/textarea><\/div><\/div><!-- .wpforms-field-container --><div class=\"wpforms-field wpforms-field-hp\"><label for=\"wpforms-4263-field-hp\" class=\"wpforms-field-label\">Email<\/label><input type=\"text\" name=\"wpforms[hp]\" id=\"wpforms-4263-field-hp\" class=\"wpforms-field-medium\"><\/div><div class=\"wpforms-recaptcha-container wpforms-is-recaptcha wpforms-is-recaptcha-type-v2\" ><div class=\"g-recaptcha\" data-sitekey=\"6LcUi_IZAAAAAPZECIskiqveM1KET8SQPPj592eW\"><\/div><input type=\"text\" name=\"g-recaptcha-hidden\" class=\"wpforms-recaptcha-hidden\" style=\"position:absolute!important;clip:rect(0,0,0,0)!important;height:1px!important;width:1px!important;border:0!important;overflow:hidden!important;padding:0!important;margin:0!important;\" data-rule-recaptcha=\"1\"><\/div><div class=\"wpforms-submit-container\" ><input type=\"hidden\" name=\"wpforms[id]\" value=\"4263\"><input type=\"hidden\" name=\"page_title\" value=\"\"><input type=\"hidden\" name=\"page_url\" value=\"https:\/\/officialguides.com\/fr\/wp-json\/wp\/v2\/pages\/394753\"><input type=\"hidden\" name=\"url_referer\" value=\"\"><button type=\"submit\" name=\"wpforms[submit]\" id=\"wpforms-submit-4263\" class=\"wpforms-submit\" data-alt-text=\"Sending...\" data-submit-text=\"Submit\" aria-live=\"assertive\" value=\"wpforms-submit\">Submit<\/button><\/div><\/form><\/div>  <!-- .wpforms-container --><\/p>\n","protected":false},"excerpt":{"rendered":"<p>\ud83c\udf0d Tourisme M\u00e9dical International D\u00e9couvrez des destinations fiables en tourisme m\u00e9dical avec des informations claires et des exp\u00e9riences culturelles enrichissantes Bienvenue sur une plateforme con\u00e7ue pour vous faire d\u00e9couvrir les destinations les plus r\u00e9put\u00e9es du tourisme m\u00e9dical international, o\u00f9 des soins de sant\u00e9 de qualit\u00e9 se combinent avec des d\u00e9couvertes culturelles inoubliables. Sur officialguides.com, nous &#8230; <a title=\"Tourisme M\u00e9dical\" class=\"read-more\" href=\"https:\/\/officialguides.com\/fr\/tourisme-medical\/\" aria-label=\"En savoir plus sur Tourisme M\u00e9dical\">Lire plus<\/a><\/p>\n","protected":false},"author":3,"featured_media":394713,"parent":0,"menu_order":0,"comment_status":"closed","ping_status":"closed","template":"","meta":{"_acf_changed":false,"_lmt_disableupdate":"","_lmt_disable":"","footnotes":""},"class_list":["post-394753","page","type-page","status-publish","has-post-thumbnail"],"acf":[],"yoast_head":"<!-- This site is optimized with the Yoast SEO plugin v27.6 - https:\/\/yoast.com\/product\/yoast-seo-wordpress\/ -->\n<title>Tourisme M\u00e9dical International \u2013 Cliniques Fiables et Exp\u00e9riences Culturelles<\/title>\n<meta name=\"description\" content=\"D\u00e9couvrez les meilleures destinations du tourisme de sant\u00e9. Comparez les cliniques internationales et associez traitement et d\u00e9couvertes culturelles enrichissantes.\" \/>\n<meta name=\"robots\" content=\"index, follow, max-snippet:-1, max-image-preview:large, max-video-preview:-1\" \/>\n<link rel=\"canonical\" href=\"https:\/\/officialguides.com\/fr\/tourisme-medical\/\" \/>\n<meta property=\"og:locale\" content=\"fr_FR\" \/>\n<meta property=\"og:type\" content=\"article\" \/>\n<meta property=\"og:title\" content=\"Tourisme M\u00e9dical International \u2013 Cliniques Fiables et Exp\u00e9riences Culturelles\" \/>\n<meta property=\"og:description\" content=\"D\u00e9couvrez les meilleures destinations du tourisme de sant\u00e9. Comparez les cliniques internationales et associez traitement et d\u00e9couvertes culturelles enrichissantes.\" \/>\n<meta property=\"og:url\" content=\"https:\/\/officialguides.com\/fr\/tourisme-medical\/\" \/>\n<meta property=\"og:site_name\" content=\"Find Your Private Tour Guide Around The World!\" \/>\n<meta property=\"og:image\" content=\"https:\/\/officialguides.com\/wp-content\/uploads\/2025\/04\/medical-tourism.jpg\" \/>\n\t<meta property=\"og:image:width\" content=\"1023\" \/>\n\t<meta property=\"og:image:height\" content=\"373\" \/>\n\t<meta property=\"og:image:type\" content=\"image\/jpeg\" \/>\n<meta name=\"twitter:card\" content=\"summary_large_image\" \/>\n<meta name=\"twitter:label1\" content=\"Dur\u00e9e de lecture estim\u00e9e\" \/>\n\t<meta name=\"twitter:data1\" content=\"3 minutes\" \/>\n<script type=\"application\/ld+json\" class=\"yoast-schema-graph\">{\"@context\":\"https:\\\/\\\/schema.org\",\"@graph\":[{\"@type\":\"WebPage\",\"@id\":\"https:\\\/\\\/officialguides.com\\\/fr\\\/tourisme-medical\\\/\",\"url\":\"https:\\\/\\\/officialguides.com\\\/fr\\\/tourisme-medical\\\/\",\"name\":\"Tourisme M\u00e9dical International \u2013 Cliniques Fiables et Exp\u00e9riences Culturelles\",\"isPartOf\":{\"@id\":\"https:\\\/\\\/officialguides.com\\\/fr\\\/#website\"},\"primaryImageOfPage\":{\"@id\":\"https:\\\/\\\/officialguides.com\\\/fr\\\/tourisme-medical\\\/#primaryimage\"},\"image\":{\"@id\":\"https:\\\/\\\/officialguides.com\\\/fr\\\/tourisme-medical\\\/#primaryimage\"},\"thumbnailUrl\":\"https:\\\/\\\/officialguides.com\\\/wp-content\\\/uploads\\\/2025\\\/04\\\/medical-tourism.jpg\",\"datePublished\":\"2025-04-18T16:54:15+00:00\",\"description\":\"D\u00e9couvrez les meilleures destinations du tourisme de sant\u00e9. Comparez les cliniques internationales et associez traitement et d\u00e9couvertes culturelles enrichissantes.\",\"breadcrumb\":{\"@id\":\"https:\\\/\\\/officialguides.com\\\/fr\\\/tourisme-medical\\\/#breadcrumb\"},\"inLanguage\":\"fr-FR\",\"potentialAction\":[{\"@type\":\"ReadAction\",\"target\":[\"https:\\\/\\\/officialguides.com\\\/fr\\\/tourisme-medical\\\/\"]}]},{\"@type\":\"ImageObject\",\"inLanguage\":\"fr-FR\",\"@id\":\"https:\\\/\\\/officialguides.com\\\/fr\\\/tourisme-medical\\\/#primaryimage\",\"url\":\"https:\\\/\\\/officialguides.com\\\/wp-content\\\/uploads\\\/2025\\\/04\\\/medical-tourism.jpg\",\"contentUrl\":\"https:\\\/\\\/officialguides.com\\\/wp-content\\\/uploads\\\/2025\\\/04\\\/medical-tourism.jpg\",\"width\":1023,\"height\":373,\"caption\":\"Patient international consultant des informations m\u00e9dicales pendant un voyage culturel\"},{\"@type\":\"BreadcrumbList\",\"@id\":\"https:\\\/\\\/officialguides.com\\\/fr\\\/tourisme-medical\\\/#breadcrumb\",\"itemListElement\":[{\"@type\":\"ListItem\",\"position\":1,\"name\":\"Home\",\"item\":\"https:\\\/\\\/officialguides.com\\\/fr\\\/\"},{\"@type\":\"ListItem\",\"position\":2,\"name\":\"Tourisme M\u00e9dical\"}]},{\"@type\":\"WebSite\",\"@id\":\"https:\\\/\\\/officialguides.com\\\/fr\\\/#website\",\"url\":\"https:\\\/\\\/officialguides.com\\\/fr\\\/\",\"name\":\"Official Tour Guides Around The World! Istanbul, Paris, Rome, Dubai...\",\"description\":\"Explore cities and popular destinations with professional, official, certified tour guides\",\"alternateName\":\"Official Guides\",\"potentialAction\":[{\"@type\":\"SearchAction\",\"target\":{\"@type\":\"EntryPoint\",\"urlTemplate\":\"https:\\\/\\\/officialguides.com\\\/fr\\\/?s={search_term_string}\"},\"query-input\":{\"@type\":\"PropertyValueSpecification\",\"valueRequired\":true,\"valueName\":\"search_term_string\"}}],\"inLanguage\":\"fr-FR\"}]}<\/script>\n<!-- \/ Yoast SEO plugin. -->","yoast_head_json":{"title":"Tourisme M\u00e9dical International \u2013 Cliniques Fiables et Exp\u00e9riences Culturelles","description":"D\u00e9couvrez les meilleures destinations du tourisme de sant\u00e9. Comparez les cliniques internationales et associez traitement et d\u00e9couvertes culturelles enrichissantes.","robots":{"index":"index","follow":"follow","max-snippet":"max-snippet:-1","max-image-preview":"max-image-preview:large","max-video-preview":"max-video-preview:-1"},"canonical":"https:\/\/officialguides.com\/fr\/tourisme-medical\/","og_locale":"fr_FR","og_type":"article","og_title":"Tourisme M\u00e9dical International \u2013 Cliniques Fiables et Exp\u00e9riences Culturelles","og_description":"D\u00e9couvrez les meilleures destinations du tourisme de sant\u00e9. Comparez les cliniques internationales et associez traitement et d\u00e9couvertes culturelles enrichissantes.","og_url":"https:\/\/officialguides.com\/fr\/tourisme-medical\/","og_site_name":"Find Your Private Tour Guide Around The World!","og_image":[{"width":1023,"height":373,"url":"https:\/\/officialguides.com\/wp-content\/uploads\/2025\/04\/medical-tourism.jpg","type":"image\/jpeg"}],"twitter_card":"summary_large_image","twitter_misc":{"Dur\u00e9e de lecture estim\u00e9e":"3 minutes"},"schema":{"@context":"https:\/\/schema.org","@graph":[{"@type":"WebPage","@id":"https:\/\/officialguides.com\/fr\/tourisme-medical\/","url":"https:\/\/officialguides.com\/fr\/tourisme-medical\/","name":"Tourisme M\u00e9dical International \u2013 Cliniques Fiables et Exp\u00e9riences Culturelles","isPartOf":{"@id":"https:\/\/officialguides.com\/fr\/#website"},"primaryImageOfPage":{"@id":"https:\/\/officialguides.com\/fr\/tourisme-medical\/#primaryimage"},"image":{"@id":"https:\/\/officialguides.com\/fr\/tourisme-medical\/#primaryimage"},"thumbnailUrl":"https:\/\/officialguides.com\/wp-content\/uploads\/2025\/04\/medical-tourism.jpg","datePublished":"2025-04-18T16:54:15+00:00","description":"D\u00e9couvrez les meilleures destinations du tourisme de sant\u00e9. Comparez les cliniques internationales et associez traitement et d\u00e9couvertes culturelles enrichissantes.","breadcrumb":{"@id":"https:\/\/officialguides.com\/fr\/tourisme-medical\/#breadcrumb"},"inLanguage":"fr-FR","potentialAction":[{"@type":"ReadAction","target":["https:\/\/officialguides.com\/fr\/tourisme-medical\/"]}]},{"@type":"ImageObject","inLanguage":"fr-FR","@id":"https:\/\/officialguides.com\/fr\/tourisme-medical\/#primaryimage","url":"https:\/\/officialguides.com\/wp-content\/uploads\/2025\/04\/medical-tourism.jpg","contentUrl":"https:\/\/officialguides.com\/wp-content\/uploads\/2025\/04\/medical-tourism.jpg","width":1023,"height":373,"caption":"Patient international consultant des informations m\u00e9dicales pendant un voyage culturel"},{"@type":"BreadcrumbList","@id":"https:\/\/officialguides.com\/fr\/tourisme-medical\/#breadcrumb","itemListElement":[{"@type":"ListItem","position":1,"name":"Home","item":"https:\/\/officialguides.com\/fr\/"},{"@type":"ListItem","position":2,"name":"Tourisme M\u00e9dical"}]},{"@type":"WebSite","@id":"https:\/\/officialguides.com\/fr\/#website","url":"https:\/\/officialguides.com\/fr\/","name":"Official Tour Guides Around The World! Istanbul, Paris, Rome, Dubai...","description":"Explore cities and popular destinations with professional, official, certified tour guides","alternateName":"Official Guides","potentialAction":[{"@type":"SearchAction","target":{"@type":"EntryPoint","urlTemplate":"https:\/\/officialguides.com\/fr\/?s={search_term_string}"},"query-input":{"@type":"PropertyValueSpecification","valueRequired":true,"valueName":"search_term_string"}}],"inLanguage":"fr-FR"}]}},"_links":{"self":[{"href":"https:\/\/officialguides.com\/fr\/wp-json\/wp\/v2\/pages\/394753","targetHints":{"allow":["GET"]}}],"collection":[{"href":"https:\/\/officialguides.com\/fr\/wp-json\/wp\/v2\/pages"}],"about":[{"href":"https:\/\/officialguides.com\/fr\/wp-json\/wp\/v2\/types\/page"}],"author":[{"embeddable":true,"href":"https:\/\/officialguides.com\/fr\/wp-json\/wp\/v2\/users\/3"}],"replies":[{"embeddable":true,"href":"https:\/\/officialguides.com\/fr\/wp-json\/wp\/v2\/comments?post=394753"}],"version-history":[{"count":0,"href":"https:\/\/officialguides.com\/fr\/wp-json\/wp\/v2\/pages\/394753\/revisions"}],"wp:featuredmedia":[{"embeddable":true,"href":"https:\/\/officialguides.com\/fr\/wp-json\/wp\/v2\/media\/394713"}],"wp:attachment":[{"href":"https:\/\/officialguides.com\/fr\/wp-json\/wp\/v2\/media?parent=394753"}],"curies":[{"name":"wp","href":"https:\/\/api.w.org\/{rel}","templated":true}]}}