{"id":40242,"date":"2020-05-14T00:29:39","date_gmt":"2020-05-13T21:29:39","guid":{"rendered":"https:\/\/www.officialguides.net\/home\/"},"modified":"2026-02-01T20:38:48","modified_gmt":"2026-02-01T17:38:48","slug":"home","status":"publish","type":"page","link":"https:\/\/officialguides.com\/fi\/","title":{"rendered":"Ota Suoraan Yhteytt\u00e4 Virallisiin Oppaisiin Ymp\u00e4ri Maailmaa"},"content":{"rendered":"<p data-path-to-node=\"4\"><strong>OfficialGuides.com<\/strong> on erikoistunut alusta, joka yhdist\u00e4\u00e4 omatoimimatkailijat ja ryhm\u00e4t <img decoding=\"async\" class=\"alignleft\" src=\"https:\/\/officialguides.com\/wp-content\/uploads\/2026\/01\/licensed-oficial-verified-guides.jpg\" alt=\"only the verified and certified tour guides \" width=\"164\" height=\"164\" \/>ammattitaitoisiin auktorisoituihin oppaisiin maailman johtavissa kohteissa. Viesti reaaliajassa ja suunnittele t\u00e4ydellinen matkasi yli 30 kielell\u00e4.<\/p>\n<hr \/>\n<h2 style=\"text-align: center;\" data-path-to-node=\"5\">\ud83c\udf92 Valitse kaupunkisi ja aloita matkasi<\/h2>\n<p style=\"text-align: center;\" data-path-to-node=\"6\">Selaa hakemistoamme osoitteessa <strong>OfficialGuides.com<\/strong> ja l\u00f6yd\u00e4 t\u00e4ydellinen sertifioitu ammattilainen seuraavalle seikkailullesi. Aito ja stressit\u00f6n matkakokemuksesi on vain yhden viestin p\u00e4\u00e4ss\u00e4.<\/p>\n<h3 style=\"text-align: center;\" data-path-to-node=\"6\">Valitse Kohteesi \ud83d\udccd<\/h3>\n<p style=\"text-align: center;\" data-path-to-node=\"7\"><b data-path-to-node=\"7\" data-index-in-node=\"0\">Pariisi, <span style=\"color: #ff0000;\"><a style=\"color: #ff0000;\" href=\"https:\/\/officialguides.com\/fi\/suomenkielinen-opas-istanbulissa\/\" target=\"_blank\" rel=\"noopener\">Istanbul<\/a><\/span>, Rooma, <span style=\"color: #ff0000;\"><a style=\"color: #ff0000;\" href=\"https:\/\/officialguides.com\/fi\/suomalaiset-oppaat-ja-yksityiset-kierrokset-barcelonassa\/\" target=\"_blank\" rel=\"noopener\">Barcelona<\/a><\/span>, Dubai, <span style=\"color: #ff0000;\"><a style=\"color: #ff0000;\" href=\"https:\/\/officialguides.com\/fi\/yksityinen-opas-suomeksi-ja-yksityiset-kiertomatkat-ateenassa\/\" target=\"_blank\" rel=\"noopener\">Ateena<\/a><\/span>, Lontoo, Bangkok, Firenze, Madrid, Lissabon, Kappadokia, Amsterdam, Praha, Napoli, Berliini, Antalya, Granada, Sevilla, Tukholma.<\/b><\/p>\n<hr \/>\n<h2 data-path-to-node=\"8\">Miksi auktorisoitu opas on paras matkasijoituksesi?<\/h2>\n<p data-path-to-node=\"9\">Maailmankuulun maamerkin tutkiminen sertifioidun ammattilaisen seurassa on ero paikan pelk\u00e4n &#8221;n\u00e4kemisen&#8221; ja sen todellisen &#8221;kokemisen&#8221; v\u00e4lill\u00e4. OfficialGuides.com-sivustolla oppaat, joiden kanssa teemme yhteisty\u00f6t\u00e4, tarjoavat sinulle mielell\u00e4\u00e4n seuraavia etuja.<\/p>\n<ul data-path-to-node=\"10\">\n<li>\n<p data-path-to-node=\"10,0,0\"><b data-path-to-node=\"10,0,0\" data-index-in-node=\"0\">Etuoikeutettu p\u00e4\u00e4sy ja &#8221;Ohita jonot&#8221; -liput:<\/b> \u00c4l\u00e4 anna lomasi kulua jonottamiseen. Auktorisoiduilla oppailla on usein etuoikeutettu p\u00e4\u00e4sy, omat varauspisteet tai mahdollisuus varata liput puolestasi ennakkoon. Erityisesti huippusesongin aikana maailmanluokan monumenteilla t\u00e4m\u00e4 mahdollistaa tuntien jonojen v\u00e4ltt\u00e4misen ja suoran p\u00e4\u00e4syn el\u00e4mykseen.<\/p>\n<\/li>\n<li>\n<p data-path-to-node=\"10,1,0\"><b data-path-to-node=\"10,1,0\" data-index-in-node=\"0\">Maksimaalinen ajank\u00e4ytt\u00f6:<\/b> Museo tai arkeologinen kohde, jonka tutkimiseen kuluisi yksin koko p\u00e4iv\u00e4, voidaan kokea mestarillisesti vain kolmessa tunnissa. Oppaasi kuratoi kokemuksen n\u00e4ytt\u00e4m\u00e4ll\u00e4 merkitt\u00e4vimm\u00e4t mestariteokset ja t\u00e4rkeimm\u00e4t kohokohdat ilman eksymisest\u00e4 aiheutuvaa v\u00e4symyst\u00e4.<\/p>\n<\/li>\n<li>\n<p data-path-to-node=\"10,2,0\"><b data-path-to-node=\"10,2,0\" data-index-in-node=\"0\">Ammattitaito ja akateeminen syvyys:<\/b> Auktorisoidut oppaat eiv\u00e4t ole vain harrastajia; he ovat ammattilaisia, jotka ovat suorittaneet tiukan akateemisen koulutuksen ja viralliset tutkinnot. Saat tarkkoja ja syv\u00e4llisi\u00e4 historiallisia ja kulttuurisia tarinoita, joita et l\u00f6yd\u00e4 mist\u00e4\u00e4n opaskirjasta.<\/p>\n<\/li>\n<li>\n<p data-path-to-node=\"10,3,0\"><b data-path-to-node=\"10,3,0\" data-index-in-node=\"0\">Henkil\u00f6kohtaiset reittisuunnitelmat ja turvallisuus:<\/b> Matkustitpa yksin tai ryhm\u00e4ss\u00e4, oppaamme mukauttavat tahdin tarpeisiisi. He auttavat sinua navigoimaan monimutkaisissa paikallisissa j\u00e4rjestelmiss\u00e4, v\u00e4ltt\u00e4m\u00e4\u00e4n turistirys\u00e4t ja takaavat turvallisen sek\u00e4 korkealaatuisen ymp\u00e4rist\u00f6n koko matkasi ajan.<\/p>\n<\/li>\n<\/ul>\n<h2 data-path-to-node=\"11\">\u2728 Miksi valita yksityinen kierros?<\/h2>\n<p data-path-to-node=\"12\">Pakene v\u00e4kijoukkoja ja massaturismiohjelmia. Koe matkakohteesi omilla ehdoillasi Official Guides -oppaiden kanssa.<\/p>\n<h3 data-path-to-node=\"13\">Yksityisyyden edut<\/h3>\n<ul data-path-to-node=\"14\">\n<li>\n<p data-path-to-node=\"14,0,0\"><b data-path-to-node=\"14,0,0\" data-index-in-node=\"0\">R\u00e4\u00e4t\u00e4l\u00f6idyt reitit:<\/b> Jokainen kierros on muokattu vastaamaan henkil\u00f6kohtaisia kiinnostuksen kohteitasi.<\/p>\n<\/li>\n<li>\n<p data-path-to-node=\"14,1,0\"><b data-path-to-node=\"14,1,0\" data-index-in-node=\"0\">Auktorisoitu asiantuntemus:<\/b> Saat syv\u00e4llist\u00e4 historiallista ja kulttuurista tietoa paikallisilta ammattilaisilta.<\/p>\n<\/li>\n<li>\n<p data-path-to-node=\"14,2,0\"><b data-path-to-node=\"14,2,0\" data-index-in-node=\"0\">Ajan s\u00e4\u00e4st\u00f6:<\/b> Ohita pitk\u00e4t jonot ja maksimoi aikasi optimoiduilla reiteill\u00e4.<\/p>\n<\/li>\n<li>\n<p data-path-to-node=\"14,3,0\"><b data-path-to-node=\"14,3,0\" data-index-in-node=\"0\">T\u00e4ysi joustavuus:<\/b> Sin\u00e4 p\u00e4\u00e4t\u00e4t tahdin \u2013 viivy pidemp\u00e4\u00e4n suosikkipaikoissasi tai pid\u00e4 spontaani tauko.<\/p>\n<\/li>\n<li>\n<p data-path-to-node=\"14,4,0\"><b data-path-to-node=\"14,4,0\" data-index-in-node=\"0\">Aidot l\u00f6yd\u00f6t:<\/b> Tutki piilotettuja helmi\u00e4 ja &#8221;salaisia&#8221; paikkoja kaukana turismin valtavirrasta.<\/p>\n<\/li>\n<\/ul>\n<p data-path-to-node=\"15\"><i data-path-to-node=\"15\" data-index-in-node=\"0\">Laatua m\u00e4\u00e4r\u00e4n sijaan. Ota kaupunki haltuun tunneissa, ei p\u00e4iviss\u00e4.<\/i><\/p>\n<h2 data-path-to-node=\"16\">\ud83c\udfdb\ufe0f Tutustu ikonisiin maamerkkeihin asiantuntijoiden kanssa<\/h2>\n<p data-path-to-node=\"17\">OfficialGuides.com yhdist\u00e4\u00e4 sinut asiantuntijoihin maailman vierailluimmissa kohteissa muinaisista raunioista moderneihin arkkitehtuurin ihmeisiin:<\/p>\n<ul data-path-to-node=\"18\">\n<li>\n<p data-path-to-node=\"18,0,0\"><b data-path-to-node=\"18,0,0\" data-index-in-node=\"0\">Pariisi:<\/b> Yksityiskohtaiset taidehistorian k\u00e4velykierrokset Louvressa, Versailles&#8217;ssa ja Montmartrella.<\/p>\n<\/li>\n<li>\n<p data-path-to-node=\"18,1,0\"><b data-path-to-node=\"18,1,0\" data-index-in-node=\"0\">Istanbul:<\/b> Asiantuntevat kerronnat Hagia Sofiassa, Topkapin palatsissa, Haremissa, Sinisess\u00e4 moskeijassa, Bosporilla ja Suuressa basaarissa.<\/p>\n<\/li>\n<li>\n<p data-path-to-node=\"18,2,0\"><b data-path-to-node=\"18,2,0\" data-index-in-node=\"0\">Vatikaani ja Rooma:<\/b> Pietarinkirkko, Colosseum ja Vatikaanin museot.<\/p>\n<\/li>\n<li>\n<p data-path-to-node=\"18,3,0\"><b data-path-to-node=\"18,3,0\" data-index-in-node=\"0\">Barcelona:<\/b> La Sagrada Familian ja Park Guellin arkkitehtoninen neronleimaus.<\/p>\n<\/li>\n<li>\n<p data-path-to-node=\"18,4,0\"><b data-path-to-node=\"18,4,0\" data-index-in-node=\"0\">Ateena:<\/b> Antiikin Kreikan syd\u00e4n ja upea Akropolis.<\/p>\n<\/li>\n<li>\n<p data-path-to-node=\"18,5,0\"><b data-path-to-node=\"18,5,0\" data-index-in-node=\"0\">Dubai:<\/b> Modernit ihmeet, kuten Burj Khalifa, sek\u00e4 perinne-kierrokset Vanhassa Dubaissa.<\/p>\n<\/li>\n<\/ul>\n<p data-path-to-node=\"19\"><b data-path-to-node=\"19\" data-index-in-node=\"0\">Ja muita kohteita:<\/b> Lontoo, Kappadokia, Madrid, Firenze, Praha, Antalya, Lissabon, Amsterdam, Berliini, Tukholma, Bangkok, Wien, Napoli, New York, K\u00f6\u00f6penhamina, Sevilla, Granada, Valencia, Kairo, Tokio.<\/p>\n<h2 data-path-to-node=\"20\">\ud83d\udcf2 Suunniteltu suoraa viestint\u00e4\u00e4 varten<\/h2>\n<p data-path-to-node=\"21\">Uskomme, ett\u00e4 parhaat matkasuunnitelmat alkavat keskustelusta. OfficialGuides.com mahdollistaa v\u00e4litt\u00f6m\u00e4n reaaliaikaisen viestinn\u00e4n sinun ja potentiaalisen oppaasi v\u00e4lill\u00e4. Esit\u00e4 kysymyksi\u00e4, keskustele toiveistasi ja viimeistele reittisi suoraan sen henkil\u00f6n kanssa, joka esittelee sinulle kaupungin. Ei v\u00e4lik\u00e4si\u00e4, ei piilotettuja toimistomaksuja \u2013 vain suoraa paikallista asiantuntemusta.<\/p>\n<h2 data-path-to-node=\"22\">\ud83c\udf0d Liity maailmanlaajuiseen ammattilaisverkostoomme<\/h2>\n<p data-path-to-node=\"23\">Oletko auktorisoitu opas? Laajennamme jatkuvasti verkostoamme ja olemme avoimia yhteisty\u00f6lle ammattilaisten kanssa kaikilla kielill\u00e4 ymp\u00e4ri maailmaa. Jos olet sertifioitu asiantuntija, joka haluaa tavoittaa kansainv\u00e4liset matkailijat suoraan, OfficialGuides.com on sinun alustasi. Liity verkostoomme t\u00e4n\u00e4\u00e4n.<\/p>\n<p data-path-to-node=\"24\"><i data-path-to-node=\"24\" data-index-in-node=\"0\">T\u00e4rke\u00e4 huomautus: Official Guides on alusta, joka yhdist\u00e4\u00e4 matkailijat auktorisoituihin oppaisiin; se ei ole matkatoimisto. Lue \u201d<a href=\"https:\/\/officialguides.com\/fi\/vastuuvapauslauseke\/\" target=\"_blank\" rel=\"noopener\">Vastuuvapauslausekkeemme<\/a>\u201d ja \u201d<a href=\"https:\/\/officialguides.com\/fi\/tietosuojaseloste\/\" target=\"_blank\" rel=\"noopener\">Tietosuojaselosteemme<\/a>\u201d<\/i><\/p>\n","protected":false},"excerpt":{"rendered":"<p>OfficialGuides.com on erikoistunut alusta, joka yhdist\u00e4\u00e4 omatoimimatkailijat ja ryhm\u00e4t ammattitaitoisiin auktorisoituihin oppaisiin maailman johtavissa kohteissa. Viesti reaaliajassa ja suunnittele t\u00e4ydellinen matkasi yli 30 kielell\u00e4. \ud83c\udf92 Valitse kaupunkisi ja aloita matkasi Selaa hakemistoamme osoitteessa OfficialGuides.com ja l\u00f6yd\u00e4 t\u00e4ydellinen sertifioitu ammattilainen seuraavalle seikkailullesi. Aito ja stressit\u00f6n matkakokemuksesi on vain yhden viestin p\u00e4\u00e4ss\u00e4. Valitse Kohteesi \ud83d\udccd Pariisi, Istanbul, &#8230; <a title=\"Ota Suoraan Yhteytt\u00e4 Virallisiin Oppaisiin Ymp\u00e4ri Maailmaa\" class=\"read-more\" href=\"https:\/\/officialguides.com\/fi\/\" aria-label=\"Lue lis\u00e4\u00e4 aiheesta Ota Suoraan Yhteytt\u00e4 Virallisiin Oppaisiin Ymp\u00e4ri Maailmaa\">Lue lis\u00e4\u00e4<\/a><\/p>\n","protected":false},"author":3,"featured_media":397706,"parent":0,"menu_order":0,"comment_status":"closed","ping_status":"closed","template":"","meta":{"_acf_changed":false,"footnotes":""},"class_list":["post-40242","page","type-page","status-publish","has-post-thumbnail"],"acf":[],"yoast_head":"<!-- This site is optimized with the Yoast SEO plugin v27.4 - https:\/\/yoast.com\/product\/yoast-seo-wordpress\/ -->\n<title>Auktorisoidut oppaat ja yksityiskierrokset maailmanlaajuisesti | OfficialGuides<\/title>\n<meta name=\"description\" content=\"Yhdisty suoraan virallisiin ja sertifioituihin oppaisiin maailman parhaissa kohteissa. Varaa r\u00e4\u00e4t\u00e4l\u00f6ityj\u00e4 yksityiskierroksia, ohita jonot ja koe aito matka ilman v\u00e4lik\u00e4si\u00e4.\" \/>\n<meta name=\"robots\" content=\"index, follow, max-snippet:-1, max-image-preview:large, max-video-preview:-1\" \/>\n<link rel=\"canonical\" href=\"https:\/\/officialguides.com\/fi\/\" \/>\n<meta property=\"og:locale\" content=\"fi_FI\" \/>\n<meta property=\"og:type\" content=\"article\" \/>\n<meta property=\"og:title\" content=\"Auktorisoidut oppaat ja yksityiskierrokset maailmanlaajuisesti | OfficialGuides\" \/>\n<meta property=\"og:description\" content=\"Yhdisty suoraan virallisiin ja sertifioituihin oppaisiin maailman parhaissa kohteissa. Varaa r\u00e4\u00e4t\u00e4l\u00f6ityj\u00e4 yksityiskierroksia, ohita jonot ja koe aito matka ilman v\u00e4lik\u00e4si\u00e4.\" \/>\n<meta property=\"og:url\" content=\"https:\/\/officialguides.com\/fi\/\" \/>\n<meta property=\"og:site_name\" content=\"Find Your Private Tour Guide Around The World!\" \/>\n<meta property=\"article:modified_time\" content=\"2026-02-01T17:38:48+00:00\" \/>\n<meta property=\"og:image\" content=\"https:\/\/officialguides.com\/wp-content\/uploads\/2026\/01\/private-tours-and-guides.jpg\" \/>\n\t<meta property=\"og:image:width\" content=\"1024\" \/>\n\t<meta property=\"og:image:height\" content=\"523\" \/>\n\t<meta property=\"og:image:type\" content=\"image\/jpeg\" \/>\n<meta name=\"twitter:card\" content=\"summary_large_image\" \/>\n<meta name=\"twitter:label1\" content=\"Arvioitu lukuaika\" \/>\n\t<meta name=\"twitter:data1\" content=\"3 minuuttia\" \/>\n<script type=\"application\/ld+json\" class=\"yoast-schema-graph\">{\"@context\":\"https:\\\/\\\/schema.org\",\"@graph\":[{\"@type\":\"WebPage\",\"@id\":\"https:\\\/\\\/officialguides.com\\\/fi\\\/\",\"url\":\"https:\\\/\\\/officialguides.com\\\/fi\\\/\",\"name\":\"Auktorisoidut oppaat ja yksityiskierrokset maailmanlaajuisesti | OfficialGuides\",\"isPartOf\":{\"@id\":\"https:\\\/\\\/officialguides.com\\\/fi\\\/#website\"},\"primaryImageOfPage\":{\"@id\":\"https:\\\/\\\/officialguides.com\\\/fi\\\/#primaryimage\"},\"image\":{\"@id\":\"https:\\\/\\\/officialguides.com\\\/fi\\\/#primaryimage\"},\"thumbnailUrl\":\"https:\\\/\\\/officialguides.com\\\/wp-content\\\/uploads\\\/2026\\\/01\\\/private-tours-and-guides.jpg\",\"datePublished\":\"2020-05-13T21:29:39+00:00\",\"dateModified\":\"2026-02-01T17:38:48+00:00\",\"description\":\"Yhdisty suoraan virallisiin ja sertifioituihin oppaisiin maailman parhaissa kohteissa. Varaa r\u00e4\u00e4t\u00e4l\u00f6ityj\u00e4 yksityiskierroksia, ohita jonot ja koe aito matka ilman v\u00e4lik\u00e4si\u00e4.\",\"breadcrumb\":{\"@id\":\"https:\\\/\\\/officialguides.com\\\/fi\\\/#breadcrumb\"},\"inLanguage\":\"fi\",\"potentialAction\":[{\"@type\":\"ReadAction\",\"target\":[\"https:\\\/\\\/officialguides.com\\\/fi\\\/\"]}]},{\"@type\":\"ImageObject\",\"inLanguage\":\"fi\",\"@id\":\"https:\\\/\\\/officialguides.com\\\/fi\\\/#primaryimage\",\"url\":\"https:\\\/\\\/officialguides.com\\\/wp-content\\\/uploads\\\/2026\\\/01\\\/private-tours-and-guides.jpg\",\"contentUrl\":\"https:\\\/\\\/officialguides.com\\\/wp-content\\\/uploads\\\/2026\\\/01\\\/private-tours-and-guides.jpg\",\"width\":1024,\"height\":523,\"caption\":\"Ajokorttia kantava naispuolinen sertifioitu opas n\u00e4ytt\u00e4\u00e4 ja kertoo perheelle Colosseumin edess\u00e4 Roomassa\"},{\"@type\":\"BreadcrumbList\",\"@id\":\"https:\\\/\\\/officialguides.com\\\/fi\\\/#breadcrumb\",\"itemListElement\":[{\"@type\":\"ListItem\",\"position\":1,\"name\":\"Home\",\"item\":\"https:\\\/\\\/officialguides.com\\\/fi\\\/\"},{\"@type\":\"ListItem\",\"position\":2,\"name\":\"Ota Suoraan Yhteytt\u00e4 Virallisiin Oppaisiin Ymp\u00e4ri Maailmaa\"}]},{\"@type\":\"WebSite\",\"@id\":\"https:\\\/\\\/officialguides.com\\\/fi\\\/#website\",\"url\":\"https:\\\/\\\/officialguides.com\\\/fi\\\/\",\"name\":\"Official Tour Guides Around The World! Istanbul, Paris, Rome, Dubai...\",\"description\":\"Explore cities and popular destinations with professional, official, certified tour guides\",\"alternateName\":\"Official Guides\",\"potentialAction\":[{\"@type\":\"SearchAction\",\"target\":{\"@type\":\"EntryPoint\",\"urlTemplate\":\"https:\\\/\\\/officialguides.com\\\/fi\\\/?s={search_term_string}\"},\"query-input\":{\"@type\":\"PropertyValueSpecification\",\"valueRequired\":true,\"valueName\":\"search_term_string\"}}],\"inLanguage\":\"fi\"}]}<\/script>\n<!-- \/ Yoast SEO plugin. -->","yoast_head_json":{"title":"Auktorisoidut oppaat ja yksityiskierrokset maailmanlaajuisesti | OfficialGuides","description":"Yhdisty suoraan virallisiin ja sertifioituihin oppaisiin maailman parhaissa kohteissa. Varaa r\u00e4\u00e4t\u00e4l\u00f6ityj\u00e4 yksityiskierroksia, ohita jonot ja koe aito matka ilman v\u00e4lik\u00e4si\u00e4.","robots":{"index":"index","follow":"follow","max-snippet":"max-snippet:-1","max-image-preview":"max-image-preview:large","max-video-preview":"max-video-preview:-1"},"canonical":"https:\/\/officialguides.com\/fi\/","og_locale":"fi_FI","og_type":"article","og_title":"Auktorisoidut oppaat ja yksityiskierrokset maailmanlaajuisesti | OfficialGuides","og_description":"Yhdisty suoraan virallisiin ja sertifioituihin oppaisiin maailman parhaissa kohteissa. Varaa r\u00e4\u00e4t\u00e4l\u00f6ityj\u00e4 yksityiskierroksia, ohita jonot ja koe aito matka ilman v\u00e4lik\u00e4si\u00e4.","og_url":"https:\/\/officialguides.com\/fi\/","og_site_name":"Find Your Private Tour Guide Around The World!","article_modified_time":"2026-02-01T17:38:48+00:00","og_image":[{"width":1024,"height":523,"url":"https:\/\/officialguides.com\/wp-content\/uploads\/2026\/01\/private-tours-and-guides.jpg","type":"image\/jpeg"}],"twitter_card":"summary_large_image","twitter_misc":{"Arvioitu lukuaika":"3 minuuttia"},"schema":{"@context":"https:\/\/schema.org","@graph":[{"@type":"WebPage","@id":"https:\/\/officialguides.com\/fi\/","url":"https:\/\/officialguides.com\/fi\/","name":"Auktorisoidut oppaat ja yksityiskierrokset maailmanlaajuisesti | OfficialGuides","isPartOf":{"@id":"https:\/\/officialguides.com\/fi\/#website"},"primaryImageOfPage":{"@id":"https:\/\/officialguides.com\/fi\/#primaryimage"},"image":{"@id":"https:\/\/officialguides.com\/fi\/#primaryimage"},"thumbnailUrl":"https:\/\/officialguides.com\/wp-content\/uploads\/2026\/01\/private-tours-and-guides.jpg","datePublished":"2020-05-13T21:29:39+00:00","dateModified":"2026-02-01T17:38:48+00:00","description":"Yhdisty suoraan virallisiin ja sertifioituihin oppaisiin maailman parhaissa kohteissa. Varaa r\u00e4\u00e4t\u00e4l\u00f6ityj\u00e4 yksityiskierroksia, ohita jonot ja koe aito matka ilman v\u00e4lik\u00e4si\u00e4.","breadcrumb":{"@id":"https:\/\/officialguides.com\/fi\/#breadcrumb"},"inLanguage":"fi","potentialAction":[{"@type":"ReadAction","target":["https:\/\/officialguides.com\/fi\/"]}]},{"@type":"ImageObject","inLanguage":"fi","@id":"https:\/\/officialguides.com\/fi\/#primaryimage","url":"https:\/\/officialguides.com\/wp-content\/uploads\/2026\/01\/private-tours-and-guides.jpg","contentUrl":"https:\/\/officialguides.com\/wp-content\/uploads\/2026\/01\/private-tours-and-guides.jpg","width":1024,"height":523,"caption":"Ajokorttia kantava naispuolinen sertifioitu opas n\u00e4ytt\u00e4\u00e4 ja kertoo perheelle Colosseumin edess\u00e4 Roomassa"},{"@type":"BreadcrumbList","@id":"https:\/\/officialguides.com\/fi\/#breadcrumb","itemListElement":[{"@type":"ListItem","position":1,"name":"Home","item":"https:\/\/officialguides.com\/fi\/"},{"@type":"ListItem","position":2,"name":"Ota Suoraan Yhteytt\u00e4 Virallisiin Oppaisiin Ymp\u00e4ri Maailmaa"}]},{"@type":"WebSite","@id":"https:\/\/officialguides.com\/fi\/#website","url":"https:\/\/officialguides.com\/fi\/","name":"Official Tour Guides Around The World! Istanbul, Paris, Rome, Dubai...","description":"Explore cities and popular destinations with professional, official, certified tour guides","alternateName":"Official Guides","potentialAction":[{"@type":"SearchAction","target":{"@type":"EntryPoint","urlTemplate":"https:\/\/officialguides.com\/fi\/?s={search_term_string}"},"query-input":{"@type":"PropertyValueSpecification","valueRequired":true,"valueName":"search_term_string"}}],"inLanguage":"fi"}]}},"_links":{"self":[{"href":"https:\/\/officialguides.com\/fi\/wp-json\/wp\/v2\/pages\/40242","targetHints":{"allow":["GET"]}}],"collection":[{"href":"https:\/\/officialguides.com\/fi\/wp-json\/wp\/v2\/pages"}],"about":[{"href":"https:\/\/officialguides.com\/fi\/wp-json\/wp\/v2\/types\/page"}],"author":[{"embeddable":true,"href":"https:\/\/officialguides.com\/fi\/wp-json\/wp\/v2\/users\/3"}],"replies":[{"embeddable":true,"href":"https:\/\/officialguides.com\/fi\/wp-json\/wp\/v2\/comments?post=40242"}],"version-history":[{"count":38,"href":"https:\/\/officialguides.com\/fi\/wp-json\/wp\/v2\/pages\/40242\/revisions"}],"predecessor-version":[{"id":398136,"href":"https:\/\/officialguides.com\/fi\/wp-json\/wp\/v2\/pages\/40242\/revisions\/398136"}],"wp:featuredmedia":[{"embeddable":true,"href":"https:\/\/officialguides.com\/fi\/wp-json\/wp\/v2\/media\/397706"}],"wp:attachment":[{"href":"https:\/\/officialguides.com\/fi\/wp-json\/wp\/v2\/media?parent=40242"}],"curies":[{"name":"wp","href":"https:\/\/api.w.org\/{rel}","templated":true}]}}