{"id":397929,"date":"2026-01-30T21:39:00","date_gmt":"2026-01-30T18:39:00","guid":{"rendered":"https:\/\/officialguides.com\/tietosuojaseloste\/"},"modified":"2026-01-30T21:39:00","modified_gmt":"2026-01-30T18:39:00","slug":"tietosuojaseloste","status":"publish","type":"page","link":"https:\/\/officialguides.com\/fi\/tietosuojaseloste\/","title":{"rendered":"Tietosuojaseloste"},"content":{"rendered":"<h2 data-path-to-node=\"53\">1. Rekisterinpit\u00e4j\u00e4<\/h2>\n<p data-path-to-node=\"54\">T\u00e4m\u00e4n verkkosivuston rekisterinpit\u00e4j\u00e4 on <b data-path-to-node=\"54\" data-index-in-node=\"41\">OfficialGuides.com<\/b>. Henkil\u00f6tietojasi koskevissa kysymyksiss\u00e4 voit ottaa yhteytt\u00e4 meihin osoitteeseen: <b data-path-to-node=\"54\" data-index-in-node=\"143\">info@officialguides.com<\/b>.<\/p>\n<h2 data-path-to-node=\"55\">2. Ker\u00e4\u00e4m\u00e4mme tiedot<\/h2>\n<p data-path-to-node=\"56\">Ker\u00e4\u00e4mme vain tarvittavat tiedot matkailijoiden ja oppaiden v\u00e4lisen yhteyden helpottamiseksi:<\/p>\n<ul data-path-to-node=\"57\">\n<li>\n<p data-path-to-node=\"57,0,0\"><b data-path-to-node=\"57,0,0\" data-index-in-node=\"0\">Matkailijat:<\/b> Nimi, s\u00e4hk\u00f6postiosoite ja puhelinnumero.<\/p>\n<\/li>\n<li>\n<p data-path-to-node=\"57,1,0\"><b data-path-to-node=\"57,1,0\" data-index-in-node=\"0\">Oppaat:<\/b> Nimi, s\u00e4hk\u00f6posti, puhelinnumero, profiilikuva, esittely ja ammatilliset lisenssiasiakirjat (tarvittaessa).<\/p>\n<\/li>\n<\/ul>\n<h2 data-path-to-node=\"58\">3. Tietojen k\u00e4ytt\u00f6 ja jakaminen<\/h2>\n<p data-path-to-node=\"59\">OfficialGuides.com toimii markkinapaikkana. Tietojasi k\u00e4sitell\u00e4\u00e4n seuraavasti:<\/p>\n<ul data-path-to-node=\"60\">\n<li>\n<p data-path-to-node=\"60,0,0\"><b data-path-to-node=\"60,0,0\" data-index-in-node=\"0\">Vuorovaikutus alustalla:<\/b> Alustava viestint\u00e4 tapahtuu sis\u00e4isen j\u00e4rjestelm\u00e4mme kautta.<\/p>\n<\/li>\n<li>\n<p data-path-to-node=\"60,1,0\"><b data-path-to-node=\"60,1,0\" data-index-in-node=\"0\">Yhteystietojen jakaminen:<\/b> S\u00e4hk\u00f6postiasi ja puhelinnumeroasi <b data-path-to-node=\"60,1,0\" data-index-in-node=\"60\">ei jaeta<\/b>, ennen kuin k\u00e4ytt\u00e4j\u00e4 napsauttaa nimenomaisesti <b data-path-to-node=\"60,1,0\" data-index-in-node=\"116\">&#8221;Vahvista&#8221; (Confirm)<\/b> -painiketta. N\u00e4in tekem\u00e4ll\u00e4 suostut vapaaehtoisesti yhteystietojesi jakamiseen toisen osapuolen kanssa.<\/p>\n<\/li>\n<li>\n<p data-path-to-node=\"60,2,0\"><b data-path-to-node=\"60,2,0\" data-index-in-node=\"0\">Analytiikka:<\/b> K\u00e4yt\u00e4mme <b data-path-to-node=\"60,2,0\" data-index-in-node=\"22\">Google Analyticsia<\/b> sivuston liikenteen anonyymiin seurantaan.<\/p>\n<\/li>\n<li>\n<p data-path-to-node=\"60,3,0\"><b data-path-to-node=\"60,3,0\" data-index-in-node=\"0\">Ei maksuja:<\/b> Emme ker\u00e4\u00e4 tai tallenna pankkitietoja, koska alustallamme ei k\u00e4sitell\u00e4 maksuja.<\/p>\n<\/li>\n<\/ul>\n<h2 data-path-to-node=\"61\">4. Tietojen s\u00e4ilytt\u00e4minen<\/h2>\n<p data-path-to-node=\"62\">S\u00e4ilyt\u00e4mme henkil\u00f6tietojasi <b data-path-to-node=\"62\" data-index-in-node=\"28\">1 vuoden<\/b> ajan tilin sulkemisesta. T\u00e4m\u00e4n j\u00e4lkeen tiedot poistetaan pysyv\u00e4sti.<\/p>\n<h2 data-path-to-node=\"63\">5. Oikeutesi<\/h2>\n<p data-path-to-node=\"64\">Sinulla on oikeus tarkastella, korjata tai poistaa henkil\u00f6tietosi. K\u00e4ytt\u00e4\u00e4ksesi n\u00e4it\u00e4 oikeuksia, ota yhteytt\u00e4 osoitteeseen <b data-path-to-node=\"64\" data-index-in-node=\"123\">info@officialguides.com<\/b>.<\/p>\n","protected":false},"excerpt":{"rendered":"<p>1. Rekisterinpit\u00e4j\u00e4 T\u00e4m\u00e4n verkkosivuston rekisterinpit\u00e4j\u00e4 on OfficialGuides.com. Henkil\u00f6tietojasi koskevissa kysymyksiss\u00e4 voit ottaa yhteytt\u00e4 meihin osoitteeseen: info@officialguides.com. 2. Ker\u00e4\u00e4m\u00e4mme tiedot Ker\u00e4\u00e4mme vain tarvittavat tiedot matkailijoiden ja oppaiden v\u00e4lisen yhteyden helpottamiseksi: Matkailijat: Nimi, s\u00e4hk\u00f6postiosoite ja puhelinnumero. Oppaat: Nimi, s\u00e4hk\u00f6posti, puhelinnumero, profiilikuva, esittely ja ammatilliset lisenssiasiakirjat (tarvittaessa). 3. Tietojen k\u00e4ytt\u00f6 ja jakaminen OfficialGuides.com toimii markkinapaikkana. Tietojasi k\u00e4sitell\u00e4\u00e4n seuraavasti: &#8230; <a title=\"Tietosuojaseloste\" class=\"read-more\" href=\"https:\/\/officialguides.com\/fi\/tietosuojaseloste\/\" aria-label=\"Lue lis\u00e4\u00e4 aiheesta Tietosuojaseloste\">Lue lis\u00e4\u00e4<\/a><\/p>\n","protected":false},"author":3,"featured_media":0,"parent":0,"menu_order":0,"comment_status":"closed","ping_status":"closed","template":"","meta":{"_acf_changed":false,"footnotes":""},"class_list":["post-397929","page","type-page","status-publish"],"acf":[],"yoast_head":"<!-- This site is optimized with the Yoast SEO plugin v27.5 - https:\/\/yoast.com\/product\/yoast-seo-wordpress\/ -->\n<title>Tietosuojaseloste | OfficialGuides.com<\/title>\n<meta name=\"description\" content=\"Lue, miten OfficialGuides.com suojaa tietojasi. L\u00e4pin\u00e4kyv\u00e4\u00e4 tietoa tietosuojasta matkailijoille ja oppaille.\" \/>\n<meta name=\"robots\" content=\"index, follow, max-snippet:-1, max-image-preview:large, max-video-preview:-1\" \/>\n<link rel=\"canonical\" href=\"https:\/\/officialguides.com\/fi\/tietosuojaseloste\/\" \/>\n<meta property=\"og:locale\" content=\"fi_FI\" \/>\n<meta property=\"og:type\" content=\"article\" \/>\n<meta property=\"og:title\" content=\"Tietosuojaseloste | OfficialGuides.com\" \/>\n<meta property=\"og:description\" content=\"Lue, miten OfficialGuides.com suojaa tietojasi. L\u00e4pin\u00e4kyv\u00e4\u00e4 tietoa tietosuojasta matkailijoille ja oppaille.\" \/>\n<meta property=\"og:url\" content=\"https:\/\/officialguides.com\/fi\/tietosuojaseloste\/\" \/>\n<meta property=\"og:site_name\" content=\"Find Your Private Tour Guide Around The World!\" \/>\n<meta name=\"twitter:card\" content=\"summary_large_image\" \/>\n<meta name=\"twitter:label1\" content=\"Arvioitu lukuaika\" \/>\n\t<meta name=\"twitter:data1\" content=\"1 minuutti\" \/>\n<script type=\"application\/ld+json\" class=\"yoast-schema-graph\">{\"@context\":\"https:\\\/\\\/schema.org\",\"@graph\":[{\"@type\":\"WebPage\",\"@id\":\"https:\\\/\\\/officialguides.com\\\/fi\\\/tietosuojaseloste\\\/\",\"url\":\"https:\\\/\\\/officialguides.com\\\/fi\\\/tietosuojaseloste\\\/\",\"name\":\"Tietosuojaseloste | OfficialGuides.com\",\"isPartOf\":{\"@id\":\"https:\\\/\\\/officialguides.com\\\/fi\\\/#website\"},\"datePublished\":\"2026-01-30T18:39:00+00:00\",\"description\":\"Lue, miten OfficialGuides.com suojaa tietojasi. L\u00e4pin\u00e4kyv\u00e4\u00e4 tietoa tietosuojasta matkailijoille ja oppaille.\",\"breadcrumb\":{\"@id\":\"https:\\\/\\\/officialguides.com\\\/fi\\\/tietosuojaseloste\\\/#breadcrumb\"},\"inLanguage\":\"fi\",\"potentialAction\":[{\"@type\":\"ReadAction\",\"target\":[\"https:\\\/\\\/officialguides.com\\\/fi\\\/tietosuojaseloste\\\/\"]}]},{\"@type\":\"BreadcrumbList\",\"@id\":\"https:\\\/\\\/officialguides.com\\\/fi\\\/tietosuojaseloste\\\/#breadcrumb\",\"itemListElement\":[{\"@type\":\"ListItem\",\"position\":1,\"name\":\"Home\",\"item\":\"https:\\\/\\\/officialguides.com\\\/fi\\\/\"},{\"@type\":\"ListItem\",\"position\":2,\"name\":\"Tietosuojaseloste\"}]},{\"@type\":\"WebSite\",\"@id\":\"https:\\\/\\\/officialguides.com\\\/fi\\\/#website\",\"url\":\"https:\\\/\\\/officialguides.com\\\/fi\\\/\",\"name\":\"Official Tour Guides Around The World! Istanbul, Paris, Rome, Dubai...\",\"description\":\"Explore cities and popular destinations with professional, official, certified tour guides\",\"alternateName\":\"Official Guides\",\"potentialAction\":[{\"@type\":\"SearchAction\",\"target\":{\"@type\":\"EntryPoint\",\"urlTemplate\":\"https:\\\/\\\/officialguides.com\\\/fi\\\/?s={search_term_string}\"},\"query-input\":{\"@type\":\"PropertyValueSpecification\",\"valueRequired\":true,\"valueName\":\"search_term_string\"}}],\"inLanguage\":\"fi\"}]}<\/script>\n<!-- \/ Yoast SEO plugin. -->","yoast_head_json":{"title":"Tietosuojaseloste | OfficialGuides.com","description":"Lue, miten OfficialGuides.com suojaa tietojasi. L\u00e4pin\u00e4kyv\u00e4\u00e4 tietoa tietosuojasta matkailijoille ja oppaille.","robots":{"index":"index","follow":"follow","max-snippet":"max-snippet:-1","max-image-preview":"max-image-preview:large","max-video-preview":"max-video-preview:-1"},"canonical":"https:\/\/officialguides.com\/fi\/tietosuojaseloste\/","og_locale":"fi_FI","og_type":"article","og_title":"Tietosuojaseloste | OfficialGuides.com","og_description":"Lue, miten OfficialGuides.com suojaa tietojasi. L\u00e4pin\u00e4kyv\u00e4\u00e4 tietoa tietosuojasta matkailijoille ja oppaille.","og_url":"https:\/\/officialguides.com\/fi\/tietosuojaseloste\/","og_site_name":"Find Your Private Tour Guide Around The World!","twitter_card":"summary_large_image","twitter_misc":{"Arvioitu lukuaika":"1 minuutti"},"schema":{"@context":"https:\/\/schema.org","@graph":[{"@type":"WebPage","@id":"https:\/\/officialguides.com\/fi\/tietosuojaseloste\/","url":"https:\/\/officialguides.com\/fi\/tietosuojaseloste\/","name":"Tietosuojaseloste | OfficialGuides.com","isPartOf":{"@id":"https:\/\/officialguides.com\/fi\/#website"},"datePublished":"2026-01-30T18:39:00+00:00","description":"Lue, miten OfficialGuides.com suojaa tietojasi. L\u00e4pin\u00e4kyv\u00e4\u00e4 tietoa tietosuojasta matkailijoille ja oppaille.","breadcrumb":{"@id":"https:\/\/officialguides.com\/fi\/tietosuojaseloste\/#breadcrumb"},"inLanguage":"fi","potentialAction":[{"@type":"ReadAction","target":["https:\/\/officialguides.com\/fi\/tietosuojaseloste\/"]}]},{"@type":"BreadcrumbList","@id":"https:\/\/officialguides.com\/fi\/tietosuojaseloste\/#breadcrumb","itemListElement":[{"@type":"ListItem","position":1,"name":"Home","item":"https:\/\/officialguides.com\/fi\/"},{"@type":"ListItem","position":2,"name":"Tietosuojaseloste"}]},{"@type":"WebSite","@id":"https:\/\/officialguides.com\/fi\/#website","url":"https:\/\/officialguides.com\/fi\/","name":"Official Tour Guides Around The World! Istanbul, Paris, Rome, Dubai...","description":"Explore cities and popular destinations with professional, official, certified tour guides","alternateName":"Official Guides","potentialAction":[{"@type":"SearchAction","target":{"@type":"EntryPoint","urlTemplate":"https:\/\/officialguides.com\/fi\/?s={search_term_string}"},"query-input":{"@type":"PropertyValueSpecification","valueRequired":true,"valueName":"search_term_string"}}],"inLanguage":"fi"}]}},"_links":{"self":[{"href":"https:\/\/officialguides.com\/fi\/wp-json\/wp\/v2\/pages\/397929","targetHints":{"allow":["GET"]}}],"collection":[{"href":"https:\/\/officialguides.com\/fi\/wp-json\/wp\/v2\/pages"}],"about":[{"href":"https:\/\/officialguides.com\/fi\/wp-json\/wp\/v2\/types\/page"}],"author":[{"embeddable":true,"href":"https:\/\/officialguides.com\/fi\/wp-json\/wp\/v2\/users\/3"}],"replies":[{"embeddable":true,"href":"https:\/\/officialguides.com\/fi\/wp-json\/wp\/v2\/comments?post=397929"}],"version-history":[{"count":0,"href":"https:\/\/officialguides.com\/fi\/wp-json\/wp\/v2\/pages\/397929\/revisions"}],"wp:attachment":[{"href":"https:\/\/officialguides.com\/fi\/wp-json\/wp\/v2\/media?parent=397929"}],"curies":[{"name":"wp","href":"https:\/\/api.w.org\/{rel}","templated":true}]}}