{"id":396258,"date":"2025-05-28T21:58:24","date_gmt":"2025-05-28T18:58:24","guid":{"rendered":"https:\/\/officialguides.com\/istanbulin-julkinen-liikenne\/"},"modified":"2025-05-28T21:58:24","modified_gmt":"2025-05-28T18:58:24","slug":"istanbulin-julkinen-liikenne","status":"publish","type":"page","link":"https:\/\/officialguides.com\/fi\/istanbulin-julkinen-liikenne\/","title":{"rendered":"Istanbulin Julkinen Liikenne"},"content":{"rendered":"<h2 data-pm-slice=\"1 1 []\">T\u00e4ydellinen opas liikkumiseen Istanbulissa: Julkisen liikenteen vinkit matkailijoille<\/h2>\n<p>Istanbulin liikenne voi aluksi tuntua sekavalta \u2013 mutta ei huolta! Kaupungissa on yksi Euroopan edullisimmista ja tehokkaimmista julkisen liikenteen j\u00e4rjestelmist\u00e4. Suuntaatpa sitten historialliseen <strong>Sultanahmetiin<\/strong>, vilkkaalle <strong>Taksim-aukiolle<\/strong> tai ylit\u00e4t mantereita lautalla, Istanbulin <strong>metro<\/strong>, <strong>raitiovaunut<\/strong>, <strong>bussit<\/strong> ja <strong>lautat<\/strong> tekev\u00e4t liikkumisesta helppoa. T\u00e4st\u00e4 oppaasta l\u00f6yd\u00e4t kaiken tarvittavan \u2013 Istanbulkartin hankinnasta parhaisiin reitteihin ja turvallisuusvinkkeihin.<\/p>\n<ul>\n<li><span style=\"color: #993300;\"><a style=\"color: #993300;\" href=\"https:\/\/officialguides.com\/official-tour-guides-in-istanbul\/\"><strong><em>Klikkaa t\u00e4st\u00e4, jos tarvitset yksityisen virallisen oppaan Istanbulissa<\/em><\/strong><\/a><\/span><\/li>\n<\/ul>\n<ul>\n<li><a href=\"https:\/\/www.getyourguide.com\/s?partner_id=F2GZGY3&amp;utm_medium=online_publisher&amp;visitor-id=P623CBJZAWLPQI34Z54Z68CBWM85DH8X&amp;locale_autoredirect_optout=true&amp;et=948206&amp;lc=56\"><strong><em>Klikkaa t\u00e4st\u00e4, jos haluat nopean sis\u00e4\u00e4np\u00e4\u00e4syn Hagia Sofiaan ja Topkapin palatsiin<\/em><\/strong><\/a><\/li>\n<\/ul>\n<h3>Istanbulin julkisen liikenteen ymm\u00e4rt\u00e4minen<\/h3>\n<p>Istanbulissa on laaja ja integroitu julkisen liikenteen j\u00e4rjestelm\u00e4, joka kattaa <strong>metron<\/strong>, <strong>raitiovaunut<\/strong>, <strong>junat<\/strong>, <strong>bussit<\/strong>, <strong>lautat<\/strong>, <strong>s\u00e4hk\u00f6autot<\/strong> (Prinssinsaarilla), <strong>3 funikulaaria<\/strong> ja <strong>2 k\u00f6ysirataa<\/strong>. Kaupungin koko ja maantiede \u2013 Bosporinsalmi ja Kultainen sarvi, sek\u00e4 monet kukkulat ja laaksot \u2013 tekev\u00e4t liikkumisesta hieman haastavampaa kuin keskikokoisessa eurooppalaisessa kaupungissa.<\/p>\n<figure id=\"attachment_396139\" aria-describedby=\"caption-attachment-396139\" style=\"width: 1014px\" class=\"wp-caption aligncenter\"><img decoding=\"async\" class=\"wp-image-396131 size-full\" src=\"https:\/\/officialguides.com\/wp-content\/uploads\/2025\/05\/istanbul-public-transportation-ferries.jpg\" alt=\"Istanbul's integrated public transport system consist of municipal ferry boats, metros, trams, trains, buses, ferries, electric cars, funiculars and cable cars\" width=\"1024\" height=\"551\" srcset=\"https:\/\/officialguides.com\/wp-content\/uploads\/2025\/05\/istanbul-public-transportation-ferries.jpg 1024w, https:\/\/officialguides.com\/wp-content\/uploads\/2025\/05\/istanbul-public-transportation-ferries-300x161.jpg 300w, https:\/\/officialguides.com\/wp-content\/uploads\/2025\/05\/istanbul-public-transportation-ferries-768x413.jpg 768w\" sizes=\"(max-width: 1024px) 100vw, 1024px\" \/><figcaption id=\"caption-attachment-396139\" class=\"wp-caption-text\"><em>Yksi uusista mukavista lauttoista, jotka liikenn\u00f6iv\u00e4t Euroopan ja Aasian v\u00e4lill\u00e4 Bosporinsalmella<\/em><\/figcaption><\/figure>\n<p><strong>Istanbulkart<\/strong> on p\u00e4\u00e4asiallinen matkakortti, joka k\u00e4y kaikissa julkisen liikenteen v\u00e4lineiss\u00e4, jopa <strong>kaupungin julkisissa WC-tiloissa<\/strong>. Lyhytaikaiseen k\u00e4ytt\u00f6\u00f6n voi hankkia my\u00f6s <strong>10 matkan kertak\u00e4ytt\u00f6kortin<\/strong> automaateista. Kiireess\u00e4 voit k\u00e4ytt\u00e4\u00e4 suoraan <strong>kosketuksetonta maksukorttia<\/strong> bussissa, metrossa tai lautalla. Kaikki maksutavat toimivat koko verkostossa.<\/p>\n<h3>\ud83d\udcb3 Istanbulkart ja 10 matkan OnGe\u00e7-kortit<\/h3>\n<p><strong>Lipun hinta ja kortin kustannus:<\/strong><\/p>\n<p><span style=\"color: #800080;\"><strong>Istanbulkart<\/strong><\/span> maksaa <strong>130 TL (noin 3 \u20ac toukokuussa 2025)<\/strong>. Kortti on henkil\u00f6kohtainen ja se voidaan est\u00e4\u00e4, jos sit\u00e4 k\u00e4ytet\u00e4\u00e4n yli nelj\u00e4 kertaa per\u00e4kk\u00e4in \u2013 ei suositella jaettavaksi. <strong>Yksitt\u00e4inen matka maksaa 27 TL<\/strong>, mutta lopullinen veloitus voi vaihdella liikennev\u00e4lineen ja vaihdon m\u00e4\u00e4r\u00e4n mukaan.<\/p>\n<figure id=\"attachment_396105\" aria-describedby=\"caption-attachment-396105\" style=\"width: 290px\" class=\"wp-caption aligncenter\"><img decoding=\"async\" class=\"wp-image-396097 size-medium\" src=\"https:\/\/officialguides.com\/wp-content\/uploads\/2025\/05\/istanbulkart-istanbul-card-300x209.jpg\" alt=\"Istanbulkart ja 10 matkan kortti: mist\u00e4 ostaa, hinnat ja k\u00e4ytt\u00f6ohjeet.\" width=\"300\" height=\"209\" srcset=\"https:\/\/officialguides.com\/wp-content\/uploads\/2025\/05\/istanbulkart-istanbul-card-300x209.jpg 300w, https:\/\/officialguides.com\/wp-content\/uploads\/2025\/05\/istanbulkart-istanbul-card-768x536.jpg 768w, https:\/\/officialguides.com\/wp-content\/uploads\/2025\/05\/istanbulkart-istanbul-card.jpg 800w\" sizes=\"(max-width: 300px) 100vw, 300px\" \/><figcaption id=\"caption-attachment-396105\" class=\"wp-caption-text\"><em>Istanbulkartia voi k\u00e4ytt\u00e4\u00e4 my\u00f6s mobiilisovelluksella<\/em><\/figcaption><\/figure>\n<p><span style=\"color: #800080;\"><strong>OnGe\u00e7-kortti:<\/strong><\/span> vaihtoehtoisesti voit ostaa <strong>10 matkan kortin (305 TL)<\/strong> automaatista. Kortti ei ole henkil\u00f6kohtainen, eik\u00e4 siit\u00e4 perit\u00e4 lis\u00e4maksua, ja sit\u00e4 voi k\u00e4ytt\u00e4\u00e4 useampi henkil\u00f6 per\u00e4kk\u00e4in. Jokaisesta matkasta veloitetaan kiinte\u00e4 summa riippumatta vaihdoista.<\/p>\n<p>Molemmat kortit toimivat kaikissa julkisissa kulkuneuvoissa ja my\u00f6s <strong>kaupungin julkisissa vessoissa<\/strong>.<\/p>\n<table>\n<tbody>\n<tr>\n<th>\ud83d\udcb3 Korttityyppi<\/th>\n<th>\ud83e\uddcd\u200d\u2642\ufe0f Henkil\u00f6kohtainen<\/th>\n<th>\ud83d\udc65 Usean k\u00e4ytt\u00e4j\u00e4n<\/th>\n<th>\ud83d\udcb0 Hinta (toukokuu 2025)<\/th>\n<th>\ud83d\ude8d Hinta per matka<\/th>\n<th>\ud83d\udd01 Vaihdot<\/th>\n<th>\ud83d\udec2 Rajoitukset<\/th>\n<\/tr>\n<tr>\n<td>\ud83d\udfe6 Istanbulkart<\/td>\n<td>\u2714\ufe0f Kyll\u00e4<\/td>\n<td>\u274c Ei<\/td>\n<td>130 TL (~3 \u20ac)<\/td>\n<td>alkaen 27 TL<\/td>\n<td>Alennukset<\/td>\n<td>Max. 4 k\u00e4ytt\u00f6\u00e4\/k\u00e4ytt\u00e4j\u00e4<\/td>\n<\/tr>\n<tr>\n<td>\ud83d\udd1f 10 matkan kortti<\/td>\n<td>\u274c Ei<\/td>\n<td>\u2714\ufe0f Kyll\u00e4<\/td>\n<td>305 TL (ei lis\u00e4maksua)<\/td>\n<td>Kiinte\u00e4 per matka<\/td>\n<td>\u274c Ei<\/td>\n<td>Ei rajoituksia<\/td>\n<\/tr>\n<tr>\n<td>\ud83d\udcb3 Maksukortti<\/td>\n<td>\u274c Ei<\/td>\n<td>\u2714\ufe0f Kyll\u00e4<\/td>\n<td>Riippuu pankista<\/td>\n<td>40 TL<\/td>\n<td>\u274c Ei<\/td>\n<td>Ei rajoituksia<\/td>\n<\/tr>\n<\/tbody>\n<\/table>\n<h3>\ud83d\ude8b Turisteille hy\u00f6dyllisimm\u00e4t raitiovaunu-, metro-, funikulaarilinjat ja lautat<\/h3>\n<ul data-spread=\"false\">\n<li><strong>Raitiovaunulinja T1:<\/strong> <strong>Sultanahmet<\/strong> \u2192 Emin\u00f6n\u00fc \u2192 Karak\u00f6y \u2192 Kabata\u015f<\/li>\n<li><strong>Metro M2:<\/strong> Yenikap\u0131 \u2192 <strong>Taksim<\/strong> (Istiklal-katu) \u2192 \u015ei\u015fli \u2192 Levent<\/li>\n<li><strong>Funikulaari F1:<\/strong> Kabata\u015f \u2194 <strong>Taksim<\/strong><\/li>\n<li><strong>Funikulaari F2 (T\u00fcnel):<\/strong> Karak\u00f6y \u2194 Beyo\u011flu (Istiklal-katu)<\/li>\n<li><strong>\u26f4 Lautat Emin\u00f6n\u00fcst\u00e4 tai Karak\u00f6yst\u00e4:<\/strong><\/li>\n<\/ul>\n<ol>\n<li><em>Kad\u0131k\u00f6y (Aasian puoli) \u2013 20\u201330 minuutin v\u00e4lein<\/em><\/li>\n<li><em>\u00dcsk\u00fcdar (Aasian puoli) \u2013 10\u201320 minuutin v\u00e4lein<\/em><\/li>\n<\/ol>\n<p><img decoding=\"async\" class=\"aligncenter\" src=\"https:\/\/officialguides.com\/wp-content\/uploads\/2025\/05\/istanbul-metro-haritasi-1024x644.jpg\" alt=\"Istanbul city metro, tram and railway map, plan\" \/><\/p>\n<h3>Miten p\u00e4\u00e4st\u00e4 Sultanahmetista, Taksimista ja lentokentilt\u00e4 t\u00e4rkeille alueille<\/h3>\n<p><strong>\ud83d\udccd Sultanahmet \u2192 Taksim \/ Istiklal \/ Galata:<\/strong><\/p>\n<ul data-spread=\"false\">\n<li><strong>Raitiovaunulla + funikulaarilla:<\/strong> T1 \u2192 Karak\u00f6y tai Kabata\u015f, jatka F2:lla (T\u00fcnel) tai F1:ll\u00e4<\/li>\n<li><strong>Metrolla:<\/strong> Veznecilerin asemalta (M2) suoraan \u015ei\u015fhaneen (Galata) tai <strong>Taksimiin<\/strong><\/li>\n<\/ul>\n<figure id=\"attachment_396173\" aria-describedby=\"caption-attachment-396173\" style=\"width: 1014px\" class=\"wp-caption aligncenter\"><img decoding=\"async\" class=\"wp-image-396165 size-full\" src=\"https:\/\/officialguides.com\/wp-content\/uploads\/2025\/05\/istanbul-funicular.jpg\" alt=\"Historical funicular (Tunnel \/ T\u00fcnel) running beetween Kark\u00f6y and Istiklal Street, Galata \" width=\"1024\" height=\"682\" srcset=\"https:\/\/officialguides.com\/wp-content\/uploads\/2025\/05\/istanbul-funicular.jpg 1024w, https:\/\/officialguides.com\/wp-content\/uploads\/2025\/05\/istanbul-funicular-300x200.jpg 300w, https:\/\/officialguides.com\/wp-content\/uploads\/2025\/05\/istanbul-funicular-768x512.jpg 768w\" sizes=\"(max-width: 1024px) 100vw, 1024px\" \/><figcaption id=\"caption-attachment-396173\" class=\"wp-caption-text\"><em>Historiallinen funikulaari &#8221;T\u00fcnel&#8221; kulkee Karak\u00f6yn ja Galatan alueiden v\u00e4lill\u00e4<\/em><\/figcaption><\/figure>\n<p><strong>\ud83d\udccd Sultanahmet \u2192 Kad\u0131k\u00f6y (Aasian puoli):<\/strong><\/p>\n<ul data-spread=\"false\">\n<li><strong>Lautalla:<\/strong> T1 \u2192 Emin\u00f6n\u00fc \/ Karak\u00f6y \/ Kabata\u015f \u2192 lautta Kad\u0131k\u00f6yhin (20\u201330 min)<\/li>\n<li><strong>Metrolla:<\/strong> Marmaray Sirkecist\u00e4 \u2192 Ayr\u0131l\u0131k\u00e7e\u015fmesi \u2192 M4 \u2192 Kad\u0131k\u00f6y<\/li>\n<\/ul>\n<p><strong>\ud83d\udccd Sultanahmet \u2192 \u00dcsk\u00fcdar (Aasian puoli):<\/strong><\/p>\n<ul data-spread=\"false\">\n<li><strong>Lautalla:<\/strong> T1 \u2192 Emin\u00f6n\u00fc \/ Karak\u00f6y \/ Kabata\u015f \u2192 lautta \u00dcsk\u00fcdariin (10\u201320 min)<\/li>\n<li><strong>Metrolla:<\/strong> Marmaray Sirkecist\u00e4 \u2192 \u00dcsk\u00fcdar<\/li>\n<\/ul>\n<figure id=\"attachment_396208\" aria-describedby=\"caption-attachment-396208\" style=\"width: 1014px\" class=\"wp-caption aligncenter\"><img decoding=\"async\" class=\"wp-image-396200 size-full\" src=\"https:\/\/officialguides.com\/wp-content\/uploads\/2025\/05\/how-to-get-to-in-istanbul.jpg\" alt=\"Miten p\u00e4\u00e4see Sultanahmetista tai Taksimista Aasian puolelle (Kad\u0131k\u00f6y, \u00dcsk\u00fcdar) Istanbulissa?\" width=\"1024\" height=\"576\" srcset=\"https:\/\/officialguides.com\/wp-content\/uploads\/2025\/05\/how-to-get-to-in-istanbul.jpg 1024w, https:\/\/officialguides.com\/wp-content\/uploads\/2025\/05\/how-to-get-to-in-istanbul-300x169.jpg 300w, https:\/\/officialguides.com\/wp-content\/uploads\/2025\/05\/how-to-get-to-in-istanbul-768x432.jpg 768w\" sizes=\"(max-width: 1024px) 100vw, 1024px\" \/><figcaption id=\"caption-attachment-396208\" class=\"wp-caption-text\"><em>Metroasema Aasian puolella<\/em><\/figcaption><\/figure>\n<p><strong>\ud83d\udccd Istanbulin lentoasema (IST) \u2192 Vanha kaupunki tai keskusta:<\/strong><\/p>\n<ul data-spread=\"false\">\n<li><strong>Metrolla:<\/strong> M11\/U2 \u2192 Gayrettepe (20 min v\u00e4lein 06:00\u201300:40) \u2192 M2 \u2192 <strong>Taksim<\/strong> \u2192 F1 \u2192 T1<\/li>\n<li><strong>Taksilla tai bussilla:<\/strong> n. 40 km; 30 \u20ac (keltainen), 35 \u20ac (sininen), 50 \u20ac (musta). <a href=\"https:\/\/www.istairport.com\/en\/airport\/airport-transportation\/urban-transportation\/public-transportation\/?locale=en\"><strong>HAVAIST<\/strong><\/a> ajaa 11 reitti\u00e4; lippu ~7 \u20ac<\/li>\n<\/ul>\n<p><strong>\ud83d\udccd Sabiha G\u00f6k\u00e7en (SAW) \u2192 Vanha kaupunki tai keskusta:<\/strong><\/p>\n<ul data-spread=\"false\">\n<li><strong>Metrolla:<\/strong> M4 \u2192 Ayr\u0131l\u0131k\u00e7e\u015fmesi \u2192 Marmaray \u2192 Sirkeci \/ Yenikap\u0131<\/li>\n<li><strong>Taksilla tai bussilla:<\/strong> 40\u201355 km, 30\u201360 \u20ac, riippuen reitist\u00e4. <a href=\"https:\/\/www.havabus.com\/yolcuservisi\/taksim-sabihagokcenhavalimani.aspx\"><strong>HAVABUS<\/strong><\/a> liikenn\u00f6i 3 reitti\u00e4; lippu ~7 \u20ac<\/li>\n<\/ul>\n<h3>Istanbulin sillat ja tunnelit<\/h3>\n<p>Istanbulissa on rakennettu merkitt\u00e4vi\u00e4 infrastruktuurihankkeita ylitt\u00e4m\u00e4\u00e4n kaupungin maantieteelliset haasteet. Kolmesta Bosporin sillasta pohjoisin on maailman levein riippusilta, jossa kulkee my\u00f6s junarata.<\/p>\n<p>Kaksi merenalaisista tunnelia yhdist\u00e4\u00e4 mantereet \u2013 toinen metrolle, toinen autoliikenteelle. Ne kuuluvat maailman syvimpiin tunneleihin.<\/p>\n<p>Lis\u00e4ksi Istanbulissa on rakennettu 12 autotunnelia, joiden yhteispituus on 145 km, helpottamaan liikennett\u00e4 ja parantamaan yhteyksi\u00e4 kaupungin sis\u00e4ll\u00e4.<\/p>\n<ul>\n<li><a href=\"https:\/\/www.metro.istanbul\/\" target=\"_blank\" rel=\"noopener\"><em>Istanbulin metron virallinen sivusto<\/em><\/a><\/li>\n<\/ul>\n","protected":false},"excerpt":{"rendered":"<p>T\u00e4ydellinen opas liikkumiseen Istanbulissa: Julkisen liikenteen vinkit matkailijoille Istanbulin liikenne voi aluksi tuntua sekavalta \u2013 mutta ei huolta! Kaupungissa on yksi Euroopan edullisimmista ja tehokkaimmista julkisen liikenteen j\u00e4rjestelmist\u00e4. Suuntaatpa sitten historialliseen Sultanahmetiin, vilkkaalle Taksim-aukiolle tai ylit\u00e4t mantereita lautalla, Istanbulin metro, raitiovaunut, bussit ja lautat tekev\u00e4t liikkumisesta helppoa. T\u00e4st\u00e4 oppaasta l\u00f6yd\u00e4t kaiken tarvittavan \u2013 Istanbulkartin hankinnasta &#8230; <a title=\"Istanbulin Julkinen Liikenne\" class=\"read-more\" href=\"https:\/\/officialguides.com\/fi\/istanbulin-julkinen-liikenne\/\" aria-label=\"Lue lis\u00e4\u00e4 aiheesta Istanbulin Julkinen Liikenne\">Lue lis\u00e4\u00e4<\/a><\/p>\n","protected":false},"author":3,"featured_media":396071,"parent":0,"menu_order":0,"comment_status":"closed","ping_status":"closed","template":"","meta":{"_acf_changed":false,"footnotes":""},"class_list":["post-396258","page","type-page","status-publish","has-post-thumbnail"],"acf":[],"yoast_head":"<!-- This site is optimized with the Yoast SEO plugin v27.4 - https:\/\/yoast.com\/product\/yoast-seo-wordpress\/ -->\n<title>Istanbulin julkinen liikenne: T\u00e4ydellinen opas 2025 \u2013 metro, lautat, hinnat ja turistivinkit<\/title>\n<meta name=\"description\" content=\"Opi liikkumaan helposti Istanbulissa: metro, raitiovaunu, lautta, lentokentt\u00e4, Istanbulkart, hinnat ja reittisuositukset matkailijoille.\" \/>\n<meta name=\"robots\" content=\"index, follow, max-snippet:-1, max-image-preview:large, max-video-preview:-1\" \/>\n<link rel=\"canonical\" href=\"https:\/\/officialguides.com\/fi\/istanbulin-julkinen-liikenne\/\" \/>\n<meta property=\"og:locale\" content=\"fi_FI\" \/>\n<meta property=\"og:type\" content=\"article\" \/>\n<meta property=\"og:title\" content=\"Istanbulin julkinen liikenne: T\u00e4ydellinen opas 2025 \u2013 metro, lautat, hinnat ja turistivinkit\" \/>\n<meta property=\"og:description\" content=\"Opi liikkumaan helposti Istanbulissa: metro, raitiovaunu, lautta, lentokentt\u00e4, Istanbulkart, hinnat ja reittisuositukset matkailijoille.\" \/>\n<meta property=\"og:url\" content=\"https:\/\/officialguides.com\/fi\/istanbulin-julkinen-liikenne\/\" \/>\n<meta property=\"og:site_name\" content=\"Find Your Private Tour Guide Around The World!\" \/>\n<meta property=\"og:image\" content=\"https:\/\/officialguides.com\/wp-content\/uploads\/2025\/05\/istanbul-public-transportation.jpg\" \/>\n\t<meta property=\"og:image:width\" content=\"1024\" \/>\n\t<meta property=\"og:image:height\" content=\"576\" \/>\n\t<meta property=\"og:image:type\" content=\"image\/jpeg\" \/>\n<meta name=\"twitter:card\" content=\"summary_large_image\" \/>\n<meta name=\"twitter:label1\" content=\"Arvioitu lukuaika\" \/>\n\t<meta name=\"twitter:data1\" content=\"3 minuuttia\" \/>\n<script type=\"application\/ld+json\" class=\"yoast-schema-graph\">{\"@context\":\"https:\\\/\\\/schema.org\",\"@graph\":[{\"@type\":\"WebPage\",\"@id\":\"https:\\\/\\\/officialguides.com\\\/fi\\\/istanbulin-julkinen-liikenne\\\/\",\"url\":\"https:\\\/\\\/officialguides.com\\\/fi\\\/istanbulin-julkinen-liikenne\\\/\",\"name\":\"Istanbulin julkinen liikenne: T\u00e4ydellinen opas 2025 \u2013 metro, lautat, hinnat ja turistivinkit\",\"isPartOf\":{\"@id\":\"https:\\\/\\\/officialguides.com\\\/fi\\\/#website\"},\"primaryImageOfPage\":{\"@id\":\"https:\\\/\\\/officialguides.com\\\/fi\\\/istanbulin-julkinen-liikenne\\\/#primaryimage\"},\"image\":{\"@id\":\"https:\\\/\\\/officialguides.com\\\/fi\\\/istanbulin-julkinen-liikenne\\\/#primaryimage\"},\"thumbnailUrl\":\"https:\\\/\\\/officialguides.com\\\/wp-content\\\/uploads\\\/2025\\\/05\\\/istanbul-public-transportation.jpg\",\"datePublished\":\"2025-05-28T18:58:24+00:00\",\"description\":\"Opi liikkumaan helposti Istanbulissa: metro, raitiovaunu, lautta, lentokentt\u00e4, Istanbulkart, hinnat ja reittisuositukset matkailijoille.\",\"breadcrumb\":{\"@id\":\"https:\\\/\\\/officialguides.com\\\/fi\\\/istanbulin-julkinen-liikenne\\\/#breadcrumb\"},\"inLanguage\":\"fi\",\"potentialAction\":[{\"@type\":\"ReadAction\",\"target\":[\"https:\\\/\\\/officialguides.com\\\/fi\\\/istanbulin-julkinen-liikenne\\\/\"]}]},{\"@type\":\"ImageObject\",\"inLanguage\":\"fi\",\"@id\":\"https:\\\/\\\/officialguides.com\\\/fi\\\/istanbulin-julkinen-liikenne\\\/#primaryimage\",\"url\":\"https:\\\/\\\/officialguides.com\\\/wp-content\\\/uploads\\\/2025\\\/05\\\/istanbul-public-transportation.jpg\",\"contentUrl\":\"https:\\\/\\\/officialguides.com\\\/wp-content\\\/uploads\\\/2025\\\/05\\\/istanbul-public-transportation.jpg\",\"width\":1024,\"height\":576,\"caption\":\"Julkinen liikenne Istanbulissa: metro, raitiovaunu, lautta, lentokent\u00e4t, hinnat ja reitit.\"},{\"@type\":\"BreadcrumbList\",\"@id\":\"https:\\\/\\\/officialguides.com\\\/fi\\\/istanbulin-julkinen-liikenne\\\/#breadcrumb\",\"itemListElement\":[{\"@type\":\"ListItem\",\"position\":1,\"name\":\"Home\",\"item\":\"https:\\\/\\\/officialguides.com\\\/fi\\\/\"},{\"@type\":\"ListItem\",\"position\":2,\"name\":\"Istanbulin Julkinen Liikenne\"}]},{\"@type\":\"WebSite\",\"@id\":\"https:\\\/\\\/officialguides.com\\\/fi\\\/#website\",\"url\":\"https:\\\/\\\/officialguides.com\\\/fi\\\/\",\"name\":\"Official Tour Guides Around The World! Istanbul, Paris, Rome, Dubai...\",\"description\":\"Explore cities and popular destinations with professional, official, certified tour guides\",\"alternateName\":\"Official Guides\",\"potentialAction\":[{\"@type\":\"SearchAction\",\"target\":{\"@type\":\"EntryPoint\",\"urlTemplate\":\"https:\\\/\\\/officialguides.com\\\/fi\\\/?s={search_term_string}\"},\"query-input\":{\"@type\":\"PropertyValueSpecification\",\"valueRequired\":true,\"valueName\":\"search_term_string\"}}],\"inLanguage\":\"fi\"}]}<\/script>\n<!-- \/ Yoast SEO plugin. -->","yoast_head_json":{"title":"Istanbulin julkinen liikenne: T\u00e4ydellinen opas 2025 \u2013 metro, lautat, hinnat ja turistivinkit","description":"Opi liikkumaan helposti Istanbulissa: metro, raitiovaunu, lautta, lentokentt\u00e4, Istanbulkart, hinnat ja reittisuositukset matkailijoille.","robots":{"index":"index","follow":"follow","max-snippet":"max-snippet:-1","max-image-preview":"max-image-preview:large","max-video-preview":"max-video-preview:-1"},"canonical":"https:\/\/officialguides.com\/fi\/istanbulin-julkinen-liikenne\/","og_locale":"fi_FI","og_type":"article","og_title":"Istanbulin julkinen liikenne: T\u00e4ydellinen opas 2025 \u2013 metro, lautat, hinnat ja turistivinkit","og_description":"Opi liikkumaan helposti Istanbulissa: metro, raitiovaunu, lautta, lentokentt\u00e4, Istanbulkart, hinnat ja reittisuositukset matkailijoille.","og_url":"https:\/\/officialguides.com\/fi\/istanbulin-julkinen-liikenne\/","og_site_name":"Find Your Private Tour Guide Around The World!","og_image":[{"width":1024,"height":576,"url":"https:\/\/officialguides.com\/wp-content\/uploads\/2025\/05\/istanbul-public-transportation.jpg","type":"image\/jpeg"}],"twitter_card":"summary_large_image","twitter_misc":{"Arvioitu lukuaika":"3 minuuttia"},"schema":{"@context":"https:\/\/schema.org","@graph":[{"@type":"WebPage","@id":"https:\/\/officialguides.com\/fi\/istanbulin-julkinen-liikenne\/","url":"https:\/\/officialguides.com\/fi\/istanbulin-julkinen-liikenne\/","name":"Istanbulin julkinen liikenne: T\u00e4ydellinen opas 2025 \u2013 metro, lautat, hinnat ja turistivinkit","isPartOf":{"@id":"https:\/\/officialguides.com\/fi\/#website"},"primaryImageOfPage":{"@id":"https:\/\/officialguides.com\/fi\/istanbulin-julkinen-liikenne\/#primaryimage"},"image":{"@id":"https:\/\/officialguides.com\/fi\/istanbulin-julkinen-liikenne\/#primaryimage"},"thumbnailUrl":"https:\/\/officialguides.com\/wp-content\/uploads\/2025\/05\/istanbul-public-transportation.jpg","datePublished":"2025-05-28T18:58:24+00:00","description":"Opi liikkumaan helposti Istanbulissa: metro, raitiovaunu, lautta, lentokentt\u00e4, Istanbulkart, hinnat ja reittisuositukset matkailijoille.","breadcrumb":{"@id":"https:\/\/officialguides.com\/fi\/istanbulin-julkinen-liikenne\/#breadcrumb"},"inLanguage":"fi","potentialAction":[{"@type":"ReadAction","target":["https:\/\/officialguides.com\/fi\/istanbulin-julkinen-liikenne\/"]}]},{"@type":"ImageObject","inLanguage":"fi","@id":"https:\/\/officialguides.com\/fi\/istanbulin-julkinen-liikenne\/#primaryimage","url":"https:\/\/officialguides.com\/wp-content\/uploads\/2025\/05\/istanbul-public-transportation.jpg","contentUrl":"https:\/\/officialguides.com\/wp-content\/uploads\/2025\/05\/istanbul-public-transportation.jpg","width":1024,"height":576,"caption":"Julkinen liikenne Istanbulissa: metro, raitiovaunu, lautta, lentokent\u00e4t, hinnat ja reitit."},{"@type":"BreadcrumbList","@id":"https:\/\/officialguides.com\/fi\/istanbulin-julkinen-liikenne\/#breadcrumb","itemListElement":[{"@type":"ListItem","position":1,"name":"Home","item":"https:\/\/officialguides.com\/fi\/"},{"@type":"ListItem","position":2,"name":"Istanbulin Julkinen Liikenne"}]},{"@type":"WebSite","@id":"https:\/\/officialguides.com\/fi\/#website","url":"https:\/\/officialguides.com\/fi\/","name":"Official Tour Guides Around The World! Istanbul, Paris, Rome, Dubai...","description":"Explore cities and popular destinations with professional, official, certified tour guides","alternateName":"Official Guides","potentialAction":[{"@type":"SearchAction","target":{"@type":"EntryPoint","urlTemplate":"https:\/\/officialguides.com\/fi\/?s={search_term_string}"},"query-input":{"@type":"PropertyValueSpecification","valueRequired":true,"valueName":"search_term_string"}}],"inLanguage":"fi"}]}},"_links":{"self":[{"href":"https:\/\/officialguides.com\/fi\/wp-json\/wp\/v2\/pages\/396258","targetHints":{"allow":["GET"]}}],"collection":[{"href":"https:\/\/officialguides.com\/fi\/wp-json\/wp\/v2\/pages"}],"about":[{"href":"https:\/\/officialguides.com\/fi\/wp-json\/wp\/v2\/types\/page"}],"author":[{"embeddable":true,"href":"https:\/\/officialguides.com\/fi\/wp-json\/wp\/v2\/users\/3"}],"replies":[{"embeddable":true,"href":"https:\/\/officialguides.com\/fi\/wp-json\/wp\/v2\/comments?post=396258"}],"version-history":[{"count":0,"href":"https:\/\/officialguides.com\/fi\/wp-json\/wp\/v2\/pages\/396258\/revisions"}],"wp:featuredmedia":[{"embeddable":true,"href":"https:\/\/officialguides.com\/fi\/wp-json\/wp\/v2\/media\/396071"}],"wp:attachment":[{"href":"https:\/\/officialguides.com\/fi\/wp-json\/wp\/v2\/media?parent=396258"}],"curies":[{"name":"wp","href":"https:\/\/api.w.org\/{rel}","templated":true}]}}