{"id":394755,"date":"2025-04-18T20:03:00","date_gmt":"2025-04-18T17:03:00","guid":{"rendered":"https:\/\/officialguides.com\/laakarimatkailu\/"},"modified":"2025-04-18T20:03:00","modified_gmt":"2025-04-18T17:03:00","slug":"laakarimatkailu","status":"publish","type":"page","link":"https:\/\/officialguides.com\/fi\/laakarimatkailu\/","title":{"rendered":"L\u00e4\u00e4k\u00e4rimatkailu"},"content":{"rendered":"<h2 class=\"\" data-start=\"552\" data-end=\"590\">\ud83c\udf0d Kansainv\u00e4linen L\u00e4\u00e4k\u00e4rimatkailu<\/h2>\n<p class=\"\" data-start=\"591\" data-end=\"697\"><strong data-start=\"591\" data-end=\"697\">Tutustu luotettaviin l\u00e4\u00e4k\u00e4rimatkailun kohteisiin \u2013 saatavilla selke\u00e4\u00e4 tietoa ja kulttuurisia el\u00e4myksi\u00e4<\/strong><\/p>\n<p class=\"\" data-start=\"699\" data-end=\"909\">Tervetuloa alustalle, joka auttaa sinua tutustumaan maailman arvostetuimpiin <strong data-start=\"776\" data-end=\"822\">kansainv\u00e4lisen l\u00e4\u00e4k\u00e4rimatkailun kohteisiin<\/strong>, joissa korkealaatuinen terveydenhuolto yhdistyy ainutlaatuisiin kulttuurikokemuksiin.<\/p>\n<p class=\"\" data-start=\"911\" data-end=\"1211\">Sivustolla <strong data-start=\"922\" data-end=\"944\">officialguides.com<\/strong> tarjoamme yleist\u00e4 tietoa <strong data-start=\"970\" data-end=\"1039\">kliinikoista ja sairaaloista, jotka hoitavat ulkomaisia potilaita<\/strong>. Emme itse tarjoa l\u00e4\u00e4ketieteellisi\u00e4 palveluita, vaan autamme sinua l\u00f6yt\u00e4m\u00e4\u00e4n luotettavia palveluntarjoajia ulkomailla ja rikastuttamaan matkaasi my\u00f6s kulttuuriel\u00e4myksill\u00e4.<\/p>\n<hr class=\"\" data-start=\"1213\" data-end=\"1216\" \/>\n<h3 class=\"\" data-start=\"1218\" data-end=\"1251\">Miksi Valita L\u00e4\u00e4k\u00e4rimatkailu?<\/h3>\n<p class=\"\" data-start=\"1253\" data-end=\"1340\">Miljoonat ihmiset valitsevat vuosittain hakeutua hoitoon ulkomaille seuraavista syist\u00e4:<\/p>\n<ul>\n<li data-start=\"1344\" data-end=\"1417\">\ud83c\udfe5 P\u00e4\u00e4sy akkreditoituihin klinikoihin ja kokeneisiin erikoisl\u00e4\u00e4k\u00e4reihin<\/li>\n<li data-start=\"1420\" data-end=\"1466\">\ud83d\udcb0 Edullisemmat hinnat verrattuna kotimaahan<\/li>\n<li data-start=\"1469\" data-end=\"1495\">\ud83d\udcc6 Lyhyemm\u00e4t jonotusajat<\/li>\n<li data-start=\"1498\" data-end=\"1543\">\u2708\ufe0f Mahdollisuus yhdist\u00e4\u00e4 hoito ja lomamatka<\/li>\n<li data-start=\"1546\" data-end=\"1590\">\ud83d\udcac Monikielinen, potilasyst\u00e4v\u00e4llinen palvelu<\/li>\n<\/ul>\n<p class=\"\" data-start=\"1592\" data-end=\"1730\">Autamme sinua l\u00f6yt\u00e4m\u00e4\u00e4n maita, jotka tunnetaan <strong data-start=\"1639\" data-end=\"1729\">korkealaatuisesta terveydenhuollosta ja hyv\u00e4st\u00e4 palvelusta kansainv\u00e4lisille potilaille<\/strong>.<\/p>\n<hr class=\"\" data-start=\"1732\" data-end=\"1735\" \/>\n<h3 class=\"\" data-start=\"1737\" data-end=\"1760\">Suosituimmat Hoidot<\/h3>\n<p class=\"\" data-start=\"1762\" data-end=\"1855\">Esittelemme kohteita, joissa ulkomaiset potilaat hakeutuvat erityisesti seuraaviin hoitoihin:<\/p>\n<ul>\n<li data-start=\"1859\" data-end=\"1911\">\u2705 <strong data-start=\"1861\" data-end=\"1876\">Hammashoito<\/strong> (implantit, kuoret, hymy-design)<\/li>\n<li data-start=\"1914\" data-end=\"1955\">\u2705 <strong data-start=\"1916\" data-end=\"1953\">Esteettinen ja plastiikkakirurgia<\/strong><\/li>\n<li data-start=\"1958\" data-end=\"1980\">\u2705 <strong data-start=\"1960\" data-end=\"1978\">Hiustensiirrot<\/strong><\/li>\n<li data-start=\"1983\" data-end=\"2014\">\u2705 <strong data-start=\"1985\" data-end=\"2012\">Hedelm\u00f6ityshoidot (IVF)<\/strong><\/li>\n<li data-start=\"2017\" data-end=\"2061\">\u2705 <strong data-start=\"2019\" data-end=\"2059\">Ortopediset ja selk\u00e4rankaleikkaukset<\/strong><\/li>\n<li data-start=\"2064\" data-end=\"2100\">\u2705 <strong data-start=\"2066\" data-end=\"2098\">Laserhoidot ja silm\u00e4kirurgia<\/strong><\/li>\n<li data-start=\"2103\" data-end=\"2173\">\u2705 <strong data-start=\"2105\" data-end=\"2173\">Hyvinvointiohjelmat, kuntoutus ja ik\u00e4\u00e4ntymist\u00e4 ehk\u00e4isev\u00e4t hoidot<\/strong><\/li>\n<\/ul>\n<p class=\"\" data-start=\"2175\" data-end=\"2315\">\ud83d\udccc <em data-start=\"2178\" data-end=\"2315\">Huomautus: emme tarjoa l\u00e4\u00e4ketieteellisi\u00e4 neuvoja emmek\u00e4 takaa hoitotuloksia. Kaikki tiedot ovat yleisi\u00e4 ja tarkoitettu vain vertailuun.<\/em><\/p>\n<hr class=\"\" data-start=\"2317\" data-end=\"2320\" \/>\n<h3 class=\"\" data-start=\"2322\" data-end=\"2362\">Suositellut L\u00e4\u00e4k\u00e4rimatkailun Kohteet<\/h3>\n<p class=\"\" data-start=\"2364\" data-end=\"2447\">Seuraavat maat on valittu niiden laadukkaan ja luotettavan terveydenhuollon vuoksi:<\/p>\n<ul>\n<li data-start=\"2451\" data-end=\"2620\">\ud83c\uddf9\ud83c\uddf7 <strong data-start=\"2456\" data-end=\"2466\">Turkki<\/strong> \u2013 esteettinen hammashoito, plastiikkakirurgia, silm\u00e4hoidot, elinluovutus, onkologia, syd\u00e4nkirurgia, ortopedinen kirurgia ja keinohedelm\u00f6ityshoito (IVF)<\/li>\n<li data-start=\"2623\" data-end=\"2681\">\ud83c\udded\ud83c\uddfa <strong data-start=\"2628\" data-end=\"2638\">Unkari<\/strong> \u2013 kosmeettinen hammashoito, oikomishoito<\/li>\n<li data-start=\"2684\" data-end=\"2742\">\ud83c\udded\ud83c\uddf7 <strong data-start=\"2689\" data-end=\"2700\">Kroatia<\/strong> \u2013 hammashoito, hyvinvointi ja kuntoutus<\/li>\n<li data-start=\"2745\" data-end=\"2804\">\ud83c\uddf2\ud83c\uddfd <strong data-start=\"2750\" data-end=\"2761\">Meksiko<\/strong> \u2013 lihavuusleikkaukset, hedelm\u00f6ityshoidot<\/li>\n<li data-start=\"2807\" data-end=\"2879\">\ud83c\uddea\ud83c\uddf8 <strong data-start=\"2812\" data-end=\"2823\">Espanja<\/strong> \u2013 esteettinen kirurgia, ik\u00e4\u00e4ntymisen vastaiset hoidot<\/li>\n<li data-start=\"2882\" data-end=\"2946\">\ud83c\uddf9\ud83c\udded <strong data-start=\"2887\" data-end=\"2898\">Thaimaa<\/strong> \u2013 l\u00e4\u00e4kint\u00e4kylpyl\u00e4t, kosmeettiset toimenpiteet<\/li>\n<li data-start=\"2949\" data-end=\"3012\">\ud83c\uddf0\ud83c\uddf7 <strong data-start=\"2954\" data-end=\"2969\">Etel\u00e4-Korea<\/strong> \u2013 ihonhoito, edistykselliset kasvohoidot<\/li>\n<li data-start=\"3015\" data-end=\"3076\">\ud83c\uddee\ud83c\uddf3 <strong data-start=\"3020\" data-end=\"3029\">Intia<\/strong> \u2013 ortopedia, syd\u00e4nkirurgia, ayurvediset hoidot<\/li>\n<\/ul>\n<p class=\"\" data-start=\"3078\" data-end=\"3197\">Kaikki esitellyt palveluntarjoajat ovat <strong data-start=\"3118\" data-end=\"3143\">itsen\u00e4isi\u00e4 klinikoita<\/strong>, joilla on kokemusta ulkomaisten potilaiden hoidosta.<\/p>\n<hr class=\"\" data-start=\"3199\" data-end=\"3202\" \/>\n<h3 class=\"\" data-start=\"3204\" data-end=\"3234\">Yhdist\u00e4 Hoito ja Kulttuuri<\/h3>\n<p class=\"\" data-start=\"3236\" data-end=\"3552\">L\u00e4\u00e4ketieteellisen tiedon lis\u00e4ksi tarjoamme mahdollisuuden yhdist\u00e4\u00e4 matkaasi my\u00f6s <strong data-start=\"3317\" data-end=\"3353\">sertifioitujen oppaiden palvelut<\/strong> valituissa kohteissa.<br data-start=\"3375\" data-end=\"3378\" \/>Olipa kyseess\u00e4 historiallinen k\u00e4velykierros Istanbulissa, viinireitti Espanjassa tai panoraamamatka Tonavaa pitkin \u2013 toipumisaikasi voi olla osa rikastuttavaa matkakokemusta.<\/p>\n<blockquote data-start=\"3554\" data-end=\"3658\">\n<p class=\"\" data-start=\"3556\" data-end=\"3658\">\ud83c\udfa7 <em data-start=\"3559\" data-end=\"3658\">Yksityiset opastetut kierrokset ovat valinnaisia ja j\u00e4rjestet\u00e4\u00e4n pyynn\u00f6st\u00e4 ammattilaisten kanssa.<\/em><\/p>\n<\/blockquote>\n<hr class=\"\" data-start=\"3660\" data-end=\"3663\" \/>\n<h3 class=\"\" data-start=\"3665\" data-end=\"3699\">Neutraali ja Tiedottava Alusta<\/h3>\n<ul>\n<li data-start=\"3703\" data-end=\"3780\">\u2757 <strong data-start=\"3705\" data-end=\"3778\">Emme suosittele tiettyj\u00e4 hoitoja tai l\u00e4\u00e4ketieteellisi\u00e4 toimenpiteit\u00e4.<\/strong><\/li>\n<li data-start=\"3783\" data-end=\"3864\">\ud83c\udfe5 Klinikan, l\u00e4\u00e4k\u00e4rin ja hoitomenetelm\u00e4n valinta on t\u00e4ysin k\u00e4ytt\u00e4j\u00e4n vastuulla.<\/li>\n<li data-start=\"3867\" data-end=\"3922\">\ud83d\udcd1 Kaikki tiedot ovat yleisi\u00e4 eiv\u00e4tk\u00e4 sido mihink\u00e4\u00e4n.<\/li>\n<li data-start=\"3925\" data-end=\"4011\">\ud83d\udee1\ufe0f <strong data-start=\"3929\" data-end=\"4011\">Emme vastaa hoitotuloksista tai kolmansien osapuolien tarjoamista palveluista.<\/strong><\/li>\n<\/ul>\n<hr class=\"\" data-start=\"4013\" data-end=\"4016\" \/>\n<h3 class=\"\" data-start=\"4018\" data-end=\"4043\">\u2709\ufe0f Haluatko Aloittaa?<\/h3>\n<p class=\"\" data-start=\"4045\" data-end=\"4170\">Jos harkitset l\u00e4\u00e4k\u00e4rimatkailua ja haluat lis\u00e4tietoja kohteista, klinikoista tai kulttuuriel\u00e4myksist\u00e4, ota rohkeasti yhteytt\u00e4.<\/p>\n<p class=\"\" data-start=\"4172\" data-end=\"4267\">\ud83d\udc49 <span style=\"text-decoration: underline;\"><strong data-start=\"4175\" data-end=\"4195\">OTA YHTEYTT\u00c4 NYT<\/strong><\/span> saadaksesi yleiskuvan hoitovaihtoehdoista ja yksityisist\u00e4 kierroksista.<\/p>\n<p data-start=\"4172\" data-end=\"4267\"><div class=\"wpforms-container wpforms-container-full\" id=\"wpforms-4263\"><form id=\"wpforms-form-4263\" class=\"wpforms-validate wpforms-form\" data-formid=\"4263\" method=\"post\" enctype=\"multipart\/form-data\" action=\"\/fi\/wp-json\/wp\/v2\/pages\/394755\" data-token=\"e55905b6665478818f3198ba995420eb\" data-token-time=\"1777278841\"><noscript class=\"wpforms-error-noscript\">Please enable JavaScript in your browser to complete this form.<\/noscript><div class=\"wpforms-field-container\"><div id=\"wpforms-4263-field_0-container\" class=\"wpforms-field wpforms-field-name\" data-field-id=\"0\"><label class=\"wpforms-field-label\">Name <span class=\"wpforms-required-label\">*<\/span><\/label><div class=\"wpforms-field-row wpforms-field-medium\"><div class=\"wpforms-field-row-block wpforms-first wpforms-one-half\"><input type=\"text\" id=\"wpforms-4263-field_0\" class=\"wpforms-field-name-first wpforms-field-required\" name=\"wpforms[fields][0][first]\" required><label for=\"wpforms-4263-field_0\" class=\"wpforms-field-sublabel after\">First<\/label><\/div><div class=\"wpforms-field-row-block wpforms-one-half\"><input type=\"text\" id=\"wpforms-4263-field_0-last\" class=\"wpforms-field-name-last wpforms-field-required\" name=\"wpforms[fields][0][last]\" required><label for=\"wpforms-4263-field_0-last\" class=\"wpforms-field-sublabel after\">Last<\/label><\/div><\/div><\/div><div id=\"wpforms-4263-field_1-container\" class=\"wpforms-field wpforms-field-email\" data-field-id=\"1\"><label class=\"wpforms-field-label\" for=\"wpforms-4263-field_1\">Email <span class=\"wpforms-required-label\">*<\/span><\/label><input type=\"email\" id=\"wpforms-4263-field_1\" class=\"wpforms-field-medium wpforms-field-required\" name=\"wpforms[fields][1]\" spellcheck=\"false\" required><\/div><div id=\"wpforms-4263-field_4-container\" class=\"wpforms-field wpforms-field-phone\" data-field-id=\"4\"><label class=\"wpforms-field-label\" for=\"wpforms-4263-field_4\">Mobile Phone<\/label><input type=\"tel\" id=\"wpforms-4263-field_4\" class=\"wpforms-field-medium wpforms-smart-phone-field\" data-rule-smart-phone-field=\"true\" name=\"wpforms[fields][4]\" aria-label=\"Mobile Phone\" ><\/div><div id=\"wpforms-4263-field_2-container\" class=\"wpforms-field wpforms-field-textarea\" data-field-id=\"2\"><label class=\"wpforms-field-label\" for=\"wpforms-4263-field_2\">Comment or Message <span class=\"wpforms-required-label\">*<\/span><\/label><textarea id=\"wpforms-4263-field_2\" class=\"wpforms-field-medium wpforms-field-required\" name=\"wpforms[fields][2]\" required><\/textarea><\/div><\/div><!-- .wpforms-field-container --><div class=\"wpforms-field wpforms-field-hp\"><label for=\"wpforms-4263-field-hp\" class=\"wpforms-field-label\">Email<\/label><input type=\"text\" name=\"wpforms[hp]\" id=\"wpforms-4263-field-hp\" class=\"wpforms-field-medium\"><\/div><div class=\"wpforms-recaptcha-container wpforms-is-recaptcha wpforms-is-recaptcha-type-v2\" ><div class=\"g-recaptcha\" data-sitekey=\"6LcUi_IZAAAAAPZECIskiqveM1KET8SQPPj592eW\"><\/div><input type=\"text\" name=\"g-recaptcha-hidden\" class=\"wpforms-recaptcha-hidden\" style=\"position:absolute!important;clip:rect(0,0,0,0)!important;height:1px!important;width:1px!important;border:0!important;overflow:hidden!important;padding:0!important;margin:0!important;\" data-rule-recaptcha=\"1\"><\/div><div class=\"wpforms-submit-container\" ><input type=\"hidden\" name=\"wpforms[id]\" value=\"4263\"><input type=\"hidden\" name=\"page_title\" value=\"\"><input type=\"hidden\" name=\"page_url\" value=\"https:\/\/officialguides.com\/fi\/wp-json\/wp\/v2\/pages\/394755\"><input type=\"hidden\" name=\"url_referer\" value=\"\"><button type=\"submit\" name=\"wpforms[submit]\" id=\"wpforms-submit-4263\" class=\"wpforms-submit\" data-alt-text=\"Sending...\" data-submit-text=\"Submit\" aria-live=\"assertive\" value=\"wpforms-submit\">Submit<\/button><\/div><\/form><\/div>  <!-- .wpforms-container --><\/p>\n","protected":false},"excerpt":{"rendered":"<p>\ud83c\udf0d Kansainv\u00e4linen L\u00e4\u00e4k\u00e4rimatkailu Tutustu luotettaviin l\u00e4\u00e4k\u00e4rimatkailun kohteisiin \u2013 saatavilla selke\u00e4\u00e4 tietoa ja kulttuurisia el\u00e4myksi\u00e4 Tervetuloa alustalle, joka auttaa sinua tutustumaan maailman arvostetuimpiin kansainv\u00e4lisen l\u00e4\u00e4k\u00e4rimatkailun kohteisiin, joissa korkealaatuinen terveydenhuolto yhdistyy ainutlaatuisiin kulttuurikokemuksiin. Sivustolla officialguides.com tarjoamme yleist\u00e4 tietoa kliinikoista ja sairaaloista, jotka hoitavat ulkomaisia potilaita. Emme itse tarjoa l\u00e4\u00e4ketieteellisi\u00e4 palveluita, vaan autamme sinua l\u00f6yt\u00e4m\u00e4\u00e4n luotettavia palveluntarjoajia ulkomailla &#8230; <a title=\"L\u00e4\u00e4k\u00e4rimatkailu\" class=\"read-more\" href=\"https:\/\/officialguides.com\/fi\/laakarimatkailu\/\" aria-label=\"Lue lis\u00e4\u00e4 aiheesta L\u00e4\u00e4k\u00e4rimatkailu\">Lue lis\u00e4\u00e4<\/a><\/p>\n","protected":false},"author":3,"featured_media":394712,"parent":0,"menu_order":0,"comment_status":"closed","ping_status":"closed","template":"","meta":{"_acf_changed":false,"footnotes":""},"class_list":["post-394755","page","type-page","status-publish","has-post-thumbnail"],"acf":[],"yoast_head":"<!-- This site is optimized with the Yoast SEO plugin v27.4 - https:\/\/yoast.com\/product\/yoast-seo-wordpress\/ -->\n<title>Kansainv\u00e4linen L\u00e4\u00e4k\u00e4rimatkailu \u2013 Luotettavat Klinikayhteydet ja Kulttuurikokemukset<\/title>\n<meta name=\"description\" content=\"Tutustu maailman parhaisiin terveydenhuoltomatkailun kohteisiin. Vertaa kansainv\u00e4lisi\u00e4 klinikoita ja yhdist\u00e4 hoito kulttuuriel\u00e4myksiin.\" \/>\n<meta name=\"robots\" content=\"index, follow, max-snippet:-1, max-image-preview:large, max-video-preview:-1\" \/>\n<link rel=\"canonical\" href=\"https:\/\/officialguides.com\/fi\/laakarimatkailu\/\" \/>\n<meta property=\"og:locale\" content=\"fi_FI\" \/>\n<meta property=\"og:type\" content=\"article\" \/>\n<meta property=\"og:title\" content=\"Kansainv\u00e4linen L\u00e4\u00e4k\u00e4rimatkailu \u2013 Luotettavat Klinikayhteydet ja Kulttuurikokemukset\" \/>\n<meta property=\"og:description\" content=\"Tutustu maailman parhaisiin terveydenhuoltomatkailun kohteisiin. Vertaa kansainv\u00e4lisi\u00e4 klinikoita ja yhdist\u00e4 hoito kulttuuriel\u00e4myksiin.\" \/>\n<meta property=\"og:url\" content=\"https:\/\/officialguides.com\/fi\/laakarimatkailu\/\" \/>\n<meta property=\"og:site_name\" content=\"Find Your Private Tour Guide Around The World!\" \/>\n<meta property=\"og:image\" content=\"https:\/\/officialguides.com\/wp-content\/uploads\/2025\/04\/medical-tourism.jpg\" \/>\n\t<meta property=\"og:image:width\" content=\"1023\" \/>\n\t<meta property=\"og:image:height\" content=\"373\" \/>\n\t<meta property=\"og:image:type\" content=\"image\/jpeg\" \/>\n<meta name=\"twitter:card\" content=\"summary_large_image\" \/>\n<meta name=\"twitter:label1\" content=\"Arvioitu lukuaika\" \/>\n\t<meta name=\"twitter:data1\" content=\"2 minuuttia\" \/>\n<script type=\"application\/ld+json\" class=\"yoast-schema-graph\">{\"@context\":\"https:\\\/\\\/schema.org\",\"@graph\":[{\"@type\":\"WebPage\",\"@id\":\"https:\\\/\\\/officialguides.com\\\/fi\\\/laakarimatkailu\\\/\",\"url\":\"https:\\\/\\\/officialguides.com\\\/fi\\\/laakarimatkailu\\\/\",\"name\":\"Kansainv\u00e4linen L\u00e4\u00e4k\u00e4rimatkailu \u2013 Luotettavat Klinikayhteydet ja Kulttuurikokemukset\",\"isPartOf\":{\"@id\":\"https:\\\/\\\/officialguides.com\\\/fi\\\/#website\"},\"primaryImageOfPage\":{\"@id\":\"https:\\\/\\\/officialguides.com\\\/fi\\\/laakarimatkailu\\\/#primaryimage\"},\"image\":{\"@id\":\"https:\\\/\\\/officialguides.com\\\/fi\\\/laakarimatkailu\\\/#primaryimage\"},\"thumbnailUrl\":\"https:\\\/\\\/officialguides.com\\\/wp-content\\\/uploads\\\/2025\\\/04\\\/medical-tourism.jpg\",\"datePublished\":\"2025-04-18T17:03:00+00:00\",\"description\":\"Tutustu maailman parhaisiin terveydenhuoltomatkailun kohteisiin. Vertaa kansainv\u00e4lisi\u00e4 klinikoita ja yhdist\u00e4 hoito kulttuuriel\u00e4myksiin.\",\"breadcrumb\":{\"@id\":\"https:\\\/\\\/officialguides.com\\\/fi\\\/laakarimatkailu\\\/#breadcrumb\"},\"inLanguage\":\"fi\",\"potentialAction\":[{\"@type\":\"ReadAction\",\"target\":[\"https:\\\/\\\/officialguides.com\\\/fi\\\/laakarimatkailu\\\/\"]}]},{\"@type\":\"ImageObject\",\"inLanguage\":\"fi\",\"@id\":\"https:\\\/\\\/officialguides.com\\\/fi\\\/laakarimatkailu\\\/#primaryimage\",\"url\":\"https:\\\/\\\/officialguides.com\\\/wp-content\\\/uploads\\\/2025\\\/04\\\/medical-tourism.jpg\",\"contentUrl\":\"https:\\\/\\\/officialguides.com\\\/wp-content\\\/uploads\\\/2025\\\/04\\\/medical-tourism.jpg\",\"width\":1023,\"height\":373,\"caption\":\"Kansainv\u00e4linen potilas tutkii l\u00e4\u00e4ketietoa kulttuurimatkan aikana\"},{\"@type\":\"BreadcrumbList\",\"@id\":\"https:\\\/\\\/officialguides.com\\\/fi\\\/laakarimatkailu\\\/#breadcrumb\",\"itemListElement\":[{\"@type\":\"ListItem\",\"position\":1,\"name\":\"Home\",\"item\":\"https:\\\/\\\/officialguides.com\\\/fi\\\/\"},{\"@type\":\"ListItem\",\"position\":2,\"name\":\"L\u00e4\u00e4k\u00e4rimatkailu\"}]},{\"@type\":\"WebSite\",\"@id\":\"https:\\\/\\\/officialguides.com\\\/fi\\\/#website\",\"url\":\"https:\\\/\\\/officialguides.com\\\/fi\\\/\",\"name\":\"Official Tour Guides Around The World! Istanbul, Paris, Rome, Dubai...\",\"description\":\"Explore cities and popular destinations with professional, official, certified tour guides\",\"alternateName\":\"Official Guides\",\"potentialAction\":[{\"@type\":\"SearchAction\",\"target\":{\"@type\":\"EntryPoint\",\"urlTemplate\":\"https:\\\/\\\/officialguides.com\\\/fi\\\/?s={search_term_string}\"},\"query-input\":{\"@type\":\"PropertyValueSpecification\",\"valueRequired\":true,\"valueName\":\"search_term_string\"}}],\"inLanguage\":\"fi\"}]}<\/script>\n<!-- \/ Yoast SEO plugin. -->","yoast_head_json":{"title":"Kansainv\u00e4linen L\u00e4\u00e4k\u00e4rimatkailu \u2013 Luotettavat Klinikayhteydet ja Kulttuurikokemukset","description":"Tutustu maailman parhaisiin terveydenhuoltomatkailun kohteisiin. Vertaa kansainv\u00e4lisi\u00e4 klinikoita ja yhdist\u00e4 hoito kulttuuriel\u00e4myksiin.","robots":{"index":"index","follow":"follow","max-snippet":"max-snippet:-1","max-image-preview":"max-image-preview:large","max-video-preview":"max-video-preview:-1"},"canonical":"https:\/\/officialguides.com\/fi\/laakarimatkailu\/","og_locale":"fi_FI","og_type":"article","og_title":"Kansainv\u00e4linen L\u00e4\u00e4k\u00e4rimatkailu \u2013 Luotettavat Klinikayhteydet ja Kulttuurikokemukset","og_description":"Tutustu maailman parhaisiin terveydenhuoltomatkailun kohteisiin. Vertaa kansainv\u00e4lisi\u00e4 klinikoita ja yhdist\u00e4 hoito kulttuuriel\u00e4myksiin.","og_url":"https:\/\/officialguides.com\/fi\/laakarimatkailu\/","og_site_name":"Find Your Private Tour Guide Around The World!","og_image":[{"width":1023,"height":373,"url":"https:\/\/officialguides.com\/wp-content\/uploads\/2025\/04\/medical-tourism.jpg","type":"image\/jpeg"}],"twitter_card":"summary_large_image","twitter_misc":{"Arvioitu lukuaika":"2 minuuttia"},"schema":{"@context":"https:\/\/schema.org","@graph":[{"@type":"WebPage","@id":"https:\/\/officialguides.com\/fi\/laakarimatkailu\/","url":"https:\/\/officialguides.com\/fi\/laakarimatkailu\/","name":"Kansainv\u00e4linen L\u00e4\u00e4k\u00e4rimatkailu \u2013 Luotettavat Klinikayhteydet ja Kulttuurikokemukset","isPartOf":{"@id":"https:\/\/officialguides.com\/fi\/#website"},"primaryImageOfPage":{"@id":"https:\/\/officialguides.com\/fi\/laakarimatkailu\/#primaryimage"},"image":{"@id":"https:\/\/officialguides.com\/fi\/laakarimatkailu\/#primaryimage"},"thumbnailUrl":"https:\/\/officialguides.com\/wp-content\/uploads\/2025\/04\/medical-tourism.jpg","datePublished":"2025-04-18T17:03:00+00:00","description":"Tutustu maailman parhaisiin terveydenhuoltomatkailun kohteisiin. Vertaa kansainv\u00e4lisi\u00e4 klinikoita ja yhdist\u00e4 hoito kulttuuriel\u00e4myksiin.","breadcrumb":{"@id":"https:\/\/officialguides.com\/fi\/laakarimatkailu\/#breadcrumb"},"inLanguage":"fi","potentialAction":[{"@type":"ReadAction","target":["https:\/\/officialguides.com\/fi\/laakarimatkailu\/"]}]},{"@type":"ImageObject","inLanguage":"fi","@id":"https:\/\/officialguides.com\/fi\/laakarimatkailu\/#primaryimage","url":"https:\/\/officialguides.com\/wp-content\/uploads\/2025\/04\/medical-tourism.jpg","contentUrl":"https:\/\/officialguides.com\/wp-content\/uploads\/2025\/04\/medical-tourism.jpg","width":1023,"height":373,"caption":"Kansainv\u00e4linen potilas tutkii l\u00e4\u00e4ketietoa kulttuurimatkan aikana"},{"@type":"BreadcrumbList","@id":"https:\/\/officialguides.com\/fi\/laakarimatkailu\/#breadcrumb","itemListElement":[{"@type":"ListItem","position":1,"name":"Home","item":"https:\/\/officialguides.com\/fi\/"},{"@type":"ListItem","position":2,"name":"L\u00e4\u00e4k\u00e4rimatkailu"}]},{"@type":"WebSite","@id":"https:\/\/officialguides.com\/fi\/#website","url":"https:\/\/officialguides.com\/fi\/","name":"Official Tour Guides Around The World! Istanbul, Paris, Rome, Dubai...","description":"Explore cities and popular destinations with professional, official, certified tour guides","alternateName":"Official Guides","potentialAction":[{"@type":"SearchAction","target":{"@type":"EntryPoint","urlTemplate":"https:\/\/officialguides.com\/fi\/?s={search_term_string}"},"query-input":{"@type":"PropertyValueSpecification","valueRequired":true,"valueName":"search_term_string"}}],"inLanguage":"fi"}]}},"_links":{"self":[{"href":"https:\/\/officialguides.com\/fi\/wp-json\/wp\/v2\/pages\/394755","targetHints":{"allow":["GET"]}}],"collection":[{"href":"https:\/\/officialguides.com\/fi\/wp-json\/wp\/v2\/pages"}],"about":[{"href":"https:\/\/officialguides.com\/fi\/wp-json\/wp\/v2\/types\/page"}],"author":[{"embeddable":true,"href":"https:\/\/officialguides.com\/fi\/wp-json\/wp\/v2\/users\/3"}],"replies":[{"embeddable":true,"href":"https:\/\/officialguides.com\/fi\/wp-json\/wp\/v2\/comments?post=394755"}],"version-history":[{"count":0,"href":"https:\/\/officialguides.com\/fi\/wp-json\/wp\/v2\/pages\/394755\/revisions"}],"wp:featuredmedia":[{"embeddable":true,"href":"https:\/\/officialguides.com\/fi\/wp-json\/wp\/v2\/media\/394712"}],"wp:attachment":[{"href":"https:\/\/officialguides.com\/fi\/wp-json\/wp\/v2\/media?parent=394755"}],"curies":[{"name":"wp","href":"https:\/\/api.w.org\/{rel}","templated":true}]}}